{"id":9723,"date":"2022-03-11T19:17:11","date_gmt":"2022-03-11T19:17:11","guid":{"rendered":"https:\/\/stonersmeds.com\/?post_type=product&#038;p=9723"},"modified":"2023-01-05T18:53:12","modified_gmt":"2023-01-05T16:53:12","slug":"buy-sunset-sherbert-shatter-top-shelf","status":"publish","type":"product","link":"https:\/\/trustwhite.com\/sk\/shop\/buy-sunset-sherbert-shatter-top-shelf\/","title":{"rendered":"K\u00fapi\u0165 Sunset Sherbert Shatter - Top Shelf"},"content":{"rendered":"<h1>K\u00fapi\u0165 Sunset Sherbert Shatter - Top Shelf<\/h1>\n<p>Sunset Sherbert, zn\u00e1my aj ako Sherbet, je dedi\u010dom koruny diev\u010densk\u00fdch skautsk\u00fdch su\u0161ienok. Sunset Sherbert zdedila genetick\u00e9 vlastnosti svojich rodi\u010dov, Girl Scout Cookies, ktor\u00fdch genetick\u00e1 l\u00ednia zah\u0155\u0148a OG Kush, Durban Poison a Cherry Pie. T\u00e1to genetika bola potom skr\u00ed\u017een\u00e1 s indick\u00fdm rodi\u010dom zn\u00e1mym ako Pink Panties. Sunset Sherbert kombinuje silu cel\u00e9ho tela s pr\u00edvalom tvorivej energie. Po faj\u010den\u00ed u\u017e\u00edvate\u013e poc\u00edti okam\u017eit\u00fd pr\u00edval energie, v\u00e4\u010d\u0161inou lokalizovan\u00fd v hlave - zanech\u00e1 vo v\u00e1s pocit priate\u013eskosti a \u0161\u0165astia na nieko\u013eko min\u00fat. Ke\u010f sa dostav\u00ed \u00fa\u010dinok, po celom tele sa roz\u0161\u00edri jemn\u00fd hrejiv\u00fd pocit, ktor\u00fd u\u017e\u00edvate\u013ea privedie do stavu \u00fapln\u00e9ho uvo\u013enenia a bla\u017eenej bla\u017eenosti. Siln\u00e9 \u00fa\u010dinky Sunset Sherbert sa pou\u017e\u00edvaj\u00fa na lie\u010dbu depresie, stresu, \u00fazkosti a miernej a\u017e stredne silnej bolesti.<\/p>\n<p>&nbsp;<\/p>\n<pre><strong>K\u00fapi\u0165 Sunset Sherbert Shatter - Top Shelf - k\u00fapi\u0165 Sunset Sherbert Shatter , k\u00fapi\u0165 Sunset Sherbert Shatter usa , k\u00fapi\u0165 Sunset Sherbert Shatter online USA , kde k\u00fapi\u0165 Sunset Sherbert Shatter , Sunset Sherbert Shatter na predaj, Sunset Sherbert Shatter na predaj bl\u00edzko m\u0148a , k\u00fapi\u0165 Sunset Sherbert Shatter online bl\u00edzko m\u0148a , kde k\u00fapi\u0165 Sunset Sherbert Shatter online , Sunset Sherbert Shatter na predaj v usa , USA, kanada,uk, k\u00fapi\u0165, online, dod\u00e1vatelia, bezpe\u010dn\u00e9 dodanie, st\u00e1le m\u00f4\u017eete z\u00edska\u0165 Sunset Sherbert Shatter , Je Sunset Sherbert Shatter leg\u00e1lny v usa, k\u00fapi\u0165 Sunset Sherbert Shatter online usa, ako objedna\u0165 Sunset Sherbert Shatter , Je Sunset Sherbert Shatter leg\u00e1lny v Kanade<\/strong><\/pre>","protected":false},"excerpt":{"rendered":"<ul>\n<li>Celosvetov\u00e1 preprava<\/li>\n<li><strong>Zn\u00e1mka: AAAAA<\/strong><\/li>\n<li>Minim\u00e1lna objedn\u00e1vka je\u00a0<strong>3,5 gramu<\/strong><\/li>\n<li><strong>Kontaktuj n\u00e1s<\/strong>\u00a0pre v\u00e4\u010d\u0161ie objedn\u00e1vky<\/li>\n<\/ul>\n<pre><strong>K\u00fapi\u0165 Sunset Sherbert Shatter - Top Shelf - k\u00fapi\u0165 Sunset Sherbert Shatter , k\u00fapi\u0165 Sunset Sherbert Shatter usa , k\u00fapi\u0165 Sunset Sherbert Shatter online USA , kde k\u00fapi\u0165 Sunset Sherbert Shatter , Sunset Sherbert Shatter na predaj, Sunset Sherbert Shatter na predaj bl\u00edzko m\u0148a , k\u00fapi\u0165 Sunset Sherbert Shatter online bl\u00edzko m\u0148a , kde k\u00fapi\u0165 Sunset Sherbert Shatter online , Sunset Sherbert Shatter na predaj v usa , USA, kanada,uk, k\u00fapi\u0165, online, dod\u00e1vatelia, bezpe\u010dn\u00e9 dodanie, st\u00e1le m\u00f4\u017eete z\u00edska\u0165 Sunset Sherbert Shatter , Je Sunset Sherbert Shatter leg\u00e1lny v usa, k\u00fapi\u0165 Sunset Sherbert Shatter online usa, ako objedna\u0165 Sunset Sherbert Shatter , Je Sunset Sherbert Shatter leg\u00e1lny v Kanade<\/strong><\/pre>","protected":false},"featured_media":9745,"template":"","meta":[],"product_brand":[],"product_cat":[78],"product_tag":[],"class_list":{"0":"post-9723","1":"product","2":"type-product","3":"status-publish","4":"has-post-thumbnail","6":"product_cat-shatter","8":"first","9":"instock","10":"shipping-taxable","11":"purchasable","12":"product-type-variable"},"tiered_pricing_type":"fixed","tiered_pricing_fixed_rules":[],"tiered_pricing_percentage_rules":[],"tiered_pricing_minimum":1,"_administrator_tiered_pricing_type":"fixed","_administrator_tiered_pricing_fixed_rules":[],"_editor_tiered_pricing_type":"fixed","_editor_tiered_pricing_fixed_rules":[],"_author_tiered_pricing_type":"fixed","_author_tiered_pricing_fixed_rules":[],"_contributor_tiered_pricing_type":"fixed","_contributor_tiered_pricing_fixed_rules":[],"_subscriber_tiered_pricing_type":"fixed","_subscriber_tiered_pricing_fixed_rules":[],"_customer_tiered_pricing_type":"fixed","_customer_tiered_pricing_fixed_rules":[],"_shop_manager_tiered_pricing_type":"fixed","_shop_manager_tiered_pricing_fixed_rules":[],"_wpseo_manager_tiered_pricing_type":"fixed","_wpseo_manager_tiered_pricing_fixed_rules":[],"_wpseo_editor_tiered_pricing_type":"fixed","_wpseo_editor_tiered_pricing_fixed_rules":[],"yoast_head":"<!-- This site is optimized with the Yoast SEO plugin v26.8 - https:\/\/yoast.com\/product\/yoast-seo-wordpress\/ -->\n<title>Buy Sunset Sherbert Shatter \u2013 Top Shelf - Cheap price, top quality<\/title>\n<meta name=\"description\" content=\"Buy Sunset Sherbert Shatter Online at an affordable price at stonersmeds. Our hash has high THC, best quality you will find\" \/>\n<meta name=\"robots\" content=\"index, follow, max-snippet:-1, max-image-preview:large, max-video-preview:-1\" \/>\n<link rel=\"canonical\" href=\"https:\/\/trustwhite.com\/sk\/shop\/buy-sunset-sherbert-shatter-top-shelf\/\" \/>\n<meta property=\"og:locale\" content=\"sk_SK\" \/>\n<meta property=\"og:type\" content=\"article\" \/>\n<meta property=\"og:title\" content=\"Buy Sunset Sherbert Shatter \u2013 Top Shelf - Cheap price, top quality\" \/>\n<meta property=\"og:description\" content=\"Buy Sunset Sherbert Shatter Online at an affordable price at stonersmeds. Our hash has high THC, best quality you will find\" \/>\n<meta property=\"og:url\" content=\"https:\/\/trustwhite.com\/sk\/shop\/buy-sunset-sherbert-shatter-top-shelf\/\" \/>\n<meta property=\"og:site_name\" content=\"stonersmeds.com\" \/>\n<meta property=\"article:modified_time\" content=\"2023-01-05T16:53:12+00:00\" \/>\n<meta property=\"og:image\" content=\"https:\/\/trustwhite.com\/wp-content\/uploads\/2022\/03\/Buy-Sunset-Sherbert-Shatter.jpg\" \/>\n\t<meta property=\"og:image:width\" content=\"600\" \/>\n\t<meta property=\"og:image:height\" content=\"600\" \/>\n\t<meta property=\"og:image:type\" content=\"image\/jpeg\" \/>\n<meta name=\"twitter:card\" content=\"summary_large_image\" \/>\n<meta name=\"twitter:label1\" content=\"Predpokladan\u00fd \u010das \u010d\u00edtania\" \/>\n\t<meta name=\"twitter:data1\" content=\"1 min\u00fata\" \/>\n<script type=\"application\/ld+json\" class=\"yoast-schema-graph\">{\"@context\":\"https:\/\/schema.org\",\"@graph\":[{\"@type\":\"WebPage\",\"@id\":\"https:\/\/trustwhite.com\/it\/shop\/buy-sunset-sherbert-shatter-top-shelf\/\",\"url\":\"https:\/\/trustwhite.com\/it\/shop\/buy-sunset-sherbert-shatter-top-shelf\/\",\"name\":\"Buy Sunset Sherbert Shatter \u2013 Top Shelf - Cheap price, top quality\",\"isPartOf\":{\"@id\":\"https:\/\/trustwhite.com\/el\/#website\"},\"primaryImageOfPage\":{\"@id\":\"https:\/\/trustwhite.com\/it\/shop\/buy-sunset-sherbert-shatter-top-shelf\/#primaryimage\"},\"image\":{\"@id\":\"https:\/\/trustwhite.com\/it\/shop\/buy-sunset-sherbert-shatter-top-shelf\/#primaryimage\"},\"thumbnailUrl\":\"https:\/\/trustwhite.com\/wp-content\/uploads\/2022\/03\/Buy-Sunset-Sherbert-Shatter.jpg\",\"datePublished\":\"2022-03-11T19:17:11+00:00\",\"dateModified\":\"2023-01-05T16:53:12+00:00\",\"description\":\"Buy Sunset Sherbert Shatter Online at an affordable price at stonersmeds. Our hash has high THC, best quality you will find\",\"breadcrumb\":{\"@id\":\"https:\/\/trustwhite.com\/it\/shop\/buy-sunset-sherbert-shatter-top-shelf\/#breadcrumb\"},\"inLanguage\":\"sk-SK\",\"potentialAction\":[{\"@type\":\"ReadAction\",\"target\":[\"https:\/\/trustwhite.com\/it\/shop\/buy-sunset-sherbert-shatter-top-shelf\/\"]}]},{\"@type\":\"ImageObject\",\"inLanguage\":\"sk-SK\",\"@id\":\"https:\/\/trustwhite.com\/it\/shop\/buy-sunset-sherbert-shatter-top-shelf\/#primaryimage\",\"url\":\"https:\/\/trustwhite.com\/wp-content\/uploads\/2022\/03\/Buy-Sunset-Sherbert-Shatter.jpg\",\"contentUrl\":\"https:\/\/trustwhite.com\/wp-content\/uploads\/2022\/03\/Buy-Sunset-Sherbert-Shatter.jpg\",\"width\":600,\"height\":600},{\"@type\":\"BreadcrumbList\",\"@id\":\"https:\/\/trustwhite.com\/it\/shop\/buy-sunset-sherbert-shatter-top-shelf\/#breadcrumb\",\"itemListElement\":[{\"@type\":\"ListItem\",\"position\":1,\"name\":\"Home\",\"item\":\"https:\/\/trustwhite.com\/el\/\"},{\"@type\":\"ListItem\",\"position\":2,\"name\":\"Shop\",\"item\":\"https:\/\/trustwhite.com\/el\/shop\/\"},{\"@type\":\"ListItem\",\"position\":3,\"name\":\"Buy Sunset Sherbert Shatter \u2013 Top Shelf\"}]},{\"@type\":\"WebSite\",\"@id\":\"https:\/\/trustwhite.com\/el\/#website\",\"url\":\"https:\/\/trustwhite.com\/el\/\",\"name\":\"stonersmeds.com\",\"description\":\"verschreibungspflichtige Medizin kaufen\",\"potentialAction\":[{\"@type\":\"SearchAction\",\"target\":{\"@type\":\"EntryPoint\",\"urlTemplate\":\"https:\/\/trustwhite.com\/el\/?s={search_term_string}\"},\"query-input\":{\"@type\":\"PropertyValueSpecification\",\"valueRequired\":true,\"valueName\":\"search_term_string\"}}],\"inLanguage\":\"sk-SK\"}]}<\/script>\n<!-- \/ Yoast SEO plugin. -->","yoast_head_json":{"title":"K\u00fapi\u0165 Sunset Sherbert Shatter - Top Shelf - Lacn\u00e1 cena, najvy\u0161\u0161ia kvalita","description":"K\u00fapte si Sunset Sherbert Shatter online za dostupn\u00fa cenu na stonersmeds. N\u00e1\u0161 ha\u0161i\u0161 m\u00e1 vysok\u00fd obsah THC, najlep\u0161iu kvalitu, ak\u00fa n\u00e1jdete","robots":{"index":"index","follow":"follow","max-snippet":"max-snippet:-1","max-image-preview":"max-image-preview:large","max-video-preview":"max-video-preview:-1"},"canonical":"https:\/\/trustwhite.com\/sk\/shop\/buy-sunset-sherbert-shatter-top-shelf\/","og_locale":"sk_SK","og_type":"article","og_title":"Buy Sunset Sherbert Shatter \u2013 Top Shelf - Cheap price, top quality","og_description":"Buy Sunset Sherbert Shatter Online at an affordable price at stonersmeds. Our hash has high THC, best quality you will find","og_url":"https:\/\/trustwhite.com\/sk\/shop\/buy-sunset-sherbert-shatter-top-shelf\/","og_site_name":"stonersmeds.com","article_modified_time":"2023-01-05T16:53:12+00:00","og_image":[{"width":600,"height":600,"url":"https:\/\/trustwhite.com\/wp-content\/uploads\/2022\/03\/Buy-Sunset-Sherbert-Shatter.jpg","type":"image\/jpeg"}],"twitter_card":"summary_large_image","twitter_misc":{"Predpokladan\u00fd \u010das \u010d\u00edtania":"1 min\u00fata"},"schema":{"@context":"https:\/\/schema.org","@graph":[{"@type":"WebPage","@id":"https:\/\/trustwhite.com\/it\/shop\/buy-sunset-sherbert-shatter-top-shelf\/","url":"https:\/\/trustwhite.com\/it\/shop\/buy-sunset-sherbert-shatter-top-shelf\/","name":"K\u00fapi\u0165 Sunset Sherbert Shatter - Top Shelf - Lacn\u00e1 cena, najvy\u0161\u0161ia kvalita","isPartOf":{"@id":"https:\/\/trustwhite.com\/el\/#website"},"primaryImageOfPage":{"@id":"https:\/\/trustwhite.com\/it\/shop\/buy-sunset-sherbert-shatter-top-shelf\/#primaryimage"},"image":{"@id":"https:\/\/trustwhite.com\/it\/shop\/buy-sunset-sherbert-shatter-top-shelf\/#primaryimage"},"thumbnailUrl":"https:\/\/trustwhite.com\/wp-content\/uploads\/2022\/03\/Buy-Sunset-Sherbert-Shatter.jpg","datePublished":"2022-03-11T19:17:11+00:00","dateModified":"2023-01-05T16:53:12+00:00","description":"K\u00fapte si Sunset Sherbert Shatter online za dostupn\u00fa cenu na stonersmeds. N\u00e1\u0161 ha\u0161i\u0161 m\u00e1 vysok\u00fd obsah THC, najlep\u0161iu kvalitu, ak\u00fa n\u00e1jdete","breadcrumb":{"@id":"https:\/\/trustwhite.com\/it\/shop\/buy-sunset-sherbert-shatter-top-shelf\/#breadcrumb"},"inLanguage":"sk-SK","potentialAction":[{"@type":"ReadAction","target":["https:\/\/trustwhite.com\/it\/shop\/buy-sunset-sherbert-shatter-top-shelf\/"]}]},{"@type":"ImageObject","inLanguage":"sk-SK","@id":"https:\/\/trustwhite.com\/it\/shop\/buy-sunset-sherbert-shatter-top-shelf\/#primaryimage","url":"https:\/\/trustwhite.com\/wp-content\/uploads\/2022\/03\/Buy-Sunset-Sherbert-Shatter.jpg","contentUrl":"https:\/\/trustwhite.com\/wp-content\/uploads\/2022\/03\/Buy-Sunset-Sherbert-Shatter.jpg","width":600,"height":600},{"@type":"BreadcrumbList","@id":"https:\/\/trustwhite.com\/it\/shop\/buy-sunset-sherbert-shatter-top-shelf\/#breadcrumb","itemListElement":[{"@type":"ListItem","position":1,"name":"Home","item":"https:\/\/trustwhite.com\/el\/"},{"@type":"ListItem","position":2,"name":"Shop","item":"https:\/\/trustwhite.com\/el\/shop\/"},{"@type":"ListItem","position":3,"name":"Buy Sunset Sherbert Shatter \u2013 Top Shelf"}]},{"@type":"WebSite","@id":"https:\/\/trustwhite.com\/el\/#website","url":"https:\/\/trustwhite.com\/el\/","name":"stonersmeds.com","description":"verschreibungspflichtige Medizin kaufen","potentialAction":[{"@type":"SearchAction","target":{"@type":"EntryPoint","urlTemplate":"https:\/\/trustwhite.com\/el\/?s={search_term_string}"},"query-input":{"@type":"PropertyValueSpecification","valueRequired":true,"valueName":"search_term_string"}}],"inLanguage":"sk-SK"}]}},"_links":{"self":[{"href":"https:\/\/trustwhite.com\/sk\/wp-json\/wp\/v2\/product\/9723","targetHints":{"allow":["GET"]}}],"collection":[{"href":"https:\/\/trustwhite.com\/sk\/wp-json\/wp\/v2\/product"}],"about":[{"href":"https:\/\/trustwhite.com\/sk\/wp-json\/wp\/v2\/types\/product"}],"version-history":[{"count":0,"href":"https:\/\/trustwhite.com\/sk\/wp-json\/wp\/v2\/product\/9723\/revisions"}],"wp:featuredmedia":[{"embeddable":true,"href":"https:\/\/trustwhite.com\/sk\/wp-json\/wp\/v2\/media\/9745"}],"wp:attachment":[{"href":"https:\/\/trustwhite.com\/sk\/wp-json\/wp\/v2\/media?parent=9723"}],"wp:term":[{"taxonomy":"product_brand","embeddable":true,"href":"https:\/\/trustwhite.com\/sk\/wp-json\/wp\/v2\/product_brand?post=9723"},{"taxonomy":"product_cat","embeddable":true,"href":"https:\/\/trustwhite.com\/sk\/wp-json\/wp\/v2\/product_cat?post=9723"},{"taxonomy":"product_tag","embeddable":true,"href":"https:\/\/trustwhite.com\/sk\/wp-json\/wp\/v2\/product_tag?post=9723"}],"curies":[{"name":"wp","href":"https:\/\/api.w.org\/{rel}","templated":true}]}}