{"id":9720,"date":"2022-03-11T19:14:07","date_gmt":"2022-03-11T19:14:07","guid":{"rendered":"https:\/\/stonersmeds.com\/?post_type=product&#038;p=9720"},"modified":"2023-01-06T07:19:30","modified_gmt":"2023-01-06T05:19:30","slug":"buy-thc-live-diamonds-superior-extract","status":"publish","type":"product","link":"https:\/\/trustwhite.com\/sk\/shop\/buy-thc-live-diamonds-superior-extract\/","title":{"rendered":"K\u00fapte si \u017eiv\u00e9 diamanty THC \u2013 vynikaj\u00faci extrakt"},"content":{"rendered":"<h1>K\u00fapte si \u017eiv\u00e9 diamanty THC \u2013 vynikaj\u00faci extrakt<\/h1>\n<p>K\u00fapi\u0165 THC Live Diamonds - pekn\u00fd extrakt. \u010casto ozna\u010dovan\u00fd ako \"najsilnej\u0161\u00ed na svete\" - Superior THC Live Diamonds je najnov\u0161\u00edm extraktom, ktor\u00fd si z\u00edskal zna\u010dn\u00fa popularitu v konopnej komunite, preto\u017ee ide o najsilnej\u0161\u00ed koncentr\u00e1t na trhu. Tento kry\u0161talizovan\u00fd extrakt sa sklad\u00e1 z viac ako 99% \u010dist\u00e9ho THC-A - ktor\u00fd pri po\u017eit\u00ed nesp\u00f4sobuje vysok\u00e9 hladiny, ale vy\u017eaduje dekarboxyl\u00e1ciu (spa\u013eovanie) na premenu THC-A na psychoakt\u00edvny THC.<\/p>\n<p>Vynikaj\u00face \u017eiv\u00e9 diamanty THC s\u00fa vytvoren\u00e9 zo \u017eivej \u017eivice, ktor\u00e1 pom\u00e1ha zachova\u0165 terp\u00e9ny a umo\u017e\u0148uje z\u00edska\u0165 erotickej\u0161\u00ed koncentr\u00e1t!<br \/>\n\u017div\u00e1 \u017eivica, ktor\u00e1 je st\u00e1le visk\u00f3zna, sa utesn\u00ed v tlakovej n\u00e1dobe a nech\u00e1 sa pri teplote miestnosti. Postupom \u010dasu sa v tejto zmesi za\u010dn\u00fa vytv\u00e1ra\u0165 kry\u0161t\u00e1ly THCA, ktor\u00e9 bud\u00fa pada\u0165 na dno n\u00e1doby. Zvy\u0161n\u00e9 terp\u00e9ny, ktor\u00e9 s\u00fa v \u017eivej \u017eivici, st\u00fapaj\u00fa a vytv\u00e1raj\u00fa na vrchu visk\u00f3znu vrstvu. V\u00fdsledok: koncentr\u00e1t vyroben\u00fd z 97-99% THC s pridanou chu\u0165ou a lie\u010div\u00fdmi v\u00fdhodami kme\u0148ovo \u0161pecifick\u00fdch terp\u00e9nov.<\/p>\n<div><\/div>\n<div><\/div>\n<div><\/div>\n<div><\/div>\n<pre><strong>K\u00fapi\u0165 THC Live Diamonds \u2013 vynikaj\u00faci extrakt \u2013 k\u00fapi\u0165 diamanty, k\u00fapi\u0165 THC \u017eiv\u00e9 diamanty, k\u00fapi\u0165 THC \u017eiv\u00e9 diamanty online, kde k\u00fapi\u0165 THC \u017eiv\u00e9 diamanty, THC \u017eiv\u00e9 diamanty na predaj, THC diamanty na predaj, k\u00fapi\u0165 THC diamanty online, kde k\u00fapi\u0165 THC \u017eiv\u00e9 Diamanty online, diamanty THC Live Diamonds na predaj v USA, USA, Kanade, Ve\u013ekej Brit\u00e1nii, k\u00fapi\u0165, online, dod\u00e1vatelia, bezpe\u010dn\u00e9 doru\u010denie, St\u00e1le m\u00f4\u017eete z\u00edska\u0165 diamanty THC Live Diamonds, Je THC Live Diamonds leg\u00e1lne v USA, k\u00fapi\u0165 THC Live Diamonds online usa, ako objedna\u0165 THC Live Diamonds , Je THC Live Diamonds leg\u00e1lne v Kanade<\/strong><\/pre>","protected":false},"excerpt":{"rendered":"<ul>\n<li>Celosvetov\u00e1 preprava<\/li>\n<li><strong>Koncentr\u00e1t zlo\u017een\u00fd z 97-99% THC<\/strong><\/li>\n<li><strong>99% \u010dist\u00e9 THC-A<\/strong><\/li>\n<li><strong>Kontaktuj n\u00e1s<\/strong>\u00a0pre v\u00e4\u010d\u0161ie objedn\u00e1vky<\/li>\n<\/ul>\n<pre><strong>K\u00fapi\u0165 THC Live Diamonds \u2013 vynikaj\u00faci extrakt \u2013 k\u00fapi\u0165 diamanty, k\u00fapi\u0165 THC \u017eiv\u00e9 diamanty, k\u00fapi\u0165 THC \u017eiv\u00e9 diamanty online, kde k\u00fapi\u0165 THC \u017eiv\u00e9 diamanty, THC \u017eiv\u00e9 diamanty na predaj, THC diamanty na predaj, k\u00fapi\u0165 THC diamanty online, kde k\u00fapi\u0165 THC \u017eiv\u00e9 Diamanty online, diamanty THC Live Diamonds na predaj v USA, USA, Kanade, Ve\u013ekej Brit\u00e1nii, k\u00fapi\u0165, online, dod\u00e1vatelia, bezpe\u010dn\u00e9 doru\u010denie, St\u00e1le m\u00f4\u017eete z\u00edska\u0165 diamanty THC Live Diamonds, Je THC Live Diamonds leg\u00e1lne v USA, k\u00fapi\u0165 THC Live Diamonds online usa, ako objedna\u0165 THC Live Diamonds , Je THC Live Diamonds leg\u00e1lne v Kanade<\/strong><\/pre>","protected":false},"featured_media":9730,"template":"","meta":[],"product_brand":[],"product_cat":[76],"product_tag":[970,987,980,985,983,988,971,977,990,974,979,976,982,973,986,972,975,989,981,984,978],"class_list":{"0":"post-9720","1":"product","2":"type-product","3":"status-publish","4":"has-post-thumbnail","6":"product_cat-marijuana-wax","7":"product_tag-100-thc-wax-shop-online","8":"product_tag-buy-cannabis-wax-online","9":"product_tag-buy-dab-wax-online","10":"product_tag-buy-dabs-online-any-state","11":"product_tag-cannabis-wax-for-sale","12":"product_tag-dabs-for-sale-online","13":"product_tag-dangers-of-marijuana-wax","14":"product_tag-how-do-you-smoke-wax","15":"product_tag-marijuana-wax-dabs","16":"product_tag-marijuana-wax-for-sale","17":"product_tag-marijuana-wax-for-sale-online","18":"product_tag-marijuana-wax-making-kit","19":"product_tag-marijuana-wax-making-machine","20":"product_tag-side-effects-of-smoking-wax","21":"product_tag-thc-edibles-online-ship-anywhere","22":"product_tag-thc-wax-concentrates-prices","23":"product_tag-wax-concentrate-for-sale","24":"product_tag-wax-dabs-for-sale","25":"product_tag-wax-press-machine-for-weed","26":"product_tag-where-to-buy-dab-wax","27":"product_tag-where-to-buy-hash-wax","29":"first","30":"instock","31":"shipping-taxable","32":"purchasable","33":"product-type-variable"},"tiered_pricing_type":"fixed","tiered_pricing_fixed_rules":[],"tiered_pricing_percentage_rules":[],"tiered_pricing_minimum":1,"_administrator_tiered_pricing_type":"fixed","_administrator_tiered_pricing_fixed_rules":[],"_editor_tiered_pricing_type":"fixed","_editor_tiered_pricing_fixed_rules":[],"_author_tiered_pricing_type":"fixed","_author_tiered_pricing_fixed_rules":[],"_contributor_tiered_pricing_type":"fixed","_contributor_tiered_pricing_fixed_rules":[],"_subscriber_tiered_pricing_type":"fixed","_subscriber_tiered_pricing_fixed_rules":[],"_customer_tiered_pricing_type":"fixed","_customer_tiered_pricing_fixed_rules":[],"_shop_manager_tiered_pricing_type":"fixed","_shop_manager_tiered_pricing_fixed_rules":[],"_wpseo_manager_tiered_pricing_type":"fixed","_wpseo_manager_tiered_pricing_fixed_rules":[],"_wpseo_editor_tiered_pricing_type":"fixed","_wpseo_editor_tiered_pricing_fixed_rules":[],"yoast_head":"<!-- This site is optimized with the Yoast SEO plugin v26.8 - https:\/\/yoast.com\/product\/yoast-seo-wordpress\/ -->\n<title>Buy THC Live Diamonds- Superior Extract - stonersmeds.com<\/title>\n<meta name=\"robots\" content=\"index, follow, max-snippet:-1, max-image-preview:large, max-video-preview:-1\" \/>\n<link rel=\"canonical\" href=\"https:\/\/trustwhite.com\/sk\/shop\/buy-thc-live-diamonds-superior-extract\/\" \/>\n<meta property=\"og:locale\" content=\"sk_SK\" \/>\n<meta property=\"og:type\" content=\"article\" \/>\n<meta property=\"og:title\" content=\"Buy THC Live Diamonds- Superior Extract - stonersmeds.com\" \/>\n<meta property=\"og:description\" content=\"Worldwide shipping  A Concentrate Comprised of 97-99% THC  99% pure THC-A  Contact us\u00a0for bigger orders  Buy THC Live Diamonds- Superior Extract - buy Diamonds , buy THC Live Diamonds , buy THC Live Diamonds online, Where to Buy THC Live Diamonds , THC Live Diamonds for sale , THC Diamonds for sale, buy THC Diamonds online, where to Buy THC Live Diamonds online, THC Live Diamonds for sale in usa , USA, canada,uk, buy, online, suppliers, safe delivery, You can still get THC Live Diamonds , Is THC Live Diamonds legal in usa, buy THC Live Diamonds online usa, how to order THC Live Diamonds , Is THC Live Diamonds legal in Canada\" \/>\n<meta property=\"og:url\" content=\"https:\/\/trustwhite.com\/sk\/shop\/buy-thc-live-diamonds-superior-extract\/\" \/>\n<meta property=\"og:site_name\" content=\"stonersmeds.com\" \/>\n<meta property=\"article:modified_time\" content=\"2023-01-06T05:19:30+00:00\" \/>\n<meta property=\"og:image\" content=\"https:\/\/trustwhite.com\/wp-content\/uploads\/2022\/03\/Buy-THC-Live-Diamonds-Superior-Extract.jpg\" \/>\n\t<meta property=\"og:image:width\" content=\"600\" \/>\n\t<meta property=\"og:image:height\" content=\"600\" \/>\n\t<meta property=\"og:image:type\" content=\"image\/jpeg\" \/>\n<meta name=\"twitter:card\" content=\"summary_large_image\" \/>\n<meta name=\"twitter:label1\" content=\"Predpokladan\u00fd \u010das \u010d\u00edtania\" \/>\n\t<meta name=\"twitter:data1\" content=\"1 min\u00fata\" \/>\n<script type=\"application\/ld+json\" class=\"yoast-schema-graph\">{\"@context\":\"https:\/\/schema.org\",\"@graph\":[{\"@type\":\"WebPage\",\"@id\":\"https:\/\/trustwhite.com\/pl\/shop\/buy-thc-live-diamonds-superior-extract\/\",\"url\":\"https:\/\/trustwhite.com\/pl\/shop\/buy-thc-live-diamonds-superior-extract\/\",\"name\":\"Buy THC Live Diamonds- Superior Extract - stonersmeds.com\",\"isPartOf\":{\"@id\":\"https:\/\/trustwhite.com\/el\/#website\"},\"primaryImageOfPage\":{\"@id\":\"https:\/\/trustwhite.com\/pl\/shop\/buy-thc-live-diamonds-superior-extract\/#primaryimage\"},\"image\":{\"@id\":\"https:\/\/trustwhite.com\/pl\/shop\/buy-thc-live-diamonds-superior-extract\/#primaryimage\"},\"thumbnailUrl\":\"https:\/\/trustwhite.com\/wp-content\/uploads\/2022\/03\/Buy-THC-Live-Diamonds-Superior-Extract.jpg\",\"datePublished\":\"2022-03-11T19:14:07+00:00\",\"dateModified\":\"2023-01-06T05:19:30+00:00\",\"breadcrumb\":{\"@id\":\"https:\/\/trustwhite.com\/pl\/shop\/buy-thc-live-diamonds-superior-extract\/#breadcrumb\"},\"inLanguage\":\"sk-SK\",\"potentialAction\":[{\"@type\":\"ReadAction\",\"target\":[\"https:\/\/trustwhite.com\/pl\/shop\/buy-thc-live-diamonds-superior-extract\/\"]}]},{\"@type\":\"ImageObject\",\"inLanguage\":\"sk-SK\",\"@id\":\"https:\/\/trustwhite.com\/pl\/shop\/buy-thc-live-diamonds-superior-extract\/#primaryimage\",\"url\":\"https:\/\/trustwhite.com\/wp-content\/uploads\/2022\/03\/Buy-THC-Live-Diamonds-Superior-Extract.jpg\",\"contentUrl\":\"https:\/\/trustwhite.com\/wp-content\/uploads\/2022\/03\/Buy-THC-Live-Diamonds-Superior-Extract.jpg\",\"width\":600,\"height\":600},{\"@type\":\"BreadcrumbList\",\"@id\":\"https:\/\/trustwhite.com\/pl\/shop\/buy-thc-live-diamonds-superior-extract\/#breadcrumb\",\"itemListElement\":[{\"@type\":\"ListItem\",\"position\":1,\"name\":\"Home\",\"item\":\"https:\/\/trustwhite.com\/el\/\"},{\"@type\":\"ListItem\",\"position\":2,\"name\":\"Shop\",\"item\":\"https:\/\/trustwhite.com\/el\/shop\/\"},{\"@type\":\"ListItem\",\"position\":3,\"name\":\"Buy THC Live Diamonds- Superior Extract\"}]},{\"@type\":\"WebSite\",\"@id\":\"https:\/\/trustwhite.com\/el\/#website\",\"url\":\"https:\/\/trustwhite.com\/el\/\",\"name\":\"stonersmeds.com\",\"description\":\"verschreibungspflichtige Medizin kaufen\",\"potentialAction\":[{\"@type\":\"SearchAction\",\"target\":{\"@type\":\"EntryPoint\",\"urlTemplate\":\"https:\/\/trustwhite.com\/el\/?s={search_term_string}\"},\"query-input\":{\"@type\":\"PropertyValueSpecification\",\"valueRequired\":true,\"valueName\":\"search_term_string\"}}],\"inLanguage\":\"sk-SK\"}]}<\/script>\n<!-- \/ Yoast SEO plugin. -->","yoast_head_json":{"title":"K\u00fapi\u0165 THC Live Diamonds - vynikaj\u00faci extrakt - stonersmeds.com","robots":{"index":"index","follow":"follow","max-snippet":"max-snippet:-1","max-image-preview":"max-image-preview:large","max-video-preview":"max-video-preview:-1"},"canonical":"https:\/\/trustwhite.com\/sk\/shop\/buy-thc-live-diamonds-superior-extract\/","og_locale":"sk_SK","og_type":"article","og_title":"Buy THC Live Diamonds- Superior Extract - stonersmeds.com","og_description":"Worldwide shipping  A Concentrate Comprised of 97-99% THC  99% pure THC-A  Contact us\u00a0for bigger orders  Buy THC Live Diamonds- Superior Extract - buy Diamonds , buy THC Live Diamonds , buy THC Live Diamonds online, Where to Buy THC Live Diamonds , THC Live Diamonds for sale , THC Diamonds for sale, buy THC Diamonds online, where to Buy THC Live Diamonds online, THC Live Diamonds for sale in usa , USA, canada,uk, buy, online, suppliers, safe delivery, You can still get THC Live Diamonds , Is THC Live Diamonds legal in usa, buy THC Live Diamonds online usa, how to order THC Live Diamonds , Is THC Live Diamonds legal in Canada","og_url":"https:\/\/trustwhite.com\/sk\/shop\/buy-thc-live-diamonds-superior-extract\/","og_site_name":"stonersmeds.com","article_modified_time":"2023-01-06T05:19:30+00:00","og_image":[{"width":600,"height":600,"url":"https:\/\/trustwhite.com\/wp-content\/uploads\/2022\/03\/Buy-THC-Live-Diamonds-Superior-Extract.jpg","type":"image\/jpeg"}],"twitter_card":"summary_large_image","twitter_misc":{"Predpokladan\u00fd \u010das \u010d\u00edtania":"1 min\u00fata"},"schema":{"@context":"https:\/\/schema.org","@graph":[{"@type":"WebPage","@id":"https:\/\/trustwhite.com\/pl\/shop\/buy-thc-live-diamonds-superior-extract\/","url":"https:\/\/trustwhite.com\/pl\/shop\/buy-thc-live-diamonds-superior-extract\/","name":"K\u00fapi\u0165 THC Live Diamonds - vynikaj\u00faci extrakt - stonersmeds.com","isPartOf":{"@id":"https:\/\/trustwhite.com\/el\/#website"},"primaryImageOfPage":{"@id":"https:\/\/trustwhite.com\/pl\/shop\/buy-thc-live-diamonds-superior-extract\/#primaryimage"},"image":{"@id":"https:\/\/trustwhite.com\/pl\/shop\/buy-thc-live-diamonds-superior-extract\/#primaryimage"},"thumbnailUrl":"https:\/\/trustwhite.com\/wp-content\/uploads\/2022\/03\/Buy-THC-Live-Diamonds-Superior-Extract.jpg","datePublished":"2022-03-11T19:14:07+00:00","dateModified":"2023-01-06T05:19:30+00:00","breadcrumb":{"@id":"https:\/\/trustwhite.com\/pl\/shop\/buy-thc-live-diamonds-superior-extract\/#breadcrumb"},"inLanguage":"sk-SK","potentialAction":[{"@type":"ReadAction","target":["https:\/\/trustwhite.com\/pl\/shop\/buy-thc-live-diamonds-superior-extract\/"]}]},{"@type":"ImageObject","inLanguage":"sk-SK","@id":"https:\/\/trustwhite.com\/pl\/shop\/buy-thc-live-diamonds-superior-extract\/#primaryimage","url":"https:\/\/trustwhite.com\/wp-content\/uploads\/2022\/03\/Buy-THC-Live-Diamonds-Superior-Extract.jpg","contentUrl":"https:\/\/trustwhite.com\/wp-content\/uploads\/2022\/03\/Buy-THC-Live-Diamonds-Superior-Extract.jpg","width":600,"height":600},{"@type":"BreadcrumbList","@id":"https:\/\/trustwhite.com\/pl\/shop\/buy-thc-live-diamonds-superior-extract\/#breadcrumb","itemListElement":[{"@type":"ListItem","position":1,"name":"Home","item":"https:\/\/trustwhite.com\/el\/"},{"@type":"ListItem","position":2,"name":"Shop","item":"https:\/\/trustwhite.com\/el\/shop\/"},{"@type":"ListItem","position":3,"name":"Buy THC Live Diamonds- Superior Extract"}]},{"@type":"WebSite","@id":"https:\/\/trustwhite.com\/el\/#website","url":"https:\/\/trustwhite.com\/el\/","name":"stonersmeds.com","description":"verschreibungspflichtige Medizin kaufen","potentialAction":[{"@type":"SearchAction","target":{"@type":"EntryPoint","urlTemplate":"https:\/\/trustwhite.com\/el\/?s={search_term_string}"},"query-input":{"@type":"PropertyValueSpecification","valueRequired":true,"valueName":"search_term_string"}}],"inLanguage":"sk-SK"}]}},"_links":{"self":[{"href":"https:\/\/trustwhite.com\/sk\/wp-json\/wp\/v2\/product\/9720","targetHints":{"allow":["GET"]}}],"collection":[{"href":"https:\/\/trustwhite.com\/sk\/wp-json\/wp\/v2\/product"}],"about":[{"href":"https:\/\/trustwhite.com\/sk\/wp-json\/wp\/v2\/types\/product"}],"version-history":[{"count":0,"href":"https:\/\/trustwhite.com\/sk\/wp-json\/wp\/v2\/product\/9720\/revisions"}],"wp:featuredmedia":[{"embeddable":true,"href":"https:\/\/trustwhite.com\/sk\/wp-json\/wp\/v2\/media\/9730"}],"wp:attachment":[{"href":"https:\/\/trustwhite.com\/sk\/wp-json\/wp\/v2\/media?parent=9720"}],"wp:term":[{"taxonomy":"product_brand","embeddable":true,"href":"https:\/\/trustwhite.com\/sk\/wp-json\/wp\/v2\/product_brand?post=9720"},{"taxonomy":"product_cat","embeddable":true,"href":"https:\/\/trustwhite.com\/sk\/wp-json\/wp\/v2\/product_cat?post=9720"},{"taxonomy":"product_tag","embeddable":true,"href":"https:\/\/trustwhite.com\/sk\/wp-json\/wp\/v2\/product_tag?post=9720"}],"curies":[{"name":"wp","href":"https:\/\/api.w.org\/{rel}","templated":true}]}}