{"id":9689,"date":"2022-03-11T19:03:49","date_gmt":"2022-03-11T19:03:49","guid":{"rendered":"https:\/\/stonersmeds.com\/?post_type=product&#038;p=9689"},"modified":"2023-03-06T10:00:16","modified_gmt":"2023-03-06T08:00:16","slug":"buy-maui-wowie-budder-top-shelf","status":"publish","type":"product","link":"https:\/\/trustwhite.com\/sk\/shop\/buy-maui-wowie-budder-top-shelf\/","title":{"rendered":"K\u00fapi\u0165 Maui Wowie Budder - Top Shelf"},"content":{"rendered":"<h1>K\u00fapi\u0165 Maui Wowie Budder - Top Shelf<\/h1>\n<p>Maui Wowie je dominantn\u00fd kme\u0148 sativa, ktor\u00fd bol prv\u00fdkr\u00e1t vypestovan\u00fd na \u00farodnej sope\u010dnej p\u00f4de Havajsk\u00fdch ostrovov. Je to jemn\u00e1 sativa, pri ktorej budete sn\u00edva\u0165 o tropick\u00fdch pieso\u010dnat\u00fdch pl\u00e1\u017each Havaja a \u010derstvom, \u0161\u0165avnatom anan\u00e1se. Ob\u013e\u00faben\u00e1 medzi znalcami pre svoju intenz\u00edvne sladk\u00fa anan\u00e1sov\u00fa ar\u00f3mu a euf\u00f3riu vyvol\u00e1vaj\u00facu energiu. Zistilo sa, \u017ee tento kme\u0148 zvy\u0161uje kreat\u00edvny tok a umo\u017e\u0148uje mysli putova\u0165 s \u013eahkos\u0165ou a pokojom - v\u010faka tomu je tento kme\u0148 vynikaj\u00faci na rann\u00e9\/denn\u00e9 u\u017e\u00edvanie. V spojen\u00ed so zv\u00fd\u0161en\u00edm s\u00fastredenia a zlep\u0161en\u00edm celkovej n\u00e1lady je Maui Waui pomerne \u00fa\u010dinn\u00fd pri lie\u010dbe stavov, ako je stres, \u00fazkos\u0165 a depresia.<\/p>\n<p>&nbsp;<\/p>\n<p>&nbsp;<\/p>\n<p>&nbsp;<\/p>\n<pre><strong>K\u00fapi\u0165 Maui Wowie Budder - Top Shelf - k\u00fapi\u0165 Maui Budder , k\u00fapi\u0165 Maui Wowie Budder , k\u00fapi\u0165 Maui Wowie Budder online, kde k\u00fapi\u0165 Maui Wowie Budder , Maui Wowie Budder na predaj, Wowie Budder na predaj, k\u00fapi\u0165 Maui Budder online, kde k\u00fapi\u0165 Maui Wowie Budder online, Maui Wowie Budder na predaj v usa , USA, kanada,uk, k\u00fapi\u0165, online, dod\u00e1vatelia, bezpe\u010dn\u00e9 dodanie, st\u00e1le m\u00f4\u017eete z\u00edska\u0165 Maui Wowie Budder , Je Maui Wowie Budder leg\u00e1lne v usa, k\u00fapi\u0165 Maui Wowie Budder online usa, ako objedna\u0165 Maui Wowie Budder , Je Maui Wowie Budder leg\u00e1lne v Kanade<\/strong><\/pre>","protected":false},"excerpt":{"rendered":"<ul>\n<li>Celosvetov\u00e1 preprava<\/li>\n<li><strong>Zn\u00e1mka: AAAAA<\/strong><\/li>\n<li>Minim\u00e1lne mno\u017estvo objedn\u00e1vky je\u00a0<strong>3<\/strong><\/li>\n<li><strong>Kontaktuj n\u00e1s<\/strong>\u00a0pre v\u00e4\u010d\u0161ie objedn\u00e1vky<\/li>\n<\/ul>\n<pre><\/pre>","protected":false},"featured_media":9702,"template":"","meta":[],"product_brand":[],"product_cat":[76],"product_tag":[1004,1003,996,992,993,998,991,1001,994,1002,1000,997,995,1006,1005,999],"class_list":{"0":"post-9689","1":"product","2":"type-product","3":"status-publish","4":"has-post-thumbnail","6":"product_cat-marijuana-wax","7":"product_tag-best-cannabis-butter-recipe","8":"product_tag-best-way-to-make-cannabutter","9":"product_tag-buy-cannabutter-glasgow","10":"product_tag-cannabis-butter-near-me","11":"product_tag-cannabis-cooking-oil-for-sale","12":"product_tag-cannabutter-recipe","13":"product_tag-how-much-does-cannabutter-cost","14":"product_tag-how-much-is-cannabutter-cost","15":"product_tag-how-to-make-cannabutter","16":"product_tag-how-to-make-cannabutter-in-crock-pot","17":"product_tag-how-to-make-strong-cannabutter","18":"product_tag-price-of-cannabutter","19":"product_tag-thc-butter-cost","20":"product_tag-weed-butter-cost","21":"product_tag-weed-butter-price","22":"product_tag-where-to-buy-cannabis-butter","24":"first","25":"instock","26":"shipping-taxable","27":"purchasable","28":"product-type-variable"},"tiered_pricing_type":"fixed","tiered_pricing_fixed_rules":[],"tiered_pricing_percentage_rules":[],"tiered_pricing_minimum":1,"_administrator_tiered_pricing_type":"fixed","_administrator_tiered_pricing_fixed_rules":[],"_editor_tiered_pricing_type":"fixed","_editor_tiered_pricing_fixed_rules":[],"_author_tiered_pricing_type":"fixed","_author_tiered_pricing_fixed_rules":[],"_contributor_tiered_pricing_type":"fixed","_contributor_tiered_pricing_fixed_rules":[],"_subscriber_tiered_pricing_type":"fixed","_subscriber_tiered_pricing_fixed_rules":[],"_customer_tiered_pricing_type":"fixed","_customer_tiered_pricing_fixed_rules":[],"_shop_manager_tiered_pricing_type":"fixed","_shop_manager_tiered_pricing_fixed_rules":[],"_wpseo_manager_tiered_pricing_type":"fixed","_wpseo_manager_tiered_pricing_fixed_rules":[],"_wpseo_editor_tiered_pricing_type":"fixed","_wpseo_editor_tiered_pricing_fixed_rules":[],"yoast_head":"<!-- This site is optimized with the Yoast SEO plugin v26.8 - https:\/\/yoast.com\/product\/yoast-seo-wordpress\/ -->\n<title>Buy Maui Wowie Budder \u2013 Top Shelf - stonersmeds.com<\/title>\n<meta name=\"robots\" content=\"index, follow, max-snippet:-1, max-image-preview:large, max-video-preview:-1\" \/>\n<link rel=\"canonical\" href=\"https:\/\/trustwhite.com\/sk\/shop\/buy-maui-wowie-budder-top-shelf\/\" \/>\n<meta property=\"og:locale\" content=\"sk_SK\" \/>\n<meta property=\"og:type\" content=\"article\" \/>\n<meta property=\"og:title\" content=\"Buy Maui Wowie Budder \u2013 Top Shelf - stonersmeds.com\" \/>\n<meta property=\"og:description\" content=\"Worldwide shipping  Grade: AAAAA  Minimum order quantity is\u00a03  Contact us\u00a0for bigger orders\" \/>\n<meta property=\"og:url\" content=\"https:\/\/trustwhite.com\/sk\/shop\/buy-maui-wowie-budder-top-shelf\/\" \/>\n<meta property=\"og:site_name\" content=\"stonersmeds.com\" \/>\n<meta property=\"article:modified_time\" content=\"2023-03-06T08:00:16+00:00\" \/>\n<meta property=\"og:image\" content=\"https:\/\/trustwhite.com\/wp-content\/uploads\/2022\/03\/Buy-Maui-Wowie-Budder.jpg\" \/>\n\t<meta property=\"og:image:width\" content=\"600\" \/>\n\t<meta property=\"og:image:height\" content=\"600\" \/>\n\t<meta property=\"og:image:type\" content=\"image\/jpeg\" \/>\n<meta name=\"twitter:card\" content=\"summary_large_image\" \/>\n<meta name=\"twitter:label1\" content=\"Predpokladan\u00fd \u010das \u010d\u00edtania\" \/>\n\t<meta name=\"twitter:data1\" content=\"1 min\u00fata\" \/>\n<script type=\"application\/ld+json\" class=\"yoast-schema-graph\">{\"@context\":\"https:\/\/schema.org\",\"@graph\":[{\"@type\":\"WebPage\",\"@id\":\"https:\/\/trustwhite.com\/shop\/buy-maui-wowie-budder-top-shelf\/\",\"url\":\"https:\/\/trustwhite.com\/shop\/buy-maui-wowie-budder-top-shelf\/\",\"name\":\"Buy Maui Wowie Budder \u2013 Top Shelf - stonersmeds.com\",\"isPartOf\":{\"@id\":\"https:\/\/trustwhite.com\/el\/#website\"},\"primaryImageOfPage\":{\"@id\":\"https:\/\/trustwhite.com\/shop\/buy-maui-wowie-budder-top-shelf\/#primaryimage\"},\"image\":{\"@id\":\"https:\/\/trustwhite.com\/shop\/buy-maui-wowie-budder-top-shelf\/#primaryimage\"},\"thumbnailUrl\":\"https:\/\/trustwhite.com\/wp-content\/uploads\/2022\/03\/Buy-Maui-Wowie-Budder.jpg\",\"datePublished\":\"2022-03-11T19:03:49+00:00\",\"dateModified\":\"2023-03-06T08:00:16+00:00\",\"breadcrumb\":{\"@id\":\"https:\/\/trustwhite.com\/shop\/buy-maui-wowie-budder-top-shelf\/#breadcrumb\"},\"inLanguage\":\"sk-SK\",\"potentialAction\":[{\"@type\":\"ReadAction\",\"target\":[\"https:\/\/trustwhite.com\/shop\/buy-maui-wowie-budder-top-shelf\/\"]}]},{\"@type\":\"ImageObject\",\"inLanguage\":\"sk-SK\",\"@id\":\"https:\/\/trustwhite.com\/shop\/buy-maui-wowie-budder-top-shelf\/#primaryimage\",\"url\":\"https:\/\/trustwhite.com\/wp-content\/uploads\/2022\/03\/Buy-Maui-Wowie-Budder.jpg\",\"contentUrl\":\"https:\/\/trustwhite.com\/wp-content\/uploads\/2022\/03\/Buy-Maui-Wowie-Budder.jpg\",\"width\":600,\"height\":600},{\"@type\":\"BreadcrumbList\",\"@id\":\"https:\/\/trustwhite.com\/shop\/buy-maui-wowie-budder-top-shelf\/#breadcrumb\",\"itemListElement\":[{\"@type\":\"ListItem\",\"position\":1,\"name\":\"Home\",\"item\":\"https:\/\/trustwhite.com\/el\/\"},{\"@type\":\"ListItem\",\"position\":2,\"name\":\"Shop\",\"item\":\"https:\/\/trustwhite.com\/el\/shop\/\"},{\"@type\":\"ListItem\",\"position\":3,\"name\":\"Buy Maui Wowie Budder \u2013 Top Shelf\"}]},{\"@type\":\"WebSite\",\"@id\":\"https:\/\/trustwhite.com\/el\/#website\",\"url\":\"https:\/\/trustwhite.com\/el\/\",\"name\":\"stonersmeds.com\",\"description\":\"verschreibungspflichtige Medizin kaufen\",\"potentialAction\":[{\"@type\":\"SearchAction\",\"target\":{\"@type\":\"EntryPoint\",\"urlTemplate\":\"https:\/\/trustwhite.com\/el\/?s={search_term_string}\"},\"query-input\":{\"@type\":\"PropertyValueSpecification\",\"valueRequired\":true,\"valueName\":\"search_term_string\"}}],\"inLanguage\":\"sk-SK\"}]}<\/script>\n<!-- \/ Yoast SEO plugin. -->","yoast_head_json":{"title":"K\u00fapi\u0165 Maui Wowie Budder - Top Shelf - stonersmeds.com","robots":{"index":"index","follow":"follow","max-snippet":"max-snippet:-1","max-image-preview":"max-image-preview:large","max-video-preview":"max-video-preview:-1"},"canonical":"https:\/\/trustwhite.com\/sk\/shop\/buy-maui-wowie-budder-top-shelf\/","og_locale":"sk_SK","og_type":"article","og_title":"Buy Maui Wowie Budder \u2013 Top Shelf - stonersmeds.com","og_description":"Worldwide shipping  Grade: AAAAA  Minimum order quantity is\u00a03  Contact us\u00a0for bigger orders","og_url":"https:\/\/trustwhite.com\/sk\/shop\/buy-maui-wowie-budder-top-shelf\/","og_site_name":"stonersmeds.com","article_modified_time":"2023-03-06T08:00:16+00:00","og_image":[{"width":600,"height":600,"url":"https:\/\/trustwhite.com\/wp-content\/uploads\/2022\/03\/Buy-Maui-Wowie-Budder.jpg","type":"image\/jpeg"}],"twitter_card":"summary_large_image","twitter_misc":{"Predpokladan\u00fd \u010das \u010d\u00edtania":"1 min\u00fata"},"schema":{"@context":"https:\/\/schema.org","@graph":[{"@type":"WebPage","@id":"https:\/\/trustwhite.com\/shop\/buy-maui-wowie-budder-top-shelf\/","url":"https:\/\/trustwhite.com\/shop\/buy-maui-wowie-budder-top-shelf\/","name":"K\u00fapi\u0165 Maui Wowie Budder - Top Shelf - stonersmeds.com","isPartOf":{"@id":"https:\/\/trustwhite.com\/el\/#website"},"primaryImageOfPage":{"@id":"https:\/\/trustwhite.com\/shop\/buy-maui-wowie-budder-top-shelf\/#primaryimage"},"image":{"@id":"https:\/\/trustwhite.com\/shop\/buy-maui-wowie-budder-top-shelf\/#primaryimage"},"thumbnailUrl":"https:\/\/trustwhite.com\/wp-content\/uploads\/2022\/03\/Buy-Maui-Wowie-Budder.jpg","datePublished":"2022-03-11T19:03:49+00:00","dateModified":"2023-03-06T08:00:16+00:00","breadcrumb":{"@id":"https:\/\/trustwhite.com\/shop\/buy-maui-wowie-budder-top-shelf\/#breadcrumb"},"inLanguage":"sk-SK","potentialAction":[{"@type":"ReadAction","target":["https:\/\/trustwhite.com\/shop\/buy-maui-wowie-budder-top-shelf\/"]}]},{"@type":"ImageObject","inLanguage":"sk-SK","@id":"https:\/\/trustwhite.com\/shop\/buy-maui-wowie-budder-top-shelf\/#primaryimage","url":"https:\/\/trustwhite.com\/wp-content\/uploads\/2022\/03\/Buy-Maui-Wowie-Budder.jpg","contentUrl":"https:\/\/trustwhite.com\/wp-content\/uploads\/2022\/03\/Buy-Maui-Wowie-Budder.jpg","width":600,"height":600},{"@type":"BreadcrumbList","@id":"https:\/\/trustwhite.com\/shop\/buy-maui-wowie-budder-top-shelf\/#breadcrumb","itemListElement":[{"@type":"ListItem","position":1,"name":"Home","item":"https:\/\/trustwhite.com\/el\/"},{"@type":"ListItem","position":2,"name":"Shop","item":"https:\/\/trustwhite.com\/el\/shop\/"},{"@type":"ListItem","position":3,"name":"Buy Maui Wowie Budder \u2013 Top Shelf"}]},{"@type":"WebSite","@id":"https:\/\/trustwhite.com\/el\/#website","url":"https:\/\/trustwhite.com\/el\/","name":"stonersmeds.com","description":"verschreibungspflichtige Medizin kaufen","potentialAction":[{"@type":"SearchAction","target":{"@type":"EntryPoint","urlTemplate":"https:\/\/trustwhite.com\/el\/?s={search_term_string}"},"query-input":{"@type":"PropertyValueSpecification","valueRequired":true,"valueName":"search_term_string"}}],"inLanguage":"sk-SK"}]}},"_links":{"self":[{"href":"https:\/\/trustwhite.com\/sk\/wp-json\/wp\/v2\/product\/9689","targetHints":{"allow":["GET"]}}],"collection":[{"href":"https:\/\/trustwhite.com\/sk\/wp-json\/wp\/v2\/product"}],"about":[{"href":"https:\/\/trustwhite.com\/sk\/wp-json\/wp\/v2\/types\/product"}],"version-history":[{"count":0,"href":"https:\/\/trustwhite.com\/sk\/wp-json\/wp\/v2\/product\/9689\/revisions"}],"wp:featuredmedia":[{"embeddable":true,"href":"https:\/\/trustwhite.com\/sk\/wp-json\/wp\/v2\/media\/9702"}],"wp:attachment":[{"href":"https:\/\/trustwhite.com\/sk\/wp-json\/wp\/v2\/media?parent=9689"}],"wp:term":[{"taxonomy":"product_brand","embeddable":true,"href":"https:\/\/trustwhite.com\/sk\/wp-json\/wp\/v2\/product_brand?post=9689"},{"taxonomy":"product_cat","embeddable":true,"href":"https:\/\/trustwhite.com\/sk\/wp-json\/wp\/v2\/product_cat?post=9689"},{"taxonomy":"product_tag","embeddable":true,"href":"https:\/\/trustwhite.com\/sk\/wp-json\/wp\/v2\/product_tag?post=9689"}],"curies":[{"name":"wp","href":"https:\/\/api.w.org\/{rel}","templated":true}]}}