{"id":9593,"date":"2022-03-11T17:59:44","date_gmt":"2022-03-11T17:59:44","guid":{"rendered":"https:\/\/stonersmeds.com\/?post_type=product&#038;p=9593"},"modified":"2022-03-11T17:59:44","modified_gmt":"2022-03-11T17:59:44","slug":"buy-snoops-dream-marijuana-strain-online","status":"publish","type":"product","link":"https:\/\/trustwhite.com\/sk\/shop\/buy-snoops-dream-marijuana-strain-online\/","title":{"rendered":"K\u00fapte si kme\u0148 marihuany Snoops Dream online"},"content":{"rendered":"<h1>K\u00fapi\u0165 kme\u0148 marihuany Snoops Dream online.<\/h1>\n<p>K\u00fapi\u0165 kme\u0148 marihuany Snoops Dream online.<\/p>\n<p>\u00da\u010dinky<br \/>\nKreat\u00edvny, Energizuj\u00faci, Euf\u00f3ria, \u0160\u0165astn\u00fd, Relaxa\u010dn\u00fd, Povzn\u00e1\u0161aj\u00faci<br \/>\nM\u00f4\u017ee U\u013eavi\u0165<br \/>\nBipol\u00e1rna porucha, chronick\u00e1 boles\u0165, depresia, \u00fanava, bolesti hlavy, nespavos\u0165, PMS, posttraumatick\u00e1 stresov\u00e1 porucha, stres<br \/>\nPr\u00edchute<br \/>\nBobu\u013eov\u00e9, \u010cu\u010doriedkov\u00e9, Maslov\u00e9, Borovicov\u00e9, Cukrov\u00e9, Sladk\u00e9, Vanilkov\u00e9<\/p>\n<p>&nbsp;<\/p>\n<p>&nbsp;<\/p>\n<p>&nbsp;<\/p>\n<pre><strong>K\u00fapi\u0165 Snoops Dream Marihuana Strain Online - k\u00fapi\u0165 Marihuana Strain , k\u00fapi\u0165 Snoops Dream Marihuana Strain , k\u00fapi\u0165 Dream Marihuana Strain online, Kde k\u00fapi\u0165 Snoops Dream Marihuana Strain , Snoops Dream Marihuana Strain na predaj, Snoops Marihuana Strain na predaj, k\u00fapi\u0165 Snoops Marihuana Strain online, kde k\u00fapi\u0165 Snoops Dream Marihuana Strain online, Snoops Dream Marijuana Strain na predaj v usa , USA, kanada,uk, k\u00fapi\u0165, online, dod\u00e1vatelia, bezpe\u010dn\u00e9 dodanie, st\u00e1le m\u00f4\u017eete z\u00edska\u0165 Snoops Dream Marijuana Strain , je Snoops Dream Marijuana Strain usa, k\u00fapi\u0165 Snoops Dream Marijuana Strain online usa, ako objedna\u0165 Snoops Dream Marijuana Strain , je Snoops Dream Marijuana Strain leg\u00e1lne v Kanade <\/strong><\/pre>","protected":false},"excerpt":{"rendered":"<p>K\u00fapi\u0165 kme\u0148 marihuany Snoops Dream online. Kme\u0148 marihuany Snoop's Dream. Hybrid - 50% Sativa \/ 50% Indica THC: 26%<\/p>\n<pre><strong>K\u00fapi\u0165 Snoops Dream Marihuana Strain Online - k\u00fapi\u0165 Marihuana Strain , k\u00fapi\u0165 Snoops Dream Marihuana Strain , k\u00fapi\u0165 Dream Marihuana Strain online, Kde k\u00fapi\u0165 Snoops Dream Marihuana Strain , Snoops Dream Marihuana Strain na predaj, Snoops Marihuana Strain na predaj, k\u00fapi\u0165 Snoops Marihuana Strain online, kde k\u00fapi\u0165 Snoops Dream Marihuana Strain online, Snoops Dream Marijuana Strain na predaj v usa , USA, kanada,uk, k\u00fapi\u0165, online, dod\u00e1vatelia, bezpe\u010dn\u00e9 dodanie, st\u00e1le m\u00f4\u017eete z\u00edska\u0165 Snoops Dream Marijuana Strain , je Snoops Dream Marijuana Strain usa, k\u00fapi\u0165 Snoops Dream Marijuana Strain online usa, ako objedna\u0165 Snoops Dream Marijuana Strain , je Snoops Dream Marijuana Strain leg\u00e1lne v Kanade <\/strong><\/pre>","protected":false},"featured_media":9603,"template":"","meta":[],"product_brand":[],"product_cat":[81],"product_tag":[],"class_list":{"0":"post-9593","1":"product","2":"type-product","3":"status-publish","4":"has-post-thumbnail","6":"product_cat-marijuana-medical-cannabis","8":"first","9":"instock","10":"shipping-taxable","11":"purchasable","12":"product-type-variable"},"tiered_pricing_type":"fixed","tiered_pricing_fixed_rules":{"28":"9","50":"8","100":"7","250":"6","500":"4.5","1000":"3"},"tiered_pricing_percentage_rules":[],"tiered_pricing_minimum":1,"_administrator_tiered_pricing_type":"fixed","_administrator_tiered_pricing_fixed_rules":[],"_editor_tiered_pricing_type":"fixed","_editor_tiered_pricing_fixed_rules":[],"_author_tiered_pricing_type":"fixed","_author_tiered_pricing_fixed_rules":[],"_contributor_tiered_pricing_type":"fixed","_contributor_tiered_pricing_fixed_rules":[],"_subscriber_tiered_pricing_type":"fixed","_subscriber_tiered_pricing_fixed_rules":[],"_customer_tiered_pricing_type":"fixed","_customer_tiered_pricing_fixed_rules":[],"_shop_manager_tiered_pricing_type":"fixed","_shop_manager_tiered_pricing_fixed_rules":[],"_wpseo_manager_tiered_pricing_type":"fixed","_wpseo_manager_tiered_pricing_fixed_rules":[],"_wpseo_editor_tiered_pricing_type":"fixed","_wpseo_editor_tiered_pricing_fixed_rules":[],"yoast_head":"<!-- This site is optimized with the Yoast SEO plugin v26.8 - https:\/\/yoast.com\/product\/yoast-seo-wordpress\/ -->\n<title>Buy Snoops Dream Marijuana Strain Online - stonersmeds.com<\/title>\n<meta name=\"robots\" content=\"index, follow, max-snippet:-1, max-image-preview:large, max-video-preview:-1\" \/>\n<link rel=\"canonical\" href=\"https:\/\/trustwhite.com\/sk\/shop\/buy-snoops-dream-marijuana-strain-online\/\" \/>\n<meta property=\"og:locale\" content=\"sk_SK\" \/>\n<meta property=\"og:type\" content=\"article\" \/>\n<meta property=\"og:title\" content=\"Buy Snoops Dream Marijuana Strain Online - stonersmeds.com\" \/>\n<meta property=\"og:description\" content=\"Buy Snoops Dream Marijuana Strain Online. Snoop\u2019s Dream Marijuana Strain. Hybrid \u2013 50% Sativa \/50% Indica THC: 26% Buy Snoops Dream Marijuana Strain Online - buy Marijuana Strain , buy Snoops Dream Marijuana Strain , buy Dream Marijuana Strain online, Where to Buy Snoops Dream Marijuana Strain , Snoops Dream Marijuana Strain for sale, Snoops Marijuana Strain for sale, buy Snoops Marijuana Strain online, where to Buy Snoops Dream Marijuana Strain online, Snoops Dream Marijuana Strain for sale in usa , USA, canada,uk, buy, online, suppliers, safe delivery, You can still get Snoops Dream Marijuana Strain , Is Snoops Dream Marijuana Strain usa, buy Snoops Dream Marijuana Strain online usa, how to order Snoops Dream Marijuana Strain , Is Snoops Dream Marijuana Strain legal in Canada\" \/>\n<meta property=\"og:url\" content=\"https:\/\/trustwhite.com\/sk\/shop\/buy-snoops-dream-marijuana-strain-online\/\" \/>\n<meta property=\"og:site_name\" content=\"stonersmeds.com\" \/>\n<meta property=\"og:image\" content=\"https:\/\/trustwhite.com\/wp-content\/uploads\/2022\/03\/d.jpg\" \/>\n\t<meta property=\"og:image:width\" content=\"600\" \/>\n\t<meta property=\"og:image:height\" content=\"600\" \/>\n\t<meta property=\"og:image:type\" content=\"image\/jpeg\" \/>\n<meta name=\"twitter:card\" content=\"summary_large_image\" \/>\n<meta name=\"twitter:label1\" content=\"Predpokladan\u00fd \u010das \u010d\u00edtania\" \/>\n\t<meta name=\"twitter:data1\" content=\"1 min\u00fata\" \/>\n<script type=\"application\/ld+json\" class=\"yoast-schema-graph\">{\"@context\":\"https:\/\/schema.org\",\"@graph\":[{\"@type\":\"WebPage\",\"@id\":\"https:\/\/trustwhite.com\/es\/shop\/buy-snoops-dream-marijuana-strain-online\/\",\"url\":\"https:\/\/trustwhite.com\/es\/shop\/buy-snoops-dream-marijuana-strain-online\/\",\"name\":\"Buy Snoops Dream Marijuana Strain Online - stonersmeds.com\",\"isPartOf\":{\"@id\":\"https:\/\/trustwhite.com\/el\/#website\"},\"primaryImageOfPage\":{\"@id\":\"https:\/\/trustwhite.com\/es\/shop\/buy-snoops-dream-marijuana-strain-online\/#primaryimage\"},\"image\":{\"@id\":\"https:\/\/trustwhite.com\/es\/shop\/buy-snoops-dream-marijuana-strain-online\/#primaryimage\"},\"thumbnailUrl\":\"https:\/\/trustwhite.com\/wp-content\/uploads\/2022\/03\/d.jpg\",\"datePublished\":\"2022-03-11T17:59:44+00:00\",\"breadcrumb\":{\"@id\":\"https:\/\/trustwhite.com\/es\/shop\/buy-snoops-dream-marijuana-strain-online\/#breadcrumb\"},\"inLanguage\":\"sk-SK\",\"potentialAction\":[{\"@type\":\"ReadAction\",\"target\":[\"https:\/\/trustwhite.com\/es\/shop\/buy-snoops-dream-marijuana-strain-online\/\"]}]},{\"@type\":\"ImageObject\",\"inLanguage\":\"sk-SK\",\"@id\":\"https:\/\/trustwhite.com\/es\/shop\/buy-snoops-dream-marijuana-strain-online\/#primaryimage\",\"url\":\"https:\/\/trustwhite.com\/wp-content\/uploads\/2022\/03\/d.jpg\",\"contentUrl\":\"https:\/\/trustwhite.com\/wp-content\/uploads\/2022\/03\/d.jpg\",\"width\":600,\"height\":600},{\"@type\":\"BreadcrumbList\",\"@id\":\"https:\/\/trustwhite.com\/es\/shop\/buy-snoops-dream-marijuana-strain-online\/#breadcrumb\",\"itemListElement\":[{\"@type\":\"ListItem\",\"position\":1,\"name\":\"Home\",\"item\":\"https:\/\/trustwhite.com\/el\/\"},{\"@type\":\"ListItem\",\"position\":2,\"name\":\"Shop\",\"item\":\"https:\/\/trustwhite.com\/el\/shop\/\"},{\"@type\":\"ListItem\",\"position\":3,\"name\":\"Buy Snoops Dream Marijuana Strain Online\"}]},{\"@type\":\"WebSite\",\"@id\":\"https:\/\/trustwhite.com\/el\/#website\",\"url\":\"https:\/\/trustwhite.com\/el\/\",\"name\":\"stonersmeds.com\",\"description\":\"verschreibungspflichtige Medizin kaufen\",\"potentialAction\":[{\"@type\":\"SearchAction\",\"target\":{\"@type\":\"EntryPoint\",\"urlTemplate\":\"https:\/\/trustwhite.com\/el\/?s={search_term_string}\"},\"query-input\":{\"@type\":\"PropertyValueSpecification\",\"valueRequired\":true,\"valueName\":\"search_term_string\"}}],\"inLanguage\":\"sk-SK\"}]}<\/script>\n<!-- \/ Yoast SEO plugin. -->","yoast_head_json":{"title":"K\u00fapi\u0165 kme\u0148 marihuany Snoops Dream online - stonersmeds.com","robots":{"index":"index","follow":"follow","max-snippet":"max-snippet:-1","max-image-preview":"max-image-preview:large","max-video-preview":"max-video-preview:-1"},"canonical":"https:\/\/trustwhite.com\/sk\/shop\/buy-snoops-dream-marijuana-strain-online\/","og_locale":"sk_SK","og_type":"article","og_title":"Buy Snoops Dream Marijuana Strain Online - stonersmeds.com","og_description":"Buy Snoops Dream Marijuana Strain Online. Snoop\u2019s Dream Marijuana Strain. Hybrid \u2013 50% Sativa \/50% Indica THC: 26% Buy Snoops Dream Marijuana Strain Online - buy Marijuana Strain , buy Snoops Dream Marijuana Strain , buy Dream Marijuana Strain online, Where to Buy Snoops Dream Marijuana Strain , Snoops Dream Marijuana Strain for sale, Snoops Marijuana Strain for sale, buy Snoops Marijuana Strain online, where to Buy Snoops Dream Marijuana Strain online, Snoops Dream Marijuana Strain for sale in usa , USA, canada,uk, buy, online, suppliers, safe delivery, You can still get Snoops Dream Marijuana Strain , Is Snoops Dream Marijuana Strain usa, buy Snoops Dream Marijuana Strain online usa, how to order Snoops Dream Marijuana Strain , Is Snoops Dream Marijuana Strain legal in Canada","og_url":"https:\/\/trustwhite.com\/sk\/shop\/buy-snoops-dream-marijuana-strain-online\/","og_site_name":"stonersmeds.com","og_image":[{"width":600,"height":600,"url":"https:\/\/trustwhite.com\/wp-content\/uploads\/2022\/03\/d.jpg","type":"image\/jpeg"}],"twitter_card":"summary_large_image","twitter_misc":{"Predpokladan\u00fd \u010das \u010d\u00edtania":"1 min\u00fata"},"schema":{"@context":"https:\/\/schema.org","@graph":[{"@type":"WebPage","@id":"https:\/\/trustwhite.com\/es\/shop\/buy-snoops-dream-marijuana-strain-online\/","url":"https:\/\/trustwhite.com\/es\/shop\/buy-snoops-dream-marijuana-strain-online\/","name":"K\u00fapi\u0165 kme\u0148 marihuany Snoops Dream online - stonersmeds.com","isPartOf":{"@id":"https:\/\/trustwhite.com\/el\/#website"},"primaryImageOfPage":{"@id":"https:\/\/trustwhite.com\/es\/shop\/buy-snoops-dream-marijuana-strain-online\/#primaryimage"},"image":{"@id":"https:\/\/trustwhite.com\/es\/shop\/buy-snoops-dream-marijuana-strain-online\/#primaryimage"},"thumbnailUrl":"https:\/\/trustwhite.com\/wp-content\/uploads\/2022\/03\/d.jpg","datePublished":"2022-03-11T17:59:44+00:00","breadcrumb":{"@id":"https:\/\/trustwhite.com\/es\/shop\/buy-snoops-dream-marijuana-strain-online\/#breadcrumb"},"inLanguage":"sk-SK","potentialAction":[{"@type":"ReadAction","target":["https:\/\/trustwhite.com\/es\/shop\/buy-snoops-dream-marijuana-strain-online\/"]}]},{"@type":"ImageObject","inLanguage":"sk-SK","@id":"https:\/\/trustwhite.com\/es\/shop\/buy-snoops-dream-marijuana-strain-online\/#primaryimage","url":"https:\/\/trustwhite.com\/wp-content\/uploads\/2022\/03\/d.jpg","contentUrl":"https:\/\/trustwhite.com\/wp-content\/uploads\/2022\/03\/d.jpg","width":600,"height":600},{"@type":"BreadcrumbList","@id":"https:\/\/trustwhite.com\/es\/shop\/buy-snoops-dream-marijuana-strain-online\/#breadcrumb","itemListElement":[{"@type":"ListItem","position":1,"name":"Home","item":"https:\/\/trustwhite.com\/el\/"},{"@type":"ListItem","position":2,"name":"Shop","item":"https:\/\/trustwhite.com\/el\/shop\/"},{"@type":"ListItem","position":3,"name":"Buy Snoops Dream Marijuana Strain Online"}]},{"@type":"WebSite","@id":"https:\/\/trustwhite.com\/el\/#website","url":"https:\/\/trustwhite.com\/el\/","name":"stonersmeds.com","description":"verschreibungspflichtige Medizin kaufen","potentialAction":[{"@type":"SearchAction","target":{"@type":"EntryPoint","urlTemplate":"https:\/\/trustwhite.com\/el\/?s={search_term_string}"},"query-input":{"@type":"PropertyValueSpecification","valueRequired":true,"valueName":"search_term_string"}}],"inLanguage":"sk-SK"}]}},"_links":{"self":[{"href":"https:\/\/trustwhite.com\/sk\/wp-json\/wp\/v2\/product\/9593","targetHints":{"allow":["GET"]}}],"collection":[{"href":"https:\/\/trustwhite.com\/sk\/wp-json\/wp\/v2\/product"}],"about":[{"href":"https:\/\/trustwhite.com\/sk\/wp-json\/wp\/v2\/types\/product"}],"version-history":[{"count":0,"href":"https:\/\/trustwhite.com\/sk\/wp-json\/wp\/v2\/product\/9593\/revisions"}],"wp:featuredmedia":[{"embeddable":true,"href":"https:\/\/trustwhite.com\/sk\/wp-json\/wp\/v2\/media\/9603"}],"wp:attachment":[{"href":"https:\/\/trustwhite.com\/sk\/wp-json\/wp\/v2\/media?parent=9593"}],"wp:term":[{"taxonomy":"product_brand","embeddable":true,"href":"https:\/\/trustwhite.com\/sk\/wp-json\/wp\/v2\/product_brand?post=9593"},{"taxonomy":"product_cat","embeddable":true,"href":"https:\/\/trustwhite.com\/sk\/wp-json\/wp\/v2\/product_cat?post=9593"},{"taxonomy":"product_tag","embeddable":true,"href":"https:\/\/trustwhite.com\/sk\/wp-json\/wp\/v2\/product_tag?post=9593"}],"curies":[{"name":"wp","href":"https:\/\/api.w.org\/{rel}","templated":true}]}}