{"id":10763,"date":"2022-03-12T09:38:24","date_gmt":"2022-03-12T09:38:24","guid":{"rendered":"https:\/\/stonersmeds.com\/?post_type=product&#038;p=10763"},"modified":"2023-08-02T03:10:55","modified_gmt":"2023-08-02T01:10:55","slug":"buy-pure-mdma-crystals-online","status":"publish","type":"product","link":"https:\/\/trustwhite.com\/sk\/shop\/buy-pure-mdma-crystals-online\/","title":{"rendered":"K\u00fapte si \u010dist\u00e9 kry\u0161t\u00e1ly MDMA online"},"content":{"rendered":"<h1>K\u00fapte si \u010dist\u00e9 kry\u0161t\u00e1ly MDMA online<\/h1>\n<p>Buy MDMA Powder Online \u2013 Buy Pure MDMA Powder<\/p>\n<p>K\u00fapi\u0165 pr\u00e1\u0161ok MDMA online<\/p>\n<p>Buy pure MDMA powder<\/p>\n<p><a href=\"https:\/\/stonersmeds.com\/shop\/buy-xtc-philipp-plein-blue-524-mg-mdma-pills-online\/\">K\u00fapi\u0165 MDMA online<\/a><br \/>\n<a href=\"https:\/\/stonersmeds.com\/shop\/buy-gray-bugatti-mdma-pills-online\/\">K\u00fapi\u0165 MDMA online<\/a> (dojednan\u00fd 3,4-metyl\u00e9ndioxy-metamfetam\u00edn) je psychoakt\u00edvna droga z triedy metyl\u00e9ndioxyfenetylam\u00ednov\u00fdch n\u00e1hrad a amfetam\u00ednov\u00fdch n\u00e1hrad, ktor\u00e1 sa pou\u017e\u00edva najm\u00e4 pre svoje euforizuj\u00face a empatick\u00e9 \u00fa\u010dinky. Z farmakologick\u00e9ho h\u013eadiska, <a href=\"https:\/\/stonersmeds.com\/shop\/buy-pure-mdma-powder-online\/\">K\u00fapi\u0165 \u010dist\u00fd pr\u00e1\u0161ok MDMA<\/a> MDMA p\u00f4sob\u00ed ako l\u00e1tka uvo\u013e\u0148uj\u00faca seroton\u00edn norepinefr\u00edn dopam\u00edn a ako inhib\u00edtor sp\u00e4tn\u00e9ho vychyt\u00e1vania. <a href=\"https:\/\/stonersmeds.com\/product-tag\/buy-pure-mdma-powder-online-near-me\/\">K\u00fapi\u0165 pr\u00e1\u0161ok MDMA online<\/a><\/p>\n<p>MDMA sold <a href=\"https:\/\/stonersmeds.com\/product-tag\/order-ecstasy-online\/\">online<\/a> is widely known as \u201cEcstasy\u201d (abbreviated as \u201cE\u201d, \u201cX\u201d or \u201cXTC\u201d) and usually refers to its tablet form, although this term can imply the possibility of a counterfeit supplement. The term \u201cMandy for sale\u201d in the UK and the American term \u201cMolly for sale\u201d refer to <a href=\"https:\/\/www.nhsinform.scot\/healthy-living\/drugs-and-drug-use\/common-drugs\/mdma-ecstasy\">MDMA<\/a> in the form of a crystalline powder that is relatively free of counterfeit additives. \u201cMolly\u201d can sometimes refer to a related drug, methylone, <a href=\"https:\/\/stonersmeds.com\/product-tag\/where-to-buy-pure-mdma-powder\/\">buying pure MDMA powder<\/a>, buying MDPV online, mephedrone, or another group of pharmacological compounds known as bath salts.[14]<\/p>\n<p>&nbsp;<\/p>\n<p>&nbsp;<\/p>\n<pre><strong>Buy pure MDMA Crystals online - buy pure MDMA Crystals , buy pure MDMA Crystals usa , buy pure MDMA Crystals online USA , Where to Buy pure MDMA Crystals , pure MDMA Crystals for sale, pure MDMA Crystals for sale near me , buy pure MDMA Crystals online near me , where to Buy pure MDMA Crystals online , pure MDMA Crystals for sale in usa , USA, canada,uk, buy, online, suppliers, safe delivery, You can still get pure MDMA Crystals , Is pure MDMA Crystals legal in usa, buy pure MDMA Crystals online usa, how to order pure MDMA Crystals , Is pure MDMA Crystals legal in Canada<\/strong><\/pre>","protected":false},"excerpt":{"rendered":"<p>Ecstasy\/Molly Crystals for sale (buy Ecstasy\/Molly Crystals online).\u00a0 Buy pure MDMA Crystals online, Methylone crystals online, Buy Methylone online, Buy Ecstasy Crystals online, Buy Molly Crystals online<\/p>\n<p>&nbsp;<\/p>\n<pre><strong>Buy pure MDMA Crystals online - buy pure MDMA Crystals , buy pure MDMA Crystals usa , buy pure MDMA Crystals online USA , Where to Buy pure MDMA Crystals , pure MDMA Crystals for sale, pure MDMA Crystals for sale near me , buy pure MDMA Crystals online near me , where to Buy pure MDMA Crystals online , pure MDMA Crystals for sale in usa , USA, canada,uk, buy, online, suppliers, safe delivery, You can still get pure MDMA Crystals , Is pure MDMA Crystals legal in usa, buy pure MDMA Crystals online usa, how to order pure MDMA Crystals , Is pure MDMA Crystals legal in Canada<\/strong><\/pre>","protected":false},"featured_media":11858,"template":"","meta":[],"product_brand":[],"product_cat":[79],"product_tag":[204,224,223,216,212,211,203,221,222,220,137,214,218,215,139,138,135,133,213,217,219],"class_list":{"0":"post-10763","1":"product","2":"type-product","3":"status-publish","4":"has-post-thumbnail","6":"product_cat-research-chemicals-and-bath-salt","7":"product_tag-buy","8":"product_tag-buy-pure-mdma-crystals","9":"product_tag-buy-pure-mdma-crystals-online","10":"product_tag-buy-pure-mdma-crystals-online-near-me","11":"product_tag-buy-pure-mdma-crystals-online-usa","12":"product_tag-buy-pure-mdma-crystals-usa","13":"product_tag-canada","14":"product_tag-how-to-order-pure-mdma-crystals","15":"product_tag-is-pure-mdma-crystals-legal-in-canada","16":"product_tag-is-pure-mdma-crystals-legal-in-usa","17":"product_tag-online","18":"product_tag-pure-mdma-crystals-for-sale","19":"product_tag-pure-mdma-crystals-for-sale-in-usa","20":"product_tag-pure-mdma-crystals-for-sale-near-me","21":"product_tag-safe-delivery","22":"product_tag-suppliers","23":"product_tag-uk","24":"product_tag-usa","25":"product_tag-where-to-buy-pure-mdma-crystals","26":"product_tag-where-to-buy-pure-mdma-crystals-online","27":"product_tag-you-can-still-get-pure-mdma-crystals","29":"first","30":"instock","31":"shipping-taxable","32":"purchasable","33":"product-type-simple"},"tiered_pricing_type":"fixed","tiered_pricing_fixed_rules":{"10":"25","25":"18","50":"15"},"tiered_pricing_percentage_rules":[],"tiered_pricing_minimum":1,"_administrator_tiered_pricing_type":"fixed","_administrator_tiered_pricing_fixed_rules":[],"_editor_tiered_pricing_type":"fixed","_editor_tiered_pricing_fixed_rules":[],"_author_tiered_pricing_type":"fixed","_author_tiered_pricing_fixed_rules":[],"_contributor_tiered_pricing_type":"fixed","_contributor_tiered_pricing_fixed_rules":[],"_subscriber_tiered_pricing_type":"fixed","_subscriber_tiered_pricing_fixed_rules":[],"_customer_tiered_pricing_type":"fixed","_customer_tiered_pricing_fixed_rules":[],"_shop_manager_tiered_pricing_type":"fixed","_shop_manager_tiered_pricing_fixed_rules":[],"_wpseo_manager_tiered_pricing_type":"fixed","_wpseo_manager_tiered_pricing_fixed_rules":[],"_wpseo_editor_tiered_pricing_type":"fixed","_wpseo_editor_tiered_pricing_fixed_rules":[],"yoast_head":"<!-- This site is optimized with the Yoast SEO plugin v26.8 - https:\/\/yoast.com\/product\/yoast-seo-wordpress\/ -->\n<title>Buy pure MDMA Crystals online - Cheap price, Grade A++<\/title>\n<meta name=\"description\" content=\"Buy pure MDMA Crystals Online at an affordable price at stonersmeds. All products are lab qualified and have premium quality.\" \/>\n<meta name=\"robots\" content=\"index, follow, max-snippet:-1, max-image-preview:large, max-video-preview:-1\" \/>\n<link rel=\"canonical\" href=\"https:\/\/trustwhite.com\/sk\/shop\/buy-pure-mdma-crystals-online\/\" \/>\n<meta property=\"og:locale\" content=\"sk_SK\" \/>\n<meta property=\"og:type\" content=\"article\" \/>\n<meta property=\"og:title\" content=\"Buy pure MDMA Crystals online - Cheap price, Grade A++\" \/>\n<meta property=\"og:description\" content=\"Buy pure MDMA Crystals Online at an affordable price at stonersmeds. All products are lab qualified and have premium quality.\" \/>\n<meta property=\"og:url\" content=\"https:\/\/trustwhite.com\/sk\/shop\/buy-pure-mdma-crystals-online\/\" \/>\n<meta property=\"og:site_name\" content=\"stonersmeds.com\" \/>\n<meta property=\"article:modified_time\" content=\"2023-08-02T01:10:55+00:00\" \/>\n<meta property=\"og:image\" content=\"https:\/\/trustwhite.com\/wp-content\/uploads\/2022\/03\/MDMA-crystal.jpg\" \/>\n\t<meta property=\"og:image:width\" content=\"600\" \/>\n\t<meta property=\"og:image:height\" content=\"399\" \/>\n\t<meta property=\"og:image:type\" content=\"image\/jpeg\" \/>\n<meta name=\"twitter:card\" content=\"summary_large_image\" \/>\n<meta name=\"twitter:label1\" content=\"Predpokladan\u00fd \u010das \u010d\u00edtania\" \/>\n\t<meta name=\"twitter:data1\" content=\"1 min\u00fata\" \/>\n<script type=\"application\/ld+json\" class=\"yoast-schema-graph\">{\"@context\":\"https:\/\/schema.org\",\"@graph\":[{\"@type\":\"WebPage\",\"@id\":\"https:\/\/trustwhite.com\/shop\/buy-pure-mdma-crystals-online\/\",\"url\":\"https:\/\/trustwhite.com\/shop\/buy-pure-mdma-crystals-online\/\",\"name\":\"Buy pure MDMA Crystals online - Cheap price, Grade A++\",\"isPartOf\":{\"@id\":\"https:\/\/trustwhite.com\/el\/#website\"},\"primaryImageOfPage\":{\"@id\":\"https:\/\/trustwhite.com\/shop\/buy-pure-mdma-crystals-online\/#primaryimage\"},\"image\":{\"@id\":\"https:\/\/trustwhite.com\/shop\/buy-pure-mdma-crystals-online\/#primaryimage\"},\"thumbnailUrl\":\"https:\/\/trustwhite.com\/wp-content\/uploads\/2022\/03\/MDMA-crystal.jpg\",\"datePublished\":\"2022-03-12T09:38:24+00:00\",\"dateModified\":\"2023-08-02T01:10:55+00:00\",\"description\":\"Buy pure MDMA Crystals Online at an affordable price at stonersmeds. All products are lab qualified and have premium quality.\",\"breadcrumb\":{\"@id\":\"https:\/\/trustwhite.com\/shop\/buy-pure-mdma-crystals-online\/#breadcrumb\"},\"inLanguage\":\"sk-SK\",\"potentialAction\":[{\"@type\":\"ReadAction\",\"target\":[\"https:\/\/trustwhite.com\/shop\/buy-pure-mdma-crystals-online\/\"]}]},{\"@type\":\"ImageObject\",\"inLanguage\":\"sk-SK\",\"@id\":\"https:\/\/trustwhite.com\/shop\/buy-pure-mdma-crystals-online\/#primaryimage\",\"url\":\"https:\/\/trustwhite.com\/wp-content\/uploads\/2022\/03\/MDMA-crystal.jpg\",\"contentUrl\":\"https:\/\/trustwhite.com\/wp-content\/uploads\/2022\/03\/MDMA-crystal.jpg\",\"width\":600,\"height\":399,\"caption\":\"buy mdma crystals\"},{\"@type\":\"BreadcrumbList\",\"@id\":\"https:\/\/trustwhite.com\/shop\/buy-pure-mdma-crystals-online\/#breadcrumb\",\"itemListElement\":[{\"@type\":\"ListItem\",\"position\":1,\"name\":\"Home\",\"item\":\"https:\/\/trustwhite.com\/el\/\"},{\"@type\":\"ListItem\",\"position\":2,\"name\":\"Shop\",\"item\":\"https:\/\/trustwhite.com\/el\/shop\/\"},{\"@type\":\"ListItem\",\"position\":3,\"name\":\"Buy pure MDMA Crystals online\"}]},{\"@type\":\"WebSite\",\"@id\":\"https:\/\/trustwhite.com\/el\/#website\",\"url\":\"https:\/\/trustwhite.com\/el\/\",\"name\":\"stonersmeds.com\",\"description\":\"verschreibungspflichtige Medizin kaufen\",\"potentialAction\":[{\"@type\":\"SearchAction\",\"target\":{\"@type\":\"EntryPoint\",\"urlTemplate\":\"https:\/\/trustwhite.com\/el\/?s={search_term_string}\"},\"query-input\":{\"@type\":\"PropertyValueSpecification\",\"valueRequired\":true,\"valueName\":\"search_term_string\"}}],\"inLanguage\":\"sk-SK\"}]}<\/script>\n<!-- \/ Yoast SEO plugin. -->","yoast_head_json":{"title":"Buy pure MDMA Crystals online - Cheap price, Grade A++","description":"Buy pure MDMA Crystals Online at an affordable price at stonersmeds. All products are lab qualified and have premium quality.","robots":{"index":"index","follow":"follow","max-snippet":"max-snippet:-1","max-image-preview":"max-image-preview:large","max-video-preview":"max-video-preview:-1"},"canonical":"https:\/\/trustwhite.com\/sk\/shop\/buy-pure-mdma-crystals-online\/","og_locale":"sk_SK","og_type":"article","og_title":"Buy pure MDMA Crystals online - Cheap price, Grade A++","og_description":"Buy pure MDMA Crystals Online at an affordable price at stonersmeds. All products are lab qualified and have premium quality.","og_url":"https:\/\/trustwhite.com\/sk\/shop\/buy-pure-mdma-crystals-online\/","og_site_name":"stonersmeds.com","article_modified_time":"2023-08-02T01:10:55+00:00","og_image":[{"width":600,"height":399,"url":"https:\/\/trustwhite.com\/wp-content\/uploads\/2022\/03\/MDMA-crystal.jpg","type":"image\/jpeg"}],"twitter_card":"summary_large_image","twitter_misc":{"Predpokladan\u00fd \u010das \u010d\u00edtania":"1 min\u00fata"},"schema":{"@context":"https:\/\/schema.org","@graph":[{"@type":"WebPage","@id":"https:\/\/trustwhite.com\/shop\/buy-pure-mdma-crystals-online\/","url":"https:\/\/trustwhite.com\/shop\/buy-pure-mdma-crystals-online\/","name":"Buy pure MDMA Crystals online - Cheap price, Grade A++","isPartOf":{"@id":"https:\/\/trustwhite.com\/el\/#website"},"primaryImageOfPage":{"@id":"https:\/\/trustwhite.com\/shop\/buy-pure-mdma-crystals-online\/#primaryimage"},"image":{"@id":"https:\/\/trustwhite.com\/shop\/buy-pure-mdma-crystals-online\/#primaryimage"},"thumbnailUrl":"https:\/\/trustwhite.com\/wp-content\/uploads\/2022\/03\/MDMA-crystal.jpg","datePublished":"2022-03-12T09:38:24+00:00","dateModified":"2023-08-02T01:10:55+00:00","description":"Buy pure MDMA Crystals Online at an affordable price at stonersmeds. All products are lab qualified and have premium quality.","breadcrumb":{"@id":"https:\/\/trustwhite.com\/shop\/buy-pure-mdma-crystals-online\/#breadcrumb"},"inLanguage":"sk-SK","potentialAction":[{"@type":"ReadAction","target":["https:\/\/trustwhite.com\/shop\/buy-pure-mdma-crystals-online\/"]}]},{"@type":"ImageObject","inLanguage":"sk-SK","@id":"https:\/\/trustwhite.com\/shop\/buy-pure-mdma-crystals-online\/#primaryimage","url":"https:\/\/trustwhite.com\/wp-content\/uploads\/2022\/03\/MDMA-crystal.jpg","contentUrl":"https:\/\/trustwhite.com\/wp-content\/uploads\/2022\/03\/MDMA-crystal.jpg","width":600,"height":399,"caption":"buy mdma crystals"},{"@type":"BreadcrumbList","@id":"https:\/\/trustwhite.com\/shop\/buy-pure-mdma-crystals-online\/#breadcrumb","itemListElement":[{"@type":"ListItem","position":1,"name":"Home","item":"https:\/\/trustwhite.com\/el\/"},{"@type":"ListItem","position":2,"name":"Shop","item":"https:\/\/trustwhite.com\/el\/shop\/"},{"@type":"ListItem","position":3,"name":"Buy pure MDMA Crystals online"}]},{"@type":"WebSite","@id":"https:\/\/trustwhite.com\/el\/#website","url":"https:\/\/trustwhite.com\/el\/","name":"stonersmeds.com","description":"verschreibungspflichtige Medizin kaufen","potentialAction":[{"@type":"SearchAction","target":{"@type":"EntryPoint","urlTemplate":"https:\/\/trustwhite.com\/el\/?s={search_term_string}"},"query-input":{"@type":"PropertyValueSpecification","valueRequired":true,"valueName":"search_term_string"}}],"inLanguage":"sk-SK"}]}},"_links":{"self":[{"href":"https:\/\/trustwhite.com\/sk\/wp-json\/wp\/v2\/product\/10763","targetHints":{"allow":["GET"]}}],"collection":[{"href":"https:\/\/trustwhite.com\/sk\/wp-json\/wp\/v2\/product"}],"about":[{"href":"https:\/\/trustwhite.com\/sk\/wp-json\/wp\/v2\/types\/product"}],"version-history":[{"count":0,"href":"https:\/\/trustwhite.com\/sk\/wp-json\/wp\/v2\/product\/10763\/revisions"}],"wp:featuredmedia":[{"embeddable":true,"href":"https:\/\/trustwhite.com\/sk\/wp-json\/wp\/v2\/media\/11858"}],"wp:attachment":[{"href":"https:\/\/trustwhite.com\/sk\/wp-json\/wp\/v2\/media?parent=10763"}],"wp:term":[{"taxonomy":"product_brand","embeddable":true,"href":"https:\/\/trustwhite.com\/sk\/wp-json\/wp\/v2\/product_brand?post=10763"},{"taxonomy":"product_cat","embeddable":true,"href":"https:\/\/trustwhite.com\/sk\/wp-json\/wp\/v2\/product_cat?post=10763"},{"taxonomy":"product_tag","embeddable":true,"href":"https:\/\/trustwhite.com\/sk\/wp-json\/wp\/v2\/product_tag?post=10763"}],"curies":[{"name":"wp","href":"https:\/\/api.w.org\/{rel}","templated":true}]}}