{"id":10541,"date":"2022-03-12T08:14:10","date_gmt":"2022-03-12T08:14:10","guid":{"rendered":"https:\/\/stonersmeds.com\/?post_type=product&#038;p=10541"},"modified":"2022-12-29T21:13:28","modified_gmt":"2022-12-29T19:13:28","slug":"buy-kilocaine-powder-99-pure-online","status":"publish","type":"product","link":"https:\/\/trustwhite.com\/sk\/shop\/buy-kilocaine-powder-99-pure-online\/","title":{"rendered":"K\u00fapi\u0165 kiloka\u00ednov\u00fd pr\u00e1\u0161ok 99% Pure Online"},"content":{"rendered":"<h1>K\u00fapte si kiloka\u00ednov\u00fd pr\u00e1\u0161ok 99% Pure Online.<\/h1>\n<p>K\u00fapte si kiloka\u00ednov\u00fd pr\u00e1\u0161ok vo ve\u013ekom teraz;<\/p>\n<p>Kiloka\u00edn je podobn\u00fd: Koka\u00edn<\/p>\n<p>Kiloka\u00edn je \u00faplne nov\u00e1 a vzru\u0161uj\u00faca v\u00fdskumn\u00e1 chemik\u00e1lia, ktor\u00e1 od svojho vzniku z\u00edskala skvel\u00e9 recenzie.<\/p>\n<p>Tieto v\u00fdskumn\u00e9 chemik\u00e1lie s\u00fa zn\u00e1me aj ako \"dizajnov\u00e9 drogy\". S\u00fa novou triedou drog, ktor\u00fdch chemick\u00e1 \u0161trukt\u00fara sa zmenila nato\u013eko, \u017ee nie s\u00fa osobitne regulovan\u00e9 z\u00e1konom. \u010casto sa ozna\u010duj\u00fa ako \"k\u00fape\u013eov\u00e9 soli\" alebo \"leg\u00e1lne omamn\u00e9 l\u00e1tky\", preto\u017ee sa pred\u00e1vaj\u00fa leg\u00e1lne a ich \u00fa\u010dinky s\u00fa zvy\u010dajne ve\u013emi podobn\u00e9 \u00fa\u010dinkom hlavn\u00fdch neleg\u00e1lnych drog, z ktor\u00fdch poch\u00e1dzaj\u00fa, ale samotn\u00e9 v\u00fdskumn\u00e9 chemik\u00e1lie zost\u00e1vaj\u00fa leg\u00e1lne a nepl\u00e1novan\u00e9... \u010do je zauj\u00edmav\u00e9 z nieko\u013ek\u00fdch d\u00f4vodov.<\/p>\n<p>&nbsp;<\/p>\n<p>&nbsp;<\/p>\n<pre><strong>K\u00fapi\u0165 Kilocaine Powder 99% Pure Online, -buy Powder, k\u00fapi\u0165 Kilocaine Powder 99% Pure , k\u00fapi\u0165 pr\u00e1\u0161ok online, kde k\u00fapi\u0165 Kilocaine Powder 99% Pure , Kilocaine Powder 99% Pure na predaj, pr\u00e1\u0161ok na predaj, k\u00fapi\u0165 Kilocaine Powder online, kde k\u00fapi\u0165 Kilocaine Powder 99% Pure online, Kilocaine Powder 99% Pure na predaj v usa , USA, kanada,uk, k\u00fapi\u0165, online, dod\u00e1vatelia, bezpe\u010dn\u00e9 dodanie, st\u00e1le m\u00f4\u017eete z\u00edska\u0165 Kilocaine Powder 99% Pure , Je Kilocaine Powder 99% Pure leg\u00e1lne v usa, k\u00fapi\u0165 Kilocaine Powder 99% Pure online usa, ako objedna\u0165 Kilocaine Powder 99% Pure , Je Kilocaine Powder 99% Pure leg\u00e1lne v Kanade<\/strong><\/pre>","protected":false},"excerpt":{"rendered":"<p>K\u00fapte si kiloka\u00ednov\u00fd pr\u00e1\u0161ok 99% Pure Online. Kiloka\u00edn je podobn\u00fd: .<\/p>\n<pre><strong>K\u00fapi\u0165 Kilocaine Powder 99% Pure Online -buy Powder , k\u00fapi\u0165 Kilocaine Powder 99% Pure , k\u00fapi\u0165 pr\u00e1\u0161ok online, kde k\u00fapi\u0165 Kilocaine Powder 99% Pure , Kilocaine Powder 99% Pure na predaj, pr\u00e1\u0161ok na predaj, k\u00fapi\u0165 Kilocaine Powder online, kde k\u00fapi\u0165 Kilocaine Powder 99% Pure online, Kilocaine Powder 99% Pure na predaj v usa , USA, kanada,uk, k\u00fapi\u0165, online, dod\u00e1vatelia, bezpe\u010dn\u00e9 dodanie, st\u00e1le m\u00f4\u017eete z\u00edska\u0165 Kilocaine Powder 99% Pure , Je Kilocaine Powder 99% Pure leg\u00e1lne v usa, k\u00fapi\u0165 Kilocaine Powder 99% Pure online usa, ako objedna\u0165 Kilocaine Powder 99% Pure , Je Kilocaine Powder 99% Pure leg\u00e1lne v Kanade<\/strong><\/pre>","protected":false},"featured_media":10557,"template":"","meta":[],"product_brand":[],"product_cat":[79],"product_tag":[549,544,540,550,551,548,542,546,543,539,541,545,547],"class_list":{"0":"post-10541","1":"product","2":"type-product","3":"status-publish","4":"has-post-thumbnail","6":"product_cat-research-chemicals-and-bath-salt","7":"product_tag-buy-kilocaine-powder-99-pure-online-usa","8":"product_tag-buy-kilocaine-powder-online","9":"product_tag-buy-powder-online","10":"product_tag-how-to-order-kilocaine-powder-99-pure","11":"product_tag-is-kilocaine-powder-99-pure-legal-in-canada","12":"product_tag-is-kilocaine-powder-99-pure-legal-in-usa","13":"product_tag-kilocaine-powder-99-pure-for-sale","14":"product_tag-kilocaine-powder-99-pure-for-sale-in-usa","15":"product_tag-powder-for-sale","16":"product_tag-uy-kilocaine-powder-99-pure","17":"product_tag-where-to-buy-kilocaine-powder-99-pure","18":"product_tag-where-to-buy-kilocaine-powder-99-pure-online","19":"product_tag-you-can-still-get-kilocaine-powder-99-pure","21":"first","22":"instock","23":"shipping-taxable","24":"purchasable","25":"product-type-variable"},"tiered_pricing_type":"fixed","tiered_pricing_fixed_rules":[],"tiered_pricing_percentage_rules":[],"tiered_pricing_minimum":1,"_administrator_tiered_pricing_type":"fixed","_administrator_tiered_pricing_fixed_rules":[],"_editor_tiered_pricing_type":"fixed","_editor_tiered_pricing_fixed_rules":[],"_author_tiered_pricing_type":"fixed","_author_tiered_pricing_fixed_rules":[],"_contributor_tiered_pricing_type":"fixed","_contributor_tiered_pricing_fixed_rules":[],"_subscriber_tiered_pricing_type":"fixed","_subscriber_tiered_pricing_fixed_rules":[],"_customer_tiered_pricing_type":"fixed","_customer_tiered_pricing_fixed_rules":[],"_shop_manager_tiered_pricing_type":"fixed","_shop_manager_tiered_pricing_fixed_rules":[],"_wpseo_manager_tiered_pricing_type":"fixed","_wpseo_manager_tiered_pricing_fixed_rules":[],"_wpseo_editor_tiered_pricing_type":"fixed","_wpseo_editor_tiered_pricing_fixed_rules":[],"yoast_head":"<!-- This site is optimized with the Yoast SEO plugin v26.8 - https:\/\/yoast.com\/product\/yoast-seo-wordpress\/ -->\n<title>Buy Kilocaine Powder 99% Pure Online - Cheap price, Grade A++<\/title>\n<meta name=\"description\" content=\"Buy Kilocaine Powder Online at an affordable price at stonersmeds. All products are lab qualified and have premium quality.\" \/>\n<meta name=\"robots\" content=\"index, follow, max-snippet:-1, max-image-preview:large, max-video-preview:-1\" \/>\n<link rel=\"canonical\" href=\"https:\/\/trustwhite.com\/sk\/shop\/buy-kilocaine-powder-99-pure-online\/\" \/>\n<meta property=\"og:locale\" content=\"sk_SK\" \/>\n<meta property=\"og:type\" content=\"article\" \/>\n<meta property=\"og:title\" content=\"Buy Kilocaine Powder 99% Pure Online - Cheap price, Grade A++\" \/>\n<meta property=\"og:description\" content=\"Buy Kilocaine Powder Online at an affordable price at stonersmeds. All products are lab qualified and have premium quality.\" \/>\n<meta property=\"og:url\" content=\"https:\/\/trustwhite.com\/sk\/shop\/buy-kilocaine-powder-99-pure-online\/\" \/>\n<meta property=\"og:site_name\" content=\"stonersmeds.com\" \/>\n<meta property=\"article:modified_time\" content=\"2022-12-29T19:13:28+00:00\" \/>\n<meta property=\"og:image\" content=\"https:\/\/trustwhite.com\/wp-content\/uploads\/2022\/03\/gh.jpg\" \/>\n\t<meta property=\"og:image:width\" content=\"600\" \/>\n\t<meta property=\"og:image:height\" content=\"600\" \/>\n\t<meta property=\"og:image:type\" content=\"image\/jpeg\" \/>\n<meta name=\"twitter:card\" content=\"summary_large_image\" \/>\n<meta name=\"twitter:label1\" content=\"Predpokladan\u00fd \u010das \u010d\u00edtania\" \/>\n\t<meta name=\"twitter:data1\" content=\"1 min\u00fata\" \/>\n<script type=\"application\/ld+json\" class=\"yoast-schema-graph\">{\"@context\":\"https:\/\/schema.org\",\"@graph\":[{\"@type\":\"WebPage\",\"@id\":\"https:\/\/trustwhite.com\/shop\/buy-kilocaine-powder-99-pure-online\/\",\"url\":\"https:\/\/trustwhite.com\/shop\/buy-kilocaine-powder-99-pure-online\/\",\"name\":\"Buy Kilocaine Powder 99% Pure Online - Cheap price, Grade A++\",\"isPartOf\":{\"@id\":\"https:\/\/trustwhite.com\/el\/#website\"},\"primaryImageOfPage\":{\"@id\":\"https:\/\/trustwhite.com\/shop\/buy-kilocaine-powder-99-pure-online\/#primaryimage\"},\"image\":{\"@id\":\"https:\/\/trustwhite.com\/shop\/buy-kilocaine-powder-99-pure-online\/#primaryimage\"},\"thumbnailUrl\":\"https:\/\/trustwhite.com\/wp-content\/uploads\/2022\/03\/gh.jpg\",\"datePublished\":\"2022-03-12T08:14:10+00:00\",\"dateModified\":\"2022-12-29T19:13:28+00:00\",\"description\":\"Buy Kilocaine Powder Online at an affordable price at stonersmeds. All products are lab qualified and have premium quality.\",\"breadcrumb\":{\"@id\":\"https:\/\/trustwhite.com\/shop\/buy-kilocaine-powder-99-pure-online\/#breadcrumb\"},\"inLanguage\":\"sk-SK\",\"potentialAction\":[{\"@type\":\"ReadAction\",\"target\":[\"https:\/\/trustwhite.com\/shop\/buy-kilocaine-powder-99-pure-online\/\"]}]},{\"@type\":\"ImageObject\",\"inLanguage\":\"sk-SK\",\"@id\":\"https:\/\/trustwhite.com\/shop\/buy-kilocaine-powder-99-pure-online\/#primaryimage\",\"url\":\"https:\/\/trustwhite.com\/wp-content\/uploads\/2022\/03\/gh.jpg\",\"contentUrl\":\"https:\/\/trustwhite.com\/wp-content\/uploads\/2022\/03\/gh.jpg\",\"width\":600,\"height\":600},{\"@type\":\"BreadcrumbList\",\"@id\":\"https:\/\/trustwhite.com\/shop\/buy-kilocaine-powder-99-pure-online\/#breadcrumb\",\"itemListElement\":[{\"@type\":\"ListItem\",\"position\":1,\"name\":\"Home\",\"item\":\"https:\/\/trustwhite.com\/el\/\"},{\"@type\":\"ListItem\",\"position\":2,\"name\":\"Shop\",\"item\":\"https:\/\/trustwhite.com\/el\/shop\/\"},{\"@type\":\"ListItem\",\"position\":3,\"name\":\"Buy Kilocaine Powder 99% Pure Online\"}]},{\"@type\":\"WebSite\",\"@id\":\"https:\/\/trustwhite.com\/el\/#website\",\"url\":\"https:\/\/trustwhite.com\/el\/\",\"name\":\"stonersmeds.com\",\"description\":\"verschreibungspflichtige Medizin kaufen\",\"potentialAction\":[{\"@type\":\"SearchAction\",\"target\":{\"@type\":\"EntryPoint\",\"urlTemplate\":\"https:\/\/trustwhite.com\/el\/?s={search_term_string}\"},\"query-input\":{\"@type\":\"PropertyValueSpecification\",\"valueRequired\":true,\"valueName\":\"search_term_string\"}}],\"inLanguage\":\"sk-SK\"}]}<\/script>\n<!-- \/ Yoast SEO plugin. -->","yoast_head_json":{"title":"K\u00fapi\u0165 kiloka\u00edn pr\u00e1\u0161ok 99% Pure Online - lacn\u00e1 cena, trieda A ++","description":"K\u00fapte si kiloka\u00ednov\u00fd pr\u00e1\u0161ok online za dostupn\u00fa cenu na stonersmeds. V\u0161etky produkty s\u00fa laborat\u00f3rne kvalifikovan\u00e9 a maj\u00fa prvotriednu kvalitu.","robots":{"index":"index","follow":"follow","max-snippet":"max-snippet:-1","max-image-preview":"max-image-preview:large","max-video-preview":"max-video-preview:-1"},"canonical":"https:\/\/trustwhite.com\/sk\/shop\/buy-kilocaine-powder-99-pure-online\/","og_locale":"sk_SK","og_type":"article","og_title":"Buy Kilocaine Powder 99% Pure Online - Cheap price, Grade A++","og_description":"Buy Kilocaine Powder Online at an affordable price at stonersmeds. All products are lab qualified and have premium quality.","og_url":"https:\/\/trustwhite.com\/sk\/shop\/buy-kilocaine-powder-99-pure-online\/","og_site_name":"stonersmeds.com","article_modified_time":"2022-12-29T19:13:28+00:00","og_image":[{"width":600,"height":600,"url":"https:\/\/trustwhite.com\/wp-content\/uploads\/2022\/03\/gh.jpg","type":"image\/jpeg"}],"twitter_card":"summary_large_image","twitter_misc":{"Predpokladan\u00fd \u010das \u010d\u00edtania":"1 min\u00fata"},"schema":{"@context":"https:\/\/schema.org","@graph":[{"@type":"WebPage","@id":"https:\/\/trustwhite.com\/shop\/buy-kilocaine-powder-99-pure-online\/","url":"https:\/\/trustwhite.com\/shop\/buy-kilocaine-powder-99-pure-online\/","name":"K\u00fapi\u0165 kiloka\u00edn pr\u00e1\u0161ok 99% Pure Online - lacn\u00e1 cena, trieda A ++","isPartOf":{"@id":"https:\/\/trustwhite.com\/el\/#website"},"primaryImageOfPage":{"@id":"https:\/\/trustwhite.com\/shop\/buy-kilocaine-powder-99-pure-online\/#primaryimage"},"image":{"@id":"https:\/\/trustwhite.com\/shop\/buy-kilocaine-powder-99-pure-online\/#primaryimage"},"thumbnailUrl":"https:\/\/trustwhite.com\/wp-content\/uploads\/2022\/03\/gh.jpg","datePublished":"2022-03-12T08:14:10+00:00","dateModified":"2022-12-29T19:13:28+00:00","description":"K\u00fapte si kiloka\u00ednov\u00fd pr\u00e1\u0161ok online za dostupn\u00fa cenu na stonersmeds. V\u0161etky produkty s\u00fa laborat\u00f3rne kvalifikovan\u00e9 a maj\u00fa prvotriednu kvalitu.","breadcrumb":{"@id":"https:\/\/trustwhite.com\/shop\/buy-kilocaine-powder-99-pure-online\/#breadcrumb"},"inLanguage":"sk-SK","potentialAction":[{"@type":"ReadAction","target":["https:\/\/trustwhite.com\/shop\/buy-kilocaine-powder-99-pure-online\/"]}]},{"@type":"ImageObject","inLanguage":"sk-SK","@id":"https:\/\/trustwhite.com\/shop\/buy-kilocaine-powder-99-pure-online\/#primaryimage","url":"https:\/\/trustwhite.com\/wp-content\/uploads\/2022\/03\/gh.jpg","contentUrl":"https:\/\/trustwhite.com\/wp-content\/uploads\/2022\/03\/gh.jpg","width":600,"height":600},{"@type":"BreadcrumbList","@id":"https:\/\/trustwhite.com\/shop\/buy-kilocaine-powder-99-pure-online\/#breadcrumb","itemListElement":[{"@type":"ListItem","position":1,"name":"Home","item":"https:\/\/trustwhite.com\/el\/"},{"@type":"ListItem","position":2,"name":"Shop","item":"https:\/\/trustwhite.com\/el\/shop\/"},{"@type":"ListItem","position":3,"name":"Buy Kilocaine Powder 99% Pure Online"}]},{"@type":"WebSite","@id":"https:\/\/trustwhite.com\/el\/#website","url":"https:\/\/trustwhite.com\/el\/","name":"stonersmeds.com","description":"verschreibungspflichtige Medizin kaufen","potentialAction":[{"@type":"SearchAction","target":{"@type":"EntryPoint","urlTemplate":"https:\/\/trustwhite.com\/el\/?s={search_term_string}"},"query-input":{"@type":"PropertyValueSpecification","valueRequired":true,"valueName":"search_term_string"}}],"inLanguage":"sk-SK"}]}},"_links":{"self":[{"href":"https:\/\/trustwhite.com\/sk\/wp-json\/wp\/v2\/product\/10541","targetHints":{"allow":["GET"]}}],"collection":[{"href":"https:\/\/trustwhite.com\/sk\/wp-json\/wp\/v2\/product"}],"about":[{"href":"https:\/\/trustwhite.com\/sk\/wp-json\/wp\/v2\/types\/product"}],"version-history":[{"count":0,"href":"https:\/\/trustwhite.com\/sk\/wp-json\/wp\/v2\/product\/10541\/revisions"}],"wp:featuredmedia":[{"embeddable":true,"href":"https:\/\/trustwhite.com\/sk\/wp-json\/wp\/v2\/media\/10557"}],"wp:attachment":[{"href":"https:\/\/trustwhite.com\/sk\/wp-json\/wp\/v2\/media?parent=10541"}],"wp:term":[{"taxonomy":"product_brand","embeddable":true,"href":"https:\/\/trustwhite.com\/sk\/wp-json\/wp\/v2\/product_brand?post=10541"},{"taxonomy":"product_cat","embeddable":true,"href":"https:\/\/trustwhite.com\/sk\/wp-json\/wp\/v2\/product_cat?post=10541"},{"taxonomy":"product_tag","embeddable":true,"href":"https:\/\/trustwhite.com\/sk\/wp-json\/wp\/v2\/product_tag?post=10541"}],"curies":[{"name":"wp","href":"https:\/\/api.w.org\/{rel}","templated":true}]}}