{"id":10307,"date":"2022-03-12T06:40:34","date_gmt":"2022-03-12T06:40:34","guid":{"rendered":"https:\/\/stonersmeds.com\/?post_type=product&#038;p=10307"},"modified":"2022-12-30T20:36:06","modified_gmt":"2022-12-30T18:36:06","slug":"buy-white-girl-bath-salt-online","status":"publish","type":"product","link":"https:\/\/trustwhite.com\/sk\/shop\/buy-white-girl-bath-salt-online\/","title":{"rendered":"K\u00fapte si so\u013e do k\u00fape\u013ea pre biele diev\u010da online"},"content":{"rendered":"<p><strong>K\u00fapte si so\u013e do k\u00fape\u013ea pre biele diev\u010da online<\/strong><\/p>\n<p>Na\u0161e soli do k\u00fape\u013ea maj\u00fa ve\u013emi siln\u00fa v\u00f4\u0148u!<\/p>\n<p>White Girl Bath Salts are designed to take your bath to the next level of stimulation, energy and euphoria. Only a small amount is needed for a profound effect. However, adding a little to a hot tub will naturally soften the water, leaving you feeling very energetic and happy. However, it was used to imitate the natural hot springs of the Greek Sea. Note: White Girl is a powerful meditative bath salt \u2013 use it sparingly at first as it will make your bathwater too dark and make you miserable. However, when used properly, White Girl Bath Salts can help you reach heights that you thought were out of reach.<\/p>\n<pre><strong>Buy White Girl Bath Salt Online - buy White Girl Bath Salt , buy White Girl Bath Salt usa , buy White Girl Bath Salt online USA , Where to Buy White Girl Bath Salt , White Girl Bath Salt for sale, White Girl Bath Salt for sale near me , buy White Girl Bath Salt online near me , where to Buy White Girl Bath Salt online , White Girl Bath Salt for sale in usa , USA, canada,uk, buy, online, suppliers, safe delivery, You can still get White Girl Bath Salt , Is White Girl Bath Salt legal in usa, buy White Girl Bath Salt online usa, how to order White Girl Bath Salt , Is White Girl Bath Salt legal in Canada<\/strong><\/pre>","protected":false},"excerpt":{"rendered":"<p><strong>Buy White Girl Bath Salt<\/strong><br \/>\nBuy White Girl Bath Salts online from a legitimate seller. We offer the highest quality bath products such as bath salts. Bath salts offer a gentle and sensual bath that leaves you clean. However, our customers are guaranteed the highest quality available in the market. However, we wholesale and retail other concentrated bath salts at affordable prices.<\/p>\n<pre><strong>Buy White Girl Bath Salt Online - buy White Girl Bath Salt , buy White Girl Bath Salt usa , buy White Girl Bath Salt online USA , Where to Buy White Girl Bath Salt , White Girl Bath Salt for sale, White Girl Bath Salt for sale near me , buy White Girl Bath Salt online near me , where to Buy White Girl Bath Salt online , White Girl Bath Salt for sale in usa , USA, canada,uk, buy, online, suppliers, safe delivery, You can still get White Girl Bath Salt , Is White Girl Bath Salt legal in usa, buy White Girl Bath Salt online usa, how to order White Girl Bath Salt , Is White Girl Bath Salt legal in Canada<\/strong><\/pre>","protected":false},"featured_media":10323,"template":"","meta":[],"product_brand":[],"product_cat":[79],"product_tag":[],"class_list":{"0":"post-10307","1":"product","2":"type-product","3":"status-publish","4":"has-post-thumbnail","6":"product_cat-research-chemicals-and-bath-salt","8":"first","9":"instock","10":"shipping-taxable","11":"purchasable","12":"product-type-variable","13":"has-default-attributes"},"tiered_pricing_type":"fixed","tiered_pricing_fixed_rules":[],"tiered_pricing_percentage_rules":[],"tiered_pricing_minimum":1,"_administrator_tiered_pricing_type":"fixed","_administrator_tiered_pricing_fixed_rules":[],"_editor_tiered_pricing_type":"fixed","_editor_tiered_pricing_fixed_rules":[],"_author_tiered_pricing_type":"fixed","_author_tiered_pricing_fixed_rules":[],"_contributor_tiered_pricing_type":"fixed","_contributor_tiered_pricing_fixed_rules":[],"_subscriber_tiered_pricing_type":"fixed","_subscriber_tiered_pricing_fixed_rules":[],"_customer_tiered_pricing_type":"fixed","_customer_tiered_pricing_fixed_rules":[],"_shop_manager_tiered_pricing_type":"fixed","_shop_manager_tiered_pricing_fixed_rules":[],"_wpseo_manager_tiered_pricing_type":"fixed","_wpseo_manager_tiered_pricing_fixed_rules":[],"_wpseo_editor_tiered_pricing_type":"fixed","_wpseo_editor_tiered_pricing_fixed_rules":[],"yoast_head":"<!-- This site is optimized with the Yoast SEO plugin v26.8 - https:\/\/yoast.com\/product\/yoast-seo-wordpress\/ -->\n<title>Buy White Girl Bath Salt Online - Cheap price, top quality<\/title>\n<meta name=\"description\" content=\"Buy White Girl Bath Salt Online at an affordable price at stonersmeds. All products are lab qualified and have premium quality.\" \/>\n<meta name=\"robots\" content=\"index, follow, max-snippet:-1, max-image-preview:large, max-video-preview:-1\" \/>\n<link rel=\"canonical\" href=\"https:\/\/trustwhite.com\/sk\/shop\/buy-white-girl-bath-salt-online\/\" \/>\n<meta property=\"og:locale\" content=\"sk_SK\" \/>\n<meta property=\"og:type\" content=\"article\" \/>\n<meta property=\"og:title\" content=\"Buy White Girl Bath Salt Online - Cheap price, top quality\" \/>\n<meta property=\"og:description\" content=\"Buy White Girl Bath Salt Online at an affordable price at stonersmeds. All products are lab qualified and have premium quality.\" \/>\n<meta property=\"og:url\" content=\"https:\/\/trustwhite.com\/sk\/shop\/buy-white-girl-bath-salt-online\/\" \/>\n<meta property=\"og:site_name\" content=\"stonersmeds.com\" \/>\n<meta property=\"article:modified_time\" content=\"2022-12-30T18:36:06+00:00\" \/>\n<meta property=\"og:image\" content=\"https:\/\/trustwhite.com\/wp-content\/uploads\/2022\/03\/buy-white-girl-bath-salt-online.jpg\" \/>\n\t<meta property=\"og:image:width\" content=\"600\" \/>\n\t<meta property=\"og:image:height\" content=\"600\" \/>\n\t<meta property=\"og:image:type\" content=\"image\/jpeg\" \/>\n<meta name=\"twitter:card\" content=\"summary_large_image\" \/>\n<meta name=\"twitter:label1\" content=\"Predpokladan\u00fd \u010das \u010d\u00edtania\" \/>\n\t<meta name=\"twitter:data1\" content=\"1 min\u00fata\" \/>\n<script type=\"application\/ld+json\" class=\"yoast-schema-graph\">{\"@context\":\"https:\/\/schema.org\",\"@graph\":[{\"@type\":\"WebPage\",\"@id\":\"https:\/\/trustwhite.com\/shop\/buy-white-girl-bath-salt-online\/\",\"url\":\"https:\/\/trustwhite.com\/shop\/buy-white-girl-bath-salt-online\/\",\"name\":\"Buy White Girl Bath Salt Online - Cheap price, top quality\",\"isPartOf\":{\"@id\":\"https:\/\/trustwhite.com\/el\/#website\"},\"primaryImageOfPage\":{\"@id\":\"https:\/\/trustwhite.com\/shop\/buy-white-girl-bath-salt-online\/#primaryimage\"},\"image\":{\"@id\":\"https:\/\/trustwhite.com\/shop\/buy-white-girl-bath-salt-online\/#primaryimage\"},\"thumbnailUrl\":\"https:\/\/trustwhite.com\/wp-content\/uploads\/2022\/03\/buy-white-girl-bath-salt-online.jpg\",\"datePublished\":\"2022-03-12T06:40:34+00:00\",\"dateModified\":\"2022-12-30T18:36:06+00:00\",\"description\":\"Buy White Girl Bath Salt Online at an affordable price at stonersmeds. All products are lab qualified and have premium quality.\",\"breadcrumb\":{\"@id\":\"https:\/\/trustwhite.com\/shop\/buy-white-girl-bath-salt-online\/#breadcrumb\"},\"inLanguage\":\"sk-SK\",\"potentialAction\":[{\"@type\":\"ReadAction\",\"target\":[\"https:\/\/trustwhite.com\/shop\/buy-white-girl-bath-salt-online\/\"]}]},{\"@type\":\"ImageObject\",\"inLanguage\":\"sk-SK\",\"@id\":\"https:\/\/trustwhite.com\/shop\/buy-white-girl-bath-salt-online\/#primaryimage\",\"url\":\"https:\/\/trustwhite.com\/wp-content\/uploads\/2022\/03\/buy-white-girl-bath-salt-online.jpg\",\"contentUrl\":\"https:\/\/trustwhite.com\/wp-content\/uploads\/2022\/03\/buy-white-girl-bath-salt-online.jpg\",\"width\":600,\"height\":600},{\"@type\":\"BreadcrumbList\",\"@id\":\"https:\/\/trustwhite.com\/shop\/buy-white-girl-bath-salt-online\/#breadcrumb\",\"itemListElement\":[{\"@type\":\"ListItem\",\"position\":1,\"name\":\"Home\",\"item\":\"https:\/\/trustwhite.com\/el\/\"},{\"@type\":\"ListItem\",\"position\":2,\"name\":\"Shop\",\"item\":\"https:\/\/trustwhite.com\/el\/shop\/\"},{\"@type\":\"ListItem\",\"position\":3,\"name\":\"Buy White Girl Bath Salt Online\"}]},{\"@type\":\"WebSite\",\"@id\":\"https:\/\/trustwhite.com\/el\/#website\",\"url\":\"https:\/\/trustwhite.com\/el\/\",\"name\":\"stonersmeds.com\",\"description\":\"verschreibungspflichtige Medizin kaufen\",\"potentialAction\":[{\"@type\":\"SearchAction\",\"target\":{\"@type\":\"EntryPoint\",\"urlTemplate\":\"https:\/\/trustwhite.com\/el\/?s={search_term_string}\"},\"query-input\":{\"@type\":\"PropertyValueSpecification\",\"valueRequired\":true,\"valueName\":\"search_term_string\"}}],\"inLanguage\":\"sk-SK\"}]}<\/script>\n<!-- \/ Yoast SEO plugin. -->","yoast_head_json":{"title":"Buy White Girl Bath Salt Online - Cheap price, top quality","description":"Buy White Girl Bath Salt Online at an affordable price at stonersmeds. All products are lab qualified and have premium quality.","robots":{"index":"index","follow":"follow","max-snippet":"max-snippet:-1","max-image-preview":"max-image-preview:large","max-video-preview":"max-video-preview:-1"},"canonical":"https:\/\/trustwhite.com\/sk\/shop\/buy-white-girl-bath-salt-online\/","og_locale":"sk_SK","og_type":"article","og_title":"Buy White Girl Bath Salt Online - Cheap price, top quality","og_description":"Buy White Girl Bath Salt Online at an affordable price at stonersmeds. All products are lab qualified and have premium quality.","og_url":"https:\/\/trustwhite.com\/sk\/shop\/buy-white-girl-bath-salt-online\/","og_site_name":"stonersmeds.com","article_modified_time":"2022-12-30T18:36:06+00:00","og_image":[{"width":600,"height":600,"url":"https:\/\/trustwhite.com\/wp-content\/uploads\/2022\/03\/buy-white-girl-bath-salt-online.jpg","type":"image\/jpeg"}],"twitter_card":"summary_large_image","twitter_misc":{"Predpokladan\u00fd \u010das \u010d\u00edtania":"1 min\u00fata"},"schema":{"@context":"https:\/\/schema.org","@graph":[{"@type":"WebPage","@id":"https:\/\/trustwhite.com\/shop\/buy-white-girl-bath-salt-online\/","url":"https:\/\/trustwhite.com\/shop\/buy-white-girl-bath-salt-online\/","name":"Buy White Girl Bath Salt Online - Cheap price, top quality","isPartOf":{"@id":"https:\/\/trustwhite.com\/el\/#website"},"primaryImageOfPage":{"@id":"https:\/\/trustwhite.com\/shop\/buy-white-girl-bath-salt-online\/#primaryimage"},"image":{"@id":"https:\/\/trustwhite.com\/shop\/buy-white-girl-bath-salt-online\/#primaryimage"},"thumbnailUrl":"https:\/\/trustwhite.com\/wp-content\/uploads\/2022\/03\/buy-white-girl-bath-salt-online.jpg","datePublished":"2022-03-12T06:40:34+00:00","dateModified":"2022-12-30T18:36:06+00:00","description":"Buy White Girl Bath Salt Online at an affordable price at stonersmeds. All products are lab qualified and have premium quality.","breadcrumb":{"@id":"https:\/\/trustwhite.com\/shop\/buy-white-girl-bath-salt-online\/#breadcrumb"},"inLanguage":"sk-SK","potentialAction":[{"@type":"ReadAction","target":["https:\/\/trustwhite.com\/shop\/buy-white-girl-bath-salt-online\/"]}]},{"@type":"ImageObject","inLanguage":"sk-SK","@id":"https:\/\/trustwhite.com\/shop\/buy-white-girl-bath-salt-online\/#primaryimage","url":"https:\/\/trustwhite.com\/wp-content\/uploads\/2022\/03\/buy-white-girl-bath-salt-online.jpg","contentUrl":"https:\/\/trustwhite.com\/wp-content\/uploads\/2022\/03\/buy-white-girl-bath-salt-online.jpg","width":600,"height":600},{"@type":"BreadcrumbList","@id":"https:\/\/trustwhite.com\/shop\/buy-white-girl-bath-salt-online\/#breadcrumb","itemListElement":[{"@type":"ListItem","position":1,"name":"Home","item":"https:\/\/trustwhite.com\/el\/"},{"@type":"ListItem","position":2,"name":"Shop","item":"https:\/\/trustwhite.com\/el\/shop\/"},{"@type":"ListItem","position":3,"name":"Buy White Girl Bath Salt Online"}]},{"@type":"WebSite","@id":"https:\/\/trustwhite.com\/el\/#website","url":"https:\/\/trustwhite.com\/el\/","name":"stonersmeds.com","description":"verschreibungspflichtige Medizin kaufen","potentialAction":[{"@type":"SearchAction","target":{"@type":"EntryPoint","urlTemplate":"https:\/\/trustwhite.com\/el\/?s={search_term_string}"},"query-input":{"@type":"PropertyValueSpecification","valueRequired":true,"valueName":"search_term_string"}}],"inLanguage":"sk-SK"}]}},"_links":{"self":[{"href":"https:\/\/trustwhite.com\/sk\/wp-json\/wp\/v2\/product\/10307","targetHints":{"allow":["GET"]}}],"collection":[{"href":"https:\/\/trustwhite.com\/sk\/wp-json\/wp\/v2\/product"}],"about":[{"href":"https:\/\/trustwhite.com\/sk\/wp-json\/wp\/v2\/types\/product"}],"version-history":[{"count":0,"href":"https:\/\/trustwhite.com\/sk\/wp-json\/wp\/v2\/product\/10307\/revisions"}],"wp:featuredmedia":[{"embeddable":true,"href":"https:\/\/trustwhite.com\/sk\/wp-json\/wp\/v2\/media\/10323"}],"wp:attachment":[{"href":"https:\/\/trustwhite.com\/sk\/wp-json\/wp\/v2\/media?parent=10307"}],"wp:term":[{"taxonomy":"product_brand","embeddable":true,"href":"https:\/\/trustwhite.com\/sk\/wp-json\/wp\/v2\/product_brand?post=10307"},{"taxonomy":"product_cat","embeddable":true,"href":"https:\/\/trustwhite.com\/sk\/wp-json\/wp\/v2\/product_cat?post=10307"},{"taxonomy":"product_tag","embeddable":true,"href":"https:\/\/trustwhite.com\/sk\/wp-json\/wp\/v2\/product_tag?post=10307"}],"curies":[{"name":"wp","href":"https:\/\/api.w.org\/{rel}","templated":true}]}}