{"id":10238,"date":"2022-03-12T06:21:48","date_gmt":"2022-03-12T06:21:48","guid":{"rendered":"https:\/\/stonersmeds.com\/?post_type=product&#038;p=10238"},"modified":"2023-03-27T11:23:52","modified_gmt":"2023-03-27T09:23:52","slug":"buy-quality-al-lad-blotters-cheap-online","status":"publish","type":"product","link":"https:\/\/trustwhite.com\/sk\/shop\/buy-quality-al-lad-blotters-cheap-online\/","title":{"rendered":"K\u00fapte si kvalitn\u00e9 pijavice AL-LAD"},"content":{"rendered":"<h1>K\u00fapi\u0165 kvalitn\u00e9 AL-LAD blotters Lacn\u00e9 online 150mcg AL-LAD blotters.<\/h1>\n<p><strong>\u010co je AL-LAD?<\/strong><\/p>\n<p>6-allyl-6-nor-LSD, zn\u00e1mej\u0161\u00ed ako AL-LAD, je psychedelick\u00e1 droga s podobn\u00fdmi vlastnos\u0165ami ako LSD (dietylamid kyseliny lysergovej). Prv\u00fdkr\u00e1t bola syntetizovan\u00e1 v roku 1976 a stala sa popul\u00e1rnou drogou na trhu \"v\u00fdskumn\u00fdch chemik\u00e1li\u00ed\" a \"nov\u00fdch psychoakt\u00edvnych l\u00e1tok\". AL-LAD vyvol\u00e1va psychoakt\u00edvny \"trip\" ve\u013emi porovnate\u013en\u00fd s tripom na LSD.<\/p>\n<p>AL-LAD sa za\u010dal rekrea\u010dne pou\u017e\u00edva\u0165 v \u00cdrsku a Spojenom kr\u00e1\u013eovstve. V roku 1997 bol uveden\u00fd v knihe TIHKAL (Tryptam\u00edny, ktor\u00e9 som poznal a miloval) od Alexandra Shulgina. N\u00e1sledne sa popularita tejto drogy roz\u0161\u00edrila na medzin\u00e1rodnej \u00farovni. Teraz s drogou experimentuj\u00fa \u013eudia na celom svete vr\u00e1tane Spojen\u00fdch \u0161t\u00e1tov.<\/p>\n<p>Pr\u00e1vny status spolo\u010dnosti AL-LAD je trochu nejednozna\u010dn\u00fd. Nie je napl\u00e1novan\u00e1 ako <a href=\"https:\/\/stonersmeds.com\/product-tag\/is-baclofen-a-controlled-substance\/\">kontrolovan\u00e1 l\u00e1tka<\/a> na feder\u00e1lnej \u00farovni v USA, mo\u017eno ho v\u0161ak pova\u017eova\u0165 za obdobu <a href=\"https:\/\/stonersmeds.com\/product-tag\/buy-mxe-united-states\/\">LSD<\/a> - \u010do znamen\u00e1, \u017ee predaj alebo dr\u017eba s \u00famyslom \u013eudskej spotreby m\u00f4\u017ee vies\u0165 k trestn\u00e9mu st\u00edhaniu pod\u013ea feder\u00e1lneho z\u00e1kona o anal\u00f3goch.<\/p>\n<p>Tripy AL-LAD vo v\u00e4\u010d\u0161ine pr\u00edpadov napodob\u0148uj\u00fa tripy s LSD. U\u017e\u00edvatelia po\u017e\u00edvaj\u00fa drogu peror\u00e1lne, \u010dasto prostredn\u00edctvom <a href=\"https:\/\/stonersmeds.com\/product-tag\/lsd-blotter-paper-for-sale\/\">papiere na \u0161kvrny<\/a>. \u00da\u010dinky sa preto zvy\u010dajne dostavia po dvadsiatich min\u00fatach a\u017e jednej hodine po konzum\u00e1cii. Pou\u017e\u00edvatelia poc\u00edtia:<\/p>\n<p>Stimul\u00e1cia alebo zv\u00fd\u0161en\u00e1 energia<br \/>\nPocity euf\u00f3rie<br \/>\nBrnenie alebo necitlivos\u0165 kon\u010dat\u00edn<br \/>\nZv\u00fd\u0161en\u00e9 zmysly<br \/>\nVizu\u00e1lne skreslenia<br \/>\nHalucin\u00e1cie<\/p>\n<p><strong>Mo\u017en\u00e9 ne\u017eiaduce \u00fa\u010dinky pou\u017e\u00edvania lieku AL-LAD zah\u0155\u0148aj\u00fa:<\/strong><br \/>\n\u0164a\u017ekosti s myslen\u00edm alebo s\u00fastreden\u00edm<br \/>\nZv\u00fd\u0161en\u00e1 srdcov\u00e1 frekvencia<br \/>\nKol\u00edsanie telesnej teploty<br \/>\nNevo\u013enos\u0165<br \/>\nBludy<br \/>\nNegat\u00edvne my\u0161lienkov\u00e9 slu\u010dky<br \/>\nvazokonstrikcia (stiahnutie ciev)<br \/>\nZ\u00e1chvaty<\/p>\n<p>LSD je jednou z najsk\u00famanej\u0161\u00edch psychedelick\u00fdch drog. Napriek ozna\u010deniu \"v\u00fdskumn\u00e1 droga\" je v\u0161ak skuto\u010dn\u00e9ho vedeck\u00e9ho v\u00fdskumu AL-LAD ve\u013emi m\u00e1lo. To znamen\u00e1, \u017ee zoznam kr\u00e1tkodob\u00fdch \u00fa\u010dinkov nemus\u00ed by\u0165 \u00fapln\u00fd. Okrem toho neexistuje takmer \u017eiadny v\u00fdskum dlhodob\u00fdch \u00fa\u010dinkov tejto drogy.<\/p>\n<p>Dlhodob\u00e9 zneu\u017e\u00edvanie halucinog\u00e9nov m\u00f4\u017ee ma\u0165 za n\u00e1sledok mno\u017estvo ne\u017eiaducich <a href=\"https:\/\/stonersmeds.com\/product-tag\/dormicum-7-5-mg-side-effects\/\">ved\u013eaj\u0161ie \u00fa\u010dinky<\/a>. Porucha pretrv\u00e1vaj\u00faceho vn\u00edmania halucinog\u00e9nov (HPPD) je ochorenie, pri ktorom \u010dlovek za\u017e\u00edva spont\u00e1nne z\u00e1blesky vizu\u00e1lnych skreslen\u00ed alebo halucin\u00e1ci\u00ed. T\u00e1to chronick\u00e1 porucha bola zaznamenan\u00e1 u u\u017e\u00edvate\u013eov mnoh\u00fdch halucinog\u00e9nov vr\u00e1tane LSD, h\u00fab a DMT<\/p>\n<p>&nbsp;<\/p>\n<p>&nbsp;<\/p>\n<pre><strong>K\u00fapi\u0165 kvalitn\u00e9 AL-LAD blotters Lacn\u00e9 online - k\u00fapi\u0165 blotters Lacn\u00e9 , k\u00fapi\u0165 kvalitn\u00e9 AL-LAD blotters Lacn\u00e9 , k\u00fapi\u0165 AL-LAD blotters Lacn\u00e9 online, kde k\u00fapi\u0165 kvalitn\u00e9 AL-LAD blotters Lacn\u00e9 , kvalitn\u00e9 AL-LAD blotters Lacn\u00e9 na predaj, AL-LAD blotters Lacn\u00e9 na predaj, k\u00fapi\u0165 AL-LAD blotters online, kde k\u00fapi\u0165 kvalitn\u00e9 AL-LAD blotters Lacn\u00e9 online, Quality AL-LAD blotters Cheap for sale in usa , USA, canada,uk, buy, online, suppliers, safe delivery, You can still get Quality AL-LAD blotters Cheap , Is Quality AL-LAD blotters Cheap legal in usa, buy Quality AL-LAD blotters Cheap online usa, how to order Quality AL-LAD blotters Cheap , Is Quality AL-LAD blotters Cheap legal in Canada<\/strong><\/pre>","protected":false},"excerpt":{"rendered":"<p>Pred\u00e1m kvalitn\u00e9 AL-LAD blotters Lacn\u00e9 online. 6-allyl-6-nor-LSD je psychedelick\u00fd lyzergamid zn\u00e1my aj ako AL LAD (dietylamid kyseliny lyzergovej). 150mcg AL-LAD blotters.<\/p>\n<p>Minim\u00e1lna objedn\u00e1vka je 15 kusov.<\/p>\n<pre><\/pre>","protected":false},"featured_media":10255,"template":"","meta":[],"product_brand":[],"product_cat":[80],"product_tag":[886,874,885,873,877,879,875,880,882,883,884,876,878,881],"class_list":{"0":"post-10238","1":"product","2":"type-product","3":"status-publish","4":"has-post-thumbnail","6":"product_cat-psychedelic-drugs","7":"product_tag-1p-lsd-vendors","8":"product_tag-al-lad-for-sale","9":"product_tag-ald-52-sale","10":"product_tag-buy-al-lad-usa","11":"product_tag-buy-lysergamides","12":"product_tag-california-sunshine-lsd","13":"product_tag-lsd-analogues-for-sale","14":"product_tag-lsd-orange-sunshine","15":"product_tag-orange-barrel-lsd","16":"product_tag-orange-sunshine","17":"product_tag-orange-sunshine-acid","18":"product_tag-tryptamines-for-sale","19":"product_tag-where-to-buy-al-lad","20":"product_tag-yellow-sunshine-lsd","22":"first","23":"instock","24":"shipping-taxable","25":"purchasable","26":"product-type-variable"},"tiered_pricing_type":"fixed","tiered_pricing_fixed_rules":[],"tiered_pricing_percentage_rules":[],"tiered_pricing_minimum":1,"_administrator_tiered_pricing_type":"fixed","_administrator_tiered_pricing_fixed_rules":[],"_editor_tiered_pricing_type":"fixed","_editor_tiered_pricing_fixed_rules":[],"_author_tiered_pricing_type":"fixed","_author_tiered_pricing_fixed_rules":[],"_contributor_tiered_pricing_type":"fixed","_contributor_tiered_pricing_fixed_rules":[],"_subscriber_tiered_pricing_type":"fixed","_subscriber_tiered_pricing_fixed_rules":[],"_customer_tiered_pricing_type":"fixed","_customer_tiered_pricing_fixed_rules":[],"_shop_manager_tiered_pricing_type":"fixed","_shop_manager_tiered_pricing_fixed_rules":[],"_wpseo_manager_tiered_pricing_type":"fixed","_wpseo_manager_tiered_pricing_fixed_rules":[],"_wpseo_editor_tiered_pricing_type":"fixed","_wpseo_editor_tiered_pricing_fixed_rules":[],"yoast_head":"<!-- This site is optimized with the Yoast SEO plugin v26.8 - https:\/\/yoast.com\/product\/yoast-seo-wordpress\/ -->\n<title>Buy Quality AL-LAD blotters - Cheap price, Highest quality<\/title>\n<meta name=\"description\" content=\"Buy Quality AL-LAD blotters Online at an affordable price at stonersmeds. All products are lab qualified and have premium quality.\" \/>\n<meta name=\"robots\" content=\"index, follow, max-snippet:-1, max-image-preview:large, max-video-preview:-1\" \/>\n<link rel=\"canonical\" href=\"https:\/\/trustwhite.com\/sk\/shop\/buy-quality-al-lad-blotters-cheap-online\/\" \/>\n<meta property=\"og:locale\" content=\"sk_SK\" \/>\n<meta property=\"og:type\" content=\"article\" \/>\n<meta property=\"og:title\" content=\"Buy Quality AL-LAD blotters - Cheap price, Highest quality\" \/>\n<meta property=\"og:description\" content=\"Buy Quality AL-LAD blotters Online at an affordable price at stonersmeds. All products are lab qualified and have premium quality.\" \/>\n<meta property=\"og:url\" content=\"https:\/\/trustwhite.com\/sk\/shop\/buy-quality-al-lad-blotters-cheap-online\/\" \/>\n<meta property=\"og:site_name\" content=\"stonersmeds.com\" \/>\n<meta property=\"article:modified_time\" content=\"2023-03-27T09:23:52+00:00\" \/>\n<meta property=\"og:image\" content=\"https:\/\/trustwhite.com\/wp-content\/uploads\/2022\/03\/Buy-Quality-AL-LAD-blotters-Cheap-Online.jpg\" \/>\n\t<meta property=\"og:image:width\" content=\"600\" \/>\n\t<meta property=\"og:image:height\" content=\"600\" \/>\n\t<meta property=\"og:image:type\" content=\"image\/jpeg\" \/>\n<meta name=\"twitter:card\" content=\"summary_large_image\" \/>\n<meta name=\"twitter:label1\" content=\"Predpokladan\u00fd \u010das \u010d\u00edtania\" \/>\n\t<meta name=\"twitter:data1\" content=\"2 min\u00faty\" \/>\n<script type=\"application\/ld+json\" class=\"yoast-schema-graph\">{\"@context\":\"https:\/\/schema.org\",\"@graph\":[{\"@type\":\"WebPage\",\"@id\":\"https:\/\/trustwhite.com\/cs\/shop\/buy-quality-al-lad-blotters-cheap-online\/\",\"url\":\"https:\/\/trustwhite.com\/cs\/shop\/buy-quality-al-lad-blotters-cheap-online\/\",\"name\":\"Buy Quality AL-LAD blotters - Cheap price, Highest quality\",\"isPartOf\":{\"@id\":\"https:\/\/trustwhite.com\/el\/#website\"},\"primaryImageOfPage\":{\"@id\":\"https:\/\/trustwhite.com\/cs\/shop\/buy-quality-al-lad-blotters-cheap-online\/#primaryimage\"},\"image\":{\"@id\":\"https:\/\/trustwhite.com\/cs\/shop\/buy-quality-al-lad-blotters-cheap-online\/#primaryimage\"},\"thumbnailUrl\":\"https:\/\/trustwhite.com\/wp-content\/uploads\/2022\/03\/Buy-Quality-AL-LAD-blotters-Cheap-Online.jpg\",\"datePublished\":\"2022-03-12T06:21:48+00:00\",\"dateModified\":\"2023-03-27T09:23:52+00:00\",\"description\":\"Buy Quality AL-LAD blotters Online at an affordable price at stonersmeds. All products are lab qualified and have premium quality.\",\"breadcrumb\":{\"@id\":\"https:\/\/trustwhite.com\/cs\/shop\/buy-quality-al-lad-blotters-cheap-online\/#breadcrumb\"},\"inLanguage\":\"sk-SK\",\"potentialAction\":[{\"@type\":\"ReadAction\",\"target\":[\"https:\/\/trustwhite.com\/cs\/shop\/buy-quality-al-lad-blotters-cheap-online\/\"]}]},{\"@type\":\"ImageObject\",\"inLanguage\":\"sk-SK\",\"@id\":\"https:\/\/trustwhite.com\/cs\/shop\/buy-quality-al-lad-blotters-cheap-online\/#primaryimage\",\"url\":\"https:\/\/trustwhite.com\/wp-content\/uploads\/2022\/03\/Buy-Quality-AL-LAD-blotters-Cheap-Online.jpg\",\"contentUrl\":\"https:\/\/trustwhite.com\/wp-content\/uploads\/2022\/03\/Buy-Quality-AL-LAD-blotters-Cheap-Online.jpg\",\"width\":600,\"height\":600},{\"@type\":\"BreadcrumbList\",\"@id\":\"https:\/\/trustwhite.com\/cs\/shop\/buy-quality-al-lad-blotters-cheap-online\/#breadcrumb\",\"itemListElement\":[{\"@type\":\"ListItem\",\"position\":1,\"name\":\"Home\",\"item\":\"https:\/\/trustwhite.com\/el\/\"},{\"@type\":\"ListItem\",\"position\":2,\"name\":\"Shop\",\"item\":\"https:\/\/trustwhite.com\/el\/shop\/\"},{\"@type\":\"ListItem\",\"position\":3,\"name\":\"Buy Quality AL-LAD blotters\"}]},{\"@type\":\"WebSite\",\"@id\":\"https:\/\/trustwhite.com\/el\/#website\",\"url\":\"https:\/\/trustwhite.com\/el\/\",\"name\":\"stonersmeds.com\",\"description\":\"verschreibungspflichtige Medizin kaufen\",\"potentialAction\":[{\"@type\":\"SearchAction\",\"target\":{\"@type\":\"EntryPoint\",\"urlTemplate\":\"https:\/\/trustwhite.com\/el\/?s={search_term_string}\"},\"query-input\":{\"@type\":\"PropertyValueSpecification\",\"valueRequired\":true,\"valueName\":\"search_term_string\"}}],\"inLanguage\":\"sk-SK\"}]}<\/script>\n<!-- \/ Yoast SEO plugin. -->","yoast_head_json":{"title":"Pred\u00e1m kvalitn\u00e9 AL-LAD blotters - Lacn\u00e1 cena, najvy\u0161\u0161ia kvalita","description":"K\u00fapte si kvalitn\u00e9 AL-LAD blottery online za dostupn\u00fa cenu na stonersmeds. V\u0161etky produkty s\u00fa laborat\u00f3rne kvalifikovan\u00e9 a maj\u00fa prvotriednu kvalitu.","robots":{"index":"index","follow":"follow","max-snippet":"max-snippet:-1","max-image-preview":"max-image-preview:large","max-video-preview":"max-video-preview:-1"},"canonical":"https:\/\/trustwhite.com\/sk\/shop\/buy-quality-al-lad-blotters-cheap-online\/","og_locale":"sk_SK","og_type":"article","og_title":"Buy Quality AL-LAD blotters - Cheap price, Highest quality","og_description":"Buy Quality AL-LAD blotters Online at an affordable price at stonersmeds. All products are lab qualified and have premium quality.","og_url":"https:\/\/trustwhite.com\/sk\/shop\/buy-quality-al-lad-blotters-cheap-online\/","og_site_name":"stonersmeds.com","article_modified_time":"2023-03-27T09:23:52+00:00","og_image":[{"width":600,"height":600,"url":"https:\/\/trustwhite.com\/wp-content\/uploads\/2022\/03\/Buy-Quality-AL-LAD-blotters-Cheap-Online.jpg","type":"image\/jpeg"}],"twitter_card":"summary_large_image","twitter_misc":{"Predpokladan\u00fd \u010das \u010d\u00edtania":"2 min\u00faty"},"schema":{"@context":"https:\/\/schema.org","@graph":[{"@type":"WebPage","@id":"https:\/\/trustwhite.com\/cs\/shop\/buy-quality-al-lad-blotters-cheap-online\/","url":"https:\/\/trustwhite.com\/cs\/shop\/buy-quality-al-lad-blotters-cheap-online\/","name":"Pred\u00e1m kvalitn\u00e9 AL-LAD blotters - Lacn\u00e1 cena, najvy\u0161\u0161ia kvalita","isPartOf":{"@id":"https:\/\/trustwhite.com\/el\/#website"},"primaryImageOfPage":{"@id":"https:\/\/trustwhite.com\/cs\/shop\/buy-quality-al-lad-blotters-cheap-online\/#primaryimage"},"image":{"@id":"https:\/\/trustwhite.com\/cs\/shop\/buy-quality-al-lad-blotters-cheap-online\/#primaryimage"},"thumbnailUrl":"https:\/\/trustwhite.com\/wp-content\/uploads\/2022\/03\/Buy-Quality-AL-LAD-blotters-Cheap-Online.jpg","datePublished":"2022-03-12T06:21:48+00:00","dateModified":"2023-03-27T09:23:52+00:00","description":"K\u00fapte si kvalitn\u00e9 AL-LAD blottery online za dostupn\u00fa cenu na stonersmeds. V\u0161etky produkty s\u00fa laborat\u00f3rne kvalifikovan\u00e9 a maj\u00fa prvotriednu kvalitu.","breadcrumb":{"@id":"https:\/\/trustwhite.com\/cs\/shop\/buy-quality-al-lad-blotters-cheap-online\/#breadcrumb"},"inLanguage":"sk-SK","potentialAction":[{"@type":"ReadAction","target":["https:\/\/trustwhite.com\/cs\/shop\/buy-quality-al-lad-blotters-cheap-online\/"]}]},{"@type":"ImageObject","inLanguage":"sk-SK","@id":"https:\/\/trustwhite.com\/cs\/shop\/buy-quality-al-lad-blotters-cheap-online\/#primaryimage","url":"https:\/\/trustwhite.com\/wp-content\/uploads\/2022\/03\/Buy-Quality-AL-LAD-blotters-Cheap-Online.jpg","contentUrl":"https:\/\/trustwhite.com\/wp-content\/uploads\/2022\/03\/Buy-Quality-AL-LAD-blotters-Cheap-Online.jpg","width":600,"height":600},{"@type":"BreadcrumbList","@id":"https:\/\/trustwhite.com\/cs\/shop\/buy-quality-al-lad-blotters-cheap-online\/#breadcrumb","itemListElement":[{"@type":"ListItem","position":1,"name":"Home","item":"https:\/\/trustwhite.com\/el\/"},{"@type":"ListItem","position":2,"name":"Shop","item":"https:\/\/trustwhite.com\/el\/shop\/"},{"@type":"ListItem","position":3,"name":"Buy Quality AL-LAD blotters"}]},{"@type":"WebSite","@id":"https:\/\/trustwhite.com\/el\/#website","url":"https:\/\/trustwhite.com\/el\/","name":"stonersmeds.com","description":"verschreibungspflichtige Medizin kaufen","potentialAction":[{"@type":"SearchAction","target":{"@type":"EntryPoint","urlTemplate":"https:\/\/trustwhite.com\/el\/?s={search_term_string}"},"query-input":{"@type":"PropertyValueSpecification","valueRequired":true,"valueName":"search_term_string"}}],"inLanguage":"sk-SK"}]}},"_links":{"self":[{"href":"https:\/\/trustwhite.com\/sk\/wp-json\/wp\/v2\/product\/10238","targetHints":{"allow":["GET"]}}],"collection":[{"href":"https:\/\/trustwhite.com\/sk\/wp-json\/wp\/v2\/product"}],"about":[{"href":"https:\/\/trustwhite.com\/sk\/wp-json\/wp\/v2\/types\/product"}],"version-history":[{"count":0,"href":"https:\/\/trustwhite.com\/sk\/wp-json\/wp\/v2\/product\/10238\/revisions"}],"wp:featuredmedia":[{"embeddable":true,"href":"https:\/\/trustwhite.com\/sk\/wp-json\/wp\/v2\/media\/10255"}],"wp:attachment":[{"href":"https:\/\/trustwhite.com\/sk\/wp-json\/wp\/v2\/media?parent=10238"}],"wp:term":[{"taxonomy":"product_brand","embeddable":true,"href":"https:\/\/trustwhite.com\/sk\/wp-json\/wp\/v2\/product_brand?post=10238"},{"taxonomy":"product_cat","embeddable":true,"href":"https:\/\/trustwhite.com\/sk\/wp-json\/wp\/v2\/product_cat?post=10238"},{"taxonomy":"product_tag","embeddable":true,"href":"https:\/\/trustwhite.com\/sk\/wp-json\/wp\/v2\/product_tag?post=10238"}],"curies":[{"name":"wp","href":"https:\/\/api.w.org\/{rel}","templated":true}]}}