{"id":10203,"date":"2022-03-12T06:01:12","date_gmt":"2022-03-12T06:01:12","guid":{"rendered":"https:\/\/stonersmeds.com\/?post_type=product&#038;p=10203"},"modified":"2023-04-13T12:22:22","modified_gmt":"2023-04-13T10:22:22","slug":"buy-liquid-lsd-200ug-drop-online","status":"publish","type":"product","link":"https:\/\/trustwhite.com\/sk\/shop\/buy-liquid-lsd-200ug-drop-online\/","title":{"rendered":"K\u00fapte si tekut\u00fd LSD 200ug Drop online"},"content":{"rendered":"<h1>K\u00fapte si tekut\u00e9 lsd 200 ug &amp; drop online lacno.<\/h1>\n<p><strong>\u010co je LSD Liquid?<\/strong><\/p>\n<p>LSD alebo dietylamid kyseliny lysergovej je psychedelick\u00e1 droga odvoden\u00e1 od chemik\u00e1lie v ra\u017enej hube. Je najlep\u0161ie zn\u00e1my pre svoje pou\u017e\u00edvanie po\u010das kontrakult\u00fary v 60. rokoch a n\u00e1sledn\u00fd z\u00e1kaz mu dal v\u00e4\u010d\u0161inou negat\u00edvnu poves\u0165.<\/p>\n<p>V roku 1938 Albert Hofmann, \u0161vaj\u010diarsky vedec, syntetizoval LSD vo svojom laborat\u00f3riu vo \u0161vaj\u010diarskom Z\u00fcrichu. Neo\u010dak\u00e1vane objavil jeho halucinog\u00e9nne \u00fa\u010dinky v roku 1943, ke\u010f sa mal\u00e9 mno\u017estvo dostalo do kontaktu s jeho poko\u017ekou.<\/p>\n<p><a href=\"https:\/\/stonersmeds.com\/shop\/buy-lsd-100mcg-blotters-online\/\">K\u00fapi\u0165 LSD<\/a>LSD je mimoriadne siln\u00fd halucinog\u00e9n a m\u00e1 obrovsk\u00fd terapeutick\u00fd, duchovn\u00fd a kult\u00farny potenci\u00e1l.<\/p>\n<h3>K\u00fapi\u0165 kvapaln\u00e9 LSD 200ug &amp; drop online Lacn\u00e9 - Farmakol\u00f3gia<\/h3>\n<p>Po po\u017eit\u00ed v \u013eudskom tele p\u00f4sob\u00ed LSD ako aktiv\u00e1tor 5-HT (seroton\u00ednov\u00fdch) receptorov a z\u00e1rove\u0148 v\u00fdrazne zvy\u0161uje hladinu seroton\u00ednu v mozgu deaktiv\u00e1ciou syst\u00e9mov, ktor\u00e9 reguluj\u00fa hladinu seroton\u00ednu. K\u00fapi\u0165 LSD v tekutom stave 200ug &amp; kvapky online lacno. <a href=\"https:\/\/stonersmeds.com\/product-tag\/liquid-lsd-price\/\">cena tekut\u00e9ho LSD<\/a>, 200ug LSD Z 15 r\u00f4znych seroton\u00ednov\u00fdch receptorov v mozgu LSD v\u00e4\u010d\u0161inou preferuje podtyp 2A (5-HT2A). Receptor 5-HT2A sa podie\u013ea na kognit\u00edvnych procesoch v prefront\u00e1lnej k\u00f4re. To je d\u00f4le\u017eit\u00fd bod, preto\u017ee pr\u00e1ve odtia\u013e poch\u00e1dza mnoho pr\u00ednosov LSD, ktor\u00e9 sa prejavuj\u00fa jeho zapojen\u00edm do prefront\u00e1lnej k\u00f4ry.<\/p>\n<h3>Ako vyrobi\u0165 LSD?<\/h3>\n<p>V\u00fdroba LSD si vy\u017eaduje d\u00f4kladn\u00e9 znalosti organickej ch\u00e9mie, kompletn\u00e9 laborat\u00f3rne vybavenie (vr\u00e1tane mo\u017enosti sterilizova\u0165 zariadenia a pr\u00edstupu do tmavej komory) a nieko\u013eko chemik\u00e1li\u00ed, ktor\u00fdch predaj je v s\u00fa\u010dasnosti bu\u010f obmedzen\u00fd, alebo ich predaj pr\u00edsne monitoruje \u00darad pre kontrolu lie\u010div (DEA). Na rozdiel od chemik\u00e1li\u00ed pou\u017e\u00edvan\u00fdch pri v\u00fdrobe metamfetam\u00ednu ich nemo\u017eno n\u00e1js\u0165 v celkom be\u017en\u00fdch predmetoch v dom\u00e1cnosti.<\/p>\n<p>Predpoklad\u00e1 sa, \u017ee prefront\u00e1lna k\u00f4ra je akt\u00edvna pri pl\u00e1novan\u00ed komplexn\u00e9ho kognit\u00edvneho spr\u00e1vania, vyjadrovan\u00ed osobnosti, rozhodovan\u00ed a riaden\u00ed soci\u00e1lneho spr\u00e1vania. K\u00fapi\u0165 kvapaln\u00e9 LSD 200ug &amp; drop online lacno. Zohr\u00e1va tie\u017e k\u013e\u00fa\u010dov\u00fa \u00falohu v schopnosti \u010dloveka spracov\u00e1va\u0165 inform\u00e1cie zo v\u0161etk\u00fdch ostatn\u00fdch mozgov\u00fdch syst\u00e9mov a v d\u00f4sledku toho prij\u00edma\u0165 cie\u013eavedom\u00e9 rozhodnutia.<\/p>\n<p>https:\/\/stonersmeds.com\/product-tag\/buy-blotter-lsd-online\/<\/p>\n<p>Dietylamid kyseliny lysergovej, v\u0161eobecne zn\u00e1my ako LSD, je neleg\u00e1lna droga, ktor\u00e1 men\u00ed zmysly a sp\u00f4sobuje halucin\u00e1cie.<\/p>\n<p>&nbsp;<\/p>\n<p>&nbsp;<\/p>\n<pre><strong>K\u00fapi\u0165 tekut\u00fd LSD 200ug Drop Online - k\u00fapi\u0165 tekut\u00fd LSD , <a href=\"https:\/\/stonersmeds.com\/shop\/buy-liquid-lsd-200ug-drop-online-2\/\">k\u00fapi\u0165 tekut\u00e9 LSD 200ug Drop<\/a> , k\u00fapi\u0165 LSD 200ug online, kde k\u00fapi\u0165 kvapaln\u00e9 LSD 200ug Drop , kvapaln\u00e9 LSD 200ug Drop na predaj, kvapaln\u00e9 LSD na predaj, k\u00fapi\u0165 LSD 200ug Drop online, kde k\u00fapi\u0165 kvapaln\u00e9 LSD 200ug Drop online, kvapaln\u00e9 LSD 200ug Drop na predaj v usa , USA, kanada,UK, k\u00fapi\u0165, online, dod\u00e1vatelia, bezpe\u010dn\u00e9 dodanie, st\u00e1le m\u00f4\u017eete z\u00edska\u0165 liquid LSD 200ug Drop , Is liquid LSD 200ug Drop legal in usa, k\u00fapi\u0165 liquid LSD 200ug Drop online usa, ako objedna\u0165 liquid LSD 200ug Drop , Is liquid LSD 200ug Drop legal in Canada<\/strong><\/pre>","protected":false},"excerpt":{"rendered":"<p>K\u00fapi\u0165 tekut\u00fd LSD 200ug &amp; drop online Lacn\u00e9. N\u00e1kup LSD je ve\u013emi jednoduch\u00fd, je \u013eahko dostupn\u00fd v online obchode v USA.<\/p>\n<p>1 ml = 20 kvapiek = 20 pijaviek<\/p>\n<pre><\/pre>","protected":false},"featured_media":10220,"template":"","meta":[],"product_brand":[],"product_cat":[80],"product_tag":[846,869,870,871,864,867,865,862,866,861,863,868],"class_list":{"0":"post-10203","1":"product","2":"type-product","3":"status-publish","4":"has-post-thumbnail","6":"product_cat-psychedelic-drugs","7":"product_tag-1p-lsd-shop","8":"product_tag-how-long-does-lsd-cost","9":"product_tag-how-much-does-lsd-cost","10":"product_tag-how-much-does-lsd-cost-per-tab","11":"product_tag-how-to-make-liquid-lsd","12":"product_tag-liquid-acid-lsd","13":"product_tag-liquid-lsd-color","14":"product_tag-liquid-lsd-online","15":"product_tag-liquid-lsd-price","16":"product_tag-liquid-lsd-shop","17":"product_tag-liquid-lsd-vs-tabs","18":"product_tag-what-does-lsd-look-like","20":"first","21":"instock","22":"shipping-taxable","23":"purchasable","24":"product-type-variable"},"tiered_pricing_type":"fixed","tiered_pricing_fixed_rules":[],"tiered_pricing_percentage_rules":[],"tiered_pricing_minimum":1,"_administrator_tiered_pricing_type":"fixed","_administrator_tiered_pricing_fixed_rules":[],"_editor_tiered_pricing_type":"fixed","_editor_tiered_pricing_fixed_rules":[],"_author_tiered_pricing_type":"fixed","_author_tiered_pricing_fixed_rules":[],"_contributor_tiered_pricing_type":"fixed","_contributor_tiered_pricing_fixed_rules":[],"_subscriber_tiered_pricing_type":"fixed","_subscriber_tiered_pricing_fixed_rules":[],"_customer_tiered_pricing_type":"fixed","_customer_tiered_pricing_fixed_rules":[],"_shop_manager_tiered_pricing_type":"fixed","_shop_manager_tiered_pricing_fixed_rules":[],"_wpseo_manager_tiered_pricing_type":"fixed","_wpseo_manager_tiered_pricing_fixed_rules":[],"_wpseo_editor_tiered_pricing_type":"fixed","_wpseo_editor_tiered_pricing_fixed_rules":[],"yoast_head":"<!-- This site is optimized with the Yoast SEO plugin v26.8 - https:\/\/yoast.com\/product\/yoast-seo-wordpress\/ -->\n<title>Buy liquid LSD 200ug Drop Online - Cheap price, Highest quality<\/title>\n<meta name=\"description\" content=\"Buy liquid LSD 200ug Online at an affordable price at stonersmeds. All products are lab qualified and have premium quality.\" \/>\n<meta name=\"robots\" content=\"index, follow, max-snippet:-1, max-image-preview:large, max-video-preview:-1\" \/>\n<link rel=\"canonical\" href=\"https:\/\/trustwhite.com\/sk\/shop\/buy-liquid-lsd-200ug-drop-online\/\" \/>\n<meta property=\"og:locale\" content=\"sk_SK\" \/>\n<meta property=\"og:type\" content=\"article\" \/>\n<meta property=\"og:title\" content=\"Buy liquid LSD 200ug Drop Online - Cheap price, Highest quality\" \/>\n<meta property=\"og:description\" content=\"Buy liquid LSD 200ug Online at an affordable price at stonersmeds. All products are lab qualified and have premium quality.\" \/>\n<meta property=\"og:url\" content=\"https:\/\/trustwhite.com\/sk\/shop\/buy-liquid-lsd-200ug-drop-online\/\" \/>\n<meta property=\"og:site_name\" content=\"stonersmeds.com\" \/>\n<meta property=\"article:modified_time\" content=\"2023-04-13T10:22:22+00:00\" \/>\n<meta property=\"og:image\" content=\"https:\/\/trustwhite.com\/wp-content\/uploads\/2022\/03\/Buy-liquid-lsd-200ug-drop-Online-Cheap.jpg\" \/>\n\t<meta property=\"og:image:width\" content=\"600\" \/>\n\t<meta property=\"og:image:height\" content=\"600\" \/>\n\t<meta property=\"og:image:type\" content=\"image\/jpeg\" \/>\n<meta name=\"twitter:card\" content=\"summary_large_image\" \/>\n<meta name=\"twitter:label1\" content=\"Predpokladan\u00fd \u010das \u010d\u00edtania\" \/>\n\t<meta name=\"twitter:data1\" content=\"2 min\u00faty\" \/>\n<script type=\"application\/ld+json\" class=\"yoast-schema-graph\">{\"@context\":\"https:\/\/schema.org\",\"@graph\":[{\"@type\":\"WebPage\",\"@id\":\"https:\/\/trustwhite.com\/shop\/buy-liquid-lsd-200ug-drop-online\/\",\"url\":\"https:\/\/trustwhite.com\/shop\/buy-liquid-lsd-200ug-drop-online\/\",\"name\":\"Buy liquid LSD 200ug Drop Online - Cheap price, Highest quality\",\"isPartOf\":{\"@id\":\"https:\/\/trustwhite.com\/el\/#website\"},\"primaryImageOfPage\":{\"@id\":\"https:\/\/trustwhite.com\/shop\/buy-liquid-lsd-200ug-drop-online\/#primaryimage\"},\"image\":{\"@id\":\"https:\/\/trustwhite.com\/shop\/buy-liquid-lsd-200ug-drop-online\/#primaryimage\"},\"thumbnailUrl\":\"https:\/\/trustwhite.com\/wp-content\/uploads\/2022\/03\/Buy-liquid-lsd-200ug-drop-Online-Cheap.jpg\",\"datePublished\":\"2022-03-12T06:01:12+00:00\",\"dateModified\":\"2023-04-13T10:22:22+00:00\",\"description\":\"Buy liquid LSD 200ug Online at an affordable price at stonersmeds. All products are lab qualified and have premium quality.\",\"breadcrumb\":{\"@id\":\"https:\/\/trustwhite.com\/shop\/buy-liquid-lsd-200ug-drop-online\/#breadcrumb\"},\"inLanguage\":\"sk-SK\",\"potentialAction\":[{\"@type\":\"ReadAction\",\"target\":[\"https:\/\/trustwhite.com\/shop\/buy-liquid-lsd-200ug-drop-online\/\"]}]},{\"@type\":\"ImageObject\",\"inLanguage\":\"sk-SK\",\"@id\":\"https:\/\/trustwhite.com\/shop\/buy-liquid-lsd-200ug-drop-online\/#primaryimage\",\"url\":\"https:\/\/trustwhite.com\/wp-content\/uploads\/2022\/03\/Buy-liquid-lsd-200ug-drop-Online-Cheap.jpg\",\"contentUrl\":\"https:\/\/trustwhite.com\/wp-content\/uploads\/2022\/03\/Buy-liquid-lsd-200ug-drop-Online-Cheap.jpg\",\"width\":600,\"height\":600},{\"@type\":\"BreadcrumbList\",\"@id\":\"https:\/\/trustwhite.com\/shop\/buy-liquid-lsd-200ug-drop-online\/#breadcrumb\",\"itemListElement\":[{\"@type\":\"ListItem\",\"position\":1,\"name\":\"Home\",\"item\":\"https:\/\/trustwhite.com\/el\/\"},{\"@type\":\"ListItem\",\"position\":2,\"name\":\"Shop\",\"item\":\"https:\/\/trustwhite.com\/el\/shop\/\"},{\"@type\":\"ListItem\",\"position\":3,\"name\":\"Buy liquid LSD 200ug Drop Online\"}]},{\"@type\":\"WebSite\",\"@id\":\"https:\/\/trustwhite.com\/el\/#website\",\"url\":\"https:\/\/trustwhite.com\/el\/\",\"name\":\"stonersmeds.com\",\"description\":\"verschreibungspflichtige Medizin kaufen\",\"potentialAction\":[{\"@type\":\"SearchAction\",\"target\":{\"@type\":\"EntryPoint\",\"urlTemplate\":\"https:\/\/trustwhite.com\/el\/?s={search_term_string}\"},\"query-input\":{\"@type\":\"PropertyValueSpecification\",\"valueRequired\":true,\"valueName\":\"search_term_string\"}}],\"inLanguage\":\"sk-SK\"}]}<\/script>\n<!-- \/ Yoast SEO plugin. -->","yoast_head_json":{"title":"K\u00fapi\u0165 kvapaln\u00e9 LSD 200ug Drop Online - Lacn\u00e1 cena, Najvy\u0161\u0161ia kvalita","description":"K\u00fapte si tekut\u00e9 LSD 200 ug online za prijate\u013en\u00fa cenu u stonersmeds. V\u0161etky produkty s\u00fa laborat\u00f3rne kvalifikovan\u00e9 a maj\u00fa pr\u00e9miov\u00fa kvalitu.","robots":{"index":"index","follow":"follow","max-snippet":"max-snippet:-1","max-image-preview":"max-image-preview:large","max-video-preview":"max-video-preview:-1"},"canonical":"https:\/\/trustwhite.com\/sk\/shop\/buy-liquid-lsd-200ug-drop-online\/","og_locale":"sk_SK","og_type":"article","og_title":"Buy liquid LSD 200ug Drop Online - Cheap price, Highest quality","og_description":"Buy liquid LSD 200ug Online at an affordable price at stonersmeds. All products are lab qualified and have premium quality.","og_url":"https:\/\/trustwhite.com\/sk\/shop\/buy-liquid-lsd-200ug-drop-online\/","og_site_name":"stonersmeds.com","article_modified_time":"2023-04-13T10:22:22+00:00","og_image":[{"width":600,"height":600,"url":"https:\/\/trustwhite.com\/wp-content\/uploads\/2022\/03\/Buy-liquid-lsd-200ug-drop-Online-Cheap.jpg","type":"image\/jpeg"}],"twitter_card":"summary_large_image","twitter_misc":{"Predpokladan\u00fd \u010das \u010d\u00edtania":"2 min\u00faty"},"schema":{"@context":"https:\/\/schema.org","@graph":[{"@type":"WebPage","@id":"https:\/\/trustwhite.com\/shop\/buy-liquid-lsd-200ug-drop-online\/","url":"https:\/\/trustwhite.com\/shop\/buy-liquid-lsd-200ug-drop-online\/","name":"K\u00fapi\u0165 kvapaln\u00e9 LSD 200ug Drop Online - Lacn\u00e1 cena, Najvy\u0161\u0161ia kvalita","isPartOf":{"@id":"https:\/\/trustwhite.com\/el\/#website"},"primaryImageOfPage":{"@id":"https:\/\/trustwhite.com\/shop\/buy-liquid-lsd-200ug-drop-online\/#primaryimage"},"image":{"@id":"https:\/\/trustwhite.com\/shop\/buy-liquid-lsd-200ug-drop-online\/#primaryimage"},"thumbnailUrl":"https:\/\/trustwhite.com\/wp-content\/uploads\/2022\/03\/Buy-liquid-lsd-200ug-drop-Online-Cheap.jpg","datePublished":"2022-03-12T06:01:12+00:00","dateModified":"2023-04-13T10:22:22+00:00","description":"K\u00fapte si tekut\u00e9 LSD 200 ug online za prijate\u013en\u00fa cenu u stonersmeds. V\u0161etky produkty s\u00fa laborat\u00f3rne kvalifikovan\u00e9 a maj\u00fa pr\u00e9miov\u00fa kvalitu.","breadcrumb":{"@id":"https:\/\/trustwhite.com\/shop\/buy-liquid-lsd-200ug-drop-online\/#breadcrumb"},"inLanguage":"sk-SK","potentialAction":[{"@type":"ReadAction","target":["https:\/\/trustwhite.com\/shop\/buy-liquid-lsd-200ug-drop-online\/"]}]},{"@type":"ImageObject","inLanguage":"sk-SK","@id":"https:\/\/trustwhite.com\/shop\/buy-liquid-lsd-200ug-drop-online\/#primaryimage","url":"https:\/\/trustwhite.com\/wp-content\/uploads\/2022\/03\/Buy-liquid-lsd-200ug-drop-Online-Cheap.jpg","contentUrl":"https:\/\/trustwhite.com\/wp-content\/uploads\/2022\/03\/Buy-liquid-lsd-200ug-drop-Online-Cheap.jpg","width":600,"height":600},{"@type":"BreadcrumbList","@id":"https:\/\/trustwhite.com\/shop\/buy-liquid-lsd-200ug-drop-online\/#breadcrumb","itemListElement":[{"@type":"ListItem","position":1,"name":"Home","item":"https:\/\/trustwhite.com\/el\/"},{"@type":"ListItem","position":2,"name":"Shop","item":"https:\/\/trustwhite.com\/el\/shop\/"},{"@type":"ListItem","position":3,"name":"Buy liquid LSD 200ug Drop Online"}]},{"@type":"WebSite","@id":"https:\/\/trustwhite.com\/el\/#website","url":"https:\/\/trustwhite.com\/el\/","name":"stonersmeds.com","description":"verschreibungspflichtige Medizin kaufen","potentialAction":[{"@type":"SearchAction","target":{"@type":"EntryPoint","urlTemplate":"https:\/\/trustwhite.com\/el\/?s={search_term_string}"},"query-input":{"@type":"PropertyValueSpecification","valueRequired":true,"valueName":"search_term_string"}}],"inLanguage":"sk-SK"}]}},"_links":{"self":[{"href":"https:\/\/trustwhite.com\/sk\/wp-json\/wp\/v2\/product\/10203","targetHints":{"allow":["GET"]}}],"collection":[{"href":"https:\/\/trustwhite.com\/sk\/wp-json\/wp\/v2\/product"}],"about":[{"href":"https:\/\/trustwhite.com\/sk\/wp-json\/wp\/v2\/types\/product"}],"version-history":[{"count":0,"href":"https:\/\/trustwhite.com\/sk\/wp-json\/wp\/v2\/product\/10203\/revisions"}],"wp:featuredmedia":[{"embeddable":true,"href":"https:\/\/trustwhite.com\/sk\/wp-json\/wp\/v2\/media\/10220"}],"wp:attachment":[{"href":"https:\/\/trustwhite.com\/sk\/wp-json\/wp\/v2\/media?parent=10203"}],"wp:term":[{"taxonomy":"product_brand","embeddable":true,"href":"https:\/\/trustwhite.com\/sk\/wp-json\/wp\/v2\/product_brand?post=10203"},{"taxonomy":"product_cat","embeddable":true,"href":"https:\/\/trustwhite.com\/sk\/wp-json\/wp\/v2\/product_cat?post=10203"},{"taxonomy":"product_tag","embeddable":true,"href":"https:\/\/trustwhite.com\/sk\/wp-json\/wp\/v2\/product_tag?post=10203"}],"curies":[{"name":"wp","href":"https:\/\/api.w.org\/{rel}","templated":true}]}}