{"id":9806,"date":"2022-03-12T02:31:57","date_gmt":"2022-03-12T02:31:57","guid":{"rendered":"https:\/\/stonersmeds.com\/?post_type=product&#038;p=9806"},"modified":"2022-12-24T06:00:55","modified_gmt":"2022-12-24T04:00:55","slug":"buy-dextripam-10mg-pills-online-diazepam","status":"publish","type":"product","link":"https:\/\/trustwhite.com\/ro\/shop\/buy-dextripam-10mg-pills-online-diazepam\/","title":{"rendered":"Cump\u0103ra\u021bi pastile de Dextripam 10 mg online (Diazepam)"},"content":{"rendered":"<h1>Cumpara Dextripam 10mg pastile online.<\/h1>\n<p>Cump\u0103ra\u021bi Dextrip (Diazepam) 10 mg comprimat\/tablet\u0103 online<\/p>\n<p>Dextripam (Diazepam) 10 mg este utilizat pentru anxietate, spasme musculare, convulsii \u0219i alte afec\u021biuni. Acest medicament este o benzodiazepin\u0103.<\/p>\n<p>Pute\u021bi cump\u0103ra Dextripam (Diazepam) 10 mg comprimate online f\u0103r\u0103 prescrip\u021bie medical\u0103 (f\u0103r\u0103 RX).<\/p>\n<div><\/div>\n<div><\/div>\n<div><\/div>\n<pre><strong>Cumpara Dextripam 10mg pastile online (Diazepam) - cumpara Dextripam, cumpara Dextripam 10mg pastile, cumpara Dextripam pastile online, \u00cen cazul \u00een care pentru a cump\u0103ra Dextripam 10mg pastile, Dextripam 10mg pastile de v\u00e2nzare, Dextripam pastile de v\u00e2nzare, cumpara Dextripam 10mg online, \u00een cazul \u00een care pentru a cump\u0103ra Dextripam 10mg pastile online, Dextripam 10mg pastile de v\u00e2nzare \u00een Statele Unite ale Americii, SUA, Canada, Marea Britanie, cump\u0103ra\u021bi, online, furnizori, livrare sigur\u0103, Pute\u021bi ob\u021bine \u00een continuare Dextripam 10mg pastile, Este Dextripam 10mg pastile legale \u00een Statele Unite ale Americii, cump\u0103ra Dextripam 10mg pastile online Statele Unite ale Americii, cum s\u0103 comanda\u021bi Dextripam 10mg pastile, Este Dextripam 10mg pastile legale \u00een Canada<\/strong><\/pre>","protected":false},"excerpt":{"rendered":"<p>Cumpara Dextripam 10mg pastile online. Diazepam utilizat pentru a trata problema de nelini\u0219te, indica\u021bii de retragere a b\u0103uturilor alcoolice sau convulsii musculare.<\/p>\n<p>pretul produsului este ca: per pastila<br \/>\n<strong>Cantitatea minim\u0103 de comand\u0103 este: 100 de pastile<\/strong><\/p>\n<pre><strong>Cumpara Dextripam 10mg pastile online (Diazepam) - cumpara Dextripam, cumpara Dextripam 10mg pastile, cumpara Dextripam pastile online, \u00cen cazul \u00een care pentru a cump\u0103ra Dextripam 10mg pastile, Dextripam 10mg pastile de v\u00e2nzare, Dextripam pastile de v\u00e2nzare, cumpara Dextripam 10mg online, \u00een cazul \u00een care pentru a cump\u0103ra Dextripam 10mg pastile online, Dextripam 10mg pastile de v\u00e2nzare \u00een Statele Unite ale Americii, SUA, Canada, Marea Britanie, cump\u0103ra\u021bi, online, furnizori, livrare sigur\u0103, Pute\u021bi ob\u021bine \u00een continuare Dextripam 10mg pastile, Este Dextripam 10mg pastile legale \u00een Statele Unite ale Americii, cump\u0103ra Dextripam 10mg pastile online Statele Unite ale Americii, cum s\u0103 comanda\u021bi Dextripam 10mg pastile, Este Dextripam 10mg pastile legale \u00een Canada<\/strong><\/pre>","protected":false},"featured_media":9815,"template":"","meta":[],"product_brand":[],"product_cat":[769,77,771,770],"product_tag":[],"class_list":{"0":"post-9806","1":"product","2":"type-product","3":"status-publish","4":"has-post-thumbnail","6":"product_cat-pain-pills","7":"product_cat-pain-sleeping-sex-pills","8":"product_cat-sex-pills","9":"product_cat-sleeping-pills","11":"first","12":"instock","13":"shipping-taxable","14":"purchasable","15":"product-type-variable"},"tiered_pricing_type":"fixed","tiered_pricing_fixed_rules":[],"tiered_pricing_percentage_rules":[],"tiered_pricing_minimum":1,"_administrator_tiered_pricing_type":"fixed","_administrator_tiered_pricing_fixed_rules":[],"_editor_tiered_pricing_type":"fixed","_editor_tiered_pricing_fixed_rules":[],"_author_tiered_pricing_type":"fixed","_author_tiered_pricing_fixed_rules":[],"_contributor_tiered_pricing_type":"fixed","_contributor_tiered_pricing_fixed_rules":[],"_subscriber_tiered_pricing_type":"fixed","_subscriber_tiered_pricing_fixed_rules":[],"_customer_tiered_pricing_type":"fixed","_customer_tiered_pricing_fixed_rules":[],"_shop_manager_tiered_pricing_type":"fixed","_shop_manager_tiered_pricing_fixed_rules":[],"_wpseo_manager_tiered_pricing_type":"fixed","_wpseo_manager_tiered_pricing_fixed_rules":[],"_wpseo_editor_tiered_pricing_type":"fixed","_wpseo_editor_tiered_pricing_fixed_rules":[],"yoast_head":"<!-- This site is optimized with the Yoast SEO plugin v26.8 - https:\/\/yoast.com\/product\/yoast-seo-wordpress\/ -->\n<title>Buy Dextripam 10mg pills online (Diazepam) - Fast and safe delivery<\/title>\n<meta name=\"description\" content=\"Buy Dextripam 10mg, Order safely &amp; maintain your privacy No prescription necessary Discreet standard shipping at Low prices.\" \/>\n<meta name=\"robots\" content=\"index, follow, max-snippet:-1, max-image-preview:large, max-video-preview:-1\" \/>\n<link rel=\"canonical\" href=\"https:\/\/trustwhite.com\/ro\/shop\/buy-dextripam-10mg-pills-online-diazepam\/\" \/>\n<meta property=\"og:locale\" content=\"ro_RO\" \/>\n<meta property=\"og:type\" content=\"article\" \/>\n<meta property=\"og:title\" content=\"Buy Dextripam 10mg pills online (Diazepam) - Fast and safe delivery\" \/>\n<meta property=\"og:description\" content=\"Buy Dextripam 10mg, Order safely &amp; maintain your privacy No prescription necessary Discreet standard shipping at Low prices.\" \/>\n<meta property=\"og:url\" content=\"https:\/\/trustwhite.com\/ro\/shop\/buy-dextripam-10mg-pills-online-diazepam\/\" \/>\n<meta property=\"og:site_name\" content=\"stonersmeds.com\" \/>\n<meta property=\"article:modified_time\" content=\"2022-12-24T04:00:55+00:00\" \/>\n<meta property=\"og:image\" content=\"https:\/\/trustwhite.com\/wp-content\/uploads\/2022\/03\/buy-dextripam-10mg-pills-online.jpg\" \/>\n\t<meta property=\"og:image:width\" content=\"600\" \/>\n\t<meta property=\"og:image:height\" content=\"600\" \/>\n\t<meta property=\"og:image:type\" content=\"image\/jpeg\" \/>\n<meta name=\"twitter:card\" content=\"summary_large_image\" \/>\n<meta name=\"twitter:label1\" content=\"Timp estimat pentru citire\" \/>\n\t<meta name=\"twitter:data1\" content=\"1 minut\" \/>\n<script type=\"application\/ld+json\" class=\"yoast-schema-graph\">{\"@context\":\"https:\/\/schema.org\",\"@graph\":[{\"@type\":\"WebPage\",\"@id\":\"https:\/\/trustwhite.com\/shop\/buy-dextripam-10mg-pills-online-diazepam\/\",\"url\":\"https:\/\/trustwhite.com\/shop\/buy-dextripam-10mg-pills-online-diazepam\/\",\"name\":\"Buy Dextripam 10mg pills online (Diazepam) - Fast and safe delivery\",\"isPartOf\":{\"@id\":\"https:\/\/trustwhite.com\/el\/#website\"},\"primaryImageOfPage\":{\"@id\":\"https:\/\/trustwhite.com\/shop\/buy-dextripam-10mg-pills-online-diazepam\/#primaryimage\"},\"image\":{\"@id\":\"https:\/\/trustwhite.com\/shop\/buy-dextripam-10mg-pills-online-diazepam\/#primaryimage\"},\"thumbnailUrl\":\"https:\/\/trustwhite.com\/wp-content\/uploads\/2022\/03\/buy-dextripam-10mg-pills-online.jpg\",\"datePublished\":\"2022-03-12T02:31:57+00:00\",\"dateModified\":\"2022-12-24T04:00:55+00:00\",\"description\":\"Buy Dextripam 10mg, Order safely & maintain your privacy No prescription necessary Discreet standard shipping at Low prices.\",\"breadcrumb\":{\"@id\":\"https:\/\/trustwhite.com\/shop\/buy-dextripam-10mg-pills-online-diazepam\/#breadcrumb\"},\"inLanguage\":\"ro-RO\",\"potentialAction\":[{\"@type\":\"ReadAction\",\"target\":[\"https:\/\/trustwhite.com\/shop\/buy-dextripam-10mg-pills-online-diazepam\/\"]}]},{\"@type\":\"ImageObject\",\"inLanguage\":\"ro-RO\",\"@id\":\"https:\/\/trustwhite.com\/shop\/buy-dextripam-10mg-pills-online-diazepam\/#primaryimage\",\"url\":\"https:\/\/trustwhite.com\/wp-content\/uploads\/2022\/03\/buy-dextripam-10mg-pills-online.jpg\",\"contentUrl\":\"https:\/\/trustwhite.com\/wp-content\/uploads\/2022\/03\/buy-dextripam-10mg-pills-online.jpg\",\"width\":600,\"height\":600},{\"@type\":\"BreadcrumbList\",\"@id\":\"https:\/\/trustwhite.com\/shop\/buy-dextripam-10mg-pills-online-diazepam\/#breadcrumb\",\"itemListElement\":[{\"@type\":\"ListItem\",\"position\":1,\"name\":\"Home\",\"item\":\"https:\/\/trustwhite.com\/el\/\"},{\"@type\":\"ListItem\",\"position\":2,\"name\":\"Shop\",\"item\":\"https:\/\/trustwhite.com\/el\/shop\/\"},{\"@type\":\"ListItem\",\"position\":3,\"name\":\"Buy Dextripam 10mg pills online (Diazepam)\"}]},{\"@type\":\"WebSite\",\"@id\":\"https:\/\/trustwhite.com\/el\/#website\",\"url\":\"https:\/\/trustwhite.com\/el\/\",\"name\":\"stonersmeds.com\",\"description\":\"verschreibungspflichtige Medizin kaufen\",\"potentialAction\":[{\"@type\":\"SearchAction\",\"target\":{\"@type\":\"EntryPoint\",\"urlTemplate\":\"https:\/\/trustwhite.com\/el\/?s={search_term_string}\"},\"query-input\":{\"@type\":\"PropertyValueSpecification\",\"valueRequired\":true,\"valueName\":\"search_term_string\"}}],\"inLanguage\":\"ro-RO\"}]}<\/script>\n<!-- \/ Yoast SEO plugin. -->","yoast_head_json":{"title":"Cumpara Dextripam 10mg pastile online (Diazepam) - Livrare rapid\u0103 \u0219i sigur\u0103","description":"Cump\u0103ra\u021bi Dextripam 10mg, Comanda\u021bi \u00een siguran\u021b\u0103 \u0219i p\u0103stra\u021bi confiden\u021bialitatea Nu este necesar\u0103 prescrip\u021bia medical\u0103 Transport standard discret la pre\u021buri sc\u0103zute.","robots":{"index":"index","follow":"follow","max-snippet":"max-snippet:-1","max-image-preview":"max-image-preview:large","max-video-preview":"max-video-preview:-1"},"canonical":"https:\/\/trustwhite.com\/ro\/shop\/buy-dextripam-10mg-pills-online-diazepam\/","og_locale":"ro_RO","og_type":"article","og_title":"Buy Dextripam 10mg pills online (Diazepam) - Fast and safe delivery","og_description":"Buy Dextripam 10mg, Order safely & maintain your privacy No prescription necessary Discreet standard shipping at Low prices.","og_url":"https:\/\/trustwhite.com\/ro\/shop\/buy-dextripam-10mg-pills-online-diazepam\/","og_site_name":"stonersmeds.com","article_modified_time":"2022-12-24T04:00:55+00:00","og_image":[{"width":600,"height":600,"url":"https:\/\/trustwhite.com\/wp-content\/uploads\/2022\/03\/buy-dextripam-10mg-pills-online.jpg","type":"image\/jpeg"}],"twitter_card":"summary_large_image","twitter_misc":{"Timp estimat pentru citire":"1 minut"},"schema":{"@context":"https:\/\/schema.org","@graph":[{"@type":"WebPage","@id":"https:\/\/trustwhite.com\/shop\/buy-dextripam-10mg-pills-online-diazepam\/","url":"https:\/\/trustwhite.com\/shop\/buy-dextripam-10mg-pills-online-diazepam\/","name":"Cumpara Dextripam 10mg pastile online (Diazepam) - Livrare rapid\u0103 \u0219i sigur\u0103","isPartOf":{"@id":"https:\/\/trustwhite.com\/el\/#website"},"primaryImageOfPage":{"@id":"https:\/\/trustwhite.com\/shop\/buy-dextripam-10mg-pills-online-diazepam\/#primaryimage"},"image":{"@id":"https:\/\/trustwhite.com\/shop\/buy-dextripam-10mg-pills-online-diazepam\/#primaryimage"},"thumbnailUrl":"https:\/\/trustwhite.com\/wp-content\/uploads\/2022\/03\/buy-dextripam-10mg-pills-online.jpg","datePublished":"2022-03-12T02:31:57+00:00","dateModified":"2022-12-24T04:00:55+00:00","description":"Cump\u0103ra\u021bi Dextripam 10mg, Comanda\u021bi \u00een siguran\u021b\u0103 \u0219i p\u0103stra\u021bi confiden\u021bialitatea Nu este necesar\u0103 prescrip\u021bia medical\u0103 Transport standard discret la pre\u021buri sc\u0103zute.","breadcrumb":{"@id":"https:\/\/trustwhite.com\/shop\/buy-dextripam-10mg-pills-online-diazepam\/#breadcrumb"},"inLanguage":"ro-RO","potentialAction":[{"@type":"ReadAction","target":["https:\/\/trustwhite.com\/shop\/buy-dextripam-10mg-pills-online-diazepam\/"]}]},{"@type":"ImageObject","inLanguage":"ro-RO","@id":"https:\/\/trustwhite.com\/shop\/buy-dextripam-10mg-pills-online-diazepam\/#primaryimage","url":"https:\/\/trustwhite.com\/wp-content\/uploads\/2022\/03\/buy-dextripam-10mg-pills-online.jpg","contentUrl":"https:\/\/trustwhite.com\/wp-content\/uploads\/2022\/03\/buy-dextripam-10mg-pills-online.jpg","width":600,"height":600},{"@type":"BreadcrumbList","@id":"https:\/\/trustwhite.com\/shop\/buy-dextripam-10mg-pills-online-diazepam\/#breadcrumb","itemListElement":[{"@type":"ListItem","position":1,"name":"Home","item":"https:\/\/trustwhite.com\/el\/"},{"@type":"ListItem","position":2,"name":"Shop","item":"https:\/\/trustwhite.com\/el\/shop\/"},{"@type":"ListItem","position":3,"name":"Buy Dextripam 10mg pills online (Diazepam)"}]},{"@type":"WebSite","@id":"https:\/\/trustwhite.com\/el\/#website","url":"https:\/\/trustwhite.com\/el\/","name":"stonersmeds.com","description":"verschreibungspflichtige Medizin kaufen","potentialAction":[{"@type":"SearchAction","target":{"@type":"EntryPoint","urlTemplate":"https:\/\/trustwhite.com\/el\/?s={search_term_string}"},"query-input":{"@type":"PropertyValueSpecification","valueRequired":true,"valueName":"search_term_string"}}],"inLanguage":"ro-RO"}]}},"_links":{"self":[{"href":"https:\/\/trustwhite.com\/ro\/wp-json\/wp\/v2\/product\/9806","targetHints":{"allow":["GET"]}}],"collection":[{"href":"https:\/\/trustwhite.com\/ro\/wp-json\/wp\/v2\/product"}],"about":[{"href":"https:\/\/trustwhite.com\/ro\/wp-json\/wp\/v2\/types\/product"}],"version-history":[{"count":0,"href":"https:\/\/trustwhite.com\/ro\/wp-json\/wp\/v2\/product\/9806\/revisions"}],"wp:featuredmedia":[{"embeddable":true,"href":"https:\/\/trustwhite.com\/ro\/wp-json\/wp\/v2\/media\/9815"}],"wp:attachment":[{"href":"https:\/\/trustwhite.com\/ro\/wp-json\/wp\/v2\/media?parent=9806"}],"wp:term":[{"taxonomy":"product_brand","embeddable":true,"href":"https:\/\/trustwhite.com\/ro\/wp-json\/wp\/v2\/product_brand?post=9806"},{"taxonomy":"product_cat","embeddable":true,"href":"https:\/\/trustwhite.com\/ro\/wp-json\/wp\/v2\/product_cat?post=9806"},{"taxonomy":"product_tag","embeddable":true,"href":"https:\/\/trustwhite.com\/ro\/wp-json\/wp\/v2\/product_tag?post=9806"}],"curies":[{"name":"wp","href":"https:\/\/api.w.org\/{rel}","templated":true}]}}