{"id":9706,"date":"2022-03-11T19:11:23","date_gmt":"2022-03-11T19:11:23","guid":{"rendered":"https:\/\/stonersmeds.com\/?post_type=product&#038;p=9706"},"modified":"2023-01-05T18:52:26","modified_gmt":"2023-01-05T16:52:26","slug":"buy-gelato-shatter-top-shelf","status":"publish","type":"product","link":"https:\/\/trustwhite.com\/ro\/shop\/buy-gelato-shatter-top-shelf\/","title":{"rendered":"Cump\u0103ra\u021bi Gelato Shatter - Top Shelf"},"content":{"rendered":"<h1>Cump\u0103ra\u021bi Gelato Shatter - Top Shelf<\/h1>\n<p>Gelato Cunoscut\u0103 \u0219i sub numele de \"Larry Bird\", Gelato este o tulpin\u0103 hibrid\u0103 u\u0219or dominant\u0103 de indica, creat\u0103 prin \u00eencruci\u0219area tot mai popularului Sunset Sherbert cu Thin Mint Girl Scout Cake. Aroma sa apetisant\u0103 va excita sim\u021burile celui mai experimentat utilizator. Are o arom\u0103 dulce, aproape de pr\u0103jitur\u0103, cu note de lavand\u0103 \u0219i afine proaspete. De\u0219i \u00eendr\u0103git pentru gustul s\u0103u delicios, gelato este renumit pentru efectul s\u0103u puternic euforic. \u00cencep\u0103torii ar trebui s\u0103 fie aten\u021bi, deoarece acest tip induce o puternic\u0103 stimulare a creierului \u00een c\u00e2teva minute de la fumat. Acest efect puternic asupra creierului nu \u00eel \u021bine pe utilizator relaxat sau blocat pe canapea; \u00een schimb, va face loc unei g\u00e2ndiri pozitive sporite \u0219i unei energii concentrate. Pe m\u0103sur\u0103 ce aceast\u0103 euforie cre\u0219te u\u0219or, corpul cade treptat \u00eentr-o stare pl\u0103cut\u0103 de relaxare, f\u0103c\u00e2ndu-l pe utilizator s\u0103 se simt\u0103 complet \u00een largul lui. Aceste efecte puternice, dar echilibrate, fac din Gelato o tulpin\u0103 ideal\u0103 pentru cei care caut\u0103 s\u0103 trateze o varietate de afec\u021biuni, inclusiv spasme musculare, migrene, oboseal\u0103 cronic\u0103 \u0219i dureri cronice cauzate de inflama\u021bii.<\/p>\n<p>&nbsp;<\/p>\n<pre><strong>Cump\u0103ra\u021bi Gelato Shatter - Top Shelf - cump\u0103ra\u021bi Gelato Shatter , cump\u0103ra\u021bi Gelato Shatter SUA , cump\u0103ra\u021bi Gelato Shatter online SUA , unde s\u0103 cump\u0103ra\u021bi Gelato Shatter , Gelato Shatter de v\u00e2nzare, Gelato Shatter de v\u00e2nzare l\u00e2ng\u0103 mine , cump\u0103ra\u021bi Gelato Shatter online l\u00e2ng\u0103 mine , unde s\u0103 cump\u0103ra\u021bi Gelato Shatter online , Gelato Shatter de v\u00e2nzare \u00een Statele Unite ale Americii , SUA, Canada, Marea Britanie, cump\u0103ra\u021bi, online, furnizori, livrare sigur\u0103, Pute\u021bi ob\u021bine \u00een continuare Gelato Shatter , Este Gelato Shatter legal \u00een Statele Unite ale Americii, cump\u0103ra\u021bi Gelato Shatter online \u00een Statele Unite ale Americii, cum s\u0103 comanda\u021bi Gelato Shatter , Este Gelato Shatter legal \u00een Canada<\/strong><\/pre>","protected":false},"excerpt":{"rendered":"<ul>\n<li>Livrare \u00een toat\u0103 lumea<\/li>\n<li><strong>Nota: AAAAA<\/strong><\/li>\n<li>Comanda minima este\u00a0<strong>3,5 grame<\/strong><\/li>\n<li><strong>Contacteaz\u0103-ne<\/strong>\u00a0pentru comenzi mai mari<\/li>\n<\/ul>\n<pre><strong>Cump\u0103ra\u021bi Gelato Shatter - Top Shelf - cump\u0103ra\u021bi Gelato Shatter , cump\u0103ra\u021bi Gelato Shatter SUA , cump\u0103ra\u021bi Gelato Shatter online SUA , unde s\u0103 cump\u0103ra\u021bi Gelato Shatter , Gelato Shatter de v\u00e2nzare, Gelato Shatter de v\u00e2nzare l\u00e2ng\u0103 mine , cump\u0103ra\u021bi Gelato Shatter online l\u00e2ng\u0103 mine , unde s\u0103 cump\u0103ra\u021bi Gelato Shatter online , Gelato Shatter de v\u00e2nzare \u00een Statele Unite ale Americii , SUA, Canada, Marea Britanie, cump\u0103ra\u021bi, online, furnizori, livrare sigur\u0103, Pute\u021bi ob\u021bine \u00een continuare Gelato Shatter , Este Gelato Shatter legal \u00een Statele Unite ale Americii, cump\u0103ra\u021bi Gelato Shatter online \u00een Statele Unite ale Americii, cum s\u0103 comanda\u021bi Gelato Shatter , Este Gelato Shatter legal \u00een Canada<\/strong><\/pre>","protected":false},"featured_media":9721,"template":"","meta":[],"product_brand":[],"product_cat":[78],"product_tag":[],"class_list":{"0":"post-9706","1":"product","2":"type-product","3":"status-publish","4":"has-post-thumbnail","6":"product_cat-shatter","8":"first","9":"instock","10":"shipping-taxable","11":"purchasable","12":"product-type-variable"},"tiered_pricing_type":"fixed","tiered_pricing_fixed_rules":[],"tiered_pricing_percentage_rules":[],"tiered_pricing_minimum":1,"_administrator_tiered_pricing_type":"fixed","_administrator_tiered_pricing_fixed_rules":[],"_editor_tiered_pricing_type":"fixed","_editor_tiered_pricing_fixed_rules":[],"_author_tiered_pricing_type":"fixed","_author_tiered_pricing_fixed_rules":[],"_contributor_tiered_pricing_type":"fixed","_contributor_tiered_pricing_fixed_rules":[],"_subscriber_tiered_pricing_type":"fixed","_subscriber_tiered_pricing_fixed_rules":[],"_customer_tiered_pricing_type":"fixed","_customer_tiered_pricing_fixed_rules":[],"_shop_manager_tiered_pricing_type":"fixed","_shop_manager_tiered_pricing_fixed_rules":[],"_wpseo_manager_tiered_pricing_type":"fixed","_wpseo_manager_tiered_pricing_fixed_rules":[],"_wpseo_editor_tiered_pricing_type":"fixed","_wpseo_editor_tiered_pricing_fixed_rules":[],"yoast_head":"<!-- This site is optimized with the Yoast SEO plugin v26.8 - https:\/\/yoast.com\/product\/yoast-seo-wordpress\/ -->\n<title>Buy Gelato Shatter \u2013 Top Shelf - Cheap price, top quality<\/title>\n<meta name=\"description\" content=\"Buy Gelato Shatter Online at an affordable price at stonersmeds. Our hash has high THC, best quality you will find\" \/>\n<meta name=\"robots\" content=\"index, follow, max-snippet:-1, max-image-preview:large, max-video-preview:-1\" \/>\n<link rel=\"canonical\" href=\"https:\/\/trustwhite.com\/ro\/shop\/buy-gelato-shatter-top-shelf\/\" \/>\n<meta property=\"og:locale\" content=\"ro_RO\" \/>\n<meta property=\"og:type\" content=\"article\" \/>\n<meta property=\"og:title\" content=\"Buy Gelato Shatter \u2013 Top Shelf - Cheap price, top quality\" \/>\n<meta property=\"og:description\" content=\"Buy Gelato Shatter Online at an affordable price at stonersmeds. Our hash has high THC, best quality you will find\" \/>\n<meta property=\"og:url\" content=\"https:\/\/trustwhite.com\/ro\/shop\/buy-gelato-shatter-top-shelf\/\" \/>\n<meta property=\"og:site_name\" content=\"stonersmeds.com\" \/>\n<meta property=\"article:modified_time\" content=\"2023-01-05T16:52:26+00:00\" \/>\n<meta property=\"og:image\" content=\"https:\/\/trustwhite.com\/wp-content\/uploads\/2022\/03\/Buy-Gelato-Shatter.jpg\" \/>\n\t<meta property=\"og:image:width\" content=\"600\" \/>\n\t<meta property=\"og:image:height\" content=\"600\" \/>\n\t<meta property=\"og:image:type\" content=\"image\/jpeg\" \/>\n<meta name=\"twitter:card\" content=\"summary_large_image\" \/>\n<meta name=\"twitter:label1\" content=\"Timp estimat pentru citire\" \/>\n\t<meta name=\"twitter:data1\" content=\"1 minut\" \/>\n<script type=\"application\/ld+json\" class=\"yoast-schema-graph\">{\"@context\":\"https:\/\/schema.org\",\"@graph\":[{\"@type\":\"WebPage\",\"@id\":\"https:\/\/trustwhite.com\/shop\/buy-gelato-shatter-top-shelf\/\",\"url\":\"https:\/\/trustwhite.com\/shop\/buy-gelato-shatter-top-shelf\/\",\"name\":\"Buy Gelato Shatter \u2013 Top Shelf - Cheap price, top quality\",\"isPartOf\":{\"@id\":\"https:\/\/trustwhite.com\/el\/#website\"},\"primaryImageOfPage\":{\"@id\":\"https:\/\/trustwhite.com\/shop\/buy-gelato-shatter-top-shelf\/#primaryimage\"},\"image\":{\"@id\":\"https:\/\/trustwhite.com\/shop\/buy-gelato-shatter-top-shelf\/#primaryimage\"},\"thumbnailUrl\":\"https:\/\/trustwhite.com\/wp-content\/uploads\/2022\/03\/Buy-Gelato-Shatter.jpg\",\"datePublished\":\"2022-03-11T19:11:23+00:00\",\"dateModified\":\"2023-01-05T16:52:26+00:00\",\"description\":\"Buy Gelato Shatter Online at an affordable price at stonersmeds. Our hash has high THC, best quality you will find\",\"breadcrumb\":{\"@id\":\"https:\/\/trustwhite.com\/shop\/buy-gelato-shatter-top-shelf\/#breadcrumb\"},\"inLanguage\":\"ro-RO\",\"potentialAction\":[{\"@type\":\"ReadAction\",\"target\":[\"https:\/\/trustwhite.com\/shop\/buy-gelato-shatter-top-shelf\/\"]}]},{\"@type\":\"ImageObject\",\"inLanguage\":\"ro-RO\",\"@id\":\"https:\/\/trustwhite.com\/shop\/buy-gelato-shatter-top-shelf\/#primaryimage\",\"url\":\"https:\/\/trustwhite.com\/wp-content\/uploads\/2022\/03\/Buy-Gelato-Shatter.jpg\",\"contentUrl\":\"https:\/\/trustwhite.com\/wp-content\/uploads\/2022\/03\/Buy-Gelato-Shatter.jpg\",\"width\":600,\"height\":600},{\"@type\":\"BreadcrumbList\",\"@id\":\"https:\/\/trustwhite.com\/shop\/buy-gelato-shatter-top-shelf\/#breadcrumb\",\"itemListElement\":[{\"@type\":\"ListItem\",\"position\":1,\"name\":\"Home\",\"item\":\"https:\/\/trustwhite.com\/el\/\"},{\"@type\":\"ListItem\",\"position\":2,\"name\":\"Shop\",\"item\":\"https:\/\/trustwhite.com\/el\/shop\/\"},{\"@type\":\"ListItem\",\"position\":3,\"name\":\"Buy Gelato Shatter \u2013 Top Shelf\"}]},{\"@type\":\"WebSite\",\"@id\":\"https:\/\/trustwhite.com\/el\/#website\",\"url\":\"https:\/\/trustwhite.com\/el\/\",\"name\":\"stonersmeds.com\",\"description\":\"verschreibungspflichtige Medizin kaufen\",\"potentialAction\":[{\"@type\":\"SearchAction\",\"target\":{\"@type\":\"EntryPoint\",\"urlTemplate\":\"https:\/\/trustwhite.com\/el\/?s={search_term_string}\"},\"query-input\":{\"@type\":\"PropertyValueSpecification\",\"valueRequired\":true,\"valueName\":\"search_term_string\"}}],\"inLanguage\":\"ro-RO\"}]}<\/script>\n<!-- \/ Yoast SEO plugin. -->","yoast_head_json":{"title":"Cump\u0103ra\u021bi Gelato Shatter - Top Shelf - Pre\u021b ieftin, calitate superioar\u0103","description":"Cump\u0103ra\u021bi Gelato Shatter Online la un pre\u021b accesibil la stonersmeds. Hash nostru are THC ridicat, cea mai bun\u0103 calitate pe care o ve\u021bi g\u0103si","robots":{"index":"index","follow":"follow","max-snippet":"max-snippet:-1","max-image-preview":"max-image-preview:large","max-video-preview":"max-video-preview:-1"},"canonical":"https:\/\/trustwhite.com\/ro\/shop\/buy-gelato-shatter-top-shelf\/","og_locale":"ro_RO","og_type":"article","og_title":"Buy Gelato Shatter \u2013 Top Shelf - Cheap price, top quality","og_description":"Buy Gelato Shatter Online at an affordable price at stonersmeds. Our hash has high THC, best quality you will find","og_url":"https:\/\/trustwhite.com\/ro\/shop\/buy-gelato-shatter-top-shelf\/","og_site_name":"stonersmeds.com","article_modified_time":"2023-01-05T16:52:26+00:00","og_image":[{"width":600,"height":600,"url":"https:\/\/trustwhite.com\/wp-content\/uploads\/2022\/03\/Buy-Gelato-Shatter.jpg","type":"image\/jpeg"}],"twitter_card":"summary_large_image","twitter_misc":{"Timp estimat pentru citire":"1 minut"},"schema":{"@context":"https:\/\/schema.org","@graph":[{"@type":"WebPage","@id":"https:\/\/trustwhite.com\/shop\/buy-gelato-shatter-top-shelf\/","url":"https:\/\/trustwhite.com\/shop\/buy-gelato-shatter-top-shelf\/","name":"Cump\u0103ra\u021bi Gelato Shatter - Top Shelf - Pre\u021b ieftin, calitate superioar\u0103","isPartOf":{"@id":"https:\/\/trustwhite.com\/el\/#website"},"primaryImageOfPage":{"@id":"https:\/\/trustwhite.com\/shop\/buy-gelato-shatter-top-shelf\/#primaryimage"},"image":{"@id":"https:\/\/trustwhite.com\/shop\/buy-gelato-shatter-top-shelf\/#primaryimage"},"thumbnailUrl":"https:\/\/trustwhite.com\/wp-content\/uploads\/2022\/03\/Buy-Gelato-Shatter.jpg","datePublished":"2022-03-11T19:11:23+00:00","dateModified":"2023-01-05T16:52:26+00:00","description":"Cump\u0103ra\u021bi Gelato Shatter Online la un pre\u021b accesibil la stonersmeds. Hash nostru are THC ridicat, cea mai bun\u0103 calitate pe care o ve\u021bi g\u0103si","breadcrumb":{"@id":"https:\/\/trustwhite.com\/shop\/buy-gelato-shatter-top-shelf\/#breadcrumb"},"inLanguage":"ro-RO","potentialAction":[{"@type":"ReadAction","target":["https:\/\/trustwhite.com\/shop\/buy-gelato-shatter-top-shelf\/"]}]},{"@type":"ImageObject","inLanguage":"ro-RO","@id":"https:\/\/trustwhite.com\/shop\/buy-gelato-shatter-top-shelf\/#primaryimage","url":"https:\/\/trustwhite.com\/wp-content\/uploads\/2022\/03\/Buy-Gelato-Shatter.jpg","contentUrl":"https:\/\/trustwhite.com\/wp-content\/uploads\/2022\/03\/Buy-Gelato-Shatter.jpg","width":600,"height":600},{"@type":"BreadcrumbList","@id":"https:\/\/trustwhite.com\/shop\/buy-gelato-shatter-top-shelf\/#breadcrumb","itemListElement":[{"@type":"ListItem","position":1,"name":"Home","item":"https:\/\/trustwhite.com\/el\/"},{"@type":"ListItem","position":2,"name":"Shop","item":"https:\/\/trustwhite.com\/el\/shop\/"},{"@type":"ListItem","position":3,"name":"Buy Gelato Shatter \u2013 Top Shelf"}]},{"@type":"WebSite","@id":"https:\/\/trustwhite.com\/el\/#website","url":"https:\/\/trustwhite.com\/el\/","name":"stonersmeds.com","description":"verschreibungspflichtige Medizin kaufen","potentialAction":[{"@type":"SearchAction","target":{"@type":"EntryPoint","urlTemplate":"https:\/\/trustwhite.com\/el\/?s={search_term_string}"},"query-input":{"@type":"PropertyValueSpecification","valueRequired":true,"valueName":"search_term_string"}}],"inLanguage":"ro-RO"}]}},"_links":{"self":[{"href":"https:\/\/trustwhite.com\/ro\/wp-json\/wp\/v2\/product\/9706","targetHints":{"allow":["GET"]}}],"collection":[{"href":"https:\/\/trustwhite.com\/ro\/wp-json\/wp\/v2\/product"}],"about":[{"href":"https:\/\/trustwhite.com\/ro\/wp-json\/wp\/v2\/types\/product"}],"version-history":[{"count":0,"href":"https:\/\/trustwhite.com\/ro\/wp-json\/wp\/v2\/product\/9706\/revisions"}],"wp:featuredmedia":[{"embeddable":true,"href":"https:\/\/trustwhite.com\/ro\/wp-json\/wp\/v2\/media\/9721"}],"wp:attachment":[{"href":"https:\/\/trustwhite.com\/ro\/wp-json\/wp\/v2\/media?parent=9706"}],"wp:term":[{"taxonomy":"product_brand","embeddable":true,"href":"https:\/\/trustwhite.com\/ro\/wp-json\/wp\/v2\/product_brand?post=9706"},{"taxonomy":"product_cat","embeddable":true,"href":"https:\/\/trustwhite.com\/ro\/wp-json\/wp\/v2\/product_cat?post=9706"},{"taxonomy":"product_tag","embeddable":true,"href":"https:\/\/trustwhite.com\/ro\/wp-json\/wp\/v2\/product_tag?post=9706"}],"curies":[{"name":"wp","href":"https:\/\/api.w.org\/{rel}","templated":true}]}}