{"id":9593,"date":"2022-03-11T17:59:44","date_gmt":"2022-03-11T17:59:44","guid":{"rendered":"https:\/\/stonersmeds.com\/?post_type=product&#038;p=9593"},"modified":"2022-03-11T17:59:44","modified_gmt":"2022-03-11T17:59:44","slug":"buy-snoops-dream-marijuana-strain-online","status":"publish","type":"product","link":"https:\/\/trustwhite.com\/ro\/shop\/buy-snoops-dream-marijuana-strain-online\/","title":{"rendered":"Cump\u0103ra\u021bi online tulpina de marijuana Snoops Dream"},"content":{"rendered":"<h1>Cump\u0103ra\u021bi Snoops Dream Tulpina de Marijuana online.<\/h1>\n<p>Cump\u0103ra\u021bi Snoops Dream Tulpina de Marijuana online.<\/p>\n<p>Efecte<br \/>\nCreativ, Energizant, Euforie, Vesel, Fericit, Relaxare, Ulifting<br \/>\nPoate u\u0219ura<br \/>\nTulburare bipolar\u0103, Durere cronic\u0103, Depresie, Oboseal\u0103, Dureri de cap, Insomnie, PMS, PTSD, Stres<br \/>\nArome<br \/>\nFructe de p\u0103dure, Afine, Burtos, Pin, Zaharat, Dulce, Vanilie<\/p>\n<p>&nbsp;<\/p>\n<p>&nbsp;<\/p>\n<p>&nbsp;<\/p>\n<pre><strong>Cump\u0103ra\u021bi Snoops Dream Marijuana Strain online - cump\u0103ra\u021bi Marijuana Strain, cump\u0103ra\u021bi Snoops Dream Marijuana Strain, cump\u0103ra\u021bi Dream Marijuana Strain online, unde s\u0103 cump\u0103ra\u021bi Snoops Dream Marijuana Strain, Snoops Dream Marijuana Strain de v\u00e2nzare, Snoops Marijuana Strain de v\u00e2nzare, cump\u0103ra\u021bi Snoops Marijuana Strain online, unde s\u0103 cump\u0103ra\u021bi Snoops Dream Marijuana Strain online, Snoops Dream Marijuana Strain de v\u00e2nzare \u00een Statele Unite ale Americii, SUA, Canada, Marea Britanie, cump\u0103ra\u021bi, online, furnizori, livrare sigur\u0103, Pute\u021bi ob\u021bine \u00een continuare Snoops Dream Marijuana Strain, Este Snoops Dream Marijuana Strain SUA, cump\u0103ra\u021bi Snoops Dream Marijuana Strain online SUA, cum s\u0103 comanda\u021bi Snoops Dream Marijuana Strain, Este Snoops Dream Marijuana Strain legal \u00een Canada <\/strong><\/pre>","protected":false},"excerpt":{"rendered":"<p>Cump\u0103ra\u021bi Snoops Dream Tulpina de Marijuana online. Snoop's Dream Tulpina de Marijuana. Hibrid - 50% Sativa \/50% Indica THC: 26%<\/p>\n<pre><strong>Cump\u0103ra\u021bi Snoops Dream Marijuana Strain online - cump\u0103ra\u021bi Marijuana Strain, cump\u0103ra\u021bi Snoops Dream Marijuana Strain, cump\u0103ra\u021bi Dream Marijuana Strain online, unde s\u0103 cump\u0103ra\u021bi Snoops Dream Marijuana Strain, Snoops Dream Marijuana Strain de v\u00e2nzare, Snoops Marijuana Strain de v\u00e2nzare, cump\u0103ra\u021bi Snoops Marijuana Strain online, unde s\u0103 cump\u0103ra\u021bi Snoops Dream Marijuana Strain online, Snoops Dream Marijuana Strain de v\u00e2nzare \u00een Statele Unite ale Americii, SUA, Canada, Marea Britanie, cump\u0103ra\u021bi, online, furnizori, livrare sigur\u0103, Pute\u021bi ob\u021bine \u00een continuare Snoops Dream Marijuana Strain, Este Snoops Dream Marijuana Strain SUA, cump\u0103ra\u021bi Snoops Dream Marijuana Strain online SUA, cum s\u0103 comanda\u021bi Snoops Dream Marijuana Strain, Este Snoops Dream Marijuana Strain legal \u00een Canada <\/strong><\/pre>","protected":false},"featured_media":9603,"template":"","meta":[],"product_brand":[],"product_cat":[81],"product_tag":[],"class_list":{"0":"post-9593","1":"product","2":"type-product","3":"status-publish","4":"has-post-thumbnail","6":"product_cat-marijuana-medical-cannabis","8":"first","9":"instock","10":"shipping-taxable","11":"purchasable","12":"product-type-variable"},"tiered_pricing_type":"fixed","tiered_pricing_fixed_rules":{"28":"9","50":"8","100":"7","250":"6","500":"4.5","1000":"3"},"tiered_pricing_percentage_rules":[],"tiered_pricing_minimum":1,"_administrator_tiered_pricing_type":"fixed","_administrator_tiered_pricing_fixed_rules":[],"_editor_tiered_pricing_type":"fixed","_editor_tiered_pricing_fixed_rules":[],"_author_tiered_pricing_type":"fixed","_author_tiered_pricing_fixed_rules":[],"_contributor_tiered_pricing_type":"fixed","_contributor_tiered_pricing_fixed_rules":[],"_subscriber_tiered_pricing_type":"fixed","_subscriber_tiered_pricing_fixed_rules":[],"_customer_tiered_pricing_type":"fixed","_customer_tiered_pricing_fixed_rules":[],"_shop_manager_tiered_pricing_type":"fixed","_shop_manager_tiered_pricing_fixed_rules":[],"_wpseo_manager_tiered_pricing_type":"fixed","_wpseo_manager_tiered_pricing_fixed_rules":[],"_wpseo_editor_tiered_pricing_type":"fixed","_wpseo_editor_tiered_pricing_fixed_rules":[],"yoast_head":"<!-- This site is optimized with the Yoast SEO plugin v26.8 - https:\/\/yoast.com\/product\/yoast-seo-wordpress\/ -->\n<title>Buy Snoops Dream Marijuana Strain Online - stonersmeds.com<\/title>\n<meta name=\"robots\" content=\"index, follow, max-snippet:-1, max-image-preview:large, max-video-preview:-1\" \/>\n<link rel=\"canonical\" href=\"https:\/\/trustwhite.com\/ro\/shop\/buy-snoops-dream-marijuana-strain-online\/\" \/>\n<meta property=\"og:locale\" content=\"ro_RO\" \/>\n<meta property=\"og:type\" content=\"article\" \/>\n<meta property=\"og:title\" content=\"Buy Snoops Dream Marijuana Strain Online - stonersmeds.com\" \/>\n<meta property=\"og:description\" content=\"Buy Snoops Dream Marijuana Strain Online. Snoop\u2019s Dream Marijuana Strain. Hybrid \u2013 50% Sativa \/50% Indica THC: 26% Buy Snoops Dream Marijuana Strain Online - buy Marijuana Strain , buy Snoops Dream Marijuana Strain , buy Dream Marijuana Strain online, Where to Buy Snoops Dream Marijuana Strain , Snoops Dream Marijuana Strain for sale, Snoops Marijuana Strain for sale, buy Snoops Marijuana Strain online, where to Buy Snoops Dream Marijuana Strain online, Snoops Dream Marijuana Strain for sale in usa , USA, canada,uk, buy, online, suppliers, safe delivery, You can still get Snoops Dream Marijuana Strain , Is Snoops Dream Marijuana Strain usa, buy Snoops Dream Marijuana Strain online usa, how to order Snoops Dream Marijuana Strain , Is Snoops Dream Marijuana Strain legal in Canada\" \/>\n<meta property=\"og:url\" content=\"https:\/\/trustwhite.com\/ro\/shop\/buy-snoops-dream-marijuana-strain-online\/\" \/>\n<meta property=\"og:site_name\" content=\"stonersmeds.com\" \/>\n<meta property=\"og:image\" content=\"https:\/\/trustwhite.com\/wp-content\/uploads\/2022\/03\/d.jpg\" \/>\n\t<meta property=\"og:image:width\" content=\"600\" \/>\n\t<meta property=\"og:image:height\" content=\"600\" \/>\n\t<meta property=\"og:image:type\" content=\"image\/jpeg\" \/>\n<meta name=\"twitter:card\" content=\"summary_large_image\" \/>\n<meta name=\"twitter:label1\" content=\"Timp estimat pentru citire\" \/>\n\t<meta name=\"twitter:data1\" content=\"1 minut\" \/>\n<script type=\"application\/ld+json\" class=\"yoast-schema-graph\">{\"@context\":\"https:\/\/schema.org\",\"@graph\":[{\"@type\":\"WebPage\",\"@id\":\"https:\/\/trustwhite.com\/es\/shop\/buy-snoops-dream-marijuana-strain-online\/\",\"url\":\"https:\/\/trustwhite.com\/es\/shop\/buy-snoops-dream-marijuana-strain-online\/\",\"name\":\"Buy Snoops Dream Marijuana Strain Online - stonersmeds.com\",\"isPartOf\":{\"@id\":\"https:\/\/trustwhite.com\/el\/#website\"},\"primaryImageOfPage\":{\"@id\":\"https:\/\/trustwhite.com\/es\/shop\/buy-snoops-dream-marijuana-strain-online\/#primaryimage\"},\"image\":{\"@id\":\"https:\/\/trustwhite.com\/es\/shop\/buy-snoops-dream-marijuana-strain-online\/#primaryimage\"},\"thumbnailUrl\":\"https:\/\/trustwhite.com\/wp-content\/uploads\/2022\/03\/d.jpg\",\"datePublished\":\"2022-03-11T17:59:44+00:00\",\"breadcrumb\":{\"@id\":\"https:\/\/trustwhite.com\/es\/shop\/buy-snoops-dream-marijuana-strain-online\/#breadcrumb\"},\"inLanguage\":\"ro-RO\",\"potentialAction\":[{\"@type\":\"ReadAction\",\"target\":[\"https:\/\/trustwhite.com\/es\/shop\/buy-snoops-dream-marijuana-strain-online\/\"]}]},{\"@type\":\"ImageObject\",\"inLanguage\":\"ro-RO\",\"@id\":\"https:\/\/trustwhite.com\/es\/shop\/buy-snoops-dream-marijuana-strain-online\/#primaryimage\",\"url\":\"https:\/\/trustwhite.com\/wp-content\/uploads\/2022\/03\/d.jpg\",\"contentUrl\":\"https:\/\/trustwhite.com\/wp-content\/uploads\/2022\/03\/d.jpg\",\"width\":600,\"height\":600},{\"@type\":\"BreadcrumbList\",\"@id\":\"https:\/\/trustwhite.com\/es\/shop\/buy-snoops-dream-marijuana-strain-online\/#breadcrumb\",\"itemListElement\":[{\"@type\":\"ListItem\",\"position\":1,\"name\":\"Home\",\"item\":\"https:\/\/trustwhite.com\/el\/\"},{\"@type\":\"ListItem\",\"position\":2,\"name\":\"Shop\",\"item\":\"https:\/\/trustwhite.com\/el\/shop\/\"},{\"@type\":\"ListItem\",\"position\":3,\"name\":\"Buy Snoops Dream Marijuana Strain Online\"}]},{\"@type\":\"WebSite\",\"@id\":\"https:\/\/trustwhite.com\/el\/#website\",\"url\":\"https:\/\/trustwhite.com\/el\/\",\"name\":\"stonersmeds.com\",\"description\":\"verschreibungspflichtige Medizin kaufen\",\"potentialAction\":[{\"@type\":\"SearchAction\",\"target\":{\"@type\":\"EntryPoint\",\"urlTemplate\":\"https:\/\/trustwhite.com\/el\/?s={search_term_string}\"},\"query-input\":{\"@type\":\"PropertyValueSpecification\",\"valueRequired\":true,\"valueName\":\"search_term_string\"}}],\"inLanguage\":\"ro-RO\"}]}<\/script>\n<!-- \/ Yoast SEO plugin. -->","yoast_head_json":{"title":"Cump\u0103ra\u021bi Snoops Dream Tulpina de Marijuana Online - stonersmeds.com","robots":{"index":"index","follow":"follow","max-snippet":"max-snippet:-1","max-image-preview":"max-image-preview:large","max-video-preview":"max-video-preview:-1"},"canonical":"https:\/\/trustwhite.com\/ro\/shop\/buy-snoops-dream-marijuana-strain-online\/","og_locale":"ro_RO","og_type":"article","og_title":"Buy Snoops Dream Marijuana Strain Online - stonersmeds.com","og_description":"Buy Snoops Dream Marijuana Strain Online. Snoop\u2019s Dream Marijuana Strain. Hybrid \u2013 50% Sativa \/50% Indica THC: 26% Buy Snoops Dream Marijuana Strain Online - buy Marijuana Strain , buy Snoops Dream Marijuana Strain , buy Dream Marijuana Strain online, Where to Buy Snoops Dream Marijuana Strain , Snoops Dream Marijuana Strain for sale, Snoops Marijuana Strain for sale, buy Snoops Marijuana Strain online, where to Buy Snoops Dream Marijuana Strain online, Snoops Dream Marijuana Strain for sale in usa , USA, canada,uk, buy, online, suppliers, safe delivery, You can still get Snoops Dream Marijuana Strain , Is Snoops Dream Marijuana Strain usa, buy Snoops Dream Marijuana Strain online usa, how to order Snoops Dream Marijuana Strain , Is Snoops Dream Marijuana Strain legal in Canada","og_url":"https:\/\/trustwhite.com\/ro\/shop\/buy-snoops-dream-marijuana-strain-online\/","og_site_name":"stonersmeds.com","og_image":[{"width":600,"height":600,"url":"https:\/\/trustwhite.com\/wp-content\/uploads\/2022\/03\/d.jpg","type":"image\/jpeg"}],"twitter_card":"summary_large_image","twitter_misc":{"Timp estimat pentru citire":"1 minut"},"schema":{"@context":"https:\/\/schema.org","@graph":[{"@type":"WebPage","@id":"https:\/\/trustwhite.com\/es\/shop\/buy-snoops-dream-marijuana-strain-online\/","url":"https:\/\/trustwhite.com\/es\/shop\/buy-snoops-dream-marijuana-strain-online\/","name":"Cump\u0103ra\u021bi Snoops Dream Tulpina de Marijuana Online - stonersmeds.com","isPartOf":{"@id":"https:\/\/trustwhite.com\/el\/#website"},"primaryImageOfPage":{"@id":"https:\/\/trustwhite.com\/es\/shop\/buy-snoops-dream-marijuana-strain-online\/#primaryimage"},"image":{"@id":"https:\/\/trustwhite.com\/es\/shop\/buy-snoops-dream-marijuana-strain-online\/#primaryimage"},"thumbnailUrl":"https:\/\/trustwhite.com\/wp-content\/uploads\/2022\/03\/d.jpg","datePublished":"2022-03-11T17:59:44+00:00","breadcrumb":{"@id":"https:\/\/trustwhite.com\/es\/shop\/buy-snoops-dream-marijuana-strain-online\/#breadcrumb"},"inLanguage":"ro-RO","potentialAction":[{"@type":"ReadAction","target":["https:\/\/trustwhite.com\/es\/shop\/buy-snoops-dream-marijuana-strain-online\/"]}]},{"@type":"ImageObject","inLanguage":"ro-RO","@id":"https:\/\/trustwhite.com\/es\/shop\/buy-snoops-dream-marijuana-strain-online\/#primaryimage","url":"https:\/\/trustwhite.com\/wp-content\/uploads\/2022\/03\/d.jpg","contentUrl":"https:\/\/trustwhite.com\/wp-content\/uploads\/2022\/03\/d.jpg","width":600,"height":600},{"@type":"BreadcrumbList","@id":"https:\/\/trustwhite.com\/es\/shop\/buy-snoops-dream-marijuana-strain-online\/#breadcrumb","itemListElement":[{"@type":"ListItem","position":1,"name":"Home","item":"https:\/\/trustwhite.com\/el\/"},{"@type":"ListItem","position":2,"name":"Shop","item":"https:\/\/trustwhite.com\/el\/shop\/"},{"@type":"ListItem","position":3,"name":"Buy Snoops Dream Marijuana Strain Online"}]},{"@type":"WebSite","@id":"https:\/\/trustwhite.com\/el\/#website","url":"https:\/\/trustwhite.com\/el\/","name":"stonersmeds.com","description":"verschreibungspflichtige Medizin kaufen","potentialAction":[{"@type":"SearchAction","target":{"@type":"EntryPoint","urlTemplate":"https:\/\/trustwhite.com\/el\/?s={search_term_string}"},"query-input":{"@type":"PropertyValueSpecification","valueRequired":true,"valueName":"search_term_string"}}],"inLanguage":"ro-RO"}]}},"_links":{"self":[{"href":"https:\/\/trustwhite.com\/ro\/wp-json\/wp\/v2\/product\/9593","targetHints":{"allow":["GET"]}}],"collection":[{"href":"https:\/\/trustwhite.com\/ro\/wp-json\/wp\/v2\/product"}],"about":[{"href":"https:\/\/trustwhite.com\/ro\/wp-json\/wp\/v2\/types\/product"}],"version-history":[{"count":0,"href":"https:\/\/trustwhite.com\/ro\/wp-json\/wp\/v2\/product\/9593\/revisions"}],"wp:featuredmedia":[{"embeddable":true,"href":"https:\/\/trustwhite.com\/ro\/wp-json\/wp\/v2\/media\/9603"}],"wp:attachment":[{"href":"https:\/\/trustwhite.com\/ro\/wp-json\/wp\/v2\/media?parent=9593"}],"wp:term":[{"taxonomy":"product_brand","embeddable":true,"href":"https:\/\/trustwhite.com\/ro\/wp-json\/wp\/v2\/product_brand?post=9593"},{"taxonomy":"product_cat","embeddable":true,"href":"https:\/\/trustwhite.com\/ro\/wp-json\/wp\/v2\/product_cat?post=9593"},{"taxonomy":"product_tag","embeddable":true,"href":"https:\/\/trustwhite.com\/ro\/wp-json\/wp\/v2\/product_tag?post=9593"}],"curies":[{"name":"wp","href":"https:\/\/api.w.org\/{rel}","templated":true}]}}