{"id":10692,"date":"2022-03-12T09:16:04","date_gmt":"2022-03-12T09:16:04","guid":{"rendered":"https:\/\/stonersmeds.com\/?post_type=product&#038;p=10692"},"modified":"2022-12-27T20:22:06","modified_gmt":"2022-12-27T18:22:06","slug":"buy-metizolam-2mg-pellets-online","status":"publish","type":"product","link":"https:\/\/trustwhite.com\/ro\/shop\/buy-metizolam-2mg-pellets-online\/","title":{"rendered":"Cump\u0103ra\u021bi Metizolam 2mg Pelete online"},"content":{"rendered":"<h1>Cumpara Metizolam 2mg pelete online.<\/h1>\n<p>Metizolamul sau demetilethizolamul este o tienodiazepin\u0103 str\u00e2ns legat\u0103 de etizolamul din ce \u00een ce mai popular. Moleculele de metizolam difer\u0103 de benzodiazepine prin faptul c\u0103 inelul benzenic este \u00eenlocuit cu un inel tiofenic. Dispunem de Metisolam doar sub form\u0103 de granule de 2 mg sau, pentru cercet\u0103torii avansa\u021bi, sub form\u0103 de pulbere. Ca \u0219i \u00een cazul tuturor produselor noastre, cercet\u0103torii sunt sf\u0103tui\u021bi s\u0103 poarte echipament de protec\u021bie adecvat atunci c\u00e2nd lucreaz\u0103 cu Metizolam. Acest produs este v\u00e2ndut pentru a fi utilizat numai \u00een institu\u021biile de cercetare stabilite.<\/p>\n<p>&nbsp;<\/p>\n<p>&nbsp;<\/p>\n<pre><strong>Cumpara Metizolam 2mg pelete online - cumpara Metizolam , cumpara Metizolam 2mg pelete Statele Unite ale Americii , cumpara Metizolam 2mg pelete online SUA , \u00cen cazul \u00een care pentru a cump\u0103ra Metizolam 2mg pelete , Metizolam 2mg pelete de v\u00e2nzare, Metizolam 2mg pelete de v\u00e2nzare aproape de mine , cumpara Metizolam 2mg pelete online aproape de mine , \u00een cazul \u00een care pentru a cump\u0103ra Metizolam 2mg pelete online, Metizolam 2mg Pellets de v\u00e2nzare \u00een Statele Unite ale Americii, SUA, Canada, Marea Britanie, cump\u0103ra\u021bi, online, furnizori, livrare sigur\u0103, Pute\u021bi ob\u021bine \u00een continuare Metizolam 2mg Pellets , Este Metizolam 2mg Pellets legal \u00een Statele Unite ale Americii, cump\u0103ra\u021bi Metizolam 2mg Pellets online \u00een Statele Unite ale Americii, cum s\u0103 comanda\u021bi Metizolam 2mg Pellets , Este Metizolam 2mg Pellets legal \u00een Canada<\/strong><\/pre>","protected":false},"excerpt":{"rendered":"<p>Cumpara Metizolam 2mg pelete online. Foarte ieftin, cu livrare gratuit\u0103 la comenzi en-gros. Se asigur\u0103 o calitate de top notch.<\/p>\n<p><em>Metizolam<\/em>\u00a0(cunoscut \u0219i sub numele de Desmetiletizolam) este un deprimant sintetic din clasa chimic\u0103 thienodiazepin\u0103, care se pare c\u0103 produce efecte asem\u0103n\u0103toare etizolamului, cum ar fi suprimarea anxiet\u0103\u021bii, dezinhibi\u021bia, sedarea, relaxarea muscular\u0103 \u0219i suprimarea memoriei atunci c\u00e2nd este administrat.<\/p>\n<pre><strong>Cumpara Metizolam 2mg pelete online - cumpara Metizolam , cumpara Metizolam 2mg pelete Statele Unite ale Americii , cumpara Metizolam 2mg pelete online SUA , \u00cen cazul \u00een care pentru a cump\u0103ra Metizolam 2mg pelete , Metizolam 2mg pelete de v\u00e2nzare, Metizolam 2mg pelete de v\u00e2nzare aproape de mine , cumpara Metizolam 2mg pelete online aproape de mine , \u00een cazul \u00een care pentru a cump\u0103ra Metizolam 2mg pelete online, Metizolam 2mg Pellets de v\u00e2nzare \u00een Statele Unite ale Americii, SUA, Canada, Marea Britanie, cump\u0103ra\u021bi, online, furnizori, livrare sigur\u0103, Pute\u021bi ob\u021bine \u00een continuare Metizolam 2mg Pellets , Este Metizolam 2mg Pellets legal \u00een Statele Unite ale Americii, cump\u0103ra\u021bi Metizolam 2mg Pellets online \u00een Statele Unite ale Americii, cum s\u0103 comanda\u021bi Metizolam 2mg Pellets , Este Metizolam 2mg Pellets legal \u00een Canada<\/strong><\/pre>","protected":false},"featured_media":10698,"template":"","meta":[],"product_brand":[],"product_cat":[79],"product_tag":[291,293,299,295,294,289,290,297,301,298,292,296,300],"class_list":{"0":"post-10692","1":"product","2":"type-product","3":"status-publish","4":"has-post-thumbnail","6":"product_cat-research-chemicals-and-bath-salt","7":"product_tag-buy-flunitrazolam","8":"product_tag-buy-metizolam","9":"product_tag-buy-metizolam-2mg-pellets-online-near-me","10":"product_tag-buy-metizolam-2mg-pellets-online-usa","11":"product_tag-buy-metizolam-2mg-pellets-usa","12":"product_tag-buy-nifoxipam","13":"product_tag-flubromazolam-pellets","14":"product_tag-metizolam-2mg-pellets-for-sale","15":"product_tag-metizolam-2mg-pellets-for-sale-in-usa","16":"product_tag-metizolam-2mg-pellets-for-sale-near-me","17":"product_tag-pyrazolam-powder","18":"product_tag-where-to-buy-metizolam-2mg-pellets","19":"product_tag-where-to-buy-metizolam-2mg-pellets-online","21":"first","22":"instock","23":"shipping-taxable","24":"purchasable","25":"product-type-variable"},"tiered_pricing_type":"fixed","tiered_pricing_fixed_rules":[],"tiered_pricing_percentage_rules":[],"tiered_pricing_minimum":1,"_administrator_tiered_pricing_type":"fixed","_administrator_tiered_pricing_fixed_rules":[],"_editor_tiered_pricing_type":"fixed","_editor_tiered_pricing_fixed_rules":[],"_author_tiered_pricing_type":"fixed","_author_tiered_pricing_fixed_rules":[],"_contributor_tiered_pricing_type":"fixed","_contributor_tiered_pricing_fixed_rules":[],"_subscriber_tiered_pricing_type":"fixed","_subscriber_tiered_pricing_fixed_rules":[],"_customer_tiered_pricing_type":"fixed","_customer_tiered_pricing_fixed_rules":[],"_shop_manager_tiered_pricing_type":"fixed","_shop_manager_tiered_pricing_fixed_rules":[],"_wpseo_manager_tiered_pricing_type":"fixed","_wpseo_manager_tiered_pricing_fixed_rules":[],"_wpseo_editor_tiered_pricing_type":"fixed","_wpseo_editor_tiered_pricing_fixed_rules":[],"yoast_head":"<!-- This site is optimized with the Yoast SEO plugin v26.8 - https:\/\/yoast.com\/product\/yoast-seo-wordpress\/ -->\n<title>Buy Metizolam 2mg Pellets online - Cheap price, Grade A++<\/title>\n<meta name=\"description\" content=\"Buy Metizolam 2mg Pellets Online at an affordable price at stonersmeds. All products are lab qualified and have premium quality.\" \/>\n<meta name=\"robots\" content=\"index, follow, max-snippet:-1, max-image-preview:large, max-video-preview:-1\" \/>\n<link rel=\"canonical\" href=\"https:\/\/trustwhite.com\/ro\/shop\/buy-metizolam-2mg-pellets-online\/\" \/>\n<meta property=\"og:locale\" content=\"ro_RO\" \/>\n<meta property=\"og:type\" content=\"article\" \/>\n<meta property=\"og:title\" content=\"Buy Metizolam 2mg Pellets online - Cheap price, Grade A++\" \/>\n<meta property=\"og:description\" content=\"Buy Metizolam 2mg Pellets Online at an affordable price at stonersmeds. All products are lab qualified and have premium quality.\" \/>\n<meta property=\"og:url\" content=\"https:\/\/trustwhite.com\/ro\/shop\/buy-metizolam-2mg-pellets-online\/\" \/>\n<meta property=\"og:site_name\" content=\"stonersmeds.com\" \/>\n<meta property=\"article:modified_time\" content=\"2022-12-27T18:22:06+00:00\" \/>\n<meta property=\"og:image\" content=\"https:\/\/trustwhite.com\/wp-content\/uploads\/2022\/03\/buy-metizolam-2mg-pellets-online.jpg\" \/>\n\t<meta property=\"og:image:width\" content=\"600\" \/>\n\t<meta property=\"og:image:height\" content=\"600\" \/>\n\t<meta property=\"og:image:type\" content=\"image\/jpeg\" \/>\n<meta name=\"twitter:card\" content=\"summary_large_image\" \/>\n<meta name=\"twitter:label1\" content=\"Timp estimat pentru citire\" \/>\n\t<meta name=\"twitter:data1\" content=\"1 minut\" \/>\n<script type=\"application\/ld+json\" class=\"yoast-schema-graph\">{\"@context\":\"https:\/\/schema.org\",\"@graph\":[{\"@type\":\"WebPage\",\"@id\":\"https:\/\/trustwhite.com\/shop\/buy-metizolam-2mg-pellets-online\/\",\"url\":\"https:\/\/trustwhite.com\/shop\/buy-metizolam-2mg-pellets-online\/\",\"name\":\"Buy Metizolam 2mg Pellets online - Cheap price, Grade A++\",\"isPartOf\":{\"@id\":\"https:\/\/trustwhite.com\/el\/#website\"},\"primaryImageOfPage\":{\"@id\":\"https:\/\/trustwhite.com\/shop\/buy-metizolam-2mg-pellets-online\/#primaryimage\"},\"image\":{\"@id\":\"https:\/\/trustwhite.com\/shop\/buy-metizolam-2mg-pellets-online\/#primaryimage\"},\"thumbnailUrl\":\"https:\/\/trustwhite.com\/wp-content\/uploads\/2022\/03\/buy-metizolam-2mg-pellets-online.jpg\",\"datePublished\":\"2022-03-12T09:16:04+00:00\",\"dateModified\":\"2022-12-27T18:22:06+00:00\",\"description\":\"Buy Metizolam 2mg Pellets Online at an affordable price at stonersmeds. All products are lab qualified and have premium quality.\",\"breadcrumb\":{\"@id\":\"https:\/\/trustwhite.com\/shop\/buy-metizolam-2mg-pellets-online\/#breadcrumb\"},\"inLanguage\":\"ro-RO\",\"potentialAction\":[{\"@type\":\"ReadAction\",\"target\":[\"https:\/\/trustwhite.com\/shop\/buy-metizolam-2mg-pellets-online\/\"]}]},{\"@type\":\"ImageObject\",\"inLanguage\":\"ro-RO\",\"@id\":\"https:\/\/trustwhite.com\/shop\/buy-metizolam-2mg-pellets-online\/#primaryimage\",\"url\":\"https:\/\/trustwhite.com\/wp-content\/uploads\/2022\/03\/buy-metizolam-2mg-pellets-online.jpg\",\"contentUrl\":\"https:\/\/trustwhite.com\/wp-content\/uploads\/2022\/03\/buy-metizolam-2mg-pellets-online.jpg\",\"width\":600,\"height\":600},{\"@type\":\"BreadcrumbList\",\"@id\":\"https:\/\/trustwhite.com\/shop\/buy-metizolam-2mg-pellets-online\/#breadcrumb\",\"itemListElement\":[{\"@type\":\"ListItem\",\"position\":1,\"name\":\"Home\",\"item\":\"https:\/\/trustwhite.com\/el\/\"},{\"@type\":\"ListItem\",\"position\":2,\"name\":\"Shop\",\"item\":\"https:\/\/trustwhite.com\/el\/shop\/\"},{\"@type\":\"ListItem\",\"position\":3,\"name\":\"Buy Metizolam 2mg Pellets online\"}]},{\"@type\":\"WebSite\",\"@id\":\"https:\/\/trustwhite.com\/el\/#website\",\"url\":\"https:\/\/trustwhite.com\/el\/\",\"name\":\"stonersmeds.com\",\"description\":\"verschreibungspflichtige Medizin kaufen\",\"potentialAction\":[{\"@type\":\"SearchAction\",\"target\":{\"@type\":\"EntryPoint\",\"urlTemplate\":\"https:\/\/trustwhite.com\/el\/?s={search_term_string}\"},\"query-input\":{\"@type\":\"PropertyValueSpecification\",\"valueRequired\":true,\"valueName\":\"search_term_string\"}}],\"inLanguage\":\"ro-RO\"}]}<\/script>\n<!-- \/ Yoast SEO plugin. -->","yoast_head_json":{"title":"Cumpara Metizolam 2mg Pellets online - Pre\u021bul ieftin, Grad A++","description":"Cump\u0103ra\u021bi Metizolam 2mg Pellets Online la un pre\u021b accesibil la stonersmeds. Toate produsele sunt calificate de laborator \u0219i au o calitate premium.","robots":{"index":"index","follow":"follow","max-snippet":"max-snippet:-1","max-image-preview":"max-image-preview:large","max-video-preview":"max-video-preview:-1"},"canonical":"https:\/\/trustwhite.com\/ro\/shop\/buy-metizolam-2mg-pellets-online\/","og_locale":"ro_RO","og_type":"article","og_title":"Buy Metizolam 2mg Pellets online - Cheap price, Grade A++","og_description":"Buy Metizolam 2mg Pellets Online at an affordable price at stonersmeds. All products are lab qualified and have premium quality.","og_url":"https:\/\/trustwhite.com\/ro\/shop\/buy-metizolam-2mg-pellets-online\/","og_site_name":"stonersmeds.com","article_modified_time":"2022-12-27T18:22:06+00:00","og_image":[{"width":600,"height":600,"url":"https:\/\/trustwhite.com\/wp-content\/uploads\/2022\/03\/buy-metizolam-2mg-pellets-online.jpg","type":"image\/jpeg"}],"twitter_card":"summary_large_image","twitter_misc":{"Timp estimat pentru citire":"1 minut"},"schema":{"@context":"https:\/\/schema.org","@graph":[{"@type":"WebPage","@id":"https:\/\/trustwhite.com\/shop\/buy-metizolam-2mg-pellets-online\/","url":"https:\/\/trustwhite.com\/shop\/buy-metizolam-2mg-pellets-online\/","name":"Cumpara Metizolam 2mg Pellets online - Pre\u021bul ieftin, Grad A++","isPartOf":{"@id":"https:\/\/trustwhite.com\/el\/#website"},"primaryImageOfPage":{"@id":"https:\/\/trustwhite.com\/shop\/buy-metizolam-2mg-pellets-online\/#primaryimage"},"image":{"@id":"https:\/\/trustwhite.com\/shop\/buy-metizolam-2mg-pellets-online\/#primaryimage"},"thumbnailUrl":"https:\/\/trustwhite.com\/wp-content\/uploads\/2022\/03\/buy-metizolam-2mg-pellets-online.jpg","datePublished":"2022-03-12T09:16:04+00:00","dateModified":"2022-12-27T18:22:06+00:00","description":"Cump\u0103ra\u021bi Metizolam 2mg Pellets Online la un pre\u021b accesibil la stonersmeds. Toate produsele sunt calificate de laborator \u0219i au o calitate premium.","breadcrumb":{"@id":"https:\/\/trustwhite.com\/shop\/buy-metizolam-2mg-pellets-online\/#breadcrumb"},"inLanguage":"ro-RO","potentialAction":[{"@type":"ReadAction","target":["https:\/\/trustwhite.com\/shop\/buy-metizolam-2mg-pellets-online\/"]}]},{"@type":"ImageObject","inLanguage":"ro-RO","@id":"https:\/\/trustwhite.com\/shop\/buy-metizolam-2mg-pellets-online\/#primaryimage","url":"https:\/\/trustwhite.com\/wp-content\/uploads\/2022\/03\/buy-metizolam-2mg-pellets-online.jpg","contentUrl":"https:\/\/trustwhite.com\/wp-content\/uploads\/2022\/03\/buy-metizolam-2mg-pellets-online.jpg","width":600,"height":600},{"@type":"BreadcrumbList","@id":"https:\/\/trustwhite.com\/shop\/buy-metizolam-2mg-pellets-online\/#breadcrumb","itemListElement":[{"@type":"ListItem","position":1,"name":"Home","item":"https:\/\/trustwhite.com\/el\/"},{"@type":"ListItem","position":2,"name":"Shop","item":"https:\/\/trustwhite.com\/el\/shop\/"},{"@type":"ListItem","position":3,"name":"Buy Metizolam 2mg Pellets online"}]},{"@type":"WebSite","@id":"https:\/\/trustwhite.com\/el\/#website","url":"https:\/\/trustwhite.com\/el\/","name":"stonersmeds.com","description":"verschreibungspflichtige Medizin kaufen","potentialAction":[{"@type":"SearchAction","target":{"@type":"EntryPoint","urlTemplate":"https:\/\/trustwhite.com\/el\/?s={search_term_string}"},"query-input":{"@type":"PropertyValueSpecification","valueRequired":true,"valueName":"search_term_string"}}],"inLanguage":"ro-RO"}]}},"_links":{"self":[{"href":"https:\/\/trustwhite.com\/ro\/wp-json\/wp\/v2\/product\/10692","targetHints":{"allow":["GET"]}}],"collection":[{"href":"https:\/\/trustwhite.com\/ro\/wp-json\/wp\/v2\/product"}],"about":[{"href":"https:\/\/trustwhite.com\/ro\/wp-json\/wp\/v2\/types\/product"}],"version-history":[{"count":0,"href":"https:\/\/trustwhite.com\/ro\/wp-json\/wp\/v2\/product\/10692\/revisions"}],"wp:featuredmedia":[{"embeddable":true,"href":"https:\/\/trustwhite.com\/ro\/wp-json\/wp\/v2\/media\/10698"}],"wp:attachment":[{"href":"https:\/\/trustwhite.com\/ro\/wp-json\/wp\/v2\/media?parent=10692"}],"wp:term":[{"taxonomy":"product_brand","embeddable":true,"href":"https:\/\/trustwhite.com\/ro\/wp-json\/wp\/v2\/product_brand?post=10692"},{"taxonomy":"product_cat","embeddable":true,"href":"https:\/\/trustwhite.com\/ro\/wp-json\/wp\/v2\/product_cat?post=10692"},{"taxonomy":"product_tag","embeddable":true,"href":"https:\/\/trustwhite.com\/ro\/wp-json\/wp\/v2\/product_tag?post=10692"}],"curies":[{"name":"wp","href":"https:\/\/api.w.org\/{rel}","templated":true}]}}