{"id":10538,"date":"2022-03-12T08:13:40","date_gmt":"2022-03-12T08:13:40","guid":{"rendered":"https:\/\/stonersmeds.com\/?post_type=product&#038;p=10538"},"modified":"2022-12-29T21:13:28","modified_gmt":"2022-12-29T19:13:28","slug":"buy-synthacaine-powder-cheap-online","status":"publish","type":"product","link":"https:\/\/trustwhite.com\/ro\/shop\/buy-synthacaine-powder-cheap-online\/","title":{"rendered":"Cump\u0103ra\u021bi Synthacaine Powder Cheap Online"},"content":{"rendered":"<h1>Cump\u0103ra\u021bi Synthacaine Powder Cheap Online.<\/h1>\n<p>\"Synthacaine rock\" este o nou\u0103 substan\u021b\u0103 psihoactiv\u0103 care, datorit\u0103 propriet\u0103\u021bilor sale psihoactive \u00eenn\u0103scute, are rolul de a imita efectele cocainei \u0219i, prin urmare, este marcat\u0103 ulterior ca fiind \"cocain\u0103 legitim\u0103\". Singura metodologie \u0219tiin\u021bific\u0103 la care s-a r\u0103spuns p\u00e2n\u0103 \u00een prezent pentru detectarea \"Synthacaine\" este spectrometria de mas\u0103. \u00cen aceast\u0103 lucrare, investig\u0103m \u0219i evalu\u0103m domeniul de aplicare al strategiilor logice preconizate pentru evaluarea \u0219i posibila utilizare a acesteia \u00een domeniul depist\u0103rii \"Synthacaine\" utiliz\u00e2nd spectroscopia Raman, testarea ipotetic\u0103 (nuan\u021bare), cromatografia lichid\u0103 de \u00eenalt\u0103 performan\u021b\u0103 (HPLC) \u0219i electrochimia. Examinarea HPLC a testelor de drum descoper\u0103 c\u0103 \"Synthacaine\" implic\u0103 o combina\u021bie de metiopamina (MPA) \u0219i 2-aminoindan (2-AI). Spectroscopia Raman \u0219i testele ipotetice (de umbrire), testul Marquis, Mandelin, Simon \u0219i Robadope, sunt evaluate \u00een vederea unei poten\u021biale abord\u0103ri de depistare pe teren, dar se constat\u0103 c\u0103 nu au posibilitatea de a face distinc\u021bia \u00eentre cele dou\u0103 substan\u021be atunci c\u00e2nd ambele sunt prezente \u00eentr-un exemplu similar, la fel ca \u00een cazul testelor rutiere autentice. Raport\u0103m \u00een mod nea\u0219teptat o nou\u0103 conven\u021bie electrochimic\u0103 de tip backhanded pentru detectarea MPA \u0219i 2-AI, care este aprobat\u0103 \u00een mod autonom \u00een testele rutiere cu HPLC. Aceast\u0103 metodologie electrochimic\u0103 epic\u0103, dependent\u0103 de macroelectrozi de grafit serigrafiat, de unic\u0103 folosin\u021b\u0103, cu o bun\u0103 cunoa\u0219tere financiar\u0103, de\u021bine poten\u021bialul pentru depistarea pe teren a \"Synthacaine\".<\/p>\n<p>&nbsp;<\/p>\n<pre><strong>Cump\u0103ra\u021bi Synthacaine Powder Cheap Online - cump\u0103ra\u021bi Synthacaine Powder Cheap , cump\u0103ra\u021bi Synthacaine Powder Cheap SUA , cump\u0103ra\u021bi Synthacaine Powder Cheap online SUA , Unde s\u0103 cump\u0103ra\u021bi Synthacaine Powder Cheap , Synthacaine Powder Cheap de v\u00e2nzare, Synthacaine Powder Cheap de v\u00e2nzare l\u00e2ng\u0103 mine , cump\u0103ra\u021bi Synthacaine Powder Cheap online l\u00e2ng\u0103 mine , unde s\u0103 cump\u0103ra\u021bi Synthacaine Powder Cheap online , Synthacaine Powder Cheap de v\u00e2nzare \u00een SUA , SUA, Canada, Marea Britanie, cump\u0103ra\u021bi, online, furnizori, livrare sigur\u0103, Pute\u021bi ob\u021bine \u00een continuare Synthacaine Powder Cheap , este Synthacaine Powder Cheap legal \u00een SUA, cump\u0103ra\u021bi Synthacaine Powder Cheap online \u00een SUA, cum s\u0103 comanda\u021bi Synthacaine Powder Cheap , este Synthacaine Powder Cheap legal \u00een Canada<\/strong><\/pre>","protected":false},"excerpt":{"rendered":"<p>Cump\u0103ra\u021bi Synthacaine Powder Cheap Online. Synthacaine puritate 99.8%<br \/>\nApplication Research Chemical - Aspect: Super Spun \u0219i u\u0219or de culoare alb deschis \u00een culoare Foarte puternic la 100mgs<\/p>\n<pre><strong>Cump\u0103ra\u021bi Synthacaine Powder Cheap Online - cump\u0103ra\u021bi Synthacaine Powder Cheap , cump\u0103ra\u021bi Synthacaine Powder Cheap SUA , cump\u0103ra\u021bi Synthacaine Powder Cheap online SUA , Unde s\u0103 cump\u0103ra\u021bi Synthacaine Powder Cheap , Synthacaine Powder Cheap de v\u00e2nzare, Synthacaine Powder Cheap de v\u00e2nzare l\u00e2ng\u0103 mine , cump\u0103ra\u021bi Synthacaine Powder Cheap online l\u00e2ng\u0103 mine , unde s\u0103 cump\u0103ra\u021bi Synthacaine Powder Cheap online , Synthacaine Powder Cheap de v\u00e2nzare \u00een SUA , SUA, Canada, Marea Britanie, cump\u0103ra\u021bi, online, furnizori, livrare sigur\u0103, Pute\u021bi ob\u021bine \u00een continuare Synthacaine Powder Cheap , este Synthacaine Powder Cheap legal \u00een SUA, cump\u0103ra\u021bi Synthacaine Powder Cheap online \u00een SUA, cum s\u0103 comanda\u021bi Synthacaine Powder Cheap , este Synthacaine Powder Cheap legal \u00een Canada<\/strong><\/pre>","protected":false},"featured_media":10554,"template":"","meta":[],"product_brand":[],"product_cat":[79],"product_tag":[555,556,562,558,557,554,552,553,567,568,566,560,564,561,559,563,565],"class_list":{"0":"post-10538","1":"product","2":"type-product","3":"status-publish","4":"has-post-thumbnail","6":"product_cat-research-chemicals-and-bath-salt","7":"product_tag-buy-synthacaine-powder","8":"product_tag-buy-synthacaine-powder-cheap","9":"product_tag-buy-synthacaine-powder-cheap-online-near-me","10":"product_tag-buy-synthacaine-powder-cheap-online-usa","11":"product_tag-buy-synthacaine-powder-cheap-usa","12":"product_tag-buy-synthacaine-powder-in-usa","13":"product_tag-buy-synthacaine-powder-online","14":"product_tag-buy-synthacaine-powder-uk","15":"product_tag-how-to-order-synthacaine-powder-cheap","16":"product_tag-is-synthacaine-powder-cheap-legal-in-canada","17":"product_tag-is-synthacaine-powder-cheap-legal-in-usa","18":"product_tag-synthacaine-powder-cheap-for-sale","19":"product_tag-synthacaine-powder-cheap-for-sale-in-usa","20":"product_tag-synthacaine-powder-cheap-for-sale-near-me","21":"product_tag-where-to-buy-synthacaine-powder-cheap","22":"product_tag-where-to-buy-synthacaine-powder-cheap-online","23":"product_tag-you-can-still-get-synthacaine-powder-cheap","25":"first","26":"instock","27":"shipping-taxable","28":"purchasable","29":"product-type-variable"},"tiered_pricing_type":"fixed","tiered_pricing_fixed_rules":[],"tiered_pricing_percentage_rules":[],"tiered_pricing_minimum":1,"_administrator_tiered_pricing_type":"fixed","_administrator_tiered_pricing_fixed_rules":[],"_editor_tiered_pricing_type":"fixed","_editor_tiered_pricing_fixed_rules":[],"_author_tiered_pricing_type":"fixed","_author_tiered_pricing_fixed_rules":[],"_contributor_tiered_pricing_type":"fixed","_contributor_tiered_pricing_fixed_rules":[],"_subscriber_tiered_pricing_type":"fixed","_subscriber_tiered_pricing_fixed_rules":[],"_customer_tiered_pricing_type":"fixed","_customer_tiered_pricing_fixed_rules":[],"_shop_manager_tiered_pricing_type":"fixed","_shop_manager_tiered_pricing_fixed_rules":[],"_wpseo_manager_tiered_pricing_type":"fixed","_wpseo_manager_tiered_pricing_fixed_rules":[],"_wpseo_editor_tiered_pricing_type":"fixed","_wpseo_editor_tiered_pricing_fixed_rules":[],"yoast_head":"<!-- This site is optimized with the Yoast SEO plugin v26.8 - https:\/\/yoast.com\/product\/yoast-seo-wordpress\/ -->\n<title>Buy Synthacaine Powder Cheap Online - Cheap price, Grade A++<\/title>\n<meta name=\"description\" content=\"Buy Synthacaine Powder Online at an affordable price at stonersmeds. All products are lab qualified and have premium quality.\" \/>\n<meta name=\"robots\" content=\"index, follow, max-snippet:-1, max-image-preview:large, max-video-preview:-1\" \/>\n<link rel=\"canonical\" href=\"https:\/\/trustwhite.com\/ro\/shop\/buy-synthacaine-powder-cheap-online\/\" \/>\n<meta property=\"og:locale\" content=\"ro_RO\" \/>\n<meta property=\"og:type\" content=\"article\" \/>\n<meta property=\"og:title\" content=\"Buy Synthacaine Powder Cheap Online - Cheap price, Grade A++\" \/>\n<meta property=\"og:description\" content=\"Buy Synthacaine Powder Online at an affordable price at stonersmeds. All products are lab qualified and have premium quality.\" \/>\n<meta property=\"og:url\" content=\"https:\/\/trustwhite.com\/ro\/shop\/buy-synthacaine-powder-cheap-online\/\" \/>\n<meta property=\"og:site_name\" content=\"stonersmeds.com\" \/>\n<meta property=\"article:modified_time\" content=\"2022-12-29T19:13:28+00:00\" \/>\n<meta property=\"og:image\" content=\"https:\/\/trustwhite.com\/wp-content\/uploads\/2022\/03\/Buy-Synthacaine-Powder-Cheap-Online.jpg\" \/>\n\t<meta property=\"og:image:width\" content=\"600\" \/>\n\t<meta property=\"og:image:height\" content=\"600\" \/>\n\t<meta property=\"og:image:type\" content=\"image\/jpeg\" \/>\n<meta name=\"twitter:card\" content=\"summary_large_image\" \/>\n<meta name=\"twitter:label1\" content=\"Timp estimat pentru citire\" \/>\n\t<meta name=\"twitter:data1\" content=\"2 minute\" \/>\n<script type=\"application\/ld+json\" class=\"yoast-schema-graph\">{\"@context\":\"https:\/\/schema.org\",\"@graph\":[{\"@type\":\"WebPage\",\"@id\":\"https:\/\/trustwhite.com\/es\/shop\/buy-synthacaine-powder-cheap-online\/\",\"url\":\"https:\/\/trustwhite.com\/es\/shop\/buy-synthacaine-powder-cheap-online\/\",\"name\":\"Buy Synthacaine Powder Cheap Online - Cheap price, Grade A++\",\"isPartOf\":{\"@id\":\"https:\/\/trustwhite.com\/el\/#website\"},\"primaryImageOfPage\":{\"@id\":\"https:\/\/trustwhite.com\/es\/shop\/buy-synthacaine-powder-cheap-online\/#primaryimage\"},\"image\":{\"@id\":\"https:\/\/trustwhite.com\/es\/shop\/buy-synthacaine-powder-cheap-online\/#primaryimage\"},\"thumbnailUrl\":\"https:\/\/trustwhite.com\/wp-content\/uploads\/2022\/03\/Buy-Synthacaine-Powder-Cheap-Online.jpg\",\"datePublished\":\"2022-03-12T08:13:40+00:00\",\"dateModified\":\"2022-12-29T19:13:28+00:00\",\"description\":\"Buy Synthacaine Powder Online at an affordable price at stonersmeds. All products are lab qualified and have premium quality.\",\"breadcrumb\":{\"@id\":\"https:\/\/trustwhite.com\/es\/shop\/buy-synthacaine-powder-cheap-online\/#breadcrumb\"},\"inLanguage\":\"ro-RO\",\"potentialAction\":[{\"@type\":\"ReadAction\",\"target\":[\"https:\/\/trustwhite.com\/es\/shop\/buy-synthacaine-powder-cheap-online\/\"]}]},{\"@type\":\"ImageObject\",\"inLanguage\":\"ro-RO\",\"@id\":\"https:\/\/trustwhite.com\/es\/shop\/buy-synthacaine-powder-cheap-online\/#primaryimage\",\"url\":\"https:\/\/trustwhite.com\/wp-content\/uploads\/2022\/03\/Buy-Synthacaine-Powder-Cheap-Online.jpg\",\"contentUrl\":\"https:\/\/trustwhite.com\/wp-content\/uploads\/2022\/03\/Buy-Synthacaine-Powder-Cheap-Online.jpg\",\"width\":600,\"height\":600},{\"@type\":\"BreadcrumbList\",\"@id\":\"https:\/\/trustwhite.com\/es\/shop\/buy-synthacaine-powder-cheap-online\/#breadcrumb\",\"itemListElement\":[{\"@type\":\"ListItem\",\"position\":1,\"name\":\"Home\",\"item\":\"https:\/\/trustwhite.com\/el\/\"},{\"@type\":\"ListItem\",\"position\":2,\"name\":\"Shop\",\"item\":\"https:\/\/trustwhite.com\/el\/shop\/\"},{\"@type\":\"ListItem\",\"position\":3,\"name\":\"Buy Synthacaine Powder Cheap Online\"}]},{\"@type\":\"WebSite\",\"@id\":\"https:\/\/trustwhite.com\/el\/#website\",\"url\":\"https:\/\/trustwhite.com\/el\/\",\"name\":\"stonersmeds.com\",\"description\":\"verschreibungspflichtige Medizin kaufen\",\"potentialAction\":[{\"@type\":\"SearchAction\",\"target\":{\"@type\":\"EntryPoint\",\"urlTemplate\":\"https:\/\/trustwhite.com\/el\/?s={search_term_string}\"},\"query-input\":{\"@type\":\"PropertyValueSpecification\",\"valueRequired\":true,\"valueName\":\"search_term_string\"}}],\"inLanguage\":\"ro-RO\"}]}<\/script>\n<!-- \/ Yoast SEO plugin. -->","yoast_head_json":{"title":"Cump\u0103ra\u021bi Synthacaine Powder Cheap Online - Pre\u021b ieftin, Grad A++","description":"Cump\u0103ra\u021bi Synthacaine Powder Online la un pre\u021b accesibil la stonersmeds. Toate produsele sunt calificate de laborator \u0219i au o calitate premium.","robots":{"index":"index","follow":"follow","max-snippet":"max-snippet:-1","max-image-preview":"max-image-preview:large","max-video-preview":"max-video-preview:-1"},"canonical":"https:\/\/trustwhite.com\/ro\/shop\/buy-synthacaine-powder-cheap-online\/","og_locale":"ro_RO","og_type":"article","og_title":"Buy Synthacaine Powder Cheap Online - Cheap price, Grade A++","og_description":"Buy Synthacaine Powder Online at an affordable price at stonersmeds. All products are lab qualified and have premium quality.","og_url":"https:\/\/trustwhite.com\/ro\/shop\/buy-synthacaine-powder-cheap-online\/","og_site_name":"stonersmeds.com","article_modified_time":"2022-12-29T19:13:28+00:00","og_image":[{"width":600,"height":600,"url":"https:\/\/trustwhite.com\/wp-content\/uploads\/2022\/03\/Buy-Synthacaine-Powder-Cheap-Online.jpg","type":"image\/jpeg"}],"twitter_card":"summary_large_image","twitter_misc":{"Timp estimat pentru citire":"2 minute"},"schema":{"@context":"https:\/\/schema.org","@graph":[{"@type":"WebPage","@id":"https:\/\/trustwhite.com\/es\/shop\/buy-synthacaine-powder-cheap-online\/","url":"https:\/\/trustwhite.com\/es\/shop\/buy-synthacaine-powder-cheap-online\/","name":"Cump\u0103ra\u021bi Synthacaine Powder Cheap Online - Pre\u021b ieftin, Grad A++","isPartOf":{"@id":"https:\/\/trustwhite.com\/el\/#website"},"primaryImageOfPage":{"@id":"https:\/\/trustwhite.com\/es\/shop\/buy-synthacaine-powder-cheap-online\/#primaryimage"},"image":{"@id":"https:\/\/trustwhite.com\/es\/shop\/buy-synthacaine-powder-cheap-online\/#primaryimage"},"thumbnailUrl":"https:\/\/trustwhite.com\/wp-content\/uploads\/2022\/03\/Buy-Synthacaine-Powder-Cheap-Online.jpg","datePublished":"2022-03-12T08:13:40+00:00","dateModified":"2022-12-29T19:13:28+00:00","description":"Cump\u0103ra\u021bi Synthacaine Powder Online la un pre\u021b accesibil la stonersmeds. Toate produsele sunt calificate de laborator \u0219i au o calitate premium.","breadcrumb":{"@id":"https:\/\/trustwhite.com\/es\/shop\/buy-synthacaine-powder-cheap-online\/#breadcrumb"},"inLanguage":"ro-RO","potentialAction":[{"@type":"ReadAction","target":["https:\/\/trustwhite.com\/es\/shop\/buy-synthacaine-powder-cheap-online\/"]}]},{"@type":"ImageObject","inLanguage":"ro-RO","@id":"https:\/\/trustwhite.com\/es\/shop\/buy-synthacaine-powder-cheap-online\/#primaryimage","url":"https:\/\/trustwhite.com\/wp-content\/uploads\/2022\/03\/Buy-Synthacaine-Powder-Cheap-Online.jpg","contentUrl":"https:\/\/trustwhite.com\/wp-content\/uploads\/2022\/03\/Buy-Synthacaine-Powder-Cheap-Online.jpg","width":600,"height":600},{"@type":"BreadcrumbList","@id":"https:\/\/trustwhite.com\/es\/shop\/buy-synthacaine-powder-cheap-online\/#breadcrumb","itemListElement":[{"@type":"ListItem","position":1,"name":"Home","item":"https:\/\/trustwhite.com\/el\/"},{"@type":"ListItem","position":2,"name":"Shop","item":"https:\/\/trustwhite.com\/el\/shop\/"},{"@type":"ListItem","position":3,"name":"Buy Synthacaine Powder Cheap Online"}]},{"@type":"WebSite","@id":"https:\/\/trustwhite.com\/el\/#website","url":"https:\/\/trustwhite.com\/el\/","name":"stonersmeds.com","description":"verschreibungspflichtige Medizin kaufen","potentialAction":[{"@type":"SearchAction","target":{"@type":"EntryPoint","urlTemplate":"https:\/\/trustwhite.com\/el\/?s={search_term_string}"},"query-input":{"@type":"PropertyValueSpecification","valueRequired":true,"valueName":"search_term_string"}}],"inLanguage":"ro-RO"}]}},"_links":{"self":[{"href":"https:\/\/trustwhite.com\/ro\/wp-json\/wp\/v2\/product\/10538","targetHints":{"allow":["GET"]}}],"collection":[{"href":"https:\/\/trustwhite.com\/ro\/wp-json\/wp\/v2\/product"}],"about":[{"href":"https:\/\/trustwhite.com\/ro\/wp-json\/wp\/v2\/types\/product"}],"version-history":[{"count":0,"href":"https:\/\/trustwhite.com\/ro\/wp-json\/wp\/v2\/product\/10538\/revisions"}],"wp:featuredmedia":[{"embeddable":true,"href":"https:\/\/trustwhite.com\/ro\/wp-json\/wp\/v2\/media\/10554"}],"wp:attachment":[{"href":"https:\/\/trustwhite.com\/ro\/wp-json\/wp\/v2\/media?parent=10538"}],"wp:term":[{"taxonomy":"product_brand","embeddable":true,"href":"https:\/\/trustwhite.com\/ro\/wp-json\/wp\/v2\/product_brand?post=10538"},{"taxonomy":"product_cat","embeddable":true,"href":"https:\/\/trustwhite.com\/ro\/wp-json\/wp\/v2\/product_cat?post=10538"},{"taxonomy":"product_tag","embeddable":true,"href":"https:\/\/trustwhite.com\/ro\/wp-json\/wp\/v2\/product_tag?post=10538"}],"curies":[{"name":"wp","href":"https:\/\/api.w.org\/{rel}","templated":true}]}}