{"id":10477,"date":"2022-03-12T07:50:19","date_gmt":"2022-03-12T07:50:19","guid":{"rendered":"https:\/\/stonersmeds.com\/?post_type=product&#038;p=10477"},"modified":"2022-12-29T21:12:57","modified_gmt":"2022-12-29T19:12:57","slug":"buy-hdep-28-novel-ethylnaphthidate-1-oz","status":"publish","type":"product","link":"https:\/\/trustwhite.com\/ro\/shop\/buy-hdep-28-novel-ethylnaphthidate-1-oz\/","title":{"rendered":"Cump\u0103ra\u021bi hdep-28 Novel Ethylnaphthidate 1 oz"},"content":{"rendered":"<h1>Cump\u0103ra\u021bi hdep-28 Novel Ethylnaphththidate 1 oz.<\/h1>\n<p>Care este un energizant entactogen, este adesea sugerat ca 3,4-metilendioxi-N-etilcatinon\u0103. Etilona are un nume productiv de 1-(1,3-Benzodioxol-5-il)- 2-(etilamino)- 1-propanon\u0103. Formula subnuclear\u0103 este C12H15NO3 cu o mas\u0103 ordinar\u0103 de 221,251999 Da \u0219i o mas\u0103 monoizotopic\u0103 de 221,104996 Da. Cump\u0103ra\u021bi etilen\u0103 china. Etilona piatr\u0103 valoroas\u0103 accesibil\u0103 pentru a fi cump\u0103rat\u0103. Cump\u0103ra\u021bi pietre valoroase de etilen\u0103. Furnizor de etilon\u0103. Cumpara ethylone reducere. reducere Ethylone.<\/p>\n<p>Evaluarea privind etilona a fost coordonat\u0103 de ACD\/Labs' \u0219i ChemAxon. Propriet\u0103\u021bile care au fost prev\u0103zute de ACD\/Labs au demonstrat 4 acceptori de securitate #H, 4 valori de securitate #Freely turning, un indice de refrac\u021bie de 1,54 cu un factor de presiune de suprafa\u021b\u0103 de 44,3470001220703 dyne\/cm, o motiva\u021bie de spargere \u00een urm\u0103 cu 172,845 \u00b0C \u0219i o restric\u021bie de 362,188 \u00b0C la 760 mmHg.<\/p>\n<p>Acest lucru este normal pentru aplica\u021biile logice \u0219i de cercetare.<\/p>\n<p>Acest lucru a fost creat \u0219i a \u00eencercat s\u0103 \u00eendeplineasc\u0103 standardele ISO17025:2005 \u0219i Ghidul 34:2009.<\/p>\n<p>Suntem cea mai bun\u0103 asocia\u021bie \u0219i avem o rela\u021bie prompt\u0103 cu diver\u0219i produc\u0103tori \u0219i furnizori din \u00eentreaga lume. Noi pur \u0219i simplu oferim lucruri de calitate de evaluare premium pentru clien\u021bii no\u0219tri! Ceva fundamental la fel ca ceea ce a\u0219tept\u0103m \u00een general atunci c\u00e2nd achizi\u021bion\u0103m articole.<\/p>\n<p>Din acest motiv, putem ob\u021bine cele mai bune lucruri de calitate absolut\u0103 la cele mai reale cheltuieli, \u0219i s\u0103 v\u0103 transmitem calitatea la cea mai bun\u0103 cheltuial\u0103!<\/p>\n<p>Tot ceea ce vindem este de calitate superioar\u0103, solicit\u0103m tuturor clien\u021bilor s\u0103 efectueze GC\/MS pentru a ob\u021bine precizie \u0219i legitimitate. Ne juc\u0103m propriile noastre teste pe fiecare transport pentru a ne asigura c\u0103 piesele r\u0103mase de calitate la 100%, ne pas\u0103 de clien\u021bii no\u0219tri \u0219i c\u0103 primesc cu siguran\u021b\u0103 ceea ce este avansat cu achizi\u021bia lor.<\/p>\n<p>Capota noastr\u0103 de afaceri depinde de faptul c\u0103 ne ocup\u0103m pe deplin de solicitarea dumneavoastr\u0103, indiferent de ce - \u00eentr-un mod util. Noi nu l\u0103s\u0103m niciodat\u0103 o problem\u0103 discutabil\u0103 vreodat\u0103 \u0219i \u00eencerc\u0103m s\u0103 v\u0103 oferim cele mai bune re\u021bete \u0219i artificii delicate la cele mai bune cheltuieli, cu cea mai furtiv\u0103 cale de transport posibil\u0103! \u00cen cazul \u00een care nu este chiar at\u00e2t de dificil, ave\u021bi certitudine, \u0219i pune\u021bi \u00een solicitare cu convingere!<\/p>\n<p>Ne-am dovedit a fi extrem de puternici \u0219i \u00een orice moment dat u\u0219a deschis\u0103 de c\u0103tre tine ne vom dovedi a fi notabil c\u0103 pute\u021bi veni s\u0103 aib\u0103 \u00eencredere \u0219i s\u0103 fac\u0103 afaceri stabile cu oricum mult timp suntem aproape! Noi nu v\u0103 vom permite s\u0103 cobor\u00e2\u021bi.<\/p>\n<p>Oferim numerele de \u00eenso\u021bire odat\u0103 ce grupul este trimis, pentru a v\u0103 permite s\u0103 urm\u0103ri\u021bi evolu\u021bia pachetului dumneavoastr\u0103.<\/p>\n<p>&nbsp;<\/p>\n<p>&nbsp;<\/p>\n<pre><strong>Cumpara hdep-28 Novel Ethylnaphthidate 1 oz Online - cumpara hdep-28 Novel , cumpara hdep-28 Novel Ethylnaphthidate 1 oz , cumpara hdep-28 Novel online, Unde s\u0103 cumpere hdep-28 Novel Ethylnaphthidate 1 oz , hdep-28 Novel Ethylnaphthidate 1 oz de v\u00e2nzare, hdep-28 Novel de v\u00e2nzare, cump\u0103ra Ethylnaphthidate 1 oz online, unde s\u0103 cumpere hdep-28 Novel Ethylnaphthidate 1 oz online , hdep-28 Novel Ethylnaphththidate 1 oz de v\u00e2nzare \u00een Statele Unite ale Americii, SUA, Canada, Marea Britanie, cump\u0103ra\u021bi, online, furnizori, livrare sigur\u0103, Pute\u021bi ob\u021bine \u00een continuare hdep-28 Novel Ethylnaphthidate 1 oz , Este hdep-28 Novel Ethylnaphththidate 1 oz legal \u00een SUA, cump\u0103ra\u021bi hdep-28 Novel Ethylnaphthidate 1 oz online SUA, cum s\u0103 comanda\u021bi hdep-28 Novel Ethylnaphthidate 1 oz , Este hdep-28 Novel Ethylnaphthidate 1 oz legal \u00een Canada<\/strong><\/pre>","protected":false},"excerpt":{"rendered":"<p>&nbsp;<\/p>\n<p>Cump\u0103ra\u021bi hdep-28 Novel Ethylnaphththidate 1 oz. IUPAC: 2-(naftalen-2-il)-2-(piperidin-2-il)acetat de etil.<\/p>\n<pre><\/pre>","protected":false},"featured_media":10496,"template":"","meta":[],"product_brand":[],"product_cat":[79],"product_tag":[637,631,632,642,633,635,639,636,643,644,641,634,638,640],"class_list":{"0":"post-10477","1":"product","2":"type-product","3":"status-publish","4":"has-post-thumbnail","6":"product_cat-research-chemicals-and-bath-salt","7":"product_tag-buy-ethylnaphthidate-1-oz-online","8":"product_tag-buy-hdep-28-novel","9":"product_tag-buy-hdep-28-novel-ethylnaphthidate-1-oz","10":"product_tag-buy-hdep-28-novel-ethylnaphthidate-1-oz-online-usa","11":"product_tag-buy-hdep-28-novel-online","12":"product_tag-hdep-28-novel-ethylnaphthidate-1-oz-for-sale","13":"product_tag-hdep-28-novel-ethylnaphthidate-1-oz-for-sale-in-usa","14":"product_tag-hdep-28-novel-for-sale","15":"product_tag-how-to-order-hdep-28-novel-ethylnaphthidate-1-oz","16":"product_tag-is-hdep-28-novel-ethylnaphthidate-1-oz-legal-in-canada","17":"product_tag-is-hdep-28-novel-ethylnaphthidate-1-oz-legal-in-usa","18":"product_tag-where-to-buy-hdep-28-novel-ethylnaphthidate-1-oz","19":"product_tag-where-to-buy-hdep-28-novel-ethylnaphthidate-1-oz-online","20":"product_tag-you-can-still-get-hdep-28-novel-ethylnaphthidate-1-oz","22":"first","23":"instock","24":"shipping-taxable","25":"purchasable","26":"product-type-variable"},"tiered_pricing_type":"fixed","tiered_pricing_fixed_rules":[],"tiered_pricing_percentage_rules":[],"tiered_pricing_minimum":1,"_administrator_tiered_pricing_type":"fixed","_administrator_tiered_pricing_fixed_rules":[],"_editor_tiered_pricing_type":"fixed","_editor_tiered_pricing_fixed_rules":[],"_author_tiered_pricing_type":"fixed","_author_tiered_pricing_fixed_rules":[],"_contributor_tiered_pricing_type":"fixed","_contributor_tiered_pricing_fixed_rules":[],"_subscriber_tiered_pricing_type":"fixed","_subscriber_tiered_pricing_fixed_rules":[],"_customer_tiered_pricing_type":"fixed","_customer_tiered_pricing_fixed_rules":[],"_shop_manager_tiered_pricing_type":"fixed","_shop_manager_tiered_pricing_fixed_rules":[],"_wpseo_manager_tiered_pricing_type":"fixed","_wpseo_manager_tiered_pricing_fixed_rules":[],"_wpseo_editor_tiered_pricing_type":"fixed","_wpseo_editor_tiered_pricing_fixed_rules":[],"yoast_head":"<!-- This site is optimized with the Yoast SEO plugin v26.8 - https:\/\/yoast.com\/product\/yoast-seo-wordpress\/ -->\n<title>Buy hdep-28 Novel Ethylnaphthidate 1 oz - Cheap price, Grade A++<\/title>\n<meta name=\"description\" content=\"Buy hdep-28 Novel Ethylnaphthidate Online at an affordable price at stonersmeds. All products are lab qualified and have premium quality.\" \/>\n<meta name=\"robots\" content=\"index, follow, max-snippet:-1, max-image-preview:large, max-video-preview:-1\" \/>\n<link rel=\"canonical\" href=\"https:\/\/trustwhite.com\/ro\/shop\/buy-hdep-28-novel-ethylnaphthidate-1-oz\/\" \/>\n<meta property=\"og:locale\" content=\"ro_RO\" \/>\n<meta property=\"og:type\" content=\"article\" \/>\n<meta property=\"og:title\" content=\"Buy hdep-28 Novel Ethylnaphthidate 1 oz - Cheap price, Grade A++\" \/>\n<meta property=\"og:description\" content=\"Buy hdep-28 Novel Ethylnaphthidate Online at an affordable price at stonersmeds. All products are lab qualified and have premium quality.\" \/>\n<meta property=\"og:url\" content=\"https:\/\/trustwhite.com\/ro\/shop\/buy-hdep-28-novel-ethylnaphthidate-1-oz\/\" \/>\n<meta property=\"og:site_name\" content=\"stonersmeds.com\" \/>\n<meta property=\"article:modified_time\" content=\"2022-12-29T19:12:57+00:00\" \/>\n<meta property=\"og:image\" content=\"https:\/\/trustwhite.com\/wp-content\/uploads\/2022\/03\/buy-hdep-28-novel-ethylnaphthidate-1-oz.jpg\" \/>\n\t<meta property=\"og:image:width\" content=\"600\" \/>\n\t<meta property=\"og:image:height\" content=\"600\" \/>\n\t<meta property=\"og:image:type\" content=\"image\/jpeg\" \/>\n<meta name=\"twitter:card\" content=\"summary_large_image\" \/>\n<meta name=\"twitter:label1\" content=\"Timp estimat pentru citire\" \/>\n\t<meta name=\"twitter:data1\" content=\"3 minute\" \/>\n<script type=\"application\/ld+json\" class=\"yoast-schema-graph\">{\"@context\":\"https:\/\/schema.org\",\"@graph\":[{\"@type\":\"WebPage\",\"@id\":\"https:\/\/trustwhite.com\/shop\/buy-hdep-28-novel-ethylnaphthidate-1-oz\/\",\"url\":\"https:\/\/trustwhite.com\/shop\/buy-hdep-28-novel-ethylnaphthidate-1-oz\/\",\"name\":\"Buy hdep-28 Novel Ethylnaphthidate 1 oz - Cheap price, Grade A++\",\"isPartOf\":{\"@id\":\"https:\/\/trustwhite.com\/el\/#website\"},\"primaryImageOfPage\":{\"@id\":\"https:\/\/trustwhite.com\/shop\/buy-hdep-28-novel-ethylnaphthidate-1-oz\/#primaryimage\"},\"image\":{\"@id\":\"https:\/\/trustwhite.com\/shop\/buy-hdep-28-novel-ethylnaphthidate-1-oz\/#primaryimage\"},\"thumbnailUrl\":\"https:\/\/trustwhite.com\/wp-content\/uploads\/2022\/03\/buy-hdep-28-novel-ethylnaphthidate-1-oz.jpg\",\"datePublished\":\"2022-03-12T07:50:19+00:00\",\"dateModified\":\"2022-12-29T19:12:57+00:00\",\"description\":\"Buy hdep-28 Novel Ethylnaphthidate Online at an affordable price at stonersmeds. All products are lab qualified and have premium quality.\",\"breadcrumb\":{\"@id\":\"https:\/\/trustwhite.com\/shop\/buy-hdep-28-novel-ethylnaphthidate-1-oz\/#breadcrumb\"},\"inLanguage\":\"ro-RO\",\"potentialAction\":[{\"@type\":\"ReadAction\",\"target\":[\"https:\/\/trustwhite.com\/shop\/buy-hdep-28-novel-ethylnaphthidate-1-oz\/\"]}]},{\"@type\":\"ImageObject\",\"inLanguage\":\"ro-RO\",\"@id\":\"https:\/\/trustwhite.com\/shop\/buy-hdep-28-novel-ethylnaphthidate-1-oz\/#primaryimage\",\"url\":\"https:\/\/trustwhite.com\/wp-content\/uploads\/2022\/03\/buy-hdep-28-novel-ethylnaphthidate-1-oz.jpg\",\"contentUrl\":\"https:\/\/trustwhite.com\/wp-content\/uploads\/2022\/03\/buy-hdep-28-novel-ethylnaphthidate-1-oz.jpg\",\"width\":600,\"height\":600},{\"@type\":\"BreadcrumbList\",\"@id\":\"https:\/\/trustwhite.com\/shop\/buy-hdep-28-novel-ethylnaphthidate-1-oz\/#breadcrumb\",\"itemListElement\":[{\"@type\":\"ListItem\",\"position\":1,\"name\":\"Home\",\"item\":\"https:\/\/trustwhite.com\/el\/\"},{\"@type\":\"ListItem\",\"position\":2,\"name\":\"Shop\",\"item\":\"https:\/\/trustwhite.com\/el\/shop\/\"},{\"@type\":\"ListItem\",\"position\":3,\"name\":\"Buy hdep-28 Novel Ethylnaphthidate 1 oz\"}]},{\"@type\":\"WebSite\",\"@id\":\"https:\/\/trustwhite.com\/el\/#website\",\"url\":\"https:\/\/trustwhite.com\/el\/\",\"name\":\"stonersmeds.com\",\"description\":\"verschreibungspflichtige Medizin kaufen\",\"potentialAction\":[{\"@type\":\"SearchAction\",\"target\":{\"@type\":\"EntryPoint\",\"urlTemplate\":\"https:\/\/trustwhite.com\/el\/?s={search_term_string}\"},\"query-input\":{\"@type\":\"PropertyValueSpecification\",\"valueRequired\":true,\"valueName\":\"search_term_string\"}}],\"inLanguage\":\"ro-RO\"}]}<\/script>\n<!-- \/ Yoast SEO plugin. -->","yoast_head_json":{"title":"Cump\u0103ra\u021bi hdep-28 Novel Ethylnaphththidate 1 oz - Pre\u021b ieftin, Grad A++","description":"Cump\u0103ra\u021bi hdep-28 Novel Ethylnaphthidate Online la un pre\u021b accesibil la stonersmeds. Toate produsele sunt calificate de laborator \u0219i au o calitate premium.","robots":{"index":"index","follow":"follow","max-snippet":"max-snippet:-1","max-image-preview":"max-image-preview:large","max-video-preview":"max-video-preview:-1"},"canonical":"https:\/\/trustwhite.com\/ro\/shop\/buy-hdep-28-novel-ethylnaphthidate-1-oz\/","og_locale":"ro_RO","og_type":"article","og_title":"Buy hdep-28 Novel Ethylnaphthidate 1 oz - Cheap price, Grade A++","og_description":"Buy hdep-28 Novel Ethylnaphthidate Online at an affordable price at stonersmeds. All products are lab qualified and have premium quality.","og_url":"https:\/\/trustwhite.com\/ro\/shop\/buy-hdep-28-novel-ethylnaphthidate-1-oz\/","og_site_name":"stonersmeds.com","article_modified_time":"2022-12-29T19:12:57+00:00","og_image":[{"width":600,"height":600,"url":"https:\/\/trustwhite.com\/wp-content\/uploads\/2022\/03\/buy-hdep-28-novel-ethylnaphthidate-1-oz.jpg","type":"image\/jpeg"}],"twitter_card":"summary_large_image","twitter_misc":{"Timp estimat pentru citire":"3 minute"},"schema":{"@context":"https:\/\/schema.org","@graph":[{"@type":"WebPage","@id":"https:\/\/trustwhite.com\/shop\/buy-hdep-28-novel-ethylnaphthidate-1-oz\/","url":"https:\/\/trustwhite.com\/shop\/buy-hdep-28-novel-ethylnaphthidate-1-oz\/","name":"Cump\u0103ra\u021bi hdep-28 Novel Ethylnaphththidate 1 oz - Pre\u021b ieftin, Grad A++","isPartOf":{"@id":"https:\/\/trustwhite.com\/el\/#website"},"primaryImageOfPage":{"@id":"https:\/\/trustwhite.com\/shop\/buy-hdep-28-novel-ethylnaphthidate-1-oz\/#primaryimage"},"image":{"@id":"https:\/\/trustwhite.com\/shop\/buy-hdep-28-novel-ethylnaphthidate-1-oz\/#primaryimage"},"thumbnailUrl":"https:\/\/trustwhite.com\/wp-content\/uploads\/2022\/03\/buy-hdep-28-novel-ethylnaphthidate-1-oz.jpg","datePublished":"2022-03-12T07:50:19+00:00","dateModified":"2022-12-29T19:12:57+00:00","description":"Cump\u0103ra\u021bi hdep-28 Novel Ethylnaphthidate Online la un pre\u021b accesibil la stonersmeds. Toate produsele sunt calificate de laborator \u0219i au o calitate premium.","breadcrumb":{"@id":"https:\/\/trustwhite.com\/shop\/buy-hdep-28-novel-ethylnaphthidate-1-oz\/#breadcrumb"},"inLanguage":"ro-RO","potentialAction":[{"@type":"ReadAction","target":["https:\/\/trustwhite.com\/shop\/buy-hdep-28-novel-ethylnaphthidate-1-oz\/"]}]},{"@type":"ImageObject","inLanguage":"ro-RO","@id":"https:\/\/trustwhite.com\/shop\/buy-hdep-28-novel-ethylnaphthidate-1-oz\/#primaryimage","url":"https:\/\/trustwhite.com\/wp-content\/uploads\/2022\/03\/buy-hdep-28-novel-ethylnaphthidate-1-oz.jpg","contentUrl":"https:\/\/trustwhite.com\/wp-content\/uploads\/2022\/03\/buy-hdep-28-novel-ethylnaphthidate-1-oz.jpg","width":600,"height":600},{"@type":"BreadcrumbList","@id":"https:\/\/trustwhite.com\/shop\/buy-hdep-28-novel-ethylnaphthidate-1-oz\/#breadcrumb","itemListElement":[{"@type":"ListItem","position":1,"name":"Home","item":"https:\/\/trustwhite.com\/el\/"},{"@type":"ListItem","position":2,"name":"Shop","item":"https:\/\/trustwhite.com\/el\/shop\/"},{"@type":"ListItem","position":3,"name":"Buy hdep-28 Novel Ethylnaphthidate 1 oz"}]},{"@type":"WebSite","@id":"https:\/\/trustwhite.com\/el\/#website","url":"https:\/\/trustwhite.com\/el\/","name":"stonersmeds.com","description":"verschreibungspflichtige Medizin kaufen","potentialAction":[{"@type":"SearchAction","target":{"@type":"EntryPoint","urlTemplate":"https:\/\/trustwhite.com\/el\/?s={search_term_string}"},"query-input":{"@type":"PropertyValueSpecification","valueRequired":true,"valueName":"search_term_string"}}],"inLanguage":"ro-RO"}]}},"_links":{"self":[{"href":"https:\/\/trustwhite.com\/ro\/wp-json\/wp\/v2\/product\/10477","targetHints":{"allow":["GET"]}}],"collection":[{"href":"https:\/\/trustwhite.com\/ro\/wp-json\/wp\/v2\/product"}],"about":[{"href":"https:\/\/trustwhite.com\/ro\/wp-json\/wp\/v2\/types\/product"}],"version-history":[{"count":0,"href":"https:\/\/trustwhite.com\/ro\/wp-json\/wp\/v2\/product\/10477\/revisions"}],"wp:featuredmedia":[{"embeddable":true,"href":"https:\/\/trustwhite.com\/ro\/wp-json\/wp\/v2\/media\/10496"}],"wp:attachment":[{"href":"https:\/\/trustwhite.com\/ro\/wp-json\/wp\/v2\/media?parent=10477"}],"wp:term":[{"taxonomy":"product_brand","embeddable":true,"href":"https:\/\/trustwhite.com\/ro\/wp-json\/wp\/v2\/product_brand?post=10477"},{"taxonomy":"product_cat","embeddable":true,"href":"https:\/\/trustwhite.com\/ro\/wp-json\/wp\/v2\/product_cat?post=10477"},{"taxonomy":"product_tag","embeddable":true,"href":"https:\/\/trustwhite.com\/ro\/wp-json\/wp\/v2\/product_tag?post=10477"}],"curies":[{"name":"wp","href":"https:\/\/api.w.org\/{rel}","templated":true}]}}