{"id":10266,"date":"2022-03-12T06:32:07","date_gmt":"2022-03-12T06:32:07","guid":{"rendered":"https:\/\/stonersmeds.com\/?post_type=product&#038;p=10266"},"modified":"2023-01-02T16:23:40","modified_gmt":"2023-01-02T14:23:40","slug":"eth-lad-powder","status":"publish","type":"product","link":"https:\/\/trustwhite.com\/ro\/shop\/eth-lad-powder\/","title":{"rendered":"ETH-LAD pulbere"},"content":{"rendered":"<h1>Cump\u0103ra\u021bi 1P-ETH-LAD pulbere<\/h1>\n<p>Cump\u0103ra\u021bi 1P-ETH-LAD Powder - cunoscut\u0103 \u0219i sub numele de 1-propionil-6-etil-6-nor-dietilamid\u0103 a acidului lizergic, este un alcaloid semisintetic apar\u021bin\u00e2nd familiei Lysergamide. 1P-ETH-LAD este un analog structural al acidului lizergic, un derivat N-propionic al acidului ETH-LAD. Rezultatele testelor in vitro ar trebui s\u0103 fie foarte asem\u0103n\u0103toare cu cele ale ETH-LAD. Acest compus produce un efect psihedelic foarte asem\u0103n\u0103tor, comparabil cu cel al AL-LAD sau ETH-LAD. De unde se poate cump\u0103ra.<\/p>\n<pre><strong>Cump\u0103ra\u021bi ETH-LAD pulbere online - cump\u0103ra\u021bi ETH-LAD pulbere<\/strong><strong>, cump\u0103ra\u021bi ETH-LAD pulbere SUA, cump\u0103ra\u021bi WETH-LAD pulbere <\/strong><strong>online Statele Unite ale Americii , De unde s\u0103 cump\u0103ra\u021bi pulbere ETH-LAD , ETH-LAD pulbere de v\u00e2nzare, ETH-LAD pulbere de v\u00e2nzare l\u00e2ng\u0103 mine , cump\u0103ra\u021bi ETH-LAD pulbere online l\u00e2ng\u0103 mine , unde s\u0103 cump\u0103ra\u021bi ETH-LAD pulbere online , ETH-LAD pulbere de v\u00e2nzare \u00een Statele Unite ale Americii , SUA, Canada, Marea Britanie, cump\u0103ra\u021bi, online, furnizori, livrare sigur\u0103, Pute\u021bi ob\u021bine \u00een continuare ETH-LAD pulbere , Este ETH-LAD pulbere legal\u0103 \u00een Statele Unite ale Americii, cump\u0103ra\u021bi ETH-LAD pulbere online \u00een Statele Unite ale Americii, cum s\u0103 comanda\u021bi ETH-LAD pulbere , Este ETH-LAD pulbere legal\u0103 \u00een Canada<\/strong><\/pre>","protected":false},"excerpt":{"rendered":"<p>Pulberea 1P-ETH-LAD - cunoscut\u0103 \u0219i sub numele de 1-propionil-6-etil-6-nor-dietilamid\u0103 a acidului lizergic, este un alcaloid semisintetic apar\u021bin\u00e2nd familiei Lysergamide. 1P-ETH-LAD este un analog structural al acidului lizergic, un derivat N-propionic al acidului ETH-LAD.<\/p>\n<pre><strong>Cump\u0103ra\u021bi ETH-LAD pulbere online - cump\u0103ra\u021bi ETH-LAD pulbere<\/strong><strong>, cump\u0103ra\u021bi ETH-LAD pulbere SUA, cump\u0103ra\u021bi WETH-LAD pulbere<\/strong><strong>online Statele Unite ale Americii , De unde s\u0103 cump\u0103ra\u021bi pulbere ETH-LAD , ETH-LAD pulbere de v\u00e2nzare, ETH-LAD pulbere de v\u00e2nzare l\u00e2ng\u0103 mine , cump\u0103ra\u021bi ETH-LAD pulbere online l\u00e2ng\u0103 mine , unde s\u0103 cump\u0103ra\u021bi ETH-LAD pulbere online , ETH-LAD pulbere de v\u00e2nzare \u00een Statele Unite ale Americii , SUA, Canada, Marea Britanie, cump\u0103ra\u021bi, online, furnizori, livrare sigur\u0103, Pute\u021bi ob\u021bine \u00een continuare ETH-LAD pulbere , Este ETH-LAD pulbere legal\u0103 \u00een Statele Unite ale Americii, cump\u0103ra\u021bi ETH-LAD pulbere online \u00een Statele Unite ale Americii, cum s\u0103 comanda\u021bi ETH-LAD pulbere , Este ETH-LAD pulbere legal\u0103 \u00een Canada<\/strong><\/pre>","protected":false},"featured_media":10286,"template":"","meta":[],"product_brand":[],"product_cat":[79],"product_tag":[],"class_list":{"0":"post-10266","1":"product","2":"type-product","3":"status-publish","4":"has-post-thumbnail","6":"product_cat-research-chemicals-and-bath-salt","8":"first","9":"instock","10":"shipping-taxable","11":"purchasable","12":"product-type-variable"},"tiered_pricing_type":"fixed","tiered_pricing_fixed_rules":[],"tiered_pricing_percentage_rules":[],"tiered_pricing_minimum":1,"_administrator_tiered_pricing_type":"fixed","_administrator_tiered_pricing_fixed_rules":[],"_editor_tiered_pricing_type":"fixed","_editor_tiered_pricing_fixed_rules":[],"_author_tiered_pricing_type":"fixed","_author_tiered_pricing_fixed_rules":[],"_contributor_tiered_pricing_type":"fixed","_contributor_tiered_pricing_fixed_rules":[],"_subscriber_tiered_pricing_type":"fixed","_subscriber_tiered_pricing_fixed_rules":[],"_customer_tiered_pricing_type":"fixed","_customer_tiered_pricing_fixed_rules":[],"_shop_manager_tiered_pricing_type":"fixed","_shop_manager_tiered_pricing_fixed_rules":[],"_wpseo_manager_tiered_pricing_type":"fixed","_wpseo_manager_tiered_pricing_fixed_rules":[],"_wpseo_editor_tiered_pricing_type":"fixed","_wpseo_editor_tiered_pricing_fixed_rules":[],"yoast_head":"<!-- This site is optimized with the Yoast SEO plugin v26.8 - https:\/\/yoast.com\/product\/yoast-seo-wordpress\/ -->\n<title>ETH-LAD powder - Cheap price, top quality<\/title>\n<meta name=\"description\" content=\"buy ETH-LAD powder Online at an affordable price at stonersmeds. All products are lab qualified and have premium quality.\" \/>\n<meta name=\"robots\" content=\"index, follow, max-snippet:-1, max-image-preview:large, max-video-preview:-1\" \/>\n<link rel=\"canonical\" href=\"https:\/\/trustwhite.com\/ro\/shop\/eth-lad-powder\/\" \/>\n<meta property=\"og:locale\" content=\"ro_RO\" \/>\n<meta property=\"og:type\" content=\"article\" \/>\n<meta property=\"og:title\" content=\"ETH-LAD powder - Cheap price, top quality\" \/>\n<meta property=\"og:description\" content=\"buy ETH-LAD powder Online at an affordable price at stonersmeds. All products are lab qualified and have premium quality.\" \/>\n<meta property=\"og:url\" content=\"https:\/\/trustwhite.com\/ro\/shop\/eth-lad-powder\/\" \/>\n<meta property=\"og:site_name\" content=\"stonersmeds.com\" \/>\n<meta property=\"article:modified_time\" content=\"2023-01-02T14:23:40+00:00\" \/>\n<meta property=\"og:image\" content=\"https:\/\/trustwhite.com\/wp-content\/uploads\/2022\/03\/ETH-LAD-powder.jpg\" \/>\n\t<meta property=\"og:image:width\" content=\"600\" \/>\n\t<meta property=\"og:image:height\" content=\"600\" \/>\n\t<meta property=\"og:image:type\" content=\"image\/jpeg\" \/>\n<meta name=\"twitter:card\" content=\"summary_large_image\" \/>\n<meta name=\"twitter:label1\" content=\"Timp estimat pentru citire\" \/>\n\t<meta name=\"twitter:data1\" content=\"1 minut\" \/>\n<script type=\"application\/ld+json\" class=\"yoast-schema-graph\">{\"@context\":\"https:\/\/schema.org\",\"@graph\":[{\"@type\":\"WebPage\",\"@id\":\"https:\/\/trustwhite.com\/shop\/eth-lad-powder\/\",\"url\":\"https:\/\/trustwhite.com\/shop\/eth-lad-powder\/\",\"name\":\"ETH-LAD powder - Cheap price, top quality\",\"isPartOf\":{\"@id\":\"https:\/\/trustwhite.com\/el\/#website\"},\"primaryImageOfPage\":{\"@id\":\"https:\/\/trustwhite.com\/shop\/eth-lad-powder\/#primaryimage\"},\"image\":{\"@id\":\"https:\/\/trustwhite.com\/shop\/eth-lad-powder\/#primaryimage\"},\"thumbnailUrl\":\"https:\/\/trustwhite.com\/wp-content\/uploads\/2022\/03\/ETH-LAD-powder.jpg\",\"datePublished\":\"2022-03-12T06:32:07+00:00\",\"dateModified\":\"2023-01-02T14:23:40+00:00\",\"description\":\"buy ETH-LAD powder Online at an affordable price at stonersmeds. All products are lab qualified and have premium quality.\",\"breadcrumb\":{\"@id\":\"https:\/\/trustwhite.com\/shop\/eth-lad-powder\/#breadcrumb\"},\"inLanguage\":\"ro-RO\",\"potentialAction\":[{\"@type\":\"ReadAction\",\"target\":[\"https:\/\/trustwhite.com\/shop\/eth-lad-powder\/\"]}]},{\"@type\":\"ImageObject\",\"inLanguage\":\"ro-RO\",\"@id\":\"https:\/\/trustwhite.com\/shop\/eth-lad-powder\/#primaryimage\",\"url\":\"https:\/\/trustwhite.com\/wp-content\/uploads\/2022\/03\/ETH-LAD-powder.jpg\",\"contentUrl\":\"https:\/\/trustwhite.com\/wp-content\/uploads\/2022\/03\/ETH-LAD-powder.jpg\",\"width\":600,\"height\":600},{\"@type\":\"BreadcrumbList\",\"@id\":\"https:\/\/trustwhite.com\/shop\/eth-lad-powder\/#breadcrumb\",\"itemListElement\":[{\"@type\":\"ListItem\",\"position\":1,\"name\":\"Home\",\"item\":\"https:\/\/trustwhite.com\/el\/\"},{\"@type\":\"ListItem\",\"position\":2,\"name\":\"Shop\",\"item\":\"https:\/\/trustwhite.com\/el\/shop\/\"},{\"@type\":\"ListItem\",\"position\":3,\"name\":\"ETH-LAD powder\"}]},{\"@type\":\"WebSite\",\"@id\":\"https:\/\/trustwhite.com\/el\/#website\",\"url\":\"https:\/\/trustwhite.com\/el\/\",\"name\":\"stonersmeds.com\",\"description\":\"verschreibungspflichtige Medizin kaufen\",\"potentialAction\":[{\"@type\":\"SearchAction\",\"target\":{\"@type\":\"EntryPoint\",\"urlTemplate\":\"https:\/\/trustwhite.com\/el\/?s={search_term_string}\"},\"query-input\":{\"@type\":\"PropertyValueSpecification\",\"valueRequired\":true,\"valueName\":\"search_term_string\"}}],\"inLanguage\":\"ro-RO\"}]}<\/script>\n<!-- \/ Yoast SEO plugin. -->","yoast_head_json":{"title":"ETH-LAD","description":"Cump\u0103ra\u021bi pudr\u0103 de MDMA pur\u0103 online la un pre\u021b accesibil la stonersmeds. Toate produsele sunt calificate de laborator \u0219i au calitate premium.","robots":{"index":"index","follow":"follow","max-snippet":"max-snippet:-1","max-image-preview":"max-image-preview:large","max-video-preview":"max-video-preview:-1"},"canonical":"https:\/\/trustwhite.com\/ro\/shop\/eth-lad-powder\/","og_locale":"ro_RO","og_type":"article","og_title":"ETH-LAD powder - Cheap price, top quality","og_description":"buy ETH-LAD powder Online at an affordable price at stonersmeds. All products are lab qualified and have premium quality.","og_url":"https:\/\/trustwhite.com\/ro\/shop\/eth-lad-powder\/","og_site_name":"stonersmeds.com","article_modified_time":"2023-01-02T14:23:40+00:00","og_image":[{"width":600,"height":600,"url":"https:\/\/trustwhite.com\/wp-content\/uploads\/2022\/03\/ETH-LAD-powder.jpg","type":"image\/jpeg"}],"twitter_card":"summary_large_image","twitter_misc":{"Timp estimat pentru citire":"1 minut"},"schema":{"@context":"https:\/\/schema.org","@graph":[{"@type":"WebPage","@id":"https:\/\/trustwhite.com\/shop\/eth-lad-powder\/","url":"https:\/\/trustwhite.com\/shop\/eth-lad-powder\/","name":"ETH-LAD","isPartOf":{"@id":"https:\/\/trustwhite.com\/el\/#website"},"primaryImageOfPage":{"@id":"https:\/\/trustwhite.com\/shop\/eth-lad-powder\/#primaryimage"},"image":{"@id":"https:\/\/trustwhite.com\/shop\/eth-lad-powder\/#primaryimage"},"thumbnailUrl":"https:\/\/trustwhite.com\/wp-content\/uploads\/2022\/03\/ETH-LAD-powder.jpg","datePublished":"2022-03-12T06:32:07+00:00","dateModified":"2023-01-02T14:23:40+00:00","description":"Cump\u0103ra\u021bi pudr\u0103 de MDMA pur\u0103 online la un pre\u021b accesibil la stonersmeds. Toate produsele sunt calificate de laborator \u0219i au calitate premium.","breadcrumb":{"@id":"https:\/\/trustwhite.com\/shop\/eth-lad-powder\/#breadcrumb"},"inLanguage":"ro-RO","potentialAction":[{"@type":"ReadAction","target":["https:\/\/trustwhite.com\/shop\/eth-lad-powder\/"]}]},{"@type":"ImageObject","inLanguage":"ro-RO","@id":"https:\/\/trustwhite.com\/shop\/eth-lad-powder\/#primaryimage","url":"https:\/\/trustwhite.com\/wp-content\/uploads\/2022\/03\/ETH-LAD-powder.jpg","contentUrl":"https:\/\/trustwhite.com\/wp-content\/uploads\/2022\/03\/ETH-LAD-powder.jpg","width":600,"height":600},{"@type":"BreadcrumbList","@id":"https:\/\/trustwhite.com\/shop\/eth-lad-powder\/#breadcrumb","itemListElement":[{"@type":"ListItem","position":1,"name":"Home","item":"https:\/\/trustwhite.com\/el\/"},{"@type":"ListItem","position":2,"name":"Shop","item":"https:\/\/trustwhite.com\/el\/shop\/"},{"@type":"ListItem","position":3,"name":"ETH-LAD powder"}]},{"@type":"WebSite","@id":"https:\/\/trustwhite.com\/el\/#website","url":"https:\/\/trustwhite.com\/el\/","name":"stonersmeds.com","description":"verschreibungspflichtige Medizin kaufen","potentialAction":[{"@type":"SearchAction","target":{"@type":"EntryPoint","urlTemplate":"https:\/\/trustwhite.com\/el\/?s={search_term_string}"},"query-input":{"@type":"PropertyValueSpecification","valueRequired":true,"valueName":"search_term_string"}}],"inLanguage":"ro-RO"}]}},"_links":{"self":[{"href":"https:\/\/trustwhite.com\/ro\/wp-json\/wp\/v2\/product\/10266","targetHints":{"allow":["GET"]}}],"collection":[{"href":"https:\/\/trustwhite.com\/ro\/wp-json\/wp\/v2\/product"}],"about":[{"href":"https:\/\/trustwhite.com\/ro\/wp-json\/wp\/v2\/types\/product"}],"version-history":[{"count":0,"href":"https:\/\/trustwhite.com\/ro\/wp-json\/wp\/v2\/product\/10266\/revisions"}],"wp:featuredmedia":[{"embeddable":true,"href":"https:\/\/trustwhite.com\/ro\/wp-json\/wp\/v2\/media\/10286"}],"wp:attachment":[{"href":"https:\/\/trustwhite.com\/ro\/wp-json\/wp\/v2\/media?parent=10266"}],"wp:term":[{"taxonomy":"product_brand","embeddable":true,"href":"https:\/\/trustwhite.com\/ro\/wp-json\/wp\/v2\/product_brand?post=10266"},{"taxonomy":"product_cat","embeddable":true,"href":"https:\/\/trustwhite.com\/ro\/wp-json\/wp\/v2\/product_cat?post=10266"},{"taxonomy":"product_tag","embeddable":true,"href":"https:\/\/trustwhite.com\/ro\/wp-json\/wp\/v2\/product_tag?post=10266"}],"curies":[{"name":"wp","href":"https:\/\/api.w.org\/{rel}","templated":true}]}}