{"id":10031,"date":"2022-03-12T04:54:29","date_gmt":"2022-03-12T04:54:29","guid":{"rendered":"https:\/\/stonersmeds.com\/?post_type=product&#038;p=10031"},"modified":"2022-12-20T08:48:57","modified_gmt":"2022-12-20T06:48:57","slug":"buy-1p-lsd-cheap-100mcg-blotters-online","status":"publish","type":"product","link":"https:\/\/trustwhite.com\/ro\/shop\/buy-1p-lsd-cheap-100mcg-blotters-online\/","title":{"rendered":"Cump\u0103ra\u021bi online 1P-LSD blotters ieftine de 100 mcg"},"content":{"rendered":"<h1>Cump\u0103ra\u021bi 1P-LSD 100mcg Blotters ieftin Online.<\/h1>\n<p>L.S.D. este o tulpin\u0103 cu predominan\u021b\u0103 Indica, numit\u0103 dup\u0103 un medicament halucinogen intens, av\u00e2nd \u00een vedere efectul incredibil de halucinogen \u0219i cerebral al tulpinii. Tulpina \u00eencepe cu un sentiment energetic de bucurie, care poate tulbura psihicul \u0219i poate l\u0103sa c\u00e2\u021biva clien\u021bi total deruta\u021bi \u0219i \"bloca\u021bi intelectual\". Unii clien\u021bi garanteaz\u0103 c\u0103 se simt mai inovatori sau mai sociabili dup\u0103 utilizarea L.S.D., \u00een pofida unei stimul\u0103ri cerebrale solide.<\/p>\n<h3>Cump\u0103ra\u021bi 1P-LSD ieftin 100mcg Blotters online<\/h3>\n<p>Acest nivel de incitare mental\u0103 este foarte neobi\u0219nuit pentru o Indica. Dup\u0103 cum s-ar putea a\u0219tepta oricine, L.S.D. are, de asemenea, un impact normal asupra corpului, bazat pe Indica. Clien\u021bii observ\u0103 frecvent desensibilizarea corporal\u0103 revolu\u021bionar\u0103 la 1 sau 2 ore dup\u0103 ingestie, c\u00e2nd o mare parte din impactul cerebral dispare. Impacturile negative pot \u00eencorpora gura de vat\u0103, ochii usca\u021bi, tipsiness, dureri cerebrale \u0219i ne\u00eencredere minor\u0103.<\/p>\n<p>Pentru cei mai mul\u021bi, aceast\u0103 tulpin\u0103 poate fi utilizat\u0103 ori de c\u00e2te ori a zilei pentru a u\u0219ura mellow pentru a direc\u021biona \u00een curs de desf\u0103\u0219urare o durere palpitant\u0103. L.S.D. este frecvent recomandat\u0103 pentru a ajuta la gestionarea presiunii, a nelini\u0219tii sau a mizerabilit\u0103\u021bii. Pacien\u021bii folosesc \u00een plus tulpina pentru a trata o tulburare de somn, iar c\u00e2\u021biva o aleg pentru a ajuta la combaterea durerilor de cap.<\/p>\n<p>L.S.D. este un hibrid \u00eentre un Mazar \u0219i un sortiment extrem de vechi de skunk, Skunk #1, produs de Barney's Farm. De\u0219i aceast\u0103 tulpin\u0103 nu este sugerat\u0103 pentru produc\u0103torii noi, este foarte simplu de dezvoltat, deoarece este impenetrabil\u0103 la numeroase infec\u021bii \u0219i poate fi dezvoltat\u0103 at\u00e2t \u00een exterior, c\u00e2t \u0219i \u00een interior. Cu un timp de \u00eenflorire lung, undeva \u00eentre 65 \u0219i 78 de zile, L.S.D. poate livra p\u00e2n\u0103 la 650 de grame pentru fiecare metru p\u0103trat. Dep\u0103\u0219ind rareori 60 de centimetri, tulpina se termin\u0103 \u00een mod obi\u0219nuit \u00een aprilie \u00een partea sudic\u0103 a ecuatorului \u0219i \u00een octombrie \u00een partea nordic\u0103. Aceast\u0103 tulpin\u0103 poate avea o verificare a THC de p\u00e2n\u0103 la 24%.<\/p>\n<p>&nbsp;<\/p>\n<p>&nbsp;<\/p>\n<pre><strong>Cumpara 1P-LSD ieftin 100mcg Blotters online - cumpara 1P-LSD , cumpara 1P-LSD ieftin 100mcg Blotters , cumpara 1P-LSD Blotters online, \u00cen cazul \u00een care pentru a cump\u0103ra 1P-LSD ieftin 100mcg Blotters , 1P-LSD ieftin 100mcg Blotters de v\u00e2nzare, 1P-LSD Blotters de v\u00e2nzare, cumpara 1P-LSD ieftin online, \u00een cazul \u00een care pentru a cump\u0103ra 1P-LSD ieftin 100mcg Blotters online, 1P-LSD Cheap 100mcg Blotters de v\u00e2nzare \u00een Statele Unite ale Americii, SUA, Canada, Marea Britanie, cump\u0103ra\u021bi, online, furnizori, livrare sigur\u0103, Pute\u021bi ob\u021bine \u00een continuare 1P-LSD Cheap 100mcg Blotters, Este 1P-LSD Cheap 100mcg Blotters legal \u00een Statele Unite ale Americii, cump\u0103ra\u021bi 1P-LSD Cheap 100mcg Blotters online \u00een Statele Unite ale Americii, cum s\u0103 comanda\u021bi 1P-LSD Cheap 100mcg Blotters, Este 1P-LSD Cheap 100mcg Blotters legal \u00een Canada<\/strong><\/pre>","protected":false},"excerpt":{"rendered":"<p>Comanda minim\u0103 este de 10 Blotters.<\/p>\n<pre><\/pre>","protected":false},"featured_media":10050,"template":"","meta":[],"product_brand":[],"product_cat":[80],"product_tag":[846,924,922,869,870,871,864,867,865,862,866,861,863,921,923,868],"class_list":{"0":"post-10031","1":"product","2":"type-product","3":"status-publish","4":"has-post-thumbnail","6":"product_cat-psychedelic-drugs","7":"product_tag-1p-lsd-shop","8":"product_tag-acid-prices-lsd","9":"product_tag-cost-of-lsd","10":"product_tag-how-long-does-lsd-cost","11":"product_tag-how-much-does-lsd-cost","12":"product_tag-how-much-does-lsd-cost-per-tab","13":"product_tag-how-to-make-liquid-lsd","14":"product_tag-liquid-acid-lsd","15":"product_tag-liquid-lsd-color","16":"product_tag-liquid-lsd-online","17":"product_tag-liquid-lsd-price","18":"product_tag-liquid-lsd-shop","19":"product_tag-liquid-lsd-vs-tabs","20":"product_tag-lsd-25-for-sale","21":"product_tag-lsd-tab-cost","22":"product_tag-what-does-lsd-look-like","24":"first","25":"instock","26":"shipping-taxable","27":"purchasable","28":"product-type-variable"},"tiered_pricing_type":"fixed","tiered_pricing_fixed_rules":[],"tiered_pricing_percentage_rules":[],"tiered_pricing_minimum":1,"_administrator_tiered_pricing_type":"fixed","_administrator_tiered_pricing_fixed_rules":[],"_editor_tiered_pricing_type":"fixed","_editor_tiered_pricing_fixed_rules":[],"_author_tiered_pricing_type":"fixed","_author_tiered_pricing_fixed_rules":[],"_contributor_tiered_pricing_type":"fixed","_contributor_tiered_pricing_fixed_rules":[],"_subscriber_tiered_pricing_type":"fixed","_subscriber_tiered_pricing_fixed_rules":[],"_customer_tiered_pricing_type":"fixed","_customer_tiered_pricing_fixed_rules":[],"_shop_manager_tiered_pricing_type":"fixed","_shop_manager_tiered_pricing_fixed_rules":[],"_wpseo_manager_tiered_pricing_type":"fixed","_wpseo_manager_tiered_pricing_fixed_rules":[],"_wpseo_editor_tiered_pricing_type":"fixed","_wpseo_editor_tiered_pricing_fixed_rules":[],"yoast_head":"<!-- This site is optimized with the Yoast SEO plugin v26.8 - https:\/\/yoast.com\/product\/yoast-seo-wordpress\/ -->\n<title>Buy 1P-LSD Cheap 100mcg Blotters Online - Cheap price, Highest quality<\/title>\n<meta name=\"description\" content=\"Buy 1P-LSD 100mcg Blotters Online at an affordable price at stonersmeds. All products are lab qualified and have premium quality.\" \/>\n<meta name=\"robots\" content=\"index, follow, max-snippet:-1, max-image-preview:large, max-video-preview:-1\" \/>\n<link rel=\"canonical\" href=\"https:\/\/trustwhite.com\/ro\/shop\/buy-1p-lsd-cheap-100mcg-blotters-online\/\" \/>\n<meta property=\"og:locale\" content=\"ro_RO\" \/>\n<meta property=\"og:type\" content=\"article\" \/>\n<meta property=\"og:title\" content=\"Buy 1P-LSD Cheap 100mcg Blotters Online - Cheap price, Highest quality\" \/>\n<meta property=\"og:description\" content=\"Buy 1P-LSD 100mcg Blotters Online at an affordable price at stonersmeds. All products are lab qualified and have premium quality.\" \/>\n<meta property=\"og:url\" content=\"https:\/\/trustwhite.com\/ro\/shop\/buy-1p-lsd-cheap-100mcg-blotters-online\/\" \/>\n<meta property=\"og:site_name\" content=\"stonersmeds.com\" \/>\n<meta property=\"article:modified_time\" content=\"2022-12-20T06:48:57+00:00\" \/>\n<meta property=\"og:image\" content=\"https:\/\/trustwhite.com\/wp-content\/uploads\/2022\/03\/Buy-1P-LSD-100mcg-Blotters-cheap-online.jpg\" \/>\n\t<meta property=\"og:image:width\" content=\"600\" \/>\n\t<meta property=\"og:image:height\" content=\"600\" \/>\n\t<meta property=\"og:image:type\" content=\"image\/jpeg\" \/>\n<meta name=\"twitter:card\" content=\"summary_large_image\" \/>\n<meta name=\"twitter:label1\" content=\"Timp estimat pentru citire\" \/>\n\t<meta name=\"twitter:data1\" content=\"2 minute\" \/>\n<script type=\"application\/ld+json\" class=\"yoast-schema-graph\">{\"@context\":\"https:\/\/schema.org\",\"@graph\":[{\"@type\":\"WebPage\",\"@id\":\"https:\/\/trustwhite.com\/pl\/shop\/buy-1p-lsd-cheap-100mcg-blotters-online\/\",\"url\":\"https:\/\/trustwhite.com\/pl\/shop\/buy-1p-lsd-cheap-100mcg-blotters-online\/\",\"name\":\"Buy 1P-LSD Cheap 100mcg Blotters Online - Cheap price, Highest quality\",\"isPartOf\":{\"@id\":\"https:\/\/trustwhite.com\/el\/#website\"},\"primaryImageOfPage\":{\"@id\":\"https:\/\/trustwhite.com\/pl\/shop\/buy-1p-lsd-cheap-100mcg-blotters-online\/#primaryimage\"},\"image\":{\"@id\":\"https:\/\/trustwhite.com\/pl\/shop\/buy-1p-lsd-cheap-100mcg-blotters-online\/#primaryimage\"},\"thumbnailUrl\":\"https:\/\/trustwhite.com\/wp-content\/uploads\/2022\/03\/Buy-1P-LSD-100mcg-Blotters-cheap-online.jpg\",\"datePublished\":\"2022-03-12T04:54:29+00:00\",\"dateModified\":\"2022-12-20T06:48:57+00:00\",\"description\":\"Buy 1P-LSD 100mcg Blotters Online at an affordable price at stonersmeds. All products are lab qualified and have premium quality.\",\"breadcrumb\":{\"@id\":\"https:\/\/trustwhite.com\/pl\/shop\/buy-1p-lsd-cheap-100mcg-blotters-online\/#breadcrumb\"},\"inLanguage\":\"ro-RO\",\"potentialAction\":[{\"@type\":\"ReadAction\",\"target\":[\"https:\/\/trustwhite.com\/pl\/shop\/buy-1p-lsd-cheap-100mcg-blotters-online\/\"]}]},{\"@type\":\"ImageObject\",\"inLanguage\":\"ro-RO\",\"@id\":\"https:\/\/trustwhite.com\/pl\/shop\/buy-1p-lsd-cheap-100mcg-blotters-online\/#primaryimage\",\"url\":\"https:\/\/trustwhite.com\/wp-content\/uploads\/2022\/03\/Buy-1P-LSD-100mcg-Blotters-cheap-online.jpg\",\"contentUrl\":\"https:\/\/trustwhite.com\/wp-content\/uploads\/2022\/03\/Buy-1P-LSD-100mcg-Blotters-cheap-online.jpg\",\"width\":600,\"height\":600},{\"@type\":\"BreadcrumbList\",\"@id\":\"https:\/\/trustwhite.com\/pl\/shop\/buy-1p-lsd-cheap-100mcg-blotters-online\/#breadcrumb\",\"itemListElement\":[{\"@type\":\"ListItem\",\"position\":1,\"name\":\"Home\",\"item\":\"https:\/\/trustwhite.com\/el\/\"},{\"@type\":\"ListItem\",\"position\":2,\"name\":\"Shop\",\"item\":\"https:\/\/trustwhite.com\/el\/shop\/\"},{\"@type\":\"ListItem\",\"position\":3,\"name\":\"Buy 1P-LSD Cheap 100mcg Blotters Online\"}]},{\"@type\":\"WebSite\",\"@id\":\"https:\/\/trustwhite.com\/el\/#website\",\"url\":\"https:\/\/trustwhite.com\/el\/\",\"name\":\"stonersmeds.com\",\"description\":\"verschreibungspflichtige Medizin kaufen\",\"potentialAction\":[{\"@type\":\"SearchAction\",\"target\":{\"@type\":\"EntryPoint\",\"urlTemplate\":\"https:\/\/trustwhite.com\/el\/?s={search_term_string}\"},\"query-input\":{\"@type\":\"PropertyValueSpecification\",\"valueRequired\":true,\"valueName\":\"search_term_string\"}}],\"inLanguage\":\"ro-RO\"}]}<\/script>\n<!-- \/ Yoast SEO plugin. -->","yoast_head_json":{"title":"Cump\u0103ra\u021bi 1P-LSD ieftin 100mcg Blotters online - Pre\u021b ieftin, Cea mai bun\u0103 calitate","description":"Cump\u0103ra\u021bi 1P-LSD 100mcg Blotters Online la un pre\u021b accesibil la stonersmeds. Toate produsele sunt calificate de laborator \u0219i au o calitate premium.","robots":{"index":"index","follow":"follow","max-snippet":"max-snippet:-1","max-image-preview":"max-image-preview:large","max-video-preview":"max-video-preview:-1"},"canonical":"https:\/\/trustwhite.com\/ro\/shop\/buy-1p-lsd-cheap-100mcg-blotters-online\/","og_locale":"ro_RO","og_type":"article","og_title":"Buy 1P-LSD Cheap 100mcg Blotters Online - Cheap price, Highest quality","og_description":"Buy 1P-LSD 100mcg Blotters Online at an affordable price at stonersmeds. All products are lab qualified and have premium quality.","og_url":"https:\/\/trustwhite.com\/ro\/shop\/buy-1p-lsd-cheap-100mcg-blotters-online\/","og_site_name":"stonersmeds.com","article_modified_time":"2022-12-20T06:48:57+00:00","og_image":[{"width":600,"height":600,"url":"https:\/\/trustwhite.com\/wp-content\/uploads\/2022\/03\/Buy-1P-LSD-100mcg-Blotters-cheap-online.jpg","type":"image\/jpeg"}],"twitter_card":"summary_large_image","twitter_misc":{"Timp estimat pentru citire":"2 minute"},"schema":{"@context":"https:\/\/schema.org","@graph":[{"@type":"WebPage","@id":"https:\/\/trustwhite.com\/pl\/shop\/buy-1p-lsd-cheap-100mcg-blotters-online\/","url":"https:\/\/trustwhite.com\/pl\/shop\/buy-1p-lsd-cheap-100mcg-blotters-online\/","name":"Cump\u0103ra\u021bi 1P-LSD ieftin 100mcg Blotters online - Pre\u021b ieftin, Cea mai bun\u0103 calitate","isPartOf":{"@id":"https:\/\/trustwhite.com\/el\/#website"},"primaryImageOfPage":{"@id":"https:\/\/trustwhite.com\/pl\/shop\/buy-1p-lsd-cheap-100mcg-blotters-online\/#primaryimage"},"image":{"@id":"https:\/\/trustwhite.com\/pl\/shop\/buy-1p-lsd-cheap-100mcg-blotters-online\/#primaryimage"},"thumbnailUrl":"https:\/\/trustwhite.com\/wp-content\/uploads\/2022\/03\/Buy-1P-LSD-100mcg-Blotters-cheap-online.jpg","datePublished":"2022-03-12T04:54:29+00:00","dateModified":"2022-12-20T06:48:57+00:00","description":"Cump\u0103ra\u021bi 1P-LSD 100mcg Blotters Online la un pre\u021b accesibil la stonersmeds. Toate produsele sunt calificate de laborator \u0219i au o calitate premium.","breadcrumb":{"@id":"https:\/\/trustwhite.com\/pl\/shop\/buy-1p-lsd-cheap-100mcg-blotters-online\/#breadcrumb"},"inLanguage":"ro-RO","potentialAction":[{"@type":"ReadAction","target":["https:\/\/trustwhite.com\/pl\/shop\/buy-1p-lsd-cheap-100mcg-blotters-online\/"]}]},{"@type":"ImageObject","inLanguage":"ro-RO","@id":"https:\/\/trustwhite.com\/pl\/shop\/buy-1p-lsd-cheap-100mcg-blotters-online\/#primaryimage","url":"https:\/\/trustwhite.com\/wp-content\/uploads\/2022\/03\/Buy-1P-LSD-100mcg-Blotters-cheap-online.jpg","contentUrl":"https:\/\/trustwhite.com\/wp-content\/uploads\/2022\/03\/Buy-1P-LSD-100mcg-Blotters-cheap-online.jpg","width":600,"height":600},{"@type":"BreadcrumbList","@id":"https:\/\/trustwhite.com\/pl\/shop\/buy-1p-lsd-cheap-100mcg-blotters-online\/#breadcrumb","itemListElement":[{"@type":"ListItem","position":1,"name":"Home","item":"https:\/\/trustwhite.com\/el\/"},{"@type":"ListItem","position":2,"name":"Shop","item":"https:\/\/trustwhite.com\/el\/shop\/"},{"@type":"ListItem","position":3,"name":"Buy 1P-LSD Cheap 100mcg Blotters Online"}]},{"@type":"WebSite","@id":"https:\/\/trustwhite.com\/el\/#website","url":"https:\/\/trustwhite.com\/el\/","name":"stonersmeds.com","description":"verschreibungspflichtige Medizin kaufen","potentialAction":[{"@type":"SearchAction","target":{"@type":"EntryPoint","urlTemplate":"https:\/\/trustwhite.com\/el\/?s={search_term_string}"},"query-input":{"@type":"PropertyValueSpecification","valueRequired":true,"valueName":"search_term_string"}}],"inLanguage":"ro-RO"}]}},"_links":{"self":[{"href":"https:\/\/trustwhite.com\/ro\/wp-json\/wp\/v2\/product\/10031","targetHints":{"allow":["GET"]}}],"collection":[{"href":"https:\/\/trustwhite.com\/ro\/wp-json\/wp\/v2\/product"}],"about":[{"href":"https:\/\/trustwhite.com\/ro\/wp-json\/wp\/v2\/types\/product"}],"version-history":[{"count":0,"href":"https:\/\/trustwhite.com\/ro\/wp-json\/wp\/v2\/product\/10031\/revisions"}],"wp:featuredmedia":[{"embeddable":true,"href":"https:\/\/trustwhite.com\/ro\/wp-json\/wp\/v2\/media\/10050"}],"wp:attachment":[{"href":"https:\/\/trustwhite.com\/ro\/wp-json\/wp\/v2\/media?parent=10031"}],"wp:term":[{"taxonomy":"product_brand","embeddable":true,"href":"https:\/\/trustwhite.com\/ro\/wp-json\/wp\/v2\/product_brand?post=10031"},{"taxonomy":"product_cat","embeddable":true,"href":"https:\/\/trustwhite.com\/ro\/wp-json\/wp\/v2\/product_cat?post=10031"},{"taxonomy":"product_tag","embeddable":true,"href":"https:\/\/trustwhite.com\/ro\/wp-json\/wp\/v2\/product_tag?post=10031"}],"curies":[{"name":"wp","href":"https:\/\/api.w.org\/{rel}","templated":true}]}}