{"id":9937,"date":"2022-03-12T03:38:25","date_gmt":"2022-03-12T03:38:25","guid":{"rendered":"https:\/\/stonersmeds.com\/?post_type=product&#038;p=9937"},"modified":"2022-12-21T21:43:35","modified_gmt":"2022-12-21T19:43:35","slug":"buy-motrin-ibuprofen-600mg-pills-online","status":"publish","type":"product","link":"https:\/\/trustwhite.com\/pt\/shop\/buy-motrin-ibuprofen-600mg-pills-online\/","title":{"rendered":"Compre Motrin \u2013 Ibuprofeno 600mg comprimidos online"},"content":{"rendered":"<div class=\"woocommerce-tabs wc-tabs-wrapper\">\n<div id=\"tab-description\" class=\"woocommerce-Tabs-panel woocommerce-Tabs-panel--description panel entry-content wc-tab\" role=\"tabpanel\" aria-labelledby=\"tab-title-description\">\n<h1>Comprar Motrin - Ibuprofeno 600mg comprimidos online.<\/h1>\n<p>O ibuprofeno \u00e9 utilizado para aliviar a dor em v\u00e1rias condi\u00e7\u00f5es, como dores de cabe\u00e7a, dores de dentes, c\u00f3licas menstruais, dores musculares ou artrite. Tamb\u00e9m \u00e9 utilizado para baixar a febre e aliviar pequenas dores de uma constipa\u00e7\u00e3o ou gripe. O ibuprofeno \u00e9 um medicamento anti-inflamat\u00f3rio n\u00e3o ester\u00f3ide (AINE). Actua bloqueando a produ\u00e7\u00e3o de certas subst\u00e2ncias naturais no seu corpo que causam inflama\u00e7\u00e3o. Este efeito ajuda a reduzir o incha\u00e7o, a dor ou a febre. Se estiver a tratar uma doen\u00e7a cr\u00f3nica como a artrite, pergunte ao seu m\u00e9dico sobre tratamentos n\u00e3o medicamentosos e\/ou utiliza\u00e7\u00e3o de outros analg\u00e9sicos. Consulte tamb\u00e9m a sec\u00e7\u00e3o Advert\u00eancias. Verifique os ingredientes no r\u00f3tulo, mesmo que j\u00e1 tenha utilizado o produto anteriormente. O fabricante pode ter alterado os ingredientes. Para al\u00e9m disso, produtos com nomes semelhantes podem conter ingredientes diferentes destinados a fins diferentes. A ingest\u00e3o de um produto errado pode ser prejudicial.<\/p>\n<p>&nbsp;<\/p>\n<p>&nbsp;<\/p>\n<p>&nbsp;<\/p>\n<pre><strong>Comprar Motrin - Ibuprofen 600mg comprimidos online - comprar Motrin - Ibuprofen , comprar Motrin - Ibuprofen 600mg comprimidos , comprar Motrin - Ibuprofen online, Onde comprar Motrin - Ibuprofen 600mg comprimidos , Motrin - Ibuprofen 600mg comprimidos para venda, Motrin - Ibuprofen comprimidos para venda, comprar Ibuprofen 600mg comprimidos online, onde comprar Motrin - Ibuprofen 600mg comprimidos online, Motrin - Ibuprofen 600mg pills for sale in usa , USA, canada,uk, buy, online, suppliers, safe delivery, You can still get Motrin - Ibuprofen 600mg pills , Is Motrin - Ibuprofen 600mg pills legal in usa, buy Motrin - Ibuprofen 600mg pills online usa, how to order Motrin - Ibuprofen 600mg pills , Is Motrin - Ibuprofen 600mg pills legal in Canada<\/strong><\/pre>\n<\/div>\n<\/div>\n<div class=\"related products\">\n<h2>Produtos relacionados<\/h2>\n<\/div>","protected":false},"excerpt":{"rendered":"<p>Comprar Motrin - Ibuprofeno 600mg comprimidos online. Comprar Ibuprofen Online a pre\u00e7os muito baratos. Envio gratuito para encomendas por grosso. Se tem procurado comprar medicamentos online sem receita m\u00e9dica, ent\u00e3o a sua procura terminou.<\/p>\n<pre><strong>Comprar Motrin - Ibuprofen 600mg comprimidos online - comprar Motrin - Ibuprofen , comprar Motrin - Ibuprofen 600mg comprimidos , comprar Motrin - Ibuprofen online, Onde comprar Motrin - Ibuprofen 600mg comprimidos , Motrin - Ibuprofen 600mg comprimidos para venda, Motrin - Ibuprofen comprimidos para venda, comprar Ibuprofen 600mg comprimidos online, onde comprar Motrin - Ibuprofen 600mg comprimidos online, Motrin - Ibuprofen 600mg pills for sale in usa , USA, canada,uk, buy, online, suppliers, safe delivery, You can still get Motrin - Ibuprofen 600mg pills , Is Motrin - Ibuprofen 600mg pills legal in usa, buy Motrin - Ibuprofen 600mg pills online usa, how to order Motrin - Ibuprofen 600mg pills , Is Motrin - Ibuprofen 600mg pills legal in Canada<\/strong><\/pre>","protected":false},"featured_media":9946,"template":"","meta":[],"product_brand":[],"product_cat":[769,77],"product_tag":[1157,1158,1156,1152,1154,1159,1153,1155],"class_list":{"0":"post-9937","1":"product","2":"type-product","3":"status-publish","4":"has-post-thumbnail","6":"product_cat-pain-pills","7":"product_cat-pain-sleeping-sex-pills","8":"product_tag-800mg-ibuprofen-where-to-buy","9":"product_tag-buy-ibuprofen-400mg-tablets-online","10":"product_tag-buy-ibuprofen-800-mg-online","11":"product_tag-ibuprofen-400-mg-online","12":"product_tag-ibuprofen-online-uk","13":"product_tag-ibuprofen-tablets-online","14":"product_tag-purchase-800-mg-ibuprofen-online","15":"product_tag-where-to-buy-ibuprofen","17":"first","18":"instock","19":"shipping-taxable","20":"purchasable","21":"product-type-variable"},"tiered_pricing_type":"fixed","tiered_pricing_fixed_rules":[],"tiered_pricing_percentage_rules":[],"tiered_pricing_minimum":1,"_administrator_tiered_pricing_type":"fixed","_administrator_tiered_pricing_fixed_rules":[],"_editor_tiered_pricing_type":"fixed","_editor_tiered_pricing_fixed_rules":[],"_author_tiered_pricing_type":"fixed","_author_tiered_pricing_fixed_rules":[],"_contributor_tiered_pricing_type":"fixed","_contributor_tiered_pricing_fixed_rules":[],"_subscriber_tiered_pricing_type":"fixed","_subscriber_tiered_pricing_fixed_rules":[],"_customer_tiered_pricing_type":"fixed","_customer_tiered_pricing_fixed_rules":[],"_shop_manager_tiered_pricing_type":"fixed","_shop_manager_tiered_pricing_fixed_rules":[],"_wpseo_manager_tiered_pricing_type":"fixed","_wpseo_manager_tiered_pricing_fixed_rules":[],"_wpseo_editor_tiered_pricing_type":"fixed","_wpseo_editor_tiered_pricing_fixed_rules":[],"yoast_head":"<!-- This site is optimized with the Yoast SEO plugin v26.8 - https:\/\/yoast.com\/product\/yoast-seo-wordpress\/ -->\n<title>Where to buy motrin platinum<\/title>\n<meta name=\"description\" content=\"Buy buy motrin Online, Order safely &amp; maintain your privacy No prescription necessary Discreet standard shipping at Low prices.\" \/>\n<meta name=\"robots\" content=\"index, follow, max-snippet:-1, max-image-preview:large, max-video-preview:-1\" \/>\n<link rel=\"canonical\" href=\"https:\/\/trustwhite.com\/pt\/shop\/buy-motrin-ibuprofen-600mg-pills-online\/\" \/>\n<meta property=\"og:locale\" content=\"pt_PT\" \/>\n<meta property=\"og:type\" content=\"article\" \/>\n<meta property=\"og:title\" content=\"Where to buy motrin platinum\" \/>\n<meta property=\"og:description\" content=\"Buy buy motrin Online, Order safely &amp; maintain your privacy No prescription necessary Discreet standard shipping at Low prices.\" \/>\n<meta property=\"og:url\" content=\"https:\/\/trustwhite.com\/pt\/shop\/buy-motrin-ibuprofen-600mg-pills-online\/\" \/>\n<meta property=\"og:site_name\" content=\"stonersmeds.com\" \/>\n<meta property=\"article:modified_time\" content=\"2022-12-21T19:43:35+00:00\" \/>\n<meta property=\"og:image\" content=\"https:\/\/trustwhite.com\/wp-content\/uploads\/2022\/03\/buy-motrin-ibuprofen-600mg-pills-online.jpg\" \/>\n\t<meta property=\"og:image:width\" content=\"600\" \/>\n\t<meta property=\"og:image:height\" content=\"600\" \/>\n\t<meta property=\"og:image:type\" content=\"image\/jpeg\" \/>\n<meta name=\"twitter:card\" content=\"summary_large_image\" \/>\n<meta name=\"twitter:label1\" content=\"Tempo estimado de leitura\" \/>\n\t<meta name=\"twitter:data1\" content=\"1 minuto\" \/>\n<script type=\"application\/ld+json\" class=\"yoast-schema-graph\">{\"@context\":\"https:\/\/schema.org\",\"@graph\":[{\"@type\":[\"WebPage\",\"ItemPage\"],\"@id\":\"https:\/\/trustwhite.com\/de\/shop\/buy-motrin-ibuprofen-600mg-pills-online\/\",\"url\":\"https:\/\/trustwhite.com\/de\/shop\/buy-motrin-ibuprofen-600mg-pills-online\/\",\"name\":\"Where to buy motrin platinum\",\"isPartOf\":{\"@id\":\"https:\/\/trustwhite.com\/el\/#website\"},\"primaryImageOfPage\":{\"@id\":\"https:\/\/trustwhite.com\/de\/shop\/buy-motrin-ibuprofen-600mg-pills-online\/#primaryimage\"},\"image\":{\"@id\":\"https:\/\/trustwhite.com\/de\/shop\/buy-motrin-ibuprofen-600mg-pills-online\/#primaryimage\"},\"thumbnailUrl\":\"https:\/\/trustwhite.com\/wp-content\/uploads\/2022\/03\/buy-motrin-ibuprofen-600mg-pills-online.jpg\",\"datePublished\":\"2022-03-12T03:38:25+00:00\",\"dateModified\":\"2022-12-21T19:43:35+00:00\",\"description\":\"Buy buy motrin Online, Order safely & maintain your privacy No prescription necessary Discreet standard shipping at Low prices.\",\"breadcrumb\":{\"@id\":\"https:\/\/trustwhite.com\/de\/shop\/buy-motrin-ibuprofen-600mg-pills-online\/#breadcrumb\"},\"inLanguage\":\"pt-PT\",\"potentialAction\":[{\"@type\":\"ReadAction\",\"target\":[\"https:\/\/trustwhite.com\/de\/shop\/buy-motrin-ibuprofen-600mg-pills-online\/\"]}]},{\"@type\":\"ImageObject\",\"inLanguage\":\"pt-PT\",\"@id\":\"https:\/\/trustwhite.com\/de\/shop\/buy-motrin-ibuprofen-600mg-pills-online\/#primaryimage\",\"url\":\"https:\/\/trustwhite.com\/wp-content\/uploads\/2022\/03\/buy-motrin-ibuprofen-600mg-pills-online.jpg\",\"contentUrl\":\"https:\/\/trustwhite.com\/wp-content\/uploads\/2022\/03\/buy-motrin-ibuprofen-600mg-pills-online.jpg\",\"width\":600,\"height\":600},{\"@type\":\"BreadcrumbList\",\"@id\":\"https:\/\/trustwhite.com\/de\/shop\/buy-motrin-ibuprofen-600mg-pills-online\/#breadcrumb\",\"itemListElement\":[{\"@type\":\"ListItem\",\"position\":1,\"name\":\"Home\",\"item\":\"https:\/\/trustwhite.com\/el\/\"},{\"@type\":\"ListItem\",\"position\":2,\"name\":\"Shop\",\"item\":\"https:\/\/trustwhite.com\/el\/shop\/\"},{\"@type\":\"ListItem\",\"position\":3,\"name\":\"Buy Motrin \u2013 Ibuprofen 600mg pills online\"}]},{\"@type\":\"WebSite\",\"@id\":\"https:\/\/trustwhite.com\/el\/#website\",\"url\":\"https:\/\/trustwhite.com\/el\/\",\"name\":\"stonersmeds.com\",\"description\":\"verschreibungspflichtige Medizin kaufen\",\"potentialAction\":[{\"@type\":\"SearchAction\",\"target\":{\"@type\":\"EntryPoint\",\"urlTemplate\":\"https:\/\/trustwhite.com\/el\/?s={search_term_string}\"},\"query-input\":{\"@type\":\"PropertyValueSpecification\",\"valueRequired\":true,\"valueName\":\"search_term_string\"}}],\"inLanguage\":\"pt-PT\"}]}<\/script>\n<!-- \/ Yoast SEO plugin. -->","yoast_head_json":{"title":"Onde comprar motrin platinum","description":"Comprar motrin Online, Encomendar com seguran\u00e7a e manter a sua privacidade N\u00e3o necessita de receita m\u00e9dica Envio padr\u00e3o discreto a pre\u00e7os baixos.","robots":{"index":"index","follow":"follow","max-snippet":"max-snippet:-1","max-image-preview":"max-image-preview:large","max-video-preview":"max-video-preview:-1"},"canonical":"https:\/\/trustwhite.com\/pt\/shop\/buy-motrin-ibuprofen-600mg-pills-online\/","og_locale":"pt_PT","og_type":"article","og_title":"Where to buy motrin platinum","og_description":"Buy buy motrin Online, Order safely & maintain your privacy No prescription necessary Discreet standard shipping at Low prices.","og_url":"https:\/\/trustwhite.com\/pt\/shop\/buy-motrin-ibuprofen-600mg-pills-online\/","og_site_name":"stonersmeds.com","article_modified_time":"2022-12-21T19:43:35+00:00","og_image":[{"width":600,"height":600,"url":"https:\/\/trustwhite.com\/wp-content\/uploads\/2022\/03\/buy-motrin-ibuprofen-600mg-pills-online.jpg","type":"image\/jpeg"}],"twitter_card":"summary_large_image","twitter_misc":{"Tempo estimado de leitura":"1 minuto"},"schema":{"@context":"https:\/\/schema.org","@graph":[{"@type":["WebPage","ItemPage"],"@id":"https:\/\/trustwhite.com\/de\/shop\/buy-motrin-ibuprofen-600mg-pills-online\/","url":"https:\/\/trustwhite.com\/de\/shop\/buy-motrin-ibuprofen-600mg-pills-online\/","name":"Onde comprar motrin platinum","isPartOf":{"@id":"https:\/\/trustwhite.com\/el\/#website"},"primaryImageOfPage":{"@id":"https:\/\/trustwhite.com\/de\/shop\/buy-motrin-ibuprofen-600mg-pills-online\/#primaryimage"},"image":{"@id":"https:\/\/trustwhite.com\/de\/shop\/buy-motrin-ibuprofen-600mg-pills-online\/#primaryimage"},"thumbnailUrl":"https:\/\/trustwhite.com\/wp-content\/uploads\/2022\/03\/buy-motrin-ibuprofen-600mg-pills-online.jpg","datePublished":"2022-03-12T03:38:25+00:00","dateModified":"2022-12-21T19:43:35+00:00","description":"Comprar motrin Online, Encomendar com seguran\u00e7a e manter a sua privacidade N\u00e3o necessita de receita m\u00e9dica Envio padr\u00e3o discreto a pre\u00e7os baixos.","breadcrumb":{"@id":"https:\/\/trustwhite.com\/de\/shop\/buy-motrin-ibuprofen-600mg-pills-online\/#breadcrumb"},"inLanguage":"pt-PT","potentialAction":[{"@type":"ReadAction","target":["https:\/\/trustwhite.com\/de\/shop\/buy-motrin-ibuprofen-600mg-pills-online\/"]}]},{"@type":"ImageObject","inLanguage":"pt-PT","@id":"https:\/\/trustwhite.com\/de\/shop\/buy-motrin-ibuprofen-600mg-pills-online\/#primaryimage","url":"https:\/\/trustwhite.com\/wp-content\/uploads\/2022\/03\/buy-motrin-ibuprofen-600mg-pills-online.jpg","contentUrl":"https:\/\/trustwhite.com\/wp-content\/uploads\/2022\/03\/buy-motrin-ibuprofen-600mg-pills-online.jpg","width":600,"height":600},{"@type":"BreadcrumbList","@id":"https:\/\/trustwhite.com\/de\/shop\/buy-motrin-ibuprofen-600mg-pills-online\/#breadcrumb","itemListElement":[{"@type":"ListItem","position":1,"name":"Home","item":"https:\/\/trustwhite.com\/el\/"},{"@type":"ListItem","position":2,"name":"Shop","item":"https:\/\/trustwhite.com\/el\/shop\/"},{"@type":"ListItem","position":3,"name":"Buy Motrin \u2013 Ibuprofen 600mg pills online"}]},{"@type":"WebSite","@id":"https:\/\/trustwhite.com\/el\/#website","url":"https:\/\/trustwhite.com\/el\/","name":"stonersmeds. com","description":"verschreibungspflichtige Medizin kaufen","potentialAction":[{"@type":"SearchAction","target":{"@type":"EntryPoint","urlTemplate":"https:\/\/trustwhite.com\/el\/?s={search_term_string}"},"query-input":{"@type":"PropertyValueSpecification","valueRequired":true,"valueName":"search_term_string"}}],"inLanguage":"pt-PT"}]}},"_links":{"self":[{"href":"https:\/\/trustwhite.com\/pt\/wp-json\/wp\/v2\/product\/9937","targetHints":{"allow":["GET"]}}],"collection":[{"href":"https:\/\/trustwhite.com\/pt\/wp-json\/wp\/v2\/product"}],"about":[{"href":"https:\/\/trustwhite.com\/pt\/wp-json\/wp\/v2\/types\/product"}],"version-history":[{"count":0,"href":"https:\/\/trustwhite.com\/pt\/wp-json\/wp\/v2\/product\/9937\/revisions"}],"wp:featuredmedia":[{"embeddable":true,"href":"https:\/\/trustwhite.com\/pt\/wp-json\/wp\/v2\/media\/9946"}],"wp:attachment":[{"href":"https:\/\/trustwhite.com\/pt\/wp-json\/wp\/v2\/media?parent=9937"}],"wp:term":[{"taxonomy":"product_brand","embeddable":true,"href":"https:\/\/trustwhite.com\/pt\/wp-json\/wp\/v2\/product_brand?post=9937"},{"taxonomy":"product_cat","embeddable":true,"href":"https:\/\/trustwhite.com\/pt\/wp-json\/wp\/v2\/product_cat?post=9937"},{"taxonomy":"product_tag","embeddable":true,"href":"https:\/\/trustwhite.com\/pt\/wp-json\/wp\/v2\/product_tag?post=9937"}],"curies":[{"name":"wp","href":"https:\/\/api.w.org\/{rel}","templated":true}]}}