{"id":9839,"date":"2022-03-12T02:45:28","date_gmt":"2022-03-12T02:45:28","guid":{"rendered":"https:\/\/stonersmeds.com\/?post_type=product&#038;p=9839"},"modified":"2022-12-24T06:00:55","modified_gmt":"2022-12-24T04:00:55","slug":"buy-fentanyl-transdermal-system-patch","status":"publish","type":"product","link":"https:\/\/trustwhite.com\/pt\/shop\/buy-fentanyl-transdermal-system-patch\/","title":{"rendered":"Compre o adesivo para sistema transd\u00e9rmico de fentanil"},"content":{"rendered":"<p>O que \u00e9 um penso de fentanilo?<br \/>\nO fentanil pertence a um grupo de medicamentos chamados opi\u00f3ides. O fentanilo \u00e9 utilizado para tratar a dor persistente grave e cr\u00f3nica (de longa dura\u00e7\u00e3o) em doentes que necessitam de al\u00edvio constante da dor e que est\u00e3o a tomar outros opi\u00f3ides (narc\u00f3ticos).<\/p>\n<p>Como comprar adesivos de fentanil online?<br \/>\nPode comprar Fentanyl Patch online na PocketPills se j\u00e1 tiver uma receita v\u00e1lida do seu m\u00e9dico. Pode come\u00e7ar por carregar a sua receita, pedir uma recarga, transferir qualquer medica\u00e7\u00e3o que tenha para a nossa farm\u00e1cia, ou falar com um dos nossos m\u00e9dicos Canadianos para obter uma receita online. A partir de agora!<\/p>\n<p>&nbsp;<\/p>\n<p>&nbsp;<\/p>\n<pre><strong>Comprar fentanyl Transdermal System Patch Online - comprar fentanyl , comprar fentanyl Transdermal , comprar fentanyl online, Onde comprar fentanyl Transdermal System Patch , fentanyl Transdermal System Patch para venda, fentanyl Transdermal para venda, comprar fentanyl Transdermal online, onde comprar fentanyl Transdermal System Patch online, fentanyl Transdermal System Patch para venda nos eua , EUA, canad\u00e1, reino unido, comprar, online, fornecedores, entrega segura, Ainda pode obter fentanyl Transdermal System Patch , Is fentanyl Transdermal System Patch legal in usa, buy fentanyl Transdermal System Patch online usa, how to order fentanyl Transdermal System Patch , Is fentanyl Transdermal System Patch legal in Canada<\/strong><\/pre>","protected":false},"excerpt":{"rendered":"<p>Posso receber a entrega no pr\u00f3prio dia?<br \/>\nSim! Em certas regi\u00f5es, enviamos no mesmo dia. Enviamos no dia \u00fatil seguinte e podemos enviar \u00e0 noite.<\/p>\n<pre><strong>Comprar fentanyl Transdermal System Patch Online - comprar fentanyl , comprar fentanyl Transdermal , comprar fentanyl online, Onde comprar fentanyl Transdermal System Patch , fentanyl Transdermal System Patch para venda, fentanyl Transdermal para venda, comprar fentanyl Transdermal online, onde comprar fentanyl Transdermal System Patch online, fentanyl Transdermal System Patch para venda nos eua , EUA, canad\u00e1, reino unido, comprar, online, fornecedores, entrega segura, Ainda pode obter fentanyl Transdermal System Patch , Is fentanyl Transdermal System Patch legal in usa, buy fentanyl Transdermal System Patch online usa, how to order fentanyl Transdermal System Patch , Is fentanyl Transdermal System Patch legal in Canada<\/strong><\/pre>","protected":false},"featured_media":9845,"template":"","meta":[],"product_brand":[],"product_cat":[769,77,771],"product_tag":[713,1250],"class_list":{"0":"post-9839","1":"product","2":"type-product","3":"status-publish","4":"has-post-thumbnail","6":"product_cat-pain-pills","7":"product_cat-pain-sleeping-sex-pills","8":"product_cat-sex-pills","9":"product_tag-buy-fentanyl-tablets","10":"product_tag-buy-fentanyl-transdermal","12":"first","13":"instock","14":"shipping-taxable","15":"purchasable","16":"product-type-variable"},"tiered_pricing_type":"fixed","tiered_pricing_fixed_rules":[],"tiered_pricing_percentage_rules":[],"tiered_pricing_minimum":1,"_administrator_tiered_pricing_type":"fixed","_administrator_tiered_pricing_fixed_rules":[],"_editor_tiered_pricing_type":"fixed","_editor_tiered_pricing_fixed_rules":[],"_author_tiered_pricing_type":"fixed","_author_tiered_pricing_fixed_rules":[],"_contributor_tiered_pricing_type":"fixed","_contributor_tiered_pricing_fixed_rules":[],"_subscriber_tiered_pricing_type":"fixed","_subscriber_tiered_pricing_fixed_rules":[],"_customer_tiered_pricing_type":"fixed","_customer_tiered_pricing_fixed_rules":[],"_shop_manager_tiered_pricing_type":"fixed","_shop_manager_tiered_pricing_fixed_rules":[],"_wpseo_manager_tiered_pricing_type":"fixed","_wpseo_manager_tiered_pricing_fixed_rules":[],"_wpseo_editor_tiered_pricing_type":"fixed","_wpseo_editor_tiered_pricing_fixed_rules":[],"yoast_head":"<!-- This site is optimized with the Yoast SEO plugin v26.8 - https:\/\/yoast.com\/product\/yoast-seo-wordpress\/ -->\n<title>Buy fentanyl Transdermal System Patch - Fast and safe delivery<\/title>\n<meta name=\"description\" content=\"Buy fentanyl Transdermal, Order safely &amp; maintain your privacy No prescription necessary Discreet standard shipping at Low prices\" \/>\n<meta name=\"robots\" content=\"index, follow, max-snippet:-1, max-image-preview:large, max-video-preview:-1\" \/>\n<link rel=\"canonical\" href=\"https:\/\/trustwhite.com\/pt\/shop\/buy-fentanyl-transdermal-system-patch\/\" \/>\n<meta property=\"og:locale\" content=\"pt_PT\" \/>\n<meta property=\"og:type\" content=\"article\" \/>\n<meta property=\"og:title\" content=\"Buy fentanyl Transdermal System Patch - Fast and safe delivery\" \/>\n<meta property=\"og:description\" content=\"Buy fentanyl Transdermal, Order safely &amp; maintain your privacy No prescription necessary Discreet standard shipping at Low prices\" \/>\n<meta property=\"og:url\" content=\"https:\/\/trustwhite.com\/pt\/shop\/buy-fentanyl-transdermal-system-patch\/\" \/>\n<meta property=\"og:site_name\" content=\"stonersmeds.com\" \/>\n<meta property=\"article:modified_time\" content=\"2022-12-24T04:00:55+00:00\" \/>\n<meta property=\"og:image\" content=\"https:\/\/trustwhite.com\/wp-content\/uploads\/2022\/03\/buy-fentanyl-transdermal-system-patch.jpg\" \/>\n\t<meta property=\"og:image:width\" content=\"600\" \/>\n\t<meta property=\"og:image:height\" content=\"600\" \/>\n\t<meta property=\"og:image:type\" content=\"image\/jpeg\" \/>\n<meta name=\"twitter:card\" content=\"summary_large_image\" \/>\n<meta name=\"twitter:label1\" content=\"Tempo estimado de leitura\" \/>\n\t<meta name=\"twitter:data1\" content=\"1 minuto\" \/>\n<script type=\"application\/ld+json\" class=\"yoast-schema-graph\">{\"@context\":\"https:\/\/schema.org\",\"@graph\":[{\"@type\":\"WebPage\",\"@id\":\"https:\/\/trustwhite.com\/es\/shop\/buy-fentanyl-transdermal-system-patch\/\",\"url\":\"https:\/\/trustwhite.com\/es\/shop\/buy-fentanyl-transdermal-system-patch\/\",\"name\":\"Buy fentanyl Transdermal System Patch - Fast and safe delivery\",\"isPartOf\":{\"@id\":\"https:\/\/trustwhite.com\/el\/#website\"},\"primaryImageOfPage\":{\"@id\":\"https:\/\/trustwhite.com\/es\/shop\/buy-fentanyl-transdermal-system-patch\/#primaryimage\"},\"image\":{\"@id\":\"https:\/\/trustwhite.com\/es\/shop\/buy-fentanyl-transdermal-system-patch\/#primaryimage\"},\"thumbnailUrl\":\"https:\/\/trustwhite.com\/wp-content\/uploads\/2022\/03\/buy-fentanyl-transdermal-system-patch.jpg\",\"datePublished\":\"2022-03-12T02:45:28+00:00\",\"dateModified\":\"2022-12-24T04:00:55+00:00\",\"description\":\"Buy fentanyl Transdermal, Order safely & maintain your privacy No prescription necessary Discreet standard shipping at Low prices\",\"breadcrumb\":{\"@id\":\"https:\/\/trustwhite.com\/es\/shop\/buy-fentanyl-transdermal-system-patch\/#breadcrumb\"},\"inLanguage\":\"pt-PT\",\"potentialAction\":[{\"@type\":\"ReadAction\",\"target\":[\"https:\/\/trustwhite.com\/es\/shop\/buy-fentanyl-transdermal-system-patch\/\"]}]},{\"@type\":\"ImageObject\",\"inLanguage\":\"pt-PT\",\"@id\":\"https:\/\/trustwhite.com\/es\/shop\/buy-fentanyl-transdermal-system-patch\/#primaryimage\",\"url\":\"https:\/\/trustwhite.com\/wp-content\/uploads\/2022\/03\/buy-fentanyl-transdermal-system-patch.jpg\",\"contentUrl\":\"https:\/\/trustwhite.com\/wp-content\/uploads\/2022\/03\/buy-fentanyl-transdermal-system-patch.jpg\",\"width\":600,\"height\":600},{\"@type\":\"BreadcrumbList\",\"@id\":\"https:\/\/trustwhite.com\/es\/shop\/buy-fentanyl-transdermal-system-patch\/#breadcrumb\",\"itemListElement\":[{\"@type\":\"ListItem\",\"position\":1,\"name\":\"Home\",\"item\":\"https:\/\/trustwhite.com\/el\/\"},{\"@type\":\"ListItem\",\"position\":2,\"name\":\"Shop\",\"item\":\"https:\/\/trustwhite.com\/el\/shop\/\"},{\"@type\":\"ListItem\",\"position\":3,\"name\":\"Buy fentanyl Transdermal System Patch\"}]},{\"@type\":\"WebSite\",\"@id\":\"https:\/\/trustwhite.com\/el\/#website\",\"url\":\"https:\/\/trustwhite.com\/el\/\",\"name\":\"stonersmeds.com\",\"description\":\"verschreibungspflichtige Medizin kaufen\",\"potentialAction\":[{\"@type\":\"SearchAction\",\"target\":{\"@type\":\"EntryPoint\",\"urlTemplate\":\"https:\/\/trustwhite.com\/el\/?s={search_term_string}\"},\"query-input\":{\"@type\":\"PropertyValueSpecification\",\"valueRequired\":true,\"valueName\":\"search_term_string\"}}],\"inLanguage\":\"pt-PT\"}]}<\/script>\n<!-- \/ Yoast SEO plugin. -->","yoast_head_json":{"title":"Comprar fentanyl Transdermal System Patch - Entrega r\u00e1pida e segura","description":"Comprar fentanyl Transdermal, Encomendar com seguran\u00e7a e manter a sua privacidade N\u00e3o \u00e9 necess\u00e1ria receita m\u00e9dica Envio padr\u00e3o discreto a pre\u00e7os baixos","robots":{"index":"index","follow":"follow","max-snippet":"max-snippet:-1","max-image-preview":"max-image-preview:large","max-video-preview":"max-video-preview:-1"},"canonical":"https:\/\/trustwhite.com\/pt\/shop\/buy-fentanyl-transdermal-system-patch\/","og_locale":"pt_PT","og_type":"article","og_title":"Buy fentanyl Transdermal System Patch - Fast and safe delivery","og_description":"Buy fentanyl Transdermal, Order safely & maintain your privacy No prescription necessary Discreet standard shipping at Low prices","og_url":"https:\/\/trustwhite.com\/pt\/shop\/buy-fentanyl-transdermal-system-patch\/","og_site_name":"stonersmeds.com","article_modified_time":"2022-12-24T04:00:55+00:00","og_image":[{"width":600,"height":600,"url":"https:\/\/trustwhite.com\/wp-content\/uploads\/2022\/03\/buy-fentanyl-transdermal-system-patch.jpg","type":"image\/jpeg"}],"twitter_card":"summary_large_image","twitter_misc":{"Tempo estimado de leitura":"1 minuto"},"schema":{"@context":"https:\/\/schema.org","@graph":[{"@type":"WebPage","@id":"https:\/\/trustwhite.com\/es\/shop\/buy-fentanyl-transdermal-system-patch\/","url":"https:\/\/trustwhite.com\/es\/shop\/buy-fentanyl-transdermal-system-patch\/","name":"Comprar fentanyl Transdermal System Patch - Entrega r\u00e1pida e segura","isPartOf":{"@id":"https:\/\/trustwhite.com\/el\/#website"},"primaryImageOfPage":{"@id":"https:\/\/trustwhite.com\/es\/shop\/buy-fentanyl-transdermal-system-patch\/#primaryimage"},"image":{"@id":"https:\/\/trustwhite.com\/es\/shop\/buy-fentanyl-transdermal-system-patch\/#primaryimage"},"thumbnailUrl":"https:\/\/trustwhite.com\/wp-content\/uploads\/2022\/03\/buy-fentanyl-transdermal-system-patch.jpg","datePublished":"2022-03-12T02:45:28+00:00","dateModified":"2022-12-24T04:00:55+00:00","description":"Comprar fentanyl Transdermal, Encomendar com seguran\u00e7a e manter a sua privacidade N\u00e3o \u00e9 necess\u00e1ria receita m\u00e9dica Envio padr\u00e3o discreto a pre\u00e7os baixos","breadcrumb":{"@id":"https:\/\/trustwhite.com\/es\/shop\/buy-fentanyl-transdermal-system-patch\/#breadcrumb"},"inLanguage":"pt-PT","potentialAction":[{"@type":"ReadAction","target":["https:\/\/trustwhite.com\/es\/shop\/buy-fentanyl-transdermal-system-patch\/"]}]},{"@type":"ImageObject","inLanguage":"pt-PT","@id":"https:\/\/trustwhite.com\/es\/shop\/buy-fentanyl-transdermal-system-patch\/#primaryimage","url":"https:\/\/trustwhite.com\/wp-content\/uploads\/2022\/03\/buy-fentanyl-transdermal-system-patch.jpg","contentUrl":"https:\/\/trustwhite.com\/wp-content\/uploads\/2022\/03\/buy-fentanyl-transdermal-system-patch.jpg","width":600,"height":600},{"@type":"BreadcrumbList","@id":"https:\/\/trustwhite.com\/es\/shop\/buy-fentanyl-transdermal-system-patch\/#breadcrumb","itemListElement":[{"@type":"ListItem","position":1,"name":"Home","item":"https:\/\/trustwhite.com\/el\/"},{"@type":"ListItem","position":2,"name":"Shop","item":"https:\/\/trustwhite.com\/el\/shop\/"},{"@type":"ListItem","position":3,"name":"Buy fentanyl Transdermal System Patch"}]},{"@type":"WebSite","@id":"https:\/\/trustwhite.com\/el\/#website","url":"https:\/\/trustwhite.com\/el\/","name":"stonersmeds. com","description":"verschreibungspflichtige Medizin kaufen","potentialAction":[{"@type":"SearchAction","target":{"@type":"EntryPoint","urlTemplate":"https:\/\/trustwhite.com\/el\/?s={search_term_string}"},"query-input":{"@type":"PropertyValueSpecification","valueRequired":true,"valueName":"search_term_string"}}],"inLanguage":"pt-PT"}]}},"_links":{"self":[{"href":"https:\/\/trustwhite.com\/pt\/wp-json\/wp\/v2\/product\/9839","targetHints":{"allow":["GET"]}}],"collection":[{"href":"https:\/\/trustwhite.com\/pt\/wp-json\/wp\/v2\/product"}],"about":[{"href":"https:\/\/trustwhite.com\/pt\/wp-json\/wp\/v2\/types\/product"}],"version-history":[{"count":0,"href":"https:\/\/trustwhite.com\/pt\/wp-json\/wp\/v2\/product\/9839\/revisions"}],"wp:featuredmedia":[{"embeddable":true,"href":"https:\/\/trustwhite.com\/pt\/wp-json\/wp\/v2\/media\/9845"}],"wp:attachment":[{"href":"https:\/\/trustwhite.com\/pt\/wp-json\/wp\/v2\/media?parent=9839"}],"wp:term":[{"taxonomy":"product_brand","embeddable":true,"href":"https:\/\/trustwhite.com\/pt\/wp-json\/wp\/v2\/product_brand?post=9839"},{"taxonomy":"product_cat","embeddable":true,"href":"https:\/\/trustwhite.com\/pt\/wp-json\/wp\/v2\/product_cat?post=9839"},{"taxonomy":"product_tag","embeddable":true,"href":"https:\/\/trustwhite.com\/pt\/wp-json\/wp\/v2\/product_tag?post=9839"}],"curies":[{"name":"wp","href":"https:\/\/api.w.org\/{rel}","templated":true}]}}