{"id":9386,"date":"2022-03-11T15:49:49","date_gmt":"2022-03-11T15:49:49","guid":{"rendered":"https:\/\/stonersmeds.com\/?post_type=product&#038;p=9386"},"modified":"2022-08-14T07:38:28","modified_gmt":"2022-08-14T05:38:28","slug":"buy-gorilla-biscuit-marijuana-strain-online","status":"publish","type":"product","link":"https:\/\/trustwhite.com\/pt\/shop\/buy-gorilla-biscuit-marijuana-strain-online\/","title":{"rendered":"Compre on-line a variedade de maconha Gorilla Biscuit"},"content":{"rendered":"<h1>Compre on-line a variedade de maconha Gorilla Biscuit.<\/h1>\n<p>Compre on-line a variedade de maconha Gorilla Biscuit.<\/p>\n<p>Gorilla biscuit marijuana is Indica Dominant Hybrid \u2013 60% Indica \/ 40% Sativa THC: 15% \u2013 20%<\/p>\n<p>Efeitos<br \/>\nDespertado, Euforia, Faminto, Relaxante, Sonolento<br \/>\nPode aliviar<br \/>\nAnorexia, C\u00f3licas, Depress\u00e3o, Ins\u00f4nia, Estresse<br \/>\nSabores<br \/>\nCaf\u00e9, Lim\u00e3o, Pinheiro<br \/>\nAromas<br \/>\nCaf\u00e9, Terroso, Pungente, Picante<\/p>\n<p>Gorilla Biscuit da Seeds of Compassion \u00e9 um corte com predomin\u00e2ncia indica reproduzida a partir da interse\u00e7\u00e3o do feno de terebintina de Sensi Star e Stardawg IX. Esta mistura incomum e bastante antiga recebeu o nome de Methaqualone, tamb\u00e9m chamado de quaaludes, um medicamento que tem um impacto calmante e ex\u00f3tico no corpo. Seus pertences seguem de forma tamb\u00e9m calmante, deixando os ap\u00eandices pesados e soltos. Gorilla Biscuit tem um perfil de terpeno s\u00f3lido, cheirando seriamente a Pinho Sol e gr\u00e3os de caf\u00e9.<\/p>\n<p>Gorilla Biscuits Strain: A genuine stoner strain, Gorilla OG\u2019s high forms gradually and achieves an impression of rapture that goes on for quite a long time. Your psyche and body will be humming and musings may not be very as clear as they were a couple of hours back once her belongings completely grab hold. The most noticeable piece of your experience will be the solid impression of love seat lock, making it hard for you to fulfill the munchies that have sneaked in. Our recommendation is to advance beyond time with a sweeping, pad, and a lot of food inside arm\u2019s scope. This uncommon and rather old school mix is named for Methaqualone, otherwise called quaaludes, a medicine which has a soothing and exotic impact on the body. Its belongings carry on in an also soothing way, leaving the appendages hefty and loose. Gorilla Biscuit has a solid terpene profile, smelling seriously of Pine Sol and coffee beans.<\/p>\n<p>&nbsp;<\/p>\n<p>&nbsp;<\/p>\n<p>&nbsp;<\/p>\n<pre><strong>Compre Gorilla Biscuit Marijuana Strain Online - comprar Biscuit Marijuana , comprar Gorilla Biscuit Marijuana Strain , comprar Gorilla Biscuit Marijuana Strain online, Onde Comprar Gorilla Biscuit Marijuana Strain , Gorilla Biscuit Marijuana Strain \u00e0 venda, Marijuana Strain \u00e0 venda, comprar Gorilla Biscuit Marijuana Strain online , onde comprar Gorilla Biscuit Marijuana Strain online, Gorilla Biscuit Marijuana Strain \u00e0 venda nos eua, EUA, canad\u00e1, reino unido, comprar, online, fornecedores, entrega segura, Voc\u00ea ainda pode obter Gorilla Biscuit Marijuana Strain , \u00c9 Gorilla Biscuit Marijuana Strain nos eua , compre Gorilla Biscuit Marijuana Strain online eua, como encomendar Gorilla Biscuit Marijuana Strain, Gorilla Biscuit Marijuana Strain \u00e9 legal no Canad\u00e1<\/strong><\/pre>","protected":false},"excerpt":{"rendered":"<p>Compre on-line a variedade de maconha Gorilla Biscuit. O l\u00edder em\u00a0<em>maconha<\/em>\u00a0mail orders in Canada with more than 15 year\u2019s experience in the medical\u00a0<em>maconha<\/em>\u00a0ind\u00fastria.<\/p>\n<pre><strong>Compre Gorilla Biscuit Marijuana Strain Online - comprar Biscuit Marijuana , comprar Gorilla Biscuit Marijuana Strain , comprar Gorilla Biscuit Marijuana Strain online, Onde Comprar Gorilla Biscuit Marijuana Strain , Gorilla Biscuit Marijuana Strain \u00e0 venda, Marijuana Strain \u00e0 venda, comprar Gorilla Biscuit Marijuana Strain online , onde comprar Gorilla Biscuit Marijuana Strain online, Gorilla Biscuit Marijuana Strain \u00e0 venda nos eua, EUA, canad\u00e1, reino unido, comprar, online, fornecedores, entrega segura, Voc\u00ea ainda pode obter Gorilla Biscuit Marijuana Strain , \u00c9 Gorilla Biscuit Marijuana Strain nos eua , compre Gorilla Biscuit Marijuana Strain online eua, como encomendar Gorilla Biscuit Marijuana Strain, Gorilla Biscuit Marijuana Strain \u00e9 legal no Canad\u00e1<\/strong><\/pre>","protected":false},"featured_media":9402,"template":"","meta":[],"product_brand":[],"product_cat":[81],"product_tag":[],"class_list":{"0":"post-9386","1":"product","2":"type-product","3":"status-publish","4":"has-post-thumbnail","6":"product_cat-marijuana-medical-cannabis","8":"first","9":"instock","10":"shipping-taxable","11":"purchasable","12":"product-type-variable"},"tiered_pricing_type":"fixed","tiered_pricing_fixed_rules":{"28":"9","50":"8","100":"7","250":"6","500":"4.5","1000":"3"},"tiered_pricing_percentage_rules":[],"tiered_pricing_minimum":1,"_administrator_tiered_pricing_type":"fixed","_administrator_tiered_pricing_fixed_rules":[],"_editor_tiered_pricing_type":"fixed","_editor_tiered_pricing_fixed_rules":[],"_author_tiered_pricing_type":"fixed","_author_tiered_pricing_fixed_rules":[],"_contributor_tiered_pricing_type":"fixed","_contributor_tiered_pricing_fixed_rules":[],"_subscriber_tiered_pricing_type":"fixed","_subscriber_tiered_pricing_fixed_rules":[],"_customer_tiered_pricing_type":"fixed","_customer_tiered_pricing_fixed_rules":[],"_shop_manager_tiered_pricing_type":"fixed","_shop_manager_tiered_pricing_fixed_rules":[],"_wpseo_manager_tiered_pricing_type":"fixed","_wpseo_manager_tiered_pricing_fixed_rules":[],"_wpseo_editor_tiered_pricing_type":"fixed","_wpseo_editor_tiered_pricing_fixed_rules":[],"yoast_head":"<!-- This site is optimized with the Yoast SEO plugin v26.8 - https:\/\/yoast.com\/product\/yoast-seo-wordpress\/ -->\n<title>Buy Gorilla Biscuit Marijuana Strain Online - stonersmeds.com<\/title>\n<meta name=\"robots\" content=\"index, follow, max-snippet:-1, max-image-preview:large, max-video-preview:-1\" \/>\n<link rel=\"canonical\" href=\"https:\/\/trustwhite.com\/pt\/shop\/buy-gorilla-biscuit-marijuana-strain-online\/\" \/>\n<meta property=\"og:locale\" content=\"pt_PT\" \/>\n<meta property=\"og:type\" content=\"article\" \/>\n<meta property=\"og:title\" content=\"Buy Gorilla Biscuit Marijuana Strain Online - stonersmeds.com\" \/>\n<meta property=\"og:description\" content=\"Buy Gorilla Biscuit Marijuana Strain Online. The leader in\u00a0cannabis\u00a0mail orders in Canada with more than 15 year\u2019s experience in the medical\u00a0marijuana\u00a0industry. Buy Gorilla Biscuit Marijuana Strain Online - buy Biscuit Marijuana , buy Gorilla Biscuit Marijuana Strain , buy Gorilla Biscuit Marijuana Strain online, Where to Buy Gorilla Biscuit Marijuana Strain , Gorilla Biscuit Marijuana Strain for sale, Marijuana Strain for sale, buy Gorilla Biscuit Marijuana Strain online, where to Buy Gorilla Biscuit Marijuana Strain online, Gorilla Biscuit Marijuana Strain for sale in usa , USA, canada,uk, buy, online, suppliers, safe delivery, You can still get Gorilla Biscuit Marijuana Strain , Is Gorilla Biscuit Marijuana Strain in usa, buy Gorilla Biscuit Marijuana Strain online usa, how to order Gorilla Biscuit Marijuana Strain, Is Gorilla Biscuit Marijuana Strain legal in Canada\" \/>\n<meta property=\"og:url\" content=\"https:\/\/trustwhite.com\/pt\/shop\/buy-gorilla-biscuit-marijuana-strain-online\/\" \/>\n<meta property=\"og:site_name\" content=\"stonersmeds.com\" \/>\n<meta property=\"article:modified_time\" content=\"2022-08-14T05:38:28+00:00\" \/>\n<meta property=\"og:image\" content=\"https:\/\/trustwhite.com\/wp-content\/uploads\/2022\/03\/Buy-Gorilla-Biscuit-Marijuana-Strain-Online.jpg\" \/>\n\t<meta property=\"og:image:width\" content=\"600\" \/>\n\t<meta property=\"og:image:height\" content=\"600\" \/>\n\t<meta property=\"og:image:type\" content=\"image\/jpeg\" \/>\n<meta name=\"twitter:card\" content=\"summary_large_image\" \/>\n<meta name=\"twitter:label1\" content=\"Tempo estimado de leitura\" \/>\n\t<meta name=\"twitter:data1\" content=\"2 minutos\" \/>\n<script type=\"application\/ld+json\" class=\"yoast-schema-graph\">{\"@context\":\"https:\/\/schema.org\",\"@graph\":[{\"@type\":\"WebPage\",\"@id\":\"https:\/\/trustwhite.com\/shop\/buy-gorilla-biscuit-marijuana-strain-online\/\",\"url\":\"https:\/\/trustwhite.com\/shop\/buy-gorilla-biscuit-marijuana-strain-online\/\",\"name\":\"Buy Gorilla Biscuit Marijuana Strain Online - stonersmeds.com\",\"isPartOf\":{\"@id\":\"https:\/\/trustwhite.com\/el\/#website\"},\"primaryImageOfPage\":{\"@id\":\"https:\/\/trustwhite.com\/shop\/buy-gorilla-biscuit-marijuana-strain-online\/#primaryimage\"},\"image\":{\"@id\":\"https:\/\/trustwhite.com\/shop\/buy-gorilla-biscuit-marijuana-strain-online\/#primaryimage\"},\"thumbnailUrl\":\"https:\/\/trustwhite.com\/wp-content\/uploads\/2022\/03\/Buy-Gorilla-Biscuit-Marijuana-Strain-Online.jpg\",\"datePublished\":\"2022-03-11T15:49:49+00:00\",\"dateModified\":\"2022-08-14T05:38:28+00:00\",\"breadcrumb\":{\"@id\":\"https:\/\/trustwhite.com\/shop\/buy-gorilla-biscuit-marijuana-strain-online\/#breadcrumb\"},\"inLanguage\":\"pt-PT\",\"potentialAction\":[{\"@type\":\"ReadAction\",\"target\":[\"https:\/\/trustwhite.com\/shop\/buy-gorilla-biscuit-marijuana-strain-online\/\"]}]},{\"@type\":\"ImageObject\",\"inLanguage\":\"pt-PT\",\"@id\":\"https:\/\/trustwhite.com\/shop\/buy-gorilla-biscuit-marijuana-strain-online\/#primaryimage\",\"url\":\"https:\/\/trustwhite.com\/wp-content\/uploads\/2022\/03\/Buy-Gorilla-Biscuit-Marijuana-Strain-Online.jpg\",\"contentUrl\":\"https:\/\/trustwhite.com\/wp-content\/uploads\/2022\/03\/Buy-Gorilla-Biscuit-Marijuana-Strain-Online.jpg\",\"width\":600,\"height\":600},{\"@type\":\"BreadcrumbList\",\"@id\":\"https:\/\/trustwhite.com\/shop\/buy-gorilla-biscuit-marijuana-strain-online\/#breadcrumb\",\"itemListElement\":[{\"@type\":\"ListItem\",\"position\":1,\"name\":\"Home\",\"item\":\"https:\/\/trustwhite.com\/el\/\"},{\"@type\":\"ListItem\",\"position\":2,\"name\":\"Shop\",\"item\":\"https:\/\/trustwhite.com\/el\/shop\/\"},{\"@type\":\"ListItem\",\"position\":3,\"name\":\"Buy Gorilla Biscuit Marijuana Strain Online\"}]},{\"@type\":\"WebSite\",\"@id\":\"https:\/\/trustwhite.com\/el\/#website\",\"url\":\"https:\/\/trustwhite.com\/el\/\",\"name\":\"stonersmeds.com\",\"description\":\"verschreibungspflichtige Medizin kaufen\",\"potentialAction\":[{\"@type\":\"SearchAction\",\"target\":{\"@type\":\"EntryPoint\",\"urlTemplate\":\"https:\/\/trustwhite.com\/el\/?s={search_term_string}\"},\"query-input\":{\"@type\":\"PropertyValueSpecification\",\"valueRequired\":true,\"valueName\":\"search_term_string\"}}],\"inLanguage\":\"pt-PT\"}]}<\/script>\n<!-- \/ Yoast SEO plugin. -->","yoast_head_json":{"title":"Compre a variedade de maconha Gorilla Biscuit Online - stonersmeds.com","robots":{"index":"index","follow":"follow","max-snippet":"max-snippet:-1","max-image-preview":"max-image-preview:large","max-video-preview":"max-video-preview:-1"},"canonical":"https:\/\/trustwhite.com\/pt\/shop\/buy-gorilla-biscuit-marijuana-strain-online\/","og_locale":"pt_PT","og_type":"article","og_title":"Buy Gorilla Biscuit Marijuana Strain Online - stonersmeds.com","og_description":"Buy Gorilla Biscuit Marijuana Strain Online. The leader in\u00a0cannabis\u00a0mail orders in Canada with more than 15 year\u2019s experience in the medical\u00a0marijuana\u00a0industry. Buy Gorilla Biscuit Marijuana Strain Online - buy Biscuit Marijuana , buy Gorilla Biscuit Marijuana Strain , buy Gorilla Biscuit Marijuana Strain online, Where to Buy Gorilla Biscuit Marijuana Strain , Gorilla Biscuit Marijuana Strain for sale, Marijuana Strain for sale, buy Gorilla Biscuit Marijuana Strain online, where to Buy Gorilla Biscuit Marijuana Strain online, Gorilla Biscuit Marijuana Strain for sale in usa , USA, canada,uk, buy, online, suppliers, safe delivery, You can still get Gorilla Biscuit Marijuana Strain , Is Gorilla Biscuit Marijuana Strain in usa, buy Gorilla Biscuit Marijuana Strain online usa, how to order Gorilla Biscuit Marijuana Strain, Is Gorilla Biscuit Marijuana Strain legal in Canada","og_url":"https:\/\/trustwhite.com\/pt\/shop\/buy-gorilla-biscuit-marijuana-strain-online\/","og_site_name":"stonersmeds.com","article_modified_time":"2022-08-14T05:38:28+00:00","og_image":[{"width":600,"height":600,"url":"https:\/\/trustwhite.com\/wp-content\/uploads\/2022\/03\/Buy-Gorilla-Biscuit-Marijuana-Strain-Online.jpg","type":"image\/jpeg"}],"twitter_card":"summary_large_image","twitter_misc":{"Tempo estimado de leitura":"2 minutos"},"schema":{"@context":"https:\/\/schema.org","@graph":[{"@type":"WebPage","@id":"https:\/\/trustwhite.com\/shop\/buy-gorilla-biscuit-marijuana-strain-online\/","url":"https:\/\/trustwhite.com\/shop\/buy-gorilla-biscuit-marijuana-strain-online\/","name":"Compre a variedade de maconha Gorilla Biscuit Online - stonersmeds.com","isPartOf":{"@id":"https:\/\/trustwhite.com\/el\/#website"},"primaryImageOfPage":{"@id":"https:\/\/trustwhite.com\/shop\/buy-gorilla-biscuit-marijuana-strain-online\/#primaryimage"},"image":{"@id":"https:\/\/trustwhite.com\/shop\/buy-gorilla-biscuit-marijuana-strain-online\/#primaryimage"},"thumbnailUrl":"https:\/\/trustwhite.com\/wp-content\/uploads\/2022\/03\/Buy-Gorilla-Biscuit-Marijuana-Strain-Online.jpg","datePublished":"2022-03-11T15:49:49+00:00","dateModified":"2022-08-14T05:38:28+00:00","breadcrumb":{"@id":"https:\/\/trustwhite.com\/shop\/buy-gorilla-biscuit-marijuana-strain-online\/#breadcrumb"},"inLanguage":"pt-PT","potentialAction":[{"@type":"ReadAction","target":["https:\/\/trustwhite.com\/shop\/buy-gorilla-biscuit-marijuana-strain-online\/"]}]},{"@type":"ImageObject","inLanguage":"pt-PT","@id":"https:\/\/trustwhite.com\/shop\/buy-gorilla-biscuit-marijuana-strain-online\/#primaryimage","url":"https:\/\/trustwhite.com\/wp-content\/uploads\/2022\/03\/Buy-Gorilla-Biscuit-Marijuana-Strain-Online.jpg","contentUrl":"https:\/\/trustwhite.com\/wp-content\/uploads\/2022\/03\/Buy-Gorilla-Biscuit-Marijuana-Strain-Online.jpg","width":600,"height":600},{"@type":"BreadcrumbList","@id":"https:\/\/trustwhite.com\/shop\/buy-gorilla-biscuit-marijuana-strain-online\/#breadcrumb","itemListElement":[{"@type":"ListItem","position":1,"name":"Home","item":"https:\/\/trustwhite.com\/el\/"},{"@type":"ListItem","position":2,"name":"Shop","item":"https:\/\/trustwhite.com\/el\/shop\/"},{"@type":"ListItem","position":3,"name":"Buy Gorilla Biscuit Marijuana Strain Online"}]},{"@type":"WebSite","@id":"https:\/\/trustwhite.com\/el\/#website","url":"https:\/\/trustwhite.com\/el\/","name":"stonersmeds. com","description":"verschreibungspflichtige Medizin kaufen","potentialAction":[{"@type":"SearchAction","target":{"@type":"EntryPoint","urlTemplate":"https:\/\/trustwhite.com\/el\/?s={search_term_string}"},"query-input":{"@type":"PropertyValueSpecification","valueRequired":true,"valueName":"search_term_string"}}],"inLanguage":"pt-PT"}]}},"_links":{"self":[{"href":"https:\/\/trustwhite.com\/pt\/wp-json\/wp\/v2\/product\/9386","targetHints":{"allow":["GET"]}}],"collection":[{"href":"https:\/\/trustwhite.com\/pt\/wp-json\/wp\/v2\/product"}],"about":[{"href":"https:\/\/trustwhite.com\/pt\/wp-json\/wp\/v2\/types\/product"}],"version-history":[{"count":0,"href":"https:\/\/trustwhite.com\/pt\/wp-json\/wp\/v2\/product\/9386\/revisions"}],"wp:featuredmedia":[{"embeddable":true,"href":"https:\/\/trustwhite.com\/pt\/wp-json\/wp\/v2\/media\/9402"}],"wp:attachment":[{"href":"https:\/\/trustwhite.com\/pt\/wp-json\/wp\/v2\/media?parent=9386"}],"wp:term":[{"taxonomy":"product_brand","embeddable":true,"href":"https:\/\/trustwhite.com\/pt\/wp-json\/wp\/v2\/product_brand?post=9386"},{"taxonomy":"product_cat","embeddable":true,"href":"https:\/\/trustwhite.com\/pt\/wp-json\/wp\/v2\/product_cat?post=9386"},{"taxonomy":"product_tag","embeddable":true,"href":"https:\/\/trustwhite.com\/pt\/wp-json\/wp\/v2\/product_tag?post=9386"}],"curies":[{"name":"wp","href":"https:\/\/api.w.org\/{rel}","templated":true}]}}