{"id":9238,"date":"2022-03-11T14:55:27","date_gmt":"2022-03-11T14:55:27","guid":{"rendered":"https:\/\/stonersmeds.com\/?post_type=product&#038;p=9238"},"modified":"2022-11-20T02:00:26","modified_gmt":"2022-11-20T00:00:26","slug":"buy-agent-orange-marijuana-strain-online","status":"publish","type":"product","link":"https:\/\/trustwhite.com\/pt\/shop\/buy-agent-orange-marijuana-strain-online\/","title":{"rendered":"Compre online a variedade de maconha Agent Orange"},"content":{"rendered":"<h1>Compre online a variedade de maconha Agent Orange.<\/h1>\n<p>Feche os olhos e imagine costas mar\u00edtimas distantes, santu\u00e1rios tragicamente desaparecidos e comida t\u00e3o boa que nunca mais precisar\u00e1 de comer outra coisa - esta \u00e9 uma forma de fantasiar sobre a \u00c1sia. Ou, por outro lado, pode tentar esta variedade inimaginavelmente invulgar e energizante e pode muito bem ser toda a fantasia de que necessita. A Asian Orange foi, durante algum tempo, supostamente extinta devido a um reprodutor demasiado cr\u00edptico e a qualidades heredit\u00e1rias super-clandestinas, no entanto, devido a alguns fan\u00e1ticos decididos desta ra\u00e7a em extin\u00e7\u00e3o, todos podem ter a certeza de que ela existe mesmo agora.<\/p>\n<p>O que foi resolvido, independentemente de n\u00e3o haver qualquer afirma\u00e7\u00e3o de parentesco, \u00e9 que se trata de uma Sativa s\u00f3lida com um THC normal de largo alcance algures entre 17% e 24%. Apesar de se poder pensar que o nome \"Asian Orange\" vem da sua obscuridade, \u00e9 quase certo que os bot\u00f5es enormes e ondulados, envoltos em p\u00ealos vermelhos escuros e ra\u00edzes asi\u00e1ticas locais, podem ter algo a ver com isso. Estes deliciosos nugs s\u00e3o doces e azedos com fragr\u00e2ncias de raspas e lim\u00e3o. A apar\u00eancia geral \u00e9 supostamente como um gancho de lagosta, o que faz com que seja algo mais do que um bot\u00e3o h\u00famido, mas um espet\u00e1culo para se ver.<\/p>\n<p>O efeito \u00e9 considerado trippy e pensativo, mas estimulante. Sentir\u00e1s um r\u00e1pido aumento da inventividade e do temperamento, provocando arrepios por todo o corpo, que come\u00e7am na tua mente e v\u00e3o at\u00e9 aos teus ap\u00eandices. O brilho espalhar-se-\u00e1 pelo seu centro \u00e0 medida que o seu corpo come\u00e7a a descontrair-se totalmente, de qualquer forma, nesta fase n\u00e3o \u00e9 excepcional ficar excitado. No caso de estar efectivamente convencido, esta variedade \u00e9 uma incr\u00edvel mosca espanhola. A for\u00e7a da variedade vem em ondas e \u00e9 excepcionalmente psicoactiva, por isso n\u00e3o \u00e9 prescrita para os indiv\u00edduos que s\u00e3o vulner\u00e1veis a suspeitas ou voos mentais.<\/p>\n<p>&nbsp;<\/p>\n<p>&nbsp;<\/p>\n<p>&nbsp;<\/p>\n<p>&nbsp;<\/p>\n<pre><strong>Compre Agent Orange Marijuana Strain Online - compre Orange Marijuana, compre Agent Orange Marijuana Strain, compre Orange Marijuana Strain online, Onde comprar Agent Orange Marijuana Strain, Agent Orange Marijuana Strain para venda, Agent Orange Marijuana Strain para venda, compre Marijuana Strain online, onde comprar Agent Orange Marijuana Strain online, Agent Orange Marijuana Strain \u00e0 venda nos eua, EUA, canad\u00e1, reino unido, comprar, online, fornecedores, entrega segura, Voc\u00ea ainda pode obter Agent Orange Marijuana Strain, \u00e9 Agent Orange Marijuana Strain legal nos eua , compre Agent Orange Marijuana Strain online eua, como encomendar Agent Orange Marijuana Strain , Agent Orange Marijuana Strain \u00e9 legal no Canad\u00e1<\/strong><\/pre>","protected":false},"excerpt":{"rendered":"<p>Comprar a variedade de maconha Agent Orange online. Estirpe de maconha Agent Orange\u00a0<span class=\"hidden-xs\">\u00e9 um h\u00edbrido dominante Sativa - 75% Sativa \/ 25% Indica THC: 25%<\/span><\/p>\n<pre><strong>Compre Agent Orange Marijuana Strain Online - compre Orange Marijuana, compre Agent Orange Marijuana Strain, compre Orange Marijuana Strain online, Onde comprar Agent Orange Marijuana Strain, Agent Orange Marijuana Strain para venda, Agent Orange Marijuana Strain para venda, compre Marijuana Strain online, onde comprar Agent Orange Marijuana Strain online, Agent Orange Marijuana Strain \u00e0 venda nos eua, EUA, canad\u00e1, reino unido, comprar, online, fornecedores, entrega segura, Voc\u00ea ainda pode obter Agent Orange Marijuana Strain, \u00e9 Agent Orange Marijuana Strain legal nos eua , compre Agent Orange Marijuana Strain online eua, como encomendar Agent Orange Marijuana Strain , Agent Orange Marijuana Strain \u00e9 legal no Canad\u00e1<\/strong><\/pre>","protected":false},"featured_media":9252,"template":"","meta":[],"product_brand":[],"product_cat":[81],"product_tag":[],"class_list":{"0":"post-9238","1":"product","2":"type-product","3":"status-publish","4":"has-post-thumbnail","6":"product_cat-marijuana-medical-cannabis","8":"first","9":"instock","10":"shipping-taxable","11":"purchasable","12":"product-type-variable"},"tiered_pricing_type":"fixed","tiered_pricing_fixed_rules":{"28":"9","50":"8","100":"7","250":"6","500":"4.5","1000":"3"},"tiered_pricing_percentage_rules":[],"tiered_pricing_minimum":1,"_administrator_tiered_pricing_type":"fixed","_administrator_tiered_pricing_fixed_rules":[],"_editor_tiered_pricing_type":"fixed","_editor_tiered_pricing_fixed_rules":[],"_author_tiered_pricing_type":"fixed","_author_tiered_pricing_fixed_rules":[],"_contributor_tiered_pricing_type":"fixed","_contributor_tiered_pricing_fixed_rules":[],"_subscriber_tiered_pricing_type":"fixed","_subscriber_tiered_pricing_fixed_rules":[],"_customer_tiered_pricing_type":"fixed","_customer_tiered_pricing_fixed_rules":[],"_shop_manager_tiered_pricing_type":"fixed","_shop_manager_tiered_pricing_fixed_rules":[],"_wpseo_manager_tiered_pricing_type":"fixed","_wpseo_manager_tiered_pricing_fixed_rules":[],"_wpseo_editor_tiered_pricing_type":"fixed","_wpseo_editor_tiered_pricing_fixed_rules":[],"yoast_head":"<!-- This site is optimized with the Yoast SEO plugin v26.8 - https:\/\/yoast.com\/product\/yoast-seo-wordpress\/ -->\n<title>Buy Agent Orange Marijuana Strain Online - stonersmeds.com<\/title>\n<meta name=\"robots\" content=\"index, follow, max-snippet:-1, max-image-preview:large, max-video-preview:-1\" \/>\n<link rel=\"canonical\" href=\"https:\/\/trustwhite.com\/pt\/shop\/buy-agent-orange-marijuana-strain-online\/\" \/>\n<meta property=\"og:locale\" content=\"pt_PT\" \/>\n<meta property=\"og:type\" content=\"article\" \/>\n<meta property=\"og:title\" content=\"Buy Agent Orange Marijuana Strain Online - stonersmeds.com\" \/>\n<meta property=\"og:description\" content=\"Buy Agent Orange Marijuana Strain Online.\u00a0Agent Orange Marijuana Strain\u00a0is Sativa Dominant Hybrid \u2013 75% Sativa \/ 25% Indica THC: 25% Buy Agent Orange Marijuana Strain Online - buy Orange Marijuana, buy Agent Orange Marijuana Strain , buy Orange Marijuana Strain online, Where to Buy Agent Orange Marijuana Strain , Agent Orange Marijuana Strain for sale, Agent Orange Marijuana Strain for sale, buy Marijuana Strain online, where to Buy Agent Orange Marijuana Strain online, Agent Orange Marijuana Strain for sale in usa , USA, canada,uk, buy, online, suppliers, safe delivery, You can still get Agent Orange Marijuana Strain , Is Agent Orange Marijuana Strain legal in usa, buy Agent Orange Marijuana Strain online usa, how to order Agent Orange Marijuana Strain , Is Agent Orange Marijuana Strain legal in Canada\" \/>\n<meta property=\"og:url\" content=\"https:\/\/trustwhite.com\/pt\/shop\/buy-agent-orange-marijuana-strain-online\/\" \/>\n<meta property=\"og:site_name\" content=\"stonersmeds.com\" \/>\n<meta property=\"article:modified_time\" content=\"2022-11-20T00:00:26+00:00\" \/>\n<meta property=\"og:image\" content=\"https:\/\/trustwhite.com\/wp-content\/uploads\/2022\/03\/Buy-Agent-Orange-Marijuana-Strain-Online.jpg\" \/>\n\t<meta property=\"og:image:width\" content=\"600\" \/>\n\t<meta property=\"og:image:height\" content=\"600\" \/>\n\t<meta property=\"og:image:type\" content=\"image\/jpeg\" \/>\n<meta name=\"twitter:card\" content=\"summary_large_image\" \/>\n<meta name=\"twitter:label1\" content=\"Tempo estimado de leitura\" \/>\n\t<meta name=\"twitter:data1\" content=\"2 minutos\" \/>\n<script type=\"application\/ld+json\" class=\"yoast-schema-graph\">{\"@context\":\"https:\/\/schema.org\",\"@graph\":[{\"@type\":\"WebPage\",\"@id\":\"https:\/\/trustwhite.com\/shop\/buy-agent-orange-marijuana-strain-online\/\",\"url\":\"https:\/\/trustwhite.com\/shop\/buy-agent-orange-marijuana-strain-online\/\",\"name\":\"Buy Agent Orange Marijuana Strain Online - stonersmeds.com\",\"isPartOf\":{\"@id\":\"https:\/\/trustwhite.com\/el\/#website\"},\"primaryImageOfPage\":{\"@id\":\"https:\/\/trustwhite.com\/shop\/buy-agent-orange-marijuana-strain-online\/#primaryimage\"},\"image\":{\"@id\":\"https:\/\/trustwhite.com\/shop\/buy-agent-orange-marijuana-strain-online\/#primaryimage\"},\"thumbnailUrl\":\"https:\/\/trustwhite.com\/wp-content\/uploads\/2022\/03\/Buy-Agent-Orange-Marijuana-Strain-Online.jpg\",\"datePublished\":\"2022-03-11T14:55:27+00:00\",\"dateModified\":\"2022-11-20T00:00:26+00:00\",\"breadcrumb\":{\"@id\":\"https:\/\/trustwhite.com\/shop\/buy-agent-orange-marijuana-strain-online\/#breadcrumb\"},\"inLanguage\":\"pt-PT\",\"potentialAction\":[{\"@type\":\"ReadAction\",\"target\":[\"https:\/\/trustwhite.com\/shop\/buy-agent-orange-marijuana-strain-online\/\"]}]},{\"@type\":\"ImageObject\",\"inLanguage\":\"pt-PT\",\"@id\":\"https:\/\/trustwhite.com\/shop\/buy-agent-orange-marijuana-strain-online\/#primaryimage\",\"url\":\"https:\/\/trustwhite.com\/wp-content\/uploads\/2022\/03\/Buy-Agent-Orange-Marijuana-Strain-Online.jpg\",\"contentUrl\":\"https:\/\/trustwhite.com\/wp-content\/uploads\/2022\/03\/Buy-Agent-Orange-Marijuana-Strain-Online.jpg\",\"width\":600,\"height\":600},{\"@type\":\"BreadcrumbList\",\"@id\":\"https:\/\/trustwhite.com\/shop\/buy-agent-orange-marijuana-strain-online\/#breadcrumb\",\"itemListElement\":[{\"@type\":\"ListItem\",\"position\":1,\"name\":\"Home\",\"item\":\"https:\/\/trustwhite.com\/el\/\"},{\"@type\":\"ListItem\",\"position\":2,\"name\":\"Shop\",\"item\":\"https:\/\/trustwhite.com\/el\/shop\/\"},{\"@type\":\"ListItem\",\"position\":3,\"name\":\"Buy Agent Orange Marijuana Strain Online\"}]},{\"@type\":\"WebSite\",\"@id\":\"https:\/\/trustwhite.com\/el\/#website\",\"url\":\"https:\/\/trustwhite.com\/el\/\",\"name\":\"stonersmeds.com\",\"description\":\"verschreibungspflichtige Medizin kaufen\",\"potentialAction\":[{\"@type\":\"SearchAction\",\"target\":{\"@type\":\"EntryPoint\",\"urlTemplate\":\"https:\/\/trustwhite.com\/el\/?s={search_term_string}\"},\"query-input\":{\"@type\":\"PropertyValueSpecification\",\"valueRequired\":true,\"valueName\":\"search_term_string\"}}],\"inLanguage\":\"pt-PT\"}]}<\/script>\n<!-- \/ Yoast SEO plugin. -->","yoast_head_json":{"title":"Compre online a variedade de maconha Agent Orange - stonersmeds.com","robots":{"index":"index","follow":"follow","max-snippet":"max-snippet:-1","max-image-preview":"max-image-preview:large","max-video-preview":"max-video-preview:-1"},"canonical":"https:\/\/trustwhite.com\/pt\/shop\/buy-agent-orange-marijuana-strain-online\/","og_locale":"pt_PT","og_type":"article","og_title":"Buy Agent Orange Marijuana Strain Online - stonersmeds.com","og_description":"Buy Agent Orange Marijuana Strain Online.\u00a0Agent Orange Marijuana Strain\u00a0is Sativa Dominant Hybrid \u2013 75% Sativa \/ 25% Indica THC: 25% Buy Agent Orange Marijuana Strain Online - buy Orange Marijuana, buy Agent Orange Marijuana Strain , buy Orange Marijuana Strain online, Where to Buy Agent Orange Marijuana Strain , Agent Orange Marijuana Strain for sale, Agent Orange Marijuana Strain for sale, buy Marijuana Strain online, where to Buy Agent Orange Marijuana Strain online, Agent Orange Marijuana Strain for sale in usa , USA, canada,uk, buy, online, suppliers, safe delivery, You can still get Agent Orange Marijuana Strain , Is Agent Orange Marijuana Strain legal in usa, buy Agent Orange Marijuana Strain online usa, how to order Agent Orange Marijuana Strain , Is Agent Orange Marijuana Strain legal in Canada","og_url":"https:\/\/trustwhite.com\/pt\/shop\/buy-agent-orange-marijuana-strain-online\/","og_site_name":"stonersmeds.com","article_modified_time":"2022-11-20T00:00:26+00:00","og_image":[{"width":600,"height":600,"url":"https:\/\/trustwhite.com\/wp-content\/uploads\/2022\/03\/Buy-Agent-Orange-Marijuana-Strain-Online.jpg","type":"image\/jpeg"}],"twitter_card":"summary_large_image","twitter_misc":{"Tempo estimado de leitura":"2 minutos"},"schema":{"@context":"https:\/\/schema.org","@graph":[{"@type":"WebPage","@id":"https:\/\/trustwhite.com\/shop\/buy-agent-orange-marijuana-strain-online\/","url":"https:\/\/trustwhite.com\/shop\/buy-agent-orange-marijuana-strain-online\/","name":"Compre online a variedade de maconha Agent Orange - stonersmeds.com","isPartOf":{"@id":"https:\/\/trustwhite.com\/el\/#website"},"primaryImageOfPage":{"@id":"https:\/\/trustwhite.com\/shop\/buy-agent-orange-marijuana-strain-online\/#primaryimage"},"image":{"@id":"https:\/\/trustwhite.com\/shop\/buy-agent-orange-marijuana-strain-online\/#primaryimage"},"thumbnailUrl":"https:\/\/trustwhite.com\/wp-content\/uploads\/2022\/03\/Buy-Agent-Orange-Marijuana-Strain-Online.jpg","datePublished":"2022-03-11T14:55:27+00:00","dateModified":"2022-11-20T00:00:26+00:00","breadcrumb":{"@id":"https:\/\/trustwhite.com\/shop\/buy-agent-orange-marijuana-strain-online\/#breadcrumb"},"inLanguage":"pt-PT","potentialAction":[{"@type":"ReadAction","target":["https:\/\/trustwhite.com\/shop\/buy-agent-orange-marijuana-strain-online\/"]}]},{"@type":"ImageObject","inLanguage":"pt-PT","@id":"https:\/\/trustwhite.com\/shop\/buy-agent-orange-marijuana-strain-online\/#primaryimage","url":"https:\/\/trustwhite.com\/wp-content\/uploads\/2022\/03\/Buy-Agent-Orange-Marijuana-Strain-Online.jpg","contentUrl":"https:\/\/trustwhite.com\/wp-content\/uploads\/2022\/03\/Buy-Agent-Orange-Marijuana-Strain-Online.jpg","width":600,"height":600},{"@type":"BreadcrumbList","@id":"https:\/\/trustwhite.com\/shop\/buy-agent-orange-marijuana-strain-online\/#breadcrumb","itemListElement":[{"@type":"ListItem","position":1,"name":"Home","item":"https:\/\/trustwhite.com\/el\/"},{"@type":"ListItem","position":2,"name":"Shop","item":"https:\/\/trustwhite.com\/el\/shop\/"},{"@type":"ListItem","position":3,"name":"Buy Agent Orange Marijuana Strain Online"}]},{"@type":"WebSite","@id":"https:\/\/trustwhite.com\/el\/#website","url":"https:\/\/trustwhite.com\/el\/","name":"stonersmeds. com","description":"verschreibungspflichtige Medizin kaufen","potentialAction":[{"@type":"SearchAction","target":{"@type":"EntryPoint","urlTemplate":"https:\/\/trustwhite.com\/el\/?s={search_term_string}"},"query-input":{"@type":"PropertyValueSpecification","valueRequired":true,"valueName":"search_term_string"}}],"inLanguage":"pt-PT"}]}},"_links":{"self":[{"href":"https:\/\/trustwhite.com\/pt\/wp-json\/wp\/v2\/product\/9238","targetHints":{"allow":["GET"]}}],"collection":[{"href":"https:\/\/trustwhite.com\/pt\/wp-json\/wp\/v2\/product"}],"about":[{"href":"https:\/\/trustwhite.com\/pt\/wp-json\/wp\/v2\/types\/product"}],"version-history":[{"count":0,"href":"https:\/\/trustwhite.com\/pt\/wp-json\/wp\/v2\/product\/9238\/revisions"}],"wp:featuredmedia":[{"embeddable":true,"href":"https:\/\/trustwhite.com\/pt\/wp-json\/wp\/v2\/media\/9252"}],"wp:attachment":[{"href":"https:\/\/trustwhite.com\/pt\/wp-json\/wp\/v2\/media?parent=9238"}],"wp:term":[{"taxonomy":"product_brand","embeddable":true,"href":"https:\/\/trustwhite.com\/pt\/wp-json\/wp\/v2\/product_brand?post=9238"},{"taxonomy":"product_cat","embeddable":true,"href":"https:\/\/trustwhite.com\/pt\/wp-json\/wp\/v2\/product_cat?post=9238"},{"taxonomy":"product_tag","embeddable":true,"href":"https:\/\/trustwhite.com\/pt\/wp-json\/wp\/v2\/product_tag?post=9238"}],"curies":[{"name":"wp","href":"https:\/\/api.w.org\/{rel}","templated":true}]}}