{"id":11195,"date":"2022-03-31T12:07:04","date_gmt":"2022-03-31T12:07:04","guid":{"rendered":"https:\/\/stonersmeds.com\/?post_type=product&#038;p=11195"},"modified":"2023-03-24T13:25:59","modified_gmt":"2023-03-24T11:25:59","slug":"golden-teacher","status":"publish","type":"product","link":"https:\/\/trustwhite.com\/pt\/shop\/golden-teacher\/","title":{"rendered":"Professor Dourado"},"content":{"rendered":"<h2>Golden Teachers \u00e0 venda online<\/h2>\n<div id=\"tab-description\" class=\"woocommerce-Tabs-panel\">\n<p>O Golden Teachers psilocybe cubensis \u00e9 um tipo de cogumelo \u00fanico, apesar de ter surgido recentemente como cogumelo m\u00e1gico nos anos 1980. N\u00e3o tem uma taxa de crescimento t\u00e3o r\u00e1pida como muitas outras variedades de psilocibina cubensis, o que significa que o Golden Teacher \u00e9 muitas vezes comparativamente mais poderoso do que muitos outros cogumelos.<\/p>\n<p>Os produtores adoram criar culturas de cogumelos Golden Teachers por causa dos ricos rendimentos e grandes fluxos. Eles podem n\u00e3o ser uma esp\u00e9cie de crescimento r\u00e1pido, mas compensam nos ricos rendimentos e no banquete visual que voc\u00ea obt\u00e9m ao ver a cor dourada \u00e0 sua frente. Os compostos ativos dentro deste tipo de psilocibo cubensis s\u00e3o psilocibina e psilocina.<\/p>\n<p>A verdade \u00e9 que esses cogumelos apresentam semelhan\u00e7as fisiol\u00f3gicas com seus primos da fam\u00edlia cubensis. N\u00f3s, da MMJDirect, vendemos os cogumelos secos que podem ser conservados por per\u00edodos mais longos. Compre Golden Teachers online no Canad\u00e1 para uma dose saud\u00e1vel de experi\u00eancias psicod\u00e9licas!<\/p>\n<h4>Verdadeiros efeitos dos cogumelos Golden Teachers<\/h4>\n<p>Golden Teachers \u00e9 uma escolha de cogumelo perfeita para iniciantes e novatos psicod\u00e9licos. Ele oferece uma experi\u00eancia psicotr\u00f3pica leve a alta que a maioria das pessoas pode suportar, mesmo em doses mais altas. Em vez disso, os Professores Dourados s\u00e3o de natureza completamente espiritual e metaf\u00edsica. Voc\u00ea \u00e9 apresentado a um portal para os alcances internos de sua espiritualidade e uma ponte que o conecta aos cantos mais profundos do Universo.<\/p>\n<p>A maior parte dos consumidores relatou sentir-se ligado de alguma forma \u00e0 natureza e ao que os rodeia. \u00c9 como uma esp\u00e9cie de liga\u00e7\u00e3o, em que a ess\u00eancia do mundo se derrama na sua consci\u00eancia, tornando-o mais receptivo \u00e0s suas reverbera\u00e7\u00f5es e mudan\u00e7as. Por sua vez, deve permitir que este sentimento de liberdade suprema e de ilumina\u00e7\u00e3o interior o transforme a partir do seu interior. Durante as pr\u00f3ximas 3 a 6 horas, ir\u00e1 saborear a unidade do ser e a unidade com a natureza e o mundo.<\/p>\n<p>Outros efeitos incluem percep\u00e7\u00f5es de distor\u00e7\u00e3o do tempo, onde voc\u00ea percebe a passagem do tempo de forma diferente do habitual. Por exemplo, voc\u00ea pode ter a impress\u00e3o de que duas horas se passaram desde que voc\u00ea ingeriu o Golden Teachers Canada, quando na verdade, apenas 20 minutos se passaram. Geralmente, por\u00e9m, a psilocibina causa dilata\u00e7\u00e3o do tempo, onde voc\u00ea experimenta saltos temporais no futuro.<\/p>\n<h4>Coisas que voc\u00ea deve saber antes de usar Golden Teachers<\/h4>\n<p>Esta an\u00e1lise da Golden Teachers estaria incompleta sem conselhos pr\u00e1ticos sobre os preparativos adequados antes do consumo. Antes de mais, deve ter sempre algu\u00e9m a tomar conta de si se esta for a sua primeira experi\u00eancia com cogumelos psicad\u00e9licos. Da mesma forma, se estiveres a planear ingerir uma dose maior, pede a algu\u00e9m que te acompanhe na viagem para que nada de mal aconte\u00e7a durante a sess\u00e3o psicad\u00e9lica. Se houver uma emerg\u00eancia, o trip sitter s\u00f3brio poder\u00e1 prestar assist\u00eancia imediata.<\/p>\n<p>A vitamina C, os alimentos e a \u00e1gua s\u00e3o supressores psicad\u00e9licos conhecidos se tiveres consumido uma quantidade demasiado grande de Golden Teachers. No entanto, deves consultar um profissional quando se trata de criar as tuas pr\u00f3prias doses. Em alternativa, podes experimentar por ti pr\u00f3prio e ir aumentando lentamente at\u00e9 atingires a dose ideal para ti.<\/p>\n<h4>Por que \u00e9 chamado de Professores Dourados?<\/h4>\n<p>A parte \"dourada\" vem das cores naturais deste cogumelo - um tom amarelo-dourado. \u00c9 a\u00ed que se sabe que o cogumelo est\u00e1 na sua fase adulta e \u00e9 considerado ideal para consumo. Os cogumelos secos ainda conservam os tons dourados dos chap\u00e9us, o que significa a qualidade e o potencial psicad\u00e9lico que possuem.<\/p>\n<p>A parte \"professor\" apresenta m\u00faltiplas implica\u00e7\u00f5es, todas relacionadas com as propriedades xam\u00e2nicas e espirituais deste cogumelo. Consumi-lo em grandes quantidades pode abrir os teus olhos, figurativamente falando, para uma percep\u00e7\u00e3o totalmente nova do mundo. Poder\u00e1s aprender coisas novas sobre ti e sobre a forma como o Universo funciona. \u00c9 uma forma de educa\u00e7\u00e3o sobre os significados mais profundos da natureza e do mundo, que \u00e9 totalmente insubstitu\u00edvel e \u00fanica para cada consumidor.<\/p>\n<p>A transcend\u00eancia e, levada a um absoluto, a morte do ego, representam os significados \u00faltimos dos Mestres Dourados. As predile\u00e7\u00f5es espirituais que voc\u00ea possui ser\u00e3o despertadas inteiramente, fornecendo-lhe novas percep\u00e7\u00f5es sobre os mist\u00e9rios do mundo natural. Este cogumelo psilocibina atua como um guia xam\u00e2nico apontando o caminho para uma compreens\u00e3o muito mais profunda do seu lugar no mundo. Compre Golden Teachers online no Canad\u00e1 e experimente voc\u00ea mesmo!<\/p>\n<h2>Compre Cogumelos Dourados Online<\/h2>\n<\/div>","protected":false},"excerpt":{"rendered":"<h2>Compre Cogumelos Dourados Online<\/h2>\n<p>Golden Teachers psilocybe cubensis como um tipo de cogumelo \u00fanico, apesar do seu recente aparecimento como cogumelo m\u00e1gico na d\u00e9cada de 1980.<\/p>","protected":false},"featured_media":11196,"template":"","meta":[],"product_brand":[],"product_cat":[1264],"product_tag":[1272,1346,1265,1349,1348,1340,1344,1338,1345,1347,1341,1343,1342,1339,1270,1337],"class_list":{"0":"post-11195","1":"product","2":"type-product","3":"status-publish","4":"has-post-thumbnail","6":"product_cat-psilocybin-or-magic-mushrooms","7":"product_tag-buy-dried-psilocybin-mushrooms-online","8":"product_tag-buy-golden-teacher-online","9":"product_tag-buy-psilocybin-mushrooms-united-states","10":"product_tag-golden-teacher-cubensis","11":"product_tag-golden-teacher-dosage-chart","12":"product_tag-golden-teacher-liquid-culture","13":"product_tag-golden-teacher-magic-mushroom","14":"product_tag-golden-teacher-mushroom-dried","15":"product_tag-golden-teacher-mushroom-for-sale","16":"product_tag-golden-teacher-mushroom-growing","17":"product_tag-golden-teacher-mushrooms-buy","18":"product_tag-golden-teacher-truffles","19":"product_tag-psilocybin-golden-teacher","20":"product_tag-psilocybin-mushroom-liquid-culture","21":"product_tag-psilocybin-mushrooms-for-sale","22":"product_tag-psilocybin-mushrooms-golden-teacher","24":"first","25":"instock","26":"shipping-taxable","27":"purchasable","28":"product-type-variable"},"tiered_pricing_type":"fixed","tiered_pricing_fixed_rules":[],"tiered_pricing_percentage_rules":[],"tiered_pricing_minimum":1,"_administrator_tiered_pricing_type":"fixed","_administrator_tiered_pricing_fixed_rules":[],"_editor_tiered_pricing_type":"fixed","_editor_tiered_pricing_fixed_rules":[],"_author_tiered_pricing_type":"fixed","_author_tiered_pricing_fixed_rules":[],"_contributor_tiered_pricing_type":"fixed","_contributor_tiered_pricing_fixed_rules":[],"_subscriber_tiered_pricing_type":"fixed","_subscriber_tiered_pricing_fixed_rules":[],"_customer_tiered_pricing_type":"fixed","_customer_tiered_pricing_fixed_rules":[],"_shop_manager_tiered_pricing_type":"fixed","_shop_manager_tiered_pricing_fixed_rules":[],"_wpseo_manager_tiered_pricing_type":"fixed","_wpseo_manager_tiered_pricing_fixed_rules":[],"_wpseo_editor_tiered_pricing_type":"fixed","_wpseo_editor_tiered_pricing_fixed_rules":[],"yoast_head":"<!-- This site is optimized with the Yoast SEO plugin v26.8 - https:\/\/yoast.com\/product\/yoast-seo-wordpress\/ -->\n<title>Golden Teachers mushrooms For Sale Online - stonersmeds.com<\/title>\n<meta name=\"description\" content=\"Fresh Golden Teacher Mushrooms Buy Fresh Golden Teacher Mushrooms straight from our farm. Fast and safe delivery\" \/>\n<meta name=\"robots\" content=\"index, follow, max-snippet:-1, max-image-preview:large, max-video-preview:-1\" \/>\n<link rel=\"canonical\" href=\"https:\/\/trustwhite.com\/pt\/shop\/golden-teacher\/\" \/>\n<meta property=\"og:locale\" content=\"pt_PT\" \/>\n<meta property=\"og:type\" content=\"article\" \/>\n<meta property=\"og:title\" content=\"Golden Teachers mushrooms For Sale Online - stonersmeds.com\" \/>\n<meta property=\"og:description\" content=\"Fresh Golden Teacher Mushrooms Buy Fresh Golden Teacher Mushrooms straight from our farm. Fast and safe delivery\" \/>\n<meta property=\"og:url\" content=\"https:\/\/trustwhite.com\/pt\/shop\/golden-teacher\/\" \/>\n<meta property=\"og:site_name\" content=\"stonersmeds.com\" \/>\n<meta property=\"article:modified_time\" content=\"2023-03-24T11:25:59+00:00\" \/>\n<meta property=\"og:image\" content=\"https:\/\/trustwhite.com\/wp-content\/uploads\/2022\/03\/golden-teacherpsilocybin-or-magic-mushrooms.jpg\" \/>\n\t<meta property=\"og:image:width\" content=\"800\" \/>\n\t<meta property=\"og:image:height\" content=\"800\" \/>\n\t<meta property=\"og:image:type\" content=\"image\/jpeg\" \/>\n<meta name=\"twitter:card\" content=\"summary_large_image\" \/>\n<meta name=\"twitter:label1\" content=\"Tempo estimado de leitura\" \/>\n\t<meta name=\"twitter:data1\" content=\"4 minutos\" \/>\n<script type=\"application\/ld+json\" class=\"yoast-schema-graph\">{\"@context\":\"https:\/\/schema.org\",\"@graph\":[{\"@type\":\"WebPage\",\"@id\":\"https:\/\/trustwhite.com\/shop\/golden-teacher\/\",\"url\":\"https:\/\/trustwhite.com\/shop\/golden-teacher\/\",\"name\":\"Golden Teachers mushrooms For Sale Online - stonersmeds.com\",\"isPartOf\":{\"@id\":\"https:\/\/trustwhite.com\/el\/#website\"},\"primaryImageOfPage\":{\"@id\":\"https:\/\/trustwhite.com\/shop\/golden-teacher\/#primaryimage\"},\"image\":{\"@id\":\"https:\/\/trustwhite.com\/shop\/golden-teacher\/#primaryimage\"},\"thumbnailUrl\":\"https:\/\/trustwhite.com\/wp-content\/uploads\/2022\/03\/golden-teacherpsilocybin-or-magic-mushrooms.jpg\",\"datePublished\":\"2022-03-31T12:07:04+00:00\",\"dateModified\":\"2023-03-24T11:25:59+00:00\",\"description\":\"Fresh Golden Teacher Mushrooms Buy Fresh Golden Teacher Mushrooms straight from our farm. Fast and safe delivery\",\"breadcrumb\":{\"@id\":\"https:\/\/trustwhite.com\/shop\/golden-teacher\/#breadcrumb\"},\"inLanguage\":\"pt-PT\",\"potentialAction\":[{\"@type\":\"ReadAction\",\"target\":[\"https:\/\/trustwhite.com\/shop\/golden-teacher\/\"]}]},{\"@type\":\"ImageObject\",\"inLanguage\":\"pt-PT\",\"@id\":\"https:\/\/trustwhite.com\/shop\/golden-teacher\/#primaryimage\",\"url\":\"https:\/\/trustwhite.com\/wp-content\/uploads\/2022\/03\/golden-teacherpsilocybin-or-magic-mushrooms.jpg\",\"contentUrl\":\"https:\/\/trustwhite.com\/wp-content\/uploads\/2022\/03\/golden-teacherpsilocybin-or-magic-mushrooms.jpg\",\"width\":800,\"height\":800},{\"@type\":\"BreadcrumbList\",\"@id\":\"https:\/\/trustwhite.com\/shop\/golden-teacher\/#breadcrumb\",\"itemListElement\":[{\"@type\":\"ListItem\",\"position\":1,\"name\":\"Home\",\"item\":\"https:\/\/trustwhite.com\/el\/\"},{\"@type\":\"ListItem\",\"position\":2,\"name\":\"Shop\",\"item\":\"https:\/\/trustwhite.com\/el\/shop\/\"},{\"@type\":\"ListItem\",\"position\":3,\"name\":\"Golden Teacher\"}]},{\"@type\":\"WebSite\",\"@id\":\"https:\/\/trustwhite.com\/el\/#website\",\"url\":\"https:\/\/trustwhite.com\/el\/\",\"name\":\"stonersmeds.com\",\"description\":\"verschreibungspflichtige Medizin kaufen\",\"potentialAction\":[{\"@type\":\"SearchAction\",\"target\":{\"@type\":\"EntryPoint\",\"urlTemplate\":\"https:\/\/trustwhite.com\/el\/?s={search_term_string}\"},\"query-input\":{\"@type\":\"PropertyValueSpecification\",\"valueRequired\":true,\"valueName\":\"search_term_string\"}}],\"inLanguage\":\"pt-PT\"}]}<\/script>\n<!-- \/ Yoast SEO plugin. -->","yoast_head_json":{"title":"Cogumelos Golden Teachers Venda Online - stonersmeds.com","description":"Cogumelos Dourados Frescos Para Professor Compre Cogumelos Dourados Frescos para Professores direto da nossa fazenda. Entrega r\u00e1pida e segura","robots":{"index":"index","follow":"follow","max-snippet":"max-snippet:-1","max-image-preview":"max-image-preview:large","max-video-preview":"max-video-preview:-1"},"canonical":"https:\/\/trustwhite.com\/pt\/shop\/golden-teacher\/","og_locale":"pt_PT","og_type":"article","og_title":"Golden Teachers mushrooms For Sale Online - stonersmeds.com","og_description":"Fresh Golden Teacher Mushrooms Buy Fresh Golden Teacher Mushrooms straight from our farm. Fast and safe delivery","og_url":"https:\/\/trustwhite.com\/pt\/shop\/golden-teacher\/","og_site_name":"stonersmeds.com","article_modified_time":"2023-03-24T11:25:59+00:00","og_image":[{"width":800,"height":800,"url":"https:\/\/trustwhite.com\/wp-content\/uploads\/2022\/03\/golden-teacherpsilocybin-or-magic-mushrooms.jpg","type":"image\/jpeg"}],"twitter_card":"summary_large_image","twitter_misc":{"Tempo estimado de leitura":"4 minutos"},"schema":{"@context":"https:\/\/schema.org","@graph":[{"@type":"WebPage","@id":"https:\/\/trustwhite.com\/shop\/golden-teacher\/","url":"https:\/\/trustwhite.com\/shop\/golden-teacher\/","name":"Cogumelos Golden Teachers Venda Online - stonersmeds.com","isPartOf":{"@id":"https:\/\/trustwhite.com\/el\/#website"},"primaryImageOfPage":{"@id":"https:\/\/trustwhite.com\/shop\/golden-teacher\/#primaryimage"},"image":{"@id":"https:\/\/trustwhite.com\/shop\/golden-teacher\/#primaryimage"},"thumbnailUrl":"https:\/\/trustwhite.com\/wp-content\/uploads\/2022\/03\/golden-teacherpsilocybin-or-magic-mushrooms.jpg","datePublished":"2022-03-31T12:07:04+00:00","dateModified":"2023-03-24T11:25:59+00:00","description":"Cogumelos Dourados Frescos Para Professor Compre Cogumelos Dourados Frescos para Professores direto da nossa fazenda. Entrega r\u00e1pida e segura","breadcrumb":{"@id":"https:\/\/trustwhite.com\/shop\/golden-teacher\/#breadcrumb"},"inLanguage":"pt-PT","potentialAction":[{"@type":"ReadAction","target":["https:\/\/trustwhite.com\/shop\/golden-teacher\/"]}]},{"@type":"ImageObject","inLanguage":"pt-PT","@id":"https:\/\/trustwhite.com\/shop\/golden-teacher\/#primaryimage","url":"https:\/\/trustwhite.com\/wp-content\/uploads\/2022\/03\/golden-teacherpsilocybin-or-magic-mushrooms.jpg","contentUrl":"https:\/\/trustwhite.com\/wp-content\/uploads\/2022\/03\/golden-teacherpsilocybin-or-magic-mushrooms.jpg","width":800,"height":800},{"@type":"BreadcrumbList","@id":"https:\/\/trustwhite.com\/shop\/golden-teacher\/#breadcrumb","itemListElement":[{"@type":"ListItem","position":1,"name":"Home","item":"https:\/\/trustwhite.com\/el\/"},{"@type":"ListItem","position":2,"name":"Shop","item":"https:\/\/trustwhite.com\/el\/shop\/"},{"@type":"ListItem","position":3,"name":"Golden Teacher"}]},{"@type":"WebSite","@id":"https:\/\/trustwhite.com\/el\/#website","url":"https:\/\/trustwhite.com\/el\/","name":"stonersmeds. com","description":"verschreibungspflichtige Medizin kaufen","potentialAction":[{"@type":"SearchAction","target":{"@type":"EntryPoint","urlTemplate":"https:\/\/trustwhite.com\/el\/?s={search_term_string}"},"query-input":{"@type":"PropertyValueSpecification","valueRequired":true,"valueName":"search_term_string"}}],"inLanguage":"pt-PT"}]}},"_links":{"self":[{"href":"https:\/\/trustwhite.com\/pt\/wp-json\/wp\/v2\/product\/11195","targetHints":{"allow":["GET"]}}],"collection":[{"href":"https:\/\/trustwhite.com\/pt\/wp-json\/wp\/v2\/product"}],"about":[{"href":"https:\/\/trustwhite.com\/pt\/wp-json\/wp\/v2\/types\/product"}],"version-history":[{"count":0,"href":"https:\/\/trustwhite.com\/pt\/wp-json\/wp\/v2\/product\/11195\/revisions"}],"wp:featuredmedia":[{"embeddable":true,"href":"https:\/\/trustwhite.com\/pt\/wp-json\/wp\/v2\/media\/11196"}],"wp:attachment":[{"href":"https:\/\/trustwhite.com\/pt\/wp-json\/wp\/v2\/media?parent=11195"}],"wp:term":[{"taxonomy":"product_brand","embeddable":true,"href":"https:\/\/trustwhite.com\/pt\/wp-json\/wp\/v2\/product_brand?post=11195"},{"taxonomy":"product_cat","embeddable":true,"href":"https:\/\/trustwhite.com\/pt\/wp-json\/wp\/v2\/product_cat?post=11195"},{"taxonomy":"product_tag","embeddable":true,"href":"https:\/\/trustwhite.com\/pt\/wp-json\/wp\/v2\/product_tag?post=11195"}],"curies":[{"name":"wp","href":"https:\/\/api.w.org\/{rel}","templated":true}]}}