{"id":10606,"date":"2022-03-12T08:32:10","date_gmt":"2022-03-12T08:32:10","guid":{"rendered":"https:\/\/stonersmeds.com\/?post_type=product&#038;p=10606"},"modified":"2023-04-13T12:17:05","modified_gmt":"2023-04-13T10:17:05","slug":"buy-liquid-lsd-200ug-drop-online-2","status":"publish","type":"product","link":"https:\/\/trustwhite.com\/pt\/shop\/buy-liquid-lsd-200ug-drop-online-2\/","title":{"rendered":"Compre LSD l\u00edquido 200ug Drop Online"},"content":{"rendered":"<h1>Compre l\u00edquido lsd 200ug e solte mais barato online.<\/h1>\n<p>Compre lsd l\u00edquido 200ug e solte pre\u00e7o lsd l\u00edquido barato online, 200ug lsd<\/p>\n<p><b>O que \u00e9 LSD L\u00edquido?<\/b><\/p>\n<p>LSD, ou dietilamida do \u00e1cido lis\u00e9rgico, \u00e9 uma droga psicod\u00e9lica derivada de um produto qu\u00edmico no fungo do centeio. \u00c9 mais conhecido por seu uso durante a contracultura da d\u00e9cada de 1960, e sua proibi\u00e7\u00e3o resultante deu-lhe uma reputa\u00e7\u00e3o principalmente negativa.<\/p>\n<p>Em 1938, Albert Hofmann, um cientista su\u00ed\u00e7o, sintetizou o LSD em seu laborat\u00f3rio em Zurique, Su\u00ed\u00e7a. Ele inesperadamente descobriu seus efeitos alucin\u00f3genos em 1943, quando uma pequena quantidade entrou em contato com sua pele.<\/p>\n<p><a href=\"https:\/\/stonersmeds.com\/shop\/buy-lsd-100mcg-blotters-online\/\">Comprar LSD<\/a>O LSD \u00e9 um alucin\u00f3geno extremamente poderoso e tem um imenso potencial terap\u00eautico, espiritual, e cultural.<\/p>\n<h3>Comprar LSD 200ug &amp; drop LSD l\u00edquido Online Barato - Farmacologia<\/h3>\n<p>Quando ingerido no corpo humano, o LSD actua como um activador receptor de 5-HT (serotonina), ao mesmo tempo que aumenta dramaticamente os n\u00edveis de serotonina no c\u00e9rebro atrav\u00e9s da desactiva\u00e7\u00e3o de sistemas que regulam os n\u00edveis de serotonina. Comprar LSD l\u00edquido 200ug &amp; drop Online Barato. <a href=\"https:\/\/stonersmeds.com\/product-tag\/liquid-lsd-price\/\">pre\u00e7o lsd l\u00edquido<\/a>, 200ug lsd<\/p>\n<p>Dos 15 receptores diferentes de serotonina no c\u00e9rebro, o LSD prefere principalmente o subtipo 2A (5-HT2A). O receptor de 5-HT2A est\u00e1 envolvido em processos cognitivos no c\u00f3rtex pr\u00e9-frontal. Este \u00e9 um ponto importante, pois \u00e9 aqui que muitos dos benef\u00edcios do LSD prov\u00eam do seu envolvimento no c\u00f3rtex pr\u00e9-frontal.<\/p>\n<h3>Como fazer LSD?<\/h3>\n<p>A produ\u00e7\u00e3o de LSD requer um forte conhecimento pr\u00e1tico da qu\u00edmica org\u00e2nica, uma instala\u00e7\u00e3o laboratorial completa (incluindo a capacidade de esterilizar equipamento bem como o acesso a uma c\u00e2mara escura), e v\u00e1rios produtos qu\u00edmicos que s\u00e3o actualmente de venda restrita ou que t\u00eam as suas vendas monitorizadas de perto pela Ag\u00eancia de Controlo de Drogas (DEA). Ao contr\u00e1rio dos qu\u00edmicos utilizados no fabrico de metanfetaminas, estes n\u00e3o podem ser encontrados em artigos dom\u00e9sticos bastante comuns.<\/p>\n<p>Pensa-se que o c\u00f3rtex pr\u00e9-frontal \u00e9 activo no planeamento de comportamentos cognitivos complexos, express\u00e3o da personalidade, tomada de decis\u00f5es, e comportamento social moderador. Comprar LSD l\u00edquido 200ug &amp; drop Online Barato. Tamb\u00e9m desempenha um papel fundamental na capacidade de um humano de processar informa\u00e7\u00e3o de todos os outros sistemas cerebrais, e de tomar decis\u00f5es orientadas por objectivos como resultado.<\/p>\n<p>Efeitos do LSD?\u00a0<a href=\"https:\/\/stonersmeds.com\/product-tag\/blotter-acid-lsd\/\">O f\u00e1rmaco LSD tem os seguintes efeitos\u00c1cido lis\u00e9rgico<\/a> A dietilamida, vulgarmente conhecida como LSD, \u00e9 uma droga ilegal que altera os sentidos e causa alucina\u00e7\u00f5es.<\/p>\n<p>https:\/\/stonersmeds.com\/shop\/kaufen-lsd-100mcg-blotter-online\/<\/p>\n<p><a href=\"https:\/\/stonersmeds.com\/de\/shop\/buy-crystal-meth-online-pills\/\">https:\/\/stonersmeds.com\/shop\/buy-crystal-meth-online-pills\/<\/a><\/p>\n<p>https:\/\/stonersmeds.com\/shop\/de\/buy-1p-lsd-cheap-100mcg-blotters-online\/<\/p>\n<p>&nbsp;<\/p>\n<p>&nbsp;<\/p>\n<pre><strong>Compre LSD l\u00edquido 200ug Drop Online - compre LSD l\u00edquido, compre LSD l\u00edquido 200ug Drop, compre LSD l\u00edquido online, Onde comprar LSD l\u00edquido 200ug Drop, LSD l\u00edquido 200ug Drop \u00e0 venda, LSD l\u00edquido \u00e0 venda, compre LSD l\u00edquido 200ug online, onde comprar Compre LSD l\u00edquido 200ug Drop online, LSD l\u00edquido 200ug Drop \u00e0 venda nos eua, EUA, canad\u00e1, reino unido, comprar, online, fornecedores, entrega segura, voc\u00ea ainda pode obter LSD l\u00edquido 200ug Drop, LSD l\u00edquido 200ug Drop \u00e9 legal nos eua, comprar LSD l\u00edquido 200ug Drop p\u00edlulas online eua, como encomendar LSD l\u00edquido 200ug Drop, LSD l\u00edquido 200ug Drop \u00e9 legal no Canad\u00e1<\/strong><\/pre>","protected":false},"excerpt":{"rendered":"<p>Comprar l\u00edquido lsd 200ug &amp; drop Online Barato. Compra\u00a0<em>LSD<\/em>\u00a0\u00e9 muito f\u00e1cil, est\u00e1 facilmente dispon\u00edvel na loja online dos EUA.<\/p>\n<p><strong>1ml = 20 gotas = 20 blotters<\/strong><\/p>\n<pre><\/pre>","protected":false},"featured_media":10617,"template":"","meta":[],"product_brand":[],"product_cat":[79],"product_tag":[438,439,449,444,440,450,451,448,442,446,443,441,445,447],"class_list":{"0":"post-10606","1":"product","2":"type-product","3":"status-publish","4":"has-post-thumbnail","6":"product_cat-research-chemicals-and-bath-salt","7":"product_tag-buy-liquid-lsd","8":"product_tag-buy-liquid-lsd-200ug-drop","9":"product_tag-buy-liquid-lsd-200ug-drop-pills-online-usa","10":"product_tag-buy-liquid-lsd-200ug-online","11":"product_tag-buy-liquid-lsd-online","12":"product_tag-how-to-order-liquid-lsd-200ug-drop","13":"product_tag-is-liquid-lsd-200ug-drop-legal-in-canada","14":"product_tag-is-liquid-lsd-200ug-drop-legal-in-usa","15":"product_tag-liquid-lsd-200ug-drop-for-sale","16":"product_tag-liquid-lsd-200ug-drop-for-sale-in-usa","17":"product_tag-liquid-lsd-for-sale","18":"product_tag-where-to-buy-liquid-lsd-200ug-drop","19":"product_tag-where-to-buy-liquid-lsd-200ug-drop-online","20":"product_tag-you-can-still-get-liquid-lsd-200ug-drop","22":"first","23":"instock","24":"shipping-taxable","25":"purchasable","26":"product-type-variable"},"tiered_pricing_type":"fixed","tiered_pricing_fixed_rules":[],"tiered_pricing_percentage_rules":[],"tiered_pricing_minimum":1,"_administrator_tiered_pricing_type":"fixed","_administrator_tiered_pricing_fixed_rules":[],"_editor_tiered_pricing_type":"fixed","_editor_tiered_pricing_fixed_rules":[],"_author_tiered_pricing_type":"fixed","_author_tiered_pricing_fixed_rules":[],"_contributor_tiered_pricing_type":"fixed","_contributor_tiered_pricing_fixed_rules":[],"_subscriber_tiered_pricing_type":"fixed","_subscriber_tiered_pricing_fixed_rules":[],"_customer_tiered_pricing_type":"fixed","_customer_tiered_pricing_fixed_rules":[],"_shop_manager_tiered_pricing_type":"fixed","_shop_manager_tiered_pricing_fixed_rules":[],"_wpseo_manager_tiered_pricing_type":"fixed","_wpseo_manager_tiered_pricing_fixed_rules":[],"_wpseo_editor_tiered_pricing_type":"fixed","_wpseo_editor_tiered_pricing_fixed_rules":[],"yoast_head":"<!-- This site is optimized with the Yoast SEO plugin v26.8 - https:\/\/yoast.com\/product\/yoast-seo-wordpress\/ -->\n<title>Buy liquid LSD 200ug Drop Online - Cheap price, Grade A++<\/title>\n<meta name=\"description\" content=\"Buy liquid LSD 200ug Online at an affordable price at stonersmeds. All products are lab qualified and have premium quality.\" \/>\n<meta name=\"robots\" content=\"index, follow, max-snippet:-1, max-image-preview:large, max-video-preview:-1\" \/>\n<link rel=\"canonical\" href=\"https:\/\/trustwhite.com\/pt\/shop\/buy-liquid-lsd-200ug-drop-online-2\/\" \/>\n<meta property=\"og:locale\" content=\"pt_PT\" \/>\n<meta property=\"og:type\" content=\"article\" \/>\n<meta property=\"og:title\" content=\"Buy liquid LSD 200ug Drop Online - Cheap price, Grade A++\" \/>\n<meta property=\"og:description\" content=\"Buy liquid LSD 200ug Online at an affordable price at stonersmeds. All products are lab qualified and have premium quality.\" \/>\n<meta property=\"og:url\" content=\"https:\/\/trustwhite.com\/pt\/shop\/buy-liquid-lsd-200ug-drop-online-2\/\" \/>\n<meta property=\"og:site_name\" content=\"stonersmeds.com\" \/>\n<meta property=\"article:modified_time\" content=\"2023-04-13T10:17:05+00:00\" \/>\n<meta property=\"og:image\" content=\"https:\/\/trustwhite.com\/wp-content\/uploads\/2022\/03\/buy-liquid-lsd-200ug-drop-online-cheap-1.jpg\" \/>\n\t<meta property=\"og:image:width\" content=\"600\" \/>\n\t<meta property=\"og:image:height\" content=\"600\" \/>\n\t<meta property=\"og:image:type\" content=\"image\/jpeg\" \/>\n<meta name=\"twitter:card\" content=\"summary_large_image\" \/>\n<meta name=\"twitter:label1\" content=\"Tempo estimado de leitura\" \/>\n\t<meta name=\"twitter:data1\" content=\"3 minutos\" \/>\n<script type=\"application\/ld+json\" class=\"yoast-schema-graph\">{\"@context\":\"https:\/\/schema.org\",\"@graph\":[{\"@type\":\"WebPage\",\"@id\":\"https:\/\/trustwhite.com\/shop\/buy-liquid-lsd-200ug-drop-online-2\/\",\"url\":\"https:\/\/trustwhite.com\/shop\/buy-liquid-lsd-200ug-drop-online-2\/\",\"name\":\"Buy liquid LSD 200ug Drop Online - Cheap price, Grade A++\",\"isPartOf\":{\"@id\":\"https:\/\/trustwhite.com\/el\/#website\"},\"primaryImageOfPage\":{\"@id\":\"https:\/\/trustwhite.com\/shop\/buy-liquid-lsd-200ug-drop-online-2\/#primaryimage\"},\"image\":{\"@id\":\"https:\/\/trustwhite.com\/shop\/buy-liquid-lsd-200ug-drop-online-2\/#primaryimage\"},\"thumbnailUrl\":\"https:\/\/trustwhite.com\/wp-content\/uploads\/2022\/03\/buy-liquid-lsd-200ug-drop-online-cheap-1.jpg\",\"datePublished\":\"2022-03-12T08:32:10+00:00\",\"dateModified\":\"2023-04-13T10:17:05+00:00\",\"description\":\"Buy liquid LSD 200ug Online at an affordable price at stonersmeds. All products are lab qualified and have premium quality.\",\"breadcrumb\":{\"@id\":\"https:\/\/trustwhite.com\/shop\/buy-liquid-lsd-200ug-drop-online-2\/#breadcrumb\"},\"inLanguage\":\"pt-PT\",\"potentialAction\":[{\"@type\":\"ReadAction\",\"target\":[\"https:\/\/trustwhite.com\/shop\/buy-liquid-lsd-200ug-drop-online-2\/\"]}]},{\"@type\":\"ImageObject\",\"inLanguage\":\"pt-PT\",\"@id\":\"https:\/\/trustwhite.com\/shop\/buy-liquid-lsd-200ug-drop-online-2\/#primaryimage\",\"url\":\"https:\/\/trustwhite.com\/wp-content\/uploads\/2022\/03\/buy-liquid-lsd-200ug-drop-online-cheap-1.jpg\",\"contentUrl\":\"https:\/\/trustwhite.com\/wp-content\/uploads\/2022\/03\/buy-liquid-lsd-200ug-drop-online-cheap-1.jpg\",\"width\":600,\"height\":600},{\"@type\":\"BreadcrumbList\",\"@id\":\"https:\/\/trustwhite.com\/shop\/buy-liquid-lsd-200ug-drop-online-2\/#breadcrumb\",\"itemListElement\":[{\"@type\":\"ListItem\",\"position\":1,\"name\":\"Home\",\"item\":\"https:\/\/trustwhite.com\/el\/\"},{\"@type\":\"ListItem\",\"position\":2,\"name\":\"Shop\",\"item\":\"https:\/\/trustwhite.com\/el\/shop\/\"},{\"@type\":\"ListItem\",\"position\":3,\"name\":\"Buy liquid LSD 200ug Drop Online\"}]},{\"@type\":\"WebSite\",\"@id\":\"https:\/\/trustwhite.com\/el\/#website\",\"url\":\"https:\/\/trustwhite.com\/el\/\",\"name\":\"stonersmeds.com\",\"description\":\"verschreibungspflichtige Medizin kaufen\",\"potentialAction\":[{\"@type\":\"SearchAction\",\"target\":{\"@type\":\"EntryPoint\",\"urlTemplate\":\"https:\/\/trustwhite.com\/el\/?s={search_term_string}\"},\"query-input\":{\"@type\":\"PropertyValueSpecification\",\"valueRequired\":true,\"valueName\":\"search_term_string\"}}],\"inLanguage\":\"pt-PT\"}]}<\/script>\n<!-- \/ Yoast SEO plugin. -->","yoast_head_json":{"title":"Compre LSD l\u00edquido 200ug Drop Online - Pre\u00e7o barato, Grau A++","description":"Compre LSD l\u00edquido 200ug Online a um pre\u00e7o acess\u00edvel em stonersmeds. Todos os produtos s\u00e3o qualificados em laborat\u00f3rio e t\u00eam qualidade premium.","robots":{"index":"index","follow":"follow","max-snippet":"max-snippet:-1","max-image-preview":"max-image-preview:large","max-video-preview":"max-video-preview:-1"},"canonical":"https:\/\/trustwhite.com\/pt\/shop\/buy-liquid-lsd-200ug-drop-online-2\/","og_locale":"pt_PT","og_type":"article","og_title":"Buy liquid LSD 200ug Drop Online - Cheap price, Grade A++","og_description":"Buy liquid LSD 200ug Online at an affordable price at stonersmeds. All products are lab qualified and have premium quality.","og_url":"https:\/\/trustwhite.com\/pt\/shop\/buy-liquid-lsd-200ug-drop-online-2\/","og_site_name":"stonersmeds.com","article_modified_time":"2023-04-13T10:17:05+00:00","og_image":[{"width":600,"height":600,"url":"https:\/\/trustwhite.com\/wp-content\/uploads\/2022\/03\/buy-liquid-lsd-200ug-drop-online-cheap-1.jpg","type":"image\/jpeg"}],"twitter_card":"summary_large_image","twitter_misc":{"Tempo estimado de leitura":"3 minutos"},"schema":{"@context":"https:\/\/schema.org","@graph":[{"@type":"WebPage","@id":"https:\/\/trustwhite.com\/shop\/buy-liquid-lsd-200ug-drop-online-2\/","url":"https:\/\/trustwhite.com\/shop\/buy-liquid-lsd-200ug-drop-online-2\/","name":"Compre LSD l\u00edquido 200ug Drop Online - Pre\u00e7o barato, Grau A++","isPartOf":{"@id":"https:\/\/trustwhite.com\/el\/#website"},"primaryImageOfPage":{"@id":"https:\/\/trustwhite.com\/shop\/buy-liquid-lsd-200ug-drop-online-2\/#primaryimage"},"image":{"@id":"https:\/\/trustwhite.com\/shop\/buy-liquid-lsd-200ug-drop-online-2\/#primaryimage"},"thumbnailUrl":"https:\/\/trustwhite.com\/wp-content\/uploads\/2022\/03\/buy-liquid-lsd-200ug-drop-online-cheap-1.jpg","datePublished":"2022-03-12T08:32:10+00:00","dateModified":"2023-04-13T10:17:05+00:00","description":"Compre LSD l\u00edquido 200ug Online a um pre\u00e7o acess\u00edvel em stonersmeds. Todos os produtos s\u00e3o qualificados em laborat\u00f3rio e t\u00eam qualidade premium.","breadcrumb":{"@id":"https:\/\/trustwhite.com\/shop\/buy-liquid-lsd-200ug-drop-online-2\/#breadcrumb"},"inLanguage":"pt-PT","potentialAction":[{"@type":"ReadAction","target":["https:\/\/trustwhite.com\/shop\/buy-liquid-lsd-200ug-drop-online-2\/"]}]},{"@type":"ImageObject","inLanguage":"pt-PT","@id":"https:\/\/trustwhite.com\/shop\/buy-liquid-lsd-200ug-drop-online-2\/#primaryimage","url":"https:\/\/trustwhite.com\/wp-content\/uploads\/2022\/03\/buy-liquid-lsd-200ug-drop-online-cheap-1.jpg","contentUrl":"https:\/\/trustwhite.com\/wp-content\/uploads\/2022\/03\/buy-liquid-lsd-200ug-drop-online-cheap-1.jpg","width":600,"height":600},{"@type":"BreadcrumbList","@id":"https:\/\/trustwhite.com\/shop\/buy-liquid-lsd-200ug-drop-online-2\/#breadcrumb","itemListElement":[{"@type":"ListItem","position":1,"name":"Home","item":"https:\/\/trustwhite.com\/el\/"},{"@type":"ListItem","position":2,"name":"Shop","item":"https:\/\/trustwhite.com\/el\/shop\/"},{"@type":"ListItem","position":3,"name":"Buy liquid LSD 200ug Drop Online"}]},{"@type":"WebSite","@id":"https:\/\/trustwhite.com\/el\/#website","url":"https:\/\/trustwhite.com\/el\/","name":"stonersmeds. com","description":"verschreibungspflichtige Medizin kaufen","potentialAction":[{"@type":"SearchAction","target":{"@type":"EntryPoint","urlTemplate":"https:\/\/trustwhite.com\/el\/?s={search_term_string}"},"query-input":{"@type":"PropertyValueSpecification","valueRequired":true,"valueName":"search_term_string"}}],"inLanguage":"pt-PT"}]}},"_links":{"self":[{"href":"https:\/\/trustwhite.com\/pt\/wp-json\/wp\/v2\/product\/10606","targetHints":{"allow":["GET"]}}],"collection":[{"href":"https:\/\/trustwhite.com\/pt\/wp-json\/wp\/v2\/product"}],"about":[{"href":"https:\/\/trustwhite.com\/pt\/wp-json\/wp\/v2\/types\/product"}],"version-history":[{"count":0,"href":"https:\/\/trustwhite.com\/pt\/wp-json\/wp\/v2\/product\/10606\/revisions"}],"wp:featuredmedia":[{"embeddable":true,"href":"https:\/\/trustwhite.com\/pt\/wp-json\/wp\/v2\/media\/10617"}],"wp:attachment":[{"href":"https:\/\/trustwhite.com\/pt\/wp-json\/wp\/v2\/media?parent=10606"}],"wp:term":[{"taxonomy":"product_brand","embeddable":true,"href":"https:\/\/trustwhite.com\/pt\/wp-json\/wp\/v2\/product_brand?post=10606"},{"taxonomy":"product_cat","embeddable":true,"href":"https:\/\/trustwhite.com\/pt\/wp-json\/wp\/v2\/product_cat?post=10606"},{"taxonomy":"product_tag","embeddable":true,"href":"https:\/\/trustwhite.com\/pt\/wp-json\/wp\/v2\/product_tag?post=10606"}],"curies":[{"name":"wp","href":"https:\/\/api.w.org\/{rel}","templated":true}]}}