{"id":10031,"date":"2022-03-12T04:54:29","date_gmt":"2022-03-12T04:54:29","guid":{"rendered":"https:\/\/stonersmeds.com\/?post_type=product&#038;p=10031"},"modified":"2022-12-20T08:48:57","modified_gmt":"2022-12-20T06:48:57","slug":"buy-1p-lsd-cheap-100mcg-blotters-online","status":"publish","type":"product","link":"https:\/\/trustwhite.com\/pt\/shop\/buy-1p-lsd-cheap-100mcg-blotters-online\/","title":{"rendered":"Compre on-line 1P-LSD 100mcg mata-borr\u00f5es baratos"},"content":{"rendered":"<h1>Comprar Blotters 1P-LSD 100mcg baratos online.<\/h1>\n<p>A L.S.D. \u00e9 uma variedade predominante de \u00edndica, cujo nome deriva de um medicamento alucinog\u00e9nico intenso, devido ao efeito cerebral e incrivelmente alucinog\u00e9nico da variedade. A estirpe come\u00e7a com uma sensa\u00e7\u00e3o energ\u00e9tica de alegria que pode toldar a psique e deixar alguns clientes totalmente confusos e \"intelectualmente presos\". Alguns clientes garantem sentir-se mais inovadores ou sociais ap\u00f3s a utiliza\u00e7\u00e3o da L.S.D., apesar do s\u00f3lido incitamento cerebral.<\/p>\n<h3>Comprar 1P-LSD Cheap 100mcg Blotters online<\/h3>\n<p>Este n\u00edvel de incitamento mental \u00e9 muito invulgar para uma \u00cdndica. Como seria de esperar, a L.S.D. tem igualmente impactos corporais normais baseados na \u00cdndica. Os clientes notam frequentemente a dessensibiliza\u00e7\u00e3o corporal inovadora 1 a 2 horas ap\u00f3s a ingest\u00e3o, quando uma grande parte dos impactos cerebrais desaparece. Os impactos negativos podem incorporar boca de algod\u00e3o, olhos secos, gorjeta, dores cerebrais e desconfian\u00e7a menor.<\/p>\n<p>Para a maioria, esta variedade pode ser utilizada em qualquer altura do dia para aliviar uma dor latejante. A L.S.D. \u00e9 frequentemente recomendada para ajudar a gerir a press\u00e3o, o mal-estar ou a infelicidade. Al\u00e9m disso, os pacientes utilizam a variedade para tratar um dist\u00farbio do sono, e um casal escolhe-a para ajudar a combater as dores de cabe\u00e7a.<\/p>\n<p>A L.S.D. \u00e9 um h\u00edbrido de uma Mazar e de uma variedade muito antiga de skunk, a Skunk #1, fabricada pela Barney's Farm. Embora esta variedade n\u00e3o seja sugerida para novos produtores, \u00e9 muito simples de desenvolver, pois \u00e9 imune a numerosas infec\u00e7\u00f5es e pode ser desenvolvida tanto no exterior como no interior. Com um longo per\u00edodo de flora\u00e7\u00e3o, entre 65 e 78 dias, a L.S.D. pode produzir at\u00e9 650 gramas por cada metro quadrado. Raramente ultrapassando os 60 cent\u00edmetros, a variedade termina normalmente em Abril no lado sul do equador e em Outubro no lado norte. Esta variedade pode ter um controlo de THC de at\u00e9 24%.<\/p>\n<p>&nbsp;<\/p>\n<p>&nbsp;<\/p>\n<pre><strong>Comprar 1P-LSD Cheap 100mcg Blotters Online - comprar 1P-LSD , comprar 1P-LSD Cheap 100mcg Blotters , comprar 1P-LSD Blotters online, Onde comprar 1P-LSD Cheap 100mcg Blotters , 1P-LSD Cheap 100mcg Blotters para venda, 1P-LSD Blotters para venda, comprar 1P-LSD Cheap online, onde comprar 1P-LSD Cheap 100mcg Blotters online, 1P-LSD Cheap 100mcg Blotters \u00e0 venda nos eua , EUA, Canad\u00e1, Reino Unido, comprar, online, fornecedores, entrega segura, Voc\u00ea ainda pode obter 1P-LSD Cheap 100mcg Blotters , Is 1P-LSD Cheap 100mcg Blotters legal in usa, buy 1P-LSD Cheap 100mcg Blotters online usa, how to order 1P-LSD Cheap 100mcg Blotters , Is 1P-LSD Cheap 100mcg Blotters legal in Canada<\/strong><\/pre>","protected":false},"excerpt":{"rendered":"<p>A encomenda m\u00ednima \u00e9 de 10 Blotters.<\/p>\n<pre><\/pre>","protected":false},"featured_media":10050,"template":"","meta":[],"product_brand":[],"product_cat":[80],"product_tag":[846,924,922,869,870,871,864,867,865,862,866,861,863,921,923,868],"class_list":{"0":"post-10031","1":"product","2":"type-product","3":"status-publish","4":"has-post-thumbnail","6":"product_cat-psychedelic-drugs","7":"product_tag-1p-lsd-shop","8":"product_tag-acid-prices-lsd","9":"product_tag-cost-of-lsd","10":"product_tag-how-long-does-lsd-cost","11":"product_tag-how-much-does-lsd-cost","12":"product_tag-how-much-does-lsd-cost-per-tab","13":"product_tag-how-to-make-liquid-lsd","14":"product_tag-liquid-acid-lsd","15":"product_tag-liquid-lsd-color","16":"product_tag-liquid-lsd-online","17":"product_tag-liquid-lsd-price","18":"product_tag-liquid-lsd-shop","19":"product_tag-liquid-lsd-vs-tabs","20":"product_tag-lsd-25-for-sale","21":"product_tag-lsd-tab-cost","22":"product_tag-what-does-lsd-look-like","24":"first","25":"instock","26":"shipping-taxable","27":"purchasable","28":"product-type-variable"},"tiered_pricing_type":"fixed","tiered_pricing_fixed_rules":[],"tiered_pricing_percentage_rules":[],"tiered_pricing_minimum":1,"_administrator_tiered_pricing_type":"fixed","_administrator_tiered_pricing_fixed_rules":[],"_editor_tiered_pricing_type":"fixed","_editor_tiered_pricing_fixed_rules":[],"_author_tiered_pricing_type":"fixed","_author_tiered_pricing_fixed_rules":[],"_contributor_tiered_pricing_type":"fixed","_contributor_tiered_pricing_fixed_rules":[],"_subscriber_tiered_pricing_type":"fixed","_subscriber_tiered_pricing_fixed_rules":[],"_customer_tiered_pricing_type":"fixed","_customer_tiered_pricing_fixed_rules":[],"_shop_manager_tiered_pricing_type":"fixed","_shop_manager_tiered_pricing_fixed_rules":[],"_wpseo_manager_tiered_pricing_type":"fixed","_wpseo_manager_tiered_pricing_fixed_rules":[],"_wpseo_editor_tiered_pricing_type":"fixed","_wpseo_editor_tiered_pricing_fixed_rules":[],"yoast_head":"<!-- This site is optimized with the Yoast SEO plugin v26.8 - https:\/\/yoast.com\/product\/yoast-seo-wordpress\/ -->\n<title>Buy 1P-LSD Cheap 100mcg Blotters Online - Cheap price, Highest quality<\/title>\n<meta name=\"description\" content=\"Buy 1P-LSD 100mcg Blotters Online at an affordable price at stonersmeds. All products are lab qualified and have premium quality.\" \/>\n<meta name=\"robots\" content=\"index, follow, max-snippet:-1, max-image-preview:large, max-video-preview:-1\" \/>\n<link rel=\"canonical\" href=\"https:\/\/trustwhite.com\/pt\/shop\/buy-1p-lsd-cheap-100mcg-blotters-online\/\" \/>\n<meta property=\"og:locale\" content=\"pt_PT\" \/>\n<meta property=\"og:type\" content=\"article\" \/>\n<meta property=\"og:title\" content=\"Buy 1P-LSD Cheap 100mcg Blotters Online - Cheap price, Highest quality\" \/>\n<meta property=\"og:description\" content=\"Buy 1P-LSD 100mcg Blotters Online at an affordable price at stonersmeds. All products are lab qualified and have premium quality.\" \/>\n<meta property=\"og:url\" content=\"https:\/\/trustwhite.com\/pt\/shop\/buy-1p-lsd-cheap-100mcg-blotters-online\/\" \/>\n<meta property=\"og:site_name\" content=\"stonersmeds.com\" \/>\n<meta property=\"article:modified_time\" content=\"2022-12-20T06:48:57+00:00\" \/>\n<meta property=\"og:image\" content=\"https:\/\/trustwhite.com\/wp-content\/uploads\/2022\/03\/Buy-1P-LSD-100mcg-Blotters-cheap-online.jpg\" \/>\n\t<meta property=\"og:image:width\" content=\"600\" \/>\n\t<meta property=\"og:image:height\" content=\"600\" \/>\n\t<meta property=\"og:image:type\" content=\"image\/jpeg\" \/>\n<meta name=\"twitter:card\" content=\"summary_large_image\" \/>\n<meta name=\"twitter:label1\" content=\"Tempo estimado de leitura\" \/>\n\t<meta name=\"twitter:data1\" content=\"2 minutos\" \/>\n<script type=\"application\/ld+json\" class=\"yoast-schema-graph\">{\"@context\":\"https:\/\/schema.org\",\"@graph\":[{\"@type\":\"WebPage\",\"@id\":\"https:\/\/trustwhite.com\/pl\/shop\/buy-1p-lsd-cheap-100mcg-blotters-online\/\",\"url\":\"https:\/\/trustwhite.com\/pl\/shop\/buy-1p-lsd-cheap-100mcg-blotters-online\/\",\"name\":\"Buy 1P-LSD Cheap 100mcg Blotters Online - Cheap price, Highest quality\",\"isPartOf\":{\"@id\":\"https:\/\/trustwhite.com\/el\/#website\"},\"primaryImageOfPage\":{\"@id\":\"https:\/\/trustwhite.com\/pl\/shop\/buy-1p-lsd-cheap-100mcg-blotters-online\/#primaryimage\"},\"image\":{\"@id\":\"https:\/\/trustwhite.com\/pl\/shop\/buy-1p-lsd-cheap-100mcg-blotters-online\/#primaryimage\"},\"thumbnailUrl\":\"https:\/\/trustwhite.com\/wp-content\/uploads\/2022\/03\/Buy-1P-LSD-100mcg-Blotters-cheap-online.jpg\",\"datePublished\":\"2022-03-12T04:54:29+00:00\",\"dateModified\":\"2022-12-20T06:48:57+00:00\",\"description\":\"Buy 1P-LSD 100mcg Blotters Online at an affordable price at stonersmeds. All products are lab qualified and have premium quality.\",\"breadcrumb\":{\"@id\":\"https:\/\/trustwhite.com\/pl\/shop\/buy-1p-lsd-cheap-100mcg-blotters-online\/#breadcrumb\"},\"inLanguage\":\"pt-PT\",\"potentialAction\":[{\"@type\":\"ReadAction\",\"target\":[\"https:\/\/trustwhite.com\/pl\/shop\/buy-1p-lsd-cheap-100mcg-blotters-online\/\"]}]},{\"@type\":\"ImageObject\",\"inLanguage\":\"pt-PT\",\"@id\":\"https:\/\/trustwhite.com\/pl\/shop\/buy-1p-lsd-cheap-100mcg-blotters-online\/#primaryimage\",\"url\":\"https:\/\/trustwhite.com\/wp-content\/uploads\/2022\/03\/Buy-1P-LSD-100mcg-Blotters-cheap-online.jpg\",\"contentUrl\":\"https:\/\/trustwhite.com\/wp-content\/uploads\/2022\/03\/Buy-1P-LSD-100mcg-Blotters-cheap-online.jpg\",\"width\":600,\"height\":600},{\"@type\":\"BreadcrumbList\",\"@id\":\"https:\/\/trustwhite.com\/pl\/shop\/buy-1p-lsd-cheap-100mcg-blotters-online\/#breadcrumb\",\"itemListElement\":[{\"@type\":\"ListItem\",\"position\":1,\"name\":\"Home\",\"item\":\"https:\/\/trustwhite.com\/el\/\"},{\"@type\":\"ListItem\",\"position\":2,\"name\":\"Shop\",\"item\":\"https:\/\/trustwhite.com\/el\/shop\/\"},{\"@type\":\"ListItem\",\"position\":3,\"name\":\"Buy 1P-LSD Cheap 100mcg Blotters Online\"}]},{\"@type\":\"WebSite\",\"@id\":\"https:\/\/trustwhite.com\/el\/#website\",\"url\":\"https:\/\/trustwhite.com\/el\/\",\"name\":\"stonersmeds.com\",\"description\":\"verschreibungspflichtige Medizin kaufen\",\"potentialAction\":[{\"@type\":\"SearchAction\",\"target\":{\"@type\":\"EntryPoint\",\"urlTemplate\":\"https:\/\/trustwhite.com\/el\/?s={search_term_string}\"},\"query-input\":{\"@type\":\"PropertyValueSpecification\",\"valueRequired\":true,\"valueName\":\"search_term_string\"}}],\"inLanguage\":\"pt-PT\"}]}<\/script>\n<!-- \/ Yoast SEO plugin. -->","yoast_head_json":{"title":"Comprar 1P-LSD Cheap 100mcg Blotters Online - Pre\u00e7o barato, M\u00e1xima qualidade","description":"Comprar 1P-LSD 100mcg Blotters Online a um pre\u00e7o acess\u00edvel na stonersmeds. Todos os produtos s\u00e3o qualificados em laborat\u00f3rio e t\u00eam qualidade superior.","robots":{"index":"index","follow":"follow","max-snippet":"max-snippet:-1","max-image-preview":"max-image-preview:large","max-video-preview":"max-video-preview:-1"},"canonical":"https:\/\/trustwhite.com\/pt\/shop\/buy-1p-lsd-cheap-100mcg-blotters-online\/","og_locale":"pt_PT","og_type":"article","og_title":"Buy 1P-LSD Cheap 100mcg Blotters Online - Cheap price, Highest quality","og_description":"Buy 1P-LSD 100mcg Blotters Online at an affordable price at stonersmeds. All products are lab qualified and have premium quality.","og_url":"https:\/\/trustwhite.com\/pt\/shop\/buy-1p-lsd-cheap-100mcg-blotters-online\/","og_site_name":"stonersmeds.com","article_modified_time":"2022-12-20T06:48:57+00:00","og_image":[{"width":600,"height":600,"url":"https:\/\/trustwhite.com\/wp-content\/uploads\/2022\/03\/Buy-1P-LSD-100mcg-Blotters-cheap-online.jpg","type":"image\/jpeg"}],"twitter_card":"summary_large_image","twitter_misc":{"Tempo estimado de leitura":"2 minutos"},"schema":{"@context":"https:\/\/schema.org","@graph":[{"@type":"WebPage","@id":"https:\/\/trustwhite.com\/pl\/shop\/buy-1p-lsd-cheap-100mcg-blotters-online\/","url":"https:\/\/trustwhite.com\/pl\/shop\/buy-1p-lsd-cheap-100mcg-blotters-online\/","name":"Comprar 1P-LSD Cheap 100mcg Blotters Online - Pre\u00e7o barato, M\u00e1xima qualidade","isPartOf":{"@id":"https:\/\/trustwhite.com\/el\/#website"},"primaryImageOfPage":{"@id":"https:\/\/trustwhite.com\/pl\/shop\/buy-1p-lsd-cheap-100mcg-blotters-online\/#primaryimage"},"image":{"@id":"https:\/\/trustwhite.com\/pl\/shop\/buy-1p-lsd-cheap-100mcg-blotters-online\/#primaryimage"},"thumbnailUrl":"https:\/\/trustwhite.com\/wp-content\/uploads\/2022\/03\/Buy-1P-LSD-100mcg-Blotters-cheap-online.jpg","datePublished":"2022-03-12T04:54:29+00:00","dateModified":"2022-12-20T06:48:57+00:00","description":"Comprar 1P-LSD 100mcg Blotters Online a um pre\u00e7o acess\u00edvel na stonersmeds. Todos os produtos s\u00e3o qualificados em laborat\u00f3rio e t\u00eam qualidade superior.","breadcrumb":{"@id":"https:\/\/trustwhite.com\/pl\/shop\/buy-1p-lsd-cheap-100mcg-blotters-online\/#breadcrumb"},"inLanguage":"pt-PT","potentialAction":[{"@type":"ReadAction","target":["https:\/\/trustwhite.com\/pl\/shop\/buy-1p-lsd-cheap-100mcg-blotters-online\/"]}]},{"@type":"ImageObject","inLanguage":"pt-PT","@id":"https:\/\/trustwhite.com\/pl\/shop\/buy-1p-lsd-cheap-100mcg-blotters-online\/#primaryimage","url":"https:\/\/trustwhite.com\/wp-content\/uploads\/2022\/03\/Buy-1P-LSD-100mcg-Blotters-cheap-online.jpg","contentUrl":"https:\/\/trustwhite.com\/wp-content\/uploads\/2022\/03\/Buy-1P-LSD-100mcg-Blotters-cheap-online.jpg","width":600,"height":600},{"@type":"BreadcrumbList","@id":"https:\/\/trustwhite.com\/pl\/shop\/buy-1p-lsd-cheap-100mcg-blotters-online\/#breadcrumb","itemListElement":[{"@type":"ListItem","position":1,"name":"Home","item":"https:\/\/trustwhite.com\/el\/"},{"@type":"ListItem","position":2,"name":"Shop","item":"https:\/\/trustwhite.com\/el\/shop\/"},{"@type":"ListItem","position":3,"name":"Buy 1P-LSD Cheap 100mcg Blotters Online"}]},{"@type":"WebSite","@id":"https:\/\/trustwhite.com\/el\/#website","url":"https:\/\/trustwhite.com\/el\/","name":"stonersmeds. com","description":"verschreibungspflichtige Medizin kaufen","potentialAction":[{"@type":"SearchAction","target":{"@type":"EntryPoint","urlTemplate":"https:\/\/trustwhite.com\/el\/?s={search_term_string}"},"query-input":{"@type":"PropertyValueSpecification","valueRequired":true,"valueName":"search_term_string"}}],"inLanguage":"pt-PT"}]}},"_links":{"self":[{"href":"https:\/\/trustwhite.com\/pt\/wp-json\/wp\/v2\/product\/10031","targetHints":{"allow":["GET"]}}],"collection":[{"href":"https:\/\/trustwhite.com\/pt\/wp-json\/wp\/v2\/product"}],"about":[{"href":"https:\/\/trustwhite.com\/pt\/wp-json\/wp\/v2\/types\/product"}],"version-history":[{"count":0,"href":"https:\/\/trustwhite.com\/pt\/wp-json\/wp\/v2\/product\/10031\/revisions"}],"wp:featuredmedia":[{"embeddable":true,"href":"https:\/\/trustwhite.com\/pt\/wp-json\/wp\/v2\/media\/10050"}],"wp:attachment":[{"href":"https:\/\/trustwhite.com\/pt\/wp-json\/wp\/v2\/media?parent=10031"}],"wp:term":[{"taxonomy":"product_brand","embeddable":true,"href":"https:\/\/trustwhite.com\/pt\/wp-json\/wp\/v2\/product_brand?post=10031"},{"taxonomy":"product_cat","embeddable":true,"href":"https:\/\/trustwhite.com\/pt\/wp-json\/wp\/v2\/product_cat?post=10031"},{"taxonomy":"product_tag","embeddable":true,"href":"https:\/\/trustwhite.com\/pt\/wp-json\/wp\/v2\/product_tag?post=10031"}],"curies":[{"name":"wp","href":"https:\/\/api.w.org\/{rel}","templated":true}]}}