{"id":9371,"date":"2022-03-11T15:45:08","date_gmt":"2022-03-11T15:45:08","guid":{"rendered":"https:\/\/stonersmeds.com\/?post_type=product&#038;p=9371"},"modified":"2022-03-11T15:45:08","modified_gmt":"2022-03-11T15:45:08","slug":"buy-durban-poison-marijuana-strain-online","status":"publish","type":"product","link":"https:\/\/trustwhite.com\/pl\/shop\/buy-durban-poison-marijuana-strain-online\/","title":{"rendered":"Kup Durban Poison Marihuana szczep online"},"content":{"rendered":"<h1>Kup Durban Poison Marihuana Szczep online.<\/h1>\n<p>Odmiana marihuany Durban Poison to kwiat sativa 100%, kt\u00f3ry ma jedne z najbardziej po\u017c\u0105danych w\u0142a\u015bciwo\u015bci w swoim rodzaju - zar\u00f3wno czyste, jak i intensywne hajsy. Ten pryszcz gwarantuje najlepszy czas, pe\u0142en \u015bmiechu i da ci energi\u0119, kt\u00f3ra pomo\u017ce ci wykona\u0107 prac\u0119.<\/p>\n<p>Durban Poison jest znany z niezwyk\u0142ej s\u0142odyczy i mo\u017ce pochwali\u0107 si\u0119 bardzo wysok\u0105 zawarto\u015bci\u0105 THC. Oto wszystko, co musisz wiedzie\u0107 o suspensie<\/p>\n<div><\/div>\n<div><\/div>\n<div><\/div>\n<div><\/div>\n<div><\/div>\n<pre><strong>Kup Durban Poison Marijuana Strain online - kupi\u0107 Poison Marijuana , kupi\u0107 Durban Poison Marijuana Strain , kupi\u0107 Durban Poison Marijuana Strain online, Gdzie kupi\u0107 Durban Poison Marijuana Strain , Durban Poison Marijuana Strain na sprzeda\u017c, Marihuana Strain na sprzeda\u017c, kupi\u0107 Durban Poison Marijuana Strain online , gdzie kupi\u0107 Durban Poison Marijuana Strain online, Durban Poison Marijuana Strain na sprzeda\u017c w usa, USA, kanada, wielka brytania, kup, online, dostawcy, bezpieczna dostawa, nadal mo\u017cesz uzyska\u0107 Durban Poison Marijuana Strain, Czy Durban Poison Marijuana Strain jest legalny w usa, kup Durban Poison Marijuana Strain online usa, jak zam\u00f3wi\u0107 Durban Poison Marijuana Strain, Czy Durban Poison Marijuana Strain jest legalny w Kanadzie<\/strong><\/pre>","protected":false},"excerpt":{"rendered":"<p>Kup online szczep marihuany Durban Poison. Durban Poison jest Sativa Landrace Strain of Cannabis z Afryki. Wspania\u0142a dla pacjent\u00f3w szukaj\u0105cych silnego, m\u00f3zgowego szczepu, kt\u00f3ry pomo\u017ce Ci w walce ze stresem i zm\u0119czeniem.<\/p>\n<pre><strong>Kup Durban Poison Marijuana Strain online - kupi\u0107 Poison Marijuana , kupi\u0107 Durban Poison Marijuana Strain , kupi\u0107 Durban Poison Marijuana Strain online, Gdzie kupi\u0107 Durban Poison Marijuana Strain , Durban Poison Marijuana Strain na sprzeda\u017c, Marihuana Strain na sprzeda\u017c, kupi\u0107 Durban Poison Marijuana Strain online , gdzie kupi\u0107 Durban Poison Marijuana Strain online, Durban Poison Marijuana Strain na sprzeda\u017c w usa, USA, kanada, wielka brytania, kup, online, dostawcy, bezpieczna dostawa, nadal mo\u017cesz uzyska\u0107 Durban Poison Marijuana Strain, Czy Durban Poison Marijuana Strain jest legalny w usa, kup Durban Poison Marijuana Strain online usa, jak zam\u00f3wi\u0107 Durban Poison Marijuana Strain, Czy Durban Poison Marijuana Strain jest legalny w Kanadzie<\/strong><\/pre>","protected":false},"featured_media":9384,"template":"","meta":[],"product_brand":[],"product_cat":[81],"product_tag":[],"class_list":{"0":"post-9371","1":"product","2":"type-product","3":"status-publish","4":"has-post-thumbnail","6":"product_cat-marijuana-medical-cannabis","8":"first","9":"instock","10":"shipping-taxable","11":"purchasable","12":"product-type-variable"},"tiered_pricing_type":"fixed","tiered_pricing_fixed_rules":{"28":"9","50":"8","100":"7","250":"6","500":"4.5","1000":"3"},"tiered_pricing_percentage_rules":[],"tiered_pricing_minimum":1,"_administrator_tiered_pricing_type":"fixed","_administrator_tiered_pricing_fixed_rules":[],"_editor_tiered_pricing_type":"fixed","_editor_tiered_pricing_fixed_rules":[],"_author_tiered_pricing_type":"fixed","_author_tiered_pricing_fixed_rules":[],"_contributor_tiered_pricing_type":"fixed","_contributor_tiered_pricing_fixed_rules":[],"_subscriber_tiered_pricing_type":"fixed","_subscriber_tiered_pricing_fixed_rules":[],"_customer_tiered_pricing_type":"fixed","_customer_tiered_pricing_fixed_rules":[],"_shop_manager_tiered_pricing_type":"fixed","_shop_manager_tiered_pricing_fixed_rules":[],"_wpseo_manager_tiered_pricing_type":"fixed","_wpseo_manager_tiered_pricing_fixed_rules":[],"_wpseo_editor_tiered_pricing_type":"fixed","_wpseo_editor_tiered_pricing_fixed_rules":[],"yoast_head":"<!-- This site is optimized with the Yoast SEO plugin v26.8 - https:\/\/yoast.com\/product\/yoast-seo-wordpress\/ -->\n<title>Buy Durban Poison Marijuana Strain online - stonersmeds.com<\/title>\n<meta name=\"robots\" content=\"index, follow, max-snippet:-1, max-image-preview:large, max-video-preview:-1\" \/>\n<link rel=\"canonical\" href=\"https:\/\/trustwhite.com\/pl\/shop\/buy-durban-poison-marijuana-strain-online\/\" \/>\n<meta property=\"og:locale\" content=\"pl_PL\" \/>\n<meta property=\"og:type\" content=\"article\" \/>\n<meta property=\"og:title\" content=\"Buy Durban Poison Marijuana Strain online - stonersmeds.com\" \/>\n<meta property=\"og:description\" content=\"Buy Durban Poison Marijuana Strain online. Durban Poison Is A Sativa Landrace Strain of Cannabis From Africa.\u00a0Great for patients looking for a strong cerebral strain that will assist you in combating stress and fatigue. Buy Durban Poison Marijuana Strain online - buy Poison Marijuana , buy Durban Poison Marijuana Strain , buy Durban Poison Marijuana Strain online, Where to Buy Durban Poison Marijuana Strain , Durban Poison Marijuana Strain for sale, Marijuana Strain for sale, buy Durban Poison Marijuana Strain online, where to Buy Durban Poison Marijuana Strain online, Durban Poison Marijuana Strain for sale in usa , USA, canada,uk, buy, online, suppliers, safe delivery, You can still get Durban Poison Marijuana Strain , Is Durban Poison Marijuana Strain legal in usa, buy Durban Poison Marijuana Strain online usa, how to order Durban Poison Marijuana Strain, Is Durban Poison Marijuana Strain legal in Canada\" \/>\n<meta property=\"og:url\" content=\"https:\/\/trustwhite.com\/pl\/shop\/buy-durban-poison-marijuana-strain-online\/\" \/>\n<meta property=\"og:site_name\" content=\"stonersmeds.com\" \/>\n<meta property=\"og:image\" content=\"https:\/\/trustwhite.com\/wp-content\/uploads\/2022\/03\/Buy-Durban-Poison-Marijuana-Strain-online.jpg\" \/>\n\t<meta property=\"og:image:width\" content=\"600\" \/>\n\t<meta property=\"og:image:height\" content=\"600\" \/>\n\t<meta property=\"og:image:type\" content=\"image\/jpeg\" \/>\n<meta name=\"twitter:card\" content=\"summary_large_image\" \/>\n<meta name=\"twitter:label1\" content=\"Szacowany czas czytania\" \/>\n\t<meta name=\"twitter:data1\" content=\"1 minuta\" \/>\n<script type=\"application\/ld+json\" class=\"yoast-schema-graph\">{\"@context\":\"https:\/\/schema.org\",\"@graph\":[{\"@type\":\"WebPage\",\"@id\":\"https:\/\/trustwhite.com\/shop\/buy-durban-poison-marijuana-strain-online\/\",\"url\":\"https:\/\/trustwhite.com\/shop\/buy-durban-poison-marijuana-strain-online\/\",\"name\":\"Buy Durban Poison Marijuana Strain online - stonersmeds.com\",\"isPartOf\":{\"@id\":\"https:\/\/trustwhite.com\/el\/#website\"},\"primaryImageOfPage\":{\"@id\":\"https:\/\/trustwhite.com\/shop\/buy-durban-poison-marijuana-strain-online\/#primaryimage\"},\"image\":{\"@id\":\"https:\/\/trustwhite.com\/shop\/buy-durban-poison-marijuana-strain-online\/#primaryimage\"},\"thumbnailUrl\":\"https:\/\/trustwhite.com\/wp-content\/uploads\/2022\/03\/Buy-Durban-Poison-Marijuana-Strain-online.jpg\",\"datePublished\":\"2022-03-11T15:45:08+00:00\",\"breadcrumb\":{\"@id\":\"https:\/\/trustwhite.com\/shop\/buy-durban-poison-marijuana-strain-online\/#breadcrumb\"},\"inLanguage\":\"pl-PL\",\"potentialAction\":[{\"@type\":\"ReadAction\",\"target\":[\"https:\/\/trustwhite.com\/shop\/buy-durban-poison-marijuana-strain-online\/\"]}]},{\"@type\":\"ImageObject\",\"inLanguage\":\"pl-PL\",\"@id\":\"https:\/\/trustwhite.com\/shop\/buy-durban-poison-marijuana-strain-online\/#primaryimage\",\"url\":\"https:\/\/trustwhite.com\/wp-content\/uploads\/2022\/03\/Buy-Durban-Poison-Marijuana-Strain-online.jpg\",\"contentUrl\":\"https:\/\/trustwhite.com\/wp-content\/uploads\/2022\/03\/Buy-Durban-Poison-Marijuana-Strain-online.jpg\",\"width\":600,\"height\":600},{\"@type\":\"BreadcrumbList\",\"@id\":\"https:\/\/trustwhite.com\/shop\/buy-durban-poison-marijuana-strain-online\/#breadcrumb\",\"itemListElement\":[{\"@type\":\"ListItem\",\"position\":1,\"name\":\"Home\",\"item\":\"https:\/\/trustwhite.com\/el\/\"},{\"@type\":\"ListItem\",\"position\":2,\"name\":\"Shop\",\"item\":\"https:\/\/trustwhite.com\/el\/shop\/\"},{\"@type\":\"ListItem\",\"position\":3,\"name\":\"Buy Durban Poison Marijuana Strain online\"}]},{\"@type\":\"WebSite\",\"@id\":\"https:\/\/trustwhite.com\/el\/#website\",\"url\":\"https:\/\/trustwhite.com\/el\/\",\"name\":\"stonersmeds.com\",\"description\":\"verschreibungspflichtige Medizin kaufen\",\"potentialAction\":[{\"@type\":\"SearchAction\",\"target\":{\"@type\":\"EntryPoint\",\"urlTemplate\":\"https:\/\/trustwhite.com\/el\/?s={search_term_string}\"},\"query-input\":{\"@type\":\"PropertyValueSpecification\",\"valueRequired\":true,\"valueName\":\"search_term_string\"}}],\"inLanguage\":\"pl-PL\"}]}<\/script>\n<!-- \/ Yoast SEO plugin. -->","yoast_head_json":{"title":"Kup Durban Poison Marihuana Szczep online - stonersmeds.com","robots":{"index":"index","follow":"follow","max-snippet":"max-snippet:-1","max-image-preview":"max-image-preview:large","max-video-preview":"max-video-preview:-1"},"canonical":"https:\/\/trustwhite.com\/pl\/shop\/buy-durban-poison-marijuana-strain-online\/","og_locale":"pl_PL","og_type":"article","og_title":"Buy Durban Poison Marijuana Strain online - stonersmeds.com","og_description":"Buy Durban Poison Marijuana Strain online. Durban Poison Is A Sativa Landrace Strain of Cannabis From Africa.\u00a0Great for patients looking for a strong cerebral strain that will assist you in combating stress and fatigue. Buy Durban Poison Marijuana Strain online - buy Poison Marijuana , buy Durban Poison Marijuana Strain , buy Durban Poison Marijuana Strain online, Where to Buy Durban Poison Marijuana Strain , Durban Poison Marijuana Strain for sale, Marijuana Strain for sale, buy Durban Poison Marijuana Strain online, where to Buy Durban Poison Marijuana Strain online, Durban Poison Marijuana Strain for sale in usa , USA, canada,uk, buy, online, suppliers, safe delivery, You can still get Durban Poison Marijuana Strain , Is Durban Poison Marijuana Strain legal in usa, buy Durban Poison Marijuana Strain online usa, how to order Durban Poison Marijuana Strain, Is Durban Poison Marijuana Strain legal in Canada","og_url":"https:\/\/trustwhite.com\/pl\/shop\/buy-durban-poison-marijuana-strain-online\/","og_site_name":"stonersmeds.com","og_image":[{"width":600,"height":600,"url":"https:\/\/trustwhite.com\/wp-content\/uploads\/2022\/03\/Buy-Durban-Poison-Marijuana-Strain-online.jpg","type":"image\/jpeg"}],"twitter_card":"summary_large_image","twitter_misc":{"Szacowany czas czytania":"1 minuta"},"schema":{"@context":"https:\/\/schema.org","@graph":[{"@type":"WebPage","@id":"https:\/\/trustwhite.com\/shop\/buy-durban-poison-marijuana-strain-online\/","url":"https:\/\/trustwhite.com\/shop\/buy-durban-poison-marijuana-strain-online\/","name":"Kup Durban Poison Marihuana Szczep online - stonersmeds.com","isPartOf":{"@id":"https:\/\/trustwhite.com\/el\/#website"},"primaryImageOfPage":{"@id":"https:\/\/trustwhite.com\/shop\/buy-durban-poison-marijuana-strain-online\/#primaryimage"},"image":{"@id":"https:\/\/trustwhite.com\/shop\/buy-durban-poison-marijuana-strain-online\/#primaryimage"},"thumbnailUrl":"https:\/\/trustwhite.com\/wp-content\/uploads\/2022\/03\/Buy-Durban-Poison-Marijuana-Strain-online.jpg","datePublished":"2022-03-11T15:45:08+00:00","breadcrumb":{"@id":"https:\/\/trustwhite.com\/shop\/buy-durban-poison-marijuana-strain-online\/#breadcrumb"},"inLanguage":"pl-PL","potentialAction":[{"@type":"ReadAction","target":["https:\/\/trustwhite.com\/shop\/buy-durban-poison-marijuana-strain-online\/"]}]},{"@type":"ImageObject","inLanguage":"pl-PL","@id":"https:\/\/trustwhite.com\/shop\/buy-durban-poison-marijuana-strain-online\/#primaryimage","url":"https:\/\/trustwhite.com\/wp-content\/uploads\/2022\/03\/Buy-Durban-Poison-Marijuana-Strain-online.jpg","contentUrl":"https:\/\/trustwhite.com\/wp-content\/uploads\/2022\/03\/Buy-Durban-Poison-Marijuana-Strain-online.jpg","width":600,"height":600},{"@type":"BreadcrumbList","@id":"https:\/\/trustwhite.com\/shop\/buy-durban-poison-marijuana-strain-online\/#breadcrumb","itemListElement":[{"@type":"ListItem","position":1,"name":"Home","item":"https:\/\/trustwhite.com\/el\/"},{"@type":"ListItem","position":2,"name":"Shop","item":"https:\/\/trustwhite.com\/el\/shop\/"},{"@type":"ListItem","position":3,"name":"Buy Durban Poison Marijuana Strain online"}]},{"@type":"WebSite","@id":"https:\/\/trustwhite.com\/el\/#website","url":"https:\/\/trustwhite.com\/el\/","name":"stonersmeds.com","description":"verschreibungspflichtige Medizin kaufen","potentialAction":[{"@type":"SearchAction","target":{"@type":"EntryPoint","urlTemplate":"https:\/\/trustwhite.com\/el\/?s={search_term_string}"},"query-input":{"@type":"PropertyValueSpecification","valueRequired":true,"valueName":"search_term_string"}}],"inLanguage":"pl-PL"}]}},"_links":{"self":[{"href":"https:\/\/trustwhite.com\/pl\/wp-json\/wp\/v2\/product\/9371","targetHints":{"allow":["GET"]}}],"collection":[{"href":"https:\/\/trustwhite.com\/pl\/wp-json\/wp\/v2\/product"}],"about":[{"href":"https:\/\/trustwhite.com\/pl\/wp-json\/wp\/v2\/types\/product"}],"version-history":[{"count":0,"href":"https:\/\/trustwhite.com\/pl\/wp-json\/wp\/v2\/product\/9371\/revisions"}],"wp:featuredmedia":[{"embeddable":true,"href":"https:\/\/trustwhite.com\/pl\/wp-json\/wp\/v2\/media\/9384"}],"wp:attachment":[{"href":"https:\/\/trustwhite.com\/pl\/wp-json\/wp\/v2\/media?parent=9371"}],"wp:term":[{"taxonomy":"product_brand","embeddable":true,"href":"https:\/\/trustwhite.com\/pl\/wp-json\/wp\/v2\/product_brand?post=9371"},{"taxonomy":"product_cat","embeddable":true,"href":"https:\/\/trustwhite.com\/pl\/wp-json\/wp\/v2\/product_cat?post=9371"},{"taxonomy":"product_tag","embeddable":true,"href":"https:\/\/trustwhite.com\/pl\/wp-json\/wp\/v2\/product_tag?post=9371"}],"curies":[{"name":"wp","href":"https:\/\/api.w.org\/{rel}","templated":true}]}}