{"id":9238,"date":"2022-03-11T14:55:27","date_gmt":"2022-03-11T14:55:27","guid":{"rendered":"https:\/\/stonersmeds.com\/?post_type=product&#038;p=9238"},"modified":"2022-11-20T02:00:26","modified_gmt":"2022-11-20T00:00:26","slug":"buy-agent-orange-marijuana-strain-online","status":"publish","type":"product","link":"https:\/\/trustwhite.com\/pl\/shop\/buy-agent-orange-marijuana-strain-online\/","title":{"rendered":"Kup szczep Agent Orange Marihuana Online"},"content":{"rendered":"<h1>Kup szczep Agent Orange Marihuana Online.<\/h1>\n<p>W zwi\u0105zku z tym, \u017ce nie jest to jedyny spos\u00f3b, aby wyobrazi\u0107 sobie odleg\u0142e brzegi morza, tragicznie zaginione sanktuaria i jedzenie tak wspania\u0142e, \u017ce nigdy nie b\u0119dziesz musia\u0142 je\u015b\u0107 niczego innego - to jest jedno podej\u015bcie do fantazjowania o Azji. Z drugiej strony mo\u017cesz spr\u00f3bowa\u0107 tego niewyobra\u017calnie rzadkiego i energetyzuj\u0105cego szczepu i to mo\u017ce by\u0107 wszystko, czego potrzebujesz. Azjatycka pomara\u0144cza przez pewien czas mia\u0142a zosta\u0107 zlikwidowana ze wzgl\u0119du na zbyt krytyczne rozmna\u017canie i super tajne cechy dziedziczne, jednak dzi\u0119ki zdecydowanym fanatykom tej gin\u0105cej rasy, wszyscy mo\u017cecie mie\u0107 pewno\u015b\u0107, \u017ce ona w og\u00f3le istnieje.<\/p>\n<p>To, co zosta\u0142o rozwi\u0105zane, niezale\u017cnie od braku potwierdzenia pochodzenia, to fakt, \u017ce jest to solidna Sativa z szeroko rozpowszechnion\u0105 norm\u0105 THC gdzie\u015b w zakresie 17% i 24%. Mimo, \u017ce mo\u017cna by uzna\u0107, \u017ce nazwa \"Asian Orange\" pochodzi od jej niejasno\u015bci, prawie na pewno ogromne, faliste p\u0105ki pokryte ciemnoczerwonymi w\u0142oskami i lokalne azjatyckie korzenie mog\u0105 mie\u0107 z tym co\u015b wsp\u00f3lnego. Te rozkoszne kubki s\u0105 s\u0142odkie i cierpkie z aromatem sk\u00f3rki i cytryny. Og\u00f3lny wygl\u0105d ma przypomina\u0107 hak homara, co sprawia, \u017ce jest to co\u015b innego ni\u017c wilgotny p\u0105k, a jednak jest to widok godny uwagi.<\/p>\n<p>Haj jest uwa\u017cany za trippy i przemy\u015blany, ale stymuluj\u0105cy. Poczujesz natychmiastowy wzrost inwencji i temperamentu, daj\u0105c ci dreszcze na ca\u0142ym ciele, kt\u00f3re zaczynaj\u0105 si\u0119 w twoim umy\u015ble i dzia\u0142a ich drog\u0119 do swoich przydatk\u00f3w. Blask b\u0119dzie rozprzestrzenia\u0107 si\u0119 do centrum, jak twoje cia\u0142o zaczyna si\u0119 ca\u0142kowicie zrelaksowa\u0107, w ka\u017cdym razie na tym etapie nie jest wyj\u0105tkowy, aby uzyska\u0107 podekscytowany. W przypadku, gdy jeste\u015b skutecznie przekonany, ten szczep jest niesamowit\u0105 hiszpa\u0144sk\u0105 much\u0105. Si\u0142a tego szczepu przychodzi falami i jest wyj\u0105tkowo psychoaktywna, wi\u0119c nie jest przepisywana dla os\u00f3b, kt\u00f3re s\u0105 podatne na podejrzenia lub loty umys\u0142owe.<\/p>\n<p>&nbsp;<\/p>\n<p>&nbsp;<\/p>\n<p>&nbsp;<\/p>\n<p>&nbsp;<\/p>\n<pre><strong>Kup Agent Orange Marijuana Strain Online - kup Orange Marijuana, kup Agent Orange Marijuana Strain, kup Orange Marijuana Strain online, Gdzie kupi\u0107 Agent Orange Marijuana Strain, Agent Orange Marijuana Strain na sprzeda\u017c, Agent Orange Marijuana Strain na sprzeda\u017c, kup Marijuana Strain online, gdzie kupi\u0107 Agent Orange Marijuana Strain online, Agent Orange Marijuana Strain na sprzeda\u017c w USA, USA, Kanada, Wielka Brytania, kup online, dostawcy, bezpieczna dostawa, Nadal mo\u017cesz uzyska\u0107 Agent Orange Marijuana Strain, Czy Agent Orange Marijuana Strain jest legalny w USA , kup Agent Orange Marijuana Strain online usa, jak zam\u00f3wi\u0107 Agent Orange Marijuana Strain , Czy Agent Orange Marijuana Strain jest legalny w Kanadzie<\/strong><\/pre>","protected":false},"excerpt":{"rendered":"<p>Kup online odmian\u0119 marihuany Agent Orange. Agent Orange Odmiana Marihuany\u00a0<span class=\"hidden-xs\">jest Sativa Dominant Hybrid - 75% Sativa \/ 25% Indica THC: 25%<\/span><\/p>\n<pre><strong>Kup Agent Orange Marijuana Strain Online - kup Orange Marijuana, kup Agent Orange Marijuana Strain, kup Orange Marijuana Strain online, Gdzie kupi\u0107 Agent Orange Marijuana Strain, Agent Orange Marijuana Strain na sprzeda\u017c, Agent Orange Marijuana Strain na sprzeda\u017c, kup Marijuana Strain online, gdzie kupi\u0107 Agent Orange Marijuana Strain online, Agent Orange Marijuana Strain na sprzeda\u017c w USA, USA, Kanada, Wielka Brytania, kup online, dostawcy, bezpieczna dostawa, Nadal mo\u017cesz uzyska\u0107 Agent Orange Marijuana Strain, Czy Agent Orange Marijuana Strain jest legalny w USA , kup Agent Orange Marijuana Strain online usa, jak zam\u00f3wi\u0107 Agent Orange Marijuana Strain , Czy Agent Orange Marijuana Strain jest legalny w Kanadzie<\/strong><\/pre>","protected":false},"featured_media":9252,"template":"","meta":[],"product_brand":[],"product_cat":[81],"product_tag":[],"class_list":{"0":"post-9238","1":"product","2":"type-product","3":"status-publish","4":"has-post-thumbnail","6":"product_cat-marijuana-medical-cannabis","8":"first","9":"instock","10":"shipping-taxable","11":"purchasable","12":"product-type-variable"},"tiered_pricing_type":"fixed","tiered_pricing_fixed_rules":{"28":"9","50":"8","100":"7","250":"6","500":"4.5","1000":"3"},"tiered_pricing_percentage_rules":[],"tiered_pricing_minimum":1,"_administrator_tiered_pricing_type":"fixed","_administrator_tiered_pricing_fixed_rules":[],"_editor_tiered_pricing_type":"fixed","_editor_tiered_pricing_fixed_rules":[],"_author_tiered_pricing_type":"fixed","_author_tiered_pricing_fixed_rules":[],"_contributor_tiered_pricing_type":"fixed","_contributor_tiered_pricing_fixed_rules":[],"_subscriber_tiered_pricing_type":"fixed","_subscriber_tiered_pricing_fixed_rules":[],"_customer_tiered_pricing_type":"fixed","_customer_tiered_pricing_fixed_rules":[],"_shop_manager_tiered_pricing_type":"fixed","_shop_manager_tiered_pricing_fixed_rules":[],"_wpseo_manager_tiered_pricing_type":"fixed","_wpseo_manager_tiered_pricing_fixed_rules":[],"_wpseo_editor_tiered_pricing_type":"fixed","_wpseo_editor_tiered_pricing_fixed_rules":[],"yoast_head":"<!-- This site is optimized with the Yoast SEO plugin v26.8 - https:\/\/yoast.com\/product\/yoast-seo-wordpress\/ -->\n<title>Buy Agent Orange Marijuana Strain Online - stonersmeds.com<\/title>\n<meta name=\"robots\" content=\"index, follow, max-snippet:-1, max-image-preview:large, max-video-preview:-1\" \/>\n<link rel=\"canonical\" href=\"https:\/\/trustwhite.com\/pl\/shop\/buy-agent-orange-marijuana-strain-online\/\" \/>\n<meta property=\"og:locale\" content=\"pl_PL\" \/>\n<meta property=\"og:type\" content=\"article\" \/>\n<meta property=\"og:title\" content=\"Buy Agent Orange Marijuana Strain Online - stonersmeds.com\" \/>\n<meta property=\"og:description\" content=\"Buy Agent Orange Marijuana Strain Online.\u00a0Agent Orange Marijuana Strain\u00a0is Sativa Dominant Hybrid \u2013 75% Sativa \/ 25% Indica THC: 25% Buy Agent Orange Marijuana Strain Online - buy Orange Marijuana, buy Agent Orange Marijuana Strain , buy Orange Marijuana Strain online, Where to Buy Agent Orange Marijuana Strain , Agent Orange Marijuana Strain for sale, Agent Orange Marijuana Strain for sale, buy Marijuana Strain online, where to Buy Agent Orange Marijuana Strain online, Agent Orange Marijuana Strain for sale in usa , USA, canada,uk, buy, online, suppliers, safe delivery, You can still get Agent Orange Marijuana Strain , Is Agent Orange Marijuana Strain legal in usa, buy Agent Orange Marijuana Strain online usa, how to order Agent Orange Marijuana Strain , Is Agent Orange Marijuana Strain legal in Canada\" \/>\n<meta property=\"og:url\" content=\"https:\/\/trustwhite.com\/pl\/shop\/buy-agent-orange-marijuana-strain-online\/\" \/>\n<meta property=\"og:site_name\" content=\"stonersmeds.com\" \/>\n<meta property=\"article:modified_time\" content=\"2022-11-20T00:00:26+00:00\" \/>\n<meta property=\"og:image\" content=\"https:\/\/trustwhite.com\/wp-content\/uploads\/2022\/03\/Buy-Agent-Orange-Marijuana-Strain-Online.jpg\" \/>\n\t<meta property=\"og:image:width\" content=\"600\" \/>\n\t<meta property=\"og:image:height\" content=\"600\" \/>\n\t<meta property=\"og:image:type\" content=\"image\/jpeg\" \/>\n<meta name=\"twitter:card\" content=\"summary_large_image\" \/>\n<meta name=\"twitter:label1\" content=\"Szacowany czas czytania\" \/>\n\t<meta name=\"twitter:data1\" content=\"2 minuty\" \/>\n<script type=\"application\/ld+json\" class=\"yoast-schema-graph\">{\"@context\":\"https:\/\/schema.org\",\"@graph\":[{\"@type\":\"WebPage\",\"@id\":\"https:\/\/trustwhite.com\/shop\/buy-agent-orange-marijuana-strain-online\/\",\"url\":\"https:\/\/trustwhite.com\/shop\/buy-agent-orange-marijuana-strain-online\/\",\"name\":\"Buy Agent Orange Marijuana Strain Online - stonersmeds.com\",\"isPartOf\":{\"@id\":\"https:\/\/trustwhite.com\/el\/#website\"},\"primaryImageOfPage\":{\"@id\":\"https:\/\/trustwhite.com\/shop\/buy-agent-orange-marijuana-strain-online\/#primaryimage\"},\"image\":{\"@id\":\"https:\/\/trustwhite.com\/shop\/buy-agent-orange-marijuana-strain-online\/#primaryimage\"},\"thumbnailUrl\":\"https:\/\/trustwhite.com\/wp-content\/uploads\/2022\/03\/Buy-Agent-Orange-Marijuana-Strain-Online.jpg\",\"datePublished\":\"2022-03-11T14:55:27+00:00\",\"dateModified\":\"2022-11-20T00:00:26+00:00\",\"breadcrumb\":{\"@id\":\"https:\/\/trustwhite.com\/shop\/buy-agent-orange-marijuana-strain-online\/#breadcrumb\"},\"inLanguage\":\"pl-PL\",\"potentialAction\":[{\"@type\":\"ReadAction\",\"target\":[\"https:\/\/trustwhite.com\/shop\/buy-agent-orange-marijuana-strain-online\/\"]}]},{\"@type\":\"ImageObject\",\"inLanguage\":\"pl-PL\",\"@id\":\"https:\/\/trustwhite.com\/shop\/buy-agent-orange-marijuana-strain-online\/#primaryimage\",\"url\":\"https:\/\/trustwhite.com\/wp-content\/uploads\/2022\/03\/Buy-Agent-Orange-Marijuana-Strain-Online.jpg\",\"contentUrl\":\"https:\/\/trustwhite.com\/wp-content\/uploads\/2022\/03\/Buy-Agent-Orange-Marijuana-Strain-Online.jpg\",\"width\":600,\"height\":600},{\"@type\":\"BreadcrumbList\",\"@id\":\"https:\/\/trustwhite.com\/shop\/buy-agent-orange-marijuana-strain-online\/#breadcrumb\",\"itemListElement\":[{\"@type\":\"ListItem\",\"position\":1,\"name\":\"Home\",\"item\":\"https:\/\/trustwhite.com\/el\/\"},{\"@type\":\"ListItem\",\"position\":2,\"name\":\"Shop\",\"item\":\"https:\/\/trustwhite.com\/el\/shop\/\"},{\"@type\":\"ListItem\",\"position\":3,\"name\":\"Buy Agent Orange Marijuana Strain Online\"}]},{\"@type\":\"WebSite\",\"@id\":\"https:\/\/trustwhite.com\/el\/#website\",\"url\":\"https:\/\/trustwhite.com\/el\/\",\"name\":\"stonersmeds.com\",\"description\":\"verschreibungspflichtige Medizin kaufen\",\"potentialAction\":[{\"@type\":\"SearchAction\",\"target\":{\"@type\":\"EntryPoint\",\"urlTemplate\":\"https:\/\/trustwhite.com\/el\/?s={search_term_string}\"},\"query-input\":{\"@type\":\"PropertyValueSpecification\",\"valueRequired\":true,\"valueName\":\"search_term_string\"}}],\"inLanguage\":\"pl-PL\"}]}<\/script>\n<!-- \/ Yoast SEO plugin. -->","yoast_head_json":{"title":"Kup szczep Agent Orange Marihuana Online - stonersmeds.com","robots":{"index":"index","follow":"follow","max-snippet":"max-snippet:-1","max-image-preview":"max-image-preview:large","max-video-preview":"max-video-preview:-1"},"canonical":"https:\/\/trustwhite.com\/pl\/shop\/buy-agent-orange-marijuana-strain-online\/","og_locale":"pl_PL","og_type":"article","og_title":"Buy Agent Orange Marijuana Strain Online - stonersmeds.com","og_description":"Buy Agent Orange Marijuana Strain Online.\u00a0Agent Orange Marijuana Strain\u00a0is Sativa Dominant Hybrid \u2013 75% Sativa \/ 25% Indica THC: 25% Buy Agent Orange Marijuana Strain Online - buy Orange Marijuana, buy Agent Orange Marijuana Strain , buy Orange Marijuana Strain online, Where to Buy Agent Orange Marijuana Strain , Agent Orange Marijuana Strain for sale, Agent Orange Marijuana Strain for sale, buy Marijuana Strain online, where to Buy Agent Orange Marijuana Strain online, Agent Orange Marijuana Strain for sale in usa , USA, canada,uk, buy, online, suppliers, safe delivery, You can still get Agent Orange Marijuana Strain , Is Agent Orange Marijuana Strain legal in usa, buy Agent Orange Marijuana Strain online usa, how to order Agent Orange Marijuana Strain , Is Agent Orange Marijuana Strain legal in Canada","og_url":"https:\/\/trustwhite.com\/pl\/shop\/buy-agent-orange-marijuana-strain-online\/","og_site_name":"stonersmeds.com","article_modified_time":"2022-11-20T00:00:26+00:00","og_image":[{"width":600,"height":600,"url":"https:\/\/trustwhite.com\/wp-content\/uploads\/2022\/03\/Buy-Agent-Orange-Marijuana-Strain-Online.jpg","type":"image\/jpeg"}],"twitter_card":"summary_large_image","twitter_misc":{"Szacowany czas czytania":"2 minuty"},"schema":{"@context":"https:\/\/schema.org","@graph":[{"@type":"WebPage","@id":"https:\/\/trustwhite.com\/shop\/buy-agent-orange-marijuana-strain-online\/","url":"https:\/\/trustwhite.com\/shop\/buy-agent-orange-marijuana-strain-online\/","name":"Kup szczep Agent Orange Marihuana Online - stonersmeds.com","isPartOf":{"@id":"https:\/\/trustwhite.com\/el\/#website"},"primaryImageOfPage":{"@id":"https:\/\/trustwhite.com\/shop\/buy-agent-orange-marijuana-strain-online\/#primaryimage"},"image":{"@id":"https:\/\/trustwhite.com\/shop\/buy-agent-orange-marijuana-strain-online\/#primaryimage"},"thumbnailUrl":"https:\/\/trustwhite.com\/wp-content\/uploads\/2022\/03\/Buy-Agent-Orange-Marijuana-Strain-Online.jpg","datePublished":"2022-03-11T14:55:27+00:00","dateModified":"2022-11-20T00:00:26+00:00","breadcrumb":{"@id":"https:\/\/trustwhite.com\/shop\/buy-agent-orange-marijuana-strain-online\/#breadcrumb"},"inLanguage":"pl-PL","potentialAction":[{"@type":"ReadAction","target":["https:\/\/trustwhite.com\/shop\/buy-agent-orange-marijuana-strain-online\/"]}]},{"@type":"ImageObject","inLanguage":"pl-PL","@id":"https:\/\/trustwhite.com\/shop\/buy-agent-orange-marijuana-strain-online\/#primaryimage","url":"https:\/\/trustwhite.com\/wp-content\/uploads\/2022\/03\/Buy-Agent-Orange-Marijuana-Strain-Online.jpg","contentUrl":"https:\/\/trustwhite.com\/wp-content\/uploads\/2022\/03\/Buy-Agent-Orange-Marijuana-Strain-Online.jpg","width":600,"height":600},{"@type":"BreadcrumbList","@id":"https:\/\/trustwhite.com\/shop\/buy-agent-orange-marijuana-strain-online\/#breadcrumb","itemListElement":[{"@type":"ListItem","position":1,"name":"Home","item":"https:\/\/trustwhite.com\/el\/"},{"@type":"ListItem","position":2,"name":"Shop","item":"https:\/\/trustwhite.com\/el\/shop\/"},{"@type":"ListItem","position":3,"name":"Buy Agent Orange Marijuana Strain Online"}]},{"@type":"WebSite","@id":"https:\/\/trustwhite.com\/el\/#website","url":"https:\/\/trustwhite.com\/el\/","name":"stonersmeds.com","description":"verschreibungspflichtige Medizin kaufen","potentialAction":[{"@type":"SearchAction","target":{"@type":"EntryPoint","urlTemplate":"https:\/\/trustwhite.com\/el\/?s={search_term_string}"},"query-input":{"@type":"PropertyValueSpecification","valueRequired":true,"valueName":"search_term_string"}}],"inLanguage":"pl-PL"}]}},"_links":{"self":[{"href":"https:\/\/trustwhite.com\/pl\/wp-json\/wp\/v2\/product\/9238","targetHints":{"allow":["GET"]}}],"collection":[{"href":"https:\/\/trustwhite.com\/pl\/wp-json\/wp\/v2\/product"}],"about":[{"href":"https:\/\/trustwhite.com\/pl\/wp-json\/wp\/v2\/types\/product"}],"version-history":[{"count":0,"href":"https:\/\/trustwhite.com\/pl\/wp-json\/wp\/v2\/product\/9238\/revisions"}],"wp:featuredmedia":[{"embeddable":true,"href":"https:\/\/trustwhite.com\/pl\/wp-json\/wp\/v2\/media\/9252"}],"wp:attachment":[{"href":"https:\/\/trustwhite.com\/pl\/wp-json\/wp\/v2\/media?parent=9238"}],"wp:term":[{"taxonomy":"product_brand","embeddable":true,"href":"https:\/\/trustwhite.com\/pl\/wp-json\/wp\/v2\/product_brand?post=9238"},{"taxonomy":"product_cat","embeddable":true,"href":"https:\/\/trustwhite.com\/pl\/wp-json\/wp\/v2\/product_cat?post=9238"},{"taxonomy":"product_tag","embeddable":true,"href":"https:\/\/trustwhite.com\/pl\/wp-json\/wp\/v2\/product_tag?post=9238"}],"curies":[{"name":"wp","href":"https:\/\/api.w.org\/{rel}","templated":true}]}}