{"id":9218,"date":"2022-03-11T14:48:47","date_gmt":"2022-03-11T14:48:47","guid":{"rendered":"https:\/\/stonersmeds.com\/?post_type=product&#038;p=9218"},"modified":"2023-01-04T10:57:28","modified_gmt":"2023-01-04T08:57:28","slug":"buy-k2-paper-online","status":"publish","type":"product","link":"https:\/\/trustwhite.com\/pl\/shop\/buy-k2-paper-online\/","title":{"rendered":"Kup papier K2 online"},"content":{"rendered":"<h1>Otrzymuj tanie arkusze papieru K2&lt; dostarczane do Twoich drzwi<\/h1>\n<p><strong>Kup papier K2 online<\/strong>\u00a0- Syntetyczna marihuana szybko staje si\u0119 popularn\u0105 opcj\u0105 w\u015br\u00f3d konsument\u00f3w zio\u0142a. Papierek nas\u0105czony K2 to mieszanka rozdrobnionych materia\u0142\u00f3w ro\u015blinnych i wyprodukowanych przez cz\u0142owieka substancji chemicznych o dzia\u0142aniu zmieniaj\u0105cym umys\u0142. Badania wykaza\u0142y, \u017ce substancje chemiczne przy\u0142\u0105czaj\u0105 si\u0119 do tych samych receptor\u00f3w kom\u00f3rek nerwowych w m\u00f3zgu, co THC, co prowadzi do podniesienia nastroju, relaksu, zmiany percepcji i psychozy. Je\u015bli szukasz produktu wysokiej jako\u015bci, nie szukaj dalej ni\u017c w naszym renomowanym sklepie internetowym. Pozyskujemy nasze zapasy od godnych zaufania producent\u00f3w, aby zapewni\u0107 bezpiecze\u0144stwo naszym klientom. Daj nam spr\u00f3bowa\u0107, a nie b\u0119dziesz zawiedziony.\u00a0<a href=\"https:\/\/stonersmeds.com\/contact\">KONTAKT<\/a><\/p>\n<p>Kannabinoidy wyst\u0119puj\u0105 naturalnie w ro\u015blinach marihuany jako zwi\u0105zki chemiczne i dzia\u0142aj\u0105 jako podstawa r\u00f3\u017cnych syntetycznych lek\u00f3w. Papierek syntetyczny K2 z chwast\u00f3w jest chemicznie zwi\u0105zany z aktywnym sk\u0142adnikiem w konopiach. Efekty s\u0105 wy\u017csze w intensywno\u015bci, a jeden mo\u017ce czu\u0107 si\u0119 zrelaksowany i podniesiony na ko\u0144cu sesji. Poniewa\u017c ludzie zdaj\u0105 sobie spraw\u0119 z prawdziwych korzy\u015bci p\u0142yn\u0105cych z marihuany, produkt ten jest u\u017cywany jako bezpieczna opcja dla r\u00f3\u017cnych cel\u00f3w medycznych i rekreacyjnych. Nale\u017cy jednak monitorowa\u0107 swoje spo\u017cycie, poniewa\u017c przedawkowanie mo\u017ce prowadzi\u0107 do niekorzystnych skutk\u00f3w ubocznych, takich jak niepok\u00f3j, halucynacje, wysokie ci\u015bnienie krwi, b\u00f3l w klatce piersiowej, duszno\u015bci, drgawki i wymioty. Niekt\u00f3re produkty przyprawy K2 na rynku mog\u0105 by\u0107 r\u00f3wnie\u017c zasznurowane substancjami toksycznymi. Dlatego istotne jest, aby kupowa\u0107 od renomowanego sprzedawcy.<\/p>\n<p>Czy szukasz kupi\u0107 najwy\u017cszej jako\u015bci produkt\u00f3w zio\u0142owych? Z ogromn\u0105 baz\u0105 klient\u00f3w na ca\u0142ym \u015bwiecie, oferujemy Ci z\u0142ot\u0105 okazj\u0119 do zakupu papieru K2 online w przyst\u0119pnych cenach. Opr\u00f3cz posiadania najwi\u0119kszego wyboru produkt\u00f3w, zapewniamy bezpieczne metody p\u0142atno\u015bci i dyskretne us\u0142ugi wysy\u0142kowe. Nie musisz odwiedza\u0107 sklep\u00f3w convenience lub pit stop\u00f3w w pobli\u017cu. Firma ma na celu ci\u0105g\u0142e uaktualnianie jako\u015bci produkt\u00f3w i obs\u0142ugi klienta, aby utrzyma\u0107 si\u0119 w wy\u015bcigu. Twoja satysfakcja jest naszym najwy\u017cszym priorytetem, a my mamy do\u015bwiadczony zesp\u00f3\u0142, kt\u00f3ry poradzi sobie z ka\u017cd\u0105 czkawk\u0105. W razie jakichkolwiek pyta\u0144 lub w\u0105tpliwo\u015bci, prosimy o kontakt.<\/p>\n<h3><strong>Kup papier K2 online<\/strong><\/h3>\n<pre><strong>Kup papier K2 online, tani papier z infuzj\u0105 K2, papier K2 na sprzeda\u017c, legalny wysoki papier na przyprawy K2, p\u0142ynne K2 na papierze, papier na przyprawy,<\/strong><\/pre>","protected":false},"excerpt":{"rendered":"<p>Ka\u017cda kartka A4 jest wype\u0142niona\u00a0<em><strong>25 ml=0,845351 oz. p\u0142ynu<\/strong><\/em>\u00a0cieczy K2.\u00a0<strong>Bezwonny i bezbarwny<\/strong>\u00a0Papier K2 na sprzeda\u017c.\u00a0<strong>Posiadamy r\u00f3wnie\u017c na sprzeda\u017c K2 Spray<\/strong><\/p>\n<p>Dostarczamy produkty o wysokiej czysto\u015bci z bardzo dobrym i dyskretnym systemem wysy\u0142ki. Z 12-letnim do\u015bwiadczeniem w dostarczaniu chemikali\u00f3w badawczych; koncentrujemy si\u0119 na bezpiecze\u0144stwie.<\/p>\n<p>Jeste\u015bmy wiarygodni, godni zaufania, Szybka dostawa i wysokiej jako\u015bci produkty tylko w przyst\u0119pnej cenie.<\/p>\n<p><strong>\u00a0<\/strong><strong>Kup papier K2 online, tani papier z infuzj\u0105 K2, papier K2 na sprzeda\u017c, legalny wysoki papier na przyprawy K2, p\u0142ynne K2 na papierze, papier na przyprawy,<\/strong><\/p>","protected":false},"featured_media":9235,"template":"","meta":[],"product_brand":[],"product_cat":[82],"product_tag":[],"class_list":{"0":"post-9218","1":"product","2":"type-product","3":"status-publish","4":"has-post-thumbnail","6":"product_cat-k2-paper-and-spray","8":"first","9":"instock","10":"shipping-taxable","11":"purchasable","12":"product-type-variable"},"tiered_pricing_type":"fixed","tiered_pricing_fixed_rules":[],"tiered_pricing_percentage_rules":[],"tiered_pricing_minimum":1,"_administrator_tiered_pricing_type":"fixed","_administrator_tiered_pricing_fixed_rules":[],"_editor_tiered_pricing_type":"fixed","_editor_tiered_pricing_fixed_rules":[],"_author_tiered_pricing_type":"fixed","_author_tiered_pricing_fixed_rules":[],"_contributor_tiered_pricing_type":"fixed","_contributor_tiered_pricing_fixed_rules":[],"_subscriber_tiered_pricing_type":"fixed","_subscriber_tiered_pricing_fixed_rules":[],"_customer_tiered_pricing_type":"fixed","_customer_tiered_pricing_fixed_rules":[],"_shop_manager_tiered_pricing_type":"fixed","_shop_manager_tiered_pricing_fixed_rules":[],"_wpseo_manager_tiered_pricing_type":"fixed","_wpseo_manager_tiered_pricing_fixed_rules":[],"_wpseo_editor_tiered_pricing_type":"fixed","_wpseo_editor_tiered_pricing_fixed_rules":[],"yoast_head":"<!-- This site is optimized with the Yoast SEO plugin v26.8 - https:\/\/yoast.com\/product\/yoast-seo-wordpress\/ -->\n<title>Buy K2 paper online - Cheap price, top quality<\/title>\n<meta name=\"description\" content=\"Buy K2 paper Online at an affordable price at stonersmeds. All products are lab qualified and have premium quality.\" \/>\n<meta name=\"robots\" content=\"index, follow, max-snippet:-1, max-image-preview:large, max-video-preview:-1\" \/>\n<link rel=\"canonical\" href=\"https:\/\/trustwhite.com\/pl\/shop\/buy-k2-paper-online\/\" \/>\n<meta property=\"og:locale\" content=\"pl_PL\" \/>\n<meta property=\"og:type\" content=\"article\" \/>\n<meta property=\"og:title\" content=\"Buy K2 paper online - Cheap price, top quality\" \/>\n<meta property=\"og:description\" content=\"Buy K2 paper Online at an affordable price at stonersmeds. All products are lab qualified and have premium quality.\" \/>\n<meta property=\"og:url\" content=\"https:\/\/trustwhite.com\/pl\/shop\/buy-k2-paper-online\/\" \/>\n<meta property=\"og:site_name\" content=\"stonersmeds.com\" \/>\n<meta property=\"article:modified_time\" content=\"2023-01-04T08:57:28+00:00\" \/>\n<meta property=\"og:image\" content=\"https:\/\/trustwhite.com\/wp-content\/uploads\/2022\/03\/Buy-K2-paper-online.jpg\" \/>\n\t<meta property=\"og:image:width\" content=\"600\" \/>\n\t<meta property=\"og:image:height\" content=\"600\" \/>\n\t<meta property=\"og:image:type\" content=\"image\/jpeg\" \/>\n<meta name=\"twitter:card\" content=\"summary_large_image\" \/>\n<meta name=\"twitter:label1\" content=\"Szacowany czas czytania\" \/>\n\t<meta name=\"twitter:data1\" content=\"2 minuty\" \/>\n<script type=\"application\/ld+json\" class=\"yoast-schema-graph\">{\"@context\":\"https:\/\/schema.org\",\"@graph\":[{\"@type\":\"WebPage\",\"@id\":\"https:\/\/trustwhite.com\/shop\/buy-k2-paper-online\/\",\"url\":\"https:\/\/trustwhite.com\/shop\/buy-k2-paper-online\/\",\"name\":\"Buy K2 paper online - Cheap price, top quality\",\"isPartOf\":{\"@id\":\"https:\/\/trustwhite.com\/el\/#website\"},\"primaryImageOfPage\":{\"@id\":\"https:\/\/trustwhite.com\/shop\/buy-k2-paper-online\/#primaryimage\"},\"image\":{\"@id\":\"https:\/\/trustwhite.com\/shop\/buy-k2-paper-online\/#primaryimage\"},\"thumbnailUrl\":\"https:\/\/trustwhite.com\/wp-content\/uploads\/2022\/03\/Buy-K2-paper-online.jpg\",\"datePublished\":\"2022-03-11T14:48:47+00:00\",\"dateModified\":\"2023-01-04T08:57:28+00:00\",\"description\":\"Buy K2 paper Online at an affordable price at stonersmeds. All products are lab qualified and have premium quality.\",\"breadcrumb\":{\"@id\":\"https:\/\/trustwhite.com\/shop\/buy-k2-paper-online\/#breadcrumb\"},\"inLanguage\":\"pl-PL\",\"potentialAction\":[{\"@type\":\"ReadAction\",\"target\":[\"https:\/\/trustwhite.com\/shop\/buy-k2-paper-online\/\"]}]},{\"@type\":\"ImageObject\",\"inLanguage\":\"pl-PL\",\"@id\":\"https:\/\/trustwhite.com\/shop\/buy-k2-paper-online\/#primaryimage\",\"url\":\"https:\/\/trustwhite.com\/wp-content\/uploads\/2022\/03\/Buy-K2-paper-online.jpg\",\"contentUrl\":\"https:\/\/trustwhite.com\/wp-content\/uploads\/2022\/03\/Buy-K2-paper-online.jpg\",\"width\":600,\"height\":600},{\"@type\":\"BreadcrumbList\",\"@id\":\"https:\/\/trustwhite.com\/shop\/buy-k2-paper-online\/#breadcrumb\",\"itemListElement\":[{\"@type\":\"ListItem\",\"position\":1,\"name\":\"Home\",\"item\":\"https:\/\/trustwhite.com\/el\/\"},{\"@type\":\"ListItem\",\"position\":2,\"name\":\"Shop\",\"item\":\"https:\/\/trustwhite.com\/el\/shop\/\"},{\"@type\":\"ListItem\",\"position\":3,\"name\":\"Buy K2 paper online\"}]},{\"@type\":\"WebSite\",\"@id\":\"https:\/\/trustwhite.com\/el\/#website\",\"url\":\"https:\/\/trustwhite.com\/el\/\",\"name\":\"stonersmeds.com\",\"description\":\"verschreibungspflichtige Medizin kaufen\",\"potentialAction\":[{\"@type\":\"SearchAction\",\"target\":{\"@type\":\"EntryPoint\",\"urlTemplate\":\"https:\/\/trustwhite.com\/el\/?s={search_term_string}\"},\"query-input\":{\"@type\":\"PropertyValueSpecification\",\"valueRequired\":true,\"valueName\":\"search_term_string\"}}],\"inLanguage\":\"pl-PL\"}]}<\/script>\n<!-- \/ Yoast SEO plugin. -->","yoast_head_json":{"title":"Kup papier K2 online - Tania cena, najwy\u017csza jako\u015b\u0107","description":"Kup papier K2 Online w przyst\u0119pnej cenie w stonersmeds. Wszystkie produkty s\u0105 kwalifikowane laboratoryjnie i maj\u0105 jako\u015b\u0107 premium.","robots":{"index":"index","follow":"follow","max-snippet":"max-snippet:-1","max-image-preview":"max-image-preview:large","max-video-preview":"max-video-preview:-1"},"canonical":"https:\/\/trustwhite.com\/pl\/shop\/buy-k2-paper-online\/","og_locale":"pl_PL","og_type":"article","og_title":"Buy K2 paper online - Cheap price, top quality","og_description":"Buy K2 paper Online at an affordable price at stonersmeds. All products are lab qualified and have premium quality.","og_url":"https:\/\/trustwhite.com\/pl\/shop\/buy-k2-paper-online\/","og_site_name":"stonersmeds.com","article_modified_time":"2023-01-04T08:57:28+00:00","og_image":[{"width":600,"height":600,"url":"https:\/\/trustwhite.com\/wp-content\/uploads\/2022\/03\/Buy-K2-paper-online.jpg","type":"image\/jpeg"}],"twitter_card":"summary_large_image","twitter_misc":{"Szacowany czas czytania":"2 minuty"},"schema":{"@context":"https:\/\/schema.org","@graph":[{"@type":"WebPage","@id":"https:\/\/trustwhite.com\/shop\/buy-k2-paper-online\/","url":"https:\/\/trustwhite.com\/shop\/buy-k2-paper-online\/","name":"Kup papier K2 online - Tania cena, najwy\u017csza jako\u015b\u0107","isPartOf":{"@id":"https:\/\/trustwhite.com\/el\/#website"},"primaryImageOfPage":{"@id":"https:\/\/trustwhite.com\/shop\/buy-k2-paper-online\/#primaryimage"},"image":{"@id":"https:\/\/trustwhite.com\/shop\/buy-k2-paper-online\/#primaryimage"},"thumbnailUrl":"https:\/\/trustwhite.com\/wp-content\/uploads\/2022\/03\/Buy-K2-paper-online.jpg","datePublished":"2022-03-11T14:48:47+00:00","dateModified":"2023-01-04T08:57:28+00:00","description":"Kup papier K2 Online w przyst\u0119pnej cenie w stonersmeds. Wszystkie produkty s\u0105 kwalifikowane laboratoryjnie i maj\u0105 jako\u015b\u0107 premium.","breadcrumb":{"@id":"https:\/\/trustwhite.com\/shop\/buy-k2-paper-online\/#breadcrumb"},"inLanguage":"pl-PL","potentialAction":[{"@type":"ReadAction","target":["https:\/\/trustwhite.com\/shop\/buy-k2-paper-online\/"]}]},{"@type":"ImageObject","inLanguage":"pl-PL","@id":"https:\/\/trustwhite.com\/shop\/buy-k2-paper-online\/#primaryimage","url":"https:\/\/trustwhite.com\/wp-content\/uploads\/2022\/03\/Buy-K2-paper-online.jpg","contentUrl":"https:\/\/trustwhite.com\/wp-content\/uploads\/2022\/03\/Buy-K2-paper-online.jpg","width":600,"height":600},{"@type":"BreadcrumbList","@id":"https:\/\/trustwhite.com\/shop\/buy-k2-paper-online\/#breadcrumb","itemListElement":[{"@type":"ListItem","position":1,"name":"Home","item":"https:\/\/trustwhite.com\/el\/"},{"@type":"ListItem","position":2,"name":"Shop","item":"https:\/\/trustwhite.com\/el\/shop\/"},{"@type":"ListItem","position":3,"name":"Buy K2 paper online"}]},{"@type":"WebSite","@id":"https:\/\/trustwhite.com\/el\/#website","url":"https:\/\/trustwhite.com\/el\/","name":"stonersmeds.com","description":"verschreibungspflichtige Medizin kaufen","potentialAction":[{"@type":"SearchAction","target":{"@type":"EntryPoint","urlTemplate":"https:\/\/trustwhite.com\/el\/?s={search_term_string}"},"query-input":{"@type":"PropertyValueSpecification","valueRequired":true,"valueName":"search_term_string"}}],"inLanguage":"pl-PL"}]}},"_links":{"self":[{"href":"https:\/\/trustwhite.com\/pl\/wp-json\/wp\/v2\/product\/9218","targetHints":{"allow":["GET"]}}],"collection":[{"href":"https:\/\/trustwhite.com\/pl\/wp-json\/wp\/v2\/product"}],"about":[{"href":"https:\/\/trustwhite.com\/pl\/wp-json\/wp\/v2\/types\/product"}],"version-history":[{"count":0,"href":"https:\/\/trustwhite.com\/pl\/wp-json\/wp\/v2\/product\/9218\/revisions"}],"wp:featuredmedia":[{"embeddable":true,"href":"https:\/\/trustwhite.com\/pl\/wp-json\/wp\/v2\/media\/9235"}],"wp:attachment":[{"href":"https:\/\/trustwhite.com\/pl\/wp-json\/wp\/v2\/media?parent=9218"}],"wp:term":[{"taxonomy":"product_brand","embeddable":true,"href":"https:\/\/trustwhite.com\/pl\/wp-json\/wp\/v2\/product_brand?post=9218"},{"taxonomy":"product_cat","embeddable":true,"href":"https:\/\/trustwhite.com\/pl\/wp-json\/wp\/v2\/product_cat?post=9218"},{"taxonomy":"product_tag","embeddable":true,"href":"https:\/\/trustwhite.com\/pl\/wp-json\/wp\/v2\/product_tag?post=9218"}],"curies":[{"name":"wp","href":"https:\/\/api.w.org\/{rel}","templated":true}]}}