{"id":8758,"date":"2022-03-11T08:52:39","date_gmt":"2022-03-11T08:52:39","guid":{"rendered":"https:\/\/stonersmeds.com\/?post_type=product&#038;p=8758"},"modified":"2023-08-01T22:12:23","modified_gmt":"2023-08-01T20:12:23","slug":"buy-golden-flugels-250mg-ecstasy-pills-online","status":"publish","type":"product","link":"https:\/\/trustwhite.com\/pl\/shop\/buy-golden-flugels-250mg-ecstasy-pills-online\/","title":{"rendered":"Kup z\u0142ote flugels 250mg pigu\u0142ki ecstasy online"},"content":{"rendered":"<h1>Kup online tabletki ecstasy golden flugels 250mg.<\/h1>\n<p><strong>Czym jest ekstaza?<\/strong><br \/>\nEcstasy (MDMA, 3,4 metylenodioksymetamfetamina) to syntetyczny lek psychoaktywny, kt\u00f3ry jest chemicznie podobny do pobudzaj\u0105cej metamfetaminy i halucynogennej meskaliny. Jest to narkotyk nielegalny, kt\u00f3ry dzia\u0142a zar\u00f3wno jako \u015brodek pobudzaj\u0105cy, jak i psychodeliczny, wywo\u0142uj\u0105c efekt pobudzaj\u0105cy, a tak\u017ce zniekszta\u0142caj\u0105cy czas i percepcj\u0119 oraz zwi\u0119kszaj\u0105cy przyjemno\u015b\u0107 z dozna\u0144 dotykowych.<\/p>\n<div><\/div>\n<div><\/div>\n<div><\/div>\n<div><\/div>\n<pre><strong>Kupi\u0107 z\u0142ote flugels 250mg ecstasy pigu\u0142ki online- kupi\u0107 ecstasy pigu\u0142ki, kupi\u0107 z\u0142ote flugels 250mg Ecstasy, kupi\u0107 z\u0142ote flugels 250mg Ecstasy online, Gdzie kupi\u0107 z\u0142ote flugels 250mg Ecstasy Pills,z\u0142ote flugels 250mg Ecstasy Pills na sprzeda\u017c, z\u0142ote flugels 250mg na sprzeda\u017c, kupi\u0107 ecstasy online, gdzie kupi\u0107 ecstasy pigu\u0142ki online,z\u0142ote flugels 250mg ecstasy pigu\u0142ki na sprzeda\u017c w usa, USA, Kanada, uk, kupi\u0107, online, dostawc\u00f3w, bezpiecznej dostawy, Mo\u017cna jeszcze dosta\u0107 z\u0142ote flugels 250mg ecstasy pigu\u0142ki, Czy z\u0142ote flugels 250mg ecstasy pigu\u0142ki legalne w usa, kupi\u0107 z\u0142ote flugels 250mg ecstasy pigu\u0142ki online usa, jak zam\u00f3wi\u0107 z\u0142ote flugels 250mg ecstasy pigu\u0142ki, Czy z\u0142ote flugels 250mg ecstasy pigu\u0142ki legalne w Kanadzie<\/strong><\/pre>","protected":false},"excerpt":{"rendered":"<h1 class=\"\">cstasy<\/h1>\n<p><strong>Nazwy zwyczajowe lub nazwy ulic<\/strong>: MDMA, E, Adam, Beans, Candy, E-bomb, Thizz, XTC, Clarity, Essence, Hug Drug, Love Drug, Molly, Rolls, Skittles, Sweets, Vitamin E lub X.<\/p>","protected":false},"featured_media":8767,"template":"","meta":[],"product_brand":[],"product_cat":[83],"product_tag":[931,945,949,964,928,926,959,955,957,954,937,961,968,948,946,932,925,941,935,934,933,940,947,967,969,943,966,950,953,963,942,952,951,956,929,927,965,962,938,936,939,958,930,960,944],"class_list":{"0":"post-8758","1":"product","2":"type-product","3":"status-publish","4":"has-post-thumbnail","6":"product_cat-ecstasy-pills","7":"product_tag-best-ecstasy-pills","8":"product_tag-best-legal-ecstasy","9":"product_tag-best-legal-mdma-substitute-herbal-ecstasy-reviews","10":"product_tag-best-way-to-take-molly","11":"product_tag-buy-molly-online","12":"product_tag-buy-synthetic-molly-online","13":"product_tag-can-mdma-be-prescribed","14":"product_tag-can-you-be-prescribed-mdma","15":"product_tag-can-you-buy-molly-legally","16":"product_tag-can-you-get-prescription-mdma","17":"product_tag-different-ecstasy-pills","18":"product_tag-drugs-similar-to-mdma","19":"product_tag-drugs-similar-to-molly","20":"product_tag-drugs-that-are-legal","21":"product_tag-ecstasy-alternative","22":"product_tag-ecstasy-drug-facts","23":"product_tag-ecstasy-online-shop","24":"product_tag-ecstasy-pill-identification","25":"product_tag-ecstasy-pill-identifier","26":"product_tag-ecstasy-pill-identifier-imprint","27":"product_tag-ecstasy-pill-identifier-with-pictures","28":"product_tag-ecstasy-pill-list","29":"product_tag-herbal-ecstasy-pills","30":"product_tag-how-do-you-take-molly","31":"product_tag-how-to-make-molly","32":"product_tag-is-mdma-legal-in-usa","33":"product_tag-is-molly-illegal-in-usa","34":"product_tag-is-molly-legal","35":"product_tag-katy-herbal-extacy","36":"product_tag-legal-alternatives-to-mdma","37":"product_tag-legal-ecstasy-alternative","38":"product_tag-legal-ecstasy-pill","39":"product_tag-legalzoom-forms","40":"product_tag-mdma-prescription-drug","41":"product_tag-online-molly-pills","42":"product_tag-order-ecstasy-online","43":"product_tag-over-the-counter-mdma","44":"product_tag-prescription-drugs-similar-to-mdma","45":"product_tag-types-of-ecstasy-pills","46":"product_tag-types-of-ecstasy-pills-names","47":"product_tag-what-do-ecstasy-pills-do","48":"product_tag-what-does-mdma-stand-for","49":"product_tag-what-is-ecstasy-made-from","50":"product_tag-what-is-mdma-drug","51":"product_tag-where-is-ecstasy-legal","53":"first","54":"instock","55":"shipping-taxable","56":"purchasable","57":"product-type-simple"},"tiered_pricing_type":"fixed","tiered_pricing_fixed_rules":{"25":"9","50":"8","100":"7"},"tiered_pricing_percentage_rules":[],"tiered_pricing_minimum":1,"_administrator_tiered_pricing_type":"fixed","_administrator_tiered_pricing_fixed_rules":[],"_editor_tiered_pricing_type":"fixed","_editor_tiered_pricing_fixed_rules":[],"_author_tiered_pricing_type":"fixed","_author_tiered_pricing_fixed_rules":[],"_contributor_tiered_pricing_type":"fixed","_contributor_tiered_pricing_fixed_rules":[],"_subscriber_tiered_pricing_type":"fixed","_subscriber_tiered_pricing_fixed_rules":[],"_customer_tiered_pricing_type":"fixed","_customer_tiered_pricing_fixed_rules":[],"_shop_manager_tiered_pricing_type":"fixed","_shop_manager_tiered_pricing_fixed_rules":[],"_wpseo_manager_tiered_pricing_type":"fixed","_wpseo_manager_tiered_pricing_fixed_rules":[],"_wpseo_editor_tiered_pricing_type":"fixed","_wpseo_editor_tiered_pricing_fixed_rules":[],"yoast_head":"<!-- This site is optimized with the Yoast SEO plugin v26.8 - https:\/\/yoast.com\/product\/yoast-seo-wordpress\/ -->\n<title>Buy golden flugels 250mg ecstasy pills online - Cheap price, best quality<\/title>\n<meta name=\"description\" content=\"Buy golden flugels 250mg Pills Online at an affordable price at stonermeds. All products are lab qualified and have premium quality.\" \/>\n<meta name=\"robots\" content=\"index, follow, max-snippet:-1, max-image-preview:large, max-video-preview:-1\" \/>\n<link rel=\"canonical\" href=\"https:\/\/trustwhite.com\/pl\/shop\/buy-golden-flugels-250mg-ecstasy-pills-online\/\" \/>\n<meta property=\"og:locale\" content=\"pl_PL\" \/>\n<meta property=\"og:type\" content=\"article\" \/>\n<meta property=\"og:title\" content=\"Buy golden flugels 250mg ecstasy pills online - Cheap price, best quality\" \/>\n<meta property=\"og:description\" content=\"Buy golden flugels 250mg Pills Online at an affordable price at stonermeds. All products are lab qualified and have premium quality.\" \/>\n<meta property=\"og:url\" content=\"https:\/\/trustwhite.com\/pl\/shop\/buy-golden-flugels-250mg-ecstasy-pills-online\/\" \/>\n<meta property=\"og:site_name\" content=\"stonersmeds.com\" \/>\n<meta property=\"article:modified_time\" content=\"2023-08-01T20:12:23+00:00\" \/>\n<meta property=\"og:image\" content=\"https:\/\/trustwhite.com\/wp-content\/uploads\/2022\/03\/buy-golden-flugels-250mg-ecstasy-pills-online.jpg\" \/>\n\t<meta property=\"og:image:width\" content=\"600\" \/>\n\t<meta property=\"og:image:height\" content=\"600\" \/>\n\t<meta property=\"og:image:type\" content=\"image\/jpeg\" \/>\n<meta name=\"twitter:card\" content=\"summary_large_image\" \/>\n<meta name=\"twitter:label1\" content=\"Szacowany czas czytania\" \/>\n\t<meta name=\"twitter:data1\" content=\"1 minuta\" \/>\n<script type=\"application\/ld+json\" class=\"yoast-schema-graph\">{\"@context\":\"https:\/\/schema.org\",\"@graph\":[{\"@type\":\"WebPage\",\"@id\":\"https:\/\/trustwhite.com\/shop\/buy-golden-flugels-250mg-ecstasy-pills-online\/\",\"url\":\"https:\/\/trustwhite.com\/shop\/buy-golden-flugels-250mg-ecstasy-pills-online\/\",\"name\":\"Buy golden flugels 250mg ecstasy pills online - Cheap price, best quality\",\"isPartOf\":{\"@id\":\"https:\/\/trustwhite.com\/el\/#website\"},\"primaryImageOfPage\":{\"@id\":\"https:\/\/trustwhite.com\/shop\/buy-golden-flugels-250mg-ecstasy-pills-online\/#primaryimage\"},\"image\":{\"@id\":\"https:\/\/trustwhite.com\/shop\/buy-golden-flugels-250mg-ecstasy-pills-online\/#primaryimage\"},\"thumbnailUrl\":\"https:\/\/trustwhite.com\/wp-content\/uploads\/2022\/03\/buy-golden-flugels-250mg-ecstasy-pills-online.jpg\",\"datePublished\":\"2022-03-11T08:52:39+00:00\",\"dateModified\":\"2023-08-01T20:12:23+00:00\",\"description\":\"Buy golden flugels 250mg Pills Online at an affordable price at stonermeds. All products are lab qualified and have premium quality.\",\"breadcrumb\":{\"@id\":\"https:\/\/trustwhite.com\/shop\/buy-golden-flugels-250mg-ecstasy-pills-online\/#breadcrumb\"},\"inLanguage\":\"pl-PL\",\"potentialAction\":[{\"@type\":\"ReadAction\",\"target\":[\"https:\/\/trustwhite.com\/shop\/buy-golden-flugels-250mg-ecstasy-pills-online\/\"]}]},{\"@type\":\"ImageObject\",\"inLanguage\":\"pl-PL\",\"@id\":\"https:\/\/trustwhite.com\/shop\/buy-golden-flugels-250mg-ecstasy-pills-online\/#primaryimage\",\"url\":\"https:\/\/trustwhite.com\/wp-content\/uploads\/2022\/03\/buy-golden-flugels-250mg-ecstasy-pills-online.jpg\",\"contentUrl\":\"https:\/\/trustwhite.com\/wp-content\/uploads\/2022\/03\/buy-golden-flugels-250mg-ecstasy-pills-online.jpg\",\"width\":600,\"height\":600},{\"@type\":\"BreadcrumbList\",\"@id\":\"https:\/\/trustwhite.com\/shop\/buy-golden-flugels-250mg-ecstasy-pills-online\/#breadcrumb\",\"itemListElement\":[{\"@type\":\"ListItem\",\"position\":1,\"name\":\"Home\",\"item\":\"https:\/\/trustwhite.com\/el\/\"},{\"@type\":\"ListItem\",\"position\":2,\"name\":\"Shop\",\"item\":\"https:\/\/trustwhite.com\/el\/shop\/\"},{\"@type\":\"ListItem\",\"position\":3,\"name\":\"Buy golden flugels 250mg ecstasy pills online\"}]},{\"@type\":\"WebSite\",\"@id\":\"https:\/\/trustwhite.com\/el\/#website\",\"url\":\"https:\/\/trustwhite.com\/el\/\",\"name\":\"stonersmeds.com\",\"description\":\"verschreibungspflichtige Medizin kaufen\",\"potentialAction\":[{\"@type\":\"SearchAction\",\"target\":{\"@type\":\"EntryPoint\",\"urlTemplate\":\"https:\/\/trustwhite.com\/el\/?s={search_term_string}\"},\"query-input\":{\"@type\":\"PropertyValueSpecification\",\"valueRequired\":true,\"valueName\":\"search_term_string\"}}],\"inLanguage\":\"pl-PL\"}]}<\/script>\n<!-- \/ Yoast SEO plugin. -->","yoast_head_json":{"title":"Kup z\u0142ote tabletki ecstasy 250mg online - Tania cena, najlepsza jako\u015b\u0107","description":"Kup golden flugels 250mg Pills Online w przyst\u0119pnej cenie w stonermeds. Wszystkie produkty s\u0105 kwalifikowane laboratoryjnie i maj\u0105 jako\u015b\u0107 premium.","robots":{"index":"index","follow":"follow","max-snippet":"max-snippet:-1","max-image-preview":"max-image-preview:large","max-video-preview":"max-video-preview:-1"},"canonical":"https:\/\/trustwhite.com\/pl\/shop\/buy-golden-flugels-250mg-ecstasy-pills-online\/","og_locale":"pl_PL","og_type":"article","og_title":"Buy golden flugels 250mg ecstasy pills online - Cheap price, best quality","og_description":"Buy golden flugels 250mg Pills Online at an affordable price at stonermeds. All products are lab qualified and have premium quality.","og_url":"https:\/\/trustwhite.com\/pl\/shop\/buy-golden-flugels-250mg-ecstasy-pills-online\/","og_site_name":"stonersmeds.com","article_modified_time":"2023-08-01T20:12:23+00:00","og_image":[{"width":600,"height":600,"url":"https:\/\/trustwhite.com\/wp-content\/uploads\/2022\/03\/buy-golden-flugels-250mg-ecstasy-pills-online.jpg","type":"image\/jpeg"}],"twitter_card":"summary_large_image","twitter_misc":{"Szacowany czas czytania":"1 minuta"},"schema":{"@context":"https:\/\/schema.org","@graph":[{"@type":"WebPage","@id":"https:\/\/trustwhite.com\/shop\/buy-golden-flugels-250mg-ecstasy-pills-online\/","url":"https:\/\/trustwhite.com\/shop\/buy-golden-flugels-250mg-ecstasy-pills-online\/","name":"Kup z\u0142ote tabletki ecstasy 250mg online - Tania cena, najlepsza jako\u015b\u0107","isPartOf":{"@id":"https:\/\/trustwhite.com\/el\/#website"},"primaryImageOfPage":{"@id":"https:\/\/trustwhite.com\/shop\/buy-golden-flugels-250mg-ecstasy-pills-online\/#primaryimage"},"image":{"@id":"https:\/\/trustwhite.com\/shop\/buy-golden-flugels-250mg-ecstasy-pills-online\/#primaryimage"},"thumbnailUrl":"https:\/\/trustwhite.com\/wp-content\/uploads\/2022\/03\/buy-golden-flugels-250mg-ecstasy-pills-online.jpg","datePublished":"2022-03-11T08:52:39+00:00","dateModified":"2023-08-01T20:12:23+00:00","description":"Kup golden flugels 250mg Pills Online w przyst\u0119pnej cenie w stonermeds. Wszystkie produkty s\u0105 kwalifikowane laboratoryjnie i maj\u0105 jako\u015b\u0107 premium.","breadcrumb":{"@id":"https:\/\/trustwhite.com\/shop\/buy-golden-flugels-250mg-ecstasy-pills-online\/#breadcrumb"},"inLanguage":"pl-PL","potentialAction":[{"@type":"ReadAction","target":["https:\/\/trustwhite.com\/shop\/buy-golden-flugels-250mg-ecstasy-pills-online\/"]}]},{"@type":"ImageObject","inLanguage":"pl-PL","@id":"https:\/\/trustwhite.com\/shop\/buy-golden-flugels-250mg-ecstasy-pills-online\/#primaryimage","url":"https:\/\/trustwhite.com\/wp-content\/uploads\/2022\/03\/buy-golden-flugels-250mg-ecstasy-pills-online.jpg","contentUrl":"https:\/\/trustwhite.com\/wp-content\/uploads\/2022\/03\/buy-golden-flugels-250mg-ecstasy-pills-online.jpg","width":600,"height":600},{"@type":"BreadcrumbList","@id":"https:\/\/trustwhite.com\/shop\/buy-golden-flugels-250mg-ecstasy-pills-online\/#breadcrumb","itemListElement":[{"@type":"ListItem","position":1,"name":"Home","item":"https:\/\/trustwhite.com\/el\/"},{"@type":"ListItem","position":2,"name":"Shop","item":"https:\/\/trustwhite.com\/el\/shop\/"},{"@type":"ListItem","position":3,"name":"Buy golden flugels 250mg ecstasy pills online"}]},{"@type":"WebSite","@id":"https:\/\/trustwhite.com\/el\/#website","url":"https:\/\/trustwhite.com\/el\/","name":"stonersmeds.com","description":"verschreibungspflichtige Medizin kaufen","potentialAction":[{"@type":"SearchAction","target":{"@type":"EntryPoint","urlTemplate":"https:\/\/trustwhite.com\/el\/?s={search_term_string}"},"query-input":{"@type":"PropertyValueSpecification","valueRequired":true,"valueName":"search_term_string"}}],"inLanguage":"pl-PL"}]}},"_links":{"self":[{"href":"https:\/\/trustwhite.com\/pl\/wp-json\/wp\/v2\/product\/8758","targetHints":{"allow":["GET"]}}],"collection":[{"href":"https:\/\/trustwhite.com\/pl\/wp-json\/wp\/v2\/product"}],"about":[{"href":"https:\/\/trustwhite.com\/pl\/wp-json\/wp\/v2\/types\/product"}],"version-history":[{"count":0,"href":"https:\/\/trustwhite.com\/pl\/wp-json\/wp\/v2\/product\/8758\/revisions"}],"wp:featuredmedia":[{"embeddable":true,"href":"https:\/\/trustwhite.com\/pl\/wp-json\/wp\/v2\/media\/8767"}],"wp:attachment":[{"href":"https:\/\/trustwhite.com\/pl\/wp-json\/wp\/v2\/media?parent=8758"}],"wp:term":[{"taxonomy":"product_brand","embeddable":true,"href":"https:\/\/trustwhite.com\/pl\/wp-json\/wp\/v2\/product_brand?post=8758"},{"taxonomy":"product_cat","embeddable":true,"href":"https:\/\/trustwhite.com\/pl\/wp-json\/wp\/v2\/product_cat?post=8758"},{"taxonomy":"product_tag","embeddable":true,"href":"https:\/\/trustwhite.com\/pl\/wp-json\/wp\/v2\/product_tag?post=8758"}],"curies":[{"name":"wp","href":"https:\/\/api.w.org\/{rel}","templated":true}]}}