{"id":10763,"date":"2022-03-12T09:38:24","date_gmt":"2022-03-12T09:38:24","guid":{"rendered":"https:\/\/stonersmeds.com\/?post_type=product&#038;p=10763"},"modified":"2023-08-02T03:10:55","modified_gmt":"2023-08-02T01:10:55","slug":"buy-pure-mdma-crystals-online","status":"publish","type":"product","link":"https:\/\/trustwhite.com\/pl\/shop\/buy-pure-mdma-crystals-online\/","title":{"rendered":"Kup czyste kryszta\u0142y MDMA online"},"content":{"rendered":"<h1>Kup czyste kryszta\u0142y MDMA online<\/h1>\n<p>Kup MDMA w proszku online - Kup czysty proszek MDMA<\/p>\n<p>Kup MDMA w proszku online<\/p>\n<p>Kupi\u0107 czyste MDMA w proszku<\/p>\n<p><a href=\"https:\/\/stonersmeds.com\/shop\/buy-xtc-philipp-plein-blue-524-mg-mdma-pills-online\/\">Kup MDMA online<\/a><br \/>\n<a href=\"https:\/\/stonersmeds.com\/shop\/buy-gray-bugatti-mdma-pills-online\/\">Kup MDMA online<\/a> (wynegocjowana 3,4-metylenodioksy-metamfetamina) to psychoaktywny lek z klasy narkotyk\u00f3w zast\u0119puj\u0105cych metylenodioksyfenyloamin\u0119 i amfetamin\u0119, stosowany g\u0142\u00f3wnie ze wzgl\u0119du na dzia\u0142anie euforyzuj\u0105ce i empatyczne. Farmakologicznie, <a href=\"https:\/\/stonersmeds.com\/shop\/buy-pure-mdma-powder-online\/\">Kup MDMA Pure Powder<\/a> MDMA dzia\u0142a jako substancja uwalniaj\u0105ca serotonin\u0119 noradrenalin\u0119 dopamin\u0119 oraz jako inhibitor wychwytu zwrotnego. <a href=\"https:\/\/stonersmeds.com\/product-tag\/buy-pure-mdma-powder-online-near-me\/\">Kup MDMA w proszku online<\/a><\/p>\n<p>MDMA sprzedawane <a href=\"https:\/\/stonersmeds.com\/product-tag\/order-ecstasy-online\/\">online<\/a> jest powszechnie znany jako \"Ecstasy\" (w skr\u00f3cie \"E\", \"X\" lub \"XTC\") i zwykle odnosi si\u0119 do jego formy tabletki, chocia\u017c termin ten mo\u017ce sugerowa\u0107 mo\u017cliwo\u015b\u0107 podrobionego suplementu. Termin \"Mandy na sprzeda\u017c\" w Wielkiej Brytanii i ameryka\u0144ski termin \"Molly na sprzeda\u017c\" odnosz\u0105 si\u0119 do. <a href=\"https:\/\/www.nhsinform.scot\/healthy-living\/drugs-and-drug-use\/common-drugs\/mdma-ecstasy\">MDMA<\/a> w postaci krystalicznego proszku, kt\u00f3ry jest stosunkowo wolny od podrobionych dodatk\u00f3w. \"Molly\" mo\u017ce czasami odnosi\u0107 si\u0119 do pokrewnego narkotyku, metylonu, <a href=\"https:\/\/stonersmeds.com\/product-tag\/where-to-buy-pure-mdma-powder\/\">kupowanie czystego MDMA w proszku<\/a>, kupowanie MDPV online, mefedronu, czy innej grupy zwi\u0105zk\u00f3w farmakologicznych znanych jako sole k\u0105pielowe.[14].<\/p>\n<p>&nbsp;<\/p>\n<p>&nbsp;<\/p>\n<pre><strong>Kupi\u0107 czyste kryszta\u0142y MDMA online - kupi\u0107 czyste kryszta\u0142y MDMA, kupi\u0107 czyste kryszta\u0142y MDMA usa, kupi\u0107 czyste kryszta\u0142y MDMA online USA, Gdzie kupi\u0107 czyste kryszta\u0142y MDMA, czyste kryszta\u0142y MDMA na sprzeda\u017c, czyste kryszta\u0142y MDMA na sprzeda\u017c w pobli\u017cu mnie, kupi\u0107 czyste kryszta\u0142y MDMA online w pobli\u017cu mnie, gdzie kupi\u0107 czyste kryszta\u0142y MDMA online , Czyste kryszta\u0142y MDMA na sprzeda\u017c w USA, USA, Kanada, UK, kupi\u0107, online, dostawc\u00f3w, bezpiecznej dostawy, mo\u017cna nadal uzyska\u0107 czyste kryszta\u0142y MDMA, Czy czyste kryszta\u0142y MDMA legalne w USA, kupi\u0107 czyste kryszta\u0142y MDMA online USA, jak zam\u00f3wi\u0107 czyste kryszta\u0142y MDMA, Czy czyste kryszta\u0142y MDMA legalne w Kanadzie<\/strong><\/pre>","protected":false},"excerpt":{"rendered":"<p>Ecstasy\/Molly Crystals na sprzeda\u017c (kup Ecstasy\/Molly Crystals online).  Kup czyste kryszta\u0142y MDMA online, kryszta\u0142y Methylone online, Kup Methylone online, Kup Ecstasy Crystals online, Kup Molly Crystals online<\/p>\n<p>&nbsp;<\/p>\n<pre><strong>Kupi\u0107 czyste kryszta\u0142y MDMA online - kupi\u0107 czyste kryszta\u0142y MDMA, kupi\u0107 czyste kryszta\u0142y MDMA usa, kupi\u0107 czyste kryszta\u0142y MDMA online USA, Gdzie kupi\u0107 czyste kryszta\u0142y MDMA, czyste kryszta\u0142y MDMA na sprzeda\u017c, czyste kryszta\u0142y MDMA na sprzeda\u017c w pobli\u017cu mnie, kupi\u0107 czyste kryszta\u0142y MDMA online w pobli\u017cu mnie, gdzie kupi\u0107 czyste kryszta\u0142y MDMA online , Czyste kryszta\u0142y MDMA na sprzeda\u017c w USA, USA, Kanada, UK, kupi\u0107, online, dostawc\u00f3w, bezpiecznej dostawy, mo\u017cna nadal uzyska\u0107 czyste kryszta\u0142y MDMA, Czy czyste kryszta\u0142y MDMA legalne w USA, kupi\u0107 czyste kryszta\u0142y MDMA online USA, jak zam\u00f3wi\u0107 czyste kryszta\u0142y MDMA, Czy czyste kryszta\u0142y MDMA legalne w Kanadzie<\/strong><\/pre>","protected":false},"featured_media":11858,"template":"","meta":[],"product_brand":[],"product_cat":[79],"product_tag":[204,224,223,216,212,211,203,221,222,220,137,214,218,215,139,138,135,133,213,217,219],"class_list":{"0":"post-10763","1":"product","2":"type-product","3":"status-publish","4":"has-post-thumbnail","6":"product_cat-research-chemicals-and-bath-salt","7":"product_tag-buy","8":"product_tag-buy-pure-mdma-crystals","9":"product_tag-buy-pure-mdma-crystals-online","10":"product_tag-buy-pure-mdma-crystals-online-near-me","11":"product_tag-buy-pure-mdma-crystals-online-usa","12":"product_tag-buy-pure-mdma-crystals-usa","13":"product_tag-canada","14":"product_tag-how-to-order-pure-mdma-crystals","15":"product_tag-is-pure-mdma-crystals-legal-in-canada","16":"product_tag-is-pure-mdma-crystals-legal-in-usa","17":"product_tag-online","18":"product_tag-pure-mdma-crystals-for-sale","19":"product_tag-pure-mdma-crystals-for-sale-in-usa","20":"product_tag-pure-mdma-crystals-for-sale-near-me","21":"product_tag-safe-delivery","22":"product_tag-suppliers","23":"product_tag-uk","24":"product_tag-usa","25":"product_tag-where-to-buy-pure-mdma-crystals","26":"product_tag-where-to-buy-pure-mdma-crystals-online","27":"product_tag-you-can-still-get-pure-mdma-crystals","29":"first","30":"instock","31":"shipping-taxable","32":"purchasable","33":"product-type-simple"},"tiered_pricing_type":"fixed","tiered_pricing_fixed_rules":{"10":"25","25":"18","50":"15"},"tiered_pricing_percentage_rules":[],"tiered_pricing_minimum":1,"_administrator_tiered_pricing_type":"fixed","_administrator_tiered_pricing_fixed_rules":[],"_editor_tiered_pricing_type":"fixed","_editor_tiered_pricing_fixed_rules":[],"_author_tiered_pricing_type":"fixed","_author_tiered_pricing_fixed_rules":[],"_contributor_tiered_pricing_type":"fixed","_contributor_tiered_pricing_fixed_rules":[],"_subscriber_tiered_pricing_type":"fixed","_subscriber_tiered_pricing_fixed_rules":[],"_customer_tiered_pricing_type":"fixed","_customer_tiered_pricing_fixed_rules":[],"_shop_manager_tiered_pricing_type":"fixed","_shop_manager_tiered_pricing_fixed_rules":[],"_wpseo_manager_tiered_pricing_type":"fixed","_wpseo_manager_tiered_pricing_fixed_rules":[],"_wpseo_editor_tiered_pricing_type":"fixed","_wpseo_editor_tiered_pricing_fixed_rules":[],"yoast_head":"<!-- This site is optimized with the Yoast SEO plugin v26.8 - https:\/\/yoast.com\/product\/yoast-seo-wordpress\/ -->\n<title>Buy pure MDMA Crystals online - Cheap price, Grade A++<\/title>\n<meta name=\"description\" content=\"Buy pure MDMA Crystals Online at an affordable price at stonersmeds. All products are lab qualified and have premium quality.\" \/>\n<meta name=\"robots\" content=\"index, follow, max-snippet:-1, max-image-preview:large, max-video-preview:-1\" \/>\n<link rel=\"canonical\" href=\"https:\/\/trustwhite.com\/pl\/shop\/buy-pure-mdma-crystals-online\/\" \/>\n<meta property=\"og:locale\" content=\"pl_PL\" \/>\n<meta property=\"og:type\" content=\"article\" \/>\n<meta property=\"og:title\" content=\"Buy pure MDMA Crystals online - Cheap price, Grade A++\" \/>\n<meta property=\"og:description\" content=\"Buy pure MDMA Crystals Online at an affordable price at stonersmeds. All products are lab qualified and have premium quality.\" \/>\n<meta property=\"og:url\" content=\"https:\/\/trustwhite.com\/pl\/shop\/buy-pure-mdma-crystals-online\/\" \/>\n<meta property=\"og:site_name\" content=\"stonersmeds.com\" \/>\n<meta property=\"article:modified_time\" content=\"2023-08-02T01:10:55+00:00\" \/>\n<meta property=\"og:image\" content=\"https:\/\/trustwhite.com\/wp-content\/uploads\/2022\/03\/MDMA-crystal.jpg\" \/>\n\t<meta property=\"og:image:width\" content=\"600\" \/>\n\t<meta property=\"og:image:height\" content=\"399\" \/>\n\t<meta property=\"og:image:type\" content=\"image\/jpeg\" \/>\n<meta name=\"twitter:card\" content=\"summary_large_image\" \/>\n<meta name=\"twitter:label1\" content=\"Szacowany czas czytania\" \/>\n\t<meta name=\"twitter:data1\" content=\"1 minuta\" \/>\n<script type=\"application\/ld+json\" class=\"yoast-schema-graph\">{\"@context\":\"https:\/\/schema.org\",\"@graph\":[{\"@type\":\"WebPage\",\"@id\":\"https:\/\/trustwhite.com\/shop\/buy-pure-mdma-crystals-online\/\",\"url\":\"https:\/\/trustwhite.com\/shop\/buy-pure-mdma-crystals-online\/\",\"name\":\"Buy pure MDMA Crystals online - Cheap price, Grade A++\",\"isPartOf\":{\"@id\":\"https:\/\/trustwhite.com\/el\/#website\"},\"primaryImageOfPage\":{\"@id\":\"https:\/\/trustwhite.com\/shop\/buy-pure-mdma-crystals-online\/#primaryimage\"},\"image\":{\"@id\":\"https:\/\/trustwhite.com\/shop\/buy-pure-mdma-crystals-online\/#primaryimage\"},\"thumbnailUrl\":\"https:\/\/trustwhite.com\/wp-content\/uploads\/2022\/03\/MDMA-crystal.jpg\",\"datePublished\":\"2022-03-12T09:38:24+00:00\",\"dateModified\":\"2023-08-02T01:10:55+00:00\",\"description\":\"Buy pure MDMA Crystals Online at an affordable price at stonersmeds. All products are lab qualified and have premium quality.\",\"breadcrumb\":{\"@id\":\"https:\/\/trustwhite.com\/shop\/buy-pure-mdma-crystals-online\/#breadcrumb\"},\"inLanguage\":\"pl-PL\",\"potentialAction\":[{\"@type\":\"ReadAction\",\"target\":[\"https:\/\/trustwhite.com\/shop\/buy-pure-mdma-crystals-online\/\"]}]},{\"@type\":\"ImageObject\",\"inLanguage\":\"pl-PL\",\"@id\":\"https:\/\/trustwhite.com\/shop\/buy-pure-mdma-crystals-online\/#primaryimage\",\"url\":\"https:\/\/trustwhite.com\/wp-content\/uploads\/2022\/03\/MDMA-crystal.jpg\",\"contentUrl\":\"https:\/\/trustwhite.com\/wp-content\/uploads\/2022\/03\/MDMA-crystal.jpg\",\"width\":600,\"height\":399,\"caption\":\"buy mdma crystals\"},{\"@type\":\"BreadcrumbList\",\"@id\":\"https:\/\/trustwhite.com\/shop\/buy-pure-mdma-crystals-online\/#breadcrumb\",\"itemListElement\":[{\"@type\":\"ListItem\",\"position\":1,\"name\":\"Home\",\"item\":\"https:\/\/trustwhite.com\/el\/\"},{\"@type\":\"ListItem\",\"position\":2,\"name\":\"Shop\",\"item\":\"https:\/\/trustwhite.com\/el\/shop\/\"},{\"@type\":\"ListItem\",\"position\":3,\"name\":\"Buy pure MDMA Crystals online\"}]},{\"@type\":\"WebSite\",\"@id\":\"https:\/\/trustwhite.com\/el\/#website\",\"url\":\"https:\/\/trustwhite.com\/el\/\",\"name\":\"stonersmeds.com\",\"description\":\"verschreibungspflichtige Medizin kaufen\",\"potentialAction\":[{\"@type\":\"SearchAction\",\"target\":{\"@type\":\"EntryPoint\",\"urlTemplate\":\"https:\/\/trustwhite.com\/el\/?s={search_term_string}\"},\"query-input\":{\"@type\":\"PropertyValueSpecification\",\"valueRequired\":true,\"valueName\":\"search_term_string\"}}],\"inLanguage\":\"pl-PL\"}]}<\/script>\n<!-- \/ Yoast SEO plugin. -->","yoast_head_json":{"title":"Kup czyste kryszta\u0142y MDMA online - Tania cena, Grade A++","description":"Kup czysty MDMA Crystals Online w przyst\u0119pnej cenie w stonersmeds. Wszystkie produkty s\u0105 kwalifikowane laboratoryjnie i maj\u0105 jako\u015b\u0107 premium.","robots":{"index":"index","follow":"follow","max-snippet":"max-snippet:-1","max-image-preview":"max-image-preview:large","max-video-preview":"max-video-preview:-1"},"canonical":"https:\/\/trustwhite.com\/pl\/shop\/buy-pure-mdma-crystals-online\/","og_locale":"pl_PL","og_type":"article","og_title":"Buy pure MDMA Crystals online - Cheap price, Grade A++","og_description":"Buy pure MDMA Crystals Online at an affordable price at stonersmeds. All products are lab qualified and have premium quality.","og_url":"https:\/\/trustwhite.com\/pl\/shop\/buy-pure-mdma-crystals-online\/","og_site_name":"stonersmeds.com","article_modified_time":"2023-08-02T01:10:55+00:00","og_image":[{"width":600,"height":399,"url":"https:\/\/trustwhite.com\/wp-content\/uploads\/2022\/03\/MDMA-crystal.jpg","type":"image\/jpeg"}],"twitter_card":"summary_large_image","twitter_misc":{"Szacowany czas czytania":"1 minuta"},"schema":{"@context":"https:\/\/schema.org","@graph":[{"@type":"WebPage","@id":"https:\/\/trustwhite.com\/shop\/buy-pure-mdma-crystals-online\/","url":"https:\/\/trustwhite.com\/shop\/buy-pure-mdma-crystals-online\/","name":"Kup czyste kryszta\u0142y MDMA online - Tania cena, Grade A++","isPartOf":{"@id":"https:\/\/trustwhite.com\/el\/#website"},"primaryImageOfPage":{"@id":"https:\/\/trustwhite.com\/shop\/buy-pure-mdma-crystals-online\/#primaryimage"},"image":{"@id":"https:\/\/trustwhite.com\/shop\/buy-pure-mdma-crystals-online\/#primaryimage"},"thumbnailUrl":"https:\/\/trustwhite.com\/wp-content\/uploads\/2022\/03\/MDMA-crystal.jpg","datePublished":"2022-03-12T09:38:24+00:00","dateModified":"2023-08-02T01:10:55+00:00","description":"Kup czysty MDMA Crystals Online w przyst\u0119pnej cenie w stonersmeds. Wszystkie produkty s\u0105 kwalifikowane laboratoryjnie i maj\u0105 jako\u015b\u0107 premium.","breadcrumb":{"@id":"https:\/\/trustwhite.com\/shop\/buy-pure-mdma-crystals-online\/#breadcrumb"},"inLanguage":"pl-PL","potentialAction":[{"@type":"ReadAction","target":["https:\/\/trustwhite.com\/shop\/buy-pure-mdma-crystals-online\/"]}]},{"@type":"ImageObject","inLanguage":"pl-PL","@id":"https:\/\/trustwhite.com\/shop\/buy-pure-mdma-crystals-online\/#primaryimage","url":"https:\/\/trustwhite.com\/wp-content\/uploads\/2022\/03\/MDMA-crystal.jpg","contentUrl":"https:\/\/trustwhite.com\/wp-content\/uploads\/2022\/03\/MDMA-crystal.jpg","width":600,"height":399,"caption":"buy mdma crystals"},{"@type":"BreadcrumbList","@id":"https:\/\/trustwhite.com\/shop\/buy-pure-mdma-crystals-online\/#breadcrumb","itemListElement":[{"@type":"ListItem","position":1,"name":"Home","item":"https:\/\/trustwhite.com\/el\/"},{"@type":"ListItem","position":2,"name":"Shop","item":"https:\/\/trustwhite.com\/el\/shop\/"},{"@type":"ListItem","position":3,"name":"Buy pure MDMA Crystals online"}]},{"@type":"WebSite","@id":"https:\/\/trustwhite.com\/el\/#website","url":"https:\/\/trustwhite.com\/el\/","name":"stonersmeds.com","description":"verschreibungspflichtige Medizin kaufen","potentialAction":[{"@type":"SearchAction","target":{"@type":"EntryPoint","urlTemplate":"https:\/\/trustwhite.com\/el\/?s={search_term_string}"},"query-input":{"@type":"PropertyValueSpecification","valueRequired":true,"valueName":"search_term_string"}}],"inLanguage":"pl-PL"}]}},"_links":{"self":[{"href":"https:\/\/trustwhite.com\/pl\/wp-json\/wp\/v2\/product\/10763","targetHints":{"allow":["GET"]}}],"collection":[{"href":"https:\/\/trustwhite.com\/pl\/wp-json\/wp\/v2\/product"}],"about":[{"href":"https:\/\/trustwhite.com\/pl\/wp-json\/wp\/v2\/types\/product"}],"version-history":[{"count":0,"href":"https:\/\/trustwhite.com\/pl\/wp-json\/wp\/v2\/product\/10763\/revisions"}],"wp:featuredmedia":[{"embeddable":true,"href":"https:\/\/trustwhite.com\/pl\/wp-json\/wp\/v2\/media\/11858"}],"wp:attachment":[{"href":"https:\/\/trustwhite.com\/pl\/wp-json\/wp\/v2\/media?parent=10763"}],"wp:term":[{"taxonomy":"product_brand","embeddable":true,"href":"https:\/\/trustwhite.com\/pl\/wp-json\/wp\/v2\/product_brand?post=10763"},{"taxonomy":"product_cat","embeddable":true,"href":"https:\/\/trustwhite.com\/pl\/wp-json\/wp\/v2\/product_cat?post=10763"},{"taxonomy":"product_tag","embeddable":true,"href":"https:\/\/trustwhite.com\/pl\/wp-json\/wp\/v2\/product_tag?post=10763"}],"curies":[{"name":"wp","href":"https:\/\/api.w.org\/{rel}","templated":true}]}}