{"id":10379,"date":"2022-03-12T07:19:18","date_gmt":"2022-03-12T07:19:18","guid":{"rendered":"https:\/\/stonersmeds.com\/?post_type=product&#038;p=10379"},"modified":"2022-12-30T20:36:29","modified_gmt":"2022-12-30T18:36:29","slug":"buy-quality-oxycodone-powder-online","status":"publish","type":"product","link":"https:\/\/trustwhite.com\/pl\/shop\/buy-quality-oxycodone-powder-online\/","title":{"rendered":"Kup wysokiej jako\u015bci proszek oksykodonu online"},"content":{"rendered":"<h1>Kupi\u0107 jako\u015b\u0107 Oxycodone proszku online.<\/h1>\n<p>Oksykodon jest p\u00f3\u0142syntetycznym morfinopodobnym alkaloidem opioidowym o dzia\u0142aniu przeciwb\u00f3lowym. Oksykodon wywiera swoje dzia\u0142anie przeciwb\u00f3lowe poprzez wi\u0105zanie si\u0119 z receptorami mu w o\u015brodkowym uk\u0142adzie nerwowym (OUN), na\u015bladuj\u0105c w ten spos\u00f3b dzia\u0142anie endogennych opioid\u00f3w. Wi\u0105zanie receptora opiatowego stymuluje wymian\u0119 GTP na PDB w kompleksie bia\u0142ka G i hamuje cyklaz\u0119 adenylanow\u0105, zapobiegaj\u0105c w ten spos\u00f3b wytwarzaniu cAMP. Ponadto hamowane jest uwalnianie neuroprzeka\u017anik\u00f3w nocyceptywnych, takich jak substancja P, kwas gamma-aminomas\u0142owy (GABA), dopamina, acetylocholina i noradrenalina. Oksykodon hamuje r\u00f3wnie\u017c uwalnianie wazopresyny, somatostatyny, insuliny i glukagonu. Ponadto oksykodon zamyka bramkowane napi\u0119ciem kana\u0142y wapniowe typu N i otwiera zwi\u0105zane z bia\u0142kiem G kana\u0142y potasowe, wewn\u0119trznie naprawiaj\u0105c kana\u0142y potasowe, co powoduje hiperpolaryzacj\u0119 i zmniejszenie pobudliwo\u015bci neuron\u00f3w.<\/p>\n<pre><strong>Kupi\u0107 Quality Oxycodone w proszku online - kupi\u0107 Quality Oxycodone w proszku, kupi\u0107 Quality Oxycodone w proszku usa, kupi\u0107 Quality Oxycodone w proszku online USA, Gdzie kupi\u0107 Quality Oxycodone w proszku, Quality Oxycodone w proszku na sprzeda\u017c, Quality Oxycodone w proszku na sprzeda\u017c w pobli\u017cu mnie, kupi\u0107 Quality Oxycodone w proszku online w pobli\u017cu mnie , Gdzie kupi\u0107 Jako\u015b\u0107 Oxycodone w proszku online, Jako\u015b\u0107 Oxycodone w proszku na sprzeda\u017c w USA, USA, Kanada, UK, kupi\u0107, online, dostawc\u00f3w, bezpiecznej dostawy, Mo\u017cna jeszcze dosta\u0107 Jako\u015b\u0107 Oxycodone w proszku, Czy Jako\u015b\u0107 Oxycodone w proszku legalne w USA, kupi\u0107 Jako\u015b\u0107 Oxycodone w proszku online USA, jak zam\u00f3wi\u0107 Jako\u015b\u0107 Oxycodone w proszku, Czy Jako\u015b\u0107 Oxycodone w proszku legalne w Kanadzie<\/strong><\/pre>","protected":false},"excerpt":{"rendered":"<p>Buy Quality Oxycodone powder online w leczeniu umiarkowanego do silnego b\u00f3lu, gdy potrzebna jest ca\u0142odobowa ulga w b\u00f3lu przez d\u0142ugi okres czasu.<\/p>\n<pre><strong>Kupi\u0107 Quality Oxycodone w proszku online - kupi\u0107 Quality Oxycodone w proszku, kupi\u0107 Quality Oxycodone w proszku usa, kupi\u0107 Quality Oxycodone w proszku online USA, Gdzie kupi\u0107 Quality Oxycodone w proszku, Quality Oxycodone w proszku na sprzeda\u017c, Quality Oxycodone w proszku na sprzeda\u017c w pobli\u017cu mnie, kupi\u0107 Quality Oxycodone w proszku online w pobli\u017cu mnie , Gdzie kupi\u0107 Jako\u015b\u0107 Oxycodone w proszku online, Jako\u015b\u0107 Oxycodone w proszku na sprzeda\u017c w USA, USA, Kanada, UK, kupi\u0107, online, dostawc\u00f3w, bezpiecznej dostawy, Mo\u017cna jeszcze dosta\u0107 Jako\u015b\u0107 Oxycodone w proszku, Czy Jako\u015b\u0107 Oxycodone w proszku legalne w USA, kupi\u0107 Jako\u015b\u0107 Oxycodone w proszku online USA, jak zam\u00f3wi\u0107 Jako\u015b\u0107 Oxycodone w proszku, Czy Jako\u015b\u0107 Oxycodone w proszku legalne w Kanadzie<\/strong><\/pre>","protected":false},"featured_media":10400,"template":"","meta":[],"product_brand":[],"product_cat":[79],"product_tag":[],"class_list":{"0":"post-10379","1":"product","2":"type-product","3":"status-publish","4":"has-post-thumbnail","6":"product_cat-research-chemicals-and-bath-salt","8":"first","9":"instock","10":"shipping-taxable","11":"purchasable","12":"product-type-variable"},"tiered_pricing_type":"fixed","tiered_pricing_fixed_rules":[],"tiered_pricing_percentage_rules":[],"tiered_pricing_minimum":1,"_administrator_tiered_pricing_type":"fixed","_administrator_tiered_pricing_fixed_rules":[],"_editor_tiered_pricing_type":"fixed","_editor_tiered_pricing_fixed_rules":[],"_author_tiered_pricing_type":"fixed","_author_tiered_pricing_fixed_rules":[],"_contributor_tiered_pricing_type":"fixed","_contributor_tiered_pricing_fixed_rules":[],"_subscriber_tiered_pricing_type":"fixed","_subscriber_tiered_pricing_fixed_rules":[],"_customer_tiered_pricing_type":"fixed","_customer_tiered_pricing_fixed_rules":[],"_shop_manager_tiered_pricing_type":"fixed","_shop_manager_tiered_pricing_fixed_rules":[],"_wpseo_manager_tiered_pricing_type":"fixed","_wpseo_manager_tiered_pricing_fixed_rules":[],"_wpseo_editor_tiered_pricing_type":"fixed","_wpseo_editor_tiered_pricing_fixed_rules":[],"yoast_head":"<!-- This site is optimized with the Yoast SEO plugin v26.8 - https:\/\/yoast.com\/product\/yoast-seo-wordpress\/ -->\n<title>Buy Quality Oxycodone powder online - Cheap price, top quality<\/title>\n<meta name=\"description\" content=\"Buy Quality Oxycodone powder Online at an affordable price at stonersmeds. All products are lab qualified and have premium quality.\" \/>\n<meta name=\"robots\" content=\"index, follow, max-snippet:-1, max-image-preview:large, max-video-preview:-1\" \/>\n<link rel=\"canonical\" href=\"https:\/\/trustwhite.com\/pl\/shop\/buy-quality-oxycodone-powder-online\/\" \/>\n<meta property=\"og:locale\" content=\"pl_PL\" \/>\n<meta property=\"og:type\" content=\"article\" \/>\n<meta property=\"og:title\" content=\"Buy Quality Oxycodone powder online - Cheap price, top quality\" \/>\n<meta property=\"og:description\" content=\"Buy Quality Oxycodone powder Online at an affordable price at stonersmeds. All products are lab qualified and have premium quality.\" \/>\n<meta property=\"og:url\" content=\"https:\/\/trustwhite.com\/pl\/shop\/buy-quality-oxycodone-powder-online\/\" \/>\n<meta property=\"og:site_name\" content=\"stonersmeds.com\" \/>\n<meta property=\"article:modified_time\" content=\"2022-12-30T18:36:29+00:00\" \/>\n<meta property=\"og:image\" content=\"https:\/\/trustwhite.com\/wp-content\/uploads\/2022\/03\/buy-quality-oxycodone-powder-online.jpg\" \/>\n\t<meta property=\"og:image:width\" content=\"600\" \/>\n\t<meta property=\"og:image:height\" content=\"600\" \/>\n\t<meta property=\"og:image:type\" content=\"image\/jpeg\" \/>\n<meta name=\"twitter:card\" content=\"summary_large_image\" \/>\n<meta name=\"twitter:label1\" content=\"Szacowany czas czytania\" \/>\n\t<meta name=\"twitter:data1\" content=\"1 minuta\" \/>\n<script type=\"application\/ld+json\" class=\"yoast-schema-graph\">{\"@context\":\"https:\/\/schema.org\",\"@graph\":[{\"@type\":\"WebPage\",\"@id\":\"https:\/\/trustwhite.com\/shop\/buy-quality-oxycodone-powder-online\/\",\"url\":\"https:\/\/trustwhite.com\/shop\/buy-quality-oxycodone-powder-online\/\",\"name\":\"Buy Quality Oxycodone powder online - Cheap price, top quality\",\"isPartOf\":{\"@id\":\"https:\/\/trustwhite.com\/el\/#website\"},\"primaryImageOfPage\":{\"@id\":\"https:\/\/trustwhite.com\/shop\/buy-quality-oxycodone-powder-online\/#primaryimage\"},\"image\":{\"@id\":\"https:\/\/trustwhite.com\/shop\/buy-quality-oxycodone-powder-online\/#primaryimage\"},\"thumbnailUrl\":\"https:\/\/trustwhite.com\/wp-content\/uploads\/2022\/03\/buy-quality-oxycodone-powder-online.jpg\",\"datePublished\":\"2022-03-12T07:19:18+00:00\",\"dateModified\":\"2022-12-30T18:36:29+00:00\",\"description\":\"Buy Quality Oxycodone powder Online at an affordable price at stonersmeds. All products are lab qualified and have premium quality.\",\"breadcrumb\":{\"@id\":\"https:\/\/trustwhite.com\/shop\/buy-quality-oxycodone-powder-online\/#breadcrumb\"},\"inLanguage\":\"pl-PL\",\"potentialAction\":[{\"@type\":\"ReadAction\",\"target\":[\"https:\/\/trustwhite.com\/shop\/buy-quality-oxycodone-powder-online\/\"]}]},{\"@type\":\"ImageObject\",\"inLanguage\":\"pl-PL\",\"@id\":\"https:\/\/trustwhite.com\/shop\/buy-quality-oxycodone-powder-online\/#primaryimage\",\"url\":\"https:\/\/trustwhite.com\/wp-content\/uploads\/2022\/03\/buy-quality-oxycodone-powder-online.jpg\",\"contentUrl\":\"https:\/\/trustwhite.com\/wp-content\/uploads\/2022\/03\/buy-quality-oxycodone-powder-online.jpg\",\"width\":600,\"height\":600},{\"@type\":\"BreadcrumbList\",\"@id\":\"https:\/\/trustwhite.com\/shop\/buy-quality-oxycodone-powder-online\/#breadcrumb\",\"itemListElement\":[{\"@type\":\"ListItem\",\"position\":1,\"name\":\"Home\",\"item\":\"https:\/\/trustwhite.com\/el\/\"},{\"@type\":\"ListItem\",\"position\":2,\"name\":\"Shop\",\"item\":\"https:\/\/trustwhite.com\/el\/shop\/\"},{\"@type\":\"ListItem\",\"position\":3,\"name\":\"Buy Quality Oxycodone powder online\"}]},{\"@type\":\"WebSite\",\"@id\":\"https:\/\/trustwhite.com\/el\/#website\",\"url\":\"https:\/\/trustwhite.com\/el\/\",\"name\":\"stonersmeds.com\",\"description\":\"verschreibungspflichtige Medizin kaufen\",\"potentialAction\":[{\"@type\":\"SearchAction\",\"target\":{\"@type\":\"EntryPoint\",\"urlTemplate\":\"https:\/\/trustwhite.com\/el\/?s={search_term_string}\"},\"query-input\":{\"@type\":\"PropertyValueSpecification\",\"valueRequired\":true,\"valueName\":\"search_term_string\"}}],\"inLanguage\":\"pl-PL\"}]}<\/script>\n<!-- \/ Yoast SEO plugin. -->","yoast_head_json":{"title":"Kupi\u0107 Jako\u015b\u0107 Oxycodone proszku online - Taniej ceny, najwy\u017cszej jako\u015bci","description":"Kup jako\u015bci Oxycodone proszek Online w przyst\u0119pnej cenie w stonersmeds. Wszystkie produkty s\u0105 kwalifikowane laboratoryjnie i maj\u0105 jako\u015b\u0107 premium.","robots":{"index":"index","follow":"follow","max-snippet":"max-snippet:-1","max-image-preview":"max-image-preview:large","max-video-preview":"max-video-preview:-1"},"canonical":"https:\/\/trustwhite.com\/pl\/shop\/buy-quality-oxycodone-powder-online\/","og_locale":"pl_PL","og_type":"article","og_title":"Buy Quality Oxycodone powder online - Cheap price, top quality","og_description":"Buy Quality Oxycodone powder Online at an affordable price at stonersmeds. All products are lab qualified and have premium quality.","og_url":"https:\/\/trustwhite.com\/pl\/shop\/buy-quality-oxycodone-powder-online\/","og_site_name":"stonersmeds.com","article_modified_time":"2022-12-30T18:36:29+00:00","og_image":[{"width":600,"height":600,"url":"https:\/\/trustwhite.com\/wp-content\/uploads\/2022\/03\/buy-quality-oxycodone-powder-online.jpg","type":"image\/jpeg"}],"twitter_card":"summary_large_image","twitter_misc":{"Szacowany czas czytania":"1 minuta"},"schema":{"@context":"https:\/\/schema.org","@graph":[{"@type":"WebPage","@id":"https:\/\/trustwhite.com\/shop\/buy-quality-oxycodone-powder-online\/","url":"https:\/\/trustwhite.com\/shop\/buy-quality-oxycodone-powder-online\/","name":"Kupi\u0107 Jako\u015b\u0107 Oxycodone proszku online - Taniej ceny, najwy\u017cszej jako\u015bci","isPartOf":{"@id":"https:\/\/trustwhite.com\/el\/#website"},"primaryImageOfPage":{"@id":"https:\/\/trustwhite.com\/shop\/buy-quality-oxycodone-powder-online\/#primaryimage"},"image":{"@id":"https:\/\/trustwhite.com\/shop\/buy-quality-oxycodone-powder-online\/#primaryimage"},"thumbnailUrl":"https:\/\/trustwhite.com\/wp-content\/uploads\/2022\/03\/buy-quality-oxycodone-powder-online.jpg","datePublished":"2022-03-12T07:19:18+00:00","dateModified":"2022-12-30T18:36:29+00:00","description":"Kup jako\u015bci Oxycodone proszek Online w przyst\u0119pnej cenie w stonersmeds. Wszystkie produkty s\u0105 kwalifikowane laboratoryjnie i maj\u0105 jako\u015b\u0107 premium.","breadcrumb":{"@id":"https:\/\/trustwhite.com\/shop\/buy-quality-oxycodone-powder-online\/#breadcrumb"},"inLanguage":"pl-PL","potentialAction":[{"@type":"ReadAction","target":["https:\/\/trustwhite.com\/shop\/buy-quality-oxycodone-powder-online\/"]}]},{"@type":"ImageObject","inLanguage":"pl-PL","@id":"https:\/\/trustwhite.com\/shop\/buy-quality-oxycodone-powder-online\/#primaryimage","url":"https:\/\/trustwhite.com\/wp-content\/uploads\/2022\/03\/buy-quality-oxycodone-powder-online.jpg","contentUrl":"https:\/\/trustwhite.com\/wp-content\/uploads\/2022\/03\/buy-quality-oxycodone-powder-online.jpg","width":600,"height":600},{"@type":"BreadcrumbList","@id":"https:\/\/trustwhite.com\/shop\/buy-quality-oxycodone-powder-online\/#breadcrumb","itemListElement":[{"@type":"ListItem","position":1,"name":"Home","item":"https:\/\/trustwhite.com\/el\/"},{"@type":"ListItem","position":2,"name":"Shop","item":"https:\/\/trustwhite.com\/el\/shop\/"},{"@type":"ListItem","position":3,"name":"Buy Quality Oxycodone powder online"}]},{"@type":"WebSite","@id":"https:\/\/trustwhite.com\/el\/#website","url":"https:\/\/trustwhite.com\/el\/","name":"stonersmeds.com","description":"verschreibungspflichtige Medizin kaufen","potentialAction":[{"@type":"SearchAction","target":{"@type":"EntryPoint","urlTemplate":"https:\/\/trustwhite.com\/el\/?s={search_term_string}"},"query-input":{"@type":"PropertyValueSpecification","valueRequired":true,"valueName":"search_term_string"}}],"inLanguage":"pl-PL"}]}},"_links":{"self":[{"href":"https:\/\/trustwhite.com\/pl\/wp-json\/wp\/v2\/product\/10379","targetHints":{"allow":["GET"]}}],"collection":[{"href":"https:\/\/trustwhite.com\/pl\/wp-json\/wp\/v2\/product"}],"about":[{"href":"https:\/\/trustwhite.com\/pl\/wp-json\/wp\/v2\/types\/product"}],"version-history":[{"count":0,"href":"https:\/\/trustwhite.com\/pl\/wp-json\/wp\/v2\/product\/10379\/revisions"}],"wp:featuredmedia":[{"embeddable":true,"href":"https:\/\/trustwhite.com\/pl\/wp-json\/wp\/v2\/media\/10400"}],"wp:attachment":[{"href":"https:\/\/trustwhite.com\/pl\/wp-json\/wp\/v2\/media?parent=10379"}],"wp:term":[{"taxonomy":"product_brand","embeddable":true,"href":"https:\/\/trustwhite.com\/pl\/wp-json\/wp\/v2\/product_brand?post=10379"},{"taxonomy":"product_cat","embeddable":true,"href":"https:\/\/trustwhite.com\/pl\/wp-json\/wp\/v2\/product_cat?post=10379"},{"taxonomy":"product_tag","embeddable":true,"href":"https:\/\/trustwhite.com\/pl\/wp-json\/wp\/v2\/product_tag?post=10379"}],"curies":[{"name":"wp","href":"https:\/\/api.w.org\/{rel}","templated":true}]}}