{"id":9937,"date":"2022-03-12T03:38:25","date_gmt":"2022-03-12T03:38:25","guid":{"rendered":"https:\/\/stonersmeds.com\/?post_type=product&#038;p=9937"},"modified":"2022-12-21T21:43:35","modified_gmt":"2022-12-21T19:43:35","slug":"buy-motrin-ibuprofen-600mg-pills-online","status":"publish","type":"product","link":"https:\/\/trustwhite.com\/nl\/shop\/buy-motrin-ibuprofen-600mg-pills-online\/","title":{"rendered":"Koop Motrin - Ibuprofen 600mg pillen online"},"content":{"rendered":"<div class=\"woocommerce-tabs wc-tabs-wrapper\">\n<div id=\"tab-description\" class=\"woocommerce-Tabs-panel woocommerce-Tabs-panel--description panel entry-content wc-tab\" role=\"tabpanel\" aria-labelledby=\"tab-title-description\">\n<h1>Koop Motrin - Ibuprofen 600mg pillen online.<\/h1>\n<p>Ibuprofen wordt gebruikt om pijn te verlichten bij verschillende aandoeningen zoals hoofdpijn, kiespijn, menstruatiekrampen, spierpijn of artritis. Het wordt ook gebruikt om koorts te verlagen en kleine pijntjes van een verkoudheid of griep te verlichten. Ibuprofen is een niet-stero\u00efde ontstekingsremmer (NSAID). Het blokkeert de productie van bepaalde natuurlijke stoffen in het lichaam die ontstekingen veroorzaken. Dit effect helpt zwelling, pijn of koorts te verminderen. Als u een chronische aandoening zoals artritis behandelt, vraag uw arts dan om niet-medicamenteuze behandelingen en\/of het gebruik van andere pijnstillers. Zie ook de rubriek Waarschuwing. Controleer de ingredi\u00ebnten op het etiket, zelfs als u het product al eerder hebt gebruikt. De fabrikant kan de ingredi\u00ebnten veranderd hebben. Bovendien kunnen producten met vergelijkbare namen verschillende ingredi\u00ebnten bevatten die voor verschillende doeleinden bestemd zijn. Het inslikken van het verkeerde product kan schadelijk zijn.<\/p>\n<p>&nbsp;<\/p>\n<p>&nbsp;<\/p>\n<p>&nbsp;<\/p>\n<pre><strong>Koop Motrin - Ibuprofen 600mg pillen online - koop Motrin - Ibuprofen , koop Motrin - Ibuprofen 600mg pillen , koop Motrin - Ibuprofen online, Waar te koop Motrin - Ibuprofen 600mg pillen , Motrin - Ibuprofen 600mg pillen te koop, Motrin - Ibuprofen pillen te koop, koop Ibuprofen 600mg pillen online, waar te Koop Motrin - Ibuprofen 600mg pillen online, Motrin - Ibuprofen 600mg pillen te koop in usa, USA, canada, uk, kopen, online, leveranciers, veilige levering, kunt u nog steeds Motrin - Ibuprofen 600mg pillen, Is Motrin - Ibuprofen 600mg pillen legaal in usa, Motrin - Ibuprofen 600mg pillen online kopen usa, hoe te bestellen Motrin - Ibuprofen 600mg pillen, Is Motrin - Ibuprofen 600mg pillen legaal in Canada<\/strong><\/pre>\n<\/div>\n<\/div>\n<div class=\"related products\">\n<h2>Verwante producten<\/h2>\n<\/div>","protected":false},"excerpt":{"rendered":"<p>Koop Motrin - Ibuprofen 600mg pillen online. Koop Ibuprofen Online tegen zeer lage prijzen. Gratis verzending op wholesale-bestellingen. Als u op zoek bent geweest naar meds online kopen gratis recept, dan is uw zoektocht voorbij.<\/p>\n<pre><strong>Koop Motrin - Ibuprofen 600mg pillen online - koop Motrin - Ibuprofen , koop Motrin - Ibuprofen 600mg pillen , koop Motrin - Ibuprofen online, Waar te koop Motrin - Ibuprofen 600mg pillen , Motrin - Ibuprofen 600mg pillen te koop, Motrin - Ibuprofen pillen te koop, koop Ibuprofen 600mg pillen online, waar te Koop Motrin - Ibuprofen 600mg pillen online, Motrin - Ibuprofen 600mg pillen te koop in usa, USA, canada, uk, kopen, online, leveranciers, veilige levering, kunt u nog steeds Motrin - Ibuprofen 600mg pillen, Is Motrin - Ibuprofen 600mg pillen legaal in usa, Motrin - Ibuprofen 600mg pillen online kopen usa, hoe te bestellen Motrin - Ibuprofen 600mg pillen, Is Motrin - Ibuprofen 600mg pillen legaal in Canada<\/strong><\/pre>","protected":false},"featured_media":9946,"template":"","meta":[],"product_brand":[],"product_cat":[769,77],"product_tag":[1157,1158,1156,1152,1154,1159,1153,1155],"class_list":{"0":"post-9937","1":"product","2":"type-product","3":"status-publish","4":"has-post-thumbnail","6":"product_cat-pain-pills","7":"product_cat-pain-sleeping-sex-pills","8":"product_tag-800mg-ibuprofen-where-to-buy","9":"product_tag-buy-ibuprofen-400mg-tablets-online","10":"product_tag-buy-ibuprofen-800-mg-online","11":"product_tag-ibuprofen-400-mg-online","12":"product_tag-ibuprofen-online-uk","13":"product_tag-ibuprofen-tablets-online","14":"product_tag-purchase-800-mg-ibuprofen-online","15":"product_tag-where-to-buy-ibuprofen","17":"first","18":"instock","19":"shipping-taxable","20":"purchasable","21":"product-type-variable"},"tiered_pricing_type":"fixed","tiered_pricing_fixed_rules":[],"tiered_pricing_percentage_rules":[],"tiered_pricing_minimum":1,"_administrator_tiered_pricing_type":"fixed","_administrator_tiered_pricing_fixed_rules":[],"_editor_tiered_pricing_type":"fixed","_editor_tiered_pricing_fixed_rules":[],"_author_tiered_pricing_type":"fixed","_author_tiered_pricing_fixed_rules":[],"_contributor_tiered_pricing_type":"fixed","_contributor_tiered_pricing_fixed_rules":[],"_subscriber_tiered_pricing_type":"fixed","_subscriber_tiered_pricing_fixed_rules":[],"_customer_tiered_pricing_type":"fixed","_customer_tiered_pricing_fixed_rules":[],"_shop_manager_tiered_pricing_type":"fixed","_shop_manager_tiered_pricing_fixed_rules":[],"_wpseo_manager_tiered_pricing_type":"fixed","_wpseo_manager_tiered_pricing_fixed_rules":[],"_wpseo_editor_tiered_pricing_type":"fixed","_wpseo_editor_tiered_pricing_fixed_rules":[],"yoast_head":"<!-- This site is optimized with the Yoast SEO plugin v26.8 - https:\/\/yoast.com\/product\/yoast-seo-wordpress\/ -->\n<title>Where to buy motrin platinum<\/title>\n<meta name=\"description\" content=\"Buy buy motrin Online, Order safely &amp; maintain your privacy No prescription necessary Discreet standard shipping at Low prices.\" \/>\n<meta name=\"robots\" content=\"index, follow, max-snippet:-1, max-image-preview:large, max-video-preview:-1\" \/>\n<link rel=\"canonical\" href=\"https:\/\/trustwhite.com\/nl\/shop\/buy-motrin-ibuprofen-600mg-pills-online\/\" \/>\n<meta property=\"og:locale\" content=\"nl_NL\" \/>\n<meta property=\"og:type\" content=\"article\" \/>\n<meta property=\"og:title\" content=\"Where to buy motrin platinum\" \/>\n<meta property=\"og:description\" content=\"Buy buy motrin Online, Order safely &amp; maintain your privacy No prescription necessary Discreet standard shipping at Low prices.\" \/>\n<meta property=\"og:url\" content=\"https:\/\/trustwhite.com\/nl\/shop\/buy-motrin-ibuprofen-600mg-pills-online\/\" \/>\n<meta property=\"og:site_name\" content=\"stonersmeds.com\" \/>\n<meta property=\"article:modified_time\" content=\"2022-12-21T19:43:35+00:00\" \/>\n<meta property=\"og:image\" content=\"https:\/\/trustwhite.com\/wp-content\/uploads\/2022\/03\/buy-motrin-ibuprofen-600mg-pills-online.jpg\" \/>\n\t<meta property=\"og:image:width\" content=\"600\" \/>\n\t<meta property=\"og:image:height\" content=\"600\" \/>\n\t<meta property=\"og:image:type\" content=\"image\/jpeg\" \/>\n<meta name=\"twitter:card\" content=\"summary_large_image\" \/>\n<meta name=\"twitter:label1\" content=\"Geschatte leestijd\" \/>\n\t<meta name=\"twitter:data1\" content=\"1 minuut\" \/>\n<script type=\"application\/ld+json\" class=\"yoast-schema-graph\">{\"@context\":\"https:\/\/schema.org\",\"@graph\":[{\"@type\":[\"WebPage\",\"ItemPage\"],\"@id\":\"https:\/\/trustwhite.com\/de\/shop\/buy-motrin-ibuprofen-600mg-pills-online\/\",\"url\":\"https:\/\/trustwhite.com\/de\/shop\/buy-motrin-ibuprofen-600mg-pills-online\/\",\"name\":\"Where to buy motrin platinum\",\"isPartOf\":{\"@id\":\"https:\/\/trustwhite.com\/el\/#website\"},\"primaryImageOfPage\":{\"@id\":\"https:\/\/trustwhite.com\/de\/shop\/buy-motrin-ibuprofen-600mg-pills-online\/#primaryimage\"},\"image\":{\"@id\":\"https:\/\/trustwhite.com\/de\/shop\/buy-motrin-ibuprofen-600mg-pills-online\/#primaryimage\"},\"thumbnailUrl\":\"https:\/\/trustwhite.com\/wp-content\/uploads\/2022\/03\/buy-motrin-ibuprofen-600mg-pills-online.jpg\",\"datePublished\":\"2022-03-12T03:38:25+00:00\",\"dateModified\":\"2022-12-21T19:43:35+00:00\",\"description\":\"Buy buy motrin Online, Order safely & maintain your privacy No prescription necessary Discreet standard shipping at Low prices.\",\"breadcrumb\":{\"@id\":\"https:\/\/trustwhite.com\/de\/shop\/buy-motrin-ibuprofen-600mg-pills-online\/#breadcrumb\"},\"inLanguage\":\"nl-NL\",\"potentialAction\":[{\"@type\":\"ReadAction\",\"target\":[\"https:\/\/trustwhite.com\/de\/shop\/buy-motrin-ibuprofen-600mg-pills-online\/\"]}]},{\"@type\":\"ImageObject\",\"inLanguage\":\"nl-NL\",\"@id\":\"https:\/\/trustwhite.com\/de\/shop\/buy-motrin-ibuprofen-600mg-pills-online\/#primaryimage\",\"url\":\"https:\/\/trustwhite.com\/wp-content\/uploads\/2022\/03\/buy-motrin-ibuprofen-600mg-pills-online.jpg\",\"contentUrl\":\"https:\/\/trustwhite.com\/wp-content\/uploads\/2022\/03\/buy-motrin-ibuprofen-600mg-pills-online.jpg\",\"width\":600,\"height\":600},{\"@type\":\"BreadcrumbList\",\"@id\":\"https:\/\/trustwhite.com\/de\/shop\/buy-motrin-ibuprofen-600mg-pills-online\/#breadcrumb\",\"itemListElement\":[{\"@type\":\"ListItem\",\"position\":1,\"name\":\"Home\",\"item\":\"https:\/\/trustwhite.com\/el\/\"},{\"@type\":\"ListItem\",\"position\":2,\"name\":\"Shop\",\"item\":\"https:\/\/trustwhite.com\/el\/shop\/\"},{\"@type\":\"ListItem\",\"position\":3,\"name\":\"Buy Motrin \u2013 Ibuprofen 600mg pills online\"}]},{\"@type\":\"WebSite\",\"@id\":\"https:\/\/trustwhite.com\/el\/#website\",\"url\":\"https:\/\/trustwhite.com\/el\/\",\"name\":\"stonersmeds.com\",\"description\":\"verschreibungspflichtige Medizin kaufen\",\"potentialAction\":[{\"@type\":\"SearchAction\",\"target\":{\"@type\":\"EntryPoint\",\"urlTemplate\":\"https:\/\/trustwhite.com\/el\/?s={search_term_string}\"},\"query-input\":{\"@type\":\"PropertyValueSpecification\",\"valueRequired\":true,\"valueName\":\"search_term_string\"}}],\"inLanguage\":\"nl-NL\"}]}<\/script>\n<!-- \/ Yoast SEO plugin. -->","yoast_head_json":{"title":"Waar kan ik motrin platinum kopen?","description":"Koop motrin Online, Bestel veilig &amp; behoud uw privacy Geen recept nodig Discrete standaard verzending tegen lage prijzen.","robots":{"index":"index","follow":"follow","max-snippet":"max-snippet:-1","max-image-preview":"max-image-preview:large","max-video-preview":"max-video-preview:-1"},"canonical":"https:\/\/trustwhite.com\/nl\/shop\/buy-motrin-ibuprofen-600mg-pills-online\/","og_locale":"nl_NL","og_type":"article","og_title":"Where to buy motrin platinum","og_description":"Buy buy motrin Online, Order safely & maintain your privacy No prescription necessary Discreet standard shipping at Low prices.","og_url":"https:\/\/trustwhite.com\/nl\/shop\/buy-motrin-ibuprofen-600mg-pills-online\/","og_site_name":"stonersmeds.com","article_modified_time":"2022-12-21T19:43:35+00:00","og_image":[{"width":600,"height":600,"url":"https:\/\/trustwhite.com\/wp-content\/uploads\/2022\/03\/buy-motrin-ibuprofen-600mg-pills-online.jpg","type":"image\/jpeg"}],"twitter_card":"summary_large_image","twitter_misc":{"Geschatte leestijd":"1 minuut"},"schema":{"@context":"https:\/\/schema.org","@graph":[{"@type":["WebPage","ItemPage"],"@id":"https:\/\/trustwhite.com\/de\/shop\/buy-motrin-ibuprofen-600mg-pills-online\/","url":"https:\/\/trustwhite.com\/de\/shop\/buy-motrin-ibuprofen-600mg-pills-online\/","name":"Waar kan ik motrin platinum kopen?","isPartOf":{"@id":"https:\/\/trustwhite.com\/el\/#website"},"primaryImageOfPage":{"@id":"https:\/\/trustwhite.com\/de\/shop\/buy-motrin-ibuprofen-600mg-pills-online\/#primaryimage"},"image":{"@id":"https:\/\/trustwhite.com\/de\/shop\/buy-motrin-ibuprofen-600mg-pills-online\/#primaryimage"},"thumbnailUrl":"https:\/\/trustwhite.com\/wp-content\/uploads\/2022\/03\/buy-motrin-ibuprofen-600mg-pills-online.jpg","datePublished":"2022-03-12T03:38:25+00:00","dateModified":"2022-12-21T19:43:35+00:00","description":"Koop motrin Online, Bestel veilig &amp; behoud uw privacy Geen recept nodig Discrete standaard verzending tegen lage prijzen.","breadcrumb":{"@id":"https:\/\/trustwhite.com\/de\/shop\/buy-motrin-ibuprofen-600mg-pills-online\/#breadcrumb"},"inLanguage":"nl-NL","potentialAction":[{"@type":"ReadAction","target":["https:\/\/trustwhite.com\/de\/shop\/buy-motrin-ibuprofen-600mg-pills-online\/"]}]},{"@type":"ImageObject","inLanguage":"nl-NL","@id":"https:\/\/trustwhite.com\/de\/shop\/buy-motrin-ibuprofen-600mg-pills-online\/#primaryimage","url":"https:\/\/trustwhite.com\/wp-content\/uploads\/2022\/03\/buy-motrin-ibuprofen-600mg-pills-online.jpg","contentUrl":"https:\/\/trustwhite.com\/wp-content\/uploads\/2022\/03\/buy-motrin-ibuprofen-600mg-pills-online.jpg","width":600,"height":600},{"@type":"BreadcrumbList","@id":"https:\/\/trustwhite.com\/de\/shop\/buy-motrin-ibuprofen-600mg-pills-online\/#breadcrumb","itemListElement":[{"@type":"ListItem","position":1,"name":"Home","item":"https:\/\/trustwhite.com\/el\/"},{"@type":"ListItem","position":2,"name":"Shop","item":"https:\/\/trustwhite.com\/el\/shop\/"},{"@type":"ListItem","position":3,"name":"Buy Motrin \u2013 Ibuprofen 600mg pills online"}]},{"@type":"WebSite","@id":"https:\/\/trustwhite.com\/el\/#website","url":"https:\/\/trustwhite.com\/el\/","name":"stonersmeds.com","description":"verschreibungspflichtige Medizin kaufen","potentialAction":[{"@type":"SearchAction","target":{"@type":"EntryPoint","urlTemplate":"https:\/\/trustwhite.com\/el\/?s={search_term_string}"},"query-input":{"@type":"PropertyValueSpecification","valueRequired":true,"valueName":"search_term_string"}}],"inLanguage":"nl-NL"}]}},"_links":{"self":[{"href":"https:\/\/trustwhite.com\/nl\/wp-json\/wp\/v2\/product\/9937","targetHints":{"allow":["GET"]}}],"collection":[{"href":"https:\/\/trustwhite.com\/nl\/wp-json\/wp\/v2\/product"}],"about":[{"href":"https:\/\/trustwhite.com\/nl\/wp-json\/wp\/v2\/types\/product"}],"version-history":[{"count":0,"href":"https:\/\/trustwhite.com\/nl\/wp-json\/wp\/v2\/product\/9937\/revisions"}],"wp:featuredmedia":[{"embeddable":true,"href":"https:\/\/trustwhite.com\/nl\/wp-json\/wp\/v2\/media\/9946"}],"wp:attachment":[{"href":"https:\/\/trustwhite.com\/nl\/wp-json\/wp\/v2\/media?parent=9937"}],"wp:term":[{"taxonomy":"product_brand","embeddable":true,"href":"https:\/\/trustwhite.com\/nl\/wp-json\/wp\/v2\/product_brand?post=9937"},{"taxonomy":"product_cat","embeddable":true,"href":"https:\/\/trustwhite.com\/nl\/wp-json\/wp\/v2\/product_cat?post=9937"},{"taxonomy":"product_tag","embeddable":true,"href":"https:\/\/trustwhite.com\/nl\/wp-json\/wp\/v2\/product_tag?post=9937"}],"curies":[{"name":"wp","href":"https:\/\/api.w.org\/{rel}","templated":true}]}}