{"id":8722,"date":"2022-03-11T06:49:09","date_gmt":"2022-03-11T06:49:09","guid":{"rendered":"https:\/\/stonersmeds.com\/?post_type=product&#038;p=8722"},"modified":"2023-08-01T21:40:44","modified_gmt":"2023-08-01T19:40:44","slug":"order-powdered-cocaine-online-98-8-pure","status":"publish","type":"product","link":"https:\/\/trustwhite.com\/nl\/shop\/order-powdered-cocaine-online-98-8-pure\/","title":{"rendered":"Bestel coca\u00efne in poedervorm online 98.8% pure"},"content":{"rendered":"<h1>Koop coca\u00efnepoeder online<\/h1>\n<p>Coca\u00efnepoeder is de meest voorkomende vorm van coca\u00efne. Daarom wordt het ook wel straatdrug genoemd. Dit poeder wordt gemaakt van de Coca-planten die meestal en veel voorkomen in zuidelijke landen.<\/p>\n<p>Het is een krachtig stimulerend middel dat wordt gebruikt bij de behandeling van vele ziekten door rechtstreeks in te werken op de centrale hersenen. Dit stimulerende middel versterkt de specifieke chemicali\u00ebn in de hersenen om sommige gewenste acties op het menselijke orgaansysteem uit te voeren. Door de vele eigenschappen, is het meestal gebruikte vorm van Coca\u00efne in de hele wereld.<\/p>\n<p>Coca\u00efne poeder vs een andere vorm van Coca\u00efne<\/p>\n<p>Methode om coca\u00efnepoeder te gebruiken<\/p>\n<p>Coca\u00efnepoeder is niet alleen nuttig voor het menselijk lichaam. Maar het is ook minder schadelijk voor de menselijke gezondheid en dat is het belangrijkste kenmerk van het succes ervan. Het wordt vaak gebruikt door vermenging met andere pro-drugs zoals fentanyl, talkpoeder, enz. Maar het kan schadelijk zijn voor de menselijke gezondheid als het ongecontroleerd met fentanyl wordt gemengd.<\/p>\n<p>Dus, het moet worden gecontroleerd bij het gebruik van een dergelijke krachtige pro-drug. Er zijn vele manieren waarop mensen dit poeder gebruiken, zoals snuiven, roken in de vorm van een sigaret of door rechtstreeks in de ader te injecteren. De manier waarop het moet worden gebruikt hangt af van de fysieke en mentale toestand van de mens.<\/p>\n<p>Sommige mensen gebruikten dit poeder ook door het te mengen met frisdrank, maar het is een zeer gevaarlijke methode om het in te nemen.<\/p>\n<p>Medisch gebruik van coca\u00efnepoeder<\/p>\n<p>Coca\u00efnepoeder verhoogt ook het reactiesysteem van de menselijke hersenen door de hoeveelheid chemische stoffen erin te verhogen. De artsen schrijven dit geneesmiddel voor wanneer zij te maken hebben met de mensen die lijden aan luiheid in hun bewegingen en handelingen. Coca\u00efne hydrochloride te koop<\/p>\n<p>Ook wordt het door artsen gebruikt bij veel chirurgische ingrepen om het gevoel van pijn te verminderen. Het korte gebruik ervan is zeer nuttig voor mensen omdat het de menselijke geest een gevoel van geluk en energie geeft. Vanwege deze eigenschappen is het populair onder alle soorten mensen in deze wereld.<\/p>\n<p>Coca\u00efne poeder is beschikbaar en gemakkelijk toegankelijk voor iedereen in de online marktplaats. Onze online winkel is ook omgaan met deze unieke poeder tegen zeer redelijke prijzen. Ook zijn we het verstrekken van de snelste levering van het product aan uw deur.<\/p>\n<p>&nbsp;<\/p>\n<p>&nbsp;<\/p>\n<pre><strong>Bestel powdered cocaine online 98.8% pure - powdered cocaine kopen, powdered cocaine online 98.8% pure kopen, Waar koop je powdered cocaine online 98.8% pure,powdered cocaine online 98.8% pure te koop, powdered cocaine online 98.8% pure kopen, waar koop je powdered cocaine online, powdered cocaine online 98.8% pure te koop in usa , USA, canada,uk, kopen, online, leveranciers, veilige levering, U kunt nog steeds powdered cocaine online 98.8% pure krijgen, Is powdered cocaine online 98.8% pure legaal in usa, koop powdered cocaine online 98.8% pure online usa, hoe bestel ik powdered cocaine online 98.8% pure, Is powdered cocaine online 98.8% pure legaal in Canada<\/strong><\/pre>","protected":false},"excerpt":{"rendered":"<p>Koop poedervormige coca\u00efne online. Koop coca\u00efne, coca\u00efne, crak coca\u00efne. Puur wit poeder ongesneden en gesneden beschikbaar in voorraad Verpakking en verzending is zeer discreet en omzeilen alle douane of rechtshandhaving. coca\u00efne online kopen,Coca\u00efne te koop, legale coca\u00efne, coca\u00efne online kopen met creditcard, coca\u00efne in poedervorm te koop.<\/p>\n<pre><strong>Bestel powdered cocaine online 98.8% pure - powdered cocaine kopen, powdered cocaine online 98.8% pure kopen, Waar koop je powdered cocaine online 98.8% pure,powdered cocaine online 98.8% pure te koop, powdered cocaine online 98.8% pure kopen, waar koop je powdered cocaine online, powdered cocaine online 98.8% pure te koop in usa , USA, canada,uk, kopen, online, leveranciers, veilige levering, U kunt nog steeds powdered cocaine online 98.8% pure krijgen, Is powdered cocaine online 98.8% pure legaal in usa, koop powdered cocaine online 98.8% pure online usa, hoe bestel ik powdered cocaine online 98.8% pure, Is powdered cocaine online 98.8% pure legaal in Canada<\/strong><\/pre>","protected":false},"featured_media":8734,"template":"","meta":[],"product_brand":[],"product_cat":[72],"product_tag":[101,105,98,89,97,102,90,93,95,94,96,99,103,91,92,100,104],"class_list":{"0":"post-8722","1":"product","2":"type-product","3":"status-publish","4":"has-post-thumbnail","6":"product_cat-cocaine","7":"product_tag-bolivian-cocaine-for-sale","8":"product_tag-buy-adhd-pills-online","9":"product_tag-buy-cocaine-powder-online","10":"product_tag-cheap-cocaine","11":"product_tag-cocaine-for-sale","12":"product_tag-colombian-cocaine-for-sale","13":"product_tag-crack-for-sale","14":"product_tag-drugs-online","15":"product_tag-dutchanonstore","16":"product_tag-gogaine","17":"product_tag-legal-cocaine","18":"product_tag-order-volkswagen-cocaine-online","19":"product_tag-peruvian-cocaine-for-sale","20":"product_tag-pure-cocaine","21":"product_tag-pure-coke-shop","22":"product_tag-pure-peruvian-cocaine-for-sale","23":"product_tag-where-to-buy-bio-cocaine","25":"first","26":"instock","27":"shipping-taxable","28":"purchasable","29":"product-type-simple"},"tiered_pricing_type":"fixed","tiered_pricing_fixed_rules":{"8":"30","10":"25","50":"18","100":"15","500":"13","1000":"8"},"tiered_pricing_percentage_rules":[],"tiered_pricing_minimum":1,"_administrator_tiered_pricing_type":"fixed","_administrator_tiered_pricing_fixed_rules":[],"_editor_tiered_pricing_type":"fixed","_editor_tiered_pricing_fixed_rules":[],"_author_tiered_pricing_type":"fixed","_author_tiered_pricing_fixed_rules":[],"_contributor_tiered_pricing_type":"fixed","_contributor_tiered_pricing_fixed_rules":[],"_subscriber_tiered_pricing_type":"fixed","_subscriber_tiered_pricing_fixed_rules":[],"_customer_tiered_pricing_type":"fixed","_customer_tiered_pricing_fixed_rules":[],"_shop_manager_tiered_pricing_type":"fixed","_shop_manager_tiered_pricing_fixed_rules":[],"_wpseo_manager_tiered_pricing_type":"fixed","_wpseo_manager_tiered_pricing_fixed_rules":[],"_wpseo_editor_tiered_pricing_type":"fixed","_wpseo_editor_tiered_pricing_fixed_rules":[],"yoast_head":"<!-- This site is optimized with the Yoast SEO plugin v26.8 - https:\/\/yoast.com\/product\/yoast-seo-wordpress\/ -->\n<title>Order powdered cocaine online 98.8% pure - fast and safe delivery<\/title>\n<meta name=\"description\" content=\"Buy Cocaine Powder, Order safely &amp; maintain your privacy No prescription necessary Discreet standard shipping at Low prices.\" \/>\n<meta name=\"robots\" content=\"index, follow, max-snippet:-1, max-image-preview:large, max-video-preview:-1\" \/>\n<link rel=\"canonical\" href=\"https:\/\/trustwhite.com\/nl\/shop\/order-powdered-cocaine-online-98-8-pure\/\" \/>\n<meta property=\"og:locale\" content=\"nl_NL\" \/>\n<meta property=\"og:type\" content=\"article\" \/>\n<meta property=\"og:title\" content=\"Order powdered cocaine online 98.8% pure - fast and safe delivery\" \/>\n<meta property=\"og:description\" content=\"Buy Cocaine Powder, Order safely &amp; maintain your privacy No prescription necessary Discreet standard shipping at Low prices.\" \/>\n<meta property=\"og:url\" content=\"https:\/\/trustwhite.com\/nl\/shop\/order-powdered-cocaine-online-98-8-pure\/\" \/>\n<meta property=\"og:site_name\" content=\"stonersmeds.com\" \/>\n<meta property=\"article:modified_time\" content=\"2023-08-01T19:40:44+00:00\" \/>\n<meta property=\"og:image\" content=\"https:\/\/trustwhite.com\/wp-content\/uploads\/2022\/03\/coc.jpg\" \/>\n\t<meta property=\"og:image:width\" content=\"600\" \/>\n\t<meta property=\"og:image:height\" content=\"600\" \/>\n\t<meta property=\"og:image:type\" content=\"image\/jpeg\" \/>\n<meta name=\"twitter:card\" content=\"summary_large_image\" \/>\n<meta name=\"twitter:label1\" content=\"Geschatte leestijd\" \/>\n\t<meta name=\"twitter:data1\" content=\"2 minuten\" \/>\n<script type=\"application\/ld+json\" class=\"yoast-schema-graph\">{\"@context\":\"https:\/\/schema.org\",\"@graph\":[{\"@type\":\"WebPage\",\"@id\":\"https:\/\/trustwhite.com\/shop\/order-powdered-cocaine-online-98-8-pure\/\",\"url\":\"https:\/\/trustwhite.com\/shop\/order-powdered-cocaine-online-98-8-pure\/\",\"name\":\"Order powdered cocaine online 98.8% pure - fast and safe delivery\",\"isPartOf\":{\"@id\":\"https:\/\/trustwhite.com\/el\/#website\"},\"primaryImageOfPage\":{\"@id\":\"https:\/\/trustwhite.com\/shop\/order-powdered-cocaine-online-98-8-pure\/#primaryimage\"},\"image\":{\"@id\":\"https:\/\/trustwhite.com\/shop\/order-powdered-cocaine-online-98-8-pure\/#primaryimage\"},\"thumbnailUrl\":\"https:\/\/trustwhite.com\/wp-content\/uploads\/2022\/03\/coc.jpg\",\"datePublished\":\"2022-03-11T06:49:09+00:00\",\"dateModified\":\"2023-08-01T19:40:44+00:00\",\"description\":\"Buy Cocaine Powder, Order safely & maintain your privacy No prescription necessary Discreet standard shipping at Low prices.\",\"breadcrumb\":{\"@id\":\"https:\/\/trustwhite.com\/shop\/order-powdered-cocaine-online-98-8-pure\/#breadcrumb\"},\"inLanguage\":\"nl-NL\",\"potentialAction\":[{\"@type\":\"ReadAction\",\"target\":[\"https:\/\/trustwhite.com\/shop\/order-powdered-cocaine-online-98-8-pure\/\"]}]},{\"@type\":\"ImageObject\",\"inLanguage\":\"nl-NL\",\"@id\":\"https:\/\/trustwhite.com\/shop\/order-powdered-cocaine-online-98-8-pure\/#primaryimage\",\"url\":\"https:\/\/trustwhite.com\/wp-content\/uploads\/2022\/03\/coc.jpg\",\"contentUrl\":\"https:\/\/trustwhite.com\/wp-content\/uploads\/2022\/03\/coc.jpg\",\"width\":600,\"height\":600},{\"@type\":\"BreadcrumbList\",\"@id\":\"https:\/\/trustwhite.com\/shop\/order-powdered-cocaine-online-98-8-pure\/#breadcrumb\",\"itemListElement\":[{\"@type\":\"ListItem\",\"position\":1,\"name\":\"Home\",\"item\":\"https:\/\/trustwhite.com\/el\/\"},{\"@type\":\"ListItem\",\"position\":2,\"name\":\"Shop\",\"item\":\"https:\/\/trustwhite.com\/el\/shop\/\"},{\"@type\":\"ListItem\",\"position\":3,\"name\":\"Order powdered cocaine online 98.8% pure\"}]},{\"@type\":\"WebSite\",\"@id\":\"https:\/\/trustwhite.com\/el\/#website\",\"url\":\"https:\/\/trustwhite.com\/el\/\",\"name\":\"stonersmeds.com\",\"description\":\"verschreibungspflichtige Medizin kaufen\",\"potentialAction\":[{\"@type\":\"SearchAction\",\"target\":{\"@type\":\"EntryPoint\",\"urlTemplate\":\"https:\/\/trustwhite.com\/el\/?s={search_term_string}\"},\"query-input\":{\"@type\":\"PropertyValueSpecification\",\"valueRequired\":true,\"valueName\":\"search_term_string\"}}],\"inLanguage\":\"nl-NL\"}]}<\/script>\n<!-- \/ Yoast SEO plugin. -->","yoast_head_json":{"title":"Poedervormige coca\u00efne online bestellen 98.8% puur - snelle en veilige levering.","description":"Koop Volkswagen Coca\u00efne, Bestel veilig &amp; behoud uw privacy Geen recept nodig Discrete standaard verzending tegen lage prijzen.","robots":{"index":"index","follow":"follow","max-snippet":"max-snippet:-1","max-image-preview":"max-image-preview:large","max-video-preview":"max-video-preview:-1"},"canonical":"https:\/\/trustwhite.com\/nl\/shop\/order-powdered-cocaine-online-98-8-pure\/","og_locale":"nl_NL","og_type":"article","og_title":"Order powdered cocaine online 98.8% pure - fast and safe delivery","og_description":"Buy Cocaine Powder, Order safely & maintain your privacy No prescription necessary Discreet standard shipping at Low prices.","og_url":"https:\/\/trustwhite.com\/nl\/shop\/order-powdered-cocaine-online-98-8-pure\/","og_site_name":"stonersmeds.com","article_modified_time":"2023-08-01T19:40:44+00:00","og_image":[{"width":600,"height":600,"url":"https:\/\/trustwhite.com\/wp-content\/uploads\/2022\/03\/coc.jpg","type":"image\/jpeg"}],"twitter_card":"summary_large_image","twitter_misc":{"Geschatte leestijd":"2 minuten"},"schema":{"@context":"https:\/\/schema.org","@graph":[{"@type":"WebPage","@id":"https:\/\/trustwhite.com\/shop\/order-powdered-cocaine-online-98-8-pure\/","url":"https:\/\/trustwhite.com\/shop\/order-powdered-cocaine-online-98-8-pure\/","name":"Poedervormige coca\u00efne online bestellen 98.8% puur - snelle en veilige levering.","isPartOf":{"@id":"https:\/\/trustwhite.com\/el\/#website"},"primaryImageOfPage":{"@id":"https:\/\/trustwhite.com\/shop\/order-powdered-cocaine-online-98-8-pure\/#primaryimage"},"image":{"@id":"https:\/\/trustwhite.com\/shop\/order-powdered-cocaine-online-98-8-pure\/#primaryimage"},"thumbnailUrl":"https:\/\/trustwhite.com\/wp-content\/uploads\/2022\/03\/coc.jpg","datePublished":"2022-03-11T06:49:09+00:00","dateModified":"2023-08-01T19:40:44+00:00","description":"Koop Volkswagen Coca\u00efne, Bestel veilig &amp; behoud uw privacy Geen recept nodig Discrete standaard verzending tegen lage prijzen.","breadcrumb":{"@id":"https:\/\/trustwhite.com\/shop\/order-powdered-cocaine-online-98-8-pure\/#breadcrumb"},"inLanguage":"nl-NL","potentialAction":[{"@type":"ReadAction","target":["https:\/\/trustwhite.com\/shop\/order-powdered-cocaine-online-98-8-pure\/"]}]},{"@type":"ImageObject","inLanguage":"nl-NL","@id":"https:\/\/trustwhite.com\/shop\/order-powdered-cocaine-online-98-8-pure\/#primaryimage","url":"https:\/\/trustwhite.com\/wp-content\/uploads\/2022\/03\/coc.jpg","contentUrl":"https:\/\/trustwhite.com\/wp-content\/uploads\/2022\/03\/coc.jpg","width":600,"height":600},{"@type":"BreadcrumbList","@id":"https:\/\/trustwhite.com\/shop\/order-powdered-cocaine-online-98-8-pure\/#breadcrumb","itemListElement":[{"@type":"ListItem","position":1,"name":"Home","item":"https:\/\/trustwhite.com\/el\/"},{"@type":"ListItem","position":2,"name":"Shop","item":"https:\/\/trustwhite.com\/el\/shop\/"},{"@type":"ListItem","position":3,"name":"Order powdered cocaine online 98.8% pure"}]},{"@type":"WebSite","@id":"https:\/\/trustwhite.com\/el\/#website","url":"https:\/\/trustwhite.com\/el\/","name":"stonersmeds.com","description":"verschreibungspflichtige Medizin kaufen","potentialAction":[{"@type":"SearchAction","target":{"@type":"EntryPoint","urlTemplate":"https:\/\/trustwhite.com\/el\/?s={search_term_string}"},"query-input":{"@type":"PropertyValueSpecification","valueRequired":true,"valueName":"search_term_string"}}],"inLanguage":"nl-NL"}]}},"_links":{"self":[{"href":"https:\/\/trustwhite.com\/nl\/wp-json\/wp\/v2\/product\/8722","targetHints":{"allow":["GET"]}}],"collection":[{"href":"https:\/\/trustwhite.com\/nl\/wp-json\/wp\/v2\/product"}],"about":[{"href":"https:\/\/trustwhite.com\/nl\/wp-json\/wp\/v2\/types\/product"}],"version-history":[{"count":0,"href":"https:\/\/trustwhite.com\/nl\/wp-json\/wp\/v2\/product\/8722\/revisions"}],"wp:featuredmedia":[{"embeddable":true,"href":"https:\/\/trustwhite.com\/nl\/wp-json\/wp\/v2\/media\/8734"}],"wp:attachment":[{"href":"https:\/\/trustwhite.com\/nl\/wp-json\/wp\/v2\/media?parent=8722"}],"wp:term":[{"taxonomy":"product_brand","embeddable":true,"href":"https:\/\/trustwhite.com\/nl\/wp-json\/wp\/v2\/product_brand?post=8722"},{"taxonomy":"product_cat","embeddable":true,"href":"https:\/\/trustwhite.com\/nl\/wp-json\/wp\/v2\/product_cat?post=8722"},{"taxonomy":"product_tag","embeddable":true,"href":"https:\/\/trustwhite.com\/nl\/wp-json\/wp\/v2\/product_tag?post=8722"}],"curies":[{"name":"wp","href":"https:\/\/api.w.org\/{rel}","templated":true}]}}