{"id":8663,"date":"2022-03-11T06:27:39","date_gmt":"2022-03-11T06:27:39","guid":{"rendered":"https:\/\/stonersmeds.com\/?post_type=product&#038;p=8663"},"modified":"2023-08-02T03:34:06","modified_gmt":"2023-08-02T01:34:06","slug":"buy-pure-colombian-cocaine-96-pure","status":"publish","type":"product","link":"https:\/\/trustwhite.com\/nl\/shop\/buy-pure-colombian-cocaine-96-pure\/","title":{"rendered":"Koop pure Colombiaanse coca\u00efne 96% Pure"},"content":{"rendered":"<h1><b>Koop Colombiaanse Coca\u00efne-96% Puur<\/b><\/h1>\n<p>Colombiaanse Coca\u00efne is \u00e9\u00e9n van de meest bekende en nuttige producten van Coca\u00efne in de hele wereld. Colombia is \u00e9\u00e9n van die landen die de grootste hoeveelheid pure Coca\u00efne ter wereld levert.<\/p>\n<p>De productie van Coca\u00efne in Colombia begon tussen 1960 en 1970. In die tijd was er geen goede manier om coca\u00efne te produceren in de Verenigde Staten. De Colombianen begonnen die planten te bevruchten waaruit ze Coca\u00efne in de zuiverste vorm konden halen.<\/p>\n<p>Ze begonnen Coca\u00efne te verkopen in verschillende delen van de wereld tegen zeer redelijke prijzen. Mensen kochten die coca\u00efne op grote schaal, vanwege de zuiverheid en de vele toepassingen.<\/p>\n<p>Colombiaanse Coca\u00efne-96 puur is \u00e9\u00e9n van de zuiverste vormen van Coca\u00efne die in de hele wereld te vinden is. Door zijn zuiverheid, heeft het een hoog potentieel van het doen van werk op het menselijk lichaam. Net als andere vormen van Coca\u00efne, werkt het ook op het centrale zenuwstelsel om de gewenste resultaten te krijgen.<\/p>\n<p>Maar het werkt zeer snel dan andere vormen van Coca\u00efne. Het laat het menselijk lichaam ontspannen door de problemen van het leven te vergeten. Het stelt het menselijk lichaam in staat om goed te slapen en de geest te ontspannen.<\/p>\n<p>Colombiaanse Coca\u00efne-96 puur wordt ook gebruikt door artsen door het te mengen met verschillende ingredi\u00ebnten die nuttig zijn voor de menselijke gezondheid. Mensen gebruiken dit om te genezen van vele ziekten zoals depressie, angst, enz.<\/p>\n<p>Het wordt ook gebruikt om verlichting te krijgen van elk soort pijn. Dit betekent de pijn die ofwel kan worden veroorzaakt door onmiddellijke ongevallen of de pijn van langdurige ziekten. De artsen schrijven deze drug voor in de vorm van medicijnen om genezing te krijgen. Deze eigenschappen zijn verantwoordelijk voor een dergelijk enorm gebruik van Colombiaanse Coca\u00efne-96.<\/p>\n<p>Onze online winkel is omgaan met alle soorten pro-drugs, drugs en medicijnen. Onzeore is ook het verstrekken van Colombiaanse Coca\u00efne-96 pure tegen zeer redelijke prijzen. Ook is onze winkel het aanbieden van snelle levering van het product. We hebben ook beste k2 badzout online<\/p>","protected":false},"excerpt":{"rendered":"<p>Koop Columbiaanse coca\u00efne 96% puur - coca\u00efne te koop silk road - synthetische coca\u00efne online te koop - pure coca\u00efne online te koop - coca\u00efne online kopen uit amsterdam.<\/p>\n<p><strong>Koop medicijnen online tegen geweldige groothandelsprijzen!!!<\/strong><\/p>\n<pre><b>Pure Colombiaanse Coca\u00efne 96% Pure kopen - Colombiaanse Coca\u00efne kopen, Coca\u00efne 96% Pure kopen, Colombiaanse Coca\u00efne online kopen, Waar koop ik Colombiaanse Coca\u00efne 96% Pure, Colombiaanse Coca\u00efne 96% Pure te koop, Colombiaanse Coca\u00efne te koop, Coca\u00efne 96% Pure online kopen, waar koop ik Pure Colombiaanse Coca\u00efne online, Colombiaanse Coca\u00efne 96% Pure te koop in usa , USA, canada,uk, kopen, online, leveranciers, veilige levering, U kunt nog steeds Colombiaanse Coca\u00efne 96% Pure krijgen, Is Pure Colombiaanse Coca\u00efne 96% legaal in usa, Pure Colombiaanse Coca\u00efne 96% online kopen usa, hoe Pure Colombiaanse Coca\u00efne 96% te bestellen, Is Pure Colombiaanse Coca\u00efne 96% legaal in Canada<\/b><\/pre>","protected":false},"featured_media":8651,"template":"","meta":[],"product_brand":[],"product_cat":[72],"product_tag":[101,105,112,116,98,111,113,89,97,115,118,102,90,93,95,94,96,99,103,91,92,100,104,114,117],"class_list":{"0":"post-8663","1":"product","2":"type-product","3":"status-publish","4":"has-post-thumbnail","6":"product_cat-cocaine","7":"product_tag-bolivian-cocaine-for-sale","8":"product_tag-buy-adhd-pills-online","9":"product_tag-buy-cocaine-96-pure","10":"product_tag-buy-cocaine-96-pure-online","11":"product_tag-buy-cocaine-powder-online","12":"product_tag-buy-colombian-cocaine","13":"product_tag-buy-colombian-cocaine-online","14":"product_tag-cheap-cocaine","15":"product_tag-cocaine-for-sale","16":"product_tag-colombian-cocaine-96-pure-for-sale","17":"product_tag-colombian-cocaine-96-pure-for-sale-in-usa","18":"product_tag-colombian-cocaine-for-sale","19":"product_tag-crack-for-sale","20":"product_tag-drugs-online","21":"product_tag-dutchanonstore","22":"product_tag-gogaine","23":"product_tag-legal-cocaine","24":"product_tag-order-volkswagen-cocaine-online","25":"product_tag-peruvian-cocaine-for-sale","26":"product_tag-pure-cocaine","27":"product_tag-pure-coke-shop","28":"product_tag-pure-peruvian-cocaine-for-sale","29":"product_tag-where-to-buy-bio-cocaine","30":"product_tag-where-to-buy-colombian-cocaine-96-pure","31":"product_tag-where-to-buy-pure-colombian-cocaine-online","33":"first","34":"instock","35":"sale","36":"shipping-taxable","37":"purchasable","38":"product-type-simple"},"tiered_pricing_type":"fixed","tiered_pricing_fixed_rules":{"8":"44","20":"30","40":"25","100":"18"},"tiered_pricing_percentage_rules":[],"tiered_pricing_minimum":1,"_administrator_tiered_pricing_type":"fixed","_administrator_tiered_pricing_fixed_rules":[],"_editor_tiered_pricing_type":"fixed","_editor_tiered_pricing_fixed_rules":[],"_author_tiered_pricing_type":"fixed","_author_tiered_pricing_fixed_rules":[],"_contributor_tiered_pricing_type":"fixed","_contributor_tiered_pricing_fixed_rules":[],"_subscriber_tiered_pricing_type":"fixed","_subscriber_tiered_pricing_fixed_rules":[],"_customer_tiered_pricing_type":"fixed","_customer_tiered_pricing_fixed_rules":[],"_shop_manager_tiered_pricing_type":"fixed","_shop_manager_tiered_pricing_fixed_rules":[],"_wpseo_manager_tiered_pricing_type":"fixed","_wpseo_manager_tiered_pricing_fixed_rules":[],"_wpseo_editor_tiered_pricing_type":"fixed","_wpseo_editor_tiered_pricing_fixed_rules":[],"yoast_head":"<!-- This site is optimized with the Yoast SEO plugin v26.8 - https:\/\/yoast.com\/product\/yoast-seo-wordpress\/ -->\n<title>Buy Pure Colombian Cocaine 96% Pure - fast and safe delivery<\/title>\n<meta name=\"description\" content=\"Buy Pure Colombian Cocaine, Order safely &amp; maintain your privacy No prescription necessary Discreet standard shipping at Low prices.\" \/>\n<meta name=\"robots\" content=\"index, follow, max-snippet:-1, max-image-preview:large, max-video-preview:-1\" \/>\n<link rel=\"canonical\" href=\"https:\/\/trustwhite.com\/nl\/shop\/buy-pure-colombian-cocaine-96-pure\/\" \/>\n<meta property=\"og:locale\" content=\"nl_NL\" \/>\n<meta property=\"og:type\" content=\"article\" \/>\n<meta property=\"og:title\" content=\"Buy Pure Colombian Cocaine 96% Pure - fast and safe delivery\" \/>\n<meta property=\"og:description\" content=\"Buy Pure Colombian Cocaine, Order safely &amp; maintain your privacy No prescription necessary Discreet standard shipping at Low prices.\" \/>\n<meta property=\"og:url\" content=\"https:\/\/trustwhite.com\/nl\/shop\/buy-pure-colombian-cocaine-96-pure\/\" \/>\n<meta property=\"og:site_name\" content=\"stonersmeds.com\" \/>\n<meta property=\"article:modified_time\" content=\"2023-08-02T01:34:06+00:00\" \/>\n<meta property=\"og:image\" content=\"https:\/\/trustwhite.com\/wp-content\/uploads\/2022\/03\/Buy-Columbian-cocaine-96-pure.jpg\" \/>\n\t<meta property=\"og:image:width\" content=\"600\" \/>\n\t<meta property=\"og:image:height\" content=\"600\" \/>\n\t<meta property=\"og:image:type\" content=\"image\/jpeg\" \/>\n<meta name=\"twitter:card\" content=\"summary_large_image\" \/>\n<meta name=\"twitter:label1\" content=\"Geschatte leestijd\" \/>\n\t<meta name=\"twitter:data1\" content=\"2 minuten\" \/>\n<script type=\"application\/ld+json\" class=\"yoast-schema-graph\">{\"@context\":\"https:\/\/schema.org\",\"@graph\":[{\"@type\":\"WebPage\",\"@id\":\"https:\/\/trustwhite.com\/it\/shop\/buy-pure-colombian-cocaine-96-pure\/\",\"url\":\"https:\/\/trustwhite.com\/it\/shop\/buy-pure-colombian-cocaine-96-pure\/\",\"name\":\"Buy Pure Colombian Cocaine 96% Pure - fast and safe delivery\",\"isPartOf\":{\"@id\":\"https:\/\/trustwhite.com\/el\/#website\"},\"primaryImageOfPage\":{\"@id\":\"https:\/\/trustwhite.com\/it\/shop\/buy-pure-colombian-cocaine-96-pure\/#primaryimage\"},\"image\":{\"@id\":\"https:\/\/trustwhite.com\/it\/shop\/buy-pure-colombian-cocaine-96-pure\/#primaryimage\"},\"thumbnailUrl\":\"https:\/\/trustwhite.com\/wp-content\/uploads\/2022\/03\/Buy-Columbian-cocaine-96-pure.jpg\",\"datePublished\":\"2022-03-11T06:27:39+00:00\",\"dateModified\":\"2023-08-02T01:34:06+00:00\",\"description\":\"Buy Pure Colombian Cocaine, Order safely & maintain your privacy No prescription necessary Discreet standard shipping at Low prices.\",\"breadcrumb\":{\"@id\":\"https:\/\/trustwhite.com\/it\/shop\/buy-pure-colombian-cocaine-96-pure\/#breadcrumb\"},\"inLanguage\":\"nl-NL\",\"potentialAction\":[{\"@type\":\"ReadAction\",\"target\":[\"https:\/\/trustwhite.com\/it\/shop\/buy-pure-colombian-cocaine-96-pure\/\"]}]},{\"@type\":\"ImageObject\",\"inLanguage\":\"nl-NL\",\"@id\":\"https:\/\/trustwhite.com\/it\/shop\/buy-pure-colombian-cocaine-96-pure\/#primaryimage\",\"url\":\"https:\/\/trustwhite.com\/wp-content\/uploads\/2022\/03\/Buy-Columbian-cocaine-96-pure.jpg\",\"contentUrl\":\"https:\/\/trustwhite.com\/wp-content\/uploads\/2022\/03\/Buy-Columbian-cocaine-96-pure.jpg\",\"width\":600,\"height\":600},{\"@type\":\"BreadcrumbList\",\"@id\":\"https:\/\/trustwhite.com\/it\/shop\/buy-pure-colombian-cocaine-96-pure\/#breadcrumb\",\"itemListElement\":[{\"@type\":\"ListItem\",\"position\":1,\"name\":\"Home\",\"item\":\"https:\/\/trustwhite.com\/el\/\"},{\"@type\":\"ListItem\",\"position\":2,\"name\":\"Shop\",\"item\":\"https:\/\/trustwhite.com\/el\/shop\/\"},{\"@type\":\"ListItem\",\"position\":3,\"name\":\"Buy Pure Colombian Cocaine 96% Pure\"}]},{\"@type\":\"WebSite\",\"@id\":\"https:\/\/trustwhite.com\/el\/#website\",\"url\":\"https:\/\/trustwhite.com\/el\/\",\"name\":\"stonersmeds.com\",\"description\":\"verschreibungspflichtige Medizin kaufen\",\"potentialAction\":[{\"@type\":\"SearchAction\",\"target\":{\"@type\":\"EntryPoint\",\"urlTemplate\":\"https:\/\/trustwhite.com\/el\/?s={search_term_string}\"},\"query-input\":{\"@type\":\"PropertyValueSpecification\",\"valueRequired\":true,\"valueName\":\"search_term_string\"}}],\"inLanguage\":\"nl-NL\"}]}<\/script>\n<!-- \/ Yoast SEO plugin. -->","yoast_head_json":{"title":"Pure Colombiaanse Coca\u00efne 96% kopen - snelle en veilige levering.","description":"Koop Pure Colombiaanse Coca\u00efne, Bestel veilig &amp; behoud uw privacy Geen recept nodig Discrete standaard verzending tegen lage prijzen.","robots":{"index":"index","follow":"follow","max-snippet":"max-snippet:-1","max-image-preview":"max-image-preview:large","max-video-preview":"max-video-preview:-1"},"canonical":"https:\/\/trustwhite.com\/nl\/shop\/buy-pure-colombian-cocaine-96-pure\/","og_locale":"nl_NL","og_type":"article","og_title":"Buy Pure Colombian Cocaine 96% Pure - fast and safe delivery","og_description":"Buy Pure Colombian Cocaine, Order safely & maintain your privacy No prescription necessary Discreet standard shipping at Low prices.","og_url":"https:\/\/trustwhite.com\/nl\/shop\/buy-pure-colombian-cocaine-96-pure\/","og_site_name":"stonersmeds.com","article_modified_time":"2023-08-02T01:34:06+00:00","og_image":[{"width":600,"height":600,"url":"https:\/\/trustwhite.com\/wp-content\/uploads\/2022\/03\/Buy-Columbian-cocaine-96-pure.jpg","type":"image\/jpeg"}],"twitter_card":"summary_large_image","twitter_misc":{"Geschatte leestijd":"2 minuten"},"schema":{"@context":"https:\/\/schema.org","@graph":[{"@type":"WebPage","@id":"https:\/\/trustwhite.com\/it\/shop\/buy-pure-colombian-cocaine-96-pure\/","url":"https:\/\/trustwhite.com\/it\/shop\/buy-pure-colombian-cocaine-96-pure\/","name":"Pure Colombiaanse Coca\u00efne 96% kopen - snelle en veilige levering.","isPartOf":{"@id":"https:\/\/trustwhite.com\/el\/#website"},"primaryImageOfPage":{"@id":"https:\/\/trustwhite.com\/it\/shop\/buy-pure-colombian-cocaine-96-pure\/#primaryimage"},"image":{"@id":"https:\/\/trustwhite.com\/it\/shop\/buy-pure-colombian-cocaine-96-pure\/#primaryimage"},"thumbnailUrl":"https:\/\/trustwhite.com\/wp-content\/uploads\/2022\/03\/Buy-Columbian-cocaine-96-pure.jpg","datePublished":"2022-03-11T06:27:39+00:00","dateModified":"2023-08-02T01:34:06+00:00","description":"Koop Pure Colombiaanse Coca\u00efne, Bestel veilig &amp; behoud uw privacy Geen recept nodig Discrete standaard verzending tegen lage prijzen.","breadcrumb":{"@id":"https:\/\/trustwhite.com\/it\/shop\/buy-pure-colombian-cocaine-96-pure\/#breadcrumb"},"inLanguage":"nl-NL","potentialAction":[{"@type":"ReadAction","target":["https:\/\/trustwhite.com\/it\/shop\/buy-pure-colombian-cocaine-96-pure\/"]}]},{"@type":"ImageObject","inLanguage":"nl-NL","@id":"https:\/\/trustwhite.com\/it\/shop\/buy-pure-colombian-cocaine-96-pure\/#primaryimage","url":"https:\/\/trustwhite.com\/wp-content\/uploads\/2022\/03\/Buy-Columbian-cocaine-96-pure.jpg","contentUrl":"https:\/\/trustwhite.com\/wp-content\/uploads\/2022\/03\/Buy-Columbian-cocaine-96-pure.jpg","width":600,"height":600},{"@type":"BreadcrumbList","@id":"https:\/\/trustwhite.com\/it\/shop\/buy-pure-colombian-cocaine-96-pure\/#breadcrumb","itemListElement":[{"@type":"ListItem","position":1,"name":"Home","item":"https:\/\/trustwhite.com\/el\/"},{"@type":"ListItem","position":2,"name":"Shop","item":"https:\/\/trustwhite.com\/el\/shop\/"},{"@type":"ListItem","position":3,"name":"Buy Pure Colombian Cocaine 96% Pure"}]},{"@type":"WebSite","@id":"https:\/\/trustwhite.com\/el\/#website","url":"https:\/\/trustwhite.com\/el\/","name":"stonersmeds.com","description":"verschreibungspflichtige Medizin kaufen","potentialAction":[{"@type":"SearchAction","target":{"@type":"EntryPoint","urlTemplate":"https:\/\/trustwhite.com\/el\/?s={search_term_string}"},"query-input":{"@type":"PropertyValueSpecification","valueRequired":true,"valueName":"search_term_string"}}],"inLanguage":"nl-NL"}]}},"_links":{"self":[{"href":"https:\/\/trustwhite.com\/nl\/wp-json\/wp\/v2\/product\/8663","targetHints":{"allow":["GET"]}}],"collection":[{"href":"https:\/\/trustwhite.com\/nl\/wp-json\/wp\/v2\/product"}],"about":[{"href":"https:\/\/trustwhite.com\/nl\/wp-json\/wp\/v2\/types\/product"}],"version-history":[{"count":0,"href":"https:\/\/trustwhite.com\/nl\/wp-json\/wp\/v2\/product\/8663\/revisions"}],"wp:featuredmedia":[{"embeddable":true,"href":"https:\/\/trustwhite.com\/nl\/wp-json\/wp\/v2\/media\/8651"}],"wp:attachment":[{"href":"https:\/\/trustwhite.com\/nl\/wp-json\/wp\/v2\/media?parent=8663"}],"wp:term":[{"taxonomy":"product_brand","embeddable":true,"href":"https:\/\/trustwhite.com\/nl\/wp-json\/wp\/v2\/product_brand?post=8663"},{"taxonomy":"product_cat","embeddable":true,"href":"https:\/\/trustwhite.com\/nl\/wp-json\/wp\/v2\/product_cat?post=8663"},{"taxonomy":"product_tag","embeddable":true,"href":"https:\/\/trustwhite.com\/nl\/wp-json\/wp\/v2\/product_tag?post=8663"}],"curies":[{"name":"wp","href":"https:\/\/api.w.org\/{rel}","templated":true}]}}