{"id":9386,"date":"2022-03-11T15:49:49","date_gmt":"2022-03-11T15:49:49","guid":{"rendered":"https:\/\/stonersmeds.com\/?post_type=product&#038;p=9386"},"modified":"2022-08-14T07:38:28","modified_gmt":"2022-08-14T05:38:28","slug":"buy-gorilla-biscuit-marijuana-strain-online","status":"publish","type":"product","link":"https:\/\/trustwhite.com\/it\/shop\/buy-gorilla-biscuit-marijuana-strain-online\/","title":{"rendered":"Acquista online la variet\u00e0 di marijuana Gorilla Biscuit"},"content":{"rendered":"<h1>Acquista online la variet\u00e0 di marijuana Gorilla Biscuit.<\/h1>\n<p>Acquista online la variet\u00e0 di marijuana Gorilla Biscuit.<\/p>\n<p>La marijuana Gorilla biscuit \u00e8 un ibrido a dominanza Indica - 60% Indica \/ 40% Sativa THC: 15% - 20%<\/p>\n<p>Effetti<br \/>\nEccitato, Euforia, Affamato, Rilassante, Assonnato<br \/>\nPu\u00f2 alleviare<br \/>\nAnoressia, Crampi, Depressione, Insonnia, Stress<br \/>\nSapori<br \/>\nCaff\u00e8, Limone, Pino<br \/>\nAromi<br \/>\nCaff\u00e8, Terroso, Pungente, Speziato<\/p>\n<p>La Gorilla Biscuit della Seeds of Compassion \u00e8 un taglio a predominanza indica riprodotto dall&#039;intersezione del feno trementino di Sensi Star e Stardawg IX. Questo mix insolito e piuttosto vecchio stile prende il nome dal metaqualone, altrimenti chiamato quaaludes, una medicina che ha un effetto calmante ed esotico sul corpo. I suoi averi continuano in modo anche calmante, lasciando le appendici pesanti e sciolte. Gorilla Biscuit ha un solido profilo terpenico, con un forte odore di Pine Sol e chicchi di caff\u00e8.<\/p>\n<p>Ceppo Gorilla Biscuits: Una variet\u00e0 genuinamente stoner, lo sballo di Gorilla OG si forma gradualmente e raggiunge un'impressione di estasi che si protrae per parecchio tempo. La vostra psiche e il vostro corpo ronzeranno e le riflessioni potrebbero non essere cos\u00ec chiare come lo erano un paio d'ore prima, una volta che le sue propriet\u00e0 avranno preso completamente piede. L'elemento pi\u00f9 evidente della vostra esperienza sar\u00e0 la solida impressione di blocco del sedile dell'amore, che vi render\u00e0 difficile soddisfare la fame che si \u00e8 insinuata. Il nostro consiglio \u00e8 di avanzare oltre il tempo con una scopa, un blocco e molto cibo a portata di mano. Questo mix non comune e piuttosto old school prende il nome dal Methaqualone, altrimenti chiamato quaaludes, un farmaco che ha un impatto lenitivo ed esotico sul corpo. I suoi componenti continuano a svolgere un'azione altrettanto lenitiva, lasciando le appendici pesanti e sciolte. Gorilla Biscuit ha un profilo terpenico solido, che profuma seriamente di Pine Sol e chicchi di caff\u00e8.<\/p>\n<p>&nbsp;<\/p>\n<p>&nbsp;<\/p>\n<p>&nbsp;<\/p>\n<pre><strong>Acquista Gorilla Biscuit Marijuana Strain online - acquista Biscuit Marijuana , acquista Gorilla Biscuit Marijuana Strain , acquista Gorilla Biscuit Marijuana Strain online, Dove acquistare Gorilla Biscuit Marijuana Strain , Gorilla Biscuit Marijuana Strain in vendita, Marijuana Strain in vendita, acquista Gorilla Biscuit Marijuana Strain online , dove acquistare Gorilla Biscuit Marijuana Strain online, Gorilla Biscuit Marijuana Strain in vendita negli Stati Uniti, USA, canada, Regno Unito, acquistare, online, fornitori, consegna sicura, \u00c8 ancora possibile ottenere Gorilla Biscuit Marijuana Strain , Is Gorilla Biscuit Marijuana Strain negli Stati Uniti , acquista Gorilla Biscuit Marijuana Strain online usa, come ordinare Gorilla Biscuit Marijuana Strain, Is Gorilla Biscuit Marijuana Strain legale in Canada<\/strong><\/pre>","protected":false},"excerpt":{"rendered":"<p>Acquista online la variet\u00e0 di marijuana Gorilla Biscuit. Il leader\u00a0<em>cannabis<\/em>\u00a0ordini per corrispondenza in Canada con oltre 15 anni di esperienza nel settore medico.\u00a0<em>marijuana<\/em>\u00a0industria.<\/p>\n<pre><strong>Acquista Gorilla Biscuit Marijuana Strain online - acquista Biscuit Marijuana , acquista Gorilla Biscuit Marijuana Strain , acquista Gorilla Biscuit Marijuana Strain online, Dove acquistare Gorilla Biscuit Marijuana Strain , Gorilla Biscuit Marijuana Strain in vendita, Marijuana Strain in vendita, acquista Gorilla Biscuit Marijuana Strain online , dove acquistare Gorilla Biscuit Marijuana Strain online, Gorilla Biscuit Marijuana Strain in vendita negli Stati Uniti, USA, canada, Regno Unito, acquistare, online, fornitori, consegna sicura, \u00c8 ancora possibile ottenere Gorilla Biscuit Marijuana Strain , Is Gorilla Biscuit Marijuana Strain negli Stati Uniti , acquista Gorilla Biscuit Marijuana Strain online usa, come ordinare Gorilla Biscuit Marijuana Strain, Is Gorilla Biscuit Marijuana Strain legale in Canada<\/strong><\/pre>","protected":false},"featured_media":9402,"template":"","meta":[],"product_brand":[],"product_cat":[81],"product_tag":[],"class_list":{"0":"post-9386","1":"product","2":"type-product","3":"status-publish","4":"has-post-thumbnail","6":"product_cat-marijuana-medical-cannabis","8":"first","9":"instock","10":"shipping-taxable","11":"purchasable","12":"product-type-variable"},"tiered_pricing_type":"fixed","tiered_pricing_fixed_rules":{"28":"9","50":"8","100":"7","250":"6","500":"4.5","1000":"3"},"tiered_pricing_percentage_rules":[],"tiered_pricing_minimum":1,"_administrator_tiered_pricing_type":"fixed","_administrator_tiered_pricing_fixed_rules":[],"_editor_tiered_pricing_type":"fixed","_editor_tiered_pricing_fixed_rules":[],"_author_tiered_pricing_type":"fixed","_author_tiered_pricing_fixed_rules":[],"_contributor_tiered_pricing_type":"fixed","_contributor_tiered_pricing_fixed_rules":[],"_subscriber_tiered_pricing_type":"fixed","_subscriber_tiered_pricing_fixed_rules":[],"_customer_tiered_pricing_type":"fixed","_customer_tiered_pricing_fixed_rules":[],"_shop_manager_tiered_pricing_type":"fixed","_shop_manager_tiered_pricing_fixed_rules":[],"_wpseo_manager_tiered_pricing_type":"fixed","_wpseo_manager_tiered_pricing_fixed_rules":[],"_wpseo_editor_tiered_pricing_type":"fixed","_wpseo_editor_tiered_pricing_fixed_rules":[],"yoast_head":"<!-- This site is optimized with the Yoast SEO plugin v26.8 - https:\/\/yoast.com\/product\/yoast-seo-wordpress\/ -->\n<title>Buy Gorilla Biscuit Marijuana Strain Online - stonersmeds.com<\/title>\n<meta name=\"robots\" content=\"index, follow, max-snippet:-1, max-image-preview:large, max-video-preview:-1\" \/>\n<link rel=\"canonical\" href=\"https:\/\/trustwhite.com\/it\/shop\/buy-gorilla-biscuit-marijuana-strain-online\/\" \/>\n<meta property=\"og:locale\" content=\"it_IT\" \/>\n<meta property=\"og:type\" content=\"article\" \/>\n<meta property=\"og:title\" content=\"Buy Gorilla Biscuit Marijuana Strain Online - stonersmeds.com\" \/>\n<meta property=\"og:description\" content=\"Buy Gorilla Biscuit Marijuana Strain Online. The leader in\u00a0cannabis\u00a0mail orders in Canada with more than 15 year\u2019s experience in the medical\u00a0marijuana\u00a0industry. Buy Gorilla Biscuit Marijuana Strain Online - buy Biscuit Marijuana , buy Gorilla Biscuit Marijuana Strain , buy Gorilla Biscuit Marijuana Strain online, Where to Buy Gorilla Biscuit Marijuana Strain , Gorilla Biscuit Marijuana Strain for sale, Marijuana Strain for sale, buy Gorilla Biscuit Marijuana Strain online, where to Buy Gorilla Biscuit Marijuana Strain online, Gorilla Biscuit Marijuana Strain for sale in usa , USA, canada,uk, buy, online, suppliers, safe delivery, You can still get Gorilla Biscuit Marijuana Strain , Is Gorilla Biscuit Marijuana Strain in usa, buy Gorilla Biscuit Marijuana Strain online usa, how to order Gorilla Biscuit Marijuana Strain, Is Gorilla Biscuit Marijuana Strain legal in Canada\" \/>\n<meta property=\"og:url\" content=\"https:\/\/trustwhite.com\/it\/shop\/buy-gorilla-biscuit-marijuana-strain-online\/\" \/>\n<meta property=\"og:site_name\" content=\"stonersmeds.com\" \/>\n<meta property=\"article:modified_time\" content=\"2022-08-14T05:38:28+00:00\" \/>\n<meta property=\"og:image\" content=\"https:\/\/trustwhite.com\/wp-content\/uploads\/2022\/03\/Buy-Gorilla-Biscuit-Marijuana-Strain-Online.jpg\" \/>\n\t<meta property=\"og:image:width\" content=\"600\" \/>\n\t<meta property=\"og:image:height\" content=\"600\" \/>\n\t<meta property=\"og:image:type\" content=\"image\/jpeg\" \/>\n<meta name=\"twitter:card\" content=\"summary_large_image\" \/>\n<meta name=\"twitter:label1\" content=\"Tempo di lettura stimato\" \/>\n\t<meta name=\"twitter:data1\" content=\"2 minuti\" \/>\n<script type=\"application\/ld+json\" class=\"yoast-schema-graph\">{\"@context\":\"https:\/\/schema.org\",\"@graph\":[{\"@type\":\"WebPage\",\"@id\":\"https:\/\/trustwhite.com\/shop\/buy-gorilla-biscuit-marijuana-strain-online\/\",\"url\":\"https:\/\/trustwhite.com\/shop\/buy-gorilla-biscuit-marijuana-strain-online\/\",\"name\":\"Buy Gorilla Biscuit Marijuana Strain Online - stonersmeds.com\",\"isPartOf\":{\"@id\":\"https:\/\/trustwhite.com\/el\/#website\"},\"primaryImageOfPage\":{\"@id\":\"https:\/\/trustwhite.com\/shop\/buy-gorilla-biscuit-marijuana-strain-online\/#primaryimage\"},\"image\":{\"@id\":\"https:\/\/trustwhite.com\/shop\/buy-gorilla-biscuit-marijuana-strain-online\/#primaryimage\"},\"thumbnailUrl\":\"https:\/\/trustwhite.com\/wp-content\/uploads\/2022\/03\/Buy-Gorilla-Biscuit-Marijuana-Strain-Online.jpg\",\"datePublished\":\"2022-03-11T15:49:49+00:00\",\"dateModified\":\"2022-08-14T05:38:28+00:00\",\"breadcrumb\":{\"@id\":\"https:\/\/trustwhite.com\/shop\/buy-gorilla-biscuit-marijuana-strain-online\/#breadcrumb\"},\"inLanguage\":\"it-IT\",\"potentialAction\":[{\"@type\":\"ReadAction\",\"target\":[\"https:\/\/trustwhite.com\/shop\/buy-gorilla-biscuit-marijuana-strain-online\/\"]}]},{\"@type\":\"ImageObject\",\"inLanguage\":\"it-IT\",\"@id\":\"https:\/\/trustwhite.com\/shop\/buy-gorilla-biscuit-marijuana-strain-online\/#primaryimage\",\"url\":\"https:\/\/trustwhite.com\/wp-content\/uploads\/2022\/03\/Buy-Gorilla-Biscuit-Marijuana-Strain-Online.jpg\",\"contentUrl\":\"https:\/\/trustwhite.com\/wp-content\/uploads\/2022\/03\/Buy-Gorilla-Biscuit-Marijuana-Strain-Online.jpg\",\"width\":600,\"height\":600},{\"@type\":\"BreadcrumbList\",\"@id\":\"https:\/\/trustwhite.com\/shop\/buy-gorilla-biscuit-marijuana-strain-online\/#breadcrumb\",\"itemListElement\":[{\"@type\":\"ListItem\",\"position\":1,\"name\":\"Home\",\"item\":\"https:\/\/trustwhite.com\/el\/\"},{\"@type\":\"ListItem\",\"position\":2,\"name\":\"Shop\",\"item\":\"https:\/\/trustwhite.com\/el\/shop\/\"},{\"@type\":\"ListItem\",\"position\":3,\"name\":\"Buy Gorilla Biscuit Marijuana Strain Online\"}]},{\"@type\":\"WebSite\",\"@id\":\"https:\/\/trustwhite.com\/el\/#website\",\"url\":\"https:\/\/trustwhite.com\/el\/\",\"name\":\"stonersmeds.com\",\"description\":\"verschreibungspflichtige Medizin kaufen\",\"potentialAction\":[{\"@type\":\"SearchAction\",\"target\":{\"@type\":\"EntryPoint\",\"urlTemplate\":\"https:\/\/trustwhite.com\/el\/?s={search_term_string}\"},\"query-input\":{\"@type\":\"PropertyValueSpecification\",\"valueRequired\":true,\"valueName\":\"search_term_string\"}}],\"inLanguage\":\"it-IT\"}]}<\/script>\n<!-- \/ Yoast SEO plugin. -->","yoast_head_json":{"title":"Acquista Gorilla Biscuit Marijuana Strain Online - stonersmeds.com","robots":{"index":"index","follow":"follow","max-snippet":"max-snippet:-1","max-image-preview":"max-image-preview:large","max-video-preview":"max-video-preview:-1"},"canonical":"https:\/\/trustwhite.com\/it\/shop\/buy-gorilla-biscuit-marijuana-strain-online\/","og_locale":"it_IT","og_type":"article","og_title":"Buy Gorilla Biscuit Marijuana Strain Online - stonersmeds.com","og_description":"Buy Gorilla Biscuit Marijuana Strain Online. The leader in\u00a0cannabis\u00a0mail orders in Canada with more than 15 year\u2019s experience in the medical\u00a0marijuana\u00a0industry. Buy Gorilla Biscuit Marijuana Strain Online - buy Biscuit Marijuana , buy Gorilla Biscuit Marijuana Strain , buy Gorilla Biscuit Marijuana Strain online, Where to Buy Gorilla Biscuit Marijuana Strain , Gorilla Biscuit Marijuana Strain for sale, Marijuana Strain for sale, buy Gorilla Biscuit Marijuana Strain online, where to Buy Gorilla Biscuit Marijuana Strain online, Gorilla Biscuit Marijuana Strain for sale in usa , USA, canada,uk, buy, online, suppliers, safe delivery, You can still get Gorilla Biscuit Marijuana Strain , Is Gorilla Biscuit Marijuana Strain in usa, buy Gorilla Biscuit Marijuana Strain online usa, how to order Gorilla Biscuit Marijuana Strain, Is Gorilla Biscuit Marijuana Strain legal in Canada","og_url":"https:\/\/trustwhite.com\/it\/shop\/buy-gorilla-biscuit-marijuana-strain-online\/","og_site_name":"stonersmeds.com","article_modified_time":"2022-08-14T05:38:28+00:00","og_image":[{"width":600,"height":600,"url":"https:\/\/trustwhite.com\/wp-content\/uploads\/2022\/03\/Buy-Gorilla-Biscuit-Marijuana-Strain-Online.jpg","type":"image\/jpeg"}],"twitter_card":"summary_large_image","twitter_misc":{"Tempo di lettura stimato":"2 minuti"},"schema":{"@context":"https:\/\/schema.org","@graph":[{"@type":"WebPage","@id":"https:\/\/trustwhite.com\/shop\/buy-gorilla-biscuit-marijuana-strain-online\/","url":"https:\/\/trustwhite.com\/shop\/buy-gorilla-biscuit-marijuana-strain-online\/","name":"Acquista Gorilla Biscuit Marijuana Strain Online - stonersmeds.com","isPartOf":{"@id":"https:\/\/trustwhite.com\/el\/#website"},"primaryImageOfPage":{"@id":"https:\/\/trustwhite.com\/shop\/buy-gorilla-biscuit-marijuana-strain-online\/#primaryimage"},"image":{"@id":"https:\/\/trustwhite.com\/shop\/buy-gorilla-biscuit-marijuana-strain-online\/#primaryimage"},"thumbnailUrl":"https:\/\/trustwhite.com\/wp-content\/uploads\/2022\/03\/Buy-Gorilla-Biscuit-Marijuana-Strain-Online.jpg","datePublished":"2022-03-11T15:49:49+00:00","dateModified":"2022-08-14T05:38:28+00:00","breadcrumb":{"@id":"https:\/\/trustwhite.com\/shop\/buy-gorilla-biscuit-marijuana-strain-online\/#breadcrumb"},"inLanguage":"it-IT","potentialAction":[{"@type":"ReadAction","target":["https:\/\/trustwhite.com\/shop\/buy-gorilla-biscuit-marijuana-strain-online\/"]}]},{"@type":"ImageObject","inLanguage":"it-IT","@id":"https:\/\/trustwhite.com\/shop\/buy-gorilla-biscuit-marijuana-strain-online\/#primaryimage","url":"https:\/\/trustwhite.com\/wp-content\/uploads\/2022\/03\/Buy-Gorilla-Biscuit-Marijuana-Strain-Online.jpg","contentUrl":"https:\/\/trustwhite.com\/wp-content\/uploads\/2022\/03\/Buy-Gorilla-Biscuit-Marijuana-Strain-Online.jpg","width":600,"height":600},{"@type":"BreadcrumbList","@id":"https:\/\/trustwhite.com\/shop\/buy-gorilla-biscuit-marijuana-strain-online\/#breadcrumb","itemListElement":[{"@type":"ListItem","position":1,"name":"Home","item":"https:\/\/trustwhite.com\/el\/"},{"@type":"ListItem","position":2,"name":"Shop","item":"https:\/\/trustwhite.com\/el\/shop\/"},{"@type":"ListItem","position":3,"name":"Buy Gorilla Biscuit Marijuana Strain Online"}]},{"@type":"WebSite","@id":"https:\/\/trustwhite.com\/el\/#website","url":"https:\/\/trustwhite.com\/el\/","name":"stonersmeds.com","description":"acquistare la medicina di qualit\u00e0","potentialAction":[{"@type":"SearchAction","target":{"@type":"EntryPoint","urlTemplate":"https:\/\/trustwhite.com\/el\/?s={search_term_string}"},"query-input":{"@type":"PropertyValueSpecification","valueRequired":true,"valueName":"search_term_string"}}],"inLanguage":"it-IT"}]}},"_links":{"self":[{"href":"https:\/\/trustwhite.com\/it\/wp-json\/wp\/v2\/product\/9386","targetHints":{"allow":["GET"]}}],"collection":[{"href":"https:\/\/trustwhite.com\/it\/wp-json\/wp\/v2\/product"}],"about":[{"href":"https:\/\/trustwhite.com\/it\/wp-json\/wp\/v2\/types\/product"}],"version-history":[{"count":0,"href":"https:\/\/trustwhite.com\/it\/wp-json\/wp\/v2\/product\/9386\/revisions"}],"wp:featuredmedia":[{"embeddable":true,"href":"https:\/\/trustwhite.com\/it\/wp-json\/wp\/v2\/media\/9402"}],"wp:attachment":[{"href":"https:\/\/trustwhite.com\/it\/wp-json\/wp\/v2\/media?parent=9386"}],"wp:term":[{"taxonomy":"product_brand","embeddable":true,"href":"https:\/\/trustwhite.com\/it\/wp-json\/wp\/v2\/product_brand?post=9386"},{"taxonomy":"product_cat","embeddable":true,"href":"https:\/\/trustwhite.com\/it\/wp-json\/wp\/v2\/product_cat?post=9386"},{"taxonomy":"product_tag","embeddable":true,"href":"https:\/\/trustwhite.com\/it\/wp-json\/wp\/v2\/product_tag?post=9386"}],"curies":[{"name":"wp","href":"https:\/\/api.w.org\/{rel}","templated":true}]}}