{"id":11202,"date":"2022-03-31T12:17:10","date_gmt":"2022-03-31T12:17:10","guid":{"rendered":"https:\/\/stonersmeds.com\/?post_type=product&#038;p=11202"},"modified":"2023-04-18T20:22:25","modified_gmt":"2023-04-18T18:22:25","slug":"psilocybe-utopia","status":"publish","type":"product","link":"https:\/\/trustwhite.com\/it\/shop\/psilocybe-utopia\/","title":{"rendered":"Psilocybe Utopia"},"content":{"rendered":"<h2>Psilocybe Utopia<\/h2>\n<h2>Conservare i tartufi magici<\/h2>\n<p>Conservare sempre i Magic Truffles in frigorifero (2-4 \u00b0C) in una confezione chiusa (sottovuoto). Se conservati in questo modo, \u00e8 possibile mantenere i Tartufi fino alla data di scadenza. Dopo la rottura del sigillo sottovuoto, i Tartufi possono essere conservati fino a 2 giorni senza perdere la loro potenza.<\/p>\n<h2>Effetti dei tartufi magici<\/h2>\n<p>I composti attivi dei tartufi magici sono la psilocina e la psilocibina. Entrambi i composti sono facilmente assorbibili dal corpo umano e sono responsabili degli effetti psicoattivi dei Magic Truffles.<\/p>\n<p>A dosi ridotte, il consumo di Tartufi Magici pu\u00f2 indurre sensazioni di gioia e stordimento. In questo stato, \u00e8 ancora facile comunicare e si \u00e8 ancora consapevoli dell'ambiente circostante. A dosi pi\u00f9 elevate, i Tartufi Magici trasformano la realt\u00e0 e possono causare allucinazioni.<\/p>\n<p>I primi effetti dei Magic Truffles si avvertono dopo 30 minuti (o talvolta anche dopo 10 minuti) dal consumo. Questi effetti possono includere (ma non solo) palme sudate, sospiri, brividi di freddo, sensazione di agitazione e nausea. Con l'intensificarsi degli effetti, il viaggio si sposta verso l'euforia e la felicit\u00e0, ma possono verificarsi anche sensazioni di ansia. Visioni, allucinazioni e connessioni profonde con i compagni psiconauti sono effetti possibili.<\/p>\n<p>Dopo un'ora, gli effetti dei Magic Truffles di solito smettono di intensificarsi e diventano pi\u00f9 stabili. In genere durano dalle 3 alle 5 ore, a seconda della quantit\u00e0 consumata. Dopo questo periodo, occorrono circa 1 o 2 ore perch\u00e9 gli effetti svaniscano. Questo affievolimento si verifica spesso a ondate, il che pu\u00f2 far pensare che il viaggio stia per finire, prima che gli effetti tornino ad aumentare. Per questo motivo, \u00e8 bene pianificare bene il viaggio e assicurarsi di non avere altri impegni nel giorno in cui si consuma il tartufo.<\/p>\n<p>Nella prima ora di viaggio si possono avvertire sensazioni di nausea o malessere. Questa sensazione di solito passa con l'intensificarsi degli effetti dei Tartufi Magici.<\/p>\n<p>Ci\u00f2 che vedrete e sentirete durante un viaggio con il Tartufo Magico dipende in larga misura dalla vostra mentalit\u00e0 e dall'ambientazione del viaggio. Il vostro stato mentale nei giorni precedenti il viaggio e l'ambiente in cui vi trovate influenzano direttamente le vostre esperienze. Una settimana intensa e impegnativa pu\u00f2 portare a un viaggio un po' ansioso e stressante, ma pu\u00f2 anche chiudere la settimana con nuove intuizioni ed energia.<\/p>\n<p>In sintesi, utilizzate i Magic Truffles solo se vi sentite mentalmente equilibrati e rilassati. Assumete i Magic Truffles solo in un luogo familiare o tranquillo, preferibilmente con persone che conoscete e di cui vi fidate. Non c'\u00e8 niente di pi\u00f9 frustrante del fastidio tra persone mentre si \u00e8 in trip.<\/p>\n<p>&nbsp;<\/p>\n<h2>Dose di tartufi magici<\/h2>\n<p>Il tartufo Utopia Magic \u00e8 molto forte. \u00c8 adatto solo per i principianti in dosi ridotte!<\/p>\n<ul>\n<li>Per una microdose, assumere 0,2 - 0,5 grammi di Magic Truffles a persona.<\/li>\n<li>Per un viaggio leggero, prendere 5-7 grammi di Tartufi Magici a persona.<\/li>\n<li>Per un viaggio intenso, prendere 10 grammi di Magic Truffles a persona.<\/li>\n<li>Per un viaggio travolgente, prendete 15 grammi di Magic Truffles a persona.<\/li>\n<\/ul>\n<h2>Uso dei tartufi magici<\/h2>\n<p>Consumare i tartufi magici crudi. Per ottenere i migliori effetti, assumerli a stomaco vuoto. Assicurarsi di consumare l'ultimo pasto almeno 2-4 ore prima del viaggio. Si consiglia di astenersi dalle bevande contenenti caffeina.<\/p>\n<p>Masticate bene i tartufi; questo aiuta l'organismo ad assorbire i composti psicoattivi e aiuta a prevenire la nausea.<\/p>\n<p>Non vi piace il sapore dei tartufi magici? Mangiate i tartufi con una manciata di noci, del t\u00e8 o in una zuppa per mascherarne il sapore. Non fate mai bollire i tartufi per non comprometterne la potenza!<\/p>\n<p>&nbsp;<\/p>\n<p><img decoding=\"async\" src=\"https:\/\/pychedelichigh.com\/40-large_default\/psilocybe-utopia.jpg\" alt=\"Psilocybe Utopia\" \/><\/p>\n<h2>Attenzione!<\/h2>\n<p>Non associare ad altre droghe e\/o all'alcol.<\/p>\n<p>Non utilizzare in combinazione con farmaci e inibitori MAO.<\/p>\n<p>Non utilizzare in caso di depressione o sensibilit\u00e0 alla psicosi.<\/p>\n<p>Non utilizzare in gravidanza o durante l'allattamento.<\/p>\n<p>Non utilizzare se si ha meno di 18 anni.<\/p>\n<h2>Trivia<\/h2>\n<p>Un tartufo o uno sclerozio \u00e8 un prodotto vivo. \u00c8 possibile che all'interno della confezione sia rimasta intrappolata dell'aria (soprattutto CO\u00b2). Questo fa s\u00ec che gli sclerozi continuino a crescere e che all'esterno dei tartufi compaiano dei \"peli\" bianchi. Questo \u00e8 il micelio e dimostra che i tartufi sono sani. \u00c8 commestibile e non influisce sul viaggio.<\/p>\n<p><strong>Spore di Psilocybe Utopia\u00a0<\/strong><\/p>\n<p><strong>psilocybe utopia<\/strong><\/p>","protected":false},"excerpt":{"rendered":"<p><strong>Spore di Psilocybe Utopia\u00a0<\/strong><\/p>\n<p>Il Psilocybe Utopia \u00e8 uno dei tartufi magici pi\u00f9 forti in circolazione. I noccioli di Utopia, appena entrati a far parte della famiglia dei tartufi, crescono pi\u00f9 a lungo per garantirne l'altissima potenza. Provate i tartufi magici Utopia e godetevi un viaggio nella mente.<\/p>\n<h2>Psilocybe Utopia<\/h2>","protected":false},"featured_media":11203,"template":"","meta":[],"product_brand":[],"product_cat":[1264],"product_tag":[1350,1356,1364,1368,1365,1367,1359,1355,1362,1361,1366,1354,1360,1351,1352,1358,1353,1357,1363],"class_list":{"0":"post-11202","1":"product","2":"type-product","3":"status-publish","4":"has-post-thumbnail","6":"product_cat-psilocybin-or-magic-mushrooms","7":"product_tag-best-psilocybin-mushroom-spores","8":"product_tag-buy-cubensis-spores","9":"product_tag-buy-psilocybe-cubensis-spores","10":"product_tag-buy-spore-syringes","11":"product_tag-mushroom-spore-syringe-for-sale","12":"product_tag-mushroom-spore-syringes","13":"product_tag-mushroom-spores-for-sale-usa","14":"product_tag-mushroom-syringes-for-sale","15":"product_tag-psilocybe-cubensis-spores","16":"product_tag-psilocybe-cubensis-spores-for-sale","17":"product_tag-psilocybe-cubensis-spores-usa","18":"product_tag-psilocybe-mushroom-spores","19":"product_tag-psilocybe-mushroom-spores-for-sale","20":"product_tag-psilocybin-mushroom-spore-syringe","21":"product_tag-psilocybin-mushroom-spores","22":"product_tag-psilocybin-mushrooms-spores-for-sale-usa","23":"product_tag-psilocybin-spores-sale","24":"product_tag-spore-syringes-for-sale","25":"product_tag-spore-syringes-usa","27":"first","28":"instock","29":"shipping-taxable","30":"purchasable","31":"product-type-variable"},"tiered_pricing_type":"fixed","tiered_pricing_fixed_rules":[],"tiered_pricing_percentage_rules":[],"tiered_pricing_minimum":1,"_administrator_tiered_pricing_type":"fixed","_administrator_tiered_pricing_fixed_rules":[],"_editor_tiered_pricing_type":"fixed","_editor_tiered_pricing_fixed_rules":[],"_author_tiered_pricing_type":"fixed","_author_tiered_pricing_fixed_rules":[],"_contributor_tiered_pricing_type":"fixed","_contributor_tiered_pricing_fixed_rules":[],"_subscriber_tiered_pricing_type":"fixed","_subscriber_tiered_pricing_fixed_rules":[],"_customer_tiered_pricing_type":"fixed","_customer_tiered_pricing_fixed_rules":[],"_shop_manager_tiered_pricing_type":"fixed","_shop_manager_tiered_pricing_fixed_rules":[],"_wpseo_manager_tiered_pricing_type":"fixed","_wpseo_manager_tiered_pricing_fixed_rules":[],"_wpseo_editor_tiered_pricing_type":"fixed","_wpseo_editor_tiered_pricing_fixed_rules":[],"yoast_head":"<!-- This site is optimized with the Yoast SEO plugin v26.8 - https:\/\/yoast.com\/product\/yoast-seo-wordpress\/ -->\n<title>spore syringes for sale - stonersmeds.com<\/title>\n<meta name=\"description\" content=\"spore syringes for sale, Best Selling Spore Syringes, best selling Psilocybe Cubensis Mushroom Spores that we offer.\" \/>\n<meta name=\"robots\" content=\"index, follow, max-snippet:-1, max-image-preview:large, max-video-preview:-1\" \/>\n<link rel=\"canonical\" href=\"https:\/\/trustwhite.com\/it\/shop\/psilocybe-utopia\/\" \/>\n<meta property=\"og:locale\" content=\"it_IT\" \/>\n<meta property=\"og:type\" content=\"article\" \/>\n<meta property=\"og:title\" content=\"spore syringes for sale - stonersmeds.com\" \/>\n<meta property=\"og:description\" content=\"spore syringes for sale, Best Selling Spore Syringes, best selling Psilocybe Cubensis Mushroom Spores that we offer.\" \/>\n<meta property=\"og:url\" content=\"https:\/\/trustwhite.com\/it\/shop\/psilocybe-utopia\/\" \/>\n<meta property=\"og:site_name\" content=\"stonersmeds.com\" \/>\n<meta property=\"article:modified_time\" content=\"2023-04-18T18:22:25+00:00\" \/>\n<meta property=\"og:image\" content=\"https:\/\/trustwhite.com\/wp-content\/uploads\/2022\/03\/psilocybe-utopiapsilocybin-or-magic-mushrooms.jpg\" \/>\n\t<meta property=\"og:image:width\" content=\"800\" \/>\n\t<meta property=\"og:image:height\" content=\"800\" \/>\n\t<meta property=\"og:image:type\" content=\"image\/jpeg\" \/>\n<meta name=\"twitter:card\" content=\"summary_large_image\" \/>\n<meta name=\"twitter:label1\" content=\"Tempo di lettura stimato\" \/>\n\t<meta name=\"twitter:data1\" content=\"3 minuti\" \/>\n<script type=\"application\/ld+json\" class=\"yoast-schema-graph\">{\"@context\":\"https:\/\/schema.org\",\"@graph\":[{\"@type\":\"WebPage\",\"@id\":\"https:\/\/trustwhite.com\/shop\/psilocybe-utopia\/\",\"url\":\"https:\/\/trustwhite.com\/shop\/psilocybe-utopia\/\",\"name\":\"spore syringes for sale - stonersmeds.com\",\"isPartOf\":{\"@id\":\"https:\/\/trustwhite.com\/el\/#website\"},\"primaryImageOfPage\":{\"@id\":\"https:\/\/trustwhite.com\/shop\/psilocybe-utopia\/#primaryimage\"},\"image\":{\"@id\":\"https:\/\/trustwhite.com\/shop\/psilocybe-utopia\/#primaryimage\"},\"thumbnailUrl\":\"https:\/\/trustwhite.com\/wp-content\/uploads\/2022\/03\/psilocybe-utopiapsilocybin-or-magic-mushrooms.jpg\",\"datePublished\":\"2022-03-31T12:17:10+00:00\",\"dateModified\":\"2023-04-18T18:22:25+00:00\",\"description\":\"spore syringes for sale, Best Selling Spore Syringes, best selling Psilocybe Cubensis Mushroom Spores that we offer.\",\"breadcrumb\":{\"@id\":\"https:\/\/trustwhite.com\/shop\/psilocybe-utopia\/#breadcrumb\"},\"inLanguage\":\"it-IT\",\"potentialAction\":[{\"@type\":\"ReadAction\",\"target\":[\"https:\/\/trustwhite.com\/shop\/psilocybe-utopia\/\"]}]},{\"@type\":\"ImageObject\",\"inLanguage\":\"it-IT\",\"@id\":\"https:\/\/trustwhite.com\/shop\/psilocybe-utopia\/#primaryimage\",\"url\":\"https:\/\/trustwhite.com\/wp-content\/uploads\/2022\/03\/psilocybe-utopiapsilocybin-or-magic-mushrooms.jpg\",\"contentUrl\":\"https:\/\/trustwhite.com\/wp-content\/uploads\/2022\/03\/psilocybe-utopiapsilocybin-or-magic-mushrooms.jpg\",\"width\":800,\"height\":800},{\"@type\":\"BreadcrumbList\",\"@id\":\"https:\/\/trustwhite.com\/shop\/psilocybe-utopia\/#breadcrumb\",\"itemListElement\":[{\"@type\":\"ListItem\",\"position\":1,\"name\":\"Home\",\"item\":\"https:\/\/trustwhite.com\/el\/\"},{\"@type\":\"ListItem\",\"position\":2,\"name\":\"Shop\",\"item\":\"https:\/\/trustwhite.com\/el\/shop\/\"},{\"@type\":\"ListItem\",\"position\":3,\"name\":\"Psilocybe Utopia\"}]},{\"@type\":\"WebSite\",\"@id\":\"https:\/\/trustwhite.com\/el\/#website\",\"url\":\"https:\/\/trustwhite.com\/el\/\",\"name\":\"stonersmeds.com\",\"description\":\"verschreibungspflichtige Medizin kaufen\",\"potentialAction\":[{\"@type\":\"SearchAction\",\"target\":{\"@type\":\"EntryPoint\",\"urlTemplate\":\"https:\/\/trustwhite.com\/el\/?s={search_term_string}\"},\"query-input\":{\"@type\":\"PropertyValueSpecification\",\"valueRequired\":true,\"valueName\":\"search_term_string\"}}],\"inLanguage\":\"it-IT\"}]}<\/script>\n<!-- \/ Yoast SEO plugin. -->","yoast_head_json":{"title":"vendita siringhe di spore - stonersmeds.com","description":"siringhe di spore in vendita, siringhe di spore pi\u00f9 vendute, spore di funghi Psilocybe Cubensis pi\u00f9 vendute che offriamo.","robots":{"index":"index","follow":"follow","max-snippet":"max-snippet:-1","max-image-preview":"max-image-preview:large","max-video-preview":"max-video-preview:-1"},"canonical":"https:\/\/trustwhite.com\/it\/shop\/psilocybe-utopia\/","og_locale":"it_IT","og_type":"article","og_title":"spore syringes for sale - stonersmeds.com","og_description":"spore syringes for sale, Best Selling Spore Syringes, best selling Psilocybe Cubensis Mushroom Spores that we offer.","og_url":"https:\/\/trustwhite.com\/it\/shop\/psilocybe-utopia\/","og_site_name":"stonersmeds.com","article_modified_time":"2023-04-18T18:22:25+00:00","og_image":[{"width":800,"height":800,"url":"https:\/\/trustwhite.com\/wp-content\/uploads\/2022\/03\/psilocybe-utopiapsilocybin-or-magic-mushrooms.jpg","type":"image\/jpeg"}],"twitter_card":"summary_large_image","twitter_misc":{"Tempo di lettura stimato":"3 minuti"},"schema":{"@context":"https:\/\/schema.org","@graph":[{"@type":"WebPage","@id":"https:\/\/trustwhite.com\/shop\/psilocybe-utopia\/","url":"https:\/\/trustwhite.com\/shop\/psilocybe-utopia\/","name":"vendita siringhe di spore - stonersmeds.com","isPartOf":{"@id":"https:\/\/trustwhite.com\/el\/#website"},"primaryImageOfPage":{"@id":"https:\/\/trustwhite.com\/shop\/psilocybe-utopia\/#primaryimage"},"image":{"@id":"https:\/\/trustwhite.com\/shop\/psilocybe-utopia\/#primaryimage"},"thumbnailUrl":"https:\/\/trustwhite.com\/wp-content\/uploads\/2022\/03\/psilocybe-utopiapsilocybin-or-magic-mushrooms.jpg","datePublished":"2022-03-31T12:17:10+00:00","dateModified":"2023-04-18T18:22:25+00:00","description":"siringhe di spore in vendita, siringhe di spore pi\u00f9 vendute, spore di funghi Psilocybe Cubensis pi\u00f9 vendute che offriamo.","breadcrumb":{"@id":"https:\/\/trustwhite.com\/shop\/psilocybe-utopia\/#breadcrumb"},"inLanguage":"it-IT","potentialAction":[{"@type":"ReadAction","target":["https:\/\/trustwhite.com\/shop\/psilocybe-utopia\/"]}]},{"@type":"ImageObject","inLanguage":"it-IT","@id":"https:\/\/trustwhite.com\/shop\/psilocybe-utopia\/#primaryimage","url":"https:\/\/trustwhite.com\/wp-content\/uploads\/2022\/03\/psilocybe-utopiapsilocybin-or-magic-mushrooms.jpg","contentUrl":"https:\/\/trustwhite.com\/wp-content\/uploads\/2022\/03\/psilocybe-utopiapsilocybin-or-magic-mushrooms.jpg","width":800,"height":800},{"@type":"BreadcrumbList","@id":"https:\/\/trustwhite.com\/shop\/psilocybe-utopia\/#breadcrumb","itemListElement":[{"@type":"ListItem","position":1,"name":"Home","item":"https:\/\/trustwhite.com\/el\/"},{"@type":"ListItem","position":2,"name":"Shop","item":"https:\/\/trustwhite.com\/el\/shop\/"},{"@type":"ListItem","position":3,"name":"Psilocybe Utopia"}]},{"@type":"WebSite","@id":"https:\/\/trustwhite.com\/el\/#website","url":"https:\/\/trustwhite.com\/el\/","name":"stonersmeds.com","description":"acquistare la medicina di qualit\u00e0","potentialAction":[{"@type":"SearchAction","target":{"@type":"EntryPoint","urlTemplate":"https:\/\/trustwhite.com\/el\/?s={search_term_string}"},"query-input":{"@type":"PropertyValueSpecification","valueRequired":true,"valueName":"search_term_string"}}],"inLanguage":"it-IT"}]}},"_links":{"self":[{"href":"https:\/\/trustwhite.com\/it\/wp-json\/wp\/v2\/product\/11202","targetHints":{"allow":["GET"]}}],"collection":[{"href":"https:\/\/trustwhite.com\/it\/wp-json\/wp\/v2\/product"}],"about":[{"href":"https:\/\/trustwhite.com\/it\/wp-json\/wp\/v2\/types\/product"}],"version-history":[{"count":0,"href":"https:\/\/trustwhite.com\/it\/wp-json\/wp\/v2\/product\/11202\/revisions"}],"wp:featuredmedia":[{"embeddable":true,"href":"https:\/\/trustwhite.com\/it\/wp-json\/wp\/v2\/media\/11203"}],"wp:attachment":[{"href":"https:\/\/trustwhite.com\/it\/wp-json\/wp\/v2\/media?parent=11202"}],"wp:term":[{"taxonomy":"product_brand","embeddable":true,"href":"https:\/\/trustwhite.com\/it\/wp-json\/wp\/v2\/product_brand?post=11202"},{"taxonomy":"product_cat","embeddable":true,"href":"https:\/\/trustwhite.com\/it\/wp-json\/wp\/v2\/product_cat?post=11202"},{"taxonomy":"product_tag","embeddable":true,"href":"https:\/\/trustwhite.com\/it\/wp-json\/wp\/v2\/product_tag?post=11202"}],"curies":[{"name":"wp","href":"https:\/\/api.w.org\/{rel}","templated":true}]}}