{"id":10796,"date":"2022-03-12T09:51:30","date_gmt":"2022-03-12T09:51:30","guid":{"rendered":"https:\/\/stonersmeds.com\/?post_type=product&#038;p=10796"},"modified":"2023-04-10T03:44:59","modified_gmt":"2023-04-10T01:44:59","slug":"buy-pure-quality-al-lad-10-mg-powder-online","status":"publish","type":"product","link":"https:\/\/trustwhite.com\/it\/shop\/buy-pure-quality-al-lad-10-mg-powder-online\/","title":{"rendered":"Acquista online AL-LAD 10 mg di pura qualit\u00e0 in polvere"},"content":{"rendered":"<h1>Acquista online AL-LAD 10 mg di pura qualit\u00e0 in polvere.<\/h1>\n<p>Acquista AL-LAD 150 mg bloccante.<br \/>\nAcquista AL-LAD 150mg I blotter sono stati sintetizzati e prodotti per la prima volta da un gruppo di ricerca giapponese negli anni &#039;70<br \/>\npopolare con Alexander Shulgin nel suo libro TiHKAL. Dal 2013, quando AL-LAD \u00e8 stato rilasciato per la prima volta su RC<br \/>\nmercato, ha guadagnato un&#039;immensa popolarit\u00e0 ed \u00e8 pubblicizzato come uno dei pi\u00f9 grandi.<br \/>\nChe cos&#039;\u00e8 la carta assorbente AL-LAD 150 mg.<br \/>\nAL-LAD <a href=\"https:\/\/stonersmeds.com\/product-tag\/blotter-acid-for-sale\/\">Blotter 150 mcg 6-allyl-6-nor-lysergic acid<\/a> diethylamide) acts as a strong agonist for 5-HT2A<br \/>\nSi dice che i recettori dan siano attivi tra 80 e 160 microgrammi. Si prega di notare che il nostro assorbente AL-LAD<br \/>\n150 g sono stati rivestiti con uno strato sottile (1,5 mg\/blotter) di 2-idrossipropil-B-ciclodestrina (ciclodestrina).<br \/>\nfornisce ulteriore protezione dall&#039;ossigeno.<br \/>\n<a href=\"https:\/\/stonersmeds.com\/shop\/buy-quality-al-lad-blotters-cheap-online\/\">BUY AL-LAD Blotter<\/a> USA.<\/p>\n<pre><strong>Acquista AL-LAD 10 mg di pura qualit\u00e0 in polvere online - acquista AL-LAD 10 mg di pura qualit\u00e0 in polvere, acquista AL-LAD 10 mg di pura qualit\u00e0 in polvere negli Stati Uniti, acquista AL-LAD 10 mg di pura qualit\u00e0 in polvere online negli Stati Uniti, dove acquistare AL-LAD di pura qualit\u00e0 -LAD 10 mg in polvere, AL-LAD 10 mg in polvere di pura qualit\u00e0 in vendita, AL-LAD 10 mg in polvere di pura qualit\u00e0 in vendita vicino a me, acquista AL-LAD 10 mg di pura qualit\u00e0 in polvere online vicino a me, dove acquistare AL-LAD di pura qualit\u00e0 in vendita LAD 10 mg in polvere online, AL-LAD 10 mg in polvere di pura qualit\u00e0 in vendita negli Stati Uniti, Stati Uniti, Canada, Regno Unito, acquista, online, fornitori, consegna sicura, \u00c8 ancora possibile ottenere AL-LAD 10 mg di pura qualit\u00e0 in polvere, \u00c8 pura qualit\u00e0 AL-LAD 10 mg in polvere legale negli Stati Uniti, acquista AL-LAD 10 mg in polvere di pura qualit\u00e0 online negli Stati Uniti, come ordinare AL-LAD 10 mg in polvere di pura qualit\u00e0, \u00c8 AL-LAD 10 mg in polvere di pura qualit\u00e0 legale in Canada<\/strong><\/pre>","protected":false},"excerpt":{"rendered":"<p>Acquista online AL-LAD 10 mg di pura qualit\u00e0 in polvere.\u00a0<em>AL<\/em>-<em>RAGAZZO<\/em>,\u00a0<em>compra AL<\/em>-<em>LAD in linea.<\/em><\/p>\n<p>Acquista online sangue AL-LAD di alta qualit\u00e0 a prezzi bassi. 6-allil-6-nor-LSD \u00e8 una lisergamide psichedelica, nota anche come AL-LAD (dietilamide dell&#039;acido lisergico). Aspirazione AL-LAD da 150 mcg.<\/p>\n<p>Il prezzo del prodotto \u00e8 $10 per assorbimento.<\/p>\n<p>La quantit\u00e0 minima ordinabile \u00e8 di 15 assorbenti.<\/p>\n<pre><\/pre>","protected":false},"featured_media":10805,"template":"","meta":[],"product_brand":[],"product_cat":[79],"product_tag":[762,758,757,767,768,766,760,764,761,759,763,765],"class_list":{"0":"post-10796","1":"product","2":"type-product","3":"status-publish","4":"has-post-thumbnail","6":"product_cat-research-chemicals-and-bath-salt","7":"product_tag-buy-pure-quality-al-lad-10-mg-powder-online-near-me","8":"product_tag-buy-pure-quality-al-lad-10-mg-powder-online-usa","9":"product_tag-buy-pure-quality-al-lad-10-mg-powder-usa","10":"product_tag-how-to-order-pure-quality-al-lad-10-mg-powder","11":"product_tag-is-pure-quality-al-lad-10-mg-powder-legal-in-canada","12":"product_tag-is-pure-quality-al-lad-10-mg-powder-legal-in-usa","13":"product_tag-pure-quality-al-lad-10-mg-powder-for-sale","14":"product_tag-pure-quality-al-lad-10-mg-powder-for-sale-in-usa","15":"product_tag-pure-quality-al-lad-10-mg-powder-for-sale-near-me","16":"product_tag-where-to-buy-pure-quality-al-lad-10-mg-powder","17":"product_tag-where-to-buy-pure-quality-al-lad-10-mg-powder-online","18":"product_tag-you-can-still-get-pure-quality-al-lad-10-mg-powder","20":"first","21":"instock","22":"shipping-taxable","23":"purchasable","24":"product-type-variable"},"tiered_pricing_type":"fixed","tiered_pricing_fixed_rules":[],"tiered_pricing_percentage_rules":[],"tiered_pricing_minimum":1,"_administrator_tiered_pricing_type":"fixed","_administrator_tiered_pricing_fixed_rules":[],"_editor_tiered_pricing_type":"fixed","_editor_tiered_pricing_fixed_rules":[],"_author_tiered_pricing_type":"fixed","_author_tiered_pricing_fixed_rules":[],"_contributor_tiered_pricing_type":"fixed","_contributor_tiered_pricing_fixed_rules":[],"_subscriber_tiered_pricing_type":"fixed","_subscriber_tiered_pricing_fixed_rules":[],"_customer_tiered_pricing_type":"fixed","_customer_tiered_pricing_fixed_rules":[],"_shop_manager_tiered_pricing_type":"fixed","_shop_manager_tiered_pricing_fixed_rules":[],"_wpseo_manager_tiered_pricing_type":"fixed","_wpseo_manager_tiered_pricing_fixed_rules":[],"_wpseo_editor_tiered_pricing_type":"fixed","_wpseo_editor_tiered_pricing_fixed_rules":[],"yoast_head":"<!-- This site is optimized with the Yoast SEO plugin v26.8 - https:\/\/yoast.com\/product\/yoast-seo-wordpress\/ -->\n<title>Buy pure quality AL-LAD 10 mg powder online - Cheap price, Grade A++<\/title>\n<meta name=\"description\" content=\"buy AL-LAD 10 mg powder Online at an affordable price at stonersmeds. All products are lab qualified and have premium quality.\" \/>\n<meta name=\"robots\" content=\"index, follow, max-snippet:-1, max-image-preview:large, max-video-preview:-1\" \/>\n<link rel=\"canonical\" href=\"https:\/\/trustwhite.com\/it\/shop\/buy-pure-quality-al-lad-10-mg-powder-online\/\" \/>\n<meta property=\"og:locale\" content=\"it_IT\" \/>\n<meta property=\"og:type\" content=\"article\" \/>\n<meta property=\"og:title\" content=\"Buy pure quality AL-LAD 10 mg powder online - Cheap price, Grade A++\" \/>\n<meta property=\"og:description\" content=\"buy AL-LAD 10 mg powder Online at an affordable price at stonersmeds. All products are lab qualified and have premium quality.\" \/>\n<meta property=\"og:url\" content=\"https:\/\/trustwhite.com\/it\/shop\/buy-pure-quality-al-lad-10-mg-powder-online\/\" \/>\n<meta property=\"og:site_name\" content=\"stonersmeds.com\" \/>\n<meta property=\"article:modified_time\" content=\"2023-04-10T01:44:59+00:00\" \/>\n<meta property=\"og:image\" content=\"https:\/\/trustwhite.com\/wp-content\/uploads\/2022\/03\/buy-pure-quality-al-lad-10-mg-powder-online.jpg\" \/>\n\t<meta property=\"og:image:width\" content=\"600\" \/>\n\t<meta property=\"og:image:height\" content=\"600\" \/>\n\t<meta property=\"og:image:type\" content=\"image\/jpeg\" \/>\n<meta name=\"twitter:card\" content=\"summary_large_image\" \/>\n<meta name=\"twitter:label1\" content=\"Tempo di lettura stimato\" \/>\n\t<meta name=\"twitter:data1\" content=\"2 minuti\" \/>\n<script type=\"application\/ld+json\" class=\"yoast-schema-graph\">{\"@context\":\"https:\/\/schema.org\",\"@graph\":[{\"@type\":\"WebPage\",\"@id\":\"https:\/\/trustwhite.com\/shop\/buy-pure-quality-al-lad-10-mg-powder-online\/\",\"url\":\"https:\/\/trustwhite.com\/shop\/buy-pure-quality-al-lad-10-mg-powder-online\/\",\"name\":\"Buy pure quality AL-LAD 10 mg powder online - Cheap price, Grade A++\",\"isPartOf\":{\"@id\":\"https:\/\/trustwhite.com\/el\/#website\"},\"primaryImageOfPage\":{\"@id\":\"https:\/\/trustwhite.com\/shop\/buy-pure-quality-al-lad-10-mg-powder-online\/#primaryimage\"},\"image\":{\"@id\":\"https:\/\/trustwhite.com\/shop\/buy-pure-quality-al-lad-10-mg-powder-online\/#primaryimage\"},\"thumbnailUrl\":\"https:\/\/trustwhite.com\/wp-content\/uploads\/2022\/03\/buy-pure-quality-al-lad-10-mg-powder-online.jpg\",\"datePublished\":\"2022-03-12T09:51:30+00:00\",\"dateModified\":\"2023-04-10T01:44:59+00:00\",\"description\":\"buy AL-LAD 10 mg powder Online at an affordable price at stonersmeds. All products are lab qualified and have premium quality.\",\"breadcrumb\":{\"@id\":\"https:\/\/trustwhite.com\/shop\/buy-pure-quality-al-lad-10-mg-powder-online\/#breadcrumb\"},\"inLanguage\":\"it-IT\",\"potentialAction\":[{\"@type\":\"ReadAction\",\"target\":[\"https:\/\/trustwhite.com\/shop\/buy-pure-quality-al-lad-10-mg-powder-online\/\"]}]},{\"@type\":\"ImageObject\",\"inLanguage\":\"it-IT\",\"@id\":\"https:\/\/trustwhite.com\/shop\/buy-pure-quality-al-lad-10-mg-powder-online\/#primaryimage\",\"url\":\"https:\/\/trustwhite.com\/wp-content\/uploads\/2022\/03\/buy-pure-quality-al-lad-10-mg-powder-online.jpg\",\"contentUrl\":\"https:\/\/trustwhite.com\/wp-content\/uploads\/2022\/03\/buy-pure-quality-al-lad-10-mg-powder-online.jpg\",\"width\":600,\"height\":600},{\"@type\":\"BreadcrumbList\",\"@id\":\"https:\/\/trustwhite.com\/shop\/buy-pure-quality-al-lad-10-mg-powder-online\/#breadcrumb\",\"itemListElement\":[{\"@type\":\"ListItem\",\"position\":1,\"name\":\"Home\",\"item\":\"https:\/\/trustwhite.com\/el\/\"},{\"@type\":\"ListItem\",\"position\":2,\"name\":\"Shop\",\"item\":\"https:\/\/trustwhite.com\/el\/shop\/\"},{\"@type\":\"ListItem\",\"position\":3,\"name\":\"Buy pure quality AL-LAD 10 mg powder online\"}]},{\"@type\":\"WebSite\",\"@id\":\"https:\/\/trustwhite.com\/el\/#website\",\"url\":\"https:\/\/trustwhite.com\/el\/\",\"name\":\"stonersmeds.com\",\"description\":\"verschreibungspflichtige Medizin kaufen\",\"potentialAction\":[{\"@type\":\"SearchAction\",\"target\":{\"@type\":\"EntryPoint\",\"urlTemplate\":\"https:\/\/trustwhite.com\/el\/?s={search_term_string}\"},\"query-input\":{\"@type\":\"PropertyValueSpecification\",\"valueRequired\":true,\"valueName\":\"search_term_string\"}}],\"inLanguage\":\"it-IT\"}]}<\/script>\n<!-- \/ Yoast SEO plugin. -->","yoast_head_json":{"title":"Acquista online AL-LAD 10 mg di pura qualit\u00e0 in polvere - Prezzo economico, Grado A++","description":"acquista AL-LAD 10 mg in polvere online a un prezzo accessibile su stonersmeds. Tutti i prodotti sono qualificati in laboratorio e hanno una qualit\u00e0 premium.","robots":{"index":"index","follow":"follow","max-snippet":"max-snippet:-1","max-image-preview":"max-image-preview:large","max-video-preview":"max-video-preview:-1"},"canonical":"https:\/\/trustwhite.com\/it\/shop\/buy-pure-quality-al-lad-10-mg-powder-online\/","og_locale":"it_IT","og_type":"article","og_title":"Buy pure quality AL-LAD 10 mg powder online - Cheap price, Grade A++","og_description":"buy AL-LAD 10 mg powder Online at an affordable price at stonersmeds. All products are lab qualified and have premium quality.","og_url":"https:\/\/trustwhite.com\/it\/shop\/buy-pure-quality-al-lad-10-mg-powder-online\/","og_site_name":"stonersmeds.com","article_modified_time":"2023-04-10T01:44:59+00:00","og_image":[{"width":600,"height":600,"url":"https:\/\/trustwhite.com\/wp-content\/uploads\/2022\/03\/buy-pure-quality-al-lad-10-mg-powder-online.jpg","type":"image\/jpeg"}],"twitter_card":"summary_large_image","twitter_misc":{"Tempo di lettura stimato":"2 minuti"},"schema":{"@context":"https:\/\/schema.org","@graph":[{"@type":"WebPage","@id":"https:\/\/trustwhite.com\/shop\/buy-pure-quality-al-lad-10-mg-powder-online\/","url":"https:\/\/trustwhite.com\/shop\/buy-pure-quality-al-lad-10-mg-powder-online\/","name":"Acquista online AL-LAD 10 mg di pura qualit\u00e0 in polvere - Prezzo economico, Grado A++","isPartOf":{"@id":"https:\/\/trustwhite.com\/el\/#website"},"primaryImageOfPage":{"@id":"https:\/\/trustwhite.com\/shop\/buy-pure-quality-al-lad-10-mg-powder-online\/#primaryimage"},"image":{"@id":"https:\/\/trustwhite.com\/shop\/buy-pure-quality-al-lad-10-mg-powder-online\/#primaryimage"},"thumbnailUrl":"https:\/\/trustwhite.com\/wp-content\/uploads\/2022\/03\/buy-pure-quality-al-lad-10-mg-powder-online.jpg","datePublished":"2022-03-12T09:51:30+00:00","dateModified":"2023-04-10T01:44:59+00:00","description":"acquista AL-LAD 10 mg in polvere online a un prezzo accessibile su stonersmeds. Tutti i prodotti sono qualificati in laboratorio e hanno una qualit\u00e0 premium.","breadcrumb":{"@id":"https:\/\/trustwhite.com\/shop\/buy-pure-quality-al-lad-10-mg-powder-online\/#breadcrumb"},"inLanguage":"it-IT","potentialAction":[{"@type":"ReadAction","target":["https:\/\/trustwhite.com\/shop\/buy-pure-quality-al-lad-10-mg-powder-online\/"]}]},{"@type":"ImageObject","inLanguage":"it-IT","@id":"https:\/\/trustwhite.com\/shop\/buy-pure-quality-al-lad-10-mg-powder-online\/#primaryimage","url":"https:\/\/trustwhite.com\/wp-content\/uploads\/2022\/03\/buy-pure-quality-al-lad-10-mg-powder-online.jpg","contentUrl":"https:\/\/trustwhite.com\/wp-content\/uploads\/2022\/03\/buy-pure-quality-al-lad-10-mg-powder-online.jpg","width":600,"height":600},{"@type":"BreadcrumbList","@id":"https:\/\/trustwhite.com\/shop\/buy-pure-quality-al-lad-10-mg-powder-online\/#breadcrumb","itemListElement":[{"@type":"ListItem","position":1,"name":"Home","item":"https:\/\/trustwhite.com\/el\/"},{"@type":"ListItem","position":2,"name":"Shop","item":"https:\/\/trustwhite.com\/el\/shop\/"},{"@type":"ListItem","position":3,"name":"Buy pure quality AL-LAD 10 mg powder online"}]},{"@type":"WebSite","@id":"https:\/\/trustwhite.com\/el\/#website","url":"https:\/\/trustwhite.com\/el\/","name":"stonersmeds.com","description":"acquistare la medicina di qualit\u00e0","potentialAction":[{"@type":"SearchAction","target":{"@type":"EntryPoint","urlTemplate":"https:\/\/trustwhite.com\/el\/?s={search_term_string}"},"query-input":{"@type":"PropertyValueSpecification","valueRequired":true,"valueName":"search_term_string"}}],"inLanguage":"it-IT"}]}},"_links":{"self":[{"href":"https:\/\/trustwhite.com\/it\/wp-json\/wp\/v2\/product\/10796","targetHints":{"allow":["GET"]}}],"collection":[{"href":"https:\/\/trustwhite.com\/it\/wp-json\/wp\/v2\/product"}],"about":[{"href":"https:\/\/trustwhite.com\/it\/wp-json\/wp\/v2\/types\/product"}],"version-history":[{"count":0,"href":"https:\/\/trustwhite.com\/it\/wp-json\/wp\/v2\/product\/10796\/revisions"}],"wp:featuredmedia":[{"embeddable":true,"href":"https:\/\/trustwhite.com\/it\/wp-json\/wp\/v2\/media\/10805"}],"wp:attachment":[{"href":"https:\/\/trustwhite.com\/it\/wp-json\/wp\/v2\/media?parent=10796"}],"wp:term":[{"taxonomy":"product_brand","embeddable":true,"href":"https:\/\/trustwhite.com\/it\/wp-json\/wp\/v2\/product_brand?post=10796"},{"taxonomy":"product_cat","embeddable":true,"href":"https:\/\/trustwhite.com\/it\/wp-json\/wp\/v2\/product_cat?post=10796"},{"taxonomy":"product_tag","embeddable":true,"href":"https:\/\/trustwhite.com\/it\/wp-json\/wp\/v2\/product_tag?post=10796"}],"curies":[{"name":"wp","href":"https:\/\/api.w.org\/{rel}","templated":true}]}}