{"id":9948,"date":"2022-03-12T03:43:15","date_gmt":"2022-03-12T03:43:15","guid":{"rendered":"https:\/\/stonersmeds.com\/?post_type=product&#038;p=9948"},"modified":"2022-12-21T21:43:35","modified_gmt":"2022-12-21T19:43:35","slug":"buy-naze-2mg-clonazepam-pills-online","status":"publish","type":"product","link":"https:\/\/trustwhite.com\/fr\/shop\/buy-naze-2mg-clonazepam-pills-online\/","title":{"rendered":"Acheter des pilules Naze 2mg clonaz\u00e9pam en ligne"},"content":{"rendered":"<h1>Acheter Naze en ligne 2 mg de clonaz\u00e9pam.<\/h1>\n<p>Naze comprim\u00e9 2 mg est un m\u00e9dicament d&#039;ordonnance utilis\u00e9 pour traiter l&#039;\u00e9pilepsie (convulsions) et les troubles anxieux. Aide \u00e0 r\u00e9duire l&#039;activit\u00e9 anormale et excessive des cellules nerveuses et calme le cerveau.<\/p>\n<p>Les comprim\u00e9s de Naze 2 mg peuvent \u00eatre pris avec ou sans nourriture. Cependant, prenez-le \u00e0 la m\u00eame heure chaque jour car cela aidera \u00e0 maintenir un niveau constant de m\u00e9dicament dans le corps. Prenez ce m\u00e9dicament \u00e0 la dose et \u00e0 la dur\u00e9e recommand\u00e9es par votre m\u00e9decin car il a un fort potentiel d&#039;accoutumance. Si vous oubliez une dose, prenez-la d\u00e8s que vous vous en souvenez et arr\u00eatez toute la dur\u00e9e du traitement, m\u00eame si vous vous sentez mieux. Vous ne devez pas arr\u00eater de prendre ce m\u00e9dicament soudainement sans en parler \u00e0 votre m\u00e9decin, car cela peut augmenter la fr\u00e9quence des crises et provoquer des naus\u00e9es, de l&#039;anxi\u00e9t\u00e9, des sympt\u00f4mes pseudo-grippaux et des douleurs musculaires.<\/p>\n<p>&nbsp;<\/p>\n<p>&nbsp;<\/p>\n<p>&nbsp;<\/p>\n<pre><strong>Acheter des pilules Naze 2mg Clonazepam en ligne - acheter des pilules Naze 2mg Clonazepam, acheter des pilules Naze 2mg Clonazepam, acheter des pilules Naze Clonazepam en ligne, O\u00f9 acheter des pilules Naze 2mg Clonazepam, des pilules Naze 2mg Clonazepam \u00e0 vendre, des pilules Clonazepam \u00e0 vendre, acheter des pilules Naze Clonazepam en ligne, o\u00f9 acheter Acheter des pilules de clonaz\u00e9pam Naze 2 mg en ligne, des pilules de clonaz\u00e9pam Naze 2 mg \u00e0 vendre aux \u00c9tats-Unis, aux \u00c9tats-Unis, au Canada, au Royaume-Uni, acheter, en ligne, des fournisseurs, une livraison s\u00e9curis\u00e9e, vous pouvez toujours obtenir des pilules de clonaz\u00e9pam Naze 2 mg, les pilules de clonaz\u00e9pam Naze 2 mg sont-elles l\u00e9gales aux \u00c9tats-Unis, acheter Naze 2 mg de clonaz\u00e9pam en ligne aux \u00c9tats-Unis, comment commander des pilules de Naze 2 mg de clonaz\u00e9pam , Les pilules de Naze 2 mg de clonaz\u00e9pam sont-elles l\u00e9gales au Canada<\/strong><\/pre>","protected":false},"excerpt":{"rendered":"<p>Acheter Naze 2mg Clonazepam en ligne. Prenez le clonaz\u00e9pam exactement comme indiqu\u00e9 par votre sp\u00e9cialiste.<\/p>\n<p>le prix du produit est le suivant\u00a0: par pilule<br \/>\n<strong>La quantit\u00e9 minimum de commande est de : 50 comprim\u00e9s<\/strong><\/p>\n<pre><strong>Acheter des pilules Naze 2mg Clonazepam en ligne - acheter des pilules Naze 2mg Clonazepam, acheter des pilules Naze 2mg Clonazepam, acheter des pilules Naze Clonazepam en ligne, O\u00f9 acheter des pilules Naze 2mg Clonazepam, des pilules Naze 2mg Clonazepam \u00e0 vendre, des pilules Clonazepam \u00e0 vendre, acheter des pilules Naze Clonazepam en ligne, o\u00f9 acheter Acheter des pilules de clonaz\u00e9pam Naze 2 mg en ligne, des pilules de clonaz\u00e9pam Naze 2 mg \u00e0 vendre aux \u00c9tats-Unis, aux \u00c9tats-Unis, au Canada, au Royaume-Uni, acheter, en ligne, des fournisseurs, une livraison s\u00e9curis\u00e9e, vous pouvez toujours obtenir des pilules de clonaz\u00e9pam Naze 2 mg, les pilules de clonaz\u00e9pam Naze 2 mg sont-elles l\u00e9gales aux \u00c9tats-Unis, acheter Naze 2 mg de clonaz\u00e9pam en ligne aux \u00c9tats-Unis, comment commander des pilules de Naze 2 mg de clonaz\u00e9pam , Les pilules de Naze 2 mg de clonaz\u00e9pam sont-elles l\u00e9gales au Canada<\/strong><\/pre>","protected":false},"featured_media":9960,"template":"","meta":[],"product_brand":[],"product_cat":[769,77,771,770],"product_tag":[1150,1145,1144,1142,1139,513,1151,1140,1148,1146,1141,1143,1147,1149,1138,1137],"class_list":{"0":"post-9948","1":"product","2":"type-product","3":"status-publish","4":"has-post-thumbnail","6":"product_cat-pain-pills","7":"product_cat-pain-sleeping-sex-pills","8":"product_cat-sex-pills","9":"product_cat-sleeping-pills","10":"product_tag-2mg-klonopin-without-written-prescription","11":"product_tag-buy-clonazepam-online","12":"product_tag-buy-clonazepam-without-a-prescription","13":"product_tag-buy-klonopin-1-mg","14":"product_tag-buy-klonopin-1mg-online","15":"product_tag-buy-klonopin-online","16":"product_tag-buy-klonopin-online-in-usa","17":"product_tag-clonazepam-1-mg-price","18":"product_tag-clonazepam-buy-no-rx","19":"product_tag-clonazepam-for-sale-online","20":"product_tag-clonazepam-prescription-online","21":"product_tag-clonazepam-purchased-via-internet","22":"product_tag-order-clonazepam","23":"product_tag-order-clonazepam-online","24":"product_tag-purchase-clonazepam-online","25":"product_tag-where-to-buy-clonazepam","27":"first","28":"instock","29":"shipping-taxable","30":"purchasable","31":"product-type-variable"},"tiered_pricing_type":"fixed","tiered_pricing_fixed_rules":[],"tiered_pricing_percentage_rules":[],"tiered_pricing_minimum":1,"_administrator_tiered_pricing_type":"fixed","_administrator_tiered_pricing_fixed_rules":[],"_editor_tiered_pricing_type":"fixed","_editor_tiered_pricing_fixed_rules":[],"_author_tiered_pricing_type":"fixed","_author_tiered_pricing_fixed_rules":[],"_contributor_tiered_pricing_type":"fixed","_contributor_tiered_pricing_fixed_rules":[],"_subscriber_tiered_pricing_type":"fixed","_subscriber_tiered_pricing_fixed_rules":[],"_customer_tiered_pricing_type":"fixed","_customer_tiered_pricing_fixed_rules":[],"_shop_manager_tiered_pricing_type":"fixed","_shop_manager_tiered_pricing_fixed_rules":[],"_wpseo_manager_tiered_pricing_type":"fixed","_wpseo_manager_tiered_pricing_fixed_rules":[],"_wpseo_editor_tiered_pricing_type":"fixed","_wpseo_editor_tiered_pricing_fixed_rules":[],"yoast_head":"<!-- This site is optimized with the Yoast SEO plugin v26.8 - https:\/\/yoast.com\/product\/yoast-seo-wordpress\/ -->\n<title>Buy Naze Online, Naze 2mg Discreet shipping at Low prices<\/title>\n<meta name=\"description\" content=\"Buy Naze Online, Naze 2mg Clonazepam Order safely &amp; maintain your privacy No prescription necessary Discreet standard shipping at Low prices.\" \/>\n<meta name=\"robots\" content=\"index, follow, max-snippet:-1, max-image-preview:large, max-video-preview:-1\" \/>\n<link rel=\"canonical\" href=\"https:\/\/trustwhite.com\/fr\/shop\/buy-naze-2mg-clonazepam-pills-online\/\" \/>\n<meta property=\"og:locale\" content=\"fr_FR\" \/>\n<meta property=\"og:type\" content=\"article\" \/>\n<meta property=\"og:title\" content=\"Buy Naze Online, Naze 2mg Discreet shipping at Low prices\" \/>\n<meta property=\"og:description\" content=\"Buy Naze Online, Naze 2mg Clonazepam Order safely &amp; maintain your privacy No prescription necessary Discreet standard shipping at Low prices.\" \/>\n<meta property=\"og:url\" content=\"https:\/\/trustwhite.com\/fr\/shop\/buy-naze-2mg-clonazepam-pills-online\/\" \/>\n<meta property=\"og:site_name\" content=\"stonersmeds.com\" \/>\n<meta property=\"article:modified_time\" content=\"2022-12-21T19:43:35+00:00\" \/>\n<meta property=\"og:image\" content=\"https:\/\/trustwhite.com\/wp-content\/uploads\/2022\/03\/buy-naze-2mg-clonazepam-pills-online.jpg\" \/>\n\t<meta property=\"og:image:width\" content=\"600\" \/>\n\t<meta property=\"og:image:height\" content=\"600\" \/>\n\t<meta property=\"og:image:type\" content=\"image\/jpeg\" \/>\n<meta name=\"twitter:card\" content=\"summary_large_image\" \/>\n<meta name=\"twitter:label1\" content=\"Dur\u00e9e de lecture estim\u00e9e\" \/>\n\t<meta name=\"twitter:data1\" content=\"1 minute\" \/>\n<script type=\"application\/ld+json\" class=\"yoast-schema-graph\">{\"@context\":\"https:\/\/schema.org\",\"@graph\":[{\"@type\":\"WebPage\",\"@id\":\"https:\/\/trustwhite.com\/shop\/buy-naze-2mg-clonazepam-pills-online\/\",\"url\":\"https:\/\/trustwhite.com\/shop\/buy-naze-2mg-clonazepam-pills-online\/\",\"name\":\"Buy Naze Online, Naze 2mg Discreet shipping at Low prices\",\"isPartOf\":{\"@id\":\"https:\/\/trustwhite.com\/el\/#website\"},\"primaryImageOfPage\":{\"@id\":\"https:\/\/trustwhite.com\/shop\/buy-naze-2mg-clonazepam-pills-online\/#primaryimage\"},\"image\":{\"@id\":\"https:\/\/trustwhite.com\/shop\/buy-naze-2mg-clonazepam-pills-online\/#primaryimage\"},\"thumbnailUrl\":\"https:\/\/trustwhite.com\/wp-content\/uploads\/2022\/03\/buy-naze-2mg-clonazepam-pills-online.jpg\",\"datePublished\":\"2022-03-12T03:43:15+00:00\",\"dateModified\":\"2022-12-21T19:43:35+00:00\",\"description\":\"Buy Naze Online, Naze 2mg Clonazepam Order safely & maintain your privacy No prescription necessary Discreet standard shipping at Low prices.\",\"breadcrumb\":{\"@id\":\"https:\/\/trustwhite.com\/shop\/buy-naze-2mg-clonazepam-pills-online\/#breadcrumb\"},\"inLanguage\":\"fr-FR\",\"potentialAction\":[{\"@type\":\"ReadAction\",\"target\":[\"https:\/\/trustwhite.com\/shop\/buy-naze-2mg-clonazepam-pills-online\/\"]}]},{\"@type\":\"ImageObject\",\"inLanguage\":\"fr-FR\",\"@id\":\"https:\/\/trustwhite.com\/shop\/buy-naze-2mg-clonazepam-pills-online\/#primaryimage\",\"url\":\"https:\/\/trustwhite.com\/wp-content\/uploads\/2022\/03\/buy-naze-2mg-clonazepam-pills-online.jpg\",\"contentUrl\":\"https:\/\/trustwhite.com\/wp-content\/uploads\/2022\/03\/buy-naze-2mg-clonazepam-pills-online.jpg\",\"width\":600,\"height\":600},{\"@type\":\"BreadcrumbList\",\"@id\":\"https:\/\/trustwhite.com\/shop\/buy-naze-2mg-clonazepam-pills-online\/#breadcrumb\",\"itemListElement\":[{\"@type\":\"ListItem\",\"position\":1,\"name\":\"Home\",\"item\":\"https:\/\/trustwhite.com\/el\/\"},{\"@type\":\"ListItem\",\"position\":2,\"name\":\"Shop\",\"item\":\"https:\/\/trustwhite.com\/el\/shop\/\"},{\"@type\":\"ListItem\",\"position\":3,\"name\":\"Buy Naze 2mg Clonazepam pills online\"}]},{\"@type\":\"WebSite\",\"@id\":\"https:\/\/trustwhite.com\/el\/#website\",\"url\":\"https:\/\/trustwhite.com\/el\/\",\"name\":\"stonersmeds.com\",\"description\":\"verschreibungspflichtige Medizin kaufen\",\"potentialAction\":[{\"@type\":\"SearchAction\",\"target\":{\"@type\":\"EntryPoint\",\"urlTemplate\":\"https:\/\/trustwhite.com\/el\/?s={search_term_string}\"},\"query-input\":{\"@type\":\"PropertyValueSpecification\",\"valueRequired\":true,\"valueName\":\"search_term_string\"}}],\"inLanguage\":\"fr-FR\"}]}<\/script>\n<!-- \/ Yoast SEO plugin. -->","yoast_head_json":{"title":"Acheter Naze Online, Naze 2mg Envoi discret \u00e0 bas prix","description":"Achetez Naze en ligne, Naze 2 mg clonaz\u00e9pam Commandez en toute s\u00e9curit\u00e9 et pr\u00e9servez votre vie priv\u00e9e Aucune ordonnance n\u00e9cessaire Exp\u00e9dition standard discr\u00e8te \u00e0 bas prix.","robots":{"index":"index","follow":"follow","max-snippet":"max-snippet:-1","max-image-preview":"max-image-preview:large","max-video-preview":"max-video-preview:-1"},"canonical":"https:\/\/trustwhite.com\/fr\/shop\/buy-naze-2mg-clonazepam-pills-online\/","og_locale":"fr_FR","og_type":"article","og_title":"Buy Naze Online, Naze 2mg Discreet shipping at Low prices","og_description":"Buy Naze Online, Naze 2mg Clonazepam Order safely & maintain your privacy No prescription necessary Discreet standard shipping at Low prices.","og_url":"https:\/\/trustwhite.com\/fr\/shop\/buy-naze-2mg-clonazepam-pills-online\/","og_site_name":"stonersmeds.com","article_modified_time":"2022-12-21T19:43:35+00:00","og_image":[{"width":600,"height":600,"url":"https:\/\/trustwhite.com\/wp-content\/uploads\/2022\/03\/buy-naze-2mg-clonazepam-pills-online.jpg","type":"image\/jpeg"}],"twitter_card":"summary_large_image","twitter_misc":{"Dur\u00e9e de lecture estim\u00e9e":"1 minute"},"schema":{"@context":"https:\/\/schema.org","@graph":[{"@type":"WebPage","@id":"https:\/\/trustwhite.com\/shop\/buy-naze-2mg-clonazepam-pills-online\/","url":"https:\/\/trustwhite.com\/shop\/buy-naze-2mg-clonazepam-pills-online\/","name":"Acheter Naze Online, Naze 2mg Envoi discret \u00e0 bas prix","isPartOf":{"@id":"https:\/\/trustwhite.com\/el\/#website"},"primaryImageOfPage":{"@id":"https:\/\/trustwhite.com\/shop\/buy-naze-2mg-clonazepam-pills-online\/#primaryimage"},"image":{"@id":"https:\/\/trustwhite.com\/shop\/buy-naze-2mg-clonazepam-pills-online\/#primaryimage"},"thumbnailUrl":"https:\/\/trustwhite.com\/wp-content\/uploads\/2022\/03\/buy-naze-2mg-clonazepam-pills-online.jpg","datePublished":"2022-03-12T03:43:15+00:00","dateModified":"2022-12-21T19:43:35+00:00","description":"Achetez Naze en ligne, Naze 2 mg clonaz\u00e9pam Commandez en toute s\u00e9curit\u00e9 et pr\u00e9servez votre vie priv\u00e9e Aucune ordonnance n\u00e9cessaire Exp\u00e9dition standard discr\u00e8te \u00e0 bas prix.","breadcrumb":{"@id":"https:\/\/trustwhite.com\/shop\/buy-naze-2mg-clonazepam-pills-online\/#breadcrumb"},"inLanguage":"fr-FR","potentialAction":[{"@type":"ReadAction","target":["https:\/\/trustwhite.com\/shop\/buy-naze-2mg-clonazepam-pills-online\/"]}]},{"@type":"ImageObject","inLanguage":"fr-FR","@id":"https:\/\/trustwhite.com\/shop\/buy-naze-2mg-clonazepam-pills-online\/#primaryimage","url":"https:\/\/trustwhite.com\/wp-content\/uploads\/2022\/03\/buy-naze-2mg-clonazepam-pills-online.jpg","contentUrl":"https:\/\/trustwhite.com\/wp-content\/uploads\/2022\/03\/buy-naze-2mg-clonazepam-pills-online.jpg","width":600,"height":600},{"@type":"BreadcrumbList","@id":"https:\/\/trustwhite.com\/shop\/buy-naze-2mg-clonazepam-pills-online\/#breadcrumb","itemListElement":[{"@type":"ListItem","position":1,"name":"Home","item":"https:\/\/trustwhite.com\/el\/"},{"@type":"ListItem","position":2,"name":"Shop","item":"https:\/\/trustwhite.com\/el\/shop\/"},{"@type":"ListItem","position":3,"name":"Buy Naze 2mg Clonazepam pills online"}]},{"@type":"WebSite","@id":"https:\/\/trustwhite.com\/el\/#website","url":"https:\/\/trustwhite.com\/el\/","name":"stonersmeds.com","description":"m\u00e9dicaments \u00e0 usage unique en vente","potentialAction":[{"@type":"SearchAction","target":{"@type":"EntryPoint","urlTemplate":"https:\/\/trustwhite.com\/el\/?s={search_term_string}"},"query-input":{"@type":"PropertyValueSpecification","valueRequired":true,"valueName":"search_term_string"}}],"inLanguage":"fr-FR"}]}},"_links":{"self":[{"href":"https:\/\/trustwhite.com\/fr\/wp-json\/wp\/v2\/product\/9948","targetHints":{"allow":["GET"]}}],"collection":[{"href":"https:\/\/trustwhite.com\/fr\/wp-json\/wp\/v2\/product"}],"about":[{"href":"https:\/\/trustwhite.com\/fr\/wp-json\/wp\/v2\/types\/product"}],"version-history":[{"count":0,"href":"https:\/\/trustwhite.com\/fr\/wp-json\/wp\/v2\/product\/9948\/revisions"}],"wp:featuredmedia":[{"embeddable":true,"href":"https:\/\/trustwhite.com\/fr\/wp-json\/wp\/v2\/media\/9960"}],"wp:attachment":[{"href":"https:\/\/trustwhite.com\/fr\/wp-json\/wp\/v2\/media?parent=9948"}],"wp:term":[{"taxonomy":"product_brand","embeddable":true,"href":"https:\/\/trustwhite.com\/fr\/wp-json\/wp\/v2\/product_brand?post=9948"},{"taxonomy":"product_cat","embeddable":true,"href":"https:\/\/trustwhite.com\/fr\/wp-json\/wp\/v2\/product_cat?post=9948"},{"taxonomy":"product_tag","embeddable":true,"href":"https:\/\/trustwhite.com\/fr\/wp-json\/wp\/v2\/product_tag?post=9948"}],"curies":[{"name":"wp","href":"https:\/\/api.w.org\/{rel}","templated":true}]}}