{"id":9653,"date":"2022-03-11T18:41:22","date_gmt":"2022-03-11T18:41:22","guid":{"rendered":"https:\/\/stonersmeds.com\/?post_type=product&#038;p=9653"},"modified":"2022-03-11T18:41:22","modified_gmt":"2022-03-11T18:41:22","slug":"premium-quality-grapefruit-marijuana-online","status":"publish","type":"product","link":"https:\/\/trustwhite.com\/fr\/shop\/premium-quality-grapefruit-marijuana-online\/","title":{"rendered":"Marijuana au pamplemousse de qualit\u00e9 sup\u00e9rieure en ligne"},"content":{"rendered":"<h1>Marijuana au pamplemousse de qualit\u00e9 sup\u00e9rieure<\/h1>\n<p>Pamplemousse (AAAA)<br \/>\nTous les amateurs d'herbe connaissent la grapefruit, un classique prim\u00e9 \u00e0 dominante sativa qui suscite l'admiration depuis si longtemps. Descendante de Cinderella 99 et d'une vari\u00e9t\u00e9 inconnue \u00e0 dominante sativa, cette vari\u00e9t\u00e9 offre des effets c\u00e9r\u00e9braux parmi les plus puissants que vous puissiez voir.<\/p>\n<p>En cons\u00e9quence, cette vari\u00e9t\u00e9 de cannabis tr\u00e8s app\u00e9tente est respect\u00e9e dans la communaut\u00e9 du cannabis m\u00e9dicinal et r\u00e9cr\u00e9atif et est largement consid\u00e9r\u00e9e comme l&#039;une des plus puissantes du march\u00e9.<\/p>\n<h1><\/h1>\n<div><\/div>\n<div><\/div>\n<div><\/div>\n<div><\/div>\n<pre><strong>Marijuana au pamplemousse de qualit\u00e9 sup\u00e9rieure en ligne - acheter de la marijuana au pamplemousse, acheter de la marijuana au pamplemousse de qualit\u00e9, acheter de la marijuana au pamplemousse de qualit\u00e9 en ligne, o\u00f9 acheter de la marijuana au pamplemousse de qualit\u00e9, de la marijuana au pamplemousse de qualit\u00e9 \u00e0 vendre, de la marijuana au pamplemousse \u00e0 vendre, acheter de la marijuana en ligne, o\u00f9 acheter de la marijuana au pamplemousse de qualit\u00e9 en ligne , Marijuana au pamplemousse de qualit\u00e9 \u00e0 vendre aux \u00c9tats-Unis, \u00c9tats-Unis, Canada, Royaume-Uni, acheter, en ligne, fournisseurs, livraison en toute s\u00e9curit\u00e9, Vous pouvez toujours obtenir de la marijuana au pamplemousse de qualit\u00e9, est-ce que la marijuana au pamplemousse de qualit\u00e9 est l\u00e9gale aux \u00c9tats-Unis, acheter de la marijuana au pamplemousse de qualit\u00e9 aux \u00c9tats-Unis, comment commander du pamplemousse de qualit\u00e9 Marijuana , La marijuana de pamplemousse de qualit\u00e9 est-elle l\u00e9gale au Canada<\/strong><\/pre>","protected":false},"excerpt":{"rendered":"<p>Premium Quality Grapefruit Marijuana Online. Grapefruit Marijuana est un hybride \u00e0 dominance sativa - 70% Sativa \/ 30% Indica THC : 20% - 25%, CBN : 1%<\/p>\n<pre><strong>\r\nMarijuana au pamplemousse de qualit\u00e9 sup\u00e9rieure en ligne - acheter de la marijuana au pamplemousse, acheter de la marijuana au pamplemousse de qualit\u00e9, acheter de la marijuana au pamplemousse de qualit\u00e9 en ligne, o\u00f9 acheter de la marijuana au pamplemousse de qualit\u00e9, de la marijuana au pamplemousse de qualit\u00e9 \u00e0 vendre, de la marijuana au pamplemousse \u00e0 vendre, acheter de la marijuana en ligne, o\u00f9 acheter de la marijuana au pamplemousse de qualit\u00e9 en ligne , Marijuana au pamplemousse de qualit\u00e9 \u00e0 vendre aux \u00c9tats-Unis, \u00c9tats-Unis, Canada, Royaume-Uni, acheter, en ligne, fournisseurs, livraison en toute s\u00e9curit\u00e9, Vous pouvez toujours obtenir de la marijuana au pamplemousse de qualit\u00e9, est-ce que la marijuana au pamplemousse de qualit\u00e9 est l\u00e9gale aux \u00c9tats-Unis, acheter de la marijuana au pamplemousse de qualit\u00e9 aux \u00c9tats-Unis, comment commander du pamplemousse de qualit\u00e9 Marijuana , La marijuana de pamplemousse de qualit\u00e9 est-elle l\u00e9gale au Canada<\/strong><\/pre>","protected":false},"featured_media":9660,"template":"","meta":[],"product_brand":[],"product_cat":[81],"product_tag":[],"class_list":{"0":"post-9653","1":"product","2":"type-product","3":"status-publish","4":"has-post-thumbnail","6":"product_cat-marijuana-medical-cannabis","8":"first","9":"instock","10":"shipping-taxable","11":"purchasable","12":"product-type-variable"},"tiered_pricing_type":"fixed","tiered_pricing_fixed_rules":{"28":"9","50":"8","100":"7","250":"6","500":"4.5","1000":"3"},"tiered_pricing_percentage_rules":[],"tiered_pricing_minimum":1,"_administrator_tiered_pricing_type":"fixed","_administrator_tiered_pricing_fixed_rules":[],"_editor_tiered_pricing_type":"fixed","_editor_tiered_pricing_fixed_rules":[],"_author_tiered_pricing_type":"fixed","_author_tiered_pricing_fixed_rules":[],"_contributor_tiered_pricing_type":"fixed","_contributor_tiered_pricing_fixed_rules":[],"_subscriber_tiered_pricing_type":"fixed","_subscriber_tiered_pricing_fixed_rules":[],"_customer_tiered_pricing_type":"fixed","_customer_tiered_pricing_fixed_rules":[],"_shop_manager_tiered_pricing_type":"fixed","_shop_manager_tiered_pricing_fixed_rules":[],"_wpseo_manager_tiered_pricing_type":"fixed","_wpseo_manager_tiered_pricing_fixed_rules":[],"_wpseo_editor_tiered_pricing_type":"fixed","_wpseo_editor_tiered_pricing_fixed_rules":[],"yoast_head":"<!-- This site is optimized with the Yoast SEO plugin v26.8 - https:\/\/yoast.com\/product\/yoast-seo-wordpress\/ -->\n<title>Premium Quality Grapefruit Marijuana Online - stonersmeds.com<\/title>\n<meta name=\"robots\" content=\"index, follow, max-snippet:-1, max-image-preview:large, max-video-preview:-1\" \/>\n<link rel=\"canonical\" href=\"https:\/\/trustwhite.com\/fr\/shop\/premium-quality-grapefruit-marijuana-online\/\" \/>\n<meta property=\"og:locale\" content=\"fr_FR\" \/>\n<meta property=\"og:type\" content=\"article\" \/>\n<meta property=\"og:title\" content=\"Premium Quality Grapefruit Marijuana Online - stonersmeds.com\" \/>\n<meta property=\"og:description\" content=\"Premium Quality Grapefruit Marijuana Online.\u00a0Grapefruit Marijuana is sativa Dominant Hybrid \u2013 70% Sativa \/ 30% Indica THC: 20% \u2013 25%, CBN: 1%  Premium Quality Grapefruit Marijuana Online - buy Grapefruit Marijuana , buy Quality Grapefruit Marijuana , buy Quality Grapefruit Marijuana online, Where to Buy Quality Grapefruit Marijuana , Quality Grapefruit Marijuana for sale, Grapefruit Marijuana for sale, buy Marijuana online, where to Buy Quality Grapefruit Marijuana online, Quality Grapefruit Marijuana for sale in usa , USA, canada,uk, buy, online, suppliers, safe delivery, You can still get Quality Grapefruit Marijuana , Is Quality Grapefruit Marijuana legal usa, buy Quality Grapefruit Marijuana usa, how to order Quality Grapefruit Marijuana , Is Quality Grapefruit Marijuana legal in Canada\" \/>\n<meta property=\"og:url\" content=\"https:\/\/trustwhite.com\/fr\/shop\/premium-quality-grapefruit-marijuana-online\/\" \/>\n<meta property=\"og:site_name\" content=\"stonersmeds.com\" \/>\n<meta property=\"og:image\" content=\"https:\/\/trustwhite.com\/wp-content\/uploads\/2022\/03\/Premium-Quality-Grapefruit-Marijuana-Online.jpg\" \/>\n\t<meta property=\"og:image:width\" content=\"600\" \/>\n\t<meta property=\"og:image:height\" content=\"600\" \/>\n\t<meta property=\"og:image:type\" content=\"image\/jpeg\" \/>\n<meta name=\"twitter:card\" content=\"summary_large_image\" \/>\n<meta name=\"twitter:label1\" content=\"Dur\u00e9e de lecture estim\u00e9e\" \/>\n\t<meta name=\"twitter:data1\" content=\"1 minute\" \/>\n<script type=\"application\/ld+json\" class=\"yoast-schema-graph\">{\"@context\":\"https:\/\/schema.org\",\"@graph\":[{\"@type\":\"WebPage\",\"@id\":\"https:\/\/trustwhite.com\/shop\/premium-quality-grapefruit-marijuana-online\/\",\"url\":\"https:\/\/trustwhite.com\/shop\/premium-quality-grapefruit-marijuana-online\/\",\"name\":\"Premium Quality Grapefruit Marijuana Online - stonersmeds.com\",\"isPartOf\":{\"@id\":\"https:\/\/trustwhite.com\/el\/#website\"},\"primaryImageOfPage\":{\"@id\":\"https:\/\/trustwhite.com\/shop\/premium-quality-grapefruit-marijuana-online\/#primaryimage\"},\"image\":{\"@id\":\"https:\/\/trustwhite.com\/shop\/premium-quality-grapefruit-marijuana-online\/#primaryimage\"},\"thumbnailUrl\":\"https:\/\/trustwhite.com\/wp-content\/uploads\/2022\/03\/Premium-Quality-Grapefruit-Marijuana-Online.jpg\",\"datePublished\":\"2022-03-11T18:41:22+00:00\",\"breadcrumb\":{\"@id\":\"https:\/\/trustwhite.com\/shop\/premium-quality-grapefruit-marijuana-online\/#breadcrumb\"},\"inLanguage\":\"fr-FR\",\"potentialAction\":[{\"@type\":\"ReadAction\",\"target\":[\"https:\/\/trustwhite.com\/shop\/premium-quality-grapefruit-marijuana-online\/\"]}]},{\"@type\":\"ImageObject\",\"inLanguage\":\"fr-FR\",\"@id\":\"https:\/\/trustwhite.com\/shop\/premium-quality-grapefruit-marijuana-online\/#primaryimage\",\"url\":\"https:\/\/trustwhite.com\/wp-content\/uploads\/2022\/03\/Premium-Quality-Grapefruit-Marijuana-Online.jpg\",\"contentUrl\":\"https:\/\/trustwhite.com\/wp-content\/uploads\/2022\/03\/Premium-Quality-Grapefruit-Marijuana-Online.jpg\",\"width\":600,\"height\":600},{\"@type\":\"BreadcrumbList\",\"@id\":\"https:\/\/trustwhite.com\/shop\/premium-quality-grapefruit-marijuana-online\/#breadcrumb\",\"itemListElement\":[{\"@type\":\"ListItem\",\"position\":1,\"name\":\"Home\",\"item\":\"https:\/\/trustwhite.com\/el\/\"},{\"@type\":\"ListItem\",\"position\":2,\"name\":\"Shop\",\"item\":\"https:\/\/trustwhite.com\/el\/shop\/\"},{\"@type\":\"ListItem\",\"position\":3,\"name\":\"Premium Quality Grapefruit Marijuana Online\"}]},{\"@type\":\"WebSite\",\"@id\":\"https:\/\/trustwhite.com\/el\/#website\",\"url\":\"https:\/\/trustwhite.com\/el\/\",\"name\":\"stonersmeds.com\",\"description\":\"verschreibungspflichtige Medizin kaufen\",\"potentialAction\":[{\"@type\":\"SearchAction\",\"target\":{\"@type\":\"EntryPoint\",\"urlTemplate\":\"https:\/\/trustwhite.com\/el\/?s={search_term_string}\"},\"query-input\":{\"@type\":\"PropertyValueSpecification\",\"valueRequired\":true,\"valueName\":\"search_term_string\"}}],\"inLanguage\":\"fr-FR\"}]}<\/script>\n<!-- \/ Yoast SEO plugin. -->","yoast_head_json":{"title":"Marijuana au pamplemousse de qualit\u00e9 sup\u00e9rieure en ligne - stonersmeds.com","robots":{"index":"index","follow":"follow","max-snippet":"max-snippet:-1","max-image-preview":"max-image-preview:large","max-video-preview":"max-video-preview:-1"},"canonical":"https:\/\/trustwhite.com\/fr\/shop\/premium-quality-grapefruit-marijuana-online\/","og_locale":"fr_FR","og_type":"article","og_title":"Premium Quality Grapefruit Marijuana Online - stonersmeds.com","og_description":"Premium Quality Grapefruit Marijuana Online.\u00a0Grapefruit Marijuana is sativa Dominant Hybrid \u2013 70% Sativa \/ 30% Indica THC: 20% \u2013 25%, CBN: 1%  Premium Quality Grapefruit Marijuana Online - buy Grapefruit Marijuana , buy Quality Grapefruit Marijuana , buy Quality Grapefruit Marijuana online, Where to Buy Quality Grapefruit Marijuana , Quality Grapefruit Marijuana for sale, Grapefruit Marijuana for sale, buy Marijuana online, where to Buy Quality Grapefruit Marijuana online, Quality Grapefruit Marijuana for sale in usa , USA, canada,uk, buy, online, suppliers, safe delivery, You can still get Quality Grapefruit Marijuana , Is Quality Grapefruit Marijuana legal usa, buy Quality Grapefruit Marijuana usa, how to order Quality Grapefruit Marijuana , Is Quality Grapefruit Marijuana legal in Canada","og_url":"https:\/\/trustwhite.com\/fr\/shop\/premium-quality-grapefruit-marijuana-online\/","og_site_name":"stonersmeds.com","og_image":[{"width":600,"height":600,"url":"https:\/\/trustwhite.com\/wp-content\/uploads\/2022\/03\/Premium-Quality-Grapefruit-Marijuana-Online.jpg","type":"image\/jpeg"}],"twitter_card":"summary_large_image","twitter_misc":{"Dur\u00e9e de lecture estim\u00e9e":"1 minute"},"schema":{"@context":"https:\/\/schema.org","@graph":[{"@type":"WebPage","@id":"https:\/\/trustwhite.com\/shop\/premium-quality-grapefruit-marijuana-online\/","url":"https:\/\/trustwhite.com\/shop\/premium-quality-grapefruit-marijuana-online\/","name":"Marijuana au pamplemousse de qualit\u00e9 sup\u00e9rieure en ligne - stonersmeds.com","isPartOf":{"@id":"https:\/\/trustwhite.com\/el\/#website"},"primaryImageOfPage":{"@id":"https:\/\/trustwhite.com\/shop\/premium-quality-grapefruit-marijuana-online\/#primaryimage"},"image":{"@id":"https:\/\/trustwhite.com\/shop\/premium-quality-grapefruit-marijuana-online\/#primaryimage"},"thumbnailUrl":"https:\/\/trustwhite.com\/wp-content\/uploads\/2022\/03\/Premium-Quality-Grapefruit-Marijuana-Online.jpg","datePublished":"2022-03-11T18:41:22+00:00","breadcrumb":{"@id":"https:\/\/trustwhite.com\/shop\/premium-quality-grapefruit-marijuana-online\/#breadcrumb"},"inLanguage":"fr-FR","potentialAction":[{"@type":"ReadAction","target":["https:\/\/trustwhite.com\/shop\/premium-quality-grapefruit-marijuana-online\/"]}]},{"@type":"ImageObject","inLanguage":"fr-FR","@id":"https:\/\/trustwhite.com\/shop\/premium-quality-grapefruit-marijuana-online\/#primaryimage","url":"https:\/\/trustwhite.com\/wp-content\/uploads\/2022\/03\/Premium-Quality-Grapefruit-Marijuana-Online.jpg","contentUrl":"https:\/\/trustwhite.com\/wp-content\/uploads\/2022\/03\/Premium-Quality-Grapefruit-Marijuana-Online.jpg","width":600,"height":600},{"@type":"BreadcrumbList","@id":"https:\/\/trustwhite.com\/shop\/premium-quality-grapefruit-marijuana-online\/#breadcrumb","itemListElement":[{"@type":"ListItem","position":1,"name":"Home","item":"https:\/\/trustwhite.com\/el\/"},{"@type":"ListItem","position":2,"name":"Shop","item":"https:\/\/trustwhite.com\/el\/shop\/"},{"@type":"ListItem","position":3,"name":"Premium Quality Grapefruit Marijuana Online"}]},{"@type":"WebSite","@id":"https:\/\/trustwhite.com\/el\/#website","url":"https:\/\/trustwhite.com\/el\/","name":"stonersmeds.com","description":"m\u00e9dicaments \u00e0 usage unique en vente","potentialAction":[{"@type":"SearchAction","target":{"@type":"EntryPoint","urlTemplate":"https:\/\/trustwhite.com\/el\/?s={search_term_string}"},"query-input":{"@type":"PropertyValueSpecification","valueRequired":true,"valueName":"search_term_string"}}],"inLanguage":"fr-FR"}]}},"_links":{"self":[{"href":"https:\/\/trustwhite.com\/fr\/wp-json\/wp\/v2\/product\/9653","targetHints":{"allow":["GET"]}}],"collection":[{"href":"https:\/\/trustwhite.com\/fr\/wp-json\/wp\/v2\/product"}],"about":[{"href":"https:\/\/trustwhite.com\/fr\/wp-json\/wp\/v2\/types\/product"}],"version-history":[{"count":0,"href":"https:\/\/trustwhite.com\/fr\/wp-json\/wp\/v2\/product\/9653\/revisions"}],"wp:featuredmedia":[{"embeddable":true,"href":"https:\/\/trustwhite.com\/fr\/wp-json\/wp\/v2\/media\/9660"}],"wp:attachment":[{"href":"https:\/\/trustwhite.com\/fr\/wp-json\/wp\/v2\/media?parent=9653"}],"wp:term":[{"taxonomy":"product_brand","embeddable":true,"href":"https:\/\/trustwhite.com\/fr\/wp-json\/wp\/v2\/product_brand?post=9653"},{"taxonomy":"product_cat","embeddable":true,"href":"https:\/\/trustwhite.com\/fr\/wp-json\/wp\/v2\/product_cat?post=9653"},{"taxonomy":"product_tag","embeddable":true,"href":"https:\/\/trustwhite.com\/fr\/wp-json\/wp\/v2\/product_tag?post=9653"}],"curies":[{"name":"wp","href":"https:\/\/api.w.org\/{rel}","templated":true}]}}