{"id":9545,"date":"2022-03-11T17:40:33","date_gmt":"2022-03-11T17:40:33","guid":{"rendered":"https:\/\/stonersmeds.com\/?post_type=product&#038;p=9545"},"modified":"2022-03-11T17:40:33","modified_gmt":"2022-03-11T17:40:33","slug":"buy-purple-dragon-cannabis-aaaaa","status":"publish","type":"product","link":"https:\/\/trustwhite.com\/fr\/shop\/buy-purple-dragon-cannabis-aaaaa\/","title":{"rendered":"Acheter du cannabis Purple Dragon (AAAAA)"},"content":{"rendered":"<h1>Acheter du cannabis Purple Dragon (AAAAA)<\/h1>\n<p>La Purple Dragon est un hybride \u00e0 dominante indica et un croisement entre les puissantes Purple Urkle et Blue Dragon. La Purple Dragon offre \u00e0 l'utilisateur un niveau \u00e9lev\u00e9 \u00e9quilibr\u00e9 qui calme et d\u00e9tend l'esprit et le corps. Cette vari\u00e9t\u00e9 produit un ar\u00f4me unique et satisfaisant qui combine la sauge musqu\u00e9e avec une saveur florale distinctive qui reste sur la palette. Apr\u00e8s avoir savour\u00e9 cette tension, l'esprit est rempli d'\u00e9nergie et une euphorie intense soulage rapidement l'anxi\u00e9t\u00e9 et la d\u00e9pression. Purple Dragon procure d'abord \u00e0 l'utilisateur une clart\u00e9 mentale \u00e9difiante et stimulante ; cependant, ces effets fournissent lentement un moyen de soulager la douleur et la s\u00e9dation pendant des heures. Les douleurs g\u00e9n\u00e9rales du corps disparaissent tandis que le corps du consommateur passe lentement \u00e0 un \u00e9tat de relaxation ressenti \u00e0 la fois dans le corps et dans l'esprit. Purple Dragon est un traitement efficace pour une vari\u00e9t\u00e9 de conditions, y compris l'anxi\u00e9t\u00e9, la d\u00e9pression, les troubles de l'humeur, la fatigue physique, les migraines, les douleurs chroniques et la perte d'app\u00e9tit.<\/p>\n<p>&nbsp;<\/p>\n<p>&nbsp;<\/p>\n<p>&nbsp;<\/p>\n<pre><strong>Acheter du cannabis Purple Dragon (AAAAA) en ligne - acheter du cannabis Dragon , acheter du cannabis Purple Dragon (AAAAA) , acheter du cannabis Purple Dragon en ligne, o\u00f9 acheter du cannabis Purple Dragon (AAAAA) , du cannabis Purple Dragon (AAAAA) \u00e0 vendre, du cannabis Purple Dragon \u00e0 vendre, acheter du cannabis Purple Dragon en ligne, o\u00f9 acheter du cannabis Purple Dragon (AAAAA) en ligne, Purple Dragon cannabis (AAAAA) for sale in usa , USA, canada,uk, buy, online, suppliers, safe delivery, You can still get Purple Dragon cannabis (AAAAA) , Is Purple Dragon cannabis (AAAAA) usa, buy cannabis (AAAAA) online usa, how to order Purple Dragon cannabis (AAAAA) , Is Purple Dragon cannabis (AAAAA) legal in Canada<\/strong><\/pre>","protected":false},"excerpt":{"rendered":"<p><strong>$15 \/ gramme<\/strong><\/p>\n<ul>\n<li>AAAAA repr\u00e9sente le meilleur des meilleurs\u00a0!<\/li>\n<li>Contactez-nous pour les commandes en gros<\/li>\n<li><strong>La commande minimum est de 7 grammes<\/strong><\/li>\n<li>Livraison internationale.<\/li>\n<\/ul>\n<pre><strong>Acheter du cannabis Purple Dragon (AAAAA) en ligne - acheter du cannabis Dragon , acheter du cannabis Purple Dragon (AAAAA) , acheter du cannabis Purple Dragon en ligne, o\u00f9 acheter du cannabis Purple Dragon (AAAAA) , du cannabis Purple Dragon (AAAAA) \u00e0 vendre, du cannabis Purple Dragon \u00e0 vendre, acheter du cannabis Purple Dragon en ligne, o\u00f9 acheter du cannabis Purple Dragon (AAAAA) en ligne, Purple Dragon cannabis (AAAAA) for sale in usa , USA, canada,uk, buy, online, suppliers, safe delivery, You can still get Purple Dragon cannabis (AAAAA) , Is Purple Dragon cannabis (AAAAA) usa, buy cannabis (AAAAA) online usa, how to order Purple Dragon cannabis (AAAAA) , Is Purple Dragon cannabis (AAAAA) legal in Canada<\/strong><\/pre>","protected":false},"featured_media":9559,"template":"","meta":[],"product_brand":[],"product_cat":[81],"product_tag":[],"class_list":{"0":"post-9545","1":"product","2":"type-product","3":"status-publish","4":"has-post-thumbnail","6":"product_cat-marijuana-medical-cannabis","8":"first","9":"instock","10":"shipping-taxable","11":"purchasable","12":"product-type-variable"},"tiered_pricing_type":"fixed","tiered_pricing_fixed_rules":{"28":"9","50":"8","100":"7","250":"6","500":"4.5","1000":"3"},"tiered_pricing_percentage_rules":[],"tiered_pricing_minimum":1,"_administrator_tiered_pricing_type":"fixed","_administrator_tiered_pricing_fixed_rules":[],"_editor_tiered_pricing_type":"fixed","_editor_tiered_pricing_fixed_rules":[],"_author_tiered_pricing_type":"fixed","_author_tiered_pricing_fixed_rules":[],"_contributor_tiered_pricing_type":"fixed","_contributor_tiered_pricing_fixed_rules":[],"_subscriber_tiered_pricing_type":"fixed","_subscriber_tiered_pricing_fixed_rules":[],"_customer_tiered_pricing_type":"fixed","_customer_tiered_pricing_fixed_rules":[],"_shop_manager_tiered_pricing_type":"fixed","_shop_manager_tiered_pricing_fixed_rules":[],"_wpseo_manager_tiered_pricing_type":"fixed","_wpseo_manager_tiered_pricing_fixed_rules":[],"_wpseo_editor_tiered_pricing_type":"fixed","_wpseo_editor_tiered_pricing_fixed_rules":[],"yoast_head":"<!-- This site is optimized with the Yoast SEO plugin v26.8 - https:\/\/yoast.com\/product\/yoast-seo-wordpress\/ -->\n<title>Buy Purple Dragon cannabis (AAAAA) - stonersmeds.com<\/title>\n<meta name=\"robots\" content=\"index, follow, max-snippet:-1, max-image-preview:large, max-video-preview:-1\" \/>\n<link rel=\"canonical\" href=\"https:\/\/trustwhite.com\/fr\/shop\/buy-purple-dragon-cannabis-aaaaa\/\" \/>\n<meta property=\"og:locale\" content=\"fr_FR\" \/>\n<meta property=\"og:type\" content=\"article\" \/>\n<meta property=\"og:title\" content=\"Buy Purple Dragon cannabis (AAAAA) - stonersmeds.com\" \/>\n<meta property=\"og:description\" content=\"$15 \/ gram   AAAAA represents the best of the best!  Contact us for wholesale orders  Minimum order is 7 grams  Worldwide shipping.  Buy Purple Dragon cannabis (AAAAA) Online - buy Dragon cannabis , buy Purple Dragon cannabis (AAAAA) , buy Purple Dragon cannabis online, Where to Buy Purple Dragon cannabis (AAAAA) , Purple Dragon cannabis (AAAAA) for sale, Purple Dragon cannabis for sale, buy Purple Dragon cannabis online, where to Buy Purple Dragon cannabis (AAAAA) online, Purple Dragon cannabis (AAAAA) for sale in usa , USA, canada,uk, buy, online, suppliers, safe delivery, You can still get Purple Dragon cannabis (AAAAA) , Is Purple Dragon cannabis (AAAAA) usa, buy cannabis (AAAAA) online usa, how to order Purple Dragon cannabis (AAAAA) , Is Purple Dragon cannabis (AAAAA) legal in Canada\" \/>\n<meta property=\"og:url\" content=\"https:\/\/trustwhite.com\/fr\/shop\/buy-purple-dragon-cannabis-aaaaa\/\" \/>\n<meta property=\"og:site_name\" content=\"stonersmeds.com\" \/>\n<meta property=\"og:image\" content=\"https:\/\/trustwhite.com\/wp-content\/uploads\/2022\/03\/Buy-Purple-Dragon-cannabis-AAAAA.jpg\" \/>\n\t<meta property=\"og:image:width\" content=\"600\" \/>\n\t<meta property=\"og:image:height\" content=\"600\" \/>\n\t<meta property=\"og:image:type\" content=\"image\/jpeg\" \/>\n<meta name=\"twitter:card\" content=\"summary_large_image\" \/>\n<meta name=\"twitter:label1\" content=\"Dur\u00e9e de lecture estim\u00e9e\" \/>\n\t<meta name=\"twitter:data1\" content=\"1 minute\" \/>\n<script type=\"application\/ld+json\" class=\"yoast-schema-graph\">{\"@context\":\"https:\/\/schema.org\",\"@graph\":[{\"@type\":\"WebPage\",\"@id\":\"https:\/\/trustwhite.com\/shop\/buy-purple-dragon-cannabis-aaaaa\/\",\"url\":\"https:\/\/trustwhite.com\/shop\/buy-purple-dragon-cannabis-aaaaa\/\",\"name\":\"Buy Purple Dragon cannabis (AAAAA) - stonersmeds.com\",\"isPartOf\":{\"@id\":\"https:\/\/trustwhite.com\/el\/#website\"},\"primaryImageOfPage\":{\"@id\":\"https:\/\/trustwhite.com\/shop\/buy-purple-dragon-cannabis-aaaaa\/#primaryimage\"},\"image\":{\"@id\":\"https:\/\/trustwhite.com\/shop\/buy-purple-dragon-cannabis-aaaaa\/#primaryimage\"},\"thumbnailUrl\":\"https:\/\/trustwhite.com\/wp-content\/uploads\/2022\/03\/Buy-Purple-Dragon-cannabis-AAAAA.jpg\",\"datePublished\":\"2022-03-11T17:40:33+00:00\",\"breadcrumb\":{\"@id\":\"https:\/\/trustwhite.com\/shop\/buy-purple-dragon-cannabis-aaaaa\/#breadcrumb\"},\"inLanguage\":\"fr-FR\",\"potentialAction\":[{\"@type\":\"ReadAction\",\"target\":[\"https:\/\/trustwhite.com\/shop\/buy-purple-dragon-cannabis-aaaaa\/\"]}]},{\"@type\":\"ImageObject\",\"inLanguage\":\"fr-FR\",\"@id\":\"https:\/\/trustwhite.com\/shop\/buy-purple-dragon-cannabis-aaaaa\/#primaryimage\",\"url\":\"https:\/\/trustwhite.com\/wp-content\/uploads\/2022\/03\/Buy-Purple-Dragon-cannabis-AAAAA.jpg\",\"contentUrl\":\"https:\/\/trustwhite.com\/wp-content\/uploads\/2022\/03\/Buy-Purple-Dragon-cannabis-AAAAA.jpg\",\"width\":600,\"height\":600},{\"@type\":\"BreadcrumbList\",\"@id\":\"https:\/\/trustwhite.com\/shop\/buy-purple-dragon-cannabis-aaaaa\/#breadcrumb\",\"itemListElement\":[{\"@type\":\"ListItem\",\"position\":1,\"name\":\"Home\",\"item\":\"https:\/\/trustwhite.com\/el\/\"},{\"@type\":\"ListItem\",\"position\":2,\"name\":\"Shop\",\"item\":\"https:\/\/trustwhite.com\/el\/shop\/\"},{\"@type\":\"ListItem\",\"position\":3,\"name\":\"Buy Purple Dragon cannabis (AAAAA)\"}]},{\"@type\":\"WebSite\",\"@id\":\"https:\/\/trustwhite.com\/el\/#website\",\"url\":\"https:\/\/trustwhite.com\/el\/\",\"name\":\"stonersmeds.com\",\"description\":\"verschreibungspflichtige Medizin kaufen\",\"potentialAction\":[{\"@type\":\"SearchAction\",\"target\":{\"@type\":\"EntryPoint\",\"urlTemplate\":\"https:\/\/trustwhite.com\/el\/?s={search_term_string}\"},\"query-input\":{\"@type\":\"PropertyValueSpecification\",\"valueRequired\":true,\"valueName\":\"search_term_string\"}}],\"inLanguage\":\"fr-FR\"}]}<\/script>\n<!-- \/ Yoast SEO plugin. -->","yoast_head_json":{"title":"Acheter du cannabis Purple Dragon (AAAAA) - stonersmeds.com","robots":{"index":"index","follow":"follow","max-snippet":"max-snippet:-1","max-image-preview":"max-image-preview:large","max-video-preview":"max-video-preview:-1"},"canonical":"https:\/\/trustwhite.com\/fr\/shop\/buy-purple-dragon-cannabis-aaaaa\/","og_locale":"fr_FR","og_type":"article","og_title":"Buy Purple Dragon cannabis (AAAAA) - stonersmeds.com","og_description":"$15 \/ gram   AAAAA represents the best of the best!  Contact us for wholesale orders  Minimum order is 7 grams  Worldwide shipping.  Buy Purple Dragon cannabis (AAAAA) Online - buy Dragon cannabis , buy Purple Dragon cannabis (AAAAA) , buy Purple Dragon cannabis online, Where to Buy Purple Dragon cannabis (AAAAA) , Purple Dragon cannabis (AAAAA) for sale, Purple Dragon cannabis for sale, buy Purple Dragon cannabis online, where to Buy Purple Dragon cannabis (AAAAA) online, Purple Dragon cannabis (AAAAA) for sale in usa , USA, canada,uk, buy, online, suppliers, safe delivery, You can still get Purple Dragon cannabis (AAAAA) , Is Purple Dragon cannabis (AAAAA) usa, buy cannabis (AAAAA) online usa, how to order Purple Dragon cannabis (AAAAA) , Is Purple Dragon cannabis (AAAAA) legal in Canada","og_url":"https:\/\/trustwhite.com\/fr\/shop\/buy-purple-dragon-cannabis-aaaaa\/","og_site_name":"stonersmeds.com","og_image":[{"width":600,"height":600,"url":"https:\/\/trustwhite.com\/wp-content\/uploads\/2022\/03\/Buy-Purple-Dragon-cannabis-AAAAA.jpg","type":"image\/jpeg"}],"twitter_card":"summary_large_image","twitter_misc":{"Dur\u00e9e de lecture estim\u00e9e":"1 minute"},"schema":{"@context":"https:\/\/schema.org","@graph":[{"@type":"WebPage","@id":"https:\/\/trustwhite.com\/shop\/buy-purple-dragon-cannabis-aaaaa\/","url":"https:\/\/trustwhite.com\/shop\/buy-purple-dragon-cannabis-aaaaa\/","name":"Acheter du cannabis Purple Dragon (AAAAA) - stonersmeds.com","isPartOf":{"@id":"https:\/\/trustwhite.com\/el\/#website"},"primaryImageOfPage":{"@id":"https:\/\/trustwhite.com\/shop\/buy-purple-dragon-cannabis-aaaaa\/#primaryimage"},"image":{"@id":"https:\/\/trustwhite.com\/shop\/buy-purple-dragon-cannabis-aaaaa\/#primaryimage"},"thumbnailUrl":"https:\/\/trustwhite.com\/wp-content\/uploads\/2022\/03\/Buy-Purple-Dragon-cannabis-AAAAA.jpg","datePublished":"2022-03-11T17:40:33+00:00","breadcrumb":{"@id":"https:\/\/trustwhite.com\/shop\/buy-purple-dragon-cannabis-aaaaa\/#breadcrumb"},"inLanguage":"fr-FR","potentialAction":[{"@type":"ReadAction","target":["https:\/\/trustwhite.com\/shop\/buy-purple-dragon-cannabis-aaaaa\/"]}]},{"@type":"ImageObject","inLanguage":"fr-FR","@id":"https:\/\/trustwhite.com\/shop\/buy-purple-dragon-cannabis-aaaaa\/#primaryimage","url":"https:\/\/trustwhite.com\/wp-content\/uploads\/2022\/03\/Buy-Purple-Dragon-cannabis-AAAAA.jpg","contentUrl":"https:\/\/trustwhite.com\/wp-content\/uploads\/2022\/03\/Buy-Purple-Dragon-cannabis-AAAAA.jpg","width":600,"height":600},{"@type":"BreadcrumbList","@id":"https:\/\/trustwhite.com\/shop\/buy-purple-dragon-cannabis-aaaaa\/#breadcrumb","itemListElement":[{"@type":"ListItem","position":1,"name":"Home","item":"https:\/\/trustwhite.com\/el\/"},{"@type":"ListItem","position":2,"name":"Shop","item":"https:\/\/trustwhite.com\/el\/shop\/"},{"@type":"ListItem","position":3,"name":"Buy Purple Dragon cannabis (AAAAA)"}]},{"@type":"WebSite","@id":"https:\/\/trustwhite.com\/el\/#website","url":"https:\/\/trustwhite.com\/el\/","name":"stonersmeds.com","description":"m\u00e9dicaments \u00e0 usage unique en vente","potentialAction":[{"@type":"SearchAction","target":{"@type":"EntryPoint","urlTemplate":"https:\/\/trustwhite.com\/el\/?s={search_term_string}"},"query-input":{"@type":"PropertyValueSpecification","valueRequired":true,"valueName":"search_term_string"}}],"inLanguage":"fr-FR"}]}},"_links":{"self":[{"href":"https:\/\/trustwhite.com\/fr\/wp-json\/wp\/v2\/product\/9545","targetHints":{"allow":["GET"]}}],"collection":[{"href":"https:\/\/trustwhite.com\/fr\/wp-json\/wp\/v2\/product"}],"about":[{"href":"https:\/\/trustwhite.com\/fr\/wp-json\/wp\/v2\/types\/product"}],"version-history":[{"count":0,"href":"https:\/\/trustwhite.com\/fr\/wp-json\/wp\/v2\/product\/9545\/revisions"}],"wp:featuredmedia":[{"embeddable":true,"href":"https:\/\/trustwhite.com\/fr\/wp-json\/wp\/v2\/media\/9559"}],"wp:attachment":[{"href":"https:\/\/trustwhite.com\/fr\/wp-json\/wp\/v2\/media?parent=9545"}],"wp:term":[{"taxonomy":"product_brand","embeddable":true,"href":"https:\/\/trustwhite.com\/fr\/wp-json\/wp\/v2\/product_brand?post=9545"},{"taxonomy":"product_cat","embeddable":true,"href":"https:\/\/trustwhite.com\/fr\/wp-json\/wp\/v2\/product_cat?post=9545"},{"taxonomy":"product_tag","embeddable":true,"href":"https:\/\/trustwhite.com\/fr\/wp-json\/wp\/v2\/product_tag?post=9545"}],"curies":[{"name":"wp","href":"https:\/\/api.w.org\/{rel}","templated":true}]}}