{"id":9481,"date":"2022-03-11T17:03:34","date_gmt":"2022-03-11T17:03:34","guid":{"rendered":"https:\/\/stonersmeds.com\/?post_type=product&#038;p=9481"},"modified":"2022-03-11T17:03:34","modified_gmt":"2022-03-11T17:03:34","slug":"buy-medical-and-recreational-marijuana-online","status":"publish","type":"product","link":"https:\/\/trustwhite.com\/fr\/shop\/buy-medical-and-recreational-marijuana-online\/","title":{"rendered":"Acheter de la marijuana m\u00e9dicale et r\u00e9cr\u00e9ative en ligne"},"content":{"rendered":"<h1>Achetez de la marijuana Space Monster en ligne.<\/h1>\n<p>Achetez de la marijuana Space Monster en ligne.<\/p>\n<p>Acheter Space Monster Marijuana. La marijuana Space Monster est un hybride dominant - 75% Indica \/ 25% Sativa THC : 20%<\/p>\n<p>Effets<br \/>\nBody High, Euphorie, Heureux, Relaxant, Somnolent, \u00c9difiant<br \/>\nPeut soulager<br \/>\nDouleur chronique, inflammation, insomnie, spasmes musculaires, tremblements<br \/>\nLes saveurs<br \/>\nBerry, Chimique, Raisin, Doux<\/p>\n<p>&nbsp;<\/p>\n<p>&nbsp;<\/p>\n<p>&nbsp;<\/p>\n<pre><strong>Acheter de la marijuana m\u00e9dicale et r\u00e9cr\u00e9ative en ligne - acheter de la marijuana, acheter de la marijuana m\u00e9dicale et r\u00e9cr\u00e9ative, acheter de la marijuana r\u00e9cr\u00e9ative en ligne, o\u00f9 acheter de la marijuana m\u00e9dicale et r\u00e9cr\u00e9ative, de la marijuana m\u00e9dicale et r\u00e9cr\u00e9ative \u00e0 vendre, de la marijuana m\u00e9dicale \u00e0 vendre, acheter de la marijuana m\u00e9dicale en ligne, o\u00f9 acheter de la marijuana m\u00e9dicale Marijuana en ligne, Marijuana m\u00e9dicale et r\u00e9cr\u00e9ative \u00e0 vendre aux \u00c9tats-Unis, \u00c9tats-Unis, Canada, Royaume-Uni, acheter, en ligne, fournisseurs, livraison en toute s\u00e9curit\u00e9, Vous pouvez toujours obtenir de la marijuana m\u00e9dicale et r\u00e9cr\u00e9ative, est-ce de la marijuana m\u00e9dicale et r\u00e9cr\u00e9ative aux \u00c9tats-Unis, acheter de la marijuana m\u00e9dicale et r\u00e9cr\u00e9ative en ligne usa, comment commander de la marijuana m\u00e9dicale et r\u00e9cr\u00e9ative , La marijuana m\u00e9dicale et r\u00e9cr\u00e9ative est-elle l\u00e9gale au Canada<\/strong><\/pre>","protected":false},"excerpt":{"rendered":"<p>Acheter Space Monster Marijuana en ligne. Acheter de l'herbe en ligne l\u00a0<em>Acheter de la marijuana en ligne<\/em>\u00a0|\u00a0<em>Acheter du cannabis en ligne<\/em>\u00a0| comestibles | Vente d&#039;huile de cannabis.<\/p>\n<pre><strong>\r\nAcheter de la marijuana m\u00e9dicale et r\u00e9cr\u00e9ative en ligne - acheter de la marijuana, acheter de la marijuana m\u00e9dicale et r\u00e9cr\u00e9ative, acheter de la marijuana r\u00e9cr\u00e9ative en ligne, o\u00f9 acheter de la marijuana m\u00e9dicale et r\u00e9cr\u00e9ative, de la marijuana m\u00e9dicale et r\u00e9cr\u00e9ative \u00e0 vendre, de la marijuana m\u00e9dicale \u00e0 vendre, acheter de la marijuana m\u00e9dicale en ligne, o\u00f9 acheter de la marijuana m\u00e9dicale Marijuana en ligne, Marijuana m\u00e9dicale et r\u00e9cr\u00e9ative \u00e0 vendre aux \u00c9tats-Unis, \u00c9tats-Unis, Canada, Royaume-Uni, acheter, en ligne, fournisseurs, livraison en toute s\u00e9curit\u00e9, Vous pouvez toujours obtenir de la marijuana m\u00e9dicale et r\u00e9cr\u00e9ative, est-ce de la marijuana m\u00e9dicale et r\u00e9cr\u00e9ative aux \u00c9tats-Unis, acheter de la marijuana m\u00e9dicale et r\u00e9cr\u00e9ative en ligne usa, comment commander de la marijuana m\u00e9dicale et r\u00e9cr\u00e9ative , La marijuana m\u00e9dicale et r\u00e9cr\u00e9ative est-elle l\u00e9gale au Canada<\/strong><\/pre>","protected":false},"featured_media":9489,"template":"","meta":[],"product_brand":[],"product_cat":[81],"product_tag":[],"class_list":{"0":"post-9481","1":"product","2":"type-product","3":"status-publish","4":"has-post-thumbnail","6":"product_cat-marijuana-medical-cannabis","8":"first","9":"instock","10":"shipping-taxable","11":"purchasable","12":"product-type-variable"},"tiered_pricing_type":"fixed","tiered_pricing_fixed_rules":{"28":"9","50":"8","100":"7","250":"6","500":"4.5","1000":"3"},"tiered_pricing_percentage_rules":[],"tiered_pricing_minimum":1,"_administrator_tiered_pricing_type":"fixed","_administrator_tiered_pricing_fixed_rules":[],"_editor_tiered_pricing_type":"fixed","_editor_tiered_pricing_fixed_rules":[],"_author_tiered_pricing_type":"fixed","_author_tiered_pricing_fixed_rules":[],"_contributor_tiered_pricing_type":"fixed","_contributor_tiered_pricing_fixed_rules":[],"_subscriber_tiered_pricing_type":"fixed","_subscriber_tiered_pricing_fixed_rules":[],"_customer_tiered_pricing_type":"fixed","_customer_tiered_pricing_fixed_rules":[],"_shop_manager_tiered_pricing_type":"fixed","_shop_manager_tiered_pricing_fixed_rules":[],"_wpseo_manager_tiered_pricing_type":"fixed","_wpseo_manager_tiered_pricing_fixed_rules":[],"_wpseo_editor_tiered_pricing_type":"fixed","_wpseo_editor_tiered_pricing_fixed_rules":[],"yoast_head":"<!-- This site is optimized with the Yoast SEO plugin v26.8 - https:\/\/yoast.com\/product\/yoast-seo-wordpress\/ -->\n<title>Buy Medical and recreational Marijuana Online - stonersmeds.com<\/title>\n<meta name=\"robots\" content=\"index, follow, max-snippet:-1, max-image-preview:large, max-video-preview:-1\" \/>\n<link rel=\"canonical\" href=\"https:\/\/trustwhite.com\/fr\/shop\/buy-medical-and-recreational-marijuana-online\/\" \/>\n<meta property=\"og:locale\" content=\"fr_FR\" \/>\n<meta property=\"og:type\" content=\"article\" \/>\n<meta property=\"og:title\" content=\"Buy Medical and recreational Marijuana Online - stonersmeds.com\" \/>\n<meta property=\"og:description\" content=\"Buy Space Monster Marijuana online.\u00a0Buy Weed Online l\u00a0Buy Marijuana Online\u00a0|\u00a0Buy Cannabis Online\u00a0| edibles | Cannabis Oil for sale.  Buy Medical and recreational Marijuana Online - buy Marijuana, buy Medical and recreational Marijuana , buy recreational Marijuana online, Where to Buy Medical and recreational Marijuana , Medical and recreational Marijuana for sale, Medical Marijuana for sale, buy Medical Marijuana online, where to Buy Medical Marijuana online, Medical and recreational Marijuana for sale in usa , USA, canada,uk, buy, online, suppliers, safe delivery, You can still get Medical and recreational Marijuana , Is Medical and recreational Marijuana in usa, buy Medical and recreational Marijuana online usa, how to order Medical and recreational Marijuana , Is Medical and recreational Marijuana legal in Canada\" \/>\n<meta property=\"og:url\" content=\"https:\/\/trustwhite.com\/fr\/shop\/buy-medical-and-recreational-marijuana-online\/\" \/>\n<meta property=\"og:site_name\" content=\"stonersmeds.com\" \/>\n<meta property=\"og:image\" content=\"https:\/\/trustwhite.com\/wp-content\/uploads\/2022\/03\/Buy-Space-Monster-Marijuana-online.jpg\" \/>\n\t<meta property=\"og:image:width\" content=\"600\" \/>\n\t<meta property=\"og:image:height\" content=\"600\" \/>\n\t<meta property=\"og:image:type\" content=\"image\/jpeg\" \/>\n<meta name=\"twitter:card\" content=\"summary_large_image\" \/>\n<meta name=\"twitter:label1\" content=\"Dur\u00e9e de lecture estim\u00e9e\" \/>\n\t<meta name=\"twitter:data1\" content=\"1 minute\" \/>\n<script type=\"application\/ld+json\" class=\"yoast-schema-graph\">{\"@context\":\"https:\/\/schema.org\",\"@graph\":[{\"@type\":\"WebPage\",\"@id\":\"https:\/\/trustwhite.com\/shop\/buy-medical-and-recreational-marijuana-online\/\",\"url\":\"https:\/\/trustwhite.com\/shop\/buy-medical-and-recreational-marijuana-online\/\",\"name\":\"Buy Medical and recreational Marijuana Online - stonersmeds.com\",\"isPartOf\":{\"@id\":\"https:\/\/trustwhite.com\/el\/#website\"},\"primaryImageOfPage\":{\"@id\":\"https:\/\/trustwhite.com\/shop\/buy-medical-and-recreational-marijuana-online\/#primaryimage\"},\"image\":{\"@id\":\"https:\/\/trustwhite.com\/shop\/buy-medical-and-recreational-marijuana-online\/#primaryimage\"},\"thumbnailUrl\":\"https:\/\/trustwhite.com\/wp-content\/uploads\/2022\/03\/Buy-Space-Monster-Marijuana-online.jpg\",\"datePublished\":\"2022-03-11T17:03:34+00:00\",\"breadcrumb\":{\"@id\":\"https:\/\/trustwhite.com\/shop\/buy-medical-and-recreational-marijuana-online\/#breadcrumb\"},\"inLanguage\":\"fr-FR\",\"potentialAction\":[{\"@type\":\"ReadAction\",\"target\":[\"https:\/\/trustwhite.com\/shop\/buy-medical-and-recreational-marijuana-online\/\"]}]},{\"@type\":\"ImageObject\",\"inLanguage\":\"fr-FR\",\"@id\":\"https:\/\/trustwhite.com\/shop\/buy-medical-and-recreational-marijuana-online\/#primaryimage\",\"url\":\"https:\/\/trustwhite.com\/wp-content\/uploads\/2022\/03\/Buy-Space-Monster-Marijuana-online.jpg\",\"contentUrl\":\"https:\/\/trustwhite.com\/wp-content\/uploads\/2022\/03\/Buy-Space-Monster-Marijuana-online.jpg\",\"width\":600,\"height\":600},{\"@type\":\"BreadcrumbList\",\"@id\":\"https:\/\/trustwhite.com\/shop\/buy-medical-and-recreational-marijuana-online\/#breadcrumb\",\"itemListElement\":[{\"@type\":\"ListItem\",\"position\":1,\"name\":\"Home\",\"item\":\"https:\/\/trustwhite.com\/el\/\"},{\"@type\":\"ListItem\",\"position\":2,\"name\":\"Shop\",\"item\":\"https:\/\/trustwhite.com\/el\/shop\/\"},{\"@type\":\"ListItem\",\"position\":3,\"name\":\"Buy Medical and recreational Marijuana Online\"}]},{\"@type\":\"WebSite\",\"@id\":\"https:\/\/trustwhite.com\/el\/#website\",\"url\":\"https:\/\/trustwhite.com\/el\/\",\"name\":\"stonersmeds.com\",\"description\":\"verschreibungspflichtige Medizin kaufen\",\"potentialAction\":[{\"@type\":\"SearchAction\",\"target\":{\"@type\":\"EntryPoint\",\"urlTemplate\":\"https:\/\/trustwhite.com\/el\/?s={search_term_string}\"},\"query-input\":{\"@type\":\"PropertyValueSpecification\",\"valueRequired\":true,\"valueName\":\"search_term_string\"}}],\"inLanguage\":\"fr-FR\"}]}<\/script>\n<!-- \/ Yoast SEO plugin. -->","yoast_head_json":{"title":"Acheter de la marijuana m\u00e9dicale et r\u00e9cr\u00e9ative en ligne - stonersmeds.com","robots":{"index":"index","follow":"follow","max-snippet":"max-snippet:-1","max-image-preview":"max-image-preview:large","max-video-preview":"max-video-preview:-1"},"canonical":"https:\/\/trustwhite.com\/fr\/shop\/buy-medical-and-recreational-marijuana-online\/","og_locale":"fr_FR","og_type":"article","og_title":"Buy Medical and recreational Marijuana Online - stonersmeds.com","og_description":"Buy Space Monster Marijuana online.\u00a0Buy Weed Online l\u00a0Buy Marijuana Online\u00a0|\u00a0Buy Cannabis Online\u00a0| edibles | Cannabis Oil for sale.  Buy Medical and recreational Marijuana Online - buy Marijuana, buy Medical and recreational Marijuana , buy recreational Marijuana online, Where to Buy Medical and recreational Marijuana , Medical and recreational Marijuana for sale, Medical Marijuana for sale, buy Medical Marijuana online, where to Buy Medical Marijuana online, Medical and recreational Marijuana for sale in usa , USA, canada,uk, buy, online, suppliers, safe delivery, You can still get Medical and recreational Marijuana , Is Medical and recreational Marijuana in usa, buy Medical and recreational Marijuana online usa, how to order Medical and recreational Marijuana , Is Medical and recreational Marijuana legal in Canada","og_url":"https:\/\/trustwhite.com\/fr\/shop\/buy-medical-and-recreational-marijuana-online\/","og_site_name":"stonersmeds.com","og_image":[{"width":600,"height":600,"url":"https:\/\/trustwhite.com\/wp-content\/uploads\/2022\/03\/Buy-Space-Monster-Marijuana-online.jpg","type":"image\/jpeg"}],"twitter_card":"summary_large_image","twitter_misc":{"Dur\u00e9e de lecture estim\u00e9e":"1 minute"},"schema":{"@context":"https:\/\/schema.org","@graph":[{"@type":"WebPage","@id":"https:\/\/trustwhite.com\/shop\/buy-medical-and-recreational-marijuana-online\/","url":"https:\/\/trustwhite.com\/shop\/buy-medical-and-recreational-marijuana-online\/","name":"Acheter de la marijuana m\u00e9dicale et r\u00e9cr\u00e9ative en ligne - stonersmeds.com","isPartOf":{"@id":"https:\/\/trustwhite.com\/el\/#website"},"primaryImageOfPage":{"@id":"https:\/\/trustwhite.com\/shop\/buy-medical-and-recreational-marijuana-online\/#primaryimage"},"image":{"@id":"https:\/\/trustwhite.com\/shop\/buy-medical-and-recreational-marijuana-online\/#primaryimage"},"thumbnailUrl":"https:\/\/trustwhite.com\/wp-content\/uploads\/2022\/03\/Buy-Space-Monster-Marijuana-online.jpg","datePublished":"2022-03-11T17:03:34+00:00","breadcrumb":{"@id":"https:\/\/trustwhite.com\/shop\/buy-medical-and-recreational-marijuana-online\/#breadcrumb"},"inLanguage":"fr-FR","potentialAction":[{"@type":"ReadAction","target":["https:\/\/trustwhite.com\/shop\/buy-medical-and-recreational-marijuana-online\/"]}]},{"@type":"ImageObject","inLanguage":"fr-FR","@id":"https:\/\/trustwhite.com\/shop\/buy-medical-and-recreational-marijuana-online\/#primaryimage","url":"https:\/\/trustwhite.com\/wp-content\/uploads\/2022\/03\/Buy-Space-Monster-Marijuana-online.jpg","contentUrl":"https:\/\/trustwhite.com\/wp-content\/uploads\/2022\/03\/Buy-Space-Monster-Marijuana-online.jpg","width":600,"height":600},{"@type":"BreadcrumbList","@id":"https:\/\/trustwhite.com\/shop\/buy-medical-and-recreational-marijuana-online\/#breadcrumb","itemListElement":[{"@type":"ListItem","position":1,"name":"Home","item":"https:\/\/trustwhite.com\/el\/"},{"@type":"ListItem","position":2,"name":"Shop","item":"https:\/\/trustwhite.com\/el\/shop\/"},{"@type":"ListItem","position":3,"name":"Buy Medical and recreational Marijuana Online"}]},{"@type":"WebSite","@id":"https:\/\/trustwhite.com\/el\/#website","url":"https:\/\/trustwhite.com\/el\/","name":"stonersmeds.com","description":"m\u00e9dicaments \u00e0 usage unique en vente","potentialAction":[{"@type":"SearchAction","target":{"@type":"EntryPoint","urlTemplate":"https:\/\/trustwhite.com\/el\/?s={search_term_string}"},"query-input":{"@type":"PropertyValueSpecification","valueRequired":true,"valueName":"search_term_string"}}],"inLanguage":"fr-FR"}]}},"_links":{"self":[{"href":"https:\/\/trustwhite.com\/fr\/wp-json\/wp\/v2\/product\/9481","targetHints":{"allow":["GET"]}}],"collection":[{"href":"https:\/\/trustwhite.com\/fr\/wp-json\/wp\/v2\/product"}],"about":[{"href":"https:\/\/trustwhite.com\/fr\/wp-json\/wp\/v2\/types\/product"}],"version-history":[{"count":0,"href":"https:\/\/trustwhite.com\/fr\/wp-json\/wp\/v2\/product\/9481\/revisions"}],"wp:featuredmedia":[{"embeddable":true,"href":"https:\/\/trustwhite.com\/fr\/wp-json\/wp\/v2\/media\/9489"}],"wp:attachment":[{"href":"https:\/\/trustwhite.com\/fr\/wp-json\/wp\/v2\/media?parent=9481"}],"wp:term":[{"taxonomy":"product_brand","embeddable":true,"href":"https:\/\/trustwhite.com\/fr\/wp-json\/wp\/v2\/product_brand?post=9481"},{"taxonomy":"product_cat","embeddable":true,"href":"https:\/\/trustwhite.com\/fr\/wp-json\/wp\/v2\/product_cat?post=9481"},{"taxonomy":"product_tag","embeddable":true,"href":"https:\/\/trustwhite.com\/fr\/wp-json\/wp\/v2\/product_tag?post=9481"}],"curies":[{"name":"wp","href":"https:\/\/api.w.org\/{rel}","templated":true}]}}