{"id":9347,"date":"2022-03-11T15:40:35","date_gmt":"2022-03-11T15:40:35","guid":{"rendered":"https:\/\/stonersmeds.com\/?post_type=product&#038;p=9347"},"modified":"2022-03-11T15:40:35","modified_gmt":"2022-03-11T15:40:35","slug":"buy-cherry-pie-marijuana-strain-online","status":"publish","type":"product","link":"https:\/\/trustwhite.com\/fr\/shop\/buy-cherry-pie-marijuana-strain-online\/","title":{"rendered":"Achetez la vari\u00e9t\u00e9 de marijuana Cherry Pie en ligne"},"content":{"rendered":"<h1>Achetez la vari\u00e9t\u00e9 de marijuana Cherry Pie en ligne.<\/h1>\n<p>Achetez la vari\u00e9t\u00e9 de marijuana Cherry Pie en ligne.<\/p>\n<p>Acheter Cherry Pie Marijuana Strain en ligne. Hybride - 80% Indica \/ 20% Sativa THC : 16% - 24%, CBD : 1%<\/p>\n<p><strong>Effets<\/strong><br \/>\nCr\u00e9atif, Euphorie, Heureux, Relaxant<br \/>\nPeut soulager<br \/>\nTDA\/TDAH, Anxi\u00e9t\u00e9, Trouble bipolaire, Douleur chronique, D\u00e9pression, Hyperactivit\u00e9, Insomnie<br \/>\nLes saveurs<br \/>\nBaie, Cerise, Sucr\u00e9<br \/>\nAr\u00f4mes<br \/>\nMyrtille, cerise, terreux, sucr\u00e9<\/p>\n<p>&nbsp;<\/p>\n<p>&nbsp;<\/p>\n<p>&nbsp;<\/p>\n<pre><strong>Acheter de la souche de marijuana Cherry Pie en ligne - acheter de la marijuana Pie, acheter de la marijuana Cherry Pie, acheter de la souche de marijuana Cherry Pie en ligne, O\u00f9 acheter de la souche de marijuana Cherry Pie, de la souche de marijuana Cherry Pie \u00e0 vendre, de la souche de marijuana \u00e0 vendre, acheter de la souche de marijuana Cherry Pie en ligne, o\u00f9 acheter la souche de marijuana Cherry Pie en ligne, la souche de marijuana Cherry Pie \u00e0 vendre aux \u00c9tats-Unis, aux \u00c9tats-Unis, au Canada, au Royaume-Uni, acheter, en ligne, les fournisseurs, la livraison en toute s\u00e9curit\u00e9, vous pouvez toujours obtenir la souche de marijuana Cherry Pie, la souche de marijuana Cherry Pie est-elle l\u00e9gale aux \u00c9tats-Unis , acheter la souche de marijuana Cherry Pie en ligne aux \u00c9tats-Unis, comment commander la souche de marijuana Cherry Pie, la souche de marijuana Cherry Pie est-elle l\u00e9gale au Canada<\/strong><\/pre>","protected":false},"excerpt":{"rendered":"<p>Acheter Cherry Pie Marijuana Strain en ligne. Buy Cherry Pie Marijuana Strain online. Hybride - 80% Indica \/ 20% Sativa THC : 16% - 24%, CBD : 1%<\/p>\n<pre><strong>Acheter de la souche de marijuana Cherry Pie en ligne - acheter de la marijuana Pie, acheter de la marijuana Cherry Pie, acheter de la souche de marijuana Cherry Pie en ligne, O\u00f9 acheter de la souche de marijuana Cherry Pie, de la souche de marijuana Cherry Pie \u00e0 vendre, de la souche de marijuana \u00e0 vendre, acheter de la souche de marijuana Cherry Pie en ligne, o\u00f9 acheter la souche de marijuana Cherry Pie en ligne, la souche de marijuana Cherry Pie \u00e0 vendre aux \u00c9tats-Unis, aux \u00c9tats-Unis, au Canada, au Royaume-Uni, acheter, en ligne, les fournisseurs, la livraison en toute s\u00e9curit\u00e9, vous pouvez toujours obtenir la souche de marijuana Cherry Pie, la souche de marijuana Cherry Pie est-elle l\u00e9gale aux \u00c9tats-Unis , acheter la souche de marijuana Cherry Pie en ligne aux \u00c9tats-Unis, comment commander la souche de marijuana Cherry Pie, la souche de marijuana Cherry Pie est-elle l\u00e9gale au Canada<\/strong><\/pre>","protected":false},"featured_media":9369,"template":"","meta":[],"product_brand":[],"product_cat":[81],"product_tag":[],"class_list":{"0":"post-9347","1":"product","2":"type-product","3":"status-publish","4":"has-post-thumbnail","6":"product_cat-marijuana-medical-cannabis","8":"first","9":"instock","10":"shipping-taxable","11":"purchasable","12":"product-type-variable"},"tiered_pricing_type":"fixed","tiered_pricing_fixed_rules":{"28":"9","50":"8","100":"7","250":"6","500":"4.5","1000":"3"},"tiered_pricing_percentage_rules":[],"tiered_pricing_minimum":1,"_administrator_tiered_pricing_type":"fixed","_administrator_tiered_pricing_fixed_rules":[],"_editor_tiered_pricing_type":"fixed","_editor_tiered_pricing_fixed_rules":[],"_author_tiered_pricing_type":"fixed","_author_tiered_pricing_fixed_rules":[],"_contributor_tiered_pricing_type":"fixed","_contributor_tiered_pricing_fixed_rules":[],"_subscriber_tiered_pricing_type":"fixed","_subscriber_tiered_pricing_fixed_rules":[],"_customer_tiered_pricing_type":"fixed","_customer_tiered_pricing_fixed_rules":[],"_shop_manager_tiered_pricing_type":"fixed","_shop_manager_tiered_pricing_fixed_rules":[],"_wpseo_manager_tiered_pricing_type":"fixed","_wpseo_manager_tiered_pricing_fixed_rules":[],"_wpseo_editor_tiered_pricing_type":"fixed","_wpseo_editor_tiered_pricing_fixed_rules":[],"yoast_head":"<!-- This site is optimized with the Yoast SEO plugin v26.8 - https:\/\/yoast.com\/product\/yoast-seo-wordpress\/ -->\n<title>Buy Cherry Pie Marijuana Strain Online - stonersmeds.com<\/title>\n<meta name=\"robots\" content=\"index, follow, max-snippet:-1, max-image-preview:large, max-video-preview:-1\" \/>\n<link rel=\"canonical\" href=\"https:\/\/trustwhite.com\/fr\/shop\/buy-cherry-pie-marijuana-strain-online\/\" \/>\n<meta property=\"og:locale\" content=\"fr_FR\" \/>\n<meta property=\"og:type\" content=\"article\" \/>\n<meta property=\"og:title\" content=\"Buy Cherry Pie Marijuana Strain Online - stonersmeds.com\" \/>\n<meta property=\"og:description\" content=\"Buy Cherry Pie Marijuana Strain Online.\u00a0Buy Cherry Pie Marijuana Strain online. Hybrid \u2013 80% Indica \/ 20% Sativa THC: 16% \u2013 24%, CBD: 1% Buy Cherry Pie Marijuana Strain Online - buy Pie Marijuana , buy Cherry Pie Marijuana , buy Cherry Pie Marijuana Strain online, Where to Buy Cherry Pie Marijuana Strain , Cherry Pie Marijuana Strain for sale, Marijuana Strain for sale, buy Cherry Pie Marijuana Strain online, where to Buy Cherry Pie Marijuana Strain online, Cherry Pie Marijuana Strain for sale in usa , USA, canada,uk, buy, online, suppliers, safe delivery, You can still get Cherry Pie Marijuana Strain , Is Cherry Pie Marijuana Strain legal in usa, buy Cherry Pie Marijuana Strain online usa, how to order Cherry Pie Marijuana Strain, Is Cherry Pie Marijuana Strain legal in Canada\" \/>\n<meta property=\"og:url\" content=\"https:\/\/trustwhite.com\/fr\/shop\/buy-cherry-pie-marijuana-strain-online\/\" \/>\n<meta property=\"og:site_name\" content=\"stonersmeds.com\" \/>\n<meta property=\"og:image\" content=\"https:\/\/trustwhite.com\/wp-content\/uploads\/2022\/03\/Buy-Cherry-Pie-Marijuana-Strain-Online.jpg\" \/>\n\t<meta property=\"og:image:width\" content=\"600\" \/>\n\t<meta property=\"og:image:height\" content=\"600\" \/>\n\t<meta property=\"og:image:type\" content=\"image\/jpeg\" \/>\n<meta name=\"twitter:card\" content=\"summary_large_image\" \/>\n<meta name=\"twitter:label1\" content=\"Dur\u00e9e de lecture estim\u00e9e\" \/>\n\t<meta name=\"twitter:data1\" content=\"1 minute\" \/>\n<script type=\"application\/ld+json\" class=\"yoast-schema-graph\">{\"@context\":\"https:\/\/schema.org\",\"@graph\":[{\"@type\":\"WebPage\",\"@id\":\"https:\/\/trustwhite.com\/shop\/buy-cherry-pie-marijuana-strain-online\/\",\"url\":\"https:\/\/trustwhite.com\/shop\/buy-cherry-pie-marijuana-strain-online\/\",\"name\":\"Buy Cherry Pie Marijuana Strain Online - stonersmeds.com\",\"isPartOf\":{\"@id\":\"https:\/\/trustwhite.com\/el\/#website\"},\"primaryImageOfPage\":{\"@id\":\"https:\/\/trustwhite.com\/shop\/buy-cherry-pie-marijuana-strain-online\/#primaryimage\"},\"image\":{\"@id\":\"https:\/\/trustwhite.com\/shop\/buy-cherry-pie-marijuana-strain-online\/#primaryimage\"},\"thumbnailUrl\":\"https:\/\/trustwhite.com\/wp-content\/uploads\/2022\/03\/Buy-Cherry-Pie-Marijuana-Strain-Online.jpg\",\"datePublished\":\"2022-03-11T15:40:35+00:00\",\"breadcrumb\":{\"@id\":\"https:\/\/trustwhite.com\/shop\/buy-cherry-pie-marijuana-strain-online\/#breadcrumb\"},\"inLanguage\":\"fr-FR\",\"potentialAction\":[{\"@type\":\"ReadAction\",\"target\":[\"https:\/\/trustwhite.com\/shop\/buy-cherry-pie-marijuana-strain-online\/\"]}]},{\"@type\":\"ImageObject\",\"inLanguage\":\"fr-FR\",\"@id\":\"https:\/\/trustwhite.com\/shop\/buy-cherry-pie-marijuana-strain-online\/#primaryimage\",\"url\":\"https:\/\/trustwhite.com\/wp-content\/uploads\/2022\/03\/Buy-Cherry-Pie-Marijuana-Strain-Online.jpg\",\"contentUrl\":\"https:\/\/trustwhite.com\/wp-content\/uploads\/2022\/03\/Buy-Cherry-Pie-Marijuana-Strain-Online.jpg\",\"width\":600,\"height\":600},{\"@type\":\"BreadcrumbList\",\"@id\":\"https:\/\/trustwhite.com\/shop\/buy-cherry-pie-marijuana-strain-online\/#breadcrumb\",\"itemListElement\":[{\"@type\":\"ListItem\",\"position\":1,\"name\":\"Home\",\"item\":\"https:\/\/trustwhite.com\/el\/\"},{\"@type\":\"ListItem\",\"position\":2,\"name\":\"Shop\",\"item\":\"https:\/\/trustwhite.com\/el\/shop\/\"},{\"@type\":\"ListItem\",\"position\":3,\"name\":\"Buy Cherry Pie Marijuana Strain Online\"}]},{\"@type\":\"WebSite\",\"@id\":\"https:\/\/trustwhite.com\/el\/#website\",\"url\":\"https:\/\/trustwhite.com\/el\/\",\"name\":\"stonersmeds.com\",\"description\":\"verschreibungspflichtige Medizin kaufen\",\"potentialAction\":[{\"@type\":\"SearchAction\",\"target\":{\"@type\":\"EntryPoint\",\"urlTemplate\":\"https:\/\/trustwhite.com\/el\/?s={search_term_string}\"},\"query-input\":{\"@type\":\"PropertyValueSpecification\",\"valueRequired\":true,\"valueName\":\"search_term_string\"}}],\"inLanguage\":\"fr-FR\"}]}<\/script>\n<!-- \/ Yoast SEO plugin. -->","yoast_head_json":{"title":"Acheter la souche de marijuana Cherry Pie en ligne - stonersmeds.com","robots":{"index":"index","follow":"follow","max-snippet":"max-snippet:-1","max-image-preview":"max-image-preview:large","max-video-preview":"max-video-preview:-1"},"canonical":"https:\/\/trustwhite.com\/fr\/shop\/buy-cherry-pie-marijuana-strain-online\/","og_locale":"fr_FR","og_type":"article","og_title":"Buy Cherry Pie Marijuana Strain Online - stonersmeds.com","og_description":"Buy Cherry Pie Marijuana Strain Online.\u00a0Buy Cherry Pie Marijuana Strain online. Hybrid \u2013 80% Indica \/ 20% Sativa THC: 16% \u2013 24%, CBD: 1% Buy Cherry Pie Marijuana Strain Online - buy Pie Marijuana , buy Cherry Pie Marijuana , buy Cherry Pie Marijuana Strain online, Where to Buy Cherry Pie Marijuana Strain , Cherry Pie Marijuana Strain for sale, Marijuana Strain for sale, buy Cherry Pie Marijuana Strain online, where to Buy Cherry Pie Marijuana Strain online, Cherry Pie Marijuana Strain for sale in usa , USA, canada,uk, buy, online, suppliers, safe delivery, You can still get Cherry Pie Marijuana Strain , Is Cherry Pie Marijuana Strain legal in usa, buy Cherry Pie Marijuana Strain online usa, how to order Cherry Pie Marijuana Strain, Is Cherry Pie Marijuana Strain legal in Canada","og_url":"https:\/\/trustwhite.com\/fr\/shop\/buy-cherry-pie-marijuana-strain-online\/","og_site_name":"stonersmeds.com","og_image":[{"width":600,"height":600,"url":"https:\/\/trustwhite.com\/wp-content\/uploads\/2022\/03\/Buy-Cherry-Pie-Marijuana-Strain-Online.jpg","type":"image\/jpeg"}],"twitter_card":"summary_large_image","twitter_misc":{"Dur\u00e9e de lecture estim\u00e9e":"1 minute"},"schema":{"@context":"https:\/\/schema.org","@graph":[{"@type":"WebPage","@id":"https:\/\/trustwhite.com\/shop\/buy-cherry-pie-marijuana-strain-online\/","url":"https:\/\/trustwhite.com\/shop\/buy-cherry-pie-marijuana-strain-online\/","name":"Acheter la souche de marijuana Cherry Pie en ligne - stonersmeds.com","isPartOf":{"@id":"https:\/\/trustwhite.com\/el\/#website"},"primaryImageOfPage":{"@id":"https:\/\/trustwhite.com\/shop\/buy-cherry-pie-marijuana-strain-online\/#primaryimage"},"image":{"@id":"https:\/\/trustwhite.com\/shop\/buy-cherry-pie-marijuana-strain-online\/#primaryimage"},"thumbnailUrl":"https:\/\/trustwhite.com\/wp-content\/uploads\/2022\/03\/Buy-Cherry-Pie-Marijuana-Strain-Online.jpg","datePublished":"2022-03-11T15:40:35+00:00","breadcrumb":{"@id":"https:\/\/trustwhite.com\/shop\/buy-cherry-pie-marijuana-strain-online\/#breadcrumb"},"inLanguage":"fr-FR","potentialAction":[{"@type":"ReadAction","target":["https:\/\/trustwhite.com\/shop\/buy-cherry-pie-marijuana-strain-online\/"]}]},{"@type":"ImageObject","inLanguage":"fr-FR","@id":"https:\/\/trustwhite.com\/shop\/buy-cherry-pie-marijuana-strain-online\/#primaryimage","url":"https:\/\/trustwhite.com\/wp-content\/uploads\/2022\/03\/Buy-Cherry-Pie-Marijuana-Strain-Online.jpg","contentUrl":"https:\/\/trustwhite.com\/wp-content\/uploads\/2022\/03\/Buy-Cherry-Pie-Marijuana-Strain-Online.jpg","width":600,"height":600},{"@type":"BreadcrumbList","@id":"https:\/\/trustwhite.com\/shop\/buy-cherry-pie-marijuana-strain-online\/#breadcrumb","itemListElement":[{"@type":"ListItem","position":1,"name":"Home","item":"https:\/\/trustwhite.com\/el\/"},{"@type":"ListItem","position":2,"name":"Shop","item":"https:\/\/trustwhite.com\/el\/shop\/"},{"@type":"ListItem","position":3,"name":"Buy Cherry Pie Marijuana Strain Online"}]},{"@type":"WebSite","@id":"https:\/\/trustwhite.com\/el\/#website","url":"https:\/\/trustwhite.com\/el\/","name":"stonersmeds.com","description":"m\u00e9dicaments \u00e0 usage unique en vente","potentialAction":[{"@type":"SearchAction","target":{"@type":"EntryPoint","urlTemplate":"https:\/\/trustwhite.com\/el\/?s={search_term_string}"},"query-input":{"@type":"PropertyValueSpecification","valueRequired":true,"valueName":"search_term_string"}}],"inLanguage":"fr-FR"}]}},"_links":{"self":[{"href":"https:\/\/trustwhite.com\/fr\/wp-json\/wp\/v2\/product\/9347","targetHints":{"allow":["GET"]}}],"collection":[{"href":"https:\/\/trustwhite.com\/fr\/wp-json\/wp\/v2\/product"}],"about":[{"href":"https:\/\/trustwhite.com\/fr\/wp-json\/wp\/v2\/types\/product"}],"version-history":[{"count":0,"href":"https:\/\/trustwhite.com\/fr\/wp-json\/wp\/v2\/product\/9347\/revisions"}],"wp:featuredmedia":[{"embeddable":true,"href":"https:\/\/trustwhite.com\/fr\/wp-json\/wp\/v2\/media\/9369"}],"wp:attachment":[{"href":"https:\/\/trustwhite.com\/fr\/wp-json\/wp\/v2\/media?parent=9347"}],"wp:term":[{"taxonomy":"product_brand","embeddable":true,"href":"https:\/\/trustwhite.com\/fr\/wp-json\/wp\/v2\/product_brand?post=9347"},{"taxonomy":"product_cat","embeddable":true,"href":"https:\/\/trustwhite.com\/fr\/wp-json\/wp\/v2\/product_cat?post=9347"},{"taxonomy":"product_tag","embeddable":true,"href":"https:\/\/trustwhite.com\/fr\/wp-json\/wp\/v2\/product_tag?post=9347"}],"curies":[{"name":"wp","href":"https:\/\/api.w.org\/{rel}","templated":true}]}}