{"id":9257,"date":"2022-03-11T15:00:02","date_gmt":"2022-03-11T15:00:02","guid":{"rendered":"https:\/\/stonersmeds.com\/?post_type=product&#038;p=9257"},"modified":"2022-03-11T15:00:02","modified_gmt":"2022-03-11T15:00:02","slug":"buy-ak-47-marijuana-sativa-strain-online","status":"publish","type":"product","link":"https:\/\/trustwhite.com\/fr\/shop\/buy-ak-47-marijuana-sativa-strain-online\/","title":{"rendered":"Acheter AK-47 Marijuana Sativa Souche en ligne"},"content":{"rendered":"<h1>Acheter AK-47 Marijuana Sativa Souche en ligne.<\/h1>\n<p>Acheter AK-47 Marijuana Sativa Souche en ligne.<\/p>\n<h4>AK-47 Marijuana is Sativa Dominant Hybrid\u00a0\u2013\u00a065% Sativa \/ 35% Indica<\/h4>\n<h4>THC:\u00a013% \u2013 20%,\u00a0CBD:\u00a0<em>1<\/em>%,\u00a0CBN:\u00a0<em>1<\/em>%<\/h4>\n<p>Effets<br \/>\nCr\u00e9atif, \u00c9nergisant, Euphorique, Heureux<br \/>\nPeut soulager<br \/>\nTrouble bipolaire, Douleur chronique, D\u00e9pression, Maux de t\u00eate, Insomnie, Perte d&#039;app\u00e9tit, Migraines, SSPT, Stress<br \/>\nLes saveurs<br \/>\nSkunk, Doux, Bois\u00e9<br \/>\nAr\u00f4mes<br \/>\nTerreux, Piquant, Skunky, Aigre, \u00c9pic\u00e9<\/p>\n<p>&nbsp;<\/p>\n<p>&nbsp;<\/p>\n<p>&nbsp;<\/p>\n<pre><strong>Acheter AK-47 Marijuana Sativa Strain en ligne - acheter Marijuana Sativa, acheter AK-47 Marijuana Sativa Strain, acheter Marijuana Sativa Strain en ligne, O\u00f9 acheter AK-47 Marijuana Sativa Strain, AK-47 Marijuana Sativa Strain \u00e0 vendre, AK-47 Marijuana Souche Sativa \u00e0 vendre, acheter Marijuana Sativa en ligne, o\u00f9 acheter AK-47 Marijuana Sativa Strain en ligne, AK-47 Marijuana Sativa Strain \u00e0 vendre aux \u00c9tats-Unis, \u00c9tats-Unis, Canada, Royaume-Uni, acheter, en ligne, fournisseurs, livraison s\u00e9curis\u00e9e, Vous pouvez toujours obtenir la souche AK-47 Marijuana Sativa, la souche AK-47 Marijuana Sativa est-elle l\u00e9gale aux \u00c9tats-Unis, acheter la souche AK-47 Marijuana Sativa en ligne aux \u00c9tats-Unis, comment commander la souche AK-47 Marijuana Sativa, la souche AK-47 Marijuana Sativa est-elle l\u00e9gale au Canada<\/strong><\/pre>","protected":false},"excerpt":{"rendered":"<p>Buy AK-47 Marijuana Sativa Strain online.\u00a0BUY WEED ONLINE AUSTRALIA\u00a0<em>acheter du cannabis en ligne<\/em>\u00a0Australie , Mauvaises herbes australiennes \u00e0 vendre.<\/p>\n<pre><strong>Acheter AK-47 Marijuana Sativa Strain en ligne - acheter Marijuana Sativa, acheter AK-47 Marijuana Sativa Strain, acheter Marijuana Sativa Strain en ligne, O\u00f9 acheter AK-47 Marijuana Sativa Strain, AK-47 Marijuana Sativa Strain \u00e0 vendre, AK-47 Marijuana Souche Sativa \u00e0 vendre, acheter Marijuana Sativa en ligne, o\u00f9 acheter AK-47 Marijuana Sativa Strain en ligne, AK-47 Marijuana Sativa Strain \u00e0 vendre aux \u00c9tats-Unis, \u00c9tats-Unis, Canada, Royaume-Uni, acheter, en ligne, fournisseurs, livraison s\u00e9curis\u00e9e, Vous pouvez toujours obtenir la souche AK-47 Marijuana Sativa, la souche AK-47 Marijuana Sativa est-elle l\u00e9gale aux \u00c9tats-Unis, acheter la souche AK-47 Marijuana Sativa en ligne aux \u00c9tats-Unis, comment commander la souche AK-47 Marijuana Sativa, la souche AK-47 Marijuana Sativa est-elle l\u00e9gale au Canada<\/strong><\/pre>","protected":false},"featured_media":9267,"template":"","meta":[],"product_brand":[],"product_cat":[81],"product_tag":[],"class_list":{"0":"post-9257","1":"product","2":"type-product","3":"status-publish","4":"has-post-thumbnail","6":"product_cat-marijuana-medical-cannabis","8":"first","9":"instock","10":"shipping-taxable","11":"purchasable","12":"product-type-variable"},"tiered_pricing_type":"fixed","tiered_pricing_fixed_rules":{"28":"9","50":"8","100":"7","250":"6","500":"4.5","1000":"3"},"tiered_pricing_percentage_rules":[],"tiered_pricing_minimum":1,"_administrator_tiered_pricing_type":"fixed","_administrator_tiered_pricing_fixed_rules":[],"_editor_tiered_pricing_type":"fixed","_editor_tiered_pricing_fixed_rules":[],"_author_tiered_pricing_type":"fixed","_author_tiered_pricing_fixed_rules":[],"_contributor_tiered_pricing_type":"fixed","_contributor_tiered_pricing_fixed_rules":[],"_subscriber_tiered_pricing_type":"fixed","_subscriber_tiered_pricing_fixed_rules":[],"_customer_tiered_pricing_type":"fixed","_customer_tiered_pricing_fixed_rules":[],"_shop_manager_tiered_pricing_type":"fixed","_shop_manager_tiered_pricing_fixed_rules":[],"_wpseo_manager_tiered_pricing_type":"fixed","_wpseo_manager_tiered_pricing_fixed_rules":[],"_wpseo_editor_tiered_pricing_type":"fixed","_wpseo_editor_tiered_pricing_fixed_rules":[],"yoast_head":"<!-- This site is optimized with the Yoast SEO plugin v26.8 - https:\/\/yoast.com\/product\/yoast-seo-wordpress\/ -->\n<title>Buy AK-47 Marijuana Sativa Strain online - stonersmeds.com<\/title>\n<meta name=\"robots\" content=\"index, follow, max-snippet:-1, max-image-preview:large, max-video-preview:-1\" \/>\n<link rel=\"canonical\" href=\"https:\/\/trustwhite.com\/fr\/shop\/buy-ak-47-marijuana-sativa-strain-online\/\" \/>\n<meta property=\"og:locale\" content=\"fr_FR\" \/>\n<meta property=\"og:type\" content=\"article\" \/>\n<meta property=\"og:title\" content=\"Buy AK-47 Marijuana Sativa Strain online - stonersmeds.com\" \/>\n<meta property=\"og:description\" content=\"Buy AK-47 Marijuana Sativa Strain online.\u00a0BUY WEED ONLINE AUSTRALIA\u00a0buy marijuana online\u00a0Australia , Australia weed for sale. Buy AK-47 Marijuana Sativa Strain online - buy Marijuana Sativa, buy AK-47 Marijuana Sativa Strain , buy Marijuana Sativa Strain online, Where to Buy AK-47 Marijuana Sativa Strain , AK-47 Marijuana Sativa Strain for sale, AK-47 Marijuana Sativa Strain for sale, buy Marijuana Sativa online, where to Buy AK-47 Marijuana Sativa Strain online, AK-47 Marijuana Sativa Strain for sale in usa , USA, canada,uk, buy, online, suppliers, safe delivery, You can still get AK-47 Marijuana Sativa Strain , Is AK-47 Marijuana Sativa Strain legal in usa, buy AK-47 Marijuana Sativa Strain online usa, how to order AK-47 Marijuana Sativa Strain , Is AK-47 Marijuana Sativa Strain legal in Canada\" \/>\n<meta property=\"og:url\" content=\"https:\/\/trustwhite.com\/fr\/shop\/buy-ak-47-marijuana-sativa-strain-online\/\" \/>\n<meta property=\"og:site_name\" content=\"stonersmeds.com\" \/>\n<meta property=\"og:image\" content=\"https:\/\/trustwhite.com\/wp-content\/uploads\/2022\/03\/Buy-AK-47-Marijuana-Sativa-Strain-online.jpg\" \/>\n\t<meta property=\"og:image:width\" content=\"600\" \/>\n\t<meta property=\"og:image:height\" content=\"600\" \/>\n\t<meta property=\"og:image:type\" content=\"image\/jpeg\" \/>\n<meta name=\"twitter:card\" content=\"summary_large_image\" \/>\n<meta name=\"twitter:label1\" content=\"Dur\u00e9e de lecture estim\u00e9e\" \/>\n\t<meta name=\"twitter:data1\" content=\"1 minute\" \/>\n<script type=\"application\/ld+json\" class=\"yoast-schema-graph\">{\"@context\":\"https:\/\/schema.org\",\"@graph\":[{\"@type\":\"WebPage\",\"@id\":\"https:\/\/trustwhite.com\/shop\/buy-ak-47-marijuana-sativa-strain-online\/\",\"url\":\"https:\/\/trustwhite.com\/shop\/buy-ak-47-marijuana-sativa-strain-online\/\",\"name\":\"Buy AK-47 Marijuana Sativa Strain online - stonersmeds.com\",\"isPartOf\":{\"@id\":\"https:\/\/trustwhite.com\/el\/#website\"},\"primaryImageOfPage\":{\"@id\":\"https:\/\/trustwhite.com\/shop\/buy-ak-47-marijuana-sativa-strain-online\/#primaryimage\"},\"image\":{\"@id\":\"https:\/\/trustwhite.com\/shop\/buy-ak-47-marijuana-sativa-strain-online\/#primaryimage\"},\"thumbnailUrl\":\"https:\/\/trustwhite.com\/wp-content\/uploads\/2022\/03\/Buy-AK-47-Marijuana-Sativa-Strain-online.jpg\",\"datePublished\":\"2022-03-11T15:00:02+00:00\",\"breadcrumb\":{\"@id\":\"https:\/\/trustwhite.com\/shop\/buy-ak-47-marijuana-sativa-strain-online\/#breadcrumb\"},\"inLanguage\":\"fr-FR\",\"potentialAction\":[{\"@type\":\"ReadAction\",\"target\":[\"https:\/\/trustwhite.com\/shop\/buy-ak-47-marijuana-sativa-strain-online\/\"]}]},{\"@type\":\"ImageObject\",\"inLanguage\":\"fr-FR\",\"@id\":\"https:\/\/trustwhite.com\/shop\/buy-ak-47-marijuana-sativa-strain-online\/#primaryimage\",\"url\":\"https:\/\/trustwhite.com\/wp-content\/uploads\/2022\/03\/Buy-AK-47-Marijuana-Sativa-Strain-online.jpg\",\"contentUrl\":\"https:\/\/trustwhite.com\/wp-content\/uploads\/2022\/03\/Buy-AK-47-Marijuana-Sativa-Strain-online.jpg\",\"width\":600,\"height\":600},{\"@type\":\"BreadcrumbList\",\"@id\":\"https:\/\/trustwhite.com\/shop\/buy-ak-47-marijuana-sativa-strain-online\/#breadcrumb\",\"itemListElement\":[{\"@type\":\"ListItem\",\"position\":1,\"name\":\"Home\",\"item\":\"https:\/\/trustwhite.com\/el\/\"},{\"@type\":\"ListItem\",\"position\":2,\"name\":\"Shop\",\"item\":\"https:\/\/trustwhite.com\/el\/shop\/\"},{\"@type\":\"ListItem\",\"position\":3,\"name\":\"Buy AK-47 Marijuana Sativa Strain online\"}]},{\"@type\":\"WebSite\",\"@id\":\"https:\/\/trustwhite.com\/el\/#website\",\"url\":\"https:\/\/trustwhite.com\/el\/\",\"name\":\"stonersmeds.com\",\"description\":\"verschreibungspflichtige Medizin kaufen\",\"potentialAction\":[{\"@type\":\"SearchAction\",\"target\":{\"@type\":\"EntryPoint\",\"urlTemplate\":\"https:\/\/trustwhite.com\/el\/?s={search_term_string}\"},\"query-input\":{\"@type\":\"PropertyValueSpecification\",\"valueRequired\":true,\"valueName\":\"search_term_string\"}}],\"inLanguage\":\"fr-FR\"}]}<\/script>\n<!-- \/ Yoast SEO plugin. -->","yoast_head_json":{"title":"Acheter AK-47 Marijuana Sativa Souche en ligne - stonersmeds.com","robots":{"index":"index","follow":"follow","max-snippet":"max-snippet:-1","max-image-preview":"max-image-preview:large","max-video-preview":"max-video-preview:-1"},"canonical":"https:\/\/trustwhite.com\/fr\/shop\/buy-ak-47-marijuana-sativa-strain-online\/","og_locale":"fr_FR","og_type":"article","og_title":"Buy AK-47 Marijuana Sativa Strain online - stonersmeds.com","og_description":"Buy AK-47 Marijuana Sativa Strain online.\u00a0BUY WEED ONLINE AUSTRALIA\u00a0buy marijuana online\u00a0Australia , Australia weed for sale. Buy AK-47 Marijuana Sativa Strain online - buy Marijuana Sativa, buy AK-47 Marijuana Sativa Strain , buy Marijuana Sativa Strain online, Where to Buy AK-47 Marijuana Sativa Strain , AK-47 Marijuana Sativa Strain for sale, AK-47 Marijuana Sativa Strain for sale, buy Marijuana Sativa online, where to Buy AK-47 Marijuana Sativa Strain online, AK-47 Marijuana Sativa Strain for sale in usa , USA, canada,uk, buy, online, suppliers, safe delivery, You can still get AK-47 Marijuana Sativa Strain , Is AK-47 Marijuana Sativa Strain legal in usa, buy AK-47 Marijuana Sativa Strain online usa, how to order AK-47 Marijuana Sativa Strain , Is AK-47 Marijuana Sativa Strain legal in Canada","og_url":"https:\/\/trustwhite.com\/fr\/shop\/buy-ak-47-marijuana-sativa-strain-online\/","og_site_name":"stonersmeds.com","og_image":[{"width":600,"height":600,"url":"https:\/\/trustwhite.com\/wp-content\/uploads\/2022\/03\/Buy-AK-47-Marijuana-Sativa-Strain-online.jpg","type":"image\/jpeg"}],"twitter_card":"summary_large_image","twitter_misc":{"Dur\u00e9e de lecture estim\u00e9e":"1 minute"},"schema":{"@context":"https:\/\/schema.org","@graph":[{"@type":"WebPage","@id":"https:\/\/trustwhite.com\/shop\/buy-ak-47-marijuana-sativa-strain-online\/","url":"https:\/\/trustwhite.com\/shop\/buy-ak-47-marijuana-sativa-strain-online\/","name":"Acheter AK-47 Marijuana Sativa Souche en ligne - stonersmeds.com","isPartOf":{"@id":"https:\/\/trustwhite.com\/el\/#website"},"primaryImageOfPage":{"@id":"https:\/\/trustwhite.com\/shop\/buy-ak-47-marijuana-sativa-strain-online\/#primaryimage"},"image":{"@id":"https:\/\/trustwhite.com\/shop\/buy-ak-47-marijuana-sativa-strain-online\/#primaryimage"},"thumbnailUrl":"https:\/\/trustwhite.com\/wp-content\/uploads\/2022\/03\/Buy-AK-47-Marijuana-Sativa-Strain-online.jpg","datePublished":"2022-03-11T15:00:02+00:00","breadcrumb":{"@id":"https:\/\/trustwhite.com\/shop\/buy-ak-47-marijuana-sativa-strain-online\/#breadcrumb"},"inLanguage":"fr-FR","potentialAction":[{"@type":"ReadAction","target":["https:\/\/trustwhite.com\/shop\/buy-ak-47-marijuana-sativa-strain-online\/"]}]},{"@type":"ImageObject","inLanguage":"fr-FR","@id":"https:\/\/trustwhite.com\/shop\/buy-ak-47-marijuana-sativa-strain-online\/#primaryimage","url":"https:\/\/trustwhite.com\/wp-content\/uploads\/2022\/03\/Buy-AK-47-Marijuana-Sativa-Strain-online.jpg","contentUrl":"https:\/\/trustwhite.com\/wp-content\/uploads\/2022\/03\/Buy-AK-47-Marijuana-Sativa-Strain-online.jpg","width":600,"height":600},{"@type":"BreadcrumbList","@id":"https:\/\/trustwhite.com\/shop\/buy-ak-47-marijuana-sativa-strain-online\/#breadcrumb","itemListElement":[{"@type":"ListItem","position":1,"name":"Home","item":"https:\/\/trustwhite.com\/el\/"},{"@type":"ListItem","position":2,"name":"Shop","item":"https:\/\/trustwhite.com\/el\/shop\/"},{"@type":"ListItem","position":3,"name":"Buy AK-47 Marijuana Sativa Strain online"}]},{"@type":"WebSite","@id":"https:\/\/trustwhite.com\/el\/#website","url":"https:\/\/trustwhite.com\/el\/","name":"stonersmeds.com","description":"m\u00e9dicaments \u00e0 usage unique en vente","potentialAction":[{"@type":"SearchAction","target":{"@type":"EntryPoint","urlTemplate":"https:\/\/trustwhite.com\/el\/?s={search_term_string}"},"query-input":{"@type":"PropertyValueSpecification","valueRequired":true,"valueName":"search_term_string"}}],"inLanguage":"fr-FR"}]}},"_links":{"self":[{"href":"https:\/\/trustwhite.com\/fr\/wp-json\/wp\/v2\/product\/9257","targetHints":{"allow":["GET"]}}],"collection":[{"href":"https:\/\/trustwhite.com\/fr\/wp-json\/wp\/v2\/product"}],"about":[{"href":"https:\/\/trustwhite.com\/fr\/wp-json\/wp\/v2\/types\/product"}],"version-history":[{"count":0,"href":"https:\/\/trustwhite.com\/fr\/wp-json\/wp\/v2\/product\/9257\/revisions"}],"wp:featuredmedia":[{"embeddable":true,"href":"https:\/\/trustwhite.com\/fr\/wp-json\/wp\/v2\/media\/9267"}],"wp:attachment":[{"href":"https:\/\/trustwhite.com\/fr\/wp-json\/wp\/v2\/media?parent=9257"}],"wp:term":[{"taxonomy":"product_brand","embeddable":true,"href":"https:\/\/trustwhite.com\/fr\/wp-json\/wp\/v2\/product_brand?post=9257"},{"taxonomy":"product_cat","embeddable":true,"href":"https:\/\/trustwhite.com\/fr\/wp-json\/wp\/v2\/product_cat?post=9257"},{"taxonomy":"product_tag","embeddable":true,"href":"https:\/\/trustwhite.com\/fr\/wp-json\/wp\/v2\/product_tag?post=9257"}],"curies":[{"name":"wp","href":"https:\/\/api.w.org\/{rel}","templated":true}]}}