{"id":9107,"date":"2022-03-11T13:41:19","date_gmt":"2022-03-11T13:41:19","guid":{"rendered":"https:\/\/stonersmeds.com\/?post_type=product&#038;p=9107"},"modified":"2023-01-05T18:52:26","modified_gmt":"2023-01-05T16:52:26","slug":"buy-nepalese-stick-hash","status":"publish","type":"product","link":"https:\/\/trustwhite.com\/fr\/shop\/buy-nepalese-stick-hash\/","title":{"rendered":"Acheter du N\u00e9palais Stick Hash"},"content":{"rendered":"<h1>Acheter du N\u00e9palais Stick Hash<\/h1>\n<p>Description du produit Culture : Achetez des b\u00e2tons de haschisch n\u00e9palais en ligne. On trouve de petites vari\u00e9t\u00e9s de cannabis dans toutes les montagnes du N\u00e9pal. Production : La r\u00e9sine est recueillie en frottant doucement les bourgeons entre les mains. La r\u00e9sine recueillie est ensuite press\u00e9e pour former une boule de haschisch homog\u00e8ne (temple ball). O\u00f9 acheter des b\u00e2tons de haschisch n\u00e9palais en ligne avant d'envoyer les boules sur une plaque. Couleur : noir \u00e0 l'ext\u00e9rieur, brun fonc\u00e9 \u00e0 l'int\u00e9rieur. Odeur : l'ar\u00f4me est tr\u00e8s \u00e9pic\u00e9, lourd et assez doux. L'odeur est tr\u00e8s forte lorsqu'une partie du hasch est cass\u00e9e. Go\u00fbt : Tr\u00e8s parfum\u00e9 et sucr\u00e9, commander des sticks de hash n\u00e9palais en ligne, plus que l'afghan mais encore moins \u00e9pic\u00e9. Consistance : G\u00e9n\u00e9ralement un peu plus ferme que l'afghan, mais suffisamment souple pour \u00eatre m\u00e9lang\u00e9 \u00e0 la temp\u00e9rature du corps. Effet : Tr\u00e8s physique et d\u00e9fonc\u00e9. Efficacit\u00e9 : forte \u00e0 tr\u00e8s forte. (11% -15% THC) Disponibilit\u00e9 : Tr\u00e8s rare. Autres : La meilleure marijuana vient du N\u00e9pal. La vente en ligne de b\u00e2tons de haschisch n\u00e9palais est la meilleure - s'il s'agit de vrais N\u00e9palais, et non d'Afghans vendus comme des N\u00e9palais. Vendre des b\u00e2tons de haschisch n\u00e9palais en ligne, le N\u00e9pal est g\u00e9n\u00e9ralement tr\u00e8s cher, \u00e0 Amsterdam le meilleur haschisch dans de nombreux caf\u00e9s n'est autre que le N\u00e9pal. Acheter un b\u00e2ton de haschisch n\u00e9palais pr\u00e8s de chez moi, personnellement je pense que cela vaut toujours l'argent, du moins si vous aimez la valeur \u00e9lev\u00e9e du rock qu'il apporte. Malheureusement, le N\u00e9pal est tr\u00e8s rare ici ces derni\u00e8res ann\u00e9es. Les sticks de haschisch n\u00e9palais sont l\u00e9gaux pour la vente en ligne, de petites quantit\u00e9s sont disponibles de temps en temps.<\/p>\n<p>&nbsp;<\/p>\n<p>&nbsp;<\/p>\n<p>&nbsp;<\/p>\n<pre><strong>Acheter Nepalese Stick Hash en ligne - acheter Nepalese, acheter Nepalese Stick Hash, acheter Stick Hash en ligne, O\u00f9 acheter Nepalese Stick Hash ,Nepalese Stick Hash \u00e0 vendre,Nepalese Hash \u00e0 vendre, acheter Hash en ligne, o\u00f9 acheter Nepalese Stick Hash en ligne,Nepalese Stick Hash \u00e0 vendre en usa , USA, canada,uk, acheter, en ligne, fournisseurs, livraison s\u00e9curis\u00e9e, Vous pouvez toujours obtenir Nepalese Stick Hash , Is Nepalese Stick Hash legal in usa, acheter Nepalese Stick Hash en ligne usa, comment commander Nepalese Stick Hash , Is Nepalese Stick Hash legal in Canada<\/strong><\/pre>","protected":false},"excerpt":{"rendered":"<p>Le terme \"n\u00e9palais\" d\u00e9signe toute vari\u00e9t\u00e9 qui pousse localement sur le territoire du N\u00e9pal. En commandant de l'herbe en ligne, ces vari\u00e9t\u00e9s locales (\u00e9galement appel\u00e9es souches locales) ont tendance \u00e0 avoir une structure de croissance de type sativa. Acheter de la marijuana en ligne, mais les bourgeons et les effets ressemblent plus \u00e0 des souches indica. Cannabis \u00e0 vendre en ligne, la vari\u00e9t\u00e9 locale n\u00e9palaise est un haschisch r\u00e9sineux et parfum\u00e9, boutique de cannabis en ligne avec des bourgeons qui poussent pr\u00e8s du sommet de cette plante peu ramifi\u00e9e.<\/p>\n<p>Nous acceptons UNIQUEMENT les paiements par Western Union, Moneygram et bitcoins. Le d\u00e9lai de livraison prend environ 3 jours ou 24 heures.<\/p>\n<pre><strong>Acheter Nepalese Stick Hash en ligne - acheter Nepalese, acheter Nepalese Stick Hash, acheter Stick Hash en ligne, O\u00f9 acheter Nepalese Stick Hash ,Nepalese Stick Hash \u00e0 vendre,Nepalese Hash \u00e0 vendre, acheter Hash en ligne, o\u00f9 acheter Nepalese Stick Hash en ligne,Nepalese Stick Hash \u00e0 vendre en usa , USA, canada,uk, acheter, en ligne, fournisseurs, livraison s\u00e9curis\u00e9e, Vous pouvez toujours obtenir Nepalese Stick Hash , Is Nepalese Stick Hash legal in usa, acheter Nepalese Stick Hash en ligne usa, comment commander Nepalese Stick Hash , Is Nepalese Stick Hash legal in Canada<\/strong><\/pre>","protected":false},"featured_media":9115,"template":"","meta":[],"product_brand":[],"product_cat":[74],"product_tag":[],"class_list":{"0":"post-9107","1":"product","2":"type-product","3":"status-publish","4":"has-post-thumbnail","6":"product_cat-hash-hashish","8":"first","9":"instock","10":"shipping-taxable","11":"purchasable","12":"product-type-variable"},"tiered_pricing_type":"fixed","tiered_pricing_fixed_rules":[],"tiered_pricing_percentage_rules":[],"tiered_pricing_minimum":1,"_administrator_tiered_pricing_type":"fixed","_administrator_tiered_pricing_fixed_rules":[],"_editor_tiered_pricing_type":"fixed","_editor_tiered_pricing_fixed_rules":[],"_author_tiered_pricing_type":"fixed","_author_tiered_pricing_fixed_rules":[],"_contributor_tiered_pricing_type":"fixed","_contributor_tiered_pricing_fixed_rules":[],"_subscriber_tiered_pricing_type":"fixed","_subscriber_tiered_pricing_fixed_rules":[],"_customer_tiered_pricing_type":"fixed","_customer_tiered_pricing_fixed_rules":[],"_shop_manager_tiered_pricing_type":"fixed","_shop_manager_tiered_pricing_fixed_rules":[],"_wpseo_manager_tiered_pricing_type":"fixed","_wpseo_manager_tiered_pricing_fixed_rules":[],"_wpseo_editor_tiered_pricing_type":"fixed","_wpseo_editor_tiered_pricing_fixed_rules":[],"yoast_head":"<!-- This site is optimized with the Yoast SEO plugin v26.8 - https:\/\/yoast.com\/product\/yoast-seo-wordpress\/ -->\n<title>Buy Nepalese Stick Hash - Cheap price, top quality<\/title>\n<meta name=\"description\" content=\"Buy Nepalese Stick Hash Online at an affordable price at stonersmeds. Our hash has high THC, best quality you will find\" \/>\n<meta name=\"robots\" content=\"index, follow, max-snippet:-1, max-image-preview:large, max-video-preview:-1\" \/>\n<link rel=\"canonical\" href=\"https:\/\/trustwhite.com\/fr\/shop\/buy-nepalese-stick-hash\/\" \/>\n<meta property=\"og:locale\" content=\"fr_FR\" \/>\n<meta property=\"og:type\" content=\"article\" \/>\n<meta property=\"og:title\" content=\"Buy Nepalese Stick Hash - Cheap price, top quality\" \/>\n<meta property=\"og:description\" content=\"Buy Nepalese Stick Hash Online at an affordable price at stonersmeds. Our hash has high THC, best quality you will find\" \/>\n<meta property=\"og:url\" content=\"https:\/\/trustwhite.com\/fr\/shop\/buy-nepalese-stick-hash\/\" \/>\n<meta property=\"og:site_name\" content=\"stonersmeds.com\" \/>\n<meta property=\"article:modified_time\" content=\"2023-01-05T16:52:26+00:00\" \/>\n<meta property=\"og:image\" content=\"https:\/\/trustwhite.com\/wp-content\/uploads\/2022\/03\/Buy-Nepalese-Stick-Hash.jpg\" \/>\n\t<meta property=\"og:image:width\" content=\"600\" \/>\n\t<meta property=\"og:image:height\" content=\"600\" \/>\n\t<meta property=\"og:image:type\" content=\"image\/jpeg\" \/>\n<meta name=\"twitter:card\" content=\"summary_large_image\" \/>\n<meta name=\"twitter:label1\" content=\"Dur\u00e9e de lecture estim\u00e9e\" \/>\n\t<meta name=\"twitter:data1\" content=\"2 minutes\" \/>\n<script type=\"application\/ld+json\" class=\"yoast-schema-graph\">{\"@context\":\"https:\/\/schema.org\",\"@graph\":[{\"@type\":\"WebPage\",\"@id\":\"https:\/\/trustwhite.com\/shop\/buy-nepalese-stick-hash\/\",\"url\":\"https:\/\/trustwhite.com\/shop\/buy-nepalese-stick-hash\/\",\"name\":\"Buy Nepalese Stick Hash - Cheap price, top quality\",\"isPartOf\":{\"@id\":\"https:\/\/trustwhite.com\/el\/#website\"},\"primaryImageOfPage\":{\"@id\":\"https:\/\/trustwhite.com\/shop\/buy-nepalese-stick-hash\/#primaryimage\"},\"image\":{\"@id\":\"https:\/\/trustwhite.com\/shop\/buy-nepalese-stick-hash\/#primaryimage\"},\"thumbnailUrl\":\"https:\/\/trustwhite.com\/wp-content\/uploads\/2022\/03\/Buy-Nepalese-Stick-Hash.jpg\",\"datePublished\":\"2022-03-11T13:41:19+00:00\",\"dateModified\":\"2023-01-05T16:52:26+00:00\",\"description\":\"Buy Nepalese Stick Hash Online at an affordable price at stonersmeds. Our hash has high THC, best quality you will find\",\"breadcrumb\":{\"@id\":\"https:\/\/trustwhite.com\/shop\/buy-nepalese-stick-hash\/#breadcrumb\"},\"inLanguage\":\"fr-FR\",\"potentialAction\":[{\"@type\":\"ReadAction\",\"target\":[\"https:\/\/trustwhite.com\/shop\/buy-nepalese-stick-hash\/\"]}]},{\"@type\":\"ImageObject\",\"inLanguage\":\"fr-FR\",\"@id\":\"https:\/\/trustwhite.com\/shop\/buy-nepalese-stick-hash\/#primaryimage\",\"url\":\"https:\/\/trustwhite.com\/wp-content\/uploads\/2022\/03\/Buy-Nepalese-Stick-Hash.jpg\",\"contentUrl\":\"https:\/\/trustwhite.com\/wp-content\/uploads\/2022\/03\/Buy-Nepalese-Stick-Hash.jpg\",\"width\":600,\"height\":600},{\"@type\":\"BreadcrumbList\",\"@id\":\"https:\/\/trustwhite.com\/shop\/buy-nepalese-stick-hash\/#breadcrumb\",\"itemListElement\":[{\"@type\":\"ListItem\",\"position\":1,\"name\":\"Home\",\"item\":\"https:\/\/trustwhite.com\/el\/\"},{\"@type\":\"ListItem\",\"position\":2,\"name\":\"Shop\",\"item\":\"https:\/\/trustwhite.com\/el\/shop\/\"},{\"@type\":\"ListItem\",\"position\":3,\"name\":\"Buy Nepalese Stick Hash\"}]},{\"@type\":\"WebSite\",\"@id\":\"https:\/\/trustwhite.com\/el\/#website\",\"url\":\"https:\/\/trustwhite.com\/el\/\",\"name\":\"stonersmeds.com\",\"description\":\"verschreibungspflichtige Medizin kaufen\",\"potentialAction\":[{\"@type\":\"SearchAction\",\"target\":{\"@type\":\"EntryPoint\",\"urlTemplate\":\"https:\/\/trustwhite.com\/el\/?s={search_term_string}\"},\"query-input\":{\"@type\":\"PropertyValueSpecification\",\"valueRequired\":true,\"valueName\":\"search_term_string\"}}],\"inLanguage\":\"fr-FR\"}]}<\/script>\n<!-- \/ Yoast SEO plugin. -->","yoast_head_json":{"title":"Acheter Nepalese Stick Hash - Prix bas, qualit\u00e9 sup\u00e9rieure","description":"Achetez du Nepalese Stick Hash en ligne \u00e0 un prix abordable chez stonersmeds. Notre hash a un taux de THC \u00e9lev\u00e9, la meilleure qualit\u00e9 que vous trouverez.","robots":{"index":"index","follow":"follow","max-snippet":"max-snippet:-1","max-image-preview":"max-image-preview:large","max-video-preview":"max-video-preview:-1"},"canonical":"https:\/\/trustwhite.com\/fr\/shop\/buy-nepalese-stick-hash\/","og_locale":"fr_FR","og_type":"article","og_title":"Buy Nepalese Stick Hash - Cheap price, top quality","og_description":"Buy Nepalese Stick Hash Online at an affordable price at stonersmeds. Our hash has high THC, best quality you will find","og_url":"https:\/\/trustwhite.com\/fr\/shop\/buy-nepalese-stick-hash\/","og_site_name":"stonersmeds.com","article_modified_time":"2023-01-05T16:52:26+00:00","og_image":[{"width":600,"height":600,"url":"https:\/\/trustwhite.com\/wp-content\/uploads\/2022\/03\/Buy-Nepalese-Stick-Hash.jpg","type":"image\/jpeg"}],"twitter_card":"summary_large_image","twitter_misc":{"Dur\u00e9e de lecture estim\u00e9e":"2 minutes"},"schema":{"@context":"https:\/\/schema.org","@graph":[{"@type":"WebPage","@id":"https:\/\/trustwhite.com\/shop\/buy-nepalese-stick-hash\/","url":"https:\/\/trustwhite.com\/shop\/buy-nepalese-stick-hash\/","name":"Acheter Nepalese Stick Hash - Prix bas, qualit\u00e9 sup\u00e9rieure","isPartOf":{"@id":"https:\/\/trustwhite.com\/el\/#website"},"primaryImageOfPage":{"@id":"https:\/\/trustwhite.com\/shop\/buy-nepalese-stick-hash\/#primaryimage"},"image":{"@id":"https:\/\/trustwhite.com\/shop\/buy-nepalese-stick-hash\/#primaryimage"},"thumbnailUrl":"https:\/\/trustwhite.com\/wp-content\/uploads\/2022\/03\/Buy-Nepalese-Stick-Hash.jpg","datePublished":"2022-03-11T13:41:19+00:00","dateModified":"2023-01-05T16:52:26+00:00","description":"Achetez du Nepalese Stick Hash en ligne \u00e0 un prix abordable chez stonersmeds. Notre hash a un taux de THC \u00e9lev\u00e9, la meilleure qualit\u00e9 que vous trouverez.","breadcrumb":{"@id":"https:\/\/trustwhite.com\/shop\/buy-nepalese-stick-hash\/#breadcrumb"},"inLanguage":"fr-FR","potentialAction":[{"@type":"ReadAction","target":["https:\/\/trustwhite.com\/shop\/buy-nepalese-stick-hash\/"]}]},{"@type":"ImageObject","inLanguage":"fr-FR","@id":"https:\/\/trustwhite.com\/shop\/buy-nepalese-stick-hash\/#primaryimage","url":"https:\/\/trustwhite.com\/wp-content\/uploads\/2022\/03\/Buy-Nepalese-Stick-Hash.jpg","contentUrl":"https:\/\/trustwhite.com\/wp-content\/uploads\/2022\/03\/Buy-Nepalese-Stick-Hash.jpg","width":600,"height":600},{"@type":"BreadcrumbList","@id":"https:\/\/trustwhite.com\/shop\/buy-nepalese-stick-hash\/#breadcrumb","itemListElement":[{"@type":"ListItem","position":1,"name":"Home","item":"https:\/\/trustwhite.com\/el\/"},{"@type":"ListItem","position":2,"name":"Shop","item":"https:\/\/trustwhite.com\/el\/shop\/"},{"@type":"ListItem","position":3,"name":"Buy Nepalese Stick Hash"}]},{"@type":"WebSite","@id":"https:\/\/trustwhite.com\/el\/#website","url":"https:\/\/trustwhite.com\/el\/","name":"stonersmeds.com","description":"m\u00e9dicaments \u00e0 usage unique en vente","potentialAction":[{"@type":"SearchAction","target":{"@type":"EntryPoint","urlTemplate":"https:\/\/trustwhite.com\/el\/?s={search_term_string}"},"query-input":{"@type":"PropertyValueSpecification","valueRequired":true,"valueName":"search_term_string"}}],"inLanguage":"fr-FR"}]}},"_links":{"self":[{"href":"https:\/\/trustwhite.com\/fr\/wp-json\/wp\/v2\/product\/9107","targetHints":{"allow":["GET"]}}],"collection":[{"href":"https:\/\/trustwhite.com\/fr\/wp-json\/wp\/v2\/product"}],"about":[{"href":"https:\/\/trustwhite.com\/fr\/wp-json\/wp\/v2\/types\/product"}],"version-history":[{"count":0,"href":"https:\/\/trustwhite.com\/fr\/wp-json\/wp\/v2\/product\/9107\/revisions"}],"wp:featuredmedia":[{"embeddable":true,"href":"https:\/\/trustwhite.com\/fr\/wp-json\/wp\/v2\/media\/9115"}],"wp:attachment":[{"href":"https:\/\/trustwhite.com\/fr\/wp-json\/wp\/v2\/media?parent=9107"}],"wp:term":[{"taxonomy":"product_brand","embeddable":true,"href":"https:\/\/trustwhite.com\/fr\/wp-json\/wp\/v2\/product_brand?post=9107"},{"taxonomy":"product_cat","embeddable":true,"href":"https:\/\/trustwhite.com\/fr\/wp-json\/wp\/v2\/product_cat?post=9107"},{"taxonomy":"product_tag","embeddable":true,"href":"https:\/\/trustwhite.com\/fr\/wp-json\/wp\/v2\/product_tag?post=9107"}],"curies":[{"name":"wp","href":"https:\/\/api.w.org\/{rel}","templated":true}]}}