{"id":9034,"date":"2022-03-11T12:58:58","date_gmt":"2022-03-11T12:58:58","guid":{"rendered":"https:\/\/stonersmeds.com\/?post_type=product&#038;p=9034"},"modified":"2023-01-06T07:20:06","modified_gmt":"2023-01-06T05:20:06","slug":"buy-honey-moroccan-blonde-hash","status":"publish","type":"product","link":"https:\/\/trustwhite.com\/fr\/shop\/buy-honey-moroccan-blonde-hash\/","title":{"rendered":"Acheter Honey Hash Blonde Marocaine"},"content":{"rendered":"<h1><strong>Acheter Honey Moroccan Blonde Hash.\u00a0<\/strong><\/h1>\n<p>Au Maroc, l'expression \"kif\" est le plus souvent utilis\u00e9e pour d\u00e9signer la fleur, par exemple le haschisch. En Occident, le terme \"kif\" est fr\u00e9quemment utilis\u00e9 pour d\u00e9signer l'extraordinaire haschisch blond marocain. Lorsque les feuilles les plus douces sont utilis\u00e9es, on parle de \"habisha\", ce qui rappelle le maryjane. Au Maroc, on estime que la production couvre une r\u00e9gion de 600 km\u00b2 et qu'elle contribue \u00e0 l'\u00e9conomie nationale \u00e0 hauteur de $2 milliards de dollars US chaque ann\u00e9e, ce qui repr\u00e9sente 6% du PNB (une grande partie de ce revenu est de toute fa\u00e7on exclue du PNB officiel). Acheter du haschisch en ligne. Vous pouvez \u00e9galement acheter du chanvre en ligne.<\/p>\n<p>&nbsp;<\/p>\n<p>&nbsp;<\/p>\n<p>&nbsp;<\/p>\n<pre><strong>Acheter Honey Moroccan Blonde Hash - acheter Blonde Hash, acheter Honey Moroccan Blonde Hash, acheter Blonde Hash en ligne, O\u00f9 acheter Honey Moroccan Blonde Hash,Honey Moroccan Blonde Hash \u00e0 vendre, Honey Moroccan Blonde Hash \u00e0 vendre, acheter Blonde Hash en ligne, o\u00f9 acheter Honey Moroccan Blonde Hash en ligne,Honey Moroccan Blonde Hash \u00e0 vendre en usa , USA, canada,uk, acheter, en ligne, fournisseurs, livraison s\u00fbre, Vous pouvez toujours obtenir Honey Moroccan Blonde Hash, Is Honey Moroccan Blonde Hash legal in usa, acheter Honey Moroccan Blonde Hash en ligne usa, comment commander Honey Moroccan Blonde Hash, Is Honey Moroccan Blonde Hash legal in Canada<\/strong><\/pre>","protected":false},"excerpt":{"rendered":"<p>Nous acceptons UNIQUEMENT les paiements par Western Union, Moneygram et bitcoins. Le d\u00e9lai de livraison prend environ 3 jours ou 24 heures.<\/p>\n<p>Le miel de haschisch blond marocain est fabriqu\u00e9 \u00e0 partir de kif ou de quelques feuilles tendres appel\u00e9eshabisha. Le miel de Russie a le m\u00eame go\u00fbt que le miel, mais il est beaucoup plus sucr\u00e9 et tr\u00e8s doux sur la langue.<\/p>\n<pre><strong>Acheter Honey Moroccan Blonde Hash - acheter Blonde Hash, acheter Honey Moroccan Blonde Hash, acheter Blonde Hash en ligne, O\u00f9 acheter Honey Moroccan Blonde Hash,Honey Moroccan Blonde Hash \u00e0 vendre, Honey Moroccan Blonde Hash \u00e0 vendre, acheter Blonde Hash en ligne, o\u00f9 acheter Honey Moroccan Blonde Hash en ligne,Honey Moroccan Blonde Hash \u00e0 vendre en usa , USA, canada,uk, acheter, en ligne, fournisseurs, livraison s\u00fbre, Vous pouvez toujours obtenir Honey Moroccan Blonde Hash, Is Honey Moroccan Blonde Hash legal in usa, acheter Honey Moroccan Blonde Hash en ligne usa, comment commander Honey Moroccan Blonde Hash, Is Honey Moroccan Blonde Hash legal in Canada<\/strong><\/pre>","protected":false},"featured_media":9041,"template":"","meta":[],"product_brand":[],"product_cat":[74],"product_tag":[],"class_list":{"0":"post-9034","1":"product","2":"type-product","3":"status-publish","4":"has-post-thumbnail","6":"product_cat-hash-hashish","8":"first","9":"instock","10":"shipping-taxable","11":"purchasable","12":"product-type-variable"},"tiered_pricing_type":"fixed","tiered_pricing_fixed_rules":[],"tiered_pricing_percentage_rules":[],"tiered_pricing_minimum":1,"_administrator_tiered_pricing_type":"fixed","_administrator_tiered_pricing_fixed_rules":[],"_editor_tiered_pricing_type":"fixed","_editor_tiered_pricing_fixed_rules":[],"_author_tiered_pricing_type":"fixed","_author_tiered_pricing_fixed_rules":[],"_contributor_tiered_pricing_type":"fixed","_contributor_tiered_pricing_fixed_rules":[],"_subscriber_tiered_pricing_type":"fixed","_subscriber_tiered_pricing_fixed_rules":[],"_customer_tiered_pricing_type":"fixed","_customer_tiered_pricing_fixed_rules":[],"_shop_manager_tiered_pricing_type":"fixed","_shop_manager_tiered_pricing_fixed_rules":[],"_wpseo_manager_tiered_pricing_type":"fixed","_wpseo_manager_tiered_pricing_fixed_rules":[],"_wpseo_editor_tiered_pricing_type":"fixed","_wpseo_editor_tiered_pricing_fixed_rules":[],"yoast_head":"<!-- This site is optimized with the Yoast SEO plugin v26.8 - https:\/\/yoast.com\/product\/yoast-seo-wordpress\/ -->\n<title>Buy Honey Moroccan Blonde Hash - Cheap price, top quality<\/title>\n<meta name=\"description\" content=\"Buy Honey Moroccan Blonde Hash Online at an affordable price at stonersmeds. Our hash has high THC, best quality you will find\" \/>\n<meta name=\"robots\" content=\"index, follow, max-snippet:-1, max-image-preview:large, max-video-preview:-1\" \/>\n<link rel=\"canonical\" href=\"https:\/\/trustwhite.com\/fr\/shop\/buy-honey-moroccan-blonde-hash\/\" \/>\n<meta property=\"og:locale\" content=\"fr_FR\" \/>\n<meta property=\"og:type\" content=\"article\" \/>\n<meta property=\"og:title\" content=\"Buy Honey Moroccan Blonde Hash - Cheap price, top quality\" \/>\n<meta property=\"og:description\" content=\"Buy Honey Moroccan Blonde Hash Online at an affordable price at stonersmeds. Our hash has high THC, best quality you will find\" \/>\n<meta property=\"og:url\" content=\"https:\/\/trustwhite.com\/fr\/shop\/buy-honey-moroccan-blonde-hash\/\" \/>\n<meta property=\"og:site_name\" content=\"stonersmeds.com\" \/>\n<meta property=\"article:modified_time\" content=\"2023-01-06T05:20:06+00:00\" \/>\n<meta property=\"og:image\" content=\"https:\/\/trustwhite.com\/wp-content\/uploads\/2022\/03\/Buy-Honey-Moroccan-Blonde-Hash.jpg\" \/>\n\t<meta property=\"og:image:width\" content=\"600\" \/>\n\t<meta property=\"og:image:height\" content=\"600\" \/>\n\t<meta property=\"og:image:type\" content=\"image\/jpeg\" \/>\n<meta name=\"twitter:card\" content=\"summary_large_image\" \/>\n<meta name=\"twitter:label1\" content=\"Dur\u00e9e de lecture estim\u00e9e\" \/>\n\t<meta name=\"twitter:data1\" content=\"1 minute\" \/>\n<script type=\"application\/ld+json\" class=\"yoast-schema-graph\">{\"@context\":\"https:\/\/schema.org\",\"@graph\":[{\"@type\":\"WebPage\",\"@id\":\"https:\/\/trustwhite.com\/shop\/buy-honey-moroccan-blonde-hash\/\",\"url\":\"https:\/\/trustwhite.com\/shop\/buy-honey-moroccan-blonde-hash\/\",\"name\":\"Buy Honey Moroccan Blonde Hash - Cheap price, top quality\",\"isPartOf\":{\"@id\":\"https:\/\/trustwhite.com\/el\/#website\"},\"primaryImageOfPage\":{\"@id\":\"https:\/\/trustwhite.com\/shop\/buy-honey-moroccan-blonde-hash\/#primaryimage\"},\"image\":{\"@id\":\"https:\/\/trustwhite.com\/shop\/buy-honey-moroccan-blonde-hash\/#primaryimage\"},\"thumbnailUrl\":\"https:\/\/trustwhite.com\/wp-content\/uploads\/2022\/03\/Buy-Honey-Moroccan-Blonde-Hash.jpg\",\"datePublished\":\"2022-03-11T12:58:58+00:00\",\"dateModified\":\"2023-01-06T05:20:06+00:00\",\"description\":\"Buy Honey Moroccan Blonde Hash Online at an affordable price at stonersmeds. Our hash has high THC, best quality you will find\",\"breadcrumb\":{\"@id\":\"https:\/\/trustwhite.com\/shop\/buy-honey-moroccan-blonde-hash\/#breadcrumb\"},\"inLanguage\":\"fr-FR\",\"potentialAction\":[{\"@type\":\"ReadAction\",\"target\":[\"https:\/\/trustwhite.com\/shop\/buy-honey-moroccan-blonde-hash\/\"]}]},{\"@type\":\"ImageObject\",\"inLanguage\":\"fr-FR\",\"@id\":\"https:\/\/trustwhite.com\/shop\/buy-honey-moroccan-blonde-hash\/#primaryimage\",\"url\":\"https:\/\/trustwhite.com\/wp-content\/uploads\/2022\/03\/Buy-Honey-Moroccan-Blonde-Hash.jpg\",\"contentUrl\":\"https:\/\/trustwhite.com\/wp-content\/uploads\/2022\/03\/Buy-Honey-Moroccan-Blonde-Hash.jpg\",\"width\":600,\"height\":600},{\"@type\":\"BreadcrumbList\",\"@id\":\"https:\/\/trustwhite.com\/shop\/buy-honey-moroccan-blonde-hash\/#breadcrumb\",\"itemListElement\":[{\"@type\":\"ListItem\",\"position\":1,\"name\":\"Home\",\"item\":\"https:\/\/trustwhite.com\/el\/\"},{\"@type\":\"ListItem\",\"position\":2,\"name\":\"Shop\",\"item\":\"https:\/\/trustwhite.com\/el\/shop\/\"},{\"@type\":\"ListItem\",\"position\":3,\"name\":\"Buy Honey Moroccan Blonde Hash\"}]},{\"@type\":\"WebSite\",\"@id\":\"https:\/\/trustwhite.com\/el\/#website\",\"url\":\"https:\/\/trustwhite.com\/el\/\",\"name\":\"stonersmeds.com\",\"description\":\"verschreibungspflichtige Medizin kaufen\",\"potentialAction\":[{\"@type\":\"SearchAction\",\"target\":{\"@type\":\"EntryPoint\",\"urlTemplate\":\"https:\/\/trustwhite.com\/el\/?s={search_term_string}\"},\"query-input\":{\"@type\":\"PropertyValueSpecification\",\"valueRequired\":true,\"valueName\":\"search_term_string\"}}],\"inLanguage\":\"fr-FR\"}]}<\/script>\n<!-- \/ Yoast SEO plugin. -->","yoast_head_json":{"title":"Acheter Honey Moroccan Blonde Hash - Prix bas, qualit\u00e9 sup\u00e9rieure","description":"Achetez Honey Moroccan Blonde Hash en ligne \u00e0 un prix abordable chez stonersmeds. Notre hash a un taux de THC \u00e9lev\u00e9, la meilleure qualit\u00e9 que vous trouverez.","robots":{"index":"index","follow":"follow","max-snippet":"max-snippet:-1","max-image-preview":"max-image-preview:large","max-video-preview":"max-video-preview:-1"},"canonical":"https:\/\/trustwhite.com\/fr\/shop\/buy-honey-moroccan-blonde-hash\/","og_locale":"fr_FR","og_type":"article","og_title":"Buy Honey Moroccan Blonde Hash - Cheap price, top quality","og_description":"Buy Honey Moroccan Blonde Hash Online at an affordable price at stonersmeds. Our hash has high THC, best quality you will find","og_url":"https:\/\/trustwhite.com\/fr\/shop\/buy-honey-moroccan-blonde-hash\/","og_site_name":"stonersmeds.com","article_modified_time":"2023-01-06T05:20:06+00:00","og_image":[{"width":600,"height":600,"url":"https:\/\/trustwhite.com\/wp-content\/uploads\/2022\/03\/Buy-Honey-Moroccan-Blonde-Hash.jpg","type":"image\/jpeg"}],"twitter_card":"summary_large_image","twitter_misc":{"Dur\u00e9e de lecture estim\u00e9e":"1 minute"},"schema":{"@context":"https:\/\/schema.org","@graph":[{"@type":"WebPage","@id":"https:\/\/trustwhite.com\/shop\/buy-honey-moroccan-blonde-hash\/","url":"https:\/\/trustwhite.com\/shop\/buy-honey-moroccan-blonde-hash\/","name":"Acheter Honey Moroccan Blonde Hash - Prix bas, qualit\u00e9 sup\u00e9rieure","isPartOf":{"@id":"https:\/\/trustwhite.com\/el\/#website"},"primaryImageOfPage":{"@id":"https:\/\/trustwhite.com\/shop\/buy-honey-moroccan-blonde-hash\/#primaryimage"},"image":{"@id":"https:\/\/trustwhite.com\/shop\/buy-honey-moroccan-blonde-hash\/#primaryimage"},"thumbnailUrl":"https:\/\/trustwhite.com\/wp-content\/uploads\/2022\/03\/Buy-Honey-Moroccan-Blonde-Hash.jpg","datePublished":"2022-03-11T12:58:58+00:00","dateModified":"2023-01-06T05:20:06+00:00","description":"Achetez Honey Moroccan Blonde Hash en ligne \u00e0 un prix abordable chez stonersmeds. Notre hash a un taux de THC \u00e9lev\u00e9, la meilleure qualit\u00e9 que vous trouverez.","breadcrumb":{"@id":"https:\/\/trustwhite.com\/shop\/buy-honey-moroccan-blonde-hash\/#breadcrumb"},"inLanguage":"fr-FR","potentialAction":[{"@type":"ReadAction","target":["https:\/\/trustwhite.com\/shop\/buy-honey-moroccan-blonde-hash\/"]}]},{"@type":"ImageObject","inLanguage":"fr-FR","@id":"https:\/\/trustwhite.com\/shop\/buy-honey-moroccan-blonde-hash\/#primaryimage","url":"https:\/\/trustwhite.com\/wp-content\/uploads\/2022\/03\/Buy-Honey-Moroccan-Blonde-Hash.jpg","contentUrl":"https:\/\/trustwhite.com\/wp-content\/uploads\/2022\/03\/Buy-Honey-Moroccan-Blonde-Hash.jpg","width":600,"height":600},{"@type":"BreadcrumbList","@id":"https:\/\/trustwhite.com\/shop\/buy-honey-moroccan-blonde-hash\/#breadcrumb","itemListElement":[{"@type":"ListItem","position":1,"name":"Home","item":"https:\/\/trustwhite.com\/el\/"},{"@type":"ListItem","position":2,"name":"Shop","item":"https:\/\/trustwhite.com\/el\/shop\/"},{"@type":"ListItem","position":3,"name":"Buy Honey Moroccan Blonde Hash"}]},{"@type":"WebSite","@id":"https:\/\/trustwhite.com\/el\/#website","url":"https:\/\/trustwhite.com\/el\/","name":"stonersmeds.com","description":"m\u00e9dicaments \u00e0 usage unique en vente","potentialAction":[{"@type":"SearchAction","target":{"@type":"EntryPoint","urlTemplate":"https:\/\/trustwhite.com\/el\/?s={search_term_string}"},"query-input":{"@type":"PropertyValueSpecification","valueRequired":true,"valueName":"search_term_string"}}],"inLanguage":"fr-FR"}]}},"_links":{"self":[{"href":"https:\/\/trustwhite.com\/fr\/wp-json\/wp\/v2\/product\/9034","targetHints":{"allow":["GET"]}}],"collection":[{"href":"https:\/\/trustwhite.com\/fr\/wp-json\/wp\/v2\/product"}],"about":[{"href":"https:\/\/trustwhite.com\/fr\/wp-json\/wp\/v2\/types\/product"}],"version-history":[{"count":0,"href":"https:\/\/trustwhite.com\/fr\/wp-json\/wp\/v2\/product\/9034\/revisions"}],"wp:featuredmedia":[{"embeddable":true,"href":"https:\/\/trustwhite.com\/fr\/wp-json\/wp\/v2\/media\/9041"}],"wp:attachment":[{"href":"https:\/\/trustwhite.com\/fr\/wp-json\/wp\/v2\/media?parent=9034"}],"wp:term":[{"taxonomy":"product_brand","embeddable":true,"href":"https:\/\/trustwhite.com\/fr\/wp-json\/wp\/v2\/product_brand?post=9034"},{"taxonomy":"product_cat","embeddable":true,"href":"https:\/\/trustwhite.com\/fr\/wp-json\/wp\/v2\/product_cat?post=9034"},{"taxonomy":"product_tag","embeddable":true,"href":"https:\/\/trustwhite.com\/fr\/wp-json\/wp\/v2\/product_tag?post=9034"}],"curies":[{"name":"wp","href":"https:\/\/api.w.org\/{rel}","templated":true}]}}