{"id":8968,"date":"2022-03-11T11:00:36","date_gmt":"2022-03-11T11:00:36","guid":{"rendered":"https:\/\/stonersmeds.com\/?post_type=product&#038;p=8968"},"modified":"2023-08-01T22:06:46","modified_gmt":"2023-08-01T20:06:46","slug":"order-white-mercedes-ecstasy-pills-online","status":"publish","type":"product","link":"https:\/\/trustwhite.com\/fr\/shop\/order-white-mercedes-ecstasy-pills-online\/","title":{"rendered":"Commander des pilules d&#039;ecstasy Mercedes blanches en ligne"},"content":{"rendered":"<h1>Commandez des pilules d&#039;ecstasy Mercedes blanches en ligne 295 mg<\/h1>\n<table>\n<tbody>\n<tr>\n<th>Couleur:<\/th>\n<td>Blanc<\/td>\n<\/tr>\n<tr>\n<th>Taille:<\/th>\n<td>295mg<\/td>\n<\/tr>\n<\/tbody>\n<\/table>\n<p>Les personnes qui prennent de la MDMA la prennent g\u00e9n\u00e9ralement sous forme de g\u00e9lules ou de comprim\u00e9s, bien que certaines la prennent sous forme liquide ou de comprim\u00e9s.<br \/>\nPoudre d'\u00e9pic\u00e9a. Le surnom populaire de Molly (argot pour \"mol\u00e9cule\") fait souvent r\u00e9f\u00e9rence \u00e0 ce qu'elle devrait \u00eatre<br \/>\nla forme \"pure\" de MDMA sous forme de poudre cristalline, g\u00e9n\u00e9ralement vendue sous forme de g\u00e9lules. Mais les personnes qui ach\u00e8tent de la<br \/>\nLes poudres ou les capsules vendues sous le nom de Molly contiennent souvent d'autres drogues telles que des cathinones synth\u00e9tiques (\"tubs\").<br \/>\nSalt\") au lieu de<\/p>\n<p>&nbsp;<\/p>\n<pre><strong>Commander des pilules d&#039;ecstasy blanches Mercedes en ligne - acheter des pilules d&#039;ecstasy, acheter des pilules d&#039;ecstasy blanches Mercedes, acheter des pilules d&#039;ecstasy blanches Mercedes en ligne, O\u00f9 acheter des pilules d&#039;ecstasy blanches Mercedes, des pilules d&#039;ecstasy blanches Mercedes \u00e0 vendre, des pilules d&#039;ecstasy blanches Mercedes \u00e0 vendre, acheter de l&#039;ecstasy en ligne, o\u00f9 acheter des pilules d&#039;ecstasy en ligne, Pilules d&#039;ecstasy blanches Mercedes \u00e0 vendre aux \u00c9tats-Unis, \u00c9tats-Unis, Canada, Royaume-Uni, acheter, en ligne, fournisseurs, livraison en toute s\u00e9curit\u00e9, Vous pouvez toujours obtenir des pilules d&#039;ecstasy blanches Mercedes, Les pilules d&#039;ecstasy blanches Mercedes sont-elles l\u00e9gales aux \u00c9tats-Unis, acheter Pilules d&#039;ecstasy blanches Mercedes en ligne aux \u00c9tats-Unis, comment commander des pilules d&#039;ecstasy blanches Mercedes, Les pilules d&#039;ecstasy blanches Mercedes sont-elles l\u00e9gales au Canada<\/strong><\/pre>","protected":false},"excerpt":{"rendered":"<p>La 3,4-m\u00e9thyl\u00e8nedioxym\u00e9thamph\u00e9tamine, connue sous le nom d&#039;ecstasy, est une drogue psychoactive principalement utilis\u00e9e comme drogue r\u00e9cr\u00e9ative. L&#039;effet recherch\u00e9 est une empathie accrue, une euphorie et une sensation accrue.<\/p>\n<p>Achetez des comprim\u00e9s d&#039;ecstasy de 240 mg de barres en ligne en utilisant des Bitcoins. B\u00e9n\u00e9ficiez de notre exp\u00e9dition s\u00e9curis\u00e9e et de notre livraison \u00e0 domicile.<\/p>\n<pre><strong>\r\nCommander des pilules d&#039;ecstasy blanches Mercedes en ligne - acheter des pilules d&#039;ecstasy, acheter des pilules d&#039;ecstasy blanches Mercedes, acheter des pilules d&#039;ecstasy blanches Mercedes en ligne, O\u00f9 acheter des pilules d&#039;ecstasy blanches Mercedes, des pilules d&#039;ecstasy blanches Mercedes \u00e0 vendre, des pilules d&#039;ecstasy blanches Mercedes \u00e0 vendre, acheter de l&#039;ecstasy en ligne, o\u00f9 acheter des pilules d&#039;ecstasy en ligne, Pilules d&#039;ecstasy blanches Mercedes \u00e0 vendre aux \u00c9tats-Unis, \u00c9tats-Unis, Canada, Royaume-Uni, acheter, en ligne, fournisseurs, livraison en toute s\u00e9curit\u00e9, Vous pouvez toujours obtenir des pilules d&#039;ecstasy blanches Mercedes, Les pilules d&#039;ecstasy blanches Mercedes sont-elles l\u00e9gales aux \u00c9tats-Unis, acheter Pilules d&#039;ecstasy blanches Mercedes en ligne aux \u00c9tats-Unis, comment commander des pilules d&#039;ecstasy blanches Mercedes, Les pilules d&#039;ecstasy blanches Mercedes sont-elles l\u00e9gales au Canada<\/strong><\/pre>","protected":false},"featured_media":8980,"template":"","meta":[],"product_brand":[],"product_cat":[83],"product_tag":[931,945,949,964,180,928,926,959,955,957,954,937,961,968,948,946,932,925,941,935,934,933,940,947,967,969,943,966,950,953,963,942,952,951,956,929,927,179,177,176,178,175,965,962,938,936,939,958,930,960,944],"class_list":{"0":"post-8968","1":"product","2":"type-product","3":"status-publish","4":"has-post-thumbnail","6":"product_cat-ecstasy-pills","7":"product_tag-best-ecstasy-pills","8":"product_tag-best-legal-ecstasy","9":"product_tag-best-legal-mdma-substitute-herbal-ecstasy-reviews","10":"product_tag-best-way-to-take-molly","11":"product_tag-buy-ecstasy-pills-online","12":"product_tag-buy-molly-online","13":"product_tag-buy-synthetic-molly-online","14":"product_tag-can-mdma-be-prescribed","15":"product_tag-can-you-be-prescribed-mdma","16":"product_tag-can-you-buy-molly-legally","17":"product_tag-can-you-get-prescription-mdma","18":"product_tag-different-ecstasy-pills","19":"product_tag-drugs-similar-to-mdma","20":"product_tag-drugs-similar-to-molly","21":"product_tag-drugs-that-are-legal","22":"product_tag-ecstasy-alternative","23":"product_tag-ecstasy-drug-facts","24":"product_tag-ecstasy-online-shop","25":"product_tag-ecstasy-pill-identification","26":"product_tag-ecstasy-pill-identifier","27":"product_tag-ecstasy-pill-identifier-imprint","28":"product_tag-ecstasy-pill-identifier-with-pictures","29":"product_tag-ecstasy-pill-list","30":"product_tag-herbal-ecstasy-pills","31":"product_tag-how-do-you-take-molly","32":"product_tag-how-to-make-molly","33":"product_tag-is-mdma-legal-in-usa","34":"product_tag-is-molly-illegal-in-usa","35":"product_tag-is-molly-legal","36":"product_tag-katy-herbal-extacy","37":"product_tag-legal-alternatives-to-mdma","38":"product_tag-legal-ecstasy-alternative","39":"product_tag-legal-ecstasy-pill","40":"product_tag-legalzoom-forms","41":"product_tag-mdma-prescription-drug","42":"product_tag-online-molly-pills","43":"product_tag-order-ecstasy-online","44":"product_tag-order-white-mercedes-ecstasy-pills-online","45":"product_tag-order-white-mercedes-ecstasy-pills-online-canada","46":"product_tag-order-white-mercedes-ecstasy-pills-online-india","47":"product_tag-order-white-mercedes-ecstasy-pills-online-uk","48":"product_tag-order-white-mercedes-ecstasy-pills-online-usa","49":"product_tag-over-the-counter-mdma","50":"product_tag-prescription-drugs-similar-to-mdma","51":"product_tag-types-of-ecstasy-pills","52":"product_tag-types-of-ecstasy-pills-names","53":"product_tag-what-do-ecstasy-pills-do","54":"product_tag-what-does-mdma-stand-for","55":"product_tag-what-is-ecstasy-made-from","56":"product_tag-what-is-mdma-drug","57":"product_tag-where-is-ecstasy-legal","59":"first","60":"instock","61":"shipping-taxable","62":"purchasable","63":"product-type-simple"},"tiered_pricing_type":"fixed","tiered_pricing_fixed_rules":{"25":"9","50":"8","100":"7"},"tiered_pricing_percentage_rules":[],"tiered_pricing_minimum":1,"_administrator_tiered_pricing_type":"fixed","_administrator_tiered_pricing_fixed_rules":[],"_editor_tiered_pricing_type":"fixed","_editor_tiered_pricing_fixed_rules":[],"_author_tiered_pricing_type":"fixed","_author_tiered_pricing_fixed_rules":[],"_contributor_tiered_pricing_type":"fixed","_contributor_tiered_pricing_fixed_rules":[],"_subscriber_tiered_pricing_type":"fixed","_subscriber_tiered_pricing_fixed_rules":[],"_customer_tiered_pricing_type":"fixed","_customer_tiered_pricing_fixed_rules":[],"_shop_manager_tiered_pricing_type":"fixed","_shop_manager_tiered_pricing_fixed_rules":[],"_wpseo_manager_tiered_pricing_type":"fixed","_wpseo_manager_tiered_pricing_fixed_rules":[],"_wpseo_editor_tiered_pricing_type":"fixed","_wpseo_editor_tiered_pricing_fixed_rules":[],"yoast_head":"<!-- This site is optimized with the Yoast SEO plugin v26.8 - https:\/\/yoast.com\/product\/yoast-seo-wordpress\/ -->\n<title>Order White Mercedes ecstasy pills Online - fast and safe delivery<\/title>\n<meta name=\"description\" content=\"Order White Mercedes ecstasy, Order safely &amp; maintain your privacy No prescription necessary Discreet standard shipping at Low prices.\" \/>\n<meta name=\"robots\" content=\"index, follow, max-snippet:-1, max-image-preview:large, max-video-preview:-1\" \/>\n<link rel=\"canonical\" href=\"https:\/\/trustwhite.com\/fr\/shop\/order-white-mercedes-ecstasy-pills-online\/\" \/>\n<meta property=\"og:locale\" content=\"fr_FR\" \/>\n<meta property=\"og:type\" content=\"article\" \/>\n<meta property=\"og:title\" content=\"Order White Mercedes ecstasy pills Online - fast and safe delivery\" \/>\n<meta property=\"og:description\" content=\"Order White Mercedes ecstasy, Order safely &amp; maintain your privacy No prescription necessary Discreet standard shipping at Low prices.\" \/>\n<meta property=\"og:url\" content=\"https:\/\/trustwhite.com\/fr\/shop\/order-white-mercedes-ecstasy-pills-online\/\" \/>\n<meta property=\"og:site_name\" content=\"stonersmeds.com\" \/>\n<meta property=\"article:modified_time\" content=\"2023-08-01T20:06:46+00:00\" \/>\n<meta property=\"og:image\" content=\"https:\/\/trustwhite.com\/wp-content\/uploads\/2022\/03\/order-white-mercedes-ecstasy-pills-online.jpg\" \/>\n\t<meta property=\"og:image:width\" content=\"600\" \/>\n\t<meta property=\"og:image:height\" content=\"600\" \/>\n\t<meta property=\"og:image:type\" content=\"image\/jpeg\" \/>\n<meta name=\"twitter:card\" content=\"summary_large_image\" \/>\n<meta name=\"twitter:label1\" content=\"Dur\u00e9e de lecture estim\u00e9e\" \/>\n\t<meta name=\"twitter:data1\" content=\"1 minute\" \/>\n<script type=\"application\/ld+json\" class=\"yoast-schema-graph\">{\"@context\":\"https:\/\/schema.org\",\"@graph\":[{\"@type\":\"WebPage\",\"@id\":\"https:\/\/trustwhite.com\/fi\/shop\/order-white-mercedes-ecstasy-pills-online\/\",\"url\":\"https:\/\/trustwhite.com\/fi\/shop\/order-white-mercedes-ecstasy-pills-online\/\",\"name\":\"Order White Mercedes ecstasy pills Online - fast and safe delivery\",\"isPartOf\":{\"@id\":\"https:\/\/trustwhite.com\/el\/#website\"},\"primaryImageOfPage\":{\"@id\":\"https:\/\/trustwhite.com\/fi\/shop\/order-white-mercedes-ecstasy-pills-online\/#primaryimage\"},\"image\":{\"@id\":\"https:\/\/trustwhite.com\/fi\/shop\/order-white-mercedes-ecstasy-pills-online\/#primaryimage\"},\"thumbnailUrl\":\"https:\/\/trustwhite.com\/wp-content\/uploads\/2022\/03\/order-white-mercedes-ecstasy-pills-online.jpg\",\"datePublished\":\"2022-03-11T11:00:36+00:00\",\"dateModified\":\"2023-08-01T20:06:46+00:00\",\"description\":\"Order White Mercedes ecstasy, Order safely & maintain your privacy No prescription necessary Discreet standard shipping at Low prices.\",\"breadcrumb\":{\"@id\":\"https:\/\/trustwhite.com\/fi\/shop\/order-white-mercedes-ecstasy-pills-online\/#breadcrumb\"},\"inLanguage\":\"fr-FR\",\"potentialAction\":[{\"@type\":\"ReadAction\",\"target\":[\"https:\/\/trustwhite.com\/fi\/shop\/order-white-mercedes-ecstasy-pills-online\/\"]}]},{\"@type\":\"ImageObject\",\"inLanguage\":\"fr-FR\",\"@id\":\"https:\/\/trustwhite.com\/fi\/shop\/order-white-mercedes-ecstasy-pills-online\/#primaryimage\",\"url\":\"https:\/\/trustwhite.com\/wp-content\/uploads\/2022\/03\/order-white-mercedes-ecstasy-pills-online.jpg\",\"contentUrl\":\"https:\/\/trustwhite.com\/wp-content\/uploads\/2022\/03\/order-white-mercedes-ecstasy-pills-online.jpg\",\"width\":600,\"height\":600},{\"@type\":\"BreadcrumbList\",\"@id\":\"https:\/\/trustwhite.com\/fi\/shop\/order-white-mercedes-ecstasy-pills-online\/#breadcrumb\",\"itemListElement\":[{\"@type\":\"ListItem\",\"position\":1,\"name\":\"Home\",\"item\":\"https:\/\/trustwhite.com\/el\/\"},{\"@type\":\"ListItem\",\"position\":2,\"name\":\"Shop\",\"item\":\"https:\/\/trustwhite.com\/el\/shop\/\"},{\"@type\":\"ListItem\",\"position\":3,\"name\":\"Order White Mercedes ecstasy pills Online\"}]},{\"@type\":\"WebSite\",\"@id\":\"https:\/\/trustwhite.com\/el\/#website\",\"url\":\"https:\/\/trustwhite.com\/el\/\",\"name\":\"stonersmeds.com\",\"description\":\"verschreibungspflichtige Medizin kaufen\",\"potentialAction\":[{\"@type\":\"SearchAction\",\"target\":{\"@type\":\"EntryPoint\",\"urlTemplate\":\"https:\/\/trustwhite.com\/el\/?s={search_term_string}\"},\"query-input\":{\"@type\":\"PropertyValueSpecification\",\"valueRequired\":true,\"valueName\":\"search_term_string\"}}],\"inLanguage\":\"fr-FR\"}]}<\/script>\n<!-- \/ Yoast SEO plugin. -->","yoast_head_json":{"title":"Commandez des pilules d&#039;ecstasy blanches Mercedes en ligne - livraison rapide et s\u00fbre","description":"Commandez de l&#039;ecstasy Mercedes blanche, commandez en toute s\u00e9curit\u00e9 et pr\u00e9servez votre vie priv\u00e9e Aucune ordonnance n\u00e9cessaire Exp\u00e9dition standard discr\u00e8te \u00e0 bas prix.","robots":{"index":"index","follow":"follow","max-snippet":"max-snippet:-1","max-image-preview":"max-image-preview:large","max-video-preview":"max-video-preview:-1"},"canonical":"https:\/\/trustwhite.com\/fr\/shop\/order-white-mercedes-ecstasy-pills-online\/","og_locale":"fr_FR","og_type":"article","og_title":"Order White Mercedes ecstasy pills Online - fast and safe delivery","og_description":"Order White Mercedes ecstasy, Order safely & maintain your privacy No prescription necessary Discreet standard shipping at Low prices.","og_url":"https:\/\/trustwhite.com\/fr\/shop\/order-white-mercedes-ecstasy-pills-online\/","og_site_name":"stonersmeds.com","article_modified_time":"2023-08-01T20:06:46+00:00","og_image":[{"width":600,"height":600,"url":"https:\/\/trustwhite.com\/wp-content\/uploads\/2022\/03\/order-white-mercedes-ecstasy-pills-online.jpg","type":"image\/jpeg"}],"twitter_card":"summary_large_image","twitter_misc":{"Dur\u00e9e de lecture estim\u00e9e":"1 minute"},"schema":{"@context":"https:\/\/schema.org","@graph":[{"@type":"WebPage","@id":"https:\/\/trustwhite.com\/fi\/shop\/order-white-mercedes-ecstasy-pills-online\/","url":"https:\/\/trustwhite.com\/fi\/shop\/order-white-mercedes-ecstasy-pills-online\/","name":"Commandez des pilules d&#039;ecstasy blanches Mercedes en ligne - livraison rapide et s\u00fbre","isPartOf":{"@id":"https:\/\/trustwhite.com\/el\/#website"},"primaryImageOfPage":{"@id":"https:\/\/trustwhite.com\/fi\/shop\/order-white-mercedes-ecstasy-pills-online\/#primaryimage"},"image":{"@id":"https:\/\/trustwhite.com\/fi\/shop\/order-white-mercedes-ecstasy-pills-online\/#primaryimage"},"thumbnailUrl":"https:\/\/trustwhite.com\/wp-content\/uploads\/2022\/03\/order-white-mercedes-ecstasy-pills-online.jpg","datePublished":"2022-03-11T11:00:36+00:00","dateModified":"2023-08-01T20:06:46+00:00","description":"Commandez de l&#039;ecstasy Mercedes blanche, commandez en toute s\u00e9curit\u00e9 et pr\u00e9servez votre vie priv\u00e9e Aucune ordonnance n\u00e9cessaire Exp\u00e9dition standard discr\u00e8te \u00e0 bas prix.","breadcrumb":{"@id":"https:\/\/trustwhite.com\/fi\/shop\/order-white-mercedes-ecstasy-pills-online\/#breadcrumb"},"inLanguage":"fr-FR","potentialAction":[{"@type":"ReadAction","target":["https:\/\/trustwhite.com\/fi\/shop\/order-white-mercedes-ecstasy-pills-online\/"]}]},{"@type":"ImageObject","inLanguage":"fr-FR","@id":"https:\/\/trustwhite.com\/fi\/shop\/order-white-mercedes-ecstasy-pills-online\/#primaryimage","url":"https:\/\/trustwhite.com\/wp-content\/uploads\/2022\/03\/order-white-mercedes-ecstasy-pills-online.jpg","contentUrl":"https:\/\/trustwhite.com\/wp-content\/uploads\/2022\/03\/order-white-mercedes-ecstasy-pills-online.jpg","width":600,"height":600},{"@type":"BreadcrumbList","@id":"https:\/\/trustwhite.com\/fi\/shop\/order-white-mercedes-ecstasy-pills-online\/#breadcrumb","itemListElement":[{"@type":"ListItem","position":1,"name":"Home","item":"https:\/\/trustwhite.com\/el\/"},{"@type":"ListItem","position":2,"name":"Shop","item":"https:\/\/trustwhite.com\/el\/shop\/"},{"@type":"ListItem","position":3,"name":"Order White Mercedes ecstasy pills Online"}]},{"@type":"WebSite","@id":"https:\/\/trustwhite.com\/el\/#website","url":"https:\/\/trustwhite.com\/el\/","name":"stonersmeds.com","description":"m\u00e9dicaments \u00e0 usage unique en vente","potentialAction":[{"@type":"SearchAction","target":{"@type":"EntryPoint","urlTemplate":"https:\/\/trustwhite.com\/el\/?s={search_term_string}"},"query-input":{"@type":"PropertyValueSpecification","valueRequired":true,"valueName":"search_term_string"}}],"inLanguage":"fr-FR"}]}},"_links":{"self":[{"href":"https:\/\/trustwhite.com\/fr\/wp-json\/wp\/v2\/product\/8968","targetHints":{"allow":["GET"]}}],"collection":[{"href":"https:\/\/trustwhite.com\/fr\/wp-json\/wp\/v2\/product"}],"about":[{"href":"https:\/\/trustwhite.com\/fr\/wp-json\/wp\/v2\/types\/product"}],"version-history":[{"count":0,"href":"https:\/\/trustwhite.com\/fr\/wp-json\/wp\/v2\/product\/8968\/revisions"}],"wp:featuredmedia":[{"embeddable":true,"href":"https:\/\/trustwhite.com\/fr\/wp-json\/wp\/v2\/media\/8980"}],"wp:attachment":[{"href":"https:\/\/trustwhite.com\/fr\/wp-json\/wp\/v2\/media?parent=8968"}],"wp:term":[{"taxonomy":"product_brand","embeddable":true,"href":"https:\/\/trustwhite.com\/fr\/wp-json\/wp\/v2\/product_brand?post=8968"},{"taxonomy":"product_cat","embeddable":true,"href":"https:\/\/trustwhite.com\/fr\/wp-json\/wp\/v2\/product_cat?post=8968"},{"taxonomy":"product_tag","embeddable":true,"href":"https:\/\/trustwhite.com\/fr\/wp-json\/wp\/v2\/product_tag?post=8968"}],"curies":[{"name":"wp","href":"https:\/\/api.w.org\/{rel}","templated":true}]}}