{"id":8896,"date":"2022-03-11T10:38:33","date_gmt":"2022-03-11T10:38:33","guid":{"rendered":"https:\/\/stonersmeds.com\/?post_type=product&#038;p=8896"},"modified":"2023-08-01T22:09:19","modified_gmt":"2023-08-01T20:09:19","slug":"buy-real-quality-tesla-ecstasy-pills-online","status":"publish","type":"product","link":"https:\/\/trustwhite.com\/fr\/shop\/buy-real-quality-tesla-ecstasy-pills-online\/","title":{"rendered":"Acheter des pilules d&#039;ecstasy Tesla de qualit\u00e9 r\u00e9elle en ligne"},"content":{"rendered":"<h1>Achetez des pilules d&#039;ecstasy Tesla de qualit\u00e9 r\u00e9elle en ligne.<\/h1>\n<p>&nbsp;<\/p>\n<p>Qu&#039;est-ce que l&#039;extase ?<br \/>\nL&#039;ecstasy (MDMA, 3,4 m\u00e9thyl\u00e8nedioxym\u00e9thamph\u00e9tamine) est une drogue psychoactive synth\u00e9tique chimiquement similaire \u00e0 la m\u00e9thamph\u00e9tamine stimulante et \u00e0 la mescaline hallucinog\u00e8ne. C&#039;est une drogue ill\u00e9gale qui agit \u00e0 la fois comme un stimulant et un psych\u00e9d\u00e9lique, produisant un effet stimulant, ainsi que des distorsions dans le temps et la perception et augmente le plaisir des exp\u00e9riences tactiles.<\/p>\n<p>&nbsp;<\/p>\n<p>&nbsp;<\/p>\n<pre><strong>Acheter des pilules d&#039;ecstasy Tesla de qualit\u00e9 r\u00e9elle en ligne - acheter des pilules d&#039;ecstasy, acheter des pilules d&#039;ecstasy Tesla de qualit\u00e9 r\u00e9elle, acheter des pilules d&#039;ecstasy Tesla de qualit\u00e9 r\u00e9elle en ligne, O\u00f9 acheter des pilules d&#039;ecstasy Tesla de qualit\u00e9 r\u00e9elle, des pilules d&#039;ecstasy Tesla de qualit\u00e9 r\u00e9elle \u00e0 vendre, des pilules d&#039;ecstasy Tesla de qualit\u00e9 r\u00e9elle pour vente, acheter de l&#039;ecstasy en ligne, o\u00f9 acheter des pilules d&#039;ecstasy en ligne, des pilules d&#039;ecstasy Tesla de qualit\u00e9 r\u00e9elle \u00e0 vendre aux \u00c9tats-Unis, aux \u00c9tats-Unis, au Canada, au Royaume-Uni, acheter, en ligne, fournisseurs, livraison en toute s\u00e9curit\u00e9, Vous pouvez toujours obtenir des pilules d&#039;ecstasy Tesla de qualit\u00e9 r\u00e9elle, est r\u00e9el Pilules d&#039;ecstasy Tesla de qualit\u00e9 l\u00e9gale aux \u00c9tats-Unis, acheter des pilules d&#039;ecstasy Tesla de qualit\u00e9 r\u00e9elle en ligne aux \u00c9tats-Unis, comment commander des pilules d&#039;ecstasy Tesla de qualit\u00e9 r\u00e9elle, Les pilules d&#039;ecstasy Tesla de qualit\u00e9 r\u00e9elle sont-elles l\u00e9gales au Canada<\/strong><\/pre>","protected":false},"excerpt":{"rendered":"<p>Achetez des pilules d&#039;ecstasy Tesla de qualit\u00e9 r\u00e9elle en ligne.<\/p>\n<p><strong>Commande minimum<\/strong><strong>\u00a0est de 25 comprim\u00e9s.<\/strong><\/p>\n<pre><\/pre>","protected":false},"featured_media":8910,"template":"","meta":[],"product_brand":[],"product_cat":[83],"product_tag":[931,945,949,964,928,926,959,955,957,954,937,961,968,948,946,932,925,941,935,934,933,940,947,967,969,943,966,950,953,963,942,952,951,956,929,927,965,962,938,936,939,958,930,960,944],"class_list":{"0":"post-8896","1":"product","2":"type-product","3":"status-publish","4":"has-post-thumbnail","6":"product_cat-ecstasy-pills","7":"product_tag-best-ecstasy-pills","8":"product_tag-best-legal-ecstasy","9":"product_tag-best-legal-mdma-substitute-herbal-ecstasy-reviews","10":"product_tag-best-way-to-take-molly","11":"product_tag-buy-molly-online","12":"product_tag-buy-synthetic-molly-online","13":"product_tag-can-mdma-be-prescribed","14":"product_tag-can-you-be-prescribed-mdma","15":"product_tag-can-you-buy-molly-legally","16":"product_tag-can-you-get-prescription-mdma","17":"product_tag-different-ecstasy-pills","18":"product_tag-drugs-similar-to-mdma","19":"product_tag-drugs-similar-to-molly","20":"product_tag-drugs-that-are-legal","21":"product_tag-ecstasy-alternative","22":"product_tag-ecstasy-drug-facts","23":"product_tag-ecstasy-online-shop","24":"product_tag-ecstasy-pill-identification","25":"product_tag-ecstasy-pill-identifier","26":"product_tag-ecstasy-pill-identifier-imprint","27":"product_tag-ecstasy-pill-identifier-with-pictures","28":"product_tag-ecstasy-pill-list","29":"product_tag-herbal-ecstasy-pills","30":"product_tag-how-do-you-take-molly","31":"product_tag-how-to-make-molly","32":"product_tag-is-mdma-legal-in-usa","33":"product_tag-is-molly-illegal-in-usa","34":"product_tag-is-molly-legal","35":"product_tag-katy-herbal-extacy","36":"product_tag-legal-alternatives-to-mdma","37":"product_tag-legal-ecstasy-alternative","38":"product_tag-legal-ecstasy-pill","39":"product_tag-legalzoom-forms","40":"product_tag-mdma-prescription-drug","41":"product_tag-online-molly-pills","42":"product_tag-order-ecstasy-online","43":"product_tag-over-the-counter-mdma","44":"product_tag-prescription-drugs-similar-to-mdma","45":"product_tag-types-of-ecstasy-pills","46":"product_tag-types-of-ecstasy-pills-names","47":"product_tag-what-do-ecstasy-pills-do","48":"product_tag-what-does-mdma-stand-for","49":"product_tag-what-is-ecstasy-made-from","50":"product_tag-what-is-mdma-drug","51":"product_tag-where-is-ecstasy-legal","53":"first","54":"instock","55":"shipping-taxable","56":"purchasable","57":"product-type-simple"},"tiered_pricing_type":"fixed","tiered_pricing_fixed_rules":{"25":"9","50":"8","100":"7"},"tiered_pricing_percentage_rules":[],"tiered_pricing_minimum":1,"_administrator_tiered_pricing_type":"fixed","_administrator_tiered_pricing_fixed_rules":[],"_editor_tiered_pricing_type":"fixed","_editor_tiered_pricing_fixed_rules":[],"_author_tiered_pricing_type":"fixed","_author_tiered_pricing_fixed_rules":[],"_contributor_tiered_pricing_type":"fixed","_contributor_tiered_pricing_fixed_rules":[],"_subscriber_tiered_pricing_type":"fixed","_subscriber_tiered_pricing_fixed_rules":[],"_customer_tiered_pricing_type":"fixed","_customer_tiered_pricing_fixed_rules":[],"_shop_manager_tiered_pricing_type":"fixed","_shop_manager_tiered_pricing_fixed_rules":[],"_wpseo_manager_tiered_pricing_type":"fixed","_wpseo_manager_tiered_pricing_fixed_rules":[],"_wpseo_editor_tiered_pricing_type":"fixed","_wpseo_editor_tiered_pricing_fixed_rules":[],"yoast_head":"<!-- This site is optimized with the Yoast SEO plugin v26.8 - https:\/\/yoast.com\/product\/yoast-seo-wordpress\/ -->\n<title>Buy real quality Tesla ecstasy pills online - stonersmeds.com<\/title>\n<meta name=\"description\" content=\"Buy Tesla ecstasy Pills Online at an affordable price at stonermeds. All products are lab qualified and have premium quality.\" \/>\n<meta name=\"robots\" content=\"index, follow, max-snippet:-1, max-image-preview:large, max-video-preview:-1\" \/>\n<link rel=\"canonical\" href=\"https:\/\/trustwhite.com\/fr\/shop\/buy-real-quality-tesla-ecstasy-pills-online\/\" \/>\n<meta property=\"og:locale\" content=\"fr_FR\" \/>\n<meta property=\"og:type\" content=\"article\" \/>\n<meta property=\"og:title\" content=\"Buy real quality Tesla ecstasy pills online - stonersmeds.com\" \/>\n<meta property=\"og:description\" content=\"Buy Tesla ecstasy Pills Online at an affordable price at stonermeds. All products are lab qualified and have premium quality.\" \/>\n<meta property=\"og:url\" content=\"https:\/\/trustwhite.com\/fr\/shop\/buy-real-quality-tesla-ecstasy-pills-online\/\" \/>\n<meta property=\"og:site_name\" content=\"stonersmeds.com\" \/>\n<meta property=\"article:modified_time\" content=\"2023-08-01T20:09:19+00:00\" \/>\n<meta property=\"og:image\" content=\"https:\/\/trustwhite.com\/wp-content\/uploads\/2022\/03\/buy-real-quality-tesla-ecstasy-pills-online.jpg\" \/>\n\t<meta property=\"og:image:width\" content=\"600\" \/>\n\t<meta property=\"og:image:height\" content=\"600\" \/>\n\t<meta property=\"og:image:type\" content=\"image\/jpeg\" \/>\n<meta name=\"twitter:card\" content=\"summary_large_image\" \/>\n<meta name=\"twitter:label1\" content=\"Dur\u00e9e de lecture estim\u00e9e\" \/>\n\t<meta name=\"twitter:data1\" content=\"1 minute\" \/>\n<script type=\"application\/ld+json\" class=\"yoast-schema-graph\">{\"@context\":\"https:\/\/schema.org\",\"@graph\":[{\"@type\":\"WebPage\",\"@id\":\"https:\/\/trustwhite.com\/es\/shop\/buy-real-quality-tesla-ecstasy-pills-online\/\",\"url\":\"https:\/\/trustwhite.com\/es\/shop\/buy-real-quality-tesla-ecstasy-pills-online\/\",\"name\":\"Buy real quality Tesla ecstasy pills online - stonersmeds.com\",\"isPartOf\":{\"@id\":\"https:\/\/trustwhite.com\/el\/#website\"},\"primaryImageOfPage\":{\"@id\":\"https:\/\/trustwhite.com\/es\/shop\/buy-real-quality-tesla-ecstasy-pills-online\/#primaryimage\"},\"image\":{\"@id\":\"https:\/\/trustwhite.com\/es\/shop\/buy-real-quality-tesla-ecstasy-pills-online\/#primaryimage\"},\"thumbnailUrl\":\"https:\/\/trustwhite.com\/wp-content\/uploads\/2022\/03\/buy-real-quality-tesla-ecstasy-pills-online.jpg\",\"datePublished\":\"2022-03-11T10:38:33+00:00\",\"dateModified\":\"2023-08-01T20:09:19+00:00\",\"description\":\"Buy Tesla ecstasy Pills Online at an affordable price at stonermeds. All products are lab qualified and have premium quality.\",\"breadcrumb\":{\"@id\":\"https:\/\/trustwhite.com\/es\/shop\/buy-real-quality-tesla-ecstasy-pills-online\/#breadcrumb\"},\"inLanguage\":\"fr-FR\",\"potentialAction\":[{\"@type\":\"ReadAction\",\"target\":[\"https:\/\/trustwhite.com\/es\/shop\/buy-real-quality-tesla-ecstasy-pills-online\/\"]}]},{\"@type\":\"ImageObject\",\"inLanguage\":\"fr-FR\",\"@id\":\"https:\/\/trustwhite.com\/es\/shop\/buy-real-quality-tesla-ecstasy-pills-online\/#primaryimage\",\"url\":\"https:\/\/trustwhite.com\/wp-content\/uploads\/2022\/03\/buy-real-quality-tesla-ecstasy-pills-online.jpg\",\"contentUrl\":\"https:\/\/trustwhite.com\/wp-content\/uploads\/2022\/03\/buy-real-quality-tesla-ecstasy-pills-online.jpg\",\"width\":600,\"height\":600},{\"@type\":\"BreadcrumbList\",\"@id\":\"https:\/\/trustwhite.com\/es\/shop\/buy-real-quality-tesla-ecstasy-pills-online\/#breadcrumb\",\"itemListElement\":[{\"@type\":\"ListItem\",\"position\":1,\"name\":\"Home\",\"item\":\"https:\/\/trustwhite.com\/el\/\"},{\"@type\":\"ListItem\",\"position\":2,\"name\":\"Shop\",\"item\":\"https:\/\/trustwhite.com\/el\/shop\/\"},{\"@type\":\"ListItem\",\"position\":3,\"name\":\"Buy real quality Tesla ecstasy pills online\"}]},{\"@type\":\"WebSite\",\"@id\":\"https:\/\/trustwhite.com\/el\/#website\",\"url\":\"https:\/\/trustwhite.com\/el\/\",\"name\":\"stonersmeds.com\",\"description\":\"verschreibungspflichtige Medizin kaufen\",\"potentialAction\":[{\"@type\":\"SearchAction\",\"target\":{\"@type\":\"EntryPoint\",\"urlTemplate\":\"https:\/\/trustwhite.com\/el\/?s={search_term_string}\"},\"query-input\":{\"@type\":\"PropertyValueSpecification\",\"valueRequired\":true,\"valueName\":\"search_term_string\"}}],\"inLanguage\":\"fr-FR\"}]}<\/script>\n<!-- \/ Yoast SEO plugin. -->","yoast_head_json":{"title":"Acheter des pilules d&#039;ecstasy Tesla de qualit\u00e9 r\u00e9elle en ligne - stonersmeds.com","description":"Achetez des pilules d&#039;ecstasy Tesla en ligne \u00e0 un prix abordable chez stonermeds. Tous les produits sont qualifi\u00e9s en laboratoire et ont une qualit\u00e9 sup\u00e9rieure.","robots":{"index":"index","follow":"follow","max-snippet":"max-snippet:-1","max-image-preview":"max-image-preview:large","max-video-preview":"max-video-preview:-1"},"canonical":"https:\/\/trustwhite.com\/fr\/shop\/buy-real-quality-tesla-ecstasy-pills-online\/","og_locale":"fr_FR","og_type":"article","og_title":"Buy real quality Tesla ecstasy pills online - stonersmeds.com","og_description":"Buy Tesla ecstasy Pills Online at an affordable price at stonermeds. All products are lab qualified and have premium quality.","og_url":"https:\/\/trustwhite.com\/fr\/shop\/buy-real-quality-tesla-ecstasy-pills-online\/","og_site_name":"stonersmeds.com","article_modified_time":"2023-08-01T20:09:19+00:00","og_image":[{"width":600,"height":600,"url":"https:\/\/trustwhite.com\/wp-content\/uploads\/2022\/03\/buy-real-quality-tesla-ecstasy-pills-online.jpg","type":"image\/jpeg"}],"twitter_card":"summary_large_image","twitter_misc":{"Dur\u00e9e de lecture estim\u00e9e":"1 minute"},"schema":{"@context":"https:\/\/schema.org","@graph":[{"@type":"WebPage","@id":"https:\/\/trustwhite.com\/es\/shop\/buy-real-quality-tesla-ecstasy-pills-online\/","url":"https:\/\/trustwhite.com\/es\/shop\/buy-real-quality-tesla-ecstasy-pills-online\/","name":"Acheter des pilules d&#039;ecstasy Tesla de qualit\u00e9 r\u00e9elle en ligne - stonersmeds.com","isPartOf":{"@id":"https:\/\/trustwhite.com\/el\/#website"},"primaryImageOfPage":{"@id":"https:\/\/trustwhite.com\/es\/shop\/buy-real-quality-tesla-ecstasy-pills-online\/#primaryimage"},"image":{"@id":"https:\/\/trustwhite.com\/es\/shop\/buy-real-quality-tesla-ecstasy-pills-online\/#primaryimage"},"thumbnailUrl":"https:\/\/trustwhite.com\/wp-content\/uploads\/2022\/03\/buy-real-quality-tesla-ecstasy-pills-online.jpg","datePublished":"2022-03-11T10:38:33+00:00","dateModified":"2023-08-01T20:09:19+00:00","description":"Achetez des pilules d&#039;ecstasy Tesla en ligne \u00e0 un prix abordable chez stonermeds. Tous les produits sont qualifi\u00e9s en laboratoire et ont une qualit\u00e9 sup\u00e9rieure.","breadcrumb":{"@id":"https:\/\/trustwhite.com\/es\/shop\/buy-real-quality-tesla-ecstasy-pills-online\/#breadcrumb"},"inLanguage":"fr-FR","potentialAction":[{"@type":"ReadAction","target":["https:\/\/trustwhite.com\/es\/shop\/buy-real-quality-tesla-ecstasy-pills-online\/"]}]},{"@type":"ImageObject","inLanguage":"fr-FR","@id":"https:\/\/trustwhite.com\/es\/shop\/buy-real-quality-tesla-ecstasy-pills-online\/#primaryimage","url":"https:\/\/trustwhite.com\/wp-content\/uploads\/2022\/03\/buy-real-quality-tesla-ecstasy-pills-online.jpg","contentUrl":"https:\/\/trustwhite.com\/wp-content\/uploads\/2022\/03\/buy-real-quality-tesla-ecstasy-pills-online.jpg","width":600,"height":600},{"@type":"BreadcrumbList","@id":"https:\/\/trustwhite.com\/es\/shop\/buy-real-quality-tesla-ecstasy-pills-online\/#breadcrumb","itemListElement":[{"@type":"ListItem","position":1,"name":"Home","item":"https:\/\/trustwhite.com\/el\/"},{"@type":"ListItem","position":2,"name":"Shop","item":"https:\/\/trustwhite.com\/el\/shop\/"},{"@type":"ListItem","position":3,"name":"Buy real quality Tesla ecstasy pills online"}]},{"@type":"WebSite","@id":"https:\/\/trustwhite.com\/el\/#website","url":"https:\/\/trustwhite.com\/el\/","name":"stonersmeds.com","description":"m\u00e9dicaments \u00e0 usage unique en vente","potentialAction":[{"@type":"SearchAction","target":{"@type":"EntryPoint","urlTemplate":"https:\/\/trustwhite.com\/el\/?s={search_term_string}"},"query-input":{"@type":"PropertyValueSpecification","valueRequired":true,"valueName":"search_term_string"}}],"inLanguage":"fr-FR"}]}},"_links":{"self":[{"href":"https:\/\/trustwhite.com\/fr\/wp-json\/wp\/v2\/product\/8896","targetHints":{"allow":["GET"]}}],"collection":[{"href":"https:\/\/trustwhite.com\/fr\/wp-json\/wp\/v2\/product"}],"about":[{"href":"https:\/\/trustwhite.com\/fr\/wp-json\/wp\/v2\/types\/product"}],"version-history":[{"count":0,"href":"https:\/\/trustwhite.com\/fr\/wp-json\/wp\/v2\/product\/8896\/revisions"}],"wp:featuredmedia":[{"embeddable":true,"href":"https:\/\/trustwhite.com\/fr\/wp-json\/wp\/v2\/media\/8910"}],"wp:attachment":[{"href":"https:\/\/trustwhite.com\/fr\/wp-json\/wp\/v2\/media?parent=8896"}],"wp:term":[{"taxonomy":"product_brand","embeddable":true,"href":"https:\/\/trustwhite.com\/fr\/wp-json\/wp\/v2\/product_brand?post=8896"},{"taxonomy":"product_cat","embeddable":true,"href":"https:\/\/trustwhite.com\/fr\/wp-json\/wp\/v2\/product_cat?post=8896"},{"taxonomy":"product_tag","embeddable":true,"href":"https:\/\/trustwhite.com\/fr\/wp-json\/wp\/v2\/product_tag?post=8896"}],"curies":[{"name":"wp","href":"https:\/\/api.w.org\/{rel}","templated":true}]}}