{"id":10796,"date":"2022-03-12T09:51:30","date_gmt":"2022-03-12T09:51:30","guid":{"rendered":"https:\/\/stonersmeds.com\/?post_type=product&#038;p=10796"},"modified":"2023-04-10T03:44:59","modified_gmt":"2023-04-10T01:44:59","slug":"buy-pure-quality-al-lad-10-mg-powder-online","status":"publish","type":"product","link":"https:\/\/trustwhite.com\/fr\/shop\/buy-pure-quality-al-lad-10-mg-powder-online\/","title":{"rendered":"Acheter de la poudre AL-LAD 10 mg de qualit\u00e9 pure en ligne"},"content":{"rendered":"<h1>Achetez en ligne de la poudre AL-LAD 10 mg de qualit\u00e9 pure.<\/h1>\n<p>Achetez AL-LAD 150 mg bloqueur.<br \/>\nAcheter AL-LAD 150mg Les buvards ont \u00e9t\u00e9 synth\u00e9tis\u00e9s et produits pour la premi\u00e8re fois par un groupe de recherche japonais dans les ann\u00e9es 1970<br \/>\npopulaire aupr\u00e8s d&#039;Alexander Shulgin dans son livre TiHKAL. Depuis 2013, date \u00e0 laquelle AL-LAD est sorti pour la premi\u00e8re fois sur RC<br \/>\nmarch\u00e9, il a acquis une immense popularit\u00e9 et est annonc\u00e9 comme l&#039;un des plus grands.<br \/>\nQu&#039;est-ce que le buvard AL-LAD 150 mg.<br \/>\nAL-LAD <a href=\"https:\/\/stonersmeds.com\/product-tag\/blotter-acid-for-sale\/\">Blotter 150 mcg acide 6-allyl-6-nor-lysergique<\/a> di\u00e9thylamide) agit comme un agoniste puissant des r\u00e9cepteurs 5-HT2A<br \/>\nLes r\u00e9cepteurs dan seraient actifs entre 80 et 160 microgrammes. Veuillez noter que notre Buvard AL-LAD<br \/>\n150 g ont \u00e9t\u00e9 recouverts d&#039;une fine couche (1,5 mg\/buvard) de 2-hydroxypropyl-B-cyclodextrine (cyclodextrine).<br \/>\noffre une protection suppl\u00e9mentaire contre l&#039;oxyg\u00e8ne.<br \/>\n<a href=\"https:\/\/stonersmeds.com\/shop\/buy-quality-al-lad-blotters-cheap-online\/\">BUY AL-LAD Blotter<\/a> \u00c9TATS-UNIS.<\/p>\n<pre><strong>Acheter de la poudre AL-LAD 10 mg de qualit\u00e9 pure en ligne - acheter de la poudre AL-LAD 10 mg de qualit\u00e9 pure, acheter de la poudre AL-LAD 10 mg de qualit\u00e9 pure aux \u00c9tats-Unis, acheter de la poudre AL-LAD 10 mg de qualit\u00e9 pure en ligne aux \u00c9tats-Unis, o\u00f9 acheter de la poudre AL-LAD de qualit\u00e9 pure 10 mg -LAD 10 mg poudre, pure qualit\u00e9 AL-LAD 10 mg poudre \u00e0 vendre, pure qualit\u00e9 AL-LAD 10 mg poudre \u00e0 vendre pr\u00e8s de chez moi, acheter pure qualit\u00e9 AL-LAD 10 mg poudre en ligne pr\u00e8s de chez moi, o\u00f9 acheter de la qualit\u00e9 pure AL- LAD 10 mg en poudre en ligne, poudre AL-LAD 10 mg de qualit\u00e9 pure \u00e0 vendre aux \u00c9tats-Unis, aux \u00c9tats-Unis, au Canada, au Royaume-Uni, acheter, en ligne, fournisseurs, livraison en toute s\u00e9curit\u00e9, vous pouvez toujours obtenir de la poudre AL-LAD 10 mg de qualit\u00e9 pure, est de la qualit\u00e9 pure Poudre AL-LAD 10 mg l\u00e9gale aux \u00c9tats-Unis, acheter de la poudre AL-LAD 10 mg de qualit\u00e9 pure en ligne aux \u00c9tats-Unis, comment commander de la poudre AL-LAD 10 mg de qualit\u00e9 pure, est-ce que la poudre AL-LAD 10 mg de qualit\u00e9 pure est l\u00e9gale au Canada<\/strong><\/pre>","protected":false},"excerpt":{"rendered":"<p>Achetez en ligne de la poudre AL-LAD 10 mg de qualit\u00e9 pure.\u00a0<em>AL<\/em>-<em>GAR\u00c7ON<\/em>,\u00a0<em>acheter AL<\/em>-<em>DAL en ligne.<\/em><\/p>\n<p>Achetez du sang AL-LAD de haute qualit\u00e9 \u00e0 bas prix en ligne. Le 6-allyl-6-nor-LSD est un lysergamide psych\u00e9d\u00e9lique, \u00e9galement connu sous le nom d&#039;AL-LAD (di\u00e9thylamide de l&#039;acide lysergique). 150 mcg d&#039;aspiration AL-LAD.<\/p>\n<p>Le prix du produit est de $10 pour l&#039;absorption.<\/p>\n<p>La quantit\u00e9 minimale de commande est de 15 buvards.<\/p>\n<pre><\/pre>","protected":false},"featured_media":10805,"template":"","meta":[],"product_brand":[],"product_cat":[79],"product_tag":[762,758,757,767,768,766,760,764,761,759,763,765],"class_list":{"0":"post-10796","1":"product","2":"type-product","3":"status-publish","4":"has-post-thumbnail","6":"product_cat-research-chemicals-and-bath-salt","7":"product_tag-buy-pure-quality-al-lad-10-mg-powder-online-near-me","8":"product_tag-buy-pure-quality-al-lad-10-mg-powder-online-usa","9":"product_tag-buy-pure-quality-al-lad-10-mg-powder-usa","10":"product_tag-how-to-order-pure-quality-al-lad-10-mg-powder","11":"product_tag-is-pure-quality-al-lad-10-mg-powder-legal-in-canada","12":"product_tag-is-pure-quality-al-lad-10-mg-powder-legal-in-usa","13":"product_tag-pure-quality-al-lad-10-mg-powder-for-sale","14":"product_tag-pure-quality-al-lad-10-mg-powder-for-sale-in-usa","15":"product_tag-pure-quality-al-lad-10-mg-powder-for-sale-near-me","16":"product_tag-where-to-buy-pure-quality-al-lad-10-mg-powder","17":"product_tag-where-to-buy-pure-quality-al-lad-10-mg-powder-online","18":"product_tag-you-can-still-get-pure-quality-al-lad-10-mg-powder","20":"first","21":"instock","22":"shipping-taxable","23":"purchasable","24":"product-type-variable"},"tiered_pricing_type":"fixed","tiered_pricing_fixed_rules":[],"tiered_pricing_percentage_rules":[],"tiered_pricing_minimum":1,"_administrator_tiered_pricing_type":"fixed","_administrator_tiered_pricing_fixed_rules":[],"_editor_tiered_pricing_type":"fixed","_editor_tiered_pricing_fixed_rules":[],"_author_tiered_pricing_type":"fixed","_author_tiered_pricing_fixed_rules":[],"_contributor_tiered_pricing_type":"fixed","_contributor_tiered_pricing_fixed_rules":[],"_subscriber_tiered_pricing_type":"fixed","_subscriber_tiered_pricing_fixed_rules":[],"_customer_tiered_pricing_type":"fixed","_customer_tiered_pricing_fixed_rules":[],"_shop_manager_tiered_pricing_type":"fixed","_shop_manager_tiered_pricing_fixed_rules":[],"_wpseo_manager_tiered_pricing_type":"fixed","_wpseo_manager_tiered_pricing_fixed_rules":[],"_wpseo_editor_tiered_pricing_type":"fixed","_wpseo_editor_tiered_pricing_fixed_rules":[],"yoast_head":"<!-- This site is optimized with the Yoast SEO plugin v26.8 - https:\/\/yoast.com\/product\/yoast-seo-wordpress\/ -->\n<title>Buy pure quality AL-LAD 10 mg powder online - Cheap price, Grade A++<\/title>\n<meta name=\"description\" content=\"buy AL-LAD 10 mg powder Online at an affordable price at stonersmeds. All products are lab qualified and have premium quality.\" \/>\n<meta name=\"robots\" content=\"index, follow, max-snippet:-1, max-image-preview:large, max-video-preview:-1\" \/>\n<link rel=\"canonical\" href=\"https:\/\/trustwhite.com\/fr\/shop\/buy-pure-quality-al-lad-10-mg-powder-online\/\" \/>\n<meta property=\"og:locale\" content=\"fr_FR\" \/>\n<meta property=\"og:type\" content=\"article\" \/>\n<meta property=\"og:title\" content=\"Buy pure quality AL-LAD 10 mg powder online - Cheap price, Grade A++\" \/>\n<meta property=\"og:description\" content=\"buy AL-LAD 10 mg powder Online at an affordable price at stonersmeds. All products are lab qualified and have premium quality.\" \/>\n<meta property=\"og:url\" content=\"https:\/\/trustwhite.com\/fr\/shop\/buy-pure-quality-al-lad-10-mg-powder-online\/\" \/>\n<meta property=\"og:site_name\" content=\"stonersmeds.com\" \/>\n<meta property=\"article:modified_time\" content=\"2023-04-10T01:44:59+00:00\" \/>\n<meta property=\"og:image\" content=\"https:\/\/trustwhite.com\/wp-content\/uploads\/2022\/03\/buy-pure-quality-al-lad-10-mg-powder-online.jpg\" \/>\n\t<meta property=\"og:image:width\" content=\"600\" \/>\n\t<meta property=\"og:image:height\" content=\"600\" \/>\n\t<meta property=\"og:image:type\" content=\"image\/jpeg\" \/>\n<meta name=\"twitter:card\" content=\"summary_large_image\" \/>\n<meta name=\"twitter:label1\" content=\"Dur\u00e9e de lecture estim\u00e9e\" \/>\n\t<meta name=\"twitter:data1\" content=\"2 minutes\" \/>\n<script type=\"application\/ld+json\" class=\"yoast-schema-graph\">{\"@context\":\"https:\/\/schema.org\",\"@graph\":[{\"@type\":\"WebPage\",\"@id\":\"https:\/\/trustwhite.com\/shop\/buy-pure-quality-al-lad-10-mg-powder-online\/\",\"url\":\"https:\/\/trustwhite.com\/shop\/buy-pure-quality-al-lad-10-mg-powder-online\/\",\"name\":\"Buy pure quality AL-LAD 10 mg powder online - Cheap price, Grade A++\",\"isPartOf\":{\"@id\":\"https:\/\/trustwhite.com\/el\/#website\"},\"primaryImageOfPage\":{\"@id\":\"https:\/\/trustwhite.com\/shop\/buy-pure-quality-al-lad-10-mg-powder-online\/#primaryimage\"},\"image\":{\"@id\":\"https:\/\/trustwhite.com\/shop\/buy-pure-quality-al-lad-10-mg-powder-online\/#primaryimage\"},\"thumbnailUrl\":\"https:\/\/trustwhite.com\/wp-content\/uploads\/2022\/03\/buy-pure-quality-al-lad-10-mg-powder-online.jpg\",\"datePublished\":\"2022-03-12T09:51:30+00:00\",\"dateModified\":\"2023-04-10T01:44:59+00:00\",\"description\":\"buy AL-LAD 10 mg powder Online at an affordable price at stonersmeds. All products are lab qualified and have premium quality.\",\"breadcrumb\":{\"@id\":\"https:\/\/trustwhite.com\/shop\/buy-pure-quality-al-lad-10-mg-powder-online\/#breadcrumb\"},\"inLanguage\":\"fr-FR\",\"potentialAction\":[{\"@type\":\"ReadAction\",\"target\":[\"https:\/\/trustwhite.com\/shop\/buy-pure-quality-al-lad-10-mg-powder-online\/\"]}]},{\"@type\":\"ImageObject\",\"inLanguage\":\"fr-FR\",\"@id\":\"https:\/\/trustwhite.com\/shop\/buy-pure-quality-al-lad-10-mg-powder-online\/#primaryimage\",\"url\":\"https:\/\/trustwhite.com\/wp-content\/uploads\/2022\/03\/buy-pure-quality-al-lad-10-mg-powder-online.jpg\",\"contentUrl\":\"https:\/\/trustwhite.com\/wp-content\/uploads\/2022\/03\/buy-pure-quality-al-lad-10-mg-powder-online.jpg\",\"width\":600,\"height\":600},{\"@type\":\"BreadcrumbList\",\"@id\":\"https:\/\/trustwhite.com\/shop\/buy-pure-quality-al-lad-10-mg-powder-online\/#breadcrumb\",\"itemListElement\":[{\"@type\":\"ListItem\",\"position\":1,\"name\":\"Home\",\"item\":\"https:\/\/trustwhite.com\/el\/\"},{\"@type\":\"ListItem\",\"position\":2,\"name\":\"Shop\",\"item\":\"https:\/\/trustwhite.com\/el\/shop\/\"},{\"@type\":\"ListItem\",\"position\":3,\"name\":\"Buy pure quality AL-LAD 10 mg powder online\"}]},{\"@type\":\"WebSite\",\"@id\":\"https:\/\/trustwhite.com\/el\/#website\",\"url\":\"https:\/\/trustwhite.com\/el\/\",\"name\":\"stonersmeds.com\",\"description\":\"verschreibungspflichtige Medizin kaufen\",\"potentialAction\":[{\"@type\":\"SearchAction\",\"target\":{\"@type\":\"EntryPoint\",\"urlTemplate\":\"https:\/\/trustwhite.com\/el\/?s={search_term_string}\"},\"query-input\":{\"@type\":\"PropertyValueSpecification\",\"valueRequired\":true,\"valueName\":\"search_term_string\"}}],\"inLanguage\":\"fr-FR\"}]}<\/script>\n<!-- \/ Yoast SEO plugin. -->","yoast_head_json":{"title":"Acheter de la poudre AL-LAD 10 mg de qualit\u00e9 pure en ligne - Prix pas cher, Grade A++","description":"acheter AL-LAD 10 mg en poudre en ligne \u00e0 un prix abordable chez stonersmeds. Tous les produits sont qualifi\u00e9s en laboratoire et ont une qualit\u00e9 sup\u00e9rieure.","robots":{"index":"index","follow":"follow","max-snippet":"max-snippet:-1","max-image-preview":"max-image-preview:large","max-video-preview":"max-video-preview:-1"},"canonical":"https:\/\/trustwhite.com\/fr\/shop\/buy-pure-quality-al-lad-10-mg-powder-online\/","og_locale":"fr_FR","og_type":"article","og_title":"Buy pure quality AL-LAD 10 mg powder online - Cheap price, Grade A++","og_description":"buy AL-LAD 10 mg powder Online at an affordable price at stonersmeds. All products are lab qualified and have premium quality.","og_url":"https:\/\/trustwhite.com\/fr\/shop\/buy-pure-quality-al-lad-10-mg-powder-online\/","og_site_name":"stonersmeds.com","article_modified_time":"2023-04-10T01:44:59+00:00","og_image":[{"width":600,"height":600,"url":"https:\/\/trustwhite.com\/wp-content\/uploads\/2022\/03\/buy-pure-quality-al-lad-10-mg-powder-online.jpg","type":"image\/jpeg"}],"twitter_card":"summary_large_image","twitter_misc":{"Dur\u00e9e de lecture estim\u00e9e":"2 minutes"},"schema":{"@context":"https:\/\/schema.org","@graph":[{"@type":"WebPage","@id":"https:\/\/trustwhite.com\/shop\/buy-pure-quality-al-lad-10-mg-powder-online\/","url":"https:\/\/trustwhite.com\/shop\/buy-pure-quality-al-lad-10-mg-powder-online\/","name":"Acheter de la poudre AL-LAD 10 mg de qualit\u00e9 pure en ligne - Prix pas cher, Grade A++","isPartOf":{"@id":"https:\/\/trustwhite.com\/el\/#website"},"primaryImageOfPage":{"@id":"https:\/\/trustwhite.com\/shop\/buy-pure-quality-al-lad-10-mg-powder-online\/#primaryimage"},"image":{"@id":"https:\/\/trustwhite.com\/shop\/buy-pure-quality-al-lad-10-mg-powder-online\/#primaryimage"},"thumbnailUrl":"https:\/\/trustwhite.com\/wp-content\/uploads\/2022\/03\/buy-pure-quality-al-lad-10-mg-powder-online.jpg","datePublished":"2022-03-12T09:51:30+00:00","dateModified":"2023-04-10T01:44:59+00:00","description":"acheter AL-LAD 10 mg en poudre en ligne \u00e0 un prix abordable chez stonersmeds. Tous les produits sont qualifi\u00e9s en laboratoire et ont une qualit\u00e9 sup\u00e9rieure.","breadcrumb":{"@id":"https:\/\/trustwhite.com\/shop\/buy-pure-quality-al-lad-10-mg-powder-online\/#breadcrumb"},"inLanguage":"fr-FR","potentialAction":[{"@type":"ReadAction","target":["https:\/\/trustwhite.com\/shop\/buy-pure-quality-al-lad-10-mg-powder-online\/"]}]},{"@type":"ImageObject","inLanguage":"fr-FR","@id":"https:\/\/trustwhite.com\/shop\/buy-pure-quality-al-lad-10-mg-powder-online\/#primaryimage","url":"https:\/\/trustwhite.com\/wp-content\/uploads\/2022\/03\/buy-pure-quality-al-lad-10-mg-powder-online.jpg","contentUrl":"https:\/\/trustwhite.com\/wp-content\/uploads\/2022\/03\/buy-pure-quality-al-lad-10-mg-powder-online.jpg","width":600,"height":600},{"@type":"BreadcrumbList","@id":"https:\/\/trustwhite.com\/shop\/buy-pure-quality-al-lad-10-mg-powder-online\/#breadcrumb","itemListElement":[{"@type":"ListItem","position":1,"name":"Home","item":"https:\/\/trustwhite.com\/el\/"},{"@type":"ListItem","position":2,"name":"Shop","item":"https:\/\/trustwhite.com\/el\/shop\/"},{"@type":"ListItem","position":3,"name":"Buy pure quality AL-LAD 10 mg powder online"}]},{"@type":"WebSite","@id":"https:\/\/trustwhite.com\/el\/#website","url":"https:\/\/trustwhite.com\/el\/","name":"stonersmeds.com","description":"m\u00e9dicaments \u00e0 usage unique en vente","potentialAction":[{"@type":"SearchAction","target":{"@type":"EntryPoint","urlTemplate":"https:\/\/trustwhite.com\/el\/?s={search_term_string}"},"query-input":{"@type":"PropertyValueSpecification","valueRequired":true,"valueName":"search_term_string"}}],"inLanguage":"fr-FR"}]}},"_links":{"self":[{"href":"https:\/\/trustwhite.com\/fr\/wp-json\/wp\/v2\/product\/10796","targetHints":{"allow":["GET"]}}],"collection":[{"href":"https:\/\/trustwhite.com\/fr\/wp-json\/wp\/v2\/product"}],"about":[{"href":"https:\/\/trustwhite.com\/fr\/wp-json\/wp\/v2\/types\/product"}],"version-history":[{"count":0,"href":"https:\/\/trustwhite.com\/fr\/wp-json\/wp\/v2\/product\/10796\/revisions"}],"wp:featuredmedia":[{"embeddable":true,"href":"https:\/\/trustwhite.com\/fr\/wp-json\/wp\/v2\/media\/10805"}],"wp:attachment":[{"href":"https:\/\/trustwhite.com\/fr\/wp-json\/wp\/v2\/media?parent=10796"}],"wp:term":[{"taxonomy":"product_brand","embeddable":true,"href":"https:\/\/trustwhite.com\/fr\/wp-json\/wp\/v2\/product_brand?post=10796"},{"taxonomy":"product_cat","embeddable":true,"href":"https:\/\/trustwhite.com\/fr\/wp-json\/wp\/v2\/product_cat?post=10796"},{"taxonomy":"product_tag","embeddable":true,"href":"https:\/\/trustwhite.com\/fr\/wp-json\/wp\/v2\/product_tag?post=10796"}],"curies":[{"name":"wp","href":"https:\/\/api.w.org\/{rel}","templated":true}]}}