{"id":10522,"date":"2022-03-12T08:09:43","date_gmt":"2022-03-12T08:09:43","guid":{"rendered":"https:\/\/stonersmeds.com\/?post_type=product&#038;p=10522"},"modified":"2022-12-29T21:13:28","modified_gmt":"2022-12-29T19:13:28","slug":"buy-jwh-210-chemical-powder-online","status":"publish","type":"product","link":"https:\/\/trustwhite.com\/fr\/shop\/buy-jwh-210-chemical-powder-online\/","title":{"rendered":"Acheter de la poudre chimique JWH-210 en ligne"},"content":{"rendered":"<h1>Acheter la poudre chimique JWH-210 en ligne.<\/h1>\n<p>Acheter JWH-210 Chemical Powder en ligne. JWH-210 (JWH-210 est \u00e9galement connu sous le nom de (4-\u00e9thylnaphtal\u00e8ne-1-yl-(1-pentylindol-3-yl)m\u00e9thanone). Agit comme un cannabino\u00efde puissant.<\/p>\n<p>Acheter le jwh-210 en ligne. Le JWH-210 est un analg\u00e9sique chimique de la famille des naphthoylindoles qui agit comme un puissant agoniste cannabino\u00efde au niveau des r\u00e9cepteurs CB1 et CB2, avec une valeur Ki de 0,46 nM pour CB1 et de 0,69 nM pour CB2. Il s'agit de l'un des plus puissants d\u00e9riv\u00e9s napht\u00e9niques 4-substitu\u00e9s de la s\u00e9rie des napht\u00e9niques, avec une affinit\u00e9 de liaison plus \u00e9lev\u00e9e (c'est-\u00e0-dire un Ki plus faible) pour CB1 que ses homologues 4-m\u00e9thyl et 4-n-propyl JWH-122 (CB1 Ki 0,69 nM ). et JWH-182 (CB1 Ki 0,65 nM) ou le compos\u00e9 4-m\u00e9thoxy JWH-081 (CB1 Ki 1,2 nM) [2] Cr\u00e9\u00e9 et nomm\u00e9 d'apr\u00e8s John W. Huffman.<\/p>\n<p>&nbsp;<\/p>\n<p>&nbsp;<\/p>\n<pre><strong>Acheter JWH-210 Chemical Powder en ligne - acheter de la poudre, acheter JWH-210 Chemical Powder, acheter de la poudre en ligne, o\u00f9 acheter JWH-210 Chemical Powder, JWH-210 Chemical Powder \u00e0 vendre, poudre \u00e0 vendre, acheter JWH-210 Chemical en ligne, o\u00f9 acheter JWH-210 Chemical Powder en ligne , JWH-210 Chemical Powder for sale in usa , USA, canada,uk, buy, online, suppliers, safe delivery, You can still get JWH-210 Chemical Powder , Is JWH-210 Chemical Powder legal in usa, buy JWH-210 Chemical Powder online usa, how to order JWH-210 Chemical Powder , Is JWH-210 Chemical Powder legal in Canada<\/strong><\/pre>","protected":false},"excerpt":{"rendered":"<p>Acheter JWH-210 Chemical Powder en ligne. JWH-210 Chemical Powder est un analg\u00e9sique chimique de la famille des naphtoylindoles.<\/p>\n<pre><strong>Acheter JWH-210 Chemical Powder en ligne - acheter de la poudre, acheter JWH-210 Chemical Powder, acheter de la poudre en ligne, o\u00f9 acheter JWH-210 Chemical Powder, JWH-210 Chemical Powder \u00e0 vendre, poudre \u00e0 vendre, acheter JWH-210 Chemical en ligne, o\u00f9 acheter JWH-210 Chemical Powder en ligne , JWH-210 Chemical Powder for sale in usa , USA, canada,uk, buy, online, suppliers, safe delivery, You can still get JWH-210 Chemical Powder , Is JWH-210 Chemical Powder legal in usa, buy JWH-210 Chemical Powder online usa, how to order JWH-210 Chemical Powder , Is JWH-210 Chemical Powder legal in Canada<\/strong><\/pre>","protected":false},"featured_media":10539,"template":"","meta":[],"product_brand":[],"product_cat":[79],"product_tag":[572,577,540,578,579,576,571,574,543,569,570,573,575],"class_list":{"0":"post-10522","1":"product","2":"type-product","3":"status-publish","4":"has-post-thumbnail","6":"product_cat-research-chemicals-and-bath-salt","7":"product_tag-buy-jwh-210-chemical-online","8":"product_tag-buy-jwh-210-chemical-powder-online-usa","9":"product_tag-buy-powder-online","10":"product_tag-how-to-order-jwh-210-chemical-powder","11":"product_tag-is-jwh-210-chemical-powder-legal-in-canada","12":"product_tag-is-jwh-210-chemical-powder-legal-in-usa","13":"product_tag-jwh-210-chemical-powder-for-sale","14":"product_tag-jwh-210-chemical-powder-for-sale-in-usa","15":"product_tag-powder-for-sale","16":"product_tag-uy-jwh-210-chemical-powder","17":"product_tag-where-to-buy-jwh-210-chemical-powder","18":"product_tag-where-to-buy-jwh-210-chemical-powder-online","19":"product_tag-you-can-still-get-jwh-210-chemical-powder","21":"first","22":"instock","23":"shipping-taxable","24":"purchasable","25":"product-type-variable"},"tiered_pricing_type":"fixed","tiered_pricing_fixed_rules":[],"tiered_pricing_percentage_rules":[],"tiered_pricing_minimum":1,"_administrator_tiered_pricing_type":"fixed","_administrator_tiered_pricing_fixed_rules":[],"_editor_tiered_pricing_type":"fixed","_editor_tiered_pricing_fixed_rules":[],"_author_tiered_pricing_type":"fixed","_author_tiered_pricing_fixed_rules":[],"_contributor_tiered_pricing_type":"fixed","_contributor_tiered_pricing_fixed_rules":[],"_subscriber_tiered_pricing_type":"fixed","_subscriber_tiered_pricing_fixed_rules":[],"_customer_tiered_pricing_type":"fixed","_customer_tiered_pricing_fixed_rules":[],"_shop_manager_tiered_pricing_type":"fixed","_shop_manager_tiered_pricing_fixed_rules":[],"_wpseo_manager_tiered_pricing_type":"fixed","_wpseo_manager_tiered_pricing_fixed_rules":[],"_wpseo_editor_tiered_pricing_type":"fixed","_wpseo_editor_tiered_pricing_fixed_rules":[],"yoast_head":"<!-- This site is optimized with the Yoast SEO plugin v26.8 - https:\/\/yoast.com\/product\/yoast-seo-wordpress\/ -->\n<title>Buy JWH-210 Chemical Powder Online - Cheap price, Grade A++<\/title>\n<meta name=\"description\" content=\"Buy JWH-210 Chemical Online at an affordable price at stonersmeds. All products are lab qualified and have premium quality.\" \/>\n<meta name=\"robots\" content=\"index, follow, max-snippet:-1, max-image-preview:large, max-video-preview:-1\" \/>\n<link rel=\"canonical\" href=\"https:\/\/trustwhite.com\/fr\/shop\/buy-jwh-210-chemical-powder-online\/\" \/>\n<meta property=\"og:locale\" content=\"fr_FR\" \/>\n<meta property=\"og:type\" content=\"article\" \/>\n<meta property=\"og:title\" content=\"Buy JWH-210 Chemical Powder Online - Cheap price, Grade A++\" \/>\n<meta property=\"og:description\" content=\"Buy JWH-210 Chemical Online at an affordable price at stonersmeds. All products are lab qualified and have premium quality.\" \/>\n<meta property=\"og:url\" content=\"https:\/\/trustwhite.com\/fr\/shop\/buy-jwh-210-chemical-powder-online\/\" \/>\n<meta property=\"og:site_name\" content=\"stonersmeds.com\" \/>\n<meta property=\"article:modified_time\" content=\"2022-12-29T19:13:28+00:00\" \/>\n<meta property=\"og:image\" content=\"https:\/\/trustwhite.com\/wp-content\/uploads\/2022\/03\/Buy-JWH-210-Chemical-Powder-Online.jpg\" \/>\n\t<meta property=\"og:image:width\" content=\"600\" \/>\n\t<meta property=\"og:image:height\" content=\"600\" \/>\n\t<meta property=\"og:image:type\" content=\"image\/jpeg\" \/>\n<meta name=\"twitter:card\" content=\"summary_large_image\" \/>\n<meta name=\"twitter:label1\" content=\"Dur\u00e9e de lecture estim\u00e9e\" \/>\n\t<meta name=\"twitter:data1\" content=\"1 minute\" \/>\n<script type=\"application\/ld+json\" class=\"yoast-schema-graph\">{\"@context\":\"https:\/\/schema.org\",\"@graph\":[{\"@type\":\"WebPage\",\"@id\":\"https:\/\/trustwhite.com\/shop\/buy-jwh-210-chemical-powder-online\/\",\"url\":\"https:\/\/trustwhite.com\/shop\/buy-jwh-210-chemical-powder-online\/\",\"name\":\"Buy JWH-210 Chemical Powder Online - Cheap price, Grade A++\",\"isPartOf\":{\"@id\":\"https:\/\/trustwhite.com\/el\/#website\"},\"primaryImageOfPage\":{\"@id\":\"https:\/\/trustwhite.com\/shop\/buy-jwh-210-chemical-powder-online\/#primaryimage\"},\"image\":{\"@id\":\"https:\/\/trustwhite.com\/shop\/buy-jwh-210-chemical-powder-online\/#primaryimage\"},\"thumbnailUrl\":\"https:\/\/trustwhite.com\/wp-content\/uploads\/2022\/03\/Buy-JWH-210-Chemical-Powder-Online.jpg\",\"datePublished\":\"2022-03-12T08:09:43+00:00\",\"dateModified\":\"2022-12-29T19:13:28+00:00\",\"description\":\"Buy JWH-210 Chemical Online at an affordable price at stonersmeds. All products are lab qualified and have premium quality.\",\"breadcrumb\":{\"@id\":\"https:\/\/trustwhite.com\/shop\/buy-jwh-210-chemical-powder-online\/#breadcrumb\"},\"inLanguage\":\"fr-FR\",\"potentialAction\":[{\"@type\":\"ReadAction\",\"target\":[\"https:\/\/trustwhite.com\/shop\/buy-jwh-210-chemical-powder-online\/\"]}]},{\"@type\":\"ImageObject\",\"inLanguage\":\"fr-FR\",\"@id\":\"https:\/\/trustwhite.com\/shop\/buy-jwh-210-chemical-powder-online\/#primaryimage\",\"url\":\"https:\/\/trustwhite.com\/wp-content\/uploads\/2022\/03\/Buy-JWH-210-Chemical-Powder-Online.jpg\",\"contentUrl\":\"https:\/\/trustwhite.com\/wp-content\/uploads\/2022\/03\/Buy-JWH-210-Chemical-Powder-Online.jpg\",\"width\":600,\"height\":600},{\"@type\":\"BreadcrumbList\",\"@id\":\"https:\/\/trustwhite.com\/shop\/buy-jwh-210-chemical-powder-online\/#breadcrumb\",\"itemListElement\":[{\"@type\":\"ListItem\",\"position\":1,\"name\":\"Home\",\"item\":\"https:\/\/trustwhite.com\/el\/\"},{\"@type\":\"ListItem\",\"position\":2,\"name\":\"Shop\",\"item\":\"https:\/\/trustwhite.com\/el\/shop\/\"},{\"@type\":\"ListItem\",\"position\":3,\"name\":\"Buy JWH-210 Chemical Powder Online\"}]},{\"@type\":\"WebSite\",\"@id\":\"https:\/\/trustwhite.com\/el\/#website\",\"url\":\"https:\/\/trustwhite.com\/el\/\",\"name\":\"stonersmeds.com\",\"description\":\"verschreibungspflichtige Medizin kaufen\",\"potentialAction\":[{\"@type\":\"SearchAction\",\"target\":{\"@type\":\"EntryPoint\",\"urlTemplate\":\"https:\/\/trustwhite.com\/el\/?s={search_term_string}\"},\"query-input\":{\"@type\":\"PropertyValueSpecification\",\"valueRequired\":true,\"valueName\":\"search_term_string\"}}],\"inLanguage\":\"fr-FR\"}]}<\/script>\n<!-- \/ Yoast SEO plugin. -->","yoast_head_json":{"title":"Acheter JWH-210 Chemical Powder Online - Cheap price, Grade A++ (en anglais)","description":"Achetez JWH-210 Chemical en ligne \u00e0 un prix abordable chez stonersmeds. Tous les produits sont qualifi\u00e9s en laboratoire et ont une qualit\u00e9 sup\u00e9rieure.","robots":{"index":"index","follow":"follow","max-snippet":"max-snippet:-1","max-image-preview":"max-image-preview:large","max-video-preview":"max-video-preview:-1"},"canonical":"https:\/\/trustwhite.com\/fr\/shop\/buy-jwh-210-chemical-powder-online\/","og_locale":"fr_FR","og_type":"article","og_title":"Buy JWH-210 Chemical Powder Online - Cheap price, Grade A++","og_description":"Buy JWH-210 Chemical Online at an affordable price at stonersmeds. All products are lab qualified and have premium quality.","og_url":"https:\/\/trustwhite.com\/fr\/shop\/buy-jwh-210-chemical-powder-online\/","og_site_name":"stonersmeds.com","article_modified_time":"2022-12-29T19:13:28+00:00","og_image":[{"width":600,"height":600,"url":"https:\/\/trustwhite.com\/wp-content\/uploads\/2022\/03\/Buy-JWH-210-Chemical-Powder-Online.jpg","type":"image\/jpeg"}],"twitter_card":"summary_large_image","twitter_misc":{"Dur\u00e9e de lecture estim\u00e9e":"1 minute"},"schema":{"@context":"https:\/\/schema.org","@graph":[{"@type":"WebPage","@id":"https:\/\/trustwhite.com\/shop\/buy-jwh-210-chemical-powder-online\/","url":"https:\/\/trustwhite.com\/shop\/buy-jwh-210-chemical-powder-online\/","name":"Acheter JWH-210 Chemical Powder Online - Cheap price, Grade A++ (en anglais)","isPartOf":{"@id":"https:\/\/trustwhite.com\/el\/#website"},"primaryImageOfPage":{"@id":"https:\/\/trustwhite.com\/shop\/buy-jwh-210-chemical-powder-online\/#primaryimage"},"image":{"@id":"https:\/\/trustwhite.com\/shop\/buy-jwh-210-chemical-powder-online\/#primaryimage"},"thumbnailUrl":"https:\/\/trustwhite.com\/wp-content\/uploads\/2022\/03\/Buy-JWH-210-Chemical-Powder-Online.jpg","datePublished":"2022-03-12T08:09:43+00:00","dateModified":"2022-12-29T19:13:28+00:00","description":"Achetez JWH-210 Chemical en ligne \u00e0 un prix abordable chez stonersmeds. Tous les produits sont qualifi\u00e9s en laboratoire et ont une qualit\u00e9 sup\u00e9rieure.","breadcrumb":{"@id":"https:\/\/trustwhite.com\/shop\/buy-jwh-210-chemical-powder-online\/#breadcrumb"},"inLanguage":"fr-FR","potentialAction":[{"@type":"ReadAction","target":["https:\/\/trustwhite.com\/shop\/buy-jwh-210-chemical-powder-online\/"]}]},{"@type":"ImageObject","inLanguage":"fr-FR","@id":"https:\/\/trustwhite.com\/shop\/buy-jwh-210-chemical-powder-online\/#primaryimage","url":"https:\/\/trustwhite.com\/wp-content\/uploads\/2022\/03\/Buy-JWH-210-Chemical-Powder-Online.jpg","contentUrl":"https:\/\/trustwhite.com\/wp-content\/uploads\/2022\/03\/Buy-JWH-210-Chemical-Powder-Online.jpg","width":600,"height":600},{"@type":"BreadcrumbList","@id":"https:\/\/trustwhite.com\/shop\/buy-jwh-210-chemical-powder-online\/#breadcrumb","itemListElement":[{"@type":"ListItem","position":1,"name":"Home","item":"https:\/\/trustwhite.com\/el\/"},{"@type":"ListItem","position":2,"name":"Shop","item":"https:\/\/trustwhite.com\/el\/shop\/"},{"@type":"ListItem","position":3,"name":"Buy JWH-210 Chemical Powder Online"}]},{"@type":"WebSite","@id":"https:\/\/trustwhite.com\/el\/#website","url":"https:\/\/trustwhite.com\/el\/","name":"stonersmeds.com","description":"m\u00e9dicaments \u00e0 usage unique en vente","potentialAction":[{"@type":"SearchAction","target":{"@type":"EntryPoint","urlTemplate":"https:\/\/trustwhite.com\/el\/?s={search_term_string}"},"query-input":{"@type":"PropertyValueSpecification","valueRequired":true,"valueName":"search_term_string"}}],"inLanguage":"fr-FR"}]}},"_links":{"self":[{"href":"https:\/\/trustwhite.com\/fr\/wp-json\/wp\/v2\/product\/10522","targetHints":{"allow":["GET"]}}],"collection":[{"href":"https:\/\/trustwhite.com\/fr\/wp-json\/wp\/v2\/product"}],"about":[{"href":"https:\/\/trustwhite.com\/fr\/wp-json\/wp\/v2\/types\/product"}],"version-history":[{"count":0,"href":"https:\/\/trustwhite.com\/fr\/wp-json\/wp\/v2\/product\/10522\/revisions"}],"wp:featuredmedia":[{"embeddable":true,"href":"https:\/\/trustwhite.com\/fr\/wp-json\/wp\/v2\/media\/10539"}],"wp:attachment":[{"href":"https:\/\/trustwhite.com\/fr\/wp-json\/wp\/v2\/media?parent=10522"}],"wp:term":[{"taxonomy":"product_brand","embeddable":true,"href":"https:\/\/trustwhite.com\/fr\/wp-json\/wp\/v2\/product_brand?post=10522"},{"taxonomy":"product_cat","embeddable":true,"href":"https:\/\/trustwhite.com\/fr\/wp-json\/wp\/v2\/product_cat?post=10522"},{"taxonomy":"product_tag","embeddable":true,"href":"https:\/\/trustwhite.com\/fr\/wp-json\/wp\/v2\/product_tag?post=10522"}],"curies":[{"name":"wp","href":"https:\/\/api.w.org\/{rel}","templated":true}]}}