{"id":10477,"date":"2022-03-12T07:50:19","date_gmt":"2022-03-12T07:50:19","guid":{"rendered":"https:\/\/stonersmeds.com\/?post_type=product&#038;p=10477"},"modified":"2022-12-29T21:12:57","modified_gmt":"2022-12-29T19:12:57","slug":"buy-hdep-28-novel-ethylnaphthidate-1-oz","status":"publish","type":"product","link":"https:\/\/trustwhite.com\/fr\/shop\/buy-hdep-28-novel-ethylnaphthidate-1-oz\/","title":{"rendered":"Acheter hdep-28 Novel Ethylnaphthidate 1 oz"},"content":{"rendered":"<h1>Acheter hdep-28 Novel Ethylnaphthidate 1 oz.<\/h1>\n<p>Il s'agit d'un \u00e9nergisant entactog\u00e8ne, souvent propos\u00e9 sous le nom de 3,4-m\u00e9thyl\u00e8nedioxy-N-\u00e9thylcathinone. L'\u00e9thylone porte le nom de 1-(1,3-Benzodioxol-5-yl)- 2-(\u00e9thylamino)- 1-propanone. La formule sous-nucl\u00e9aire est C12H15NO3 avec une masse ordinaire de 221,251999 Da et une masse monoisotopique de 221,104996 Da. Acheter de l'\u00e9thyl\u00e8ne en Chine. Pierre de valeur \u00e9thylone accessible \u00e0 l'achat. Acheter des pierres pr\u00e9cieuses d'\u00e9thyl\u00e8ne. Fournisseur d'\u00e9thylone. Acheter Ethylone \u00e0 prix r\u00e9duit. rabais Ethylone<\/p>\n<p>L'\u00e9valuation de l'\u00e9thylone a \u00e9t\u00e9 coordonn\u00e9e par ACD\/Labs et ChemAxon. Les propri\u00e9t\u00e9s pr\u00e9vues par ACD\/Labs \u00e9taient les suivantes : 4 accepteurs de titres #H, 4 titres #ransfert libre, une r\u00e9fraction de 1,54 avec un facteur de pression superficielle de 44,3470001220703 dyne\/cm, une motivation d'\u00e9clatement de 172,845 \u00b0C et une restriction de 362,188 \u00b0C \u00e0 760 mmHg.<\/p>\n<p>Cette chose est normale pour les applications logiques et de recherche.<\/p>\n<p>Cet objet a \u00e9t\u00e9 cr\u00e9\u00e9 et tent\u00e9 de r\u00e9pondre aux normes ISO17025:2005 et Guide 34:2009.<\/p>\n<p>Nous sommes la meilleure association et nous entretenons des relations rapides avec divers fabricants et fournisseurs dans le monde entier. Nous offrons simplement \u00e0 nos clients des produits de qualit\u00e9 sup\u00e9rieure ! Quelque chose de fondamentalement identique \u00e0 ce que nous attendons g\u00e9n\u00e9ralement lorsque nous achetons des articles.<\/p>\n<p>C'est pourquoi nous pouvons obtenir des produits de la meilleure qualit\u00e9 possible aux prix les plus bas, et vous faire b\u00e9n\u00e9ficier de cette qualit\u00e9 au meilleur prix !<\/p>\n<p>Tout ce que nous vendons est de premi\u00e8re qualit\u00e9, nous demandons \u00e0 tous les clients de GC\/MS leurs choses pour la pr\u00e9cision et la l\u00e9gitimit\u00e9. Nous effectuons nos propres tests sur chaque envoi pour garantir la qualit\u00e9 des pi\u00e8ces restantes \u00e0 100%, nous nous soucions de nos clients et qu'ils obtiennent d\u00e9finitivement ce qui est avanc\u00e9 avec leur achat.<\/p>\n<p>Notre capot d'entreprise enthousiaste d\u00e9pend de notre capacit\u00e9 \u00e0 r\u00e9pondre pleinement \u00e0 votre sollicitation, quoi qu'il arrive, et ce de mani\u00e8re utile. Nous ne laissons jamais aucune question en suspens, et nous essayons de vous donner les meilleures prescriptions et les feux d'artifice les plus d\u00e9licats aux meilleurs prix, avec le moyen de transport le plus discret possible ! Si ce n'est pas si difficile que cela, ayez des certitudes et faites votre demande avec conviction !<\/p>\n<p>Nous nous sommes montr\u00e9s extr\u00eamement forts et, \u00e0 tout moment, lorsque vous nous ouvrirez la porte, nous deviendrons une entreprise notable \u00e0 laquelle vous pourrez faire confiance et avec laquelle vous pourrez faire des affaires en toute s\u00e9curit\u00e9 tant que nous serons proches de vous. Nous ne vous laisserons pas tomber.<\/p>\n<p>Nous donnons les num\u00e9ros d'accompagnement une fois le groupe envoy\u00e9 afin que vous puissiez suivre la progression de votre paquet.<\/p>\n<p>&nbsp;<\/p>\n<p>&nbsp;<\/p>\n<pre><strong>Acheter hdep-28 Novel Ethylnaphthidate 1 oz en ligne - buy hdep-28 Novel , buy hdep-28 Novel Ethylnaphthidate 1 oz , buy hdep-28 Novel online, Where to Buy hdep-28 Novel Ethylnaphthidate 1 oz , hdep-28 Novel Ethylnaphthidate 1 oz \u00e0 vendre, hdep-28 Novel \u00e0 vendre, acheter Ethylnaphthidate 1 oz en ligne, o\u00f9 acheter hdep-28 Novel Ethylnaphthidate 1 oz en ligne , hdep-28 Novel Ethylnaphthidate 1 oz \u00e0 vendre en usa , USA, canada,uk, acheter, en ligne, fournisseurs, livraison s\u00fbre, Vous pouvez toujours obtenir hdep-28 Novel Ethylnaphthidate 1 oz , Is hdep-28 Novel Ethylnaphthidate 1 oz legal in usa, buy hdep-28 Novel Ethylnaphthidate 1 oz online usa, how to order hdep-28 Novel Ethylnaphthidate 1 oz , Is hdep-28 Novel Ethylnaphthidate 1 oz legal in Canada<\/strong><\/pre>","protected":false},"excerpt":{"rendered":"<p>&nbsp;<\/p>\n<p>Acheter hdep-28 Novel Ethylnaphthidate 1 oz. IUPAC : ac\u00e9tate d'\u00e9thyle 2-(naphthalen-2-yl)-2-(piperidin-2-yl).<\/p>\n<pre><\/pre>","protected":false},"featured_media":10496,"template":"","meta":[],"product_brand":[],"product_cat":[79],"product_tag":[637,631,632,642,633,635,639,636,643,644,641,634,638,640],"class_list":{"0":"post-10477","1":"product","2":"type-product","3":"status-publish","4":"has-post-thumbnail","6":"product_cat-research-chemicals-and-bath-salt","7":"product_tag-buy-ethylnaphthidate-1-oz-online","8":"product_tag-buy-hdep-28-novel","9":"product_tag-buy-hdep-28-novel-ethylnaphthidate-1-oz","10":"product_tag-buy-hdep-28-novel-ethylnaphthidate-1-oz-online-usa","11":"product_tag-buy-hdep-28-novel-online","12":"product_tag-hdep-28-novel-ethylnaphthidate-1-oz-for-sale","13":"product_tag-hdep-28-novel-ethylnaphthidate-1-oz-for-sale-in-usa","14":"product_tag-hdep-28-novel-for-sale","15":"product_tag-how-to-order-hdep-28-novel-ethylnaphthidate-1-oz","16":"product_tag-is-hdep-28-novel-ethylnaphthidate-1-oz-legal-in-canada","17":"product_tag-is-hdep-28-novel-ethylnaphthidate-1-oz-legal-in-usa","18":"product_tag-where-to-buy-hdep-28-novel-ethylnaphthidate-1-oz","19":"product_tag-where-to-buy-hdep-28-novel-ethylnaphthidate-1-oz-online","20":"product_tag-you-can-still-get-hdep-28-novel-ethylnaphthidate-1-oz","22":"first","23":"instock","24":"shipping-taxable","25":"purchasable","26":"product-type-variable"},"tiered_pricing_type":"fixed","tiered_pricing_fixed_rules":[],"tiered_pricing_percentage_rules":[],"tiered_pricing_minimum":1,"_administrator_tiered_pricing_type":"fixed","_administrator_tiered_pricing_fixed_rules":[],"_editor_tiered_pricing_type":"fixed","_editor_tiered_pricing_fixed_rules":[],"_author_tiered_pricing_type":"fixed","_author_tiered_pricing_fixed_rules":[],"_contributor_tiered_pricing_type":"fixed","_contributor_tiered_pricing_fixed_rules":[],"_subscriber_tiered_pricing_type":"fixed","_subscriber_tiered_pricing_fixed_rules":[],"_customer_tiered_pricing_type":"fixed","_customer_tiered_pricing_fixed_rules":[],"_shop_manager_tiered_pricing_type":"fixed","_shop_manager_tiered_pricing_fixed_rules":[],"_wpseo_manager_tiered_pricing_type":"fixed","_wpseo_manager_tiered_pricing_fixed_rules":[],"_wpseo_editor_tiered_pricing_type":"fixed","_wpseo_editor_tiered_pricing_fixed_rules":[],"yoast_head":"<!-- This site is optimized with the Yoast SEO plugin v26.8 - https:\/\/yoast.com\/product\/yoast-seo-wordpress\/ -->\n<title>Buy hdep-28 Novel Ethylnaphthidate 1 oz - Cheap price, Grade A++<\/title>\n<meta name=\"description\" content=\"Buy hdep-28 Novel Ethylnaphthidate Online at an affordable price at stonersmeds. All products are lab qualified and have premium quality.\" \/>\n<meta name=\"robots\" content=\"index, follow, max-snippet:-1, max-image-preview:large, max-video-preview:-1\" \/>\n<link rel=\"canonical\" href=\"https:\/\/trustwhite.com\/fr\/shop\/buy-hdep-28-novel-ethylnaphthidate-1-oz\/\" \/>\n<meta property=\"og:locale\" content=\"fr_FR\" \/>\n<meta property=\"og:type\" content=\"article\" \/>\n<meta property=\"og:title\" content=\"Buy hdep-28 Novel Ethylnaphthidate 1 oz - Cheap price, Grade A++\" \/>\n<meta property=\"og:description\" content=\"Buy hdep-28 Novel Ethylnaphthidate Online at an affordable price at stonersmeds. All products are lab qualified and have premium quality.\" \/>\n<meta property=\"og:url\" content=\"https:\/\/trustwhite.com\/fr\/shop\/buy-hdep-28-novel-ethylnaphthidate-1-oz\/\" \/>\n<meta property=\"og:site_name\" content=\"stonersmeds.com\" \/>\n<meta property=\"article:modified_time\" content=\"2022-12-29T19:12:57+00:00\" \/>\n<meta property=\"og:image\" content=\"https:\/\/trustwhite.com\/wp-content\/uploads\/2022\/03\/buy-hdep-28-novel-ethylnaphthidate-1-oz.jpg\" \/>\n\t<meta property=\"og:image:width\" content=\"600\" \/>\n\t<meta property=\"og:image:height\" content=\"600\" \/>\n\t<meta property=\"og:image:type\" content=\"image\/jpeg\" \/>\n<meta name=\"twitter:card\" content=\"summary_large_image\" \/>\n<meta name=\"twitter:label1\" content=\"Dur\u00e9e de lecture estim\u00e9e\" \/>\n\t<meta name=\"twitter:data1\" content=\"3 minutes\" \/>\n<script type=\"application\/ld+json\" class=\"yoast-schema-graph\">{\"@context\":\"https:\/\/schema.org\",\"@graph\":[{\"@type\":\"WebPage\",\"@id\":\"https:\/\/trustwhite.com\/shop\/buy-hdep-28-novel-ethylnaphthidate-1-oz\/\",\"url\":\"https:\/\/trustwhite.com\/shop\/buy-hdep-28-novel-ethylnaphthidate-1-oz\/\",\"name\":\"Buy hdep-28 Novel Ethylnaphthidate 1 oz - Cheap price, Grade A++\",\"isPartOf\":{\"@id\":\"https:\/\/trustwhite.com\/el\/#website\"},\"primaryImageOfPage\":{\"@id\":\"https:\/\/trustwhite.com\/shop\/buy-hdep-28-novel-ethylnaphthidate-1-oz\/#primaryimage\"},\"image\":{\"@id\":\"https:\/\/trustwhite.com\/shop\/buy-hdep-28-novel-ethylnaphthidate-1-oz\/#primaryimage\"},\"thumbnailUrl\":\"https:\/\/trustwhite.com\/wp-content\/uploads\/2022\/03\/buy-hdep-28-novel-ethylnaphthidate-1-oz.jpg\",\"datePublished\":\"2022-03-12T07:50:19+00:00\",\"dateModified\":\"2022-12-29T19:12:57+00:00\",\"description\":\"Buy hdep-28 Novel Ethylnaphthidate Online at an affordable price at stonersmeds. All products are lab qualified and have premium quality.\",\"breadcrumb\":{\"@id\":\"https:\/\/trustwhite.com\/shop\/buy-hdep-28-novel-ethylnaphthidate-1-oz\/#breadcrumb\"},\"inLanguage\":\"fr-FR\",\"potentialAction\":[{\"@type\":\"ReadAction\",\"target\":[\"https:\/\/trustwhite.com\/shop\/buy-hdep-28-novel-ethylnaphthidate-1-oz\/\"]}]},{\"@type\":\"ImageObject\",\"inLanguage\":\"fr-FR\",\"@id\":\"https:\/\/trustwhite.com\/shop\/buy-hdep-28-novel-ethylnaphthidate-1-oz\/#primaryimage\",\"url\":\"https:\/\/trustwhite.com\/wp-content\/uploads\/2022\/03\/buy-hdep-28-novel-ethylnaphthidate-1-oz.jpg\",\"contentUrl\":\"https:\/\/trustwhite.com\/wp-content\/uploads\/2022\/03\/buy-hdep-28-novel-ethylnaphthidate-1-oz.jpg\",\"width\":600,\"height\":600},{\"@type\":\"BreadcrumbList\",\"@id\":\"https:\/\/trustwhite.com\/shop\/buy-hdep-28-novel-ethylnaphthidate-1-oz\/#breadcrumb\",\"itemListElement\":[{\"@type\":\"ListItem\",\"position\":1,\"name\":\"Home\",\"item\":\"https:\/\/trustwhite.com\/el\/\"},{\"@type\":\"ListItem\",\"position\":2,\"name\":\"Shop\",\"item\":\"https:\/\/trustwhite.com\/el\/shop\/\"},{\"@type\":\"ListItem\",\"position\":3,\"name\":\"Buy hdep-28 Novel Ethylnaphthidate 1 oz\"}]},{\"@type\":\"WebSite\",\"@id\":\"https:\/\/trustwhite.com\/el\/#website\",\"url\":\"https:\/\/trustwhite.com\/el\/\",\"name\":\"stonersmeds.com\",\"description\":\"verschreibungspflichtige Medizin kaufen\",\"potentialAction\":[{\"@type\":\"SearchAction\",\"target\":{\"@type\":\"EntryPoint\",\"urlTemplate\":\"https:\/\/trustwhite.com\/el\/?s={search_term_string}\"},\"query-input\":{\"@type\":\"PropertyValueSpecification\",\"valueRequired\":true,\"valueName\":\"search_term_string\"}}],\"inLanguage\":\"fr-FR\"}]}<\/script>\n<!-- \/ Yoast SEO plugin. -->","yoast_head_json":{"title":"Acheter hdep-28 Novel Ethylnaphthidate 1 oz - Prix bas, Grade A++.","description":"Achetez hdep-28 Novel Ethylnaphthidate en ligne \u00e0 un prix abordable chez stonersmeds. Tous les produits sont qualifi\u00e9s en laboratoire et sont de premi\u00e8re qualit\u00e9.","robots":{"index":"index","follow":"follow","max-snippet":"max-snippet:-1","max-image-preview":"max-image-preview:large","max-video-preview":"max-video-preview:-1"},"canonical":"https:\/\/trustwhite.com\/fr\/shop\/buy-hdep-28-novel-ethylnaphthidate-1-oz\/","og_locale":"fr_FR","og_type":"article","og_title":"Buy hdep-28 Novel Ethylnaphthidate 1 oz - Cheap price, Grade A++","og_description":"Buy hdep-28 Novel Ethylnaphthidate Online at an affordable price at stonersmeds. All products are lab qualified and have premium quality.","og_url":"https:\/\/trustwhite.com\/fr\/shop\/buy-hdep-28-novel-ethylnaphthidate-1-oz\/","og_site_name":"stonersmeds.com","article_modified_time":"2022-12-29T19:12:57+00:00","og_image":[{"width":600,"height":600,"url":"https:\/\/trustwhite.com\/wp-content\/uploads\/2022\/03\/buy-hdep-28-novel-ethylnaphthidate-1-oz.jpg","type":"image\/jpeg"}],"twitter_card":"summary_large_image","twitter_misc":{"Dur\u00e9e de lecture estim\u00e9e":"3 minutes"},"schema":{"@context":"https:\/\/schema.org","@graph":[{"@type":"WebPage","@id":"https:\/\/trustwhite.com\/shop\/buy-hdep-28-novel-ethylnaphthidate-1-oz\/","url":"https:\/\/trustwhite.com\/shop\/buy-hdep-28-novel-ethylnaphthidate-1-oz\/","name":"Acheter hdep-28 Novel Ethylnaphthidate 1 oz - Prix bas, Grade A++.","isPartOf":{"@id":"https:\/\/trustwhite.com\/el\/#website"},"primaryImageOfPage":{"@id":"https:\/\/trustwhite.com\/shop\/buy-hdep-28-novel-ethylnaphthidate-1-oz\/#primaryimage"},"image":{"@id":"https:\/\/trustwhite.com\/shop\/buy-hdep-28-novel-ethylnaphthidate-1-oz\/#primaryimage"},"thumbnailUrl":"https:\/\/trustwhite.com\/wp-content\/uploads\/2022\/03\/buy-hdep-28-novel-ethylnaphthidate-1-oz.jpg","datePublished":"2022-03-12T07:50:19+00:00","dateModified":"2022-12-29T19:12:57+00:00","description":"Achetez hdep-28 Novel Ethylnaphthidate en ligne \u00e0 un prix abordable chez stonersmeds. Tous les produits sont qualifi\u00e9s en laboratoire et sont de premi\u00e8re qualit\u00e9.","breadcrumb":{"@id":"https:\/\/trustwhite.com\/shop\/buy-hdep-28-novel-ethylnaphthidate-1-oz\/#breadcrumb"},"inLanguage":"fr-FR","potentialAction":[{"@type":"ReadAction","target":["https:\/\/trustwhite.com\/shop\/buy-hdep-28-novel-ethylnaphthidate-1-oz\/"]}]},{"@type":"ImageObject","inLanguage":"fr-FR","@id":"https:\/\/trustwhite.com\/shop\/buy-hdep-28-novel-ethylnaphthidate-1-oz\/#primaryimage","url":"https:\/\/trustwhite.com\/wp-content\/uploads\/2022\/03\/buy-hdep-28-novel-ethylnaphthidate-1-oz.jpg","contentUrl":"https:\/\/trustwhite.com\/wp-content\/uploads\/2022\/03\/buy-hdep-28-novel-ethylnaphthidate-1-oz.jpg","width":600,"height":600},{"@type":"BreadcrumbList","@id":"https:\/\/trustwhite.com\/shop\/buy-hdep-28-novel-ethylnaphthidate-1-oz\/#breadcrumb","itemListElement":[{"@type":"ListItem","position":1,"name":"Home","item":"https:\/\/trustwhite.com\/el\/"},{"@type":"ListItem","position":2,"name":"Shop","item":"https:\/\/trustwhite.com\/el\/shop\/"},{"@type":"ListItem","position":3,"name":"Buy hdep-28 Novel Ethylnaphthidate 1 oz"}]},{"@type":"WebSite","@id":"https:\/\/trustwhite.com\/el\/#website","url":"https:\/\/trustwhite.com\/el\/","name":"stonersmeds.com","description":"m\u00e9dicaments \u00e0 usage unique en vente","potentialAction":[{"@type":"SearchAction","target":{"@type":"EntryPoint","urlTemplate":"https:\/\/trustwhite.com\/el\/?s={search_term_string}"},"query-input":{"@type":"PropertyValueSpecification","valueRequired":true,"valueName":"search_term_string"}}],"inLanguage":"fr-FR"}]}},"_links":{"self":[{"href":"https:\/\/trustwhite.com\/fr\/wp-json\/wp\/v2\/product\/10477","targetHints":{"allow":["GET"]}}],"collection":[{"href":"https:\/\/trustwhite.com\/fr\/wp-json\/wp\/v2\/product"}],"about":[{"href":"https:\/\/trustwhite.com\/fr\/wp-json\/wp\/v2\/types\/product"}],"version-history":[{"count":0,"href":"https:\/\/trustwhite.com\/fr\/wp-json\/wp\/v2\/product\/10477\/revisions"}],"wp:featuredmedia":[{"embeddable":true,"href":"https:\/\/trustwhite.com\/fr\/wp-json\/wp\/v2\/media\/10496"}],"wp:attachment":[{"href":"https:\/\/trustwhite.com\/fr\/wp-json\/wp\/v2\/media?parent=10477"}],"wp:term":[{"taxonomy":"product_brand","embeddable":true,"href":"https:\/\/trustwhite.com\/fr\/wp-json\/wp\/v2\/product_brand?post=10477"},{"taxonomy":"product_cat","embeddable":true,"href":"https:\/\/trustwhite.com\/fr\/wp-json\/wp\/v2\/product_cat?post=10477"},{"taxonomy":"product_tag","embeddable":true,"href":"https:\/\/trustwhite.com\/fr\/wp-json\/wp\/v2\/product_tag?post=10477"}],"curies":[{"name":"wp","href":"https:\/\/api.w.org\/{rel}","templated":true}]}}