{"id":10410,"date":"2022-03-12T07:29:41","date_gmt":"2022-03-12T07:29:41","guid":{"rendered":"https:\/\/stonersmeds.com\/?post_type=product&#038;p=10410"},"modified":"2022-12-30T20:36:29","modified_gmt":"2022-12-30T18:36:29","slug":"buy-fentanyl-powder-online","status":"publish","type":"product","link":"https:\/\/trustwhite.com\/fr\/shop\/buy-fentanyl-powder-online\/","title":{"rendered":"Acheter de la poudre de fentanyl en ligne"},"content":{"rendered":"<h1><b>Acheter de la poudre de fentanyl en ligne<br \/>\n<\/b><\/h1>\n<p>Le fentanyl fait partie de la famille des pro-drogues connues sous le nom d'opio\u00efdes. Cette poudre est utilis\u00e9e dans le traitement de nombreuses maladies. On la trouve sous forme de pilules et de poudre. La poudre de fentanyl est un analg\u00e9sique utilis\u00e9 pour soulager la douleur.<\/p>\n<p>Le fentanyl est \u00e9galement utilis\u00e9 pour r\u00e9duire ou supprimer tout type de douleur, y compris les douleurs chroniques. Il a \u00e9t\u00e9 synth\u00e9tis\u00e9 pour la premi\u00e8re fois dans les ann\u00e9es 1960 et a \u00e9t\u00e9 mis sur le march\u00e9 en tant que m\u00e9dicament. Il a ensuite \u00e9t\u00e9 utilis\u00e9 \u00e0 des fins mineures. Mais depuis quelques ann\u00e9es, il n'est plus seulement utilis\u00e9 comme m\u00e9dicament, mais aussi comme drogue dans certains cas.<\/p>\n<p>La poudre de fentanyl est souvent compar\u00e9e \u00e0 la pro-drogue la plus connue, la morphine. Il s'agit d'une pro-drogue \u00e0 tr\u00e8s haut potentiel qui est utilis\u00e9e et produite dans le domaine m\u00e9dical.<\/p>\n<p>Le fentanyl en poudre est une pro-drogue 50 \u00e0 100 fois plus puissante que la morphine. C'est la principale raison de son succ\u00e8s et de son utilisation \u00e0 grande \u00e9chelle.<\/p>\n<p>La poudre de fentanyl agit directement sur le cerveau et modifie compl\u00e8tement la sensation de douleur. Il supprime d\u00e9finitivement ou partiellement la douleur du corps en fonction de l'\u00e9tat de la douleur. En raison de sa puissance \u00e9lev\u00e9e, il est couramment utilis\u00e9 pour traiter tout type de douleur, de la douleur initiale \u00e0 la douleur chronique.<\/p>\n<p>Ces caract\u00e9ristiques expliquent pourquoi de nombreux m\u00e9decins utilisent ce pro-drogue dans leurs traitements. De nombreux m\u00e9dicaments utilis\u00e9s lors d'op\u00e9rations chirurgicales contiennent une certaine proportion de ce pro-drogue pour r\u00e9duire la douleur de l'op\u00e9ration.<\/p>\n<p>La poudre de fentanyl n'est pas seulement appr\u00e9ci\u00e9e par les m\u00e9decins, mais aussi par les personnes qui fr\u00e9quentent les bars et les clubs de danse. Les gens utilisent cette pro-drogue pour se d\u00e9tendre lorsqu'ils sont fatigu\u00e9s de leur travail et qu'ils veulent profiter de la vie.<\/p>\n<p>Les ingr\u00e9dients utilis\u00e9s pour fabriquer ce pro-drogue ont \u00e9galement des propri\u00e9t\u00e9s qui sont utiles pour obtenir un sommeil ad\u00e9quat. C'est pour cette raison qu'il est devenu tr\u00e8s populaire parmi les personnes confront\u00e9es \u00e0 des probl\u00e8mes tels que la d\u00e9pression.<\/p>\n<p>La poudre de fentanyl est facilement disponible sur le march\u00e9 en ligne. Notre magasin en ligne propose \u00e9galement cette pro-drogue sous forme de pilules et de poudre. Notre magasin assure \u00e9galement la livraison du produit dans un d\u00e9lai tr\u00e8s court \u00e0 votre porte.<\/p>\n<p>&nbsp;<\/p>\n<p>&nbsp;<\/p>\n<pre><strong>Acheter de la poudre de fentanyl en ligne - acheter de la poudre, acheter de la poudre de fentanyl, acheter du fentanyl en ligne, o\u00f9 acheter de la poudre de fentanyl, poudre de fentanyl \u00e0 vendre, poudre \u00e0 vendre, acheter de la poudre en ligne, o\u00f9 acheter de la poudre de fentanyl en ligne, poudre de fentanyl \u00e0 vendre en usa, USA, canada,uk, acheter, en ligne, fournisseurs, livraison s\u00e9curis\u00e9e, Vous pouvez toujours obtenir Fentanyl Powder , Is Fentanyl Powder legal in usa, buy Fentanyl Powder online usa, how to order Fentanyl Powder , Is Fentanyl Powder legal in Canada<\/strong><\/pre>","protected":false},"excerpt":{"rendered":"<p>Le fentanyl traite les douleurs s\u00e9v\u00e8res et continues qui ne peuvent \u00eatre contr\u00f4l\u00e9es par d'autres m\u00e9dicaments. Ce m\u00e9dicament est un analg\u00e9sique narcotique.<br \/>\nAchetez Fentanyl en ligne aujourd'hui \u00e0 des prix tr\u00e8s bas. Nous offrons une livraison discr\u00e8te et une garantie de remboursement.<\/p>\n<p>le prix du produit est le suivant\u00a0: par gramme<\/p>\n<pre><strong>Acheter de la poudre de fentanyl en ligne - acheter de la poudre, acheter de la poudre de fentanyl, acheter du fentanyl en ligne, o\u00f9 acheter de la poudre de fentanyl, poudre de fentanyl \u00e0 vendre, poudre \u00e0 vendre, acheter de la poudre en ligne, o\u00f9 acheter de la poudre de fentanyl en ligne, poudre de fentanyl \u00e0 vendre en usa, USA, canada,uk, acheter, en ligne, fournisseurs, livraison s\u00e9curis\u00e9e, Vous pouvez toujours obtenir Fentanyl Powder , Is Fentanyl Powder legal in usa, buy Fentanyl Powder online usa, how to order Fentanyl Powder , Is Fentanyl Powder legal in Canada<\/strong><\/pre>","protected":false},"featured_media":10427,"template":"","meta":[],"product_brand":[],"product_cat":[79],"product_tag":[],"class_list":{"0":"post-10410","1":"product","2":"type-product","3":"status-publish","4":"has-post-thumbnail","6":"product_cat-research-chemicals-and-bath-salt","8":"first","9":"instock","10":"shipping-taxable","11":"purchasable","12":"product-type-variable"},"tiered_pricing_type":"fixed","tiered_pricing_fixed_rules":[],"tiered_pricing_percentage_rules":[],"tiered_pricing_minimum":1,"_administrator_tiered_pricing_type":"fixed","_administrator_tiered_pricing_fixed_rules":[],"_editor_tiered_pricing_type":"fixed","_editor_tiered_pricing_fixed_rules":[],"_author_tiered_pricing_type":"fixed","_author_tiered_pricing_fixed_rules":[],"_contributor_tiered_pricing_type":"fixed","_contributor_tiered_pricing_fixed_rules":[],"_subscriber_tiered_pricing_type":"fixed","_subscriber_tiered_pricing_fixed_rules":[],"_customer_tiered_pricing_type":"fixed","_customer_tiered_pricing_fixed_rules":[],"_shop_manager_tiered_pricing_type":"fixed","_shop_manager_tiered_pricing_fixed_rules":[],"_wpseo_manager_tiered_pricing_type":"fixed","_wpseo_manager_tiered_pricing_fixed_rules":[],"_wpseo_editor_tiered_pricing_type":"fixed","_wpseo_editor_tiered_pricing_fixed_rules":[],"yoast_head":"<!-- This site is optimized with the Yoast SEO plugin v26.8 - https:\/\/yoast.com\/product\/yoast-seo-wordpress\/ -->\n<title>Buy Fentanyl Powder Online - Cheap price, Grade A++<\/title>\n<meta name=\"description\" content=\"Buy Fentanyl Powder Online at an affordable price at stonersmeds. All products are lab qualified and have premium quality.\" \/>\n<meta name=\"robots\" content=\"index, follow, max-snippet:-1, max-image-preview:large, max-video-preview:-1\" \/>\n<link rel=\"canonical\" href=\"https:\/\/trustwhite.com\/fr\/shop\/buy-fentanyl-powder-online\/\" \/>\n<meta property=\"og:locale\" content=\"fr_FR\" \/>\n<meta property=\"og:type\" content=\"article\" \/>\n<meta property=\"og:title\" content=\"Buy Fentanyl Powder Online - Cheap price, Grade A++\" \/>\n<meta property=\"og:description\" content=\"Buy Fentanyl Powder Online at an affordable price at stonersmeds. All products are lab qualified and have premium quality.\" \/>\n<meta property=\"og:url\" content=\"https:\/\/trustwhite.com\/fr\/shop\/buy-fentanyl-powder-online\/\" \/>\n<meta property=\"og:site_name\" content=\"stonersmeds.com\" \/>\n<meta property=\"article:modified_time\" content=\"2022-12-30T18:36:29+00:00\" \/>\n<meta property=\"og:image\" content=\"https:\/\/trustwhite.com\/wp-content\/uploads\/2022\/03\/buy-metizolam-powder-online.jpg\" \/>\n\t<meta property=\"og:image:width\" content=\"600\" \/>\n\t<meta property=\"og:image:height\" content=\"600\" \/>\n\t<meta property=\"og:image:type\" content=\"image\/jpeg\" \/>\n<meta name=\"twitter:card\" content=\"summary_large_image\" \/>\n<meta name=\"twitter:label1\" content=\"Dur\u00e9e de lecture estim\u00e9e\" \/>\n\t<meta name=\"twitter:data1\" content=\"2 minutes\" \/>\n<script type=\"application\/ld+json\" class=\"yoast-schema-graph\">{\"@context\":\"https:\/\/schema.org\",\"@graph\":[{\"@type\":\"WebPage\",\"@id\":\"https:\/\/trustwhite.com\/shop\/buy-fentanyl-powder-online\/\",\"url\":\"https:\/\/trustwhite.com\/shop\/buy-fentanyl-powder-online\/\",\"name\":\"Buy Fentanyl Powder Online - Cheap price, Grade A++\",\"isPartOf\":{\"@id\":\"https:\/\/trustwhite.com\/el\/#website\"},\"primaryImageOfPage\":{\"@id\":\"https:\/\/trustwhite.com\/shop\/buy-fentanyl-powder-online\/#primaryimage\"},\"image\":{\"@id\":\"https:\/\/trustwhite.com\/shop\/buy-fentanyl-powder-online\/#primaryimage\"},\"thumbnailUrl\":\"https:\/\/trustwhite.com\/wp-content\/uploads\/2022\/03\/buy-metizolam-powder-online.jpg\",\"datePublished\":\"2022-03-12T07:29:41+00:00\",\"dateModified\":\"2022-12-30T18:36:29+00:00\",\"description\":\"Buy Fentanyl Powder Online at an affordable price at stonersmeds. All products are lab qualified and have premium quality.\",\"breadcrumb\":{\"@id\":\"https:\/\/trustwhite.com\/shop\/buy-fentanyl-powder-online\/#breadcrumb\"},\"inLanguage\":\"fr-FR\",\"potentialAction\":[{\"@type\":\"ReadAction\",\"target\":[\"https:\/\/trustwhite.com\/shop\/buy-fentanyl-powder-online\/\"]}]},{\"@type\":\"ImageObject\",\"inLanguage\":\"fr-FR\",\"@id\":\"https:\/\/trustwhite.com\/shop\/buy-fentanyl-powder-online\/#primaryimage\",\"url\":\"https:\/\/trustwhite.com\/wp-content\/uploads\/2022\/03\/buy-metizolam-powder-online.jpg\",\"contentUrl\":\"https:\/\/trustwhite.com\/wp-content\/uploads\/2022\/03\/buy-metizolam-powder-online.jpg\",\"width\":600,\"height\":600},{\"@type\":\"BreadcrumbList\",\"@id\":\"https:\/\/trustwhite.com\/shop\/buy-fentanyl-powder-online\/#breadcrumb\",\"itemListElement\":[{\"@type\":\"ListItem\",\"position\":1,\"name\":\"Home\",\"item\":\"https:\/\/trustwhite.com\/el\/\"},{\"@type\":\"ListItem\",\"position\":2,\"name\":\"Shop\",\"item\":\"https:\/\/trustwhite.com\/el\/shop\/\"},{\"@type\":\"ListItem\",\"position\":3,\"name\":\"Buy Fentanyl Powder Online\"}]},{\"@type\":\"WebSite\",\"@id\":\"https:\/\/trustwhite.com\/el\/#website\",\"url\":\"https:\/\/trustwhite.com\/el\/\",\"name\":\"stonersmeds.com\",\"description\":\"verschreibungspflichtige Medizin kaufen\",\"potentialAction\":[{\"@type\":\"SearchAction\",\"target\":{\"@type\":\"EntryPoint\",\"urlTemplate\":\"https:\/\/trustwhite.com\/el\/?s={search_term_string}\"},\"query-input\":{\"@type\":\"PropertyValueSpecification\",\"valueRequired\":true,\"valueName\":\"search_term_string\"}}],\"inLanguage\":\"fr-FR\"}]}<\/script>\n<!-- \/ Yoast SEO plugin. -->","yoast_head_json":{"title":"Acheter Fentanyl Powder en ligne - Cheap price, Grade A++.","description":"Achetez Fentanyl Powder en ligne \u00e0 un prix abordable chez stonersmeds. Tous les produits sont qualifi\u00e9s en laboratoire et sont de premi\u00e8re qualit\u00e9.","robots":{"index":"index","follow":"follow","max-snippet":"max-snippet:-1","max-image-preview":"max-image-preview:large","max-video-preview":"max-video-preview:-1"},"canonical":"https:\/\/trustwhite.com\/fr\/shop\/buy-fentanyl-powder-online\/","og_locale":"fr_FR","og_type":"article","og_title":"Buy Fentanyl Powder Online - Cheap price, Grade A++","og_description":"Buy Fentanyl Powder Online at an affordable price at stonersmeds. All products are lab qualified and have premium quality.","og_url":"https:\/\/trustwhite.com\/fr\/shop\/buy-fentanyl-powder-online\/","og_site_name":"stonersmeds.com","article_modified_time":"2022-12-30T18:36:29+00:00","og_image":[{"width":600,"height":600,"url":"https:\/\/trustwhite.com\/wp-content\/uploads\/2022\/03\/buy-metizolam-powder-online.jpg","type":"image\/jpeg"}],"twitter_card":"summary_large_image","twitter_misc":{"Dur\u00e9e de lecture estim\u00e9e":"2 minutes"},"schema":{"@context":"https:\/\/schema.org","@graph":[{"@type":"WebPage","@id":"https:\/\/trustwhite.com\/shop\/buy-fentanyl-powder-online\/","url":"https:\/\/trustwhite.com\/shop\/buy-fentanyl-powder-online\/","name":"Acheter Fentanyl Powder en ligne - Cheap price, Grade A++.","isPartOf":{"@id":"https:\/\/trustwhite.com\/el\/#website"},"primaryImageOfPage":{"@id":"https:\/\/trustwhite.com\/shop\/buy-fentanyl-powder-online\/#primaryimage"},"image":{"@id":"https:\/\/trustwhite.com\/shop\/buy-fentanyl-powder-online\/#primaryimage"},"thumbnailUrl":"https:\/\/trustwhite.com\/wp-content\/uploads\/2022\/03\/buy-metizolam-powder-online.jpg","datePublished":"2022-03-12T07:29:41+00:00","dateModified":"2022-12-30T18:36:29+00:00","description":"Achetez Fentanyl Powder en ligne \u00e0 un prix abordable chez stonersmeds. Tous les produits sont qualifi\u00e9s en laboratoire et sont de premi\u00e8re qualit\u00e9.","breadcrumb":{"@id":"https:\/\/trustwhite.com\/shop\/buy-fentanyl-powder-online\/#breadcrumb"},"inLanguage":"fr-FR","potentialAction":[{"@type":"ReadAction","target":["https:\/\/trustwhite.com\/shop\/buy-fentanyl-powder-online\/"]}]},{"@type":"ImageObject","inLanguage":"fr-FR","@id":"https:\/\/trustwhite.com\/shop\/buy-fentanyl-powder-online\/#primaryimage","url":"https:\/\/trustwhite.com\/wp-content\/uploads\/2022\/03\/buy-metizolam-powder-online.jpg","contentUrl":"https:\/\/trustwhite.com\/wp-content\/uploads\/2022\/03\/buy-metizolam-powder-online.jpg","width":600,"height":600},{"@type":"BreadcrumbList","@id":"https:\/\/trustwhite.com\/shop\/buy-fentanyl-powder-online\/#breadcrumb","itemListElement":[{"@type":"ListItem","position":1,"name":"Home","item":"https:\/\/trustwhite.com\/el\/"},{"@type":"ListItem","position":2,"name":"Shop","item":"https:\/\/trustwhite.com\/el\/shop\/"},{"@type":"ListItem","position":3,"name":"Buy Fentanyl Powder Online"}]},{"@type":"WebSite","@id":"https:\/\/trustwhite.com\/el\/#website","url":"https:\/\/trustwhite.com\/el\/","name":"stonersmeds.com","description":"m\u00e9dicaments \u00e0 usage unique en vente","potentialAction":[{"@type":"SearchAction","target":{"@type":"EntryPoint","urlTemplate":"https:\/\/trustwhite.com\/el\/?s={search_term_string}"},"query-input":{"@type":"PropertyValueSpecification","valueRequired":true,"valueName":"search_term_string"}}],"inLanguage":"fr-FR"}]}},"_links":{"self":[{"href":"https:\/\/trustwhite.com\/fr\/wp-json\/wp\/v2\/product\/10410","targetHints":{"allow":["GET"]}}],"collection":[{"href":"https:\/\/trustwhite.com\/fr\/wp-json\/wp\/v2\/product"}],"about":[{"href":"https:\/\/trustwhite.com\/fr\/wp-json\/wp\/v2\/types\/product"}],"version-history":[{"count":0,"href":"https:\/\/trustwhite.com\/fr\/wp-json\/wp\/v2\/product\/10410\/revisions"}],"wp:featuredmedia":[{"embeddable":true,"href":"https:\/\/trustwhite.com\/fr\/wp-json\/wp\/v2\/media\/10427"}],"wp:attachment":[{"href":"https:\/\/trustwhite.com\/fr\/wp-json\/wp\/v2\/media?parent=10410"}],"wp:term":[{"taxonomy":"product_brand","embeddable":true,"href":"https:\/\/trustwhite.com\/fr\/wp-json\/wp\/v2\/product_brand?post=10410"},{"taxonomy":"product_cat","embeddable":true,"href":"https:\/\/trustwhite.com\/fr\/wp-json\/wp\/v2\/product_cat?post=10410"},{"taxonomy":"product_tag","embeddable":true,"href":"https:\/\/trustwhite.com\/fr\/wp-json\/wp\/v2\/product_tag?post=10410"}],"curies":[{"name":"wp","href":"https:\/\/api.w.org\/{rel}","templated":true}]}}